{"id":52810,"date":"2026-04-12T09:47:20","date_gmt":"2026-04-12T07:47:20","guid":{"rendered":"https:\/\/dev6.erresse-shop.it\/shop\/unkategorisiert\/illy-6-packungen-mit-10-kompatible-kapseln-nespresso-klassischer-toast\/"},"modified":"2025-09-14T01:16:48","modified_gmt":"2025-09-13T23:16:48","slug":"illy-6-packungen-mit-10-kompatible-kapseln-nespresso-klassischer-toast","status":"publish","type":"product","link":"https:\/\/dev6.erresse-shop.it\/de\/shop\/kaffe\/kaffeepads-und-kapseln\/illy-6-packungen-mit-10-kompatible-kapseln-nespresso-klassischer-toast\/","title":{"rendered":"ILLY 6 Packungen mit 10 Kompatible Kapseln Nespresso\u00ae klassischer Toast"},"content":{"rendered":"<p>Packung mit 18 Kapseln, insgesamt 216 Kapseln (12 Packungen).<\/p>\n<p>*mit Nespresso\u00ae-Kaffeemaschinen** Original.<br \/>\n**Drittmarke ohne Verbindung zu illycaff\u00e8 S.p.A.<\/p>\n<p>AROMATISCHE MERKMALE<br \/>\nDer klassische R\u00f6stkaffee hat einen weichen und samtigen Geschmack. Er zeichnet sich durch ein perfektes Gleichgewicht von S\u00e4ure und Bitterkeit mit Noten von Karamell, Orangenbl\u00fcten, Jasmin und einem s\u00fc\u00dfen Nachgeschmack aus. Um ihn optimal genie\u00dfen zu k\u00f6nnen, empfehlen wir f\u00fcr die Espresso-Variante ein Tassenvolumen zwischen 25 und 40 ml.<\/p>\n","protected":false},"excerpt":{"rendered":"<p>Packung mit 18 Kapseln, insgesamt 216 Kapseln (12 Packungen). *mit Nespresso\u00ae-Kaffeemaschinen** Original. **Drittmarke ohne Verbindung zu illycaff\u00e8 S.p.A. AROMATISCHE MERKMALE Der klassische R\u00f6stkaffee hat einen weichen und samtigen Geschmack. Er zeichnet sich durch ein perfektes Gleichgewicht von S\u00e4ure und Bitterkeit mit Noten von Karamell, Orangenbl\u00fcten, Jasmin und einem s\u00fc\u00dfen Nachgeschmack aus. Um ihn optimal genie\u00dfen [&hellip;]<\/p>\n","protected":false},"featured_media":6363086,"template":"","meta":{"_acf_changed":false},"product_cat":[12147],"product_tag":[],"class_list":{"0":"post-52810","1":"product","2":"type-product","3":"status-publish","4":"has-post-thumbnail","6":"product_cat-kaffeepads-und-kapseln","8":"first","9":"instock","10":"taxable","11":"shipping-taxable","12":"purchasable","13":"product-type-simple","swatches":"rey-swatches","show_selected":"","stretch_labels":"rey-swatches--stretch-labels"},"acf":[],"yoast_head":"<!-- This site is optimized with the Yoast SEO plugin v25.4 - https:\/\/yoast.com\/wordpress\/plugins\/seo\/ -->\n<title>ILLY 6 Packungen mit 10 Kompatible Kapseln Nespresso\u00ae klassischer Toast - dev6 Erresse<\/title>\n<meta name=\"description\" content=\"Packung mit 18 Kapseln, insgesamt 216 Kapseln (12 Packungen). *mit Nespresso\u00ae-Kaffeemaschinen** Original. **Drittmarke ohne Verbindung zu illycaff\u00e8 S.p.A.\" \/>\n<meta name=\"robots\" content=\"noindex, follow, max-snippet:-1, max-image-preview:large, max-video-preview:-1\" \/>\n<meta property=\"og:locale\" content=\"de_DE\" \/>\n<meta property=\"og:type\" content=\"article\" \/>\n<meta property=\"og:title\" content=\"ILLY 6 Packungen mit 10 Kompatible Kapseln Nespresso\u00ae klassischer Toast - dev6 Erresse\" \/>\n<meta property=\"og:description\" content=\"Packung mit 18 Kapseln, insgesamt 216 Kapseln (12 Packungen). *mit Nespresso\u00ae-Kaffeemaschinen** Original. **Drittmarke ohne Verbindung zu illycaff\u00e8 S.p.A.\" \/>\n<meta property=\"og:url\" content=\"https:\/\/dev6.erresse-shop.it\/de\/shop\/kaffe\/kaffeepads-und-kapseln\/illy-6-packungen-mit-10-kompatible-kapseln-nespresso-klassischer-toast\/\" \/>\n<meta property=\"og:site_name\" content=\"dev6 Erresse\" \/>\n<meta property=\"og:image\" content=\"https:\/\/interpim.erresse-shop.it\/Import\/Prodotti\/illy-6-confezioni-da-10-capsule-compatibili-espresso-classico.jpg\" \/><meta property=\"og:image\" content=\"https:\/\/interpim.erresse-shop.it\/Import\/Prodotti\/illy-6-confezioni-da-10-capsule-compatibili-espresso-classico.jpg\" \/>\n\t<meta property=\"og:image:width\" content=\"1024\" \/>\n\t<meta property=\"og:image:height\" content=\"1024\" \/>\n\t<meta property=\"og:image:type\" content=\"image\/jpeg\" \/>\n<meta name=\"twitter:card\" content=\"summary_large_image\" \/>\n<meta name=\"twitter:image\" content=\"https:\/\/interpim.erresse-shop.it\/Import\/Prodotti\/illy-6-confezioni-da-10-capsule-compatibili-espresso-classico.jpg\" \/>\n<script type=\"application\/ld+json\" class=\"yoast-schema-graph\">{\"@context\":\"https:\/\/schema.org\",\"@graph\":[{\"@type\":\"WebPage\",\"@id\":\"https:\/\/dev6.erresse-shop.it\/de\/shop\/kaffe\/kaffeepads-und-kapseln\/illy-6-packungen-mit-10-kompatible-kapseln-nespresso-klassischer-toast\/\",\"url\":\"https:\/\/dev6.erresse-shop.it\/de\/shop\/kaffe\/kaffeepads-und-kapseln\/illy-6-packungen-mit-10-kompatible-kapseln-nespresso-klassischer-toast\/\",\"name\":\"ILLY 6 Packungen mit 10 Kompatible Kapseln Nespresso\u00ae klassischer Toast - dev6 Erresse\",\"isPartOf\":{\"@id\":\"https:\/\/dev6.erresse-shop.it\/#website\"},\"primaryImageOfPage\":{\"@id\":\"https:\/\/dev6.erresse-shop.it\/de\/shop\/kaffe\/kaffeepads-und-kapseln\/illy-6-packungen-mit-10-kompatible-kapseln-nespresso-klassischer-toast\/#primaryimage\"},\"image\":{\"@id\":\"https:\/\/dev6.erresse-shop.it\/de\/shop\/kaffe\/kaffeepads-und-kapseln\/illy-6-packungen-mit-10-kompatible-kapseln-nespresso-klassischer-toast\/#primaryimage\"},\"thumbnailUrl\":\"https:\/\/i1.wp.com\/interpim.erresse-shop.it\/Import\/Prodotti\/illy-6-confezioni-da-10-capsule-compatibili-espresso-classico.jpg?ssl=1\",\"datePublished\":\"2026-04-12T07:47:20+00:00\",\"description\":\"Packung mit 18 Kapseln, insgesamt 216 Kapseln (12 Packungen). *mit Nespresso\u00ae-Kaffeemaschinen** Original. **Drittmarke ohne Verbindung zu illycaff\u00e8 S.p.A.\",\"breadcrumb\":{\"@id\":\"https:\/\/dev6.erresse-shop.it\/de\/shop\/kaffe\/kaffeepads-und-kapseln\/illy-6-packungen-mit-10-kompatible-kapseln-nespresso-klassischer-toast\/#breadcrumb\"},\"inLanguage\":\"de\",\"potentialAction\":[{\"@type\":\"ReadAction\",\"target\":[\"https:\/\/dev6.erresse-shop.it\/de\/shop\/kaffe\/kaffeepads-und-kapseln\/illy-6-packungen-mit-10-kompatible-kapseln-nespresso-klassischer-toast\/\"]}]},{\"@type\":\"ImageObject\",\"inLanguage\":\"de\",\"@id\":\"https:\/\/dev6.erresse-shop.it\/de\/shop\/kaffe\/kaffeepads-und-kapseln\/illy-6-packungen-mit-10-kompatible-kapseln-nespresso-klassischer-toast\/#primaryimage\",\"url\":\"https:\/\/i1.wp.com\/interpim.erresse-shop.it\/Import\/Prodotti\/illy-6-confezioni-da-10-capsule-compatibili-espresso-classico.jpg?ssl=1\",\"contentUrl\":\"https:\/\/i1.wp.com\/interpim.erresse-shop.it\/Import\/Prodotti\/illy-6-confezioni-da-10-capsule-compatibili-espresso-classico.jpg?ssl=1\"},{\"@type\":\"BreadcrumbList\",\"@id\":\"https:\/\/dev6.erresse-shop.it\/de\/shop\/kaffe\/kaffeepads-und-kapseln\/illy-6-packungen-mit-10-kompatible-kapseln-nespresso-klassischer-toast\/#breadcrumb\",\"itemListElement\":[{\"@type\":\"ListItem\",\"position\":1,\"name\":\"Home\",\"item\":\"https:\/\/dev6.erresse-shop.it\/\"},{\"@type\":\"ListItem\",\"position\":2,\"name\":\"Shop\",\"item\":\"https:\/\/dev6.erresse-shop.it\/shop\/\"},{\"@type\":\"ListItem\",\"position\":3,\"name\":\"ILLY 6 Packungen mit 10 Kompatible Kapseln Nespresso\u00ae klassischer Toast\"}]},{\"@type\":\"WebSite\",\"@id\":\"https:\/\/dev6.erresse-shop.it\/#website\",\"url\":\"https:\/\/dev6.erresse-shop.it\/\",\"name\":\"Erresse Shop\",\"description\":\"\",\"publisher\":{\"@id\":\"https:\/\/dev6.erresse-shop.it\/#organization\"},\"potentialAction\":[{\"@type\":\"SearchAction\",\"target\":{\"@type\":\"EntryPoint\",\"urlTemplate\":\"https:\/\/dev6.erresse-shop.it\/?s={search_term_string}\"},\"query-input\":{\"@type\":\"PropertyValueSpecification\",\"valueRequired\":true,\"valueName\":\"search_term_string\"}}],\"inLanguage\":\"de\"},{\"@type\":\"Organization\",\"@id\":\"https:\/\/dev6.erresse-shop.it\/#organization\",\"name\":\"Erresse Shop\",\"url\":\"https:\/\/dev6.erresse-shop.it\/\",\"logo\":{\"@type\":\"ImageObject\",\"inLanguage\":\"de\",\"@id\":\"https:\/\/dev6.erresse-shop.it\/#\/schema\/logo\/image\/\",\"url\":\"https:\/\/dev6.erresse-shop.it\/wp-content\/uploads\/2025\/01\/LOGO-ERRESSE-CLASSICO.svg\",\"contentUrl\":\"https:\/\/dev6.erresse-shop.it\/wp-content\/uploads\/2025\/01\/LOGO-ERRESSE-CLASSICO.svg\",\"caption\":\"Erresse Shop\"},\"image\":{\"@id\":\"https:\/\/dev6.erresse-shop.it\/#\/schema\/logo\/image\/\"}}]}<\/script>\n<!-- \/ Yoast SEO plugin. -->","yoast_head_json":{"title":"ILLY 6 Packungen mit 10 Kompatible Kapseln Nespresso\u00ae klassischer Toast - dev6 Erresse","description":"Packung mit 18 Kapseln, insgesamt 216 Kapseln (12 Packungen). *mit Nespresso\u00ae-Kaffeemaschinen** Original. **Drittmarke ohne Verbindung zu illycaff\u00e8 S.p.A.","robots":{"index":"noindex","follow":"follow","max-snippet":"max-snippet:-1","max-image-preview":"max-image-preview:large","max-video-preview":"max-video-preview:-1"},"og_locale":"de_DE","og_type":"article","og_title":"ILLY 6 Packungen mit 10 Kompatible Kapseln Nespresso\u00ae klassischer Toast - dev6 Erresse","og_description":"Packung mit 18 Kapseln, insgesamt 216 Kapseln (12 Packungen). *mit Nespresso\u00ae-Kaffeemaschinen** Original. **Drittmarke ohne Verbindung zu illycaff\u00e8 S.p.A.","og_url":"https:\/\/dev6.erresse-shop.it\/de\/shop\/kaffe\/kaffeepads-und-kapseln\/illy-6-packungen-mit-10-kompatible-kapseln-nespresso-klassischer-toast\/","og_site_name":"dev6 Erresse","og_image":[{"url":"https:\/\/interpim.erresse-shop.it\/Import\/Prodotti\/illy-6-confezioni-da-10-capsule-compatibili-espresso-classico.jpg","type":"","width":"","height":""},{"url":"https:\/\/interpim.erresse-shop.it\/Import\/Prodotti\/illy-6-confezioni-da-10-capsule-compatibili-espresso-classico.jpg","width":1024,"height":1024,"type":"image\/jpeg"}],"twitter_card":"summary_large_image","twitter_image":"https:\/\/interpim.erresse-shop.it\/Import\/Prodotti\/illy-6-confezioni-da-10-capsule-compatibili-espresso-classico.jpg","schema":{"@context":"https:\/\/schema.org","@graph":[{"@type":"WebPage","@id":"https:\/\/dev6.erresse-shop.it\/de\/shop\/kaffe\/kaffeepads-und-kapseln\/illy-6-packungen-mit-10-kompatible-kapseln-nespresso-klassischer-toast\/","url":"https:\/\/dev6.erresse-shop.it\/de\/shop\/kaffe\/kaffeepads-und-kapseln\/illy-6-packungen-mit-10-kompatible-kapseln-nespresso-klassischer-toast\/","name":"ILLY 6 Packungen mit 10 Kompatible Kapseln Nespresso\u00ae klassischer Toast - dev6 Erresse","isPartOf":{"@id":"https:\/\/dev6.erresse-shop.it\/#website"},"primaryImageOfPage":{"@id":"https:\/\/dev6.erresse-shop.it\/de\/shop\/kaffe\/kaffeepads-und-kapseln\/illy-6-packungen-mit-10-kompatible-kapseln-nespresso-klassischer-toast\/#primaryimage"},"image":{"@id":"https:\/\/dev6.erresse-shop.it\/de\/shop\/kaffe\/kaffeepads-und-kapseln\/illy-6-packungen-mit-10-kompatible-kapseln-nespresso-klassischer-toast\/#primaryimage"},"thumbnailUrl":"https:\/\/i1.wp.com\/interpim.erresse-shop.it\/Import\/Prodotti\/illy-6-confezioni-da-10-capsule-compatibili-espresso-classico.jpg?ssl=1","datePublished":"2026-04-12T07:47:20+00:00","description":"Packung mit 18 Kapseln, insgesamt 216 Kapseln (12 Packungen). *mit Nespresso\u00ae-Kaffeemaschinen** Original. **Drittmarke ohne Verbindung zu illycaff\u00e8 S.p.A.","breadcrumb":{"@id":"https:\/\/dev6.erresse-shop.it\/de\/shop\/kaffe\/kaffeepads-und-kapseln\/illy-6-packungen-mit-10-kompatible-kapseln-nespresso-klassischer-toast\/#breadcrumb"},"inLanguage":"de","potentialAction":[{"@type":"ReadAction","target":["https:\/\/dev6.erresse-shop.it\/de\/shop\/kaffe\/kaffeepads-und-kapseln\/illy-6-packungen-mit-10-kompatible-kapseln-nespresso-klassischer-toast\/"]}]},{"@type":"ImageObject","inLanguage":"de","@id":"https:\/\/dev6.erresse-shop.it\/de\/shop\/kaffe\/kaffeepads-und-kapseln\/illy-6-packungen-mit-10-kompatible-kapseln-nespresso-klassischer-toast\/#primaryimage","url":"https:\/\/i1.wp.com\/interpim.erresse-shop.it\/Import\/Prodotti\/illy-6-confezioni-da-10-capsule-compatibili-espresso-classico.jpg?ssl=1","contentUrl":"https:\/\/i1.wp.com\/interpim.erresse-shop.it\/Import\/Prodotti\/illy-6-confezioni-da-10-capsule-compatibili-espresso-classico.jpg?ssl=1"},{"@type":"BreadcrumbList","@id":"https:\/\/dev6.erresse-shop.it\/de\/shop\/kaffe\/kaffeepads-und-kapseln\/illy-6-packungen-mit-10-kompatible-kapseln-nespresso-klassischer-toast\/#breadcrumb","itemListElement":[{"@type":"ListItem","position":1,"name":"Home","item":"https:\/\/dev6.erresse-shop.it\/"},{"@type":"ListItem","position":2,"name":"Shop","item":"https:\/\/dev6.erresse-shop.it\/shop\/"},{"@type":"ListItem","position":3,"name":"ILLY 6 Packungen mit 10 Kompatible Kapseln Nespresso\u00ae klassischer Toast"}]},{"@type":"WebSite","@id":"https:\/\/dev6.erresse-shop.it\/#website","url":"https:\/\/dev6.erresse-shop.it\/","name":"Erresse Shop","description":"","publisher":{"@id":"https:\/\/dev6.erresse-shop.it\/#organization"},"potentialAction":[{"@type":"SearchAction","target":{"@type":"EntryPoint","urlTemplate":"https:\/\/dev6.erresse-shop.it\/?s={search_term_string}"},"query-input":{"@type":"PropertyValueSpecification","valueRequired":true,"valueName":"search_term_string"}}],"inLanguage":"de"},{"@type":"Organization","@id":"https:\/\/dev6.erresse-shop.it\/#organization","name":"Erresse Shop","url":"https:\/\/dev6.erresse-shop.it\/","logo":{"@type":"ImageObject","inLanguage":"de","@id":"https:\/\/dev6.erresse-shop.it\/#\/schema\/logo\/image\/","url":"https:\/\/dev6.erresse-shop.it\/wp-content\/uploads\/2025\/01\/LOGO-ERRESSE-CLASSICO.svg","contentUrl":"https:\/\/dev6.erresse-shop.it\/wp-content\/uploads\/2025\/01\/LOGO-ERRESSE-CLASSICO.svg","caption":"Erresse Shop"},"image":{"@id":"https:\/\/dev6.erresse-shop.it\/#\/schema\/logo\/image\/"}}]}},"df_price":46,"df_sale_price":"","df_regular_price":46,"df_image_link":"https:\/\/i1.wp.com\/interpim.erresse-shop.it\/Import\/Prodotti\/illy-6-confezioni-da-10-capsule-compatibili-espresso-classico.jpg?resize=300,300&ssl=1","fifu_image_url":"https:\/\/interpim.erresse-shop.it\/Import\/Prodotti\/illy-6-confezioni-da-10-capsule-compatibili-espresso-classico.jpg","_links":{"self":[{"href":"https:\/\/dev6.erresse-shop.it\/de\/wp-json\/wp\/v2\/product\/52810","targetHints":{"allow":["GET"]}}],"collection":[{"href":"https:\/\/dev6.erresse-shop.it\/de\/wp-json\/wp\/v2\/product"}],"about":[{"href":"https:\/\/dev6.erresse-shop.it\/de\/wp-json\/wp\/v2\/types\/product"}],"wp:featuredmedia":[{"embeddable":true,"href":"https:\/\/dev6.erresse-shop.it\/de\/wp-json\/wp\/v2\/media\/6363086"}],"wp:attachment":[{"href":"https:\/\/dev6.erresse-shop.it\/de\/wp-json\/wp\/v2\/media?parent=52810"}],"wp:term":[{"taxonomy":"product_cat","embeddable":true,"href":"https:\/\/dev6.erresse-shop.it\/de\/wp-json\/wp\/v2\/product_cat?post=52810"},{"taxonomy":"product_tag","embeddable":true,"href":"https:\/\/dev6.erresse-shop.it\/de\/wp-json\/wp\/v2\/product_tag?post=52810"}],"curies":[{"name":"wp","href":"https:\/\/api.w.org\/{rel}","templated":true}]}}