{"id":52802,"date":"2026-04-12T14:49:36","date_gmt":"2026-04-12T12:49:36","guid":{"rendered":"https:\/\/dev6.erresse-shop.it\/shop\/unkategorisiert\/jura-claris-smart-filterpatrone\/"},"modified":"2025-07-04T15:28:47","modified_gmt":"2025-07-04T13:28:47","slug":"jura-claris-smart-filterpatrone","status":"publish","type":"product","link":"https:\/\/dev6.erresse-shop.it\/de\/shop\/kleine-elektrogeraete\/kaffeemaschinen-espresso\/jura-claris-smart-filterpatrone\/","title":{"rendered":"JURA Claris Smart+ Filterpatrone"},"content":{"rendered":"<p>Der intelligente Wasserfilter des PlusCoffee besteht zu 98% aus Wasser. Seine perfekte Qualit\u00e4t ist daher entscheidend f\u00fcr ein vollendetes Kaffeeresultat. Mit CLARIS smart&#43; revolutioniert JURA die Wasserfiltration noch weiter. Die Wasserfiltertechnologie sorgt f\u00fcr ein h\u00f6heres Mass an Hygiene in der Kaffeemaschine, bereits im Wassertank. Mit CLARIS smart&#43; erh\u00f6hen Sie den Schutz, die Produktsicherheit und die Lebensdauer Ihrer Kaffeemaschine. Die CLARIS-Filterpatrone verf\u00fcgt zus\u00e4tzlich am unteren Ende \u00fcber ein Depot mit nat\u00fcrlichen Wirkstoffen, die das Wasser im Beh\u00e4lter stabilisieren und so Kalkablagerungen im unteren Bereich des Beh\u00e4lters reduzieren. Dies funktioniert ohne zus\u00e4tzliche Energie oder Belastung, nur dank der nat\u00fcrlichen Bewegung des Wassers im Tank, durch die das Depot immer leicht hindurchflie\u00dft. Der obere Teil der CLARIS Filterpatrone f\u00fcr die Kaffeezubereitung mittels Ionenaustausch und Aktivkohle im Stromprinzip filtert genau die Wassermenge, die f\u00fcr eine perfekte Tasse Kaffee ben\u00f6tigt wird.Der Vorteil von Hygiene und SauberkeitCLARIS smart&#43; integriert das bew\u00e4hrte professionelle Versorgungsprinzip, das genau die Wassermenge filtert, die f\u00fcr jede Kaffeezubereitung ben\u00f6tigt wird, mit einem Depot mit nat\u00fcrlichen Wirkstoffen.<br \/>\nDas Plus: Dank seiner nat\u00fcrlichen Bewegung flie\u00dft das Wasser immer leicht und wird durch Kontakt stabilisiert. Das reduziert Kalkablagerungen und sorgt f\u00fcr maximale Sauberkeit im Wassertank.F\u00fcr jedes Leitungswasser geeignetDank der innovativen Rezeptur sind die Filterpatronen f\u00fcr alle Leitungswasserarten weltweit geeignet. Das effektive Granulat filtert Kalk immer in der optimalen Menge (auch bei geringer Wasserh\u00e4rte) und reduziert geschmacksst\u00f6rende Stoffe wie Chlor so effizient wie nie zuvor. Mineralien und Fluoride, die als wichtige Geschmackselemente wirken, bleiben erhalten. Die optimale Stabilisierung von Kalk bereits im Wassertank und die effiziente Filterung w\u00e4hrend der Kaffeezubereitung garantieren beste Hygiene und optimale Wasserqualit\u00e4t f\u00fcr einen perfekten Kaffeegeschmack.<\/p>\n","protected":false},"excerpt":{"rendered":"<p>Der intelligente Wasserfilter des PlusCoffee besteht zu 98% aus Wasser. Seine perfekte Qualit\u00e4t ist daher entscheidend f\u00fcr ein vollendetes Kaffeeresultat. Mit CLARIS smart&#43; revolutioniert JURA die Wasserfiltration noch weiter. Die Wasserfiltertechnologie sorgt f\u00fcr ein h\u00f6heres Mass an Hygiene in der Kaffeemaschine, bereits im Wassertank. Mit CLARIS smart&#43; erh\u00f6hen Sie den Schutz, die Produktsicherheit und die [&hellip;]<\/p>\n","protected":false},"featured_media":6381375,"template":"","meta":{"_acf_changed":false},"product_cat":[11747,11714,12146,12171,12163,12179],"product_tag":[],"class_list":{"0":"post-52802","1":"product","2":"type-product","3":"status-publish","4":"has-post-thumbnail","6":"product_cat-accessori-2","7":"product_cat-caffe","8":"product_cat-kaffe","9":"product_cat-kaffeemaschinen-espresso","10":"product_cat-kleine-elektrogeraete","11":"product_cat-zubehoer","13":"first","14":"instock","15":"taxable","16":"shipping-taxable","17":"purchasable","18":"product-type-simple","swatches":"rey-swatches","show_selected":"","stretch_labels":"rey-swatches--stretch-labels"},"acf":[],"yoast_head":"<!-- This site is optimized with the Yoast SEO plugin v25.4 - https:\/\/yoast.com\/wordpress\/plugins\/seo\/ -->\n<title>JURA Claris Smart+ Filterpatrone - dev6 Erresse<\/title>\n<meta name=\"description\" content=\"Der intelligente Wasserfilter des PlusCoffee besteht zu 98% aus Wasser. Seine perfekte Qualit\u00e4t ist daher entscheidend f\u00fcr ein vollendetes Kaffeeresultat.\" \/>\n<meta name=\"robots\" content=\"noindex, follow, max-snippet:-1, max-image-preview:large, max-video-preview:-1\" \/>\n<meta property=\"og:locale\" content=\"de_DE\" \/>\n<meta property=\"og:type\" content=\"article\" \/>\n<meta property=\"og:title\" content=\"JURA Claris Smart+ Filterpatrone - dev6 Erresse\" \/>\n<meta property=\"og:description\" content=\"Der intelligente Wasserfilter des PlusCoffee besteht zu 98% aus Wasser. Seine perfekte Qualit\u00e4t ist daher entscheidend f\u00fcr ein vollendetes Kaffeeresultat.\" \/>\n<meta property=\"og:url\" content=\"https:\/\/dev6.erresse-shop.it\/de\/shop\/kleine-elektrogeraete\/kaffeemaschinen-espresso\/jura-claris-smart-filterpatrone\/\" \/>\n<meta property=\"og:site_name\" content=\"dev6 Erresse\" \/>\n<meta property=\"og:image\" content=\"https:\/\/interpim.erresse-shop.it\/Import\/Prodotti\/jura-claris-smart-cartuccia-filtro.jpg\" \/><meta property=\"og:image\" content=\"https:\/\/interpim.erresse-shop.it\/Import\/Prodotti\/jura-claris-smart-cartuccia-filtro.jpg\" \/>\n\t<meta property=\"og:image:width\" content=\"1024\" \/>\n\t<meta property=\"og:image:height\" content=\"1024\" \/>\n\t<meta property=\"og:image:type\" content=\"image\/jpeg\" \/>\n<meta name=\"twitter:card\" content=\"summary_large_image\" \/>\n<meta name=\"twitter:image\" content=\"https:\/\/interpim.erresse-shop.it\/Import\/Prodotti\/jura-claris-smart-cartuccia-filtro.jpg\" \/>\n<script type=\"application\/ld+json\" class=\"yoast-schema-graph\">{\"@context\":\"https:\/\/schema.org\",\"@graph\":[{\"@type\":\"WebPage\",\"@id\":\"https:\/\/dev6.erresse-shop.it\/de\/shop\/kleine-elektrogeraete\/kaffeemaschinen-espresso\/jura-claris-smart-filterpatrone\/\",\"url\":\"https:\/\/dev6.erresse-shop.it\/de\/shop\/kleine-elektrogeraete\/kaffeemaschinen-espresso\/jura-claris-smart-filterpatrone\/\",\"name\":\"JURA Claris Smart+ Filterpatrone - dev6 Erresse\",\"isPartOf\":{\"@id\":\"https:\/\/dev6.erresse-shop.it\/#website\"},\"primaryImageOfPage\":{\"@id\":\"https:\/\/dev6.erresse-shop.it\/de\/shop\/kleine-elektrogeraete\/kaffeemaschinen-espresso\/jura-claris-smart-filterpatrone\/#primaryimage\"},\"image\":{\"@id\":\"https:\/\/dev6.erresse-shop.it\/de\/shop\/kleine-elektrogeraete\/kaffeemaschinen-espresso\/jura-claris-smart-filterpatrone\/#primaryimage\"},\"thumbnailUrl\":\"https:\/\/i3.wp.com\/interpim.erresse-shop.it\/Import\/Prodotti\/jura-claris-smart-cartuccia-filtro.jpg?ssl=1\",\"datePublished\":\"2026-04-12T12:49:36+00:00\",\"description\":\"Der intelligente Wasserfilter des PlusCoffee besteht zu 98% aus Wasser. Seine perfekte Qualit\u00e4t ist daher entscheidend f\u00fcr ein vollendetes Kaffeeresultat.\",\"breadcrumb\":{\"@id\":\"https:\/\/dev6.erresse-shop.it\/de\/shop\/kleine-elektrogeraete\/kaffeemaschinen-espresso\/jura-claris-smart-filterpatrone\/#breadcrumb\"},\"inLanguage\":\"de\",\"potentialAction\":[{\"@type\":\"ReadAction\",\"target\":[\"https:\/\/dev6.erresse-shop.it\/de\/shop\/kleine-elektrogeraete\/kaffeemaschinen-espresso\/jura-claris-smart-filterpatrone\/\"]}]},{\"@type\":\"ImageObject\",\"inLanguage\":\"de\",\"@id\":\"https:\/\/dev6.erresse-shop.it\/de\/shop\/kleine-elektrogeraete\/kaffeemaschinen-espresso\/jura-claris-smart-filterpatrone\/#primaryimage\",\"url\":\"https:\/\/i3.wp.com\/interpim.erresse-shop.it\/Import\/Prodotti\/jura-claris-smart-cartuccia-filtro.jpg?ssl=1\",\"contentUrl\":\"https:\/\/i3.wp.com\/interpim.erresse-shop.it\/Import\/Prodotti\/jura-claris-smart-cartuccia-filtro.jpg?ssl=1\"},{\"@type\":\"BreadcrumbList\",\"@id\":\"https:\/\/dev6.erresse-shop.it\/de\/shop\/kleine-elektrogeraete\/kaffeemaschinen-espresso\/jura-claris-smart-filterpatrone\/#breadcrumb\",\"itemListElement\":[{\"@type\":\"ListItem\",\"position\":1,\"name\":\"Home\",\"item\":\"https:\/\/dev6.erresse-shop.it\/\"},{\"@type\":\"ListItem\",\"position\":2,\"name\":\"Shop\",\"item\":\"https:\/\/dev6.erresse-shop.it\/shop\/\"},{\"@type\":\"ListItem\",\"position\":3,\"name\":\"JURA Claris Smart+ Filterpatrone\"}]},{\"@type\":\"WebSite\",\"@id\":\"https:\/\/dev6.erresse-shop.it\/#website\",\"url\":\"https:\/\/dev6.erresse-shop.it\/\",\"name\":\"Erresse Shop\",\"description\":\"\",\"publisher\":{\"@id\":\"https:\/\/dev6.erresse-shop.it\/#organization\"},\"potentialAction\":[{\"@type\":\"SearchAction\",\"target\":{\"@type\":\"EntryPoint\",\"urlTemplate\":\"https:\/\/dev6.erresse-shop.it\/?s={search_term_string}\"},\"query-input\":{\"@type\":\"PropertyValueSpecification\",\"valueRequired\":true,\"valueName\":\"search_term_string\"}}],\"inLanguage\":\"de\"},{\"@type\":\"Organization\",\"@id\":\"https:\/\/dev6.erresse-shop.it\/#organization\",\"name\":\"Erresse Shop\",\"url\":\"https:\/\/dev6.erresse-shop.it\/\",\"logo\":{\"@type\":\"ImageObject\",\"inLanguage\":\"de\",\"@id\":\"https:\/\/dev6.erresse-shop.it\/#\/schema\/logo\/image\/\",\"url\":\"https:\/\/dev6.erresse-shop.it\/wp-content\/uploads\/2025\/01\/LOGO-ERRESSE-CLASSICO.svg\",\"contentUrl\":\"https:\/\/dev6.erresse-shop.it\/wp-content\/uploads\/2025\/01\/LOGO-ERRESSE-CLASSICO.svg\",\"caption\":\"Erresse Shop\"},\"image\":{\"@id\":\"https:\/\/dev6.erresse-shop.it\/#\/schema\/logo\/image\/\"}}]}<\/script>\n<!-- \/ Yoast SEO plugin. -->","yoast_head_json":{"title":"JURA Claris Smart+ Filterpatrone - dev6 Erresse","description":"Der intelligente Wasserfilter des PlusCoffee besteht zu 98% aus Wasser. Seine perfekte Qualit\u00e4t ist daher entscheidend f\u00fcr ein vollendetes Kaffeeresultat.","robots":{"index":"noindex","follow":"follow","max-snippet":"max-snippet:-1","max-image-preview":"max-image-preview:large","max-video-preview":"max-video-preview:-1"},"og_locale":"de_DE","og_type":"article","og_title":"JURA Claris Smart+ Filterpatrone - dev6 Erresse","og_description":"Der intelligente Wasserfilter des PlusCoffee besteht zu 98% aus Wasser. Seine perfekte Qualit\u00e4t ist daher entscheidend f\u00fcr ein vollendetes Kaffeeresultat.","og_url":"https:\/\/dev6.erresse-shop.it\/de\/shop\/kleine-elektrogeraete\/kaffeemaschinen-espresso\/jura-claris-smart-filterpatrone\/","og_site_name":"dev6 Erresse","og_image":[{"url":"https:\/\/interpim.erresse-shop.it\/Import\/Prodotti\/jura-claris-smart-cartuccia-filtro.jpg","type":"","width":"","height":""},{"url":"https:\/\/interpim.erresse-shop.it\/Import\/Prodotti\/jura-claris-smart-cartuccia-filtro.jpg","width":1024,"height":1024,"type":"image\/jpeg"}],"twitter_card":"summary_large_image","twitter_image":"https:\/\/interpim.erresse-shop.it\/Import\/Prodotti\/jura-claris-smart-cartuccia-filtro.jpg","schema":{"@context":"https:\/\/schema.org","@graph":[{"@type":"WebPage","@id":"https:\/\/dev6.erresse-shop.it\/de\/shop\/kleine-elektrogeraete\/kaffeemaschinen-espresso\/jura-claris-smart-filterpatrone\/","url":"https:\/\/dev6.erresse-shop.it\/de\/shop\/kleine-elektrogeraete\/kaffeemaschinen-espresso\/jura-claris-smart-filterpatrone\/","name":"JURA Claris Smart+ Filterpatrone - dev6 Erresse","isPartOf":{"@id":"https:\/\/dev6.erresse-shop.it\/#website"},"primaryImageOfPage":{"@id":"https:\/\/dev6.erresse-shop.it\/de\/shop\/kleine-elektrogeraete\/kaffeemaschinen-espresso\/jura-claris-smart-filterpatrone\/#primaryimage"},"image":{"@id":"https:\/\/dev6.erresse-shop.it\/de\/shop\/kleine-elektrogeraete\/kaffeemaschinen-espresso\/jura-claris-smart-filterpatrone\/#primaryimage"},"thumbnailUrl":"https:\/\/i3.wp.com\/interpim.erresse-shop.it\/Import\/Prodotti\/jura-claris-smart-cartuccia-filtro.jpg?ssl=1","datePublished":"2026-04-12T12:49:36+00:00","description":"Der intelligente Wasserfilter des PlusCoffee besteht zu 98% aus Wasser. Seine perfekte Qualit\u00e4t ist daher entscheidend f\u00fcr ein vollendetes Kaffeeresultat.","breadcrumb":{"@id":"https:\/\/dev6.erresse-shop.it\/de\/shop\/kleine-elektrogeraete\/kaffeemaschinen-espresso\/jura-claris-smart-filterpatrone\/#breadcrumb"},"inLanguage":"de","potentialAction":[{"@type":"ReadAction","target":["https:\/\/dev6.erresse-shop.it\/de\/shop\/kleine-elektrogeraete\/kaffeemaschinen-espresso\/jura-claris-smart-filterpatrone\/"]}]},{"@type":"ImageObject","inLanguage":"de","@id":"https:\/\/dev6.erresse-shop.it\/de\/shop\/kleine-elektrogeraete\/kaffeemaschinen-espresso\/jura-claris-smart-filterpatrone\/#primaryimage","url":"https:\/\/i3.wp.com\/interpim.erresse-shop.it\/Import\/Prodotti\/jura-claris-smart-cartuccia-filtro.jpg?ssl=1","contentUrl":"https:\/\/i3.wp.com\/interpim.erresse-shop.it\/Import\/Prodotti\/jura-claris-smart-cartuccia-filtro.jpg?ssl=1"},{"@type":"BreadcrumbList","@id":"https:\/\/dev6.erresse-shop.it\/de\/shop\/kleine-elektrogeraete\/kaffeemaschinen-espresso\/jura-claris-smart-filterpatrone\/#breadcrumb","itemListElement":[{"@type":"ListItem","position":1,"name":"Home","item":"https:\/\/dev6.erresse-shop.it\/"},{"@type":"ListItem","position":2,"name":"Shop","item":"https:\/\/dev6.erresse-shop.it\/shop\/"},{"@type":"ListItem","position":3,"name":"JURA Claris Smart+ Filterpatrone"}]},{"@type":"WebSite","@id":"https:\/\/dev6.erresse-shop.it\/#website","url":"https:\/\/dev6.erresse-shop.it\/","name":"Erresse Shop","description":"","publisher":{"@id":"https:\/\/dev6.erresse-shop.it\/#organization"},"potentialAction":[{"@type":"SearchAction","target":{"@type":"EntryPoint","urlTemplate":"https:\/\/dev6.erresse-shop.it\/?s={search_term_string}"},"query-input":{"@type":"PropertyValueSpecification","valueRequired":true,"valueName":"search_term_string"}}],"inLanguage":"de"},{"@type":"Organization","@id":"https:\/\/dev6.erresse-shop.it\/#organization","name":"Erresse Shop","url":"https:\/\/dev6.erresse-shop.it\/","logo":{"@type":"ImageObject","inLanguage":"de","@id":"https:\/\/dev6.erresse-shop.it\/#\/schema\/logo\/image\/","url":"https:\/\/dev6.erresse-shop.it\/wp-content\/uploads\/2025\/01\/LOGO-ERRESSE-CLASSICO.svg","contentUrl":"https:\/\/dev6.erresse-shop.it\/wp-content\/uploads\/2025\/01\/LOGO-ERRESSE-CLASSICO.svg","caption":"Erresse Shop"},"image":{"@id":"https:\/\/dev6.erresse-shop.it\/#\/schema\/logo\/image\/"}}]}},"df_price":19.9,"df_sale_price":"","df_regular_price":19.9,"df_image_link":"https:\/\/i3.wp.com\/interpim.erresse-shop.it\/Import\/Prodotti\/jura-claris-smart-cartuccia-filtro.jpg?resize=300,300&ssl=1","fifu_image_url":"https:\/\/interpim.erresse-shop.it\/Import\/Prodotti\/jura-claris-smart-cartuccia-filtro.jpg","_links":{"self":[{"href":"https:\/\/dev6.erresse-shop.it\/de\/wp-json\/wp\/v2\/product\/52802","targetHints":{"allow":["GET"]}}],"collection":[{"href":"https:\/\/dev6.erresse-shop.it\/de\/wp-json\/wp\/v2\/product"}],"about":[{"href":"https:\/\/dev6.erresse-shop.it\/de\/wp-json\/wp\/v2\/types\/product"}],"wp:featuredmedia":[{"embeddable":true,"href":"https:\/\/dev6.erresse-shop.it\/de\/wp-json\/wp\/v2\/media\/6381375"}],"wp:attachment":[{"href":"https:\/\/dev6.erresse-shop.it\/de\/wp-json\/wp\/v2\/media?parent=52802"}],"wp:term":[{"taxonomy":"product_cat","embeddable":true,"href":"https:\/\/dev6.erresse-shop.it\/de\/wp-json\/wp\/v2\/product_cat?post=52802"},{"taxonomy":"product_tag","embeddable":true,"href":"https:\/\/dev6.erresse-shop.it\/de\/wp-json\/wp\/v2\/product_tag?post=52802"}],"curies":[{"name":"wp","href":"https:\/\/api.w.org\/{rel}","templated":true}]}}