{"id":52795,"date":"2026-04-04T09:43:39","date_gmt":"2026-04-04T07:43:39","guid":{"rendered":"https:\/\/dev6.erresse-shop.it\/shop\/unkategorisiert\/smeg-manuelle-espresso-kaffeemaschine-mit-kaffeemuehle-creme\/"},"modified":"2025-07-19T03:46:57","modified_gmt":"2025-07-19T01:46:57","slug":"smeg-manuelle-espresso-kaffeemaschine-mit-kaffeemuehle-creme","status":"publish","type":"product","link":"https:\/\/dev6.erresse-shop.it\/de\/shop\/kleine-elektrogeraete\/kaffeemaschinen-espresso\/handbuecher\/smeg-manuelle-espresso-kaffeemaschine-mit-kaffeemuehle-creme\/","title":{"rendered":"SMEG Manuelle Espresso-Kaffeemaschine mit Kaffeem\u00fchle Creme"},"content":{"rendered":"<p>SMEG 50er Jahre Serie<\/p>\n<p>Symbolische Begegnungsobjekte, Ikonen, die den Raum, den sie einnehmen, verwandeln, die neuen Kleinen der Linie Anni \u201950s, die in Zusammenarbeit mit Matteo Bazzicalupo und Raffaella Mangiarotti von deepdesign entworfen wurden, erinnern an andere Zeiten und gestalten allt\u00e4gliche Orte, indem sie dem, was bereits existiert oder existiert hat, eine neue Bedeutung verleihen, wie es in der Kunst und in der Erinnerung geschieht.<br \/>\nDie Produkte mit ihren runden und kompakten Formen sind Protagonisten der K\u00fcche, die f\u00fcr diejenigen gedacht sind, die die Erfahrung eines K\u00fcchenchefs machen wollen, aber nicht nur. F\u00fcr diejenigen, die sich gerne mit Objekten umgeben, die einen starken \u00e4sthetischen Charakter haben, ohne dabei die hohe Qualit\u00e4t der Leistungen aus den Augen zu verlieren.<\/p>\n<p>Manuelle Espressomaschine mit integrierter Kaffeem\u00fchle: das Erlebnis der Kaffee- und Milchzubereitung wie an der Bar.<\/p>\n<p>Integrierte Kaffeem\u00fchle: das echte Kaffeearoma von frisch gemahlenem Kaffee<br \/>\nHeizsystem mit doppeltem Thermoblock: Kaffee- und Dampfbr\u00fchung immer ohne Wartezeit.<br \/>\nKaffeemaschine f\u00fcr die perfekte Zubereitung von echtem italienischen<br \/>\nEspresso, mit einfacher und doppelter Espressofunktion<br \/>\n20 bar Pumpenleistung: f\u00fcr eine stets korrekte Espressoextraktion<\/p>\n<p>Barista Ritual<\/p>\n<p>Mit der Smeg EGF03 Maschine k\u00f6nnen Sie die Barista Experience erleben: ein Konzentrat von Technologien, die zur Zubereitung eines optimalen Kaffees beitragen.<br \/>\nF\u00fcr ein gleichm\u00e4\u00dfiges Mahlen ist die integrierte Kaffeem\u00fchle mit konischen Edelstahlmahlwerken ausgestattet, die es Ihnen erm\u00f6glichen, den Mahlgrad auf eine superfeine Stufe einzustellen. Dank des Filterhalters mit 58 mm Durchmesser und der professionellen Dampfd\u00fcse mit zwei Dampfstufen k\u00f6nnen Sie Kaffee- und Milchzubereitungen wie ein echter Barista zubereiten. Mit dem Manometer k\u00f6nnen Sie \u00fcberpr\u00fcfen, ob die Extraktion entsprechend den Espresso-Parametern optimal erfolgt ist.<\/p>\n<p>Thermoblock<\/p>\n<p>Das doppelte Thermoblock-Heizsystem, eines f\u00fcr den Kaffeekreislauf und eines f\u00fcr den Milchkreislauf, sorgt daf\u00fcr, dass die Dampffunktion immer bereit ist, nachdem der Kaffee gebr\u00fcht wurde, und vermeidet so Wartezeiten beim Aufsch\u00e4umen der Milch.<\/p>\n<p>Einstellungen<\/p>\n<p>Die neue Espressomaschine erm\u00f6glicht es Ihnen, Ihre Getr\u00e4nke ganz nach Ihrem Geschmack zuzubereiten: Mit dem dualen Men\u00fc k\u00f6nnen Sie zwischen zwei voreingestellten Mahlgradoptionen f\u00fcr die Zubereitung eines einfachen oder doppelten Espressos und zwei Br\u00fchoptionen f\u00fcr die Zubereitung von einer oder zwei Tassen Kaffee w\u00e4hlen.<\/p>\n<p>Im Einstellungsmen\u00fc k\u00f6nnen Sie Ihr bevorzugtes Pre-Infusion-Profil aus 4 verschiedenen Profilen (kurze, Standard-, lange, progressive Pre-Infusion) und aus 4 Extraktions-Temperaturstufen w\u00e4hlen, um den Kaffeemoment zu einem wahren Ritual zu machen.<\/p>\n<p>Professionelles Zubeh\u00f6r<\/p>\n<p>Das mitgelieferte Zubeh\u00f6r vervollst\u00e4ndigt das Kaffeeerlebnis f\u00fcr Genie\u00dfer: die drucklosen und druckbeaufschlagten Filter, die Milchkaraffe und diverses Zubeh\u00f6r f\u00fcr die Reinigung und Pflege der Maschine.<\/p>\n<p>AESTHETICS<br \/>\nFarbe: Schwarz<br \/>\nAusf\u00fchrung: poliert<br \/>\n\u00c4sthetik: 50er Jahre Stil<br \/>\nMaterial des Geh\u00e4uses: Aluminium-Druckguss<br \/>\nBodenmaterial: Kunststoff<br \/>\nTank-Material: SAN<br \/>\nMaterial Mahlwerk: Rostfreier Stahl<br \/>\nMaterial des Bohnenbeh\u00e4lters: SAN<br \/>\nMaterial Bohnenbeh\u00e4lterdeckel: SAN und TPE<br \/>\nMaterial Tassenw\u00e4rmer: Rostfreier Stahl<br \/>\nMaterial Dampf-\/Hei\u00dfwasserhebel: Zinklegierung<br \/>\nMaterial der Br\u00fcheinheit: Edelstahl<br \/>\nMaterial Filterhalter: Edelstahl<br \/>\nFarbe des Filterhalterarms: Grau<br \/>\nMaterial Filterhalterarm: Kunststoff<br \/>\nMaterial des Filterhaltergitters: Rostfreier Stahl<br \/>\nMaterial Milchpresse: Edelstahl<br \/>\nMaterial Milchk\u00e4nnchen: Rostfreier Stahl<br \/>\nMaterial Dampf-\/Hei\u00dfwasserd\u00fcse: Rostfreier Stahl<br \/>\nMaterial Tropfschale: Aluminium-Druckguss<\/p>\n<p>FUNKTIONEN<br \/>\nEinzelkaffeefunktion: Ja<br \/>\nFunktion f\u00fcr doppelten Kaffee: Ja<br \/>\nEinstellbare Kaffeel\u00e4nge: Ja<br \/>\nProgrammierbare Wassereinstellung: mild\/mittel\/hart\/sehr hart<br \/>\nEntkalkungswarnung: Ja<br \/>\nWarnung bei leerem\/ fehlendem Wassertank: Ja<br \/>\nEinstellbare Stand-by-Funktion: Ja<br \/>\nProgrammierbare Bereitschaftszeit: 10 min\/30 min\/40 min\/60 min<br \/>\nEinstellung des Vorbr\u00fchprofils: Kurz \/ Standard \/ Lang \/ Progressive Vorbr\u00fchung<br \/>\nDampfintensit\u00e4t: 2 Stufen<br \/>\nEinstellung der Kaffee-Extraktionstemperatur: niedrig \/ mittel \/ optimal \/ hoch<br \/>\nMahlgrad: Superfine \/ Fein \/ Mittel<br \/>\nMahlgrad f\u00fcr Einzelkaffee: Ja<br \/>\nDoppelter Kaffeemahlgrad: Ja<br \/>\nEinstellbare Mahlmenge: Ja<\/p>\n<p>KOMMANDOS<br \/>\nBedienelemente: Kn\u00f6pfe, Hebel<br \/>\nTastenmaterial: Kunststoff<br \/>\nFarbe der Tasten: Silber<br \/>\nAnzahl der Tasten: 4<br \/>\nEinstellung des Mahlgrads: Drehung des Bohnenbeh\u00e4lters<br \/>\nDampfaktivierungsmodus: Hebel<br \/>\nMaterial des Filterhalters: Kunststoff<\/p>\n<p>TECHNISCHE MERKMALE<br \/>\nHeizsystem: Doppelter Thermoblock<br \/>\nPumpendruck: 15 bar<br \/>\nKaffeeauslauf: Doppelt<br \/>\nMahlsteintyp: Konisch<br \/>\nAbnehmbares oberes Mahlwerk: Ja<br \/>\nFassungsverm\u00f6gen Wassertank: 2,4 l<br \/>\nAbnehmbarer Wassertank: Ja<br \/>\nAbnehmbare Abtropfschale: Ja<br \/>\nManometer: Ja<br \/>\nTassenw\u00e4rmer: Passiv<br \/>\nDurchmesser des Filterhalters: 58 mm<br \/>\nPumpendruck des Kaffeekreislaufs: 20 bar<br \/>\nBohnenbeh\u00e4lter mit Twist &amp; Lock-System: Ja<br \/>\nAbnehmbarer Bohnenbeh\u00e4lter: Ja<br \/>\nProfessionelle Dampfd\u00fcse: Ja<br \/>\nFassungsverm\u00f6gen des Bohnenbeh\u00e4lters: 250 g<br \/>\nRutschfester Boden: Ja<\/p>\n<p>ELEKTRISCHE DATEN<br \/>\nSpannung: 220-240V<br \/>\nFrequenz: 50\/60 Hz<br \/>\nKabell\u00e4nge: 1 m<\/p>\n<p>Nicht zum Verkauf au\u00dferhalb Europas<\/p>\n","protected":false},"excerpt":{"rendered":"<p>SMEG 50er Jahre Serie Symbolische Begegnungsobjekte, Ikonen, die den Raum, den sie einnehmen, verwandeln, die neuen Kleinen der Linie Anni \u201950s, die in Zusammenarbeit mit Matteo Bazzicalupo und Raffaella Mangiarotti von deepdesign entworfen wurden, erinnern an andere Zeiten und gestalten allt\u00e4gliche Orte, indem sie dem, was bereits existiert oder existiert hat, eine neue Bedeutung verleihen, [&hellip;]<\/p>\n","protected":false},"featured_media":6279709,"template":"","meta":{"_acf_changed":false},"product_cat":[12198,12171,12163],"product_tag":[],"class_list":{"0":"post-52795","1":"product","2":"type-product","3":"status-publish","4":"has-post-thumbnail","6":"product_cat-handbuecher","7":"product_cat-kaffeemaschinen-espresso","8":"product_cat-kleine-elektrogeraete","10":"first","11":"instock","12":"sale","13":"taxable","14":"shipping-taxable","15":"purchasable","16":"product-type-simple","swatches":"rey-swatches","show_selected":"","stretch_labels":"rey-swatches--stretch-labels"},"acf":[],"yoast_head":"<!-- This site is optimized with the Yoast SEO plugin v25.4 - https:\/\/yoast.com\/wordpress\/plugins\/seo\/ -->\n<title>SMEG Manuelle Espresso-Kaffeemaschine mit Kaffeem\u00fchle Creme - dev6 Erresse<\/title>\n<meta name=\"description\" content=\"SMEG 50er Jahre Serie Symbolische Begegnungsobjekte, Ikonen, die den Raum, den sie einnehmen, verwandeln, die neuen Kleinen der Linie Anni \u201950s, die in\" \/>\n<meta name=\"robots\" content=\"noindex, follow, max-snippet:-1, max-image-preview:large, max-video-preview:-1\" \/>\n<meta property=\"og:locale\" content=\"de_DE\" \/>\n<meta property=\"og:type\" content=\"article\" \/>\n<meta property=\"og:title\" content=\"SMEG Manuelle Espresso-Kaffeemaschine mit Kaffeem\u00fchle Creme - dev6 Erresse\" \/>\n<meta property=\"og:description\" content=\"SMEG 50er Jahre Serie Symbolische Begegnungsobjekte, Ikonen, die den Raum, den sie einnehmen, verwandeln, die neuen Kleinen der Linie Anni \u201950s, die in\" \/>\n<meta property=\"og:url\" content=\"https:\/\/dev6.erresse-shop.it\/de\/shop\/kleine-elektrogeraete\/kaffeemaschinen-espresso\/handbuecher\/smeg-manuelle-espresso-kaffeemaschine-mit-kaffeemuehle-creme\/\" \/>\n<meta property=\"og:site_name\" content=\"dev6 Erresse\" \/>\n<meta property=\"og:image\" content=\"https:\/\/interpim.erresse-shop.it\/wp-content\/uploads\/2023\/07\/SMEG-Macchina-da-Caffe\u0300-Espresso-Manuale-Panna.jpg\/smeg-macchina-da-caffe-cc-80-espresso-manuale-panna.jpg\" \/><meta property=\"og:image\" content=\"https:\/\/interpim.erresse-shop.it\/wp-content\/uploads\/2023\/07\/SMEG-Macchina-da-Caffe\u0300-Espresso-Manuale-Panna.jpg\/smeg-macchina-da-caffe-cc-80-espresso-manuale-panna.jpg\" \/>\n\t<meta property=\"og:image:width\" content=\"1024\" \/>\n\t<meta property=\"og:image:height\" content=\"1024\" \/>\n\t<meta property=\"og:image:type\" content=\"image\/jpeg\" \/>\n<meta name=\"twitter:card\" content=\"summary_large_image\" \/>\n<meta name=\"twitter:image\" content=\"https:\/\/interpim.erresse-shop.it\/wp-content\/uploads\/2023\/07\/SMEG-Macchina-da-Caffe\u0300-Espresso-Manuale-Panna.jpg\/smeg-macchina-da-caffe-cc-80-espresso-manuale-panna.jpg\" \/>\n<script type=\"application\/ld+json\" class=\"yoast-schema-graph\">{\"@context\":\"https:\/\/schema.org\",\"@graph\":[{\"@type\":\"WebPage\",\"@id\":\"https:\/\/dev6.erresse-shop.it\/de\/shop\/kleine-elektrogeraete\/kaffeemaschinen-espresso\/handbuecher\/smeg-manuelle-espresso-kaffeemaschine-mit-kaffeemuehle-creme\/\",\"url\":\"https:\/\/dev6.erresse-shop.it\/de\/shop\/kleine-elektrogeraete\/kaffeemaschinen-espresso\/handbuecher\/smeg-manuelle-espresso-kaffeemaschine-mit-kaffeemuehle-creme\/\",\"name\":\"SMEG Manuelle Espresso-Kaffeemaschine mit Kaffeem\u00fchle Creme - dev6 Erresse\",\"isPartOf\":{\"@id\":\"https:\/\/dev6.erresse-shop.it\/#website\"},\"primaryImageOfPage\":{\"@id\":\"https:\/\/dev6.erresse-shop.it\/de\/shop\/kleine-elektrogeraete\/kaffeemaschinen-espresso\/handbuecher\/smeg-manuelle-espresso-kaffeemaschine-mit-kaffeemuehle-creme\/#primaryimage\"},\"image\":{\"@id\":\"https:\/\/dev6.erresse-shop.it\/de\/shop\/kleine-elektrogeraete\/kaffeemaschinen-espresso\/handbuecher\/smeg-manuelle-espresso-kaffeemaschine-mit-kaffeemuehle-creme\/#primaryimage\"},\"thumbnailUrl\":\"https:\/\/i3.wp.com\/interpim.erresse-shop.it\/wp-content\/uploads\/2023\/07\/SMEG-Macchina-da-Caffe\u0300-Espresso-Manuale-Panna.jpg\/smeg-macchina-da-caffe-cc-80-espresso-manuale-panna.jpg?ssl=1\",\"datePublished\":\"2026-04-04T07:43:39+00:00\",\"description\":\"SMEG 50er Jahre Serie Symbolische Begegnungsobjekte, Ikonen, die den Raum, den sie einnehmen, verwandeln, die neuen Kleinen der Linie Anni \u201950s, die in\",\"breadcrumb\":{\"@id\":\"https:\/\/dev6.erresse-shop.it\/de\/shop\/kleine-elektrogeraete\/kaffeemaschinen-espresso\/handbuecher\/smeg-manuelle-espresso-kaffeemaschine-mit-kaffeemuehle-creme\/#breadcrumb\"},\"inLanguage\":\"de\",\"potentialAction\":[{\"@type\":\"ReadAction\",\"target\":[\"https:\/\/dev6.erresse-shop.it\/de\/shop\/kleine-elektrogeraete\/kaffeemaschinen-espresso\/handbuecher\/smeg-manuelle-espresso-kaffeemaschine-mit-kaffeemuehle-creme\/\"]}]},{\"@type\":\"ImageObject\",\"inLanguage\":\"de\",\"@id\":\"https:\/\/dev6.erresse-shop.it\/de\/shop\/kleine-elektrogeraete\/kaffeemaschinen-espresso\/handbuecher\/smeg-manuelle-espresso-kaffeemaschine-mit-kaffeemuehle-creme\/#primaryimage\",\"url\":\"https:\/\/i3.wp.com\/interpim.erresse-shop.it\/wp-content\/uploads\/2023\/07\/SMEG-Macchina-da-Caffe\u0300-Espresso-Manuale-Panna.jpg\/smeg-macchina-da-caffe-cc-80-espresso-manuale-panna.jpg?ssl=1\",\"contentUrl\":\"https:\/\/i3.wp.com\/interpim.erresse-shop.it\/wp-content\/uploads\/2023\/07\/SMEG-Macchina-da-Caffe\u0300-Espresso-Manuale-Panna.jpg\/smeg-macchina-da-caffe-cc-80-espresso-manuale-panna.jpg?ssl=1\"},{\"@type\":\"BreadcrumbList\",\"@id\":\"https:\/\/dev6.erresse-shop.it\/de\/shop\/kleine-elektrogeraete\/kaffeemaschinen-espresso\/handbuecher\/smeg-manuelle-espresso-kaffeemaschine-mit-kaffeemuehle-creme\/#breadcrumb\",\"itemListElement\":[{\"@type\":\"ListItem\",\"position\":1,\"name\":\"Home\",\"item\":\"https:\/\/dev6.erresse-shop.it\/\"},{\"@type\":\"ListItem\",\"position\":2,\"name\":\"Shop\",\"item\":\"https:\/\/dev6.erresse-shop.it\/shop\/\"},{\"@type\":\"ListItem\",\"position\":3,\"name\":\"SMEG Manuelle Espresso-Kaffeemaschine mit Kaffeem\u00fchle Creme\"}]},{\"@type\":\"WebSite\",\"@id\":\"https:\/\/dev6.erresse-shop.it\/#website\",\"url\":\"https:\/\/dev6.erresse-shop.it\/\",\"name\":\"Erresse Shop\",\"description\":\"\",\"publisher\":{\"@id\":\"https:\/\/dev6.erresse-shop.it\/#organization\"},\"potentialAction\":[{\"@type\":\"SearchAction\",\"target\":{\"@type\":\"EntryPoint\",\"urlTemplate\":\"https:\/\/dev6.erresse-shop.it\/?s={search_term_string}\"},\"query-input\":{\"@type\":\"PropertyValueSpecification\",\"valueRequired\":true,\"valueName\":\"search_term_string\"}}],\"inLanguage\":\"de\"},{\"@type\":\"Organization\",\"@id\":\"https:\/\/dev6.erresse-shop.it\/#organization\",\"name\":\"Erresse Shop\",\"url\":\"https:\/\/dev6.erresse-shop.it\/\",\"logo\":{\"@type\":\"ImageObject\",\"inLanguage\":\"de\",\"@id\":\"https:\/\/dev6.erresse-shop.it\/#\/schema\/logo\/image\/\",\"url\":\"https:\/\/dev6.erresse-shop.it\/wp-content\/uploads\/2025\/01\/LOGO-ERRESSE-CLASSICO.svg\",\"contentUrl\":\"https:\/\/dev6.erresse-shop.it\/wp-content\/uploads\/2025\/01\/LOGO-ERRESSE-CLASSICO.svg\",\"caption\":\"Erresse Shop\"},\"image\":{\"@id\":\"https:\/\/dev6.erresse-shop.it\/#\/schema\/logo\/image\/\"}}]}<\/script>\n<!-- \/ Yoast SEO plugin. -->","yoast_head_json":{"title":"SMEG Manuelle Espresso-Kaffeemaschine mit Kaffeem\u00fchle Creme - dev6 Erresse","description":"SMEG 50er Jahre Serie Symbolische Begegnungsobjekte, Ikonen, die den Raum, den sie einnehmen, verwandeln, die neuen Kleinen der Linie Anni \u201950s, die in","robots":{"index":"noindex","follow":"follow","max-snippet":"max-snippet:-1","max-image-preview":"max-image-preview:large","max-video-preview":"max-video-preview:-1"},"og_locale":"de_DE","og_type":"article","og_title":"SMEG Manuelle Espresso-Kaffeemaschine mit Kaffeem\u00fchle Creme - dev6 Erresse","og_description":"SMEG 50er Jahre Serie Symbolische Begegnungsobjekte, Ikonen, die den Raum, den sie einnehmen, verwandeln, die neuen Kleinen der Linie Anni \u201950s, die in","og_url":"https:\/\/dev6.erresse-shop.it\/de\/shop\/kleine-elektrogeraete\/kaffeemaschinen-espresso\/handbuecher\/smeg-manuelle-espresso-kaffeemaschine-mit-kaffeemuehle-creme\/","og_site_name":"dev6 Erresse","og_image":[{"url":"https:\/\/interpim.erresse-shop.it\/wp-content\/uploads\/2023\/07\/SMEG-Macchina-da-Caffe\u0300-Espresso-Manuale-Panna.jpg\/smeg-macchina-da-caffe-cc-80-espresso-manuale-panna.jpg","type":"","width":"","height":""},{"url":"https:\/\/interpim.erresse-shop.it\/wp-content\/uploads\/2023\/07\/SMEG-Macchina-da-Caffe\u0300-Espresso-Manuale-Panna.jpg\/smeg-macchina-da-caffe-cc-80-espresso-manuale-panna.jpg","width":1024,"height":1024,"type":"image\/jpeg"}],"twitter_card":"summary_large_image","twitter_image":"https:\/\/interpim.erresse-shop.it\/wp-content\/uploads\/2023\/07\/SMEG-Macchina-da-Caffe\u0300-Espresso-Manuale-Panna.jpg\/smeg-macchina-da-caffe-cc-80-espresso-manuale-panna.jpg","schema":{"@context":"https:\/\/schema.org","@graph":[{"@type":"WebPage","@id":"https:\/\/dev6.erresse-shop.it\/de\/shop\/kleine-elektrogeraete\/kaffeemaschinen-espresso\/handbuecher\/smeg-manuelle-espresso-kaffeemaschine-mit-kaffeemuehle-creme\/","url":"https:\/\/dev6.erresse-shop.it\/de\/shop\/kleine-elektrogeraete\/kaffeemaschinen-espresso\/handbuecher\/smeg-manuelle-espresso-kaffeemaschine-mit-kaffeemuehle-creme\/","name":"SMEG Manuelle Espresso-Kaffeemaschine mit Kaffeem\u00fchle Creme - dev6 Erresse","isPartOf":{"@id":"https:\/\/dev6.erresse-shop.it\/#website"},"primaryImageOfPage":{"@id":"https:\/\/dev6.erresse-shop.it\/de\/shop\/kleine-elektrogeraete\/kaffeemaschinen-espresso\/handbuecher\/smeg-manuelle-espresso-kaffeemaschine-mit-kaffeemuehle-creme\/#primaryimage"},"image":{"@id":"https:\/\/dev6.erresse-shop.it\/de\/shop\/kleine-elektrogeraete\/kaffeemaschinen-espresso\/handbuecher\/smeg-manuelle-espresso-kaffeemaschine-mit-kaffeemuehle-creme\/#primaryimage"},"thumbnailUrl":"https:\/\/i3.wp.com\/interpim.erresse-shop.it\/wp-content\/uploads\/2023\/07\/SMEG-Macchina-da-Caffe\u0300-Espresso-Manuale-Panna.jpg\/smeg-macchina-da-caffe-cc-80-espresso-manuale-panna.jpg?ssl=1","datePublished":"2026-04-04T07:43:39+00:00","description":"SMEG 50er Jahre Serie Symbolische Begegnungsobjekte, Ikonen, die den Raum, den sie einnehmen, verwandeln, die neuen Kleinen der Linie Anni \u201950s, die in","breadcrumb":{"@id":"https:\/\/dev6.erresse-shop.it\/de\/shop\/kleine-elektrogeraete\/kaffeemaschinen-espresso\/handbuecher\/smeg-manuelle-espresso-kaffeemaschine-mit-kaffeemuehle-creme\/#breadcrumb"},"inLanguage":"de","potentialAction":[{"@type":"ReadAction","target":["https:\/\/dev6.erresse-shop.it\/de\/shop\/kleine-elektrogeraete\/kaffeemaschinen-espresso\/handbuecher\/smeg-manuelle-espresso-kaffeemaschine-mit-kaffeemuehle-creme\/"]}]},{"@type":"ImageObject","inLanguage":"de","@id":"https:\/\/dev6.erresse-shop.it\/de\/shop\/kleine-elektrogeraete\/kaffeemaschinen-espresso\/handbuecher\/smeg-manuelle-espresso-kaffeemaschine-mit-kaffeemuehle-creme\/#primaryimage","url":"https:\/\/i3.wp.com\/interpim.erresse-shop.it\/wp-content\/uploads\/2023\/07\/SMEG-Macchina-da-Caffe\u0300-Espresso-Manuale-Panna.jpg\/smeg-macchina-da-caffe-cc-80-espresso-manuale-panna.jpg?ssl=1","contentUrl":"https:\/\/i3.wp.com\/interpim.erresse-shop.it\/wp-content\/uploads\/2023\/07\/SMEG-Macchina-da-Caffe\u0300-Espresso-Manuale-Panna.jpg\/smeg-macchina-da-caffe-cc-80-espresso-manuale-panna.jpg?ssl=1"},{"@type":"BreadcrumbList","@id":"https:\/\/dev6.erresse-shop.it\/de\/shop\/kleine-elektrogeraete\/kaffeemaschinen-espresso\/handbuecher\/smeg-manuelle-espresso-kaffeemaschine-mit-kaffeemuehle-creme\/#breadcrumb","itemListElement":[{"@type":"ListItem","position":1,"name":"Home","item":"https:\/\/dev6.erresse-shop.it\/"},{"@type":"ListItem","position":2,"name":"Shop","item":"https:\/\/dev6.erresse-shop.it\/shop\/"},{"@type":"ListItem","position":3,"name":"SMEG Manuelle Espresso-Kaffeemaschine mit Kaffeem\u00fchle Creme"}]},{"@type":"WebSite","@id":"https:\/\/dev6.erresse-shop.it\/#website","url":"https:\/\/dev6.erresse-shop.it\/","name":"Erresse Shop","description":"","publisher":{"@id":"https:\/\/dev6.erresse-shop.it\/#organization"},"potentialAction":[{"@type":"SearchAction","target":{"@type":"EntryPoint","urlTemplate":"https:\/\/dev6.erresse-shop.it\/?s={search_term_string}"},"query-input":{"@type":"PropertyValueSpecification","valueRequired":true,"valueName":"search_term_string"}}],"inLanguage":"de"},{"@type":"Organization","@id":"https:\/\/dev6.erresse-shop.it\/#organization","name":"Erresse Shop","url":"https:\/\/dev6.erresse-shop.it\/","logo":{"@type":"ImageObject","inLanguage":"de","@id":"https:\/\/dev6.erresse-shop.it\/#\/schema\/logo\/image\/","url":"https:\/\/dev6.erresse-shop.it\/wp-content\/uploads\/2025\/01\/LOGO-ERRESSE-CLASSICO.svg","contentUrl":"https:\/\/dev6.erresse-shop.it\/wp-content\/uploads\/2025\/01\/LOGO-ERRESSE-CLASSICO.svg","caption":"Erresse Shop"},"image":{"@id":"https:\/\/dev6.erresse-shop.it\/#\/schema\/logo\/image\/"}}]}},"df_price":769,"df_sale_price":769,"df_regular_price":869,"df_image_link":"https:\/\/i3.wp.com\/interpim.erresse-shop.it\/wp-content\/uploads\/2023\/07\/SMEG-Macchina-da-Caffe\u0300-Espresso-Manuale-Panna.jpg\/smeg-macchina-da-caffe-cc-80-espresso-manuale-panna.jpg?resize=300,300&ssl=1","fifu_image_url":"https:\/\/interpim.erresse-shop.it\/wp-content\/uploads\/2023\/07\/SMEG-Macchina-da-Caffe\u0300-Espresso-Manuale-Panna.jpg\/smeg-macchina-da-caffe-cc-80-espresso-manuale-panna.jpg","_links":{"self":[{"href":"https:\/\/dev6.erresse-shop.it\/de\/wp-json\/wp\/v2\/product\/52795","targetHints":{"allow":["GET"]}}],"collection":[{"href":"https:\/\/dev6.erresse-shop.it\/de\/wp-json\/wp\/v2\/product"}],"about":[{"href":"https:\/\/dev6.erresse-shop.it\/de\/wp-json\/wp\/v2\/types\/product"}],"wp:featuredmedia":[{"embeddable":true,"href":"https:\/\/dev6.erresse-shop.it\/de\/wp-json\/wp\/v2\/media\/6279709"}],"wp:attachment":[{"href":"https:\/\/dev6.erresse-shop.it\/de\/wp-json\/wp\/v2\/media?parent=52795"}],"wp:term":[{"taxonomy":"product_cat","embeddable":true,"href":"https:\/\/dev6.erresse-shop.it\/de\/wp-json\/wp\/v2\/product_cat?post=52795"},{"taxonomy":"product_tag","embeddable":true,"href":"https:\/\/dev6.erresse-shop.it\/de\/wp-json\/wp\/v2\/product_tag?post=52795"}],"curies":[{"name":"wp","href":"https:\/\/api.w.org\/{rel}","templated":true}]}}