{"id":52779,"date":"2026-04-04T09:43:39","date_gmt":"2026-04-04T07:43:39","guid":{"rendered":"https:\/\/dev6.erresse-shop.it\/shop\/unkategorisiert\/zwilling-enfinigy-wasserkocher-1-l-schwarz\/"},"modified":"2025-07-03T20:53:53","modified_gmt":"2025-07-03T18:53:53","slug":"zwilling-enfinigy-wasserkocher-1-l-schwarz","status":"publish","type":"product","link":"https:\/\/dev6.erresse-shop.it\/de\/shop\/kleine-elektrogeraete\/elektrische-wasserkocher\/zwilling-enfinigy-wasserkocher-1-l-schwarz\/","title":{"rendered":"ZWILLING Enfinigy Wasserkocher 1 L Schwarz"},"content":{"rendered":"<p>Klein aber oho! Der 1-Liter-Wasserkocher ZWILLING ENGINIGY besticht durch seine Technik und sein Design. Entworfen in Mailand von dem Designteam Matteo Thun &amp; Antonio Rodriguez, besticht er durch seine moderne und unverwechselbare Form und integriert sich perfekt in die anderen ZWILLING ENFINIGY Produkte. Er ist klein und platzsparend. Die 1.850-Watt-K\u00fcchenmaschine ist doppelwandig: Das Innere besteht aus Edelstahl, das \u00c4u\u00dfere aus hochwertigem Kunststoff. Dadurch bleibt das Wasser im Inneren l\u00e4nger hei\u00df, w\u00e4hrend die Au\u00dfenseite des Wasserkochers k\u00fchl bleibt. Der Wasserkocher verf\u00fcgt \u00fcber einen stabilen und praktischen 360-Grad-Sockel mit automatischer Abschaltung f\u00fcr eine einfache und sehr sichere Verwendung. Sowohl f\u00fcr Links- als auch f\u00fcr Rechtsh\u00e4nder geeignet.<\/p>\n<p>Eigenschaften<br \/>\n\u2013 Farbe: Schwarz<br \/>\n\u2013 Material: Kunststoff<br \/>\n\u2013 Spannung: 220-240 V<br \/>\n\u2013 Frequenz: 50\/60 Hz<br \/>\n\u2013 Integrierte Kabeltrommel: Ja<br \/>\n\u2013 Leistungsaufnahme: 1.850 W<\/p>\n<p>Gr\u00f6\u00dfe:<br \/>\n\u2013 Nettogewicht: 1 kg<br \/>\n\u2013 Fassungsverm\u00f6gen: 1 l<br \/>\n\u2013 Produktl\u00e4nge: 13,50 cm<br \/>\n\u2013 Breite des Produkts: 13,50 cm<br \/>\n\u2013 H\u00f6he des Produkts: 21 cm<\/p>\n<p>Nicht zum Verkauf au\u00dferhalb Europas<\/p>\n","protected":false},"excerpt":{"rendered":"<p>Klein aber oho! Der 1-Liter-Wasserkocher ZWILLING ENGINIGY besticht durch seine Technik und sein Design. Entworfen in Mailand von dem Designteam Matteo Thun &amp; Antonio Rodriguez, besticht er durch seine moderne und unverwechselbare Form und integriert sich perfekt in die anderen ZWILLING ENFINIGY Produkte. Er ist klein und platzsparend. Die 1.850-Watt-K\u00fcchenmaschine ist doppelwandig: Das Innere besteht [&hellip;]<\/p>\n","protected":false},"featured_media":6279652,"template":"","meta":{"_acf_changed":false},"product_cat":[12166,12163],"product_tag":[],"class_list":{"0":"post-52779","1":"product","2":"type-product","3":"status-publish","4":"has-post-thumbnail","6":"product_cat-elektrische-wasserkocher","7":"product_cat-kleine-elektrogeraete","9":"first","10":"instock","11":"sale","12":"taxable","13":"shipping-taxable","14":"purchasable","15":"product-type-simple","swatches":"rey-swatches","show_selected":"","stretch_labels":"rey-swatches--stretch-labels"},"acf":[],"yoast_head":"<!-- This site is optimized with the Yoast SEO plugin v25.4 - https:\/\/yoast.com\/wordpress\/plugins\/seo\/ -->\n<title>ZWILLING Enfinigy Wasserkocher 1 L Schwarz - dev6 Erresse<\/title>\n<meta name=\"description\" content=\"Klein aber oho! Der 1-Liter-Wasserkocher ZWILLING ENGINIGY besticht durch seine Technik und sein Design. Entworfen in Mailand von dem Designteam Matteo\" \/>\n<meta name=\"robots\" content=\"noindex, follow, max-snippet:-1, max-image-preview:large, max-video-preview:-1\" \/>\n<meta property=\"og:locale\" content=\"de_DE\" \/>\n<meta property=\"og:type\" content=\"article\" \/>\n<meta property=\"og:title\" content=\"ZWILLING Enfinigy Wasserkocher 1 L Schwarz - dev6 Erresse\" \/>\n<meta property=\"og:description\" content=\"Klein aber oho! Der 1-Liter-Wasserkocher ZWILLING ENGINIGY besticht durch seine Technik und sein Design. Entworfen in Mailand von dem Designteam Matteo\" \/>\n<meta property=\"og:url\" content=\"https:\/\/dev6.erresse-shop.it\/de\/shop\/kleine-elektrogeraete\/elektrische-wasserkocher\/zwilling-enfinigy-wasserkocher-1-l-schwarz\/\" \/>\n<meta property=\"og:site_name\" content=\"dev6 Erresse\" \/>\n<meta property=\"og:image\" content=\"https:\/\/interpim.erresse-shop.it\/img-catalogo\/zwilling\/zwilling-enfinigy-bollitore-elettrico-1-l-nero.jpg\" \/><meta property=\"og:image\" content=\"https:\/\/interpim.erresse-shop.it\/img-catalogo\/zwilling\/zwilling-enfinigy-bollitore-elettrico-1-l-nero.jpg\" \/>\n\t<meta property=\"og:image:width\" content=\"1024\" \/>\n\t<meta property=\"og:image:height\" content=\"1024\" \/>\n\t<meta property=\"og:image:type\" content=\"image\/jpeg\" \/>\n<meta name=\"twitter:card\" content=\"summary_large_image\" \/>\n<meta name=\"twitter:image\" content=\"https:\/\/interpim.erresse-shop.it\/img-catalogo\/zwilling\/zwilling-enfinigy-bollitore-elettrico-1-l-nero.jpg\" \/>\n<script type=\"application\/ld+json\" class=\"yoast-schema-graph\">{\"@context\":\"https:\/\/schema.org\",\"@graph\":[{\"@type\":\"WebPage\",\"@id\":\"https:\/\/dev6.erresse-shop.it\/de\/shop\/kleine-elektrogeraete\/elektrische-wasserkocher\/zwilling-enfinigy-wasserkocher-1-l-schwarz\/\",\"url\":\"https:\/\/dev6.erresse-shop.it\/de\/shop\/kleine-elektrogeraete\/elektrische-wasserkocher\/zwilling-enfinigy-wasserkocher-1-l-schwarz\/\",\"name\":\"ZWILLING Enfinigy Wasserkocher 1 L Schwarz - dev6 Erresse\",\"isPartOf\":{\"@id\":\"https:\/\/dev6.erresse-shop.it\/#website\"},\"primaryImageOfPage\":{\"@id\":\"https:\/\/dev6.erresse-shop.it\/de\/shop\/kleine-elektrogeraete\/elektrische-wasserkocher\/zwilling-enfinigy-wasserkocher-1-l-schwarz\/#primaryimage\"},\"image\":{\"@id\":\"https:\/\/dev6.erresse-shop.it\/de\/shop\/kleine-elektrogeraete\/elektrische-wasserkocher\/zwilling-enfinigy-wasserkocher-1-l-schwarz\/#primaryimage\"},\"thumbnailUrl\":\"https:\/\/i3.wp.com\/interpim.erresse-shop.it\/img-catalogo\/zwilling\/zwilling-enfinigy-bollitore-elettrico-1-l-nero.jpg?ssl=1\",\"datePublished\":\"2026-04-04T07:43:39+00:00\",\"description\":\"Klein aber oho! Der 1-Liter-Wasserkocher ZWILLING ENGINIGY besticht durch seine Technik und sein Design. Entworfen in Mailand von dem Designteam Matteo\",\"breadcrumb\":{\"@id\":\"https:\/\/dev6.erresse-shop.it\/de\/shop\/kleine-elektrogeraete\/elektrische-wasserkocher\/zwilling-enfinigy-wasserkocher-1-l-schwarz\/#breadcrumb\"},\"inLanguage\":\"de\",\"potentialAction\":[{\"@type\":\"ReadAction\",\"target\":[\"https:\/\/dev6.erresse-shop.it\/de\/shop\/kleine-elektrogeraete\/elektrische-wasserkocher\/zwilling-enfinigy-wasserkocher-1-l-schwarz\/\"]}]},{\"@type\":\"ImageObject\",\"inLanguage\":\"de\",\"@id\":\"https:\/\/dev6.erresse-shop.it\/de\/shop\/kleine-elektrogeraete\/elektrische-wasserkocher\/zwilling-enfinigy-wasserkocher-1-l-schwarz\/#primaryimage\",\"url\":\"https:\/\/i3.wp.com\/interpim.erresse-shop.it\/img-catalogo\/zwilling\/zwilling-enfinigy-bollitore-elettrico-1-l-nero.jpg?ssl=1\",\"contentUrl\":\"https:\/\/i3.wp.com\/interpim.erresse-shop.it\/img-catalogo\/zwilling\/zwilling-enfinigy-bollitore-elettrico-1-l-nero.jpg?ssl=1\"},{\"@type\":\"BreadcrumbList\",\"@id\":\"https:\/\/dev6.erresse-shop.it\/de\/shop\/kleine-elektrogeraete\/elektrische-wasserkocher\/zwilling-enfinigy-wasserkocher-1-l-schwarz\/#breadcrumb\",\"itemListElement\":[{\"@type\":\"ListItem\",\"position\":1,\"name\":\"Home\",\"item\":\"https:\/\/dev6.erresse-shop.it\/\"},{\"@type\":\"ListItem\",\"position\":2,\"name\":\"Shop\",\"item\":\"https:\/\/dev6.erresse-shop.it\/shop\/\"},{\"@type\":\"ListItem\",\"position\":3,\"name\":\"ZWILLING Enfinigy Wasserkocher 1 L Schwarz\"}]},{\"@type\":\"WebSite\",\"@id\":\"https:\/\/dev6.erresse-shop.it\/#website\",\"url\":\"https:\/\/dev6.erresse-shop.it\/\",\"name\":\"Erresse Shop\",\"description\":\"\",\"publisher\":{\"@id\":\"https:\/\/dev6.erresse-shop.it\/#organization\"},\"potentialAction\":[{\"@type\":\"SearchAction\",\"target\":{\"@type\":\"EntryPoint\",\"urlTemplate\":\"https:\/\/dev6.erresse-shop.it\/?s={search_term_string}\"},\"query-input\":{\"@type\":\"PropertyValueSpecification\",\"valueRequired\":true,\"valueName\":\"search_term_string\"}}],\"inLanguage\":\"de\"},{\"@type\":\"Organization\",\"@id\":\"https:\/\/dev6.erresse-shop.it\/#organization\",\"name\":\"Erresse Shop\",\"url\":\"https:\/\/dev6.erresse-shop.it\/\",\"logo\":{\"@type\":\"ImageObject\",\"inLanguage\":\"de\",\"@id\":\"https:\/\/dev6.erresse-shop.it\/#\/schema\/logo\/image\/\",\"url\":\"https:\/\/dev6.erresse-shop.it\/wp-content\/uploads\/2025\/01\/LOGO-ERRESSE-CLASSICO.svg\",\"contentUrl\":\"https:\/\/dev6.erresse-shop.it\/wp-content\/uploads\/2025\/01\/LOGO-ERRESSE-CLASSICO.svg\",\"caption\":\"Erresse Shop\"},\"image\":{\"@id\":\"https:\/\/dev6.erresse-shop.it\/#\/schema\/logo\/image\/\"}}]}<\/script>\n<!-- \/ Yoast SEO plugin. -->","yoast_head_json":{"title":"ZWILLING Enfinigy Wasserkocher 1 L Schwarz - dev6 Erresse","description":"Klein aber oho! Der 1-Liter-Wasserkocher ZWILLING ENGINIGY besticht durch seine Technik und sein Design. Entworfen in Mailand von dem Designteam Matteo","robots":{"index":"noindex","follow":"follow","max-snippet":"max-snippet:-1","max-image-preview":"max-image-preview:large","max-video-preview":"max-video-preview:-1"},"og_locale":"de_DE","og_type":"article","og_title":"ZWILLING Enfinigy Wasserkocher 1 L Schwarz - dev6 Erresse","og_description":"Klein aber oho! Der 1-Liter-Wasserkocher ZWILLING ENGINIGY besticht durch seine Technik und sein Design. Entworfen in Mailand von dem Designteam Matteo","og_url":"https:\/\/dev6.erresse-shop.it\/de\/shop\/kleine-elektrogeraete\/elektrische-wasserkocher\/zwilling-enfinigy-wasserkocher-1-l-schwarz\/","og_site_name":"dev6 Erresse","og_image":[{"url":"https:\/\/interpim.erresse-shop.it\/img-catalogo\/zwilling\/zwilling-enfinigy-bollitore-elettrico-1-l-nero.jpg","type":"","width":"","height":""},{"url":"https:\/\/interpim.erresse-shop.it\/img-catalogo\/zwilling\/zwilling-enfinigy-bollitore-elettrico-1-l-nero.jpg","width":1024,"height":1024,"type":"image\/jpeg"}],"twitter_card":"summary_large_image","twitter_image":"https:\/\/interpim.erresse-shop.it\/img-catalogo\/zwilling\/zwilling-enfinigy-bollitore-elettrico-1-l-nero.jpg","schema":{"@context":"https:\/\/schema.org","@graph":[{"@type":"WebPage","@id":"https:\/\/dev6.erresse-shop.it\/de\/shop\/kleine-elektrogeraete\/elektrische-wasserkocher\/zwilling-enfinigy-wasserkocher-1-l-schwarz\/","url":"https:\/\/dev6.erresse-shop.it\/de\/shop\/kleine-elektrogeraete\/elektrische-wasserkocher\/zwilling-enfinigy-wasserkocher-1-l-schwarz\/","name":"ZWILLING Enfinigy Wasserkocher 1 L Schwarz - dev6 Erresse","isPartOf":{"@id":"https:\/\/dev6.erresse-shop.it\/#website"},"primaryImageOfPage":{"@id":"https:\/\/dev6.erresse-shop.it\/de\/shop\/kleine-elektrogeraete\/elektrische-wasserkocher\/zwilling-enfinigy-wasserkocher-1-l-schwarz\/#primaryimage"},"image":{"@id":"https:\/\/dev6.erresse-shop.it\/de\/shop\/kleine-elektrogeraete\/elektrische-wasserkocher\/zwilling-enfinigy-wasserkocher-1-l-schwarz\/#primaryimage"},"thumbnailUrl":"https:\/\/i3.wp.com\/interpim.erresse-shop.it\/img-catalogo\/zwilling\/zwilling-enfinigy-bollitore-elettrico-1-l-nero.jpg?ssl=1","datePublished":"2026-04-04T07:43:39+00:00","description":"Klein aber oho! Der 1-Liter-Wasserkocher ZWILLING ENGINIGY besticht durch seine Technik und sein Design. Entworfen in Mailand von dem Designteam Matteo","breadcrumb":{"@id":"https:\/\/dev6.erresse-shop.it\/de\/shop\/kleine-elektrogeraete\/elektrische-wasserkocher\/zwilling-enfinigy-wasserkocher-1-l-schwarz\/#breadcrumb"},"inLanguage":"de","potentialAction":[{"@type":"ReadAction","target":["https:\/\/dev6.erresse-shop.it\/de\/shop\/kleine-elektrogeraete\/elektrische-wasserkocher\/zwilling-enfinigy-wasserkocher-1-l-schwarz\/"]}]},{"@type":"ImageObject","inLanguage":"de","@id":"https:\/\/dev6.erresse-shop.it\/de\/shop\/kleine-elektrogeraete\/elektrische-wasserkocher\/zwilling-enfinigy-wasserkocher-1-l-schwarz\/#primaryimage","url":"https:\/\/i3.wp.com\/interpim.erresse-shop.it\/img-catalogo\/zwilling\/zwilling-enfinigy-bollitore-elettrico-1-l-nero.jpg?ssl=1","contentUrl":"https:\/\/i3.wp.com\/interpim.erresse-shop.it\/img-catalogo\/zwilling\/zwilling-enfinigy-bollitore-elettrico-1-l-nero.jpg?ssl=1"},{"@type":"BreadcrumbList","@id":"https:\/\/dev6.erresse-shop.it\/de\/shop\/kleine-elektrogeraete\/elektrische-wasserkocher\/zwilling-enfinigy-wasserkocher-1-l-schwarz\/#breadcrumb","itemListElement":[{"@type":"ListItem","position":1,"name":"Home","item":"https:\/\/dev6.erresse-shop.it\/"},{"@type":"ListItem","position":2,"name":"Shop","item":"https:\/\/dev6.erresse-shop.it\/shop\/"},{"@type":"ListItem","position":3,"name":"ZWILLING Enfinigy Wasserkocher 1 L Schwarz"}]},{"@type":"WebSite","@id":"https:\/\/dev6.erresse-shop.it\/#website","url":"https:\/\/dev6.erresse-shop.it\/","name":"Erresse Shop","description":"","publisher":{"@id":"https:\/\/dev6.erresse-shop.it\/#organization"},"potentialAction":[{"@type":"SearchAction","target":{"@type":"EntryPoint","urlTemplate":"https:\/\/dev6.erresse-shop.it\/?s={search_term_string}"},"query-input":{"@type":"PropertyValueSpecification","valueRequired":true,"valueName":"search_term_string"}}],"inLanguage":"de"},{"@type":"Organization","@id":"https:\/\/dev6.erresse-shop.it\/#organization","name":"Erresse Shop","url":"https:\/\/dev6.erresse-shop.it\/","logo":{"@type":"ImageObject","inLanguage":"de","@id":"https:\/\/dev6.erresse-shop.it\/#\/schema\/logo\/image\/","url":"https:\/\/dev6.erresse-shop.it\/wp-content\/uploads\/2025\/01\/LOGO-ERRESSE-CLASSICO.svg","contentUrl":"https:\/\/dev6.erresse-shop.it\/wp-content\/uploads\/2025\/01\/LOGO-ERRESSE-CLASSICO.svg","caption":"Erresse Shop"},"image":{"@id":"https:\/\/dev6.erresse-shop.it\/#\/schema\/logo\/image\/"}}]}},"df_price":69,"df_sale_price":69,"df_regular_price":69.95,"df_image_link":"https:\/\/i3.wp.com\/interpim.erresse-shop.it\/img-catalogo\/zwilling\/zwilling-enfinigy-bollitore-elettrico-1-l-nero.jpg?resize=300,300&ssl=1","fifu_image_url":"https:\/\/interpim.erresse-shop.it\/img-catalogo\/zwilling\/zwilling-enfinigy-bollitore-elettrico-1-l-nero.jpg","_links":{"self":[{"href":"https:\/\/dev6.erresse-shop.it\/de\/wp-json\/wp\/v2\/product\/52779","targetHints":{"allow":["GET"]}}],"collection":[{"href":"https:\/\/dev6.erresse-shop.it\/de\/wp-json\/wp\/v2\/product"}],"about":[{"href":"https:\/\/dev6.erresse-shop.it\/de\/wp-json\/wp\/v2\/types\/product"}],"wp:featuredmedia":[{"embeddable":true,"href":"https:\/\/dev6.erresse-shop.it\/de\/wp-json\/wp\/v2\/media\/6279652"}],"wp:attachment":[{"href":"https:\/\/dev6.erresse-shop.it\/de\/wp-json\/wp\/v2\/media?parent=52779"}],"wp:term":[{"taxonomy":"product_cat","embeddable":true,"href":"https:\/\/dev6.erresse-shop.it\/de\/wp-json\/wp\/v2\/product_cat?post=52779"},{"taxonomy":"product_tag","embeddable":true,"href":"https:\/\/dev6.erresse-shop.it\/de\/wp-json\/wp\/v2\/product_tag?post=52779"}],"curies":[{"name":"wp","href":"https:\/\/api.w.org\/{rel}","templated":true}]}}