{"id":52773,"date":"2026-04-12T09:45:44","date_gmt":"2026-04-12T07:45:44","guid":{"rendered":"https:\/\/dev6.erresse-shop.it\/shop\/unkategorisiert\/kitchenaid-planetenmischer-mini-33-l-imperial-rot\/"},"modified":"2025-09-14T01:16:31","modified_gmt":"2025-09-13T23:16:31","slug":"kitchenaid-planetenmischer-mini-33-l-imperial-rot","status":"publish","type":"product","link":"https:\/\/dev6.erresse-shop.it\/de\/shop\/kleine-elektrogeraete\/knetmaschinen\/kitchenaid-planetenmischer-mini-33-l-imperial-rot\/","title":{"rendered":"KITCHENAID Planetenmischer Mini 3,3 L Imperial Rot"},"content":{"rendered":"<p>Mini-Planetenmaschine f\u00fcr k\u00f6stliche hausgemachte Gerichte<\/p>\n<p>Die 3,3-Liter-K\u00fcchenmaschine von KitchenAid mag klein sein, aber in ihr stecken 100 Jahre Erfahrung. Sie hat dasselbe kultige, runde Design, dieselbe Langlebigkeit und Vielseitigkeit, die KitchenAid zur NUMMER 1 PLANET\u00c4RENMARKE DER WELT gemacht haben. Ob Sie nun Kekse, Kartoffelp\u00fcree, Hackbraten oder Brot zubereiten, er wird Sie nie im Stich lassen.<\/p>\n<p>Dieser Mini-Planetenmixer k\u00f6nnte die perfekte L\u00f6sung sein. Er ist eine wundersch\u00f6ne Version des Modells mit 4,8 l Fassungsverm\u00f6gen, genauso vielseitig und robust, aber 25 % leichter und 20 % kleiner. Schlagen, r\u00fchren, mischen, hacken, kneten oder p\u00fcrieren: Der 3,3-Liter-Mixer von KitchenAid kann all das und noch mehr.<\/p>\n<p>Planetenbewegung und Pr\u00e4zisionsgeschwindigkeit<\/p>\n<p>Der KitchenAid-Planetenmixer war die erste K\u00fcchenmaschine mit \u201cPlanetenbewegung\u201d. Was bedeutet das? Es bedeutet, dass sich die Quirlwelle in eine Richtung und die Aufs\u00e4tze in die andere Richtung drehen und dabei mindestens 69 Kontaktpunkte in der Sch\u00fcssel erreichen. Die hohe Anzahl an Ber\u00fchrungspunkten bedeutet, dass die \u00fcberlappende Bewegung der Schneebesenwelle die Zutaten in die Mitte dr\u00fcckt, ohne Zutaten auszulassen.<\/p>\n<p>Dieser Mini-Planetenmixer von KitchenAid verf\u00fcgt \u00fcber 10 Geschwindigkeitsstufen, um Ihnen die Pr\u00e4zision zu bieten, die Sie f\u00fcr die jeweilige Aufgabe ben\u00f6tigen. Bewegen Sie einfach den Geschwindigkeitsregler und lassen Sie den Planetenmixer alles erledigen. Egal, ob Sie Pfannkuchenteig mixen, Brot kneten, Sahne schlagen oder H\u00e4hnchen zerkleinern. W\u00e4hlen Sie die Stufe 1 zum sanften Mixen, die Stufen bis 6 zum Schlagen und Mischen und die Stufe 10 zum schnellen Aufschlagen.<\/p>\n<p>Welche Portionen werden unterst\u00fctzt?<\/p>\n<p>Der KitchenAid 3,3-Liter-Planetenmixer ist ideal f\u00fcr kleine bis mittlere Mengen. Dank der robusten Edelstahlsch\u00fcssel k\u00f6nnen Sie bis zu 60 Kekse mischen. Es ist genug f\u00fcr alle da!<\/p>\n<p>Genie\u00dfen Sie die leichtere Seite des Lebens<\/p>\n<p>Der Mini-Planetenmixer von KitchenAid ist kompakter und leichter als andere Modelle, nimmt weniger Platz auf der Arbeitsfl\u00e4che ein und l\u00e4sst sich leichter transportieren und verstauen.<br \/>\nDas Design dieses Planetenr\u00fchrers mit zur\u00fcckklappbarem Kopf macht das Aufstellen noch einfacher. Rasten Sie einfach die Sch\u00fcssel ein, setzen Sie den Schneebesen Ihrer Wahl ein und senken Sie den Kopf ab. Dann schieben Sie den Geschwindigkeitshebel zum Starten.<br \/>\nAuch die Reinigung ist einfach. Wenn Sie fertig sind, k\u00f6nnen Sie die Sch\u00fcssel, den flachen Schneebesen und den Knethaken in den Geschirrsp\u00fcler stellen und den Schneebesen mit warmem Seifenwasser waschen. Nichts k\u00f6nnte einfacher sein.<\/p>\n<p>Technische Daten:<\/p>\n<p>Spannung: 220-240 V<br \/>\nLeistung: 250 W<br \/>\nFrequenz: 50\/60 Hz<br \/>\nKabell\u00e4nge: 120 cm<\/p>\n<p>Ausf\u00fchrung mit verstellbarem Kopf<br \/>\nPlanetengetriebe und 10 Geschwindigkeiten<br \/>\n3 Mischzubeh\u00f6rteile<br \/>\nRobustes Geh\u00e4use aus Metalldruckguss<br \/>\n5 Jahre Garantie<\/p>\n","protected":false},"excerpt":{"rendered":"<p>Mini-Planetenmaschine f\u00fcr k\u00f6stliche hausgemachte Gerichte Die 3,3-Liter-K\u00fcchenmaschine von KitchenAid mag klein sein, aber in ihr stecken 100 Jahre Erfahrung. Sie hat dasselbe kultige, runde Design, dieselbe Langlebigkeit und Vielseitigkeit, die KitchenAid zur NUMMER 1 PLANET\u00c4RENMARKE DER WELT gemacht haben. Ob Sie nun Kekse, Kartoffelp\u00fcree, Hackbraten oder Brot zubereiten, er wird Sie nie im Stich lassen. [&hellip;]<\/p>\n","protected":false},"featured_media":6362876,"template":"","meta":{"_acf_changed":false},"product_cat":[12163,12196],"product_tag":[],"class_list":{"0":"post-52773","1":"product","2":"type-product","3":"status-publish","4":"has-post-thumbnail","6":"product_cat-kleine-elektrogeraete","7":"product_cat-knetmaschinen","9":"first","10":"instock","11":"sale","12":"taxable","13":"shipping-taxable","14":"purchasable","15":"product-type-simple","swatches":"rey-swatches","show_selected":"","stretch_labels":"rey-swatches--stretch-labels"},"acf":[],"yoast_head":"<!-- This site is optimized with the Yoast SEO plugin v25.4 - https:\/\/yoast.com\/wordpress\/plugins\/seo\/ -->\n<title>KITCHENAID Planetenmischer Mini 3,3 L Imperial Rot - dev6 Erresse<\/title>\n<meta name=\"description\" content=\"Mini-Planetenmaschine f\u00fcr k\u00f6stliche hausgemachte Gerichte Die 3,3-Liter-K\u00fcchenmaschine von KitchenAid mag klein sein, aber in ihr stecken 100 Jahre\" \/>\n<meta name=\"robots\" content=\"noindex, follow, max-snippet:-1, max-image-preview:large, max-video-preview:-1\" \/>\n<meta property=\"og:locale\" content=\"de_DE\" \/>\n<meta property=\"og:type\" content=\"article\" \/>\n<meta property=\"og:title\" content=\"KITCHENAID Planetenmischer Mini 3,3 L Imperial Rot - dev6 Erresse\" \/>\n<meta property=\"og:description\" content=\"Mini-Planetenmaschine f\u00fcr k\u00f6stliche hausgemachte Gerichte Die 3,3-Liter-K\u00fcchenmaschine von KitchenAid mag klein sein, aber in ihr stecken 100 Jahre\" \/>\n<meta property=\"og:url\" content=\"https:\/\/dev6.erresse-shop.it\/de\/shop\/kleine-elektrogeraete\/knetmaschinen\/kitchenaid-planetenmischer-mini-33-l-imperial-rot\/\" \/>\n<meta property=\"og:site_name\" content=\"dev6 Erresse\" \/>\n<meta property=\"og:image\" content=\"https:\/\/interpim.erresse-shop.it\/Import\/Prodotti\/kitchenaid-planetaria-mini-33-l-rosso-imperiale.jpg\" \/><meta property=\"og:image\" content=\"https:\/\/interpim.erresse-shop.it\/Import\/Prodotti\/kitchenaid-planetaria-mini-33-l-rosso-imperiale.jpg\" \/>\n\t<meta property=\"og:image:width\" content=\"1024\" \/>\n\t<meta property=\"og:image:height\" content=\"1024\" \/>\n\t<meta property=\"og:image:type\" content=\"image\/jpeg\" \/>\n<meta name=\"twitter:card\" content=\"summary_large_image\" \/>\n<meta name=\"twitter:image\" content=\"https:\/\/interpim.erresse-shop.it\/Import\/Prodotti\/kitchenaid-planetaria-mini-33-l-rosso-imperiale.jpg\" \/>\n<script type=\"application\/ld+json\" class=\"yoast-schema-graph\">{\"@context\":\"https:\/\/schema.org\",\"@graph\":[{\"@type\":\"WebPage\",\"@id\":\"https:\/\/dev6.erresse-shop.it\/de\/shop\/kleine-elektrogeraete\/knetmaschinen\/kitchenaid-planetenmischer-mini-33-l-imperial-rot\/\",\"url\":\"https:\/\/dev6.erresse-shop.it\/de\/shop\/kleine-elektrogeraete\/knetmaschinen\/kitchenaid-planetenmischer-mini-33-l-imperial-rot\/\",\"name\":\"KITCHENAID Planetenmischer Mini 3,3 L Imperial Rot - dev6 Erresse\",\"isPartOf\":{\"@id\":\"https:\/\/dev6.erresse-shop.it\/#website\"},\"primaryImageOfPage\":{\"@id\":\"https:\/\/dev6.erresse-shop.it\/de\/shop\/kleine-elektrogeraete\/knetmaschinen\/kitchenaid-planetenmischer-mini-33-l-imperial-rot\/#primaryimage\"},\"image\":{\"@id\":\"https:\/\/dev6.erresse-shop.it\/de\/shop\/kleine-elektrogeraete\/knetmaschinen\/kitchenaid-planetenmischer-mini-33-l-imperial-rot\/#primaryimage\"},\"thumbnailUrl\":\"https:\/\/i0.wp.com\/interpim.erresse-shop.it\/Import\/Prodotti\/kitchenaid-planetaria-mini-33-l-rosso-imperiale.jpg?ssl=1\",\"datePublished\":\"2026-04-12T07:45:44+00:00\",\"description\":\"Mini-Planetenmaschine f\u00fcr k\u00f6stliche hausgemachte Gerichte Die 3,3-Liter-K\u00fcchenmaschine von KitchenAid mag klein sein, aber in ihr stecken 100 Jahre\",\"breadcrumb\":{\"@id\":\"https:\/\/dev6.erresse-shop.it\/de\/shop\/kleine-elektrogeraete\/knetmaschinen\/kitchenaid-planetenmischer-mini-33-l-imperial-rot\/#breadcrumb\"},\"inLanguage\":\"de\",\"potentialAction\":[{\"@type\":\"ReadAction\",\"target\":[\"https:\/\/dev6.erresse-shop.it\/de\/shop\/kleine-elektrogeraete\/knetmaschinen\/kitchenaid-planetenmischer-mini-33-l-imperial-rot\/\"]}]},{\"@type\":\"ImageObject\",\"inLanguage\":\"de\",\"@id\":\"https:\/\/dev6.erresse-shop.it\/de\/shop\/kleine-elektrogeraete\/knetmaschinen\/kitchenaid-planetenmischer-mini-33-l-imperial-rot\/#primaryimage\",\"url\":\"https:\/\/i0.wp.com\/interpim.erresse-shop.it\/Import\/Prodotti\/kitchenaid-planetaria-mini-33-l-rosso-imperiale.jpg?ssl=1\",\"contentUrl\":\"https:\/\/i0.wp.com\/interpim.erresse-shop.it\/Import\/Prodotti\/kitchenaid-planetaria-mini-33-l-rosso-imperiale.jpg?ssl=1\"},{\"@type\":\"BreadcrumbList\",\"@id\":\"https:\/\/dev6.erresse-shop.it\/de\/shop\/kleine-elektrogeraete\/knetmaschinen\/kitchenaid-planetenmischer-mini-33-l-imperial-rot\/#breadcrumb\",\"itemListElement\":[{\"@type\":\"ListItem\",\"position\":1,\"name\":\"Home\",\"item\":\"https:\/\/dev6.erresse-shop.it\/\"},{\"@type\":\"ListItem\",\"position\":2,\"name\":\"Shop\",\"item\":\"https:\/\/dev6.erresse-shop.it\/shop\/\"},{\"@type\":\"ListItem\",\"position\":3,\"name\":\"KITCHENAID Planetenmischer Mini 3,3 L Imperial Rot\"}]},{\"@type\":\"WebSite\",\"@id\":\"https:\/\/dev6.erresse-shop.it\/#website\",\"url\":\"https:\/\/dev6.erresse-shop.it\/\",\"name\":\"Erresse Shop\",\"description\":\"\",\"publisher\":{\"@id\":\"https:\/\/dev6.erresse-shop.it\/#organization\"},\"potentialAction\":[{\"@type\":\"SearchAction\",\"target\":{\"@type\":\"EntryPoint\",\"urlTemplate\":\"https:\/\/dev6.erresse-shop.it\/?s={search_term_string}\"},\"query-input\":{\"@type\":\"PropertyValueSpecification\",\"valueRequired\":true,\"valueName\":\"search_term_string\"}}],\"inLanguage\":\"de\"},{\"@type\":\"Organization\",\"@id\":\"https:\/\/dev6.erresse-shop.it\/#organization\",\"name\":\"Erresse Shop\",\"url\":\"https:\/\/dev6.erresse-shop.it\/\",\"logo\":{\"@type\":\"ImageObject\",\"inLanguage\":\"de\",\"@id\":\"https:\/\/dev6.erresse-shop.it\/#\/schema\/logo\/image\/\",\"url\":\"https:\/\/dev6.erresse-shop.it\/wp-content\/uploads\/2025\/01\/LOGO-ERRESSE-CLASSICO.svg\",\"contentUrl\":\"https:\/\/dev6.erresse-shop.it\/wp-content\/uploads\/2025\/01\/LOGO-ERRESSE-CLASSICO.svg\",\"caption\":\"Erresse Shop\"},\"image\":{\"@id\":\"https:\/\/dev6.erresse-shop.it\/#\/schema\/logo\/image\/\"}}]}<\/script>\n<!-- \/ Yoast SEO plugin. -->","yoast_head_json":{"title":"KITCHENAID Planetenmischer Mini 3,3 L Imperial Rot - dev6 Erresse","description":"Mini-Planetenmaschine f\u00fcr k\u00f6stliche hausgemachte Gerichte Die 3,3-Liter-K\u00fcchenmaschine von KitchenAid mag klein sein, aber in ihr stecken 100 Jahre","robots":{"index":"noindex","follow":"follow","max-snippet":"max-snippet:-1","max-image-preview":"max-image-preview:large","max-video-preview":"max-video-preview:-1"},"og_locale":"de_DE","og_type":"article","og_title":"KITCHENAID Planetenmischer Mini 3,3 L Imperial Rot - dev6 Erresse","og_description":"Mini-Planetenmaschine f\u00fcr k\u00f6stliche hausgemachte Gerichte Die 3,3-Liter-K\u00fcchenmaschine von KitchenAid mag klein sein, aber in ihr stecken 100 Jahre","og_url":"https:\/\/dev6.erresse-shop.it\/de\/shop\/kleine-elektrogeraete\/knetmaschinen\/kitchenaid-planetenmischer-mini-33-l-imperial-rot\/","og_site_name":"dev6 Erresse","og_image":[{"url":"https:\/\/interpim.erresse-shop.it\/Import\/Prodotti\/kitchenaid-planetaria-mini-33-l-rosso-imperiale.jpg","type":"","width":"","height":""},{"url":"https:\/\/interpim.erresse-shop.it\/Import\/Prodotti\/kitchenaid-planetaria-mini-33-l-rosso-imperiale.jpg","width":1024,"height":1024,"type":"image\/jpeg"}],"twitter_card":"summary_large_image","twitter_image":"https:\/\/interpim.erresse-shop.it\/Import\/Prodotti\/kitchenaid-planetaria-mini-33-l-rosso-imperiale.jpg","schema":{"@context":"https:\/\/schema.org","@graph":[{"@type":"WebPage","@id":"https:\/\/dev6.erresse-shop.it\/de\/shop\/kleine-elektrogeraete\/knetmaschinen\/kitchenaid-planetenmischer-mini-33-l-imperial-rot\/","url":"https:\/\/dev6.erresse-shop.it\/de\/shop\/kleine-elektrogeraete\/knetmaschinen\/kitchenaid-planetenmischer-mini-33-l-imperial-rot\/","name":"KITCHENAID Planetenmischer Mini 3,3 L Imperial Rot - dev6 Erresse","isPartOf":{"@id":"https:\/\/dev6.erresse-shop.it\/#website"},"primaryImageOfPage":{"@id":"https:\/\/dev6.erresse-shop.it\/de\/shop\/kleine-elektrogeraete\/knetmaschinen\/kitchenaid-planetenmischer-mini-33-l-imperial-rot\/#primaryimage"},"image":{"@id":"https:\/\/dev6.erresse-shop.it\/de\/shop\/kleine-elektrogeraete\/knetmaschinen\/kitchenaid-planetenmischer-mini-33-l-imperial-rot\/#primaryimage"},"thumbnailUrl":"https:\/\/i0.wp.com\/interpim.erresse-shop.it\/Import\/Prodotti\/kitchenaid-planetaria-mini-33-l-rosso-imperiale.jpg?ssl=1","datePublished":"2026-04-12T07:45:44+00:00","description":"Mini-Planetenmaschine f\u00fcr k\u00f6stliche hausgemachte Gerichte Die 3,3-Liter-K\u00fcchenmaschine von KitchenAid mag klein sein, aber in ihr stecken 100 Jahre","breadcrumb":{"@id":"https:\/\/dev6.erresse-shop.it\/de\/shop\/kleine-elektrogeraete\/knetmaschinen\/kitchenaid-planetenmischer-mini-33-l-imperial-rot\/#breadcrumb"},"inLanguage":"de","potentialAction":[{"@type":"ReadAction","target":["https:\/\/dev6.erresse-shop.it\/de\/shop\/kleine-elektrogeraete\/knetmaschinen\/kitchenaid-planetenmischer-mini-33-l-imperial-rot\/"]}]},{"@type":"ImageObject","inLanguage":"de","@id":"https:\/\/dev6.erresse-shop.it\/de\/shop\/kleine-elektrogeraete\/knetmaschinen\/kitchenaid-planetenmischer-mini-33-l-imperial-rot\/#primaryimage","url":"https:\/\/i0.wp.com\/interpim.erresse-shop.it\/Import\/Prodotti\/kitchenaid-planetaria-mini-33-l-rosso-imperiale.jpg?ssl=1","contentUrl":"https:\/\/i0.wp.com\/interpim.erresse-shop.it\/Import\/Prodotti\/kitchenaid-planetaria-mini-33-l-rosso-imperiale.jpg?ssl=1"},{"@type":"BreadcrumbList","@id":"https:\/\/dev6.erresse-shop.it\/de\/shop\/kleine-elektrogeraete\/knetmaschinen\/kitchenaid-planetenmischer-mini-33-l-imperial-rot\/#breadcrumb","itemListElement":[{"@type":"ListItem","position":1,"name":"Home","item":"https:\/\/dev6.erresse-shop.it\/"},{"@type":"ListItem","position":2,"name":"Shop","item":"https:\/\/dev6.erresse-shop.it\/shop\/"},{"@type":"ListItem","position":3,"name":"KITCHENAID Planetenmischer Mini 3,3 L Imperial Rot"}]},{"@type":"WebSite","@id":"https:\/\/dev6.erresse-shop.it\/#website","url":"https:\/\/dev6.erresse-shop.it\/","name":"Erresse Shop","description":"","publisher":{"@id":"https:\/\/dev6.erresse-shop.it\/#organization"},"potentialAction":[{"@type":"SearchAction","target":{"@type":"EntryPoint","urlTemplate":"https:\/\/dev6.erresse-shop.it\/?s={search_term_string}"},"query-input":{"@type":"PropertyValueSpecification","valueRequired":true,"valueName":"search_term_string"}}],"inLanguage":"de"},{"@type":"Organization","@id":"https:\/\/dev6.erresse-shop.it\/#organization","name":"Erresse Shop","url":"https:\/\/dev6.erresse-shop.it\/","logo":{"@type":"ImageObject","inLanguage":"de","@id":"https:\/\/dev6.erresse-shop.it\/#\/schema\/logo\/image\/","url":"https:\/\/dev6.erresse-shop.it\/wp-content\/uploads\/2025\/01\/LOGO-ERRESSE-CLASSICO.svg","contentUrl":"https:\/\/dev6.erresse-shop.it\/wp-content\/uploads\/2025\/01\/LOGO-ERRESSE-CLASSICO.svg","caption":"Erresse Shop"},"image":{"@id":"https:\/\/dev6.erresse-shop.it\/#\/schema\/logo\/image\/"}}]}},"df_price":449.95,"df_sale_price":449.95,"df_regular_price":599.9,"df_image_link":"https:\/\/i0.wp.com\/interpim.erresse-shop.it\/Import\/Prodotti\/kitchenaid-planetaria-mini-33-l-rosso-imperiale.jpg?resize=300,300&ssl=1","fifu_image_url":"https:\/\/interpim.erresse-shop.it\/Import\/Prodotti\/kitchenaid-planetaria-mini-33-l-rosso-imperiale.jpg","_links":{"self":[{"href":"https:\/\/dev6.erresse-shop.it\/de\/wp-json\/wp\/v2\/product\/52773","targetHints":{"allow":["GET"]}}],"collection":[{"href":"https:\/\/dev6.erresse-shop.it\/de\/wp-json\/wp\/v2\/product"}],"about":[{"href":"https:\/\/dev6.erresse-shop.it\/de\/wp-json\/wp\/v2\/types\/product"}],"wp:featuredmedia":[{"embeddable":true,"href":"https:\/\/dev6.erresse-shop.it\/de\/wp-json\/wp\/v2\/media\/6362876"}],"wp:attachment":[{"href":"https:\/\/dev6.erresse-shop.it\/de\/wp-json\/wp\/v2\/media?parent=52773"}],"wp:term":[{"taxonomy":"product_cat","embeddable":true,"href":"https:\/\/dev6.erresse-shop.it\/de\/wp-json\/wp\/v2\/product_cat?post=52773"},{"taxonomy":"product_tag","embeddable":true,"href":"https:\/\/dev6.erresse-shop.it\/de\/wp-json\/wp\/v2\/product_tag?post=52773"}],"curies":[{"name":"wp","href":"https:\/\/api.w.org\/{rel}","templated":true}]}}