{"id":52761,"date":"2026-04-12T09:45:44","date_gmt":"2026-04-12T07:45:44","guid":{"rendered":"https:\/\/dev6.erresse-shop.it\/shop\/unkategorisiert\/zafferano-bilia-junior-6-glaeser-bernstein\/"},"modified":"2025-07-03T20:53:35","modified_gmt":"2025-07-03T18:53:35","slug":"zafferano-bilia-junior-6-glaeser-bernstein","status":"publish","type":"product","link":"https:\/\/dev6.erresse-shop.it\/de\/shop\/tisch\/trinkglaeser\/zafferano-bilia-junior-6-glaeser-bernstein\/","title":{"rendered":"ZAFFERANO Bilia Junior 6 Gl\u00e4ser Bernstein"},"content":{"rendered":"<p>Die Erinnerung an Tage am Strand, \u00fcber das Spielen am Ufer gebeugt, damit besch\u00e4ftigt, farbige Glaskugeln \u201cauf der Spur\u201d zu halten, die oft unter das Wasser gerutscht sind und dann wie Edelsteine wiedergefunden wurden.<\/p>\n<p>Handgefertigt aus temperaturwechselbest\u00e4ndigem Borosilikatglas.<br \/>\nEntwurf Federico de Majo.<br \/>\nAbmessungen: H\u00f6he: 52 mm \u2013 Durchmesser: 60 mm<\/p>\n","protected":false},"excerpt":{"rendered":"<p>Die Erinnerung an Tage am Strand, \u00fcber das Spielen am Ufer gebeugt, damit besch\u00e4ftigt, farbige Glaskugeln \u201cauf der Spur\u201d zu halten, die oft unter das Wasser gerutscht sind und dann wie Edelsteine wiedergefunden wurden. Handgefertigt aus temperaturwechselbest\u00e4ndigem Borosilikatglas. Entwurf Federico de Majo. Abmessungen: H\u00f6he: 52 mm \u2013 Durchmesser: 60 mm<\/p>\n","protected":false},"featured_media":6362822,"template":"","meta":{"_acf_changed":false},"product_cat":[11671,12103,12117],"product_tag":[],"class_list":{"0":"post-52761","1":"product","2":"type-product","3":"status-publish","4":"has-post-thumbnail","6":"product_cat-tavola","7":"product_cat-tisch","8":"product_cat-trinkglaeser","10":"first","11":"instock","12":"sale","13":"taxable","14":"shipping-taxable","15":"purchasable","16":"product-type-simple","swatches":"rey-swatches","show_selected":"","stretch_labels":"rey-swatches--stretch-labels"},"acf":[],"yoast_head":"<!-- This site is optimized with the Yoast SEO plugin v25.4 - https:\/\/yoast.com\/wordpress\/plugins\/seo\/ -->\n<title>ZAFFERANO Bilia Junior 6 Gl\u00e4ser Bernstein - dev6 Erresse<\/title>\n<meta name=\"description\" content=\"Die Erinnerung an Tage am Strand, \u00fcber das Spielen am Ufer gebeugt, damit besch\u00e4ftigt, farbige Glaskugeln \u201cauf der Spur\u201d zu halten, die oft unter das\" \/>\n<meta name=\"robots\" content=\"noindex, follow, max-snippet:-1, max-image-preview:large, max-video-preview:-1\" \/>\n<meta property=\"og:locale\" content=\"de_DE\" \/>\n<meta property=\"og:type\" content=\"article\" \/>\n<meta property=\"og:title\" content=\"ZAFFERANO Bilia Junior 6 Gl\u00e4ser Bernstein - dev6 Erresse\" \/>\n<meta property=\"og:description\" content=\"Die Erinnerung an Tage am Strand, \u00fcber das Spielen am Ufer gebeugt, damit besch\u00e4ftigt, farbige Glaskugeln \u201cauf der Spur\u201d zu halten, die oft unter das\" \/>\n<meta property=\"og:url\" content=\"https:\/\/dev6.erresse-shop.it\/de\/shop\/tisch\/trinkglaeser\/zafferano-bilia-junior-6-glaeser-bernstein\/\" \/>\n<meta property=\"og:site_name\" content=\"dev6 Erresse\" \/>\n<meta property=\"og:image\" content=\"https:\/\/interpim.erresse-shop.it\/img-catalogo\/zafferano\/zafferano-bilia-junior-6-bicchieri-ambra-2.jpg\" \/><meta property=\"og:image\" content=\"https:\/\/interpim.erresse-shop.it\/img-catalogo\/zafferano\/zafferano-bilia-junior-6-bicchieri-ambra-2.jpg\" \/>\n\t<meta property=\"og:image:width\" content=\"1024\" \/>\n\t<meta property=\"og:image:height\" content=\"1024\" \/>\n\t<meta property=\"og:image:type\" content=\"image\/jpeg\" \/>\n<meta name=\"twitter:card\" content=\"summary_large_image\" \/>\n<meta name=\"twitter:image\" content=\"https:\/\/interpim.erresse-shop.it\/img-catalogo\/zafferano\/zafferano-bilia-junior-6-bicchieri-ambra-2.jpg\" \/>\n<script type=\"application\/ld+json\" class=\"yoast-schema-graph\">{\"@context\":\"https:\/\/schema.org\",\"@graph\":[{\"@type\":\"WebPage\",\"@id\":\"https:\/\/dev6.erresse-shop.it\/de\/shop\/tisch\/trinkglaeser\/zafferano-bilia-junior-6-glaeser-bernstein\/\",\"url\":\"https:\/\/dev6.erresse-shop.it\/de\/shop\/tisch\/trinkglaeser\/zafferano-bilia-junior-6-glaeser-bernstein\/\",\"name\":\"ZAFFERANO Bilia Junior 6 Gl\u00e4ser Bernstein - dev6 Erresse\",\"isPartOf\":{\"@id\":\"https:\/\/dev6.erresse-shop.it\/#website\"},\"primaryImageOfPage\":{\"@id\":\"https:\/\/dev6.erresse-shop.it\/de\/shop\/tisch\/trinkglaeser\/zafferano-bilia-junior-6-glaeser-bernstein\/#primaryimage\"},\"image\":{\"@id\":\"https:\/\/dev6.erresse-shop.it\/de\/shop\/tisch\/trinkglaeser\/zafferano-bilia-junior-6-glaeser-bernstein\/#primaryimage\"},\"thumbnailUrl\":\"https:\/\/i1.wp.com\/interpim.erresse-shop.it\/img-catalogo\/zafferano\/zafferano-bilia-junior-6-bicchieri-ambra-2.jpg?ssl=1\",\"datePublished\":\"2026-04-12T07:45:44+00:00\",\"description\":\"Die Erinnerung an Tage am Strand, \u00fcber das Spielen am Ufer gebeugt, damit besch\u00e4ftigt, farbige Glaskugeln \u201cauf der Spur\u201d zu halten, die oft unter das\",\"breadcrumb\":{\"@id\":\"https:\/\/dev6.erresse-shop.it\/de\/shop\/tisch\/trinkglaeser\/zafferano-bilia-junior-6-glaeser-bernstein\/#breadcrumb\"},\"inLanguage\":\"de\",\"potentialAction\":[{\"@type\":\"ReadAction\",\"target\":[\"https:\/\/dev6.erresse-shop.it\/de\/shop\/tisch\/trinkglaeser\/zafferano-bilia-junior-6-glaeser-bernstein\/\"]}]},{\"@type\":\"ImageObject\",\"inLanguage\":\"de\",\"@id\":\"https:\/\/dev6.erresse-shop.it\/de\/shop\/tisch\/trinkglaeser\/zafferano-bilia-junior-6-glaeser-bernstein\/#primaryimage\",\"url\":\"https:\/\/i1.wp.com\/interpim.erresse-shop.it\/img-catalogo\/zafferano\/zafferano-bilia-junior-6-bicchieri-ambra-2.jpg?ssl=1\",\"contentUrl\":\"https:\/\/i1.wp.com\/interpim.erresse-shop.it\/img-catalogo\/zafferano\/zafferano-bilia-junior-6-bicchieri-ambra-2.jpg?ssl=1\"},{\"@type\":\"BreadcrumbList\",\"@id\":\"https:\/\/dev6.erresse-shop.it\/de\/shop\/tisch\/trinkglaeser\/zafferano-bilia-junior-6-glaeser-bernstein\/#breadcrumb\",\"itemListElement\":[{\"@type\":\"ListItem\",\"position\":1,\"name\":\"Home\",\"item\":\"https:\/\/dev6.erresse-shop.it\/\"},{\"@type\":\"ListItem\",\"position\":2,\"name\":\"Shop\",\"item\":\"https:\/\/dev6.erresse-shop.it\/shop\/\"},{\"@type\":\"ListItem\",\"position\":3,\"name\":\"ZAFFERANO Bilia Junior 6 Gl\u00e4ser Bernstein\"}]},{\"@type\":\"WebSite\",\"@id\":\"https:\/\/dev6.erresse-shop.it\/#website\",\"url\":\"https:\/\/dev6.erresse-shop.it\/\",\"name\":\"Erresse Shop\",\"description\":\"\",\"publisher\":{\"@id\":\"https:\/\/dev6.erresse-shop.it\/#organization\"},\"potentialAction\":[{\"@type\":\"SearchAction\",\"target\":{\"@type\":\"EntryPoint\",\"urlTemplate\":\"https:\/\/dev6.erresse-shop.it\/?s={search_term_string}\"},\"query-input\":{\"@type\":\"PropertyValueSpecification\",\"valueRequired\":true,\"valueName\":\"search_term_string\"}}],\"inLanguage\":\"de\"},{\"@type\":\"Organization\",\"@id\":\"https:\/\/dev6.erresse-shop.it\/#organization\",\"name\":\"Erresse Shop\",\"url\":\"https:\/\/dev6.erresse-shop.it\/\",\"logo\":{\"@type\":\"ImageObject\",\"inLanguage\":\"de\",\"@id\":\"https:\/\/dev6.erresse-shop.it\/#\/schema\/logo\/image\/\",\"url\":\"https:\/\/dev6.erresse-shop.it\/wp-content\/uploads\/2025\/01\/LOGO-ERRESSE-CLASSICO.svg\",\"contentUrl\":\"https:\/\/dev6.erresse-shop.it\/wp-content\/uploads\/2025\/01\/LOGO-ERRESSE-CLASSICO.svg\",\"caption\":\"Erresse Shop\"},\"image\":{\"@id\":\"https:\/\/dev6.erresse-shop.it\/#\/schema\/logo\/image\/\"}}]}<\/script>\n<!-- \/ Yoast SEO plugin. -->","yoast_head_json":{"title":"ZAFFERANO Bilia Junior 6 Gl\u00e4ser Bernstein - dev6 Erresse","description":"Die Erinnerung an Tage am Strand, \u00fcber das Spielen am Ufer gebeugt, damit besch\u00e4ftigt, farbige Glaskugeln \u201cauf der Spur\u201d zu halten, die oft unter das","robots":{"index":"noindex","follow":"follow","max-snippet":"max-snippet:-1","max-image-preview":"max-image-preview:large","max-video-preview":"max-video-preview:-1"},"og_locale":"de_DE","og_type":"article","og_title":"ZAFFERANO Bilia Junior 6 Gl\u00e4ser Bernstein - dev6 Erresse","og_description":"Die Erinnerung an Tage am Strand, \u00fcber das Spielen am Ufer gebeugt, damit besch\u00e4ftigt, farbige Glaskugeln \u201cauf der Spur\u201d zu halten, die oft unter das","og_url":"https:\/\/dev6.erresse-shop.it\/de\/shop\/tisch\/trinkglaeser\/zafferano-bilia-junior-6-glaeser-bernstein\/","og_site_name":"dev6 Erresse","og_image":[{"url":"https:\/\/interpim.erresse-shop.it\/img-catalogo\/zafferano\/zafferano-bilia-junior-6-bicchieri-ambra-2.jpg","type":"","width":"","height":""},{"url":"https:\/\/interpim.erresse-shop.it\/img-catalogo\/zafferano\/zafferano-bilia-junior-6-bicchieri-ambra-2.jpg","width":1024,"height":1024,"type":"image\/jpeg"}],"twitter_card":"summary_large_image","twitter_image":"https:\/\/interpim.erresse-shop.it\/img-catalogo\/zafferano\/zafferano-bilia-junior-6-bicchieri-ambra-2.jpg","schema":{"@context":"https:\/\/schema.org","@graph":[{"@type":"WebPage","@id":"https:\/\/dev6.erresse-shop.it\/de\/shop\/tisch\/trinkglaeser\/zafferano-bilia-junior-6-glaeser-bernstein\/","url":"https:\/\/dev6.erresse-shop.it\/de\/shop\/tisch\/trinkglaeser\/zafferano-bilia-junior-6-glaeser-bernstein\/","name":"ZAFFERANO Bilia Junior 6 Gl\u00e4ser Bernstein - dev6 Erresse","isPartOf":{"@id":"https:\/\/dev6.erresse-shop.it\/#website"},"primaryImageOfPage":{"@id":"https:\/\/dev6.erresse-shop.it\/de\/shop\/tisch\/trinkglaeser\/zafferano-bilia-junior-6-glaeser-bernstein\/#primaryimage"},"image":{"@id":"https:\/\/dev6.erresse-shop.it\/de\/shop\/tisch\/trinkglaeser\/zafferano-bilia-junior-6-glaeser-bernstein\/#primaryimage"},"thumbnailUrl":"https:\/\/i1.wp.com\/interpim.erresse-shop.it\/img-catalogo\/zafferano\/zafferano-bilia-junior-6-bicchieri-ambra-2.jpg?ssl=1","datePublished":"2026-04-12T07:45:44+00:00","description":"Die Erinnerung an Tage am Strand, \u00fcber das Spielen am Ufer gebeugt, damit besch\u00e4ftigt, farbige Glaskugeln \u201cauf der Spur\u201d zu halten, die oft unter das","breadcrumb":{"@id":"https:\/\/dev6.erresse-shop.it\/de\/shop\/tisch\/trinkglaeser\/zafferano-bilia-junior-6-glaeser-bernstein\/#breadcrumb"},"inLanguage":"de","potentialAction":[{"@type":"ReadAction","target":["https:\/\/dev6.erresse-shop.it\/de\/shop\/tisch\/trinkglaeser\/zafferano-bilia-junior-6-glaeser-bernstein\/"]}]},{"@type":"ImageObject","inLanguage":"de","@id":"https:\/\/dev6.erresse-shop.it\/de\/shop\/tisch\/trinkglaeser\/zafferano-bilia-junior-6-glaeser-bernstein\/#primaryimage","url":"https:\/\/i1.wp.com\/interpim.erresse-shop.it\/img-catalogo\/zafferano\/zafferano-bilia-junior-6-bicchieri-ambra-2.jpg?ssl=1","contentUrl":"https:\/\/i1.wp.com\/interpim.erresse-shop.it\/img-catalogo\/zafferano\/zafferano-bilia-junior-6-bicchieri-ambra-2.jpg?ssl=1"},{"@type":"BreadcrumbList","@id":"https:\/\/dev6.erresse-shop.it\/de\/shop\/tisch\/trinkglaeser\/zafferano-bilia-junior-6-glaeser-bernstein\/#breadcrumb","itemListElement":[{"@type":"ListItem","position":1,"name":"Home","item":"https:\/\/dev6.erresse-shop.it\/"},{"@type":"ListItem","position":2,"name":"Shop","item":"https:\/\/dev6.erresse-shop.it\/shop\/"},{"@type":"ListItem","position":3,"name":"ZAFFERANO Bilia Junior 6 Gl\u00e4ser Bernstein"}]},{"@type":"WebSite","@id":"https:\/\/dev6.erresse-shop.it\/#website","url":"https:\/\/dev6.erresse-shop.it\/","name":"Erresse Shop","description":"","publisher":{"@id":"https:\/\/dev6.erresse-shop.it\/#organization"},"potentialAction":[{"@type":"SearchAction","target":{"@type":"EntryPoint","urlTemplate":"https:\/\/dev6.erresse-shop.it\/?s={search_term_string}"},"query-input":{"@type":"PropertyValueSpecification","valueRequired":true,"valueName":"search_term_string"}}],"inLanguage":"de"},{"@type":"Organization","@id":"https:\/\/dev6.erresse-shop.it\/#organization","name":"Erresse Shop","url":"https:\/\/dev6.erresse-shop.it\/","logo":{"@type":"ImageObject","inLanguage":"de","@id":"https:\/\/dev6.erresse-shop.it\/#\/schema\/logo\/image\/","url":"https:\/\/dev6.erresse-shop.it\/wp-content\/uploads\/2025\/01\/LOGO-ERRESSE-CLASSICO.svg","contentUrl":"https:\/\/dev6.erresse-shop.it\/wp-content\/uploads\/2025\/01\/LOGO-ERRESSE-CLASSICO.svg","caption":"Erresse Shop"},"image":{"@id":"https:\/\/dev6.erresse-shop.it\/#\/schema\/logo\/image\/"}}]}},"df_price":49.7,"df_sale_price":49.7,"df_regular_price":49.78,"df_image_link":"https:\/\/i1.wp.com\/interpim.erresse-shop.it\/img-catalogo\/zafferano\/zafferano-bilia-junior-6-bicchieri-ambra-2.jpg?resize=300,300&ssl=1","fifu_image_url":"https:\/\/interpim.erresse-shop.it\/img-catalogo\/zafferano\/zafferano-bilia-junior-6-bicchieri-ambra-2.jpg","_links":{"self":[{"href":"https:\/\/dev6.erresse-shop.it\/de\/wp-json\/wp\/v2\/product\/52761","targetHints":{"allow":["GET"]}}],"collection":[{"href":"https:\/\/dev6.erresse-shop.it\/de\/wp-json\/wp\/v2\/product"}],"about":[{"href":"https:\/\/dev6.erresse-shop.it\/de\/wp-json\/wp\/v2\/types\/product"}],"wp:featuredmedia":[{"embeddable":true,"href":"https:\/\/dev6.erresse-shop.it\/de\/wp-json\/wp\/v2\/media\/6362822"}],"wp:attachment":[{"href":"https:\/\/dev6.erresse-shop.it\/de\/wp-json\/wp\/v2\/media?parent=52761"}],"wp:term":[{"taxonomy":"product_cat","embeddable":true,"href":"https:\/\/dev6.erresse-shop.it\/de\/wp-json\/wp\/v2\/product_cat?post=52761"},{"taxonomy":"product_tag","embeddable":true,"href":"https:\/\/dev6.erresse-shop.it\/de\/wp-json\/wp\/v2\/product_tag?post=52761"}],"curies":[{"name":"wp","href":"https:\/\/api.w.org\/{rel}","templated":true}]}}