{"id":52751,"date":"2026-04-12T09:43:58","date_gmt":"2026-04-12T07:43:58","guid":{"rendered":"https:\/\/dev6.erresse-shop.it\/shop\/unkategorisiert\/illy-e-s-e-kaffeepadmaschine-schwarz\/"},"modified":"2025-09-14T01:16:17","modified_gmt":"2025-09-13T23:16:17","slug":"illy-e-s-e-kaffeepadmaschine-schwarz","status":"publish","type":"product","link":"https:\/\/dev6.erresse-shop.it\/de\/shop\/kleine-elektrogeraete\/kaffeemaschinen-espresso\/pads-und-kapseln\/illy-e-s-e-kaffeepadmaschine-schwarz\/","title":{"rendered":"ILLY E.S.E. Kaffeepadmaschine Schwarz"},"content":{"rendered":"<p>Neue E.S.E.-zertifizierte kompostierbare Pads<br \/>\nDie zertifizierten kompostierbaren Pads, die \u00fcber die Biotonne entsorgt werden k\u00f6nnen (informieren Sie sich bei Ihrer Gemeinde \u00fcber die aktuelle M\u00fclltrennung), eignen sich perfekt, um Ihren Lieblings- illy Espresso auf praktische Weise zuzubereiten, ohne auf Geschmack und Frische zu verzichten. illy Kaffeepads in Filterpapier k\u00f6nnen mit allen ESE-Kaffeemaschinen verwendet werden<\/p>\n<p>Die E.S.E. (Easy Serving Espresso)-Pads sind sehr \u201coffen\u201d: Sie k\u00f6nnen sie nicht nur mit illy-Pad-Kaffeemaschinen verwenden, sondern auch mit allen anderen Pad-Maschinen. Die Kapsel ist nichts anderes als gemahlener Kaffee, der bereits richtig dosiert und gepresst ist und sich zwischen 2 Bl\u00e4ttern Filterpapier befindet.<\/p>\n<p>Die E.S.E. Kaffeepadmaschine ist so optimiert, dass sie vom ersten Kaffee an den illy Qualit\u00e4tsstandard in der Tasse erf\u00fcllt. Mit den beiden Br\u00fchkn\u00f6pfen k\u00f6nnen Sie zwischen Espresso und langem Kaffee w\u00e4hlen. Die Bedienung ist einfach und intuitiv: Die Kapsel wird von oben eingelegt und in den Kapselschacht ausgeworfen. Die kompakte Form sorgt f\u00fcr maximale Praktikabilit\u00e4t.<\/p>\n<p>Merkmale:<br \/>\n\u2013 Garantie: 2 Jahre<br \/>\n\u2013 Zwei H\u00f6hen f\u00fcr das Tassenhaltergitter<br \/>\n\u2013 Automatische Stand-by-Funktion bei Nichtgebrauch<\/p>\n<p>Technische Daten:<br \/>\n\u2013 Tankinhalt: 1 L<br \/>\n\u2013 Abmessungen (cm): 11 x 32 x 26<br \/>\n\u2013 Spannung: 230 V, 1 m langes Kabel<br \/>\n\u2013 Leistung: Modell 626 850w \/ Modell 627 1250w<br \/>\n\u2013 Pumpendruck: 20 bar<\/p>\n","protected":false},"excerpt":{"rendered":"<p>Neue E.S.E.-zertifizierte kompostierbare Pads Die zertifizierten kompostierbaren Pads, die \u00fcber die Biotonne entsorgt werden k\u00f6nnen (informieren Sie sich bei Ihrer Gemeinde \u00fcber die aktuelle M\u00fclltrennung), eignen sich perfekt, um Ihren Lieblings- illy Espresso auf praktische Weise zuzubereiten, ohne auf Geschmack und Frische zu verzichten. illy Kaffeepads in Filterpapier k\u00f6nnen mit allen ESE-Kaffeemaschinen verwendet werden Die [&hellip;]<\/p>\n","protected":false},"featured_media":6362762,"template":"","meta":{"_acf_changed":false},"product_cat":[12171,12163,12189],"product_tag":[],"class_list":{"0":"post-52751","1":"product","2":"type-product","3":"status-publish","4":"has-post-thumbnail","6":"product_cat-kaffeemaschinen-espresso","7":"product_cat-kleine-elektrogeraete","8":"product_cat-pads-und-kapseln","10":"first","11":"instock","12":"sale","13":"taxable","14":"shipping-taxable","15":"purchasable","16":"product-type-simple","swatches":"rey-swatches","show_selected":"","stretch_labels":"rey-swatches--stretch-labels"},"acf":[],"yoast_head":"<!-- This site is optimized with the Yoast SEO plugin v25.4 - https:\/\/yoast.com\/wordpress\/plugins\/seo\/ -->\n<title>ILLY E.S.E. Kaffeepadmaschine Schwarz - dev6 Erresse<\/title>\n<meta name=\"description\" content=\"Neue E.S.E.-zertifizierte kompostierbare Pads Die zertifizierten kompostierbaren Pads, die \u00fcber die Biotonne entsorgt werden k\u00f6nnen (informieren Sie sich\" \/>\n<meta name=\"robots\" content=\"noindex, follow, max-snippet:-1, max-image-preview:large, max-video-preview:-1\" \/>\n<meta property=\"og:locale\" content=\"de_DE\" \/>\n<meta property=\"og:type\" content=\"article\" \/>\n<meta property=\"og:title\" content=\"ILLY E.S.E. Kaffeepadmaschine Schwarz - dev6 Erresse\" \/>\n<meta property=\"og:description\" content=\"Neue E.S.E.-zertifizierte kompostierbare Pads Die zertifizierten kompostierbaren Pads, die \u00fcber die Biotonne entsorgt werden k\u00f6nnen (informieren Sie sich\" \/>\n<meta property=\"og:url\" content=\"https:\/\/dev6.erresse-shop.it\/de\/shop\/kleine-elektrogeraete\/kaffeemaschinen-espresso\/pads-und-kapseln\/illy-e-s-e-kaffeepadmaschine-schwarz\/\" \/>\n<meta property=\"og:site_name\" content=\"dev6 Erresse\" \/>\n<meta property=\"og:image\" content=\"https:\/\/interpim.erresse-shop.it\/wp-content\/uploads\/2023\/06\/ILLY-Macchina-da-Caffe\u0300-a-Cialde-E.S.E.-Nero.jpg\/illy-macchina-da-caffe-cc-80-a-cialde-e.s.e.-nero.jpg\" \/><meta property=\"og:image\" content=\"https:\/\/interpim.erresse-shop.it\/wp-content\/uploads\/2023\/06\/ILLY-Macchina-da-Caffe\u0300-a-Cialde-E.S.E.-Nero.jpg\/illy-macchina-da-caffe-cc-80-a-cialde-e.s.e.-nero.jpg\" \/>\n\t<meta property=\"og:image:width\" content=\"1024\" \/>\n\t<meta property=\"og:image:height\" content=\"1024\" \/>\n\t<meta property=\"og:image:type\" content=\"image\/jpeg\" \/>\n<meta name=\"twitter:card\" content=\"summary_large_image\" \/>\n<meta name=\"twitter:image\" content=\"https:\/\/interpim.erresse-shop.it\/wp-content\/uploads\/2023\/06\/ILLY-Macchina-da-Caffe\u0300-a-Cialde-E.S.E.-Nero.jpg\/illy-macchina-da-caffe-cc-80-a-cialde-e.s.e.-nero.jpg\" \/>\n<script type=\"application\/ld+json\" class=\"yoast-schema-graph\">{\"@context\":\"https:\/\/schema.org\",\"@graph\":[{\"@type\":\"WebPage\",\"@id\":\"https:\/\/dev6.erresse-shop.it\/de\/shop\/kleine-elektrogeraete\/kaffeemaschinen-espresso\/pads-und-kapseln\/illy-e-s-e-kaffeepadmaschine-schwarz\/\",\"url\":\"https:\/\/dev6.erresse-shop.it\/de\/shop\/kleine-elektrogeraete\/kaffeemaschinen-espresso\/pads-und-kapseln\/illy-e-s-e-kaffeepadmaschine-schwarz\/\",\"name\":\"ILLY E.S.E. Kaffeepadmaschine Schwarz - dev6 Erresse\",\"isPartOf\":{\"@id\":\"https:\/\/dev6.erresse-shop.it\/#website\"},\"primaryImageOfPage\":{\"@id\":\"https:\/\/dev6.erresse-shop.it\/de\/shop\/kleine-elektrogeraete\/kaffeemaschinen-espresso\/pads-und-kapseln\/illy-e-s-e-kaffeepadmaschine-schwarz\/#primaryimage\"},\"image\":{\"@id\":\"https:\/\/dev6.erresse-shop.it\/de\/shop\/kleine-elektrogeraete\/kaffeemaschinen-espresso\/pads-und-kapseln\/illy-e-s-e-kaffeepadmaschine-schwarz\/#primaryimage\"},\"thumbnailUrl\":\"https:\/\/i1.wp.com\/interpim.erresse-shop.it\/wp-content\/uploads\/2023\/06\/ILLY-Macchina-da-Caffe\u0300-a-Cialde-E.S.E.-Nero.jpg\/illy-macchina-da-caffe-cc-80-a-cialde-e.s.e.-nero.jpg?ssl=1\",\"datePublished\":\"2026-04-12T07:43:58+00:00\",\"description\":\"Neue E.S.E.-zertifizierte kompostierbare Pads Die zertifizierten kompostierbaren Pads, die \u00fcber die Biotonne entsorgt werden k\u00f6nnen (informieren Sie sich\",\"breadcrumb\":{\"@id\":\"https:\/\/dev6.erresse-shop.it\/de\/shop\/kleine-elektrogeraete\/kaffeemaschinen-espresso\/pads-und-kapseln\/illy-e-s-e-kaffeepadmaschine-schwarz\/#breadcrumb\"},\"inLanguage\":\"de\",\"potentialAction\":[{\"@type\":\"ReadAction\",\"target\":[\"https:\/\/dev6.erresse-shop.it\/de\/shop\/kleine-elektrogeraete\/kaffeemaschinen-espresso\/pads-und-kapseln\/illy-e-s-e-kaffeepadmaschine-schwarz\/\"]}]},{\"@type\":\"ImageObject\",\"inLanguage\":\"de\",\"@id\":\"https:\/\/dev6.erresse-shop.it\/de\/shop\/kleine-elektrogeraete\/kaffeemaschinen-espresso\/pads-und-kapseln\/illy-e-s-e-kaffeepadmaschine-schwarz\/#primaryimage\",\"url\":\"https:\/\/i1.wp.com\/interpim.erresse-shop.it\/wp-content\/uploads\/2023\/06\/ILLY-Macchina-da-Caffe\u0300-a-Cialde-E.S.E.-Nero.jpg\/illy-macchina-da-caffe-cc-80-a-cialde-e.s.e.-nero.jpg?ssl=1\",\"contentUrl\":\"https:\/\/i1.wp.com\/interpim.erresse-shop.it\/wp-content\/uploads\/2023\/06\/ILLY-Macchina-da-Caffe\u0300-a-Cialde-E.S.E.-Nero.jpg\/illy-macchina-da-caffe-cc-80-a-cialde-e.s.e.-nero.jpg?ssl=1\"},{\"@type\":\"BreadcrumbList\",\"@id\":\"https:\/\/dev6.erresse-shop.it\/de\/shop\/kleine-elektrogeraete\/kaffeemaschinen-espresso\/pads-und-kapseln\/illy-e-s-e-kaffeepadmaschine-schwarz\/#breadcrumb\",\"itemListElement\":[{\"@type\":\"ListItem\",\"position\":1,\"name\":\"Home\",\"item\":\"https:\/\/dev6.erresse-shop.it\/\"},{\"@type\":\"ListItem\",\"position\":2,\"name\":\"Shop\",\"item\":\"https:\/\/dev6.erresse-shop.it\/shop\/\"},{\"@type\":\"ListItem\",\"position\":3,\"name\":\"ILLY E.S.E. Kaffeepadmaschine Schwarz\"}]},{\"@type\":\"WebSite\",\"@id\":\"https:\/\/dev6.erresse-shop.it\/#website\",\"url\":\"https:\/\/dev6.erresse-shop.it\/\",\"name\":\"Erresse Shop\",\"description\":\"\",\"publisher\":{\"@id\":\"https:\/\/dev6.erresse-shop.it\/#organization\"},\"potentialAction\":[{\"@type\":\"SearchAction\",\"target\":{\"@type\":\"EntryPoint\",\"urlTemplate\":\"https:\/\/dev6.erresse-shop.it\/?s={search_term_string}\"},\"query-input\":{\"@type\":\"PropertyValueSpecification\",\"valueRequired\":true,\"valueName\":\"search_term_string\"}}],\"inLanguage\":\"de\"},{\"@type\":\"Organization\",\"@id\":\"https:\/\/dev6.erresse-shop.it\/#organization\",\"name\":\"Erresse Shop\",\"url\":\"https:\/\/dev6.erresse-shop.it\/\",\"logo\":{\"@type\":\"ImageObject\",\"inLanguage\":\"de\",\"@id\":\"https:\/\/dev6.erresse-shop.it\/#\/schema\/logo\/image\/\",\"url\":\"https:\/\/dev6.erresse-shop.it\/wp-content\/uploads\/2025\/01\/LOGO-ERRESSE-CLASSICO.svg\",\"contentUrl\":\"https:\/\/dev6.erresse-shop.it\/wp-content\/uploads\/2025\/01\/LOGO-ERRESSE-CLASSICO.svg\",\"caption\":\"Erresse Shop\"},\"image\":{\"@id\":\"https:\/\/dev6.erresse-shop.it\/#\/schema\/logo\/image\/\"}}]}<\/script>\n<!-- \/ Yoast SEO plugin. -->","yoast_head_json":{"title":"ILLY E.S.E. Kaffeepadmaschine Schwarz - dev6 Erresse","description":"Neue E.S.E.-zertifizierte kompostierbare Pads Die zertifizierten kompostierbaren Pads, die \u00fcber die Biotonne entsorgt werden k\u00f6nnen (informieren Sie sich","robots":{"index":"noindex","follow":"follow","max-snippet":"max-snippet:-1","max-image-preview":"max-image-preview:large","max-video-preview":"max-video-preview:-1"},"og_locale":"de_DE","og_type":"article","og_title":"ILLY E.S.E. Kaffeepadmaschine Schwarz - dev6 Erresse","og_description":"Neue E.S.E.-zertifizierte kompostierbare Pads Die zertifizierten kompostierbaren Pads, die \u00fcber die Biotonne entsorgt werden k\u00f6nnen (informieren Sie sich","og_url":"https:\/\/dev6.erresse-shop.it\/de\/shop\/kleine-elektrogeraete\/kaffeemaschinen-espresso\/pads-und-kapseln\/illy-e-s-e-kaffeepadmaschine-schwarz\/","og_site_name":"dev6 Erresse","og_image":[{"url":"https:\/\/interpim.erresse-shop.it\/wp-content\/uploads\/2023\/06\/ILLY-Macchina-da-Caffe\u0300-a-Cialde-E.S.E.-Nero.jpg\/illy-macchina-da-caffe-cc-80-a-cialde-e.s.e.-nero.jpg","type":"","width":"","height":""},{"url":"https:\/\/interpim.erresse-shop.it\/wp-content\/uploads\/2023\/06\/ILLY-Macchina-da-Caffe\u0300-a-Cialde-E.S.E.-Nero.jpg\/illy-macchina-da-caffe-cc-80-a-cialde-e.s.e.-nero.jpg","width":1024,"height":1024,"type":"image\/jpeg"}],"twitter_card":"summary_large_image","twitter_image":"https:\/\/interpim.erresse-shop.it\/wp-content\/uploads\/2023\/06\/ILLY-Macchina-da-Caffe\u0300-a-Cialde-E.S.E.-Nero.jpg\/illy-macchina-da-caffe-cc-80-a-cialde-e.s.e.-nero.jpg","schema":{"@context":"https:\/\/schema.org","@graph":[{"@type":"WebPage","@id":"https:\/\/dev6.erresse-shop.it\/de\/shop\/kleine-elektrogeraete\/kaffeemaschinen-espresso\/pads-und-kapseln\/illy-e-s-e-kaffeepadmaschine-schwarz\/","url":"https:\/\/dev6.erresse-shop.it\/de\/shop\/kleine-elektrogeraete\/kaffeemaschinen-espresso\/pads-und-kapseln\/illy-e-s-e-kaffeepadmaschine-schwarz\/","name":"ILLY E.S.E. Kaffeepadmaschine Schwarz - dev6 Erresse","isPartOf":{"@id":"https:\/\/dev6.erresse-shop.it\/#website"},"primaryImageOfPage":{"@id":"https:\/\/dev6.erresse-shop.it\/de\/shop\/kleine-elektrogeraete\/kaffeemaschinen-espresso\/pads-und-kapseln\/illy-e-s-e-kaffeepadmaschine-schwarz\/#primaryimage"},"image":{"@id":"https:\/\/dev6.erresse-shop.it\/de\/shop\/kleine-elektrogeraete\/kaffeemaschinen-espresso\/pads-und-kapseln\/illy-e-s-e-kaffeepadmaschine-schwarz\/#primaryimage"},"thumbnailUrl":"https:\/\/i1.wp.com\/interpim.erresse-shop.it\/wp-content\/uploads\/2023\/06\/ILLY-Macchina-da-Caffe\u0300-a-Cialde-E.S.E.-Nero.jpg\/illy-macchina-da-caffe-cc-80-a-cialde-e.s.e.-nero.jpg?ssl=1","datePublished":"2026-04-12T07:43:58+00:00","description":"Neue E.S.E.-zertifizierte kompostierbare Pads Die zertifizierten kompostierbaren Pads, die \u00fcber die Biotonne entsorgt werden k\u00f6nnen (informieren Sie sich","breadcrumb":{"@id":"https:\/\/dev6.erresse-shop.it\/de\/shop\/kleine-elektrogeraete\/kaffeemaschinen-espresso\/pads-und-kapseln\/illy-e-s-e-kaffeepadmaschine-schwarz\/#breadcrumb"},"inLanguage":"de","potentialAction":[{"@type":"ReadAction","target":["https:\/\/dev6.erresse-shop.it\/de\/shop\/kleine-elektrogeraete\/kaffeemaschinen-espresso\/pads-und-kapseln\/illy-e-s-e-kaffeepadmaschine-schwarz\/"]}]},{"@type":"ImageObject","inLanguage":"de","@id":"https:\/\/dev6.erresse-shop.it\/de\/shop\/kleine-elektrogeraete\/kaffeemaschinen-espresso\/pads-und-kapseln\/illy-e-s-e-kaffeepadmaschine-schwarz\/#primaryimage","url":"https:\/\/i1.wp.com\/interpim.erresse-shop.it\/wp-content\/uploads\/2023\/06\/ILLY-Macchina-da-Caffe\u0300-a-Cialde-E.S.E.-Nero.jpg\/illy-macchina-da-caffe-cc-80-a-cialde-e.s.e.-nero.jpg?ssl=1","contentUrl":"https:\/\/i1.wp.com\/interpim.erresse-shop.it\/wp-content\/uploads\/2023\/06\/ILLY-Macchina-da-Caffe\u0300-a-Cialde-E.S.E.-Nero.jpg\/illy-macchina-da-caffe-cc-80-a-cialde-e.s.e.-nero.jpg?ssl=1"},{"@type":"BreadcrumbList","@id":"https:\/\/dev6.erresse-shop.it\/de\/shop\/kleine-elektrogeraete\/kaffeemaschinen-espresso\/pads-und-kapseln\/illy-e-s-e-kaffeepadmaschine-schwarz\/#breadcrumb","itemListElement":[{"@type":"ListItem","position":1,"name":"Home","item":"https:\/\/dev6.erresse-shop.it\/"},{"@type":"ListItem","position":2,"name":"Shop","item":"https:\/\/dev6.erresse-shop.it\/shop\/"},{"@type":"ListItem","position":3,"name":"ILLY E.S.E. Kaffeepadmaschine Schwarz"}]},{"@type":"WebSite","@id":"https:\/\/dev6.erresse-shop.it\/#website","url":"https:\/\/dev6.erresse-shop.it\/","name":"Erresse Shop","description":"","publisher":{"@id":"https:\/\/dev6.erresse-shop.it\/#organization"},"potentialAction":[{"@type":"SearchAction","target":{"@type":"EntryPoint","urlTemplate":"https:\/\/dev6.erresse-shop.it\/?s={search_term_string}"},"query-input":{"@type":"PropertyValueSpecification","valueRequired":true,"valueName":"search_term_string"}}],"inLanguage":"de"},{"@type":"Organization","@id":"https:\/\/dev6.erresse-shop.it\/#organization","name":"Erresse Shop","url":"https:\/\/dev6.erresse-shop.it\/","logo":{"@type":"ImageObject","inLanguage":"de","@id":"https:\/\/dev6.erresse-shop.it\/#\/schema\/logo\/image\/","url":"https:\/\/dev6.erresse-shop.it\/wp-content\/uploads\/2025\/01\/LOGO-ERRESSE-CLASSICO.svg","contentUrl":"https:\/\/dev6.erresse-shop.it\/wp-content\/uploads\/2025\/01\/LOGO-ERRESSE-CLASSICO.svg","caption":"Erresse Shop"},"image":{"@id":"https:\/\/dev6.erresse-shop.it\/#\/schema\/logo\/image\/"}}]}},"df_price":119.95,"df_sale_price":119.95,"df_regular_price":129,"df_image_link":"https:\/\/i1.wp.com\/interpim.erresse-shop.it\/wp-content\/uploads\/2023\/06\/ILLY-Macchina-da-Caffe\u0300-a-Cialde-E.S.E.-Nero.jpg\/illy-macchina-da-caffe-cc-80-a-cialde-e.s.e.-nero.jpg?resize=300,300&ssl=1","fifu_image_url":"https:\/\/interpim.erresse-shop.it\/wp-content\/uploads\/2023\/06\/ILLY-Macchina-da-Caffe\u0300-a-Cialde-E.S.E.-Nero.jpg\/illy-macchina-da-caffe-cc-80-a-cialde-e.s.e.-nero.jpg","_links":{"self":[{"href":"https:\/\/dev6.erresse-shop.it\/de\/wp-json\/wp\/v2\/product\/52751","targetHints":{"allow":["GET"]}}],"collection":[{"href":"https:\/\/dev6.erresse-shop.it\/de\/wp-json\/wp\/v2\/product"}],"about":[{"href":"https:\/\/dev6.erresse-shop.it\/de\/wp-json\/wp\/v2\/types\/product"}],"wp:featuredmedia":[{"embeddable":true,"href":"https:\/\/dev6.erresse-shop.it\/de\/wp-json\/wp\/v2\/media\/6362762"}],"wp:attachment":[{"href":"https:\/\/dev6.erresse-shop.it\/de\/wp-json\/wp\/v2\/media?parent=52751"}],"wp:term":[{"taxonomy":"product_cat","embeddable":true,"href":"https:\/\/dev6.erresse-shop.it\/de\/wp-json\/wp\/v2\/product_cat?post=52751"},{"taxonomy":"product_tag","embeddable":true,"href":"https:\/\/dev6.erresse-shop.it\/de\/wp-json\/wp\/v2\/product_tag?post=52751"}],"curies":[{"name":"wp","href":"https:\/\/api.w.org\/{rel}","templated":true}]}}