{"id":52742,"date":"2026-04-10T10:22:42","date_gmt":"2026-04-10T08:22:42","guid":{"rendered":"https:\/\/dev6.erresse-shop.it\/shop\/unkategorisiert\/la-pavoni-kaffeemaschine-cellini-evoluzione\/"},"modified":"2025-07-19T03:46:47","modified_gmt":"2025-07-19T01:46:47","slug":"la-pavoni-kaffeemaschine-cellini-evoluzione","status":"publish","type":"product","link":"https:\/\/dev6.erresse-shop.it\/de\/shop\/kleine-elektrogeraete\/kaffeemaschinen-espresso\/handbuecher\/la-pavoni-kaffeemaschine-cellini-evoluzione\/","title":{"rendered":"LA PAVONI Kaffeemaschine Cellini Evoluzione"},"content":{"rendered":"<p>Das Modell Cellini Evoluzione hat einen Kupferkessel mit Messingflansch. Kessel mit Au\u00dfenisolierung f\u00fcr gr\u00f6\u00dfere thermische Stabilit\u00e4t und Energieeinsparung.<\/p>\n<p>Rahmen und Anschl\u00e4ge aus rostfreiem Stahl AISI 304.<\/p>\n<p>Zwei professionelle Manometer, eines f\u00fcr die Kontrolle des Pumpendrucks und das andere f\u00fcr den Kesseldruck, die den korrekten Entnahmevorgang garantieren, die professionelle elektrische Rotationspumpe mit der M\u00f6glichkeit der Verwendung mit Tank oder Anschluss an das Wassernetz und der handels\u00fcbliche mechanische Druckschalter vervollst\u00e4ndigen die fortschrittlichen technischen Merkmale dieses Modells.<\/p>\n<p>Alle La Pavoni 230V semiprofessionellen Maschinen sind zertifiziert von:<\/p>\n<\/p>\n<p>Geh\u00e4use aus poliertem Edelstahl. (AISI 304)<br \/>\nVerchromte Messingformgruppe mit Ventilkaffeeaufgusskammer<br \/>\nKupferkessel mit querliegendem W\u00e4rmetauscher. Fassungsverm\u00f6gen: 1,8 Liter<br \/>\nProfessionelle elektrische Rotationspumpe (keine Vibrationspumpe) mit externer Druckregelung<br \/>\nFassungsverm\u00f6gen des Wassertanks 2,9 Liter M\u00f6glichkeit des Anschlusses an das Wassernetz \u00fcber einen Edelstahlschlauch mit Schalter<br \/>\nElektronische F\u00fcllstandskontrolle des Wassertanks<br \/>\nElektronische Selbstniveauregulierung<br \/>\nElektronische Kesselwasserstandskontrolle<br \/>\nAnti-Vakuum-Vorrichtung<br \/>\nAnti-Verbr\u00fchungs-Dampfrohr<br \/>\nAntiverbr\u00fchungs-Hei\u00dfwasserzange<br \/>\nManometer f\u00fcr Kesseldruckkontrolle<br \/>\nManometer f\u00fcr die Pumpendruckkontrolle<br \/>\nGewerblicher Druckschalter SIRAI<br \/>\nSicherheitsthermostat mit R\u00fcckstellung<br \/>\nBreite, Tiefe, H\u00f6he 300 x 430 x 410 mm<br \/>\nVersorgungsspannung 220-240 Volt 50Hz \u2013 120 Volt 60Hz<br \/>\nLeistungsaufnahme 1520 W<\/p>\n<p>Nicht zum Verkauf au\u00dferhalb Europas<\/p>\n","protected":false},"excerpt":{"rendered":"<p>Das Modell Cellini Evoluzione hat einen Kupferkessel mit Messingflansch. Kessel mit Au\u00dfenisolierung f\u00fcr gr\u00f6\u00dfere thermische Stabilit\u00e4t und Energieeinsparung. Rahmen und Anschl\u00e4ge aus rostfreiem Stahl AISI 304. Zwei professionelle Manometer, eines f\u00fcr die Kontrolle des Pumpendrucks und das andere f\u00fcr den Kesseldruck, die den korrekten Entnahmevorgang garantieren, die professionelle elektrische Rotationspumpe mit der M\u00f6glichkeit der Verwendung [&hellip;]<\/p>\n","protected":false},"featured_media":6321048,"template":"","meta":{"_acf_changed":false},"product_cat":[12198,12171,12163],"product_tag":[],"class_list":{"0":"post-52742","1":"product","2":"type-product","3":"status-publish","4":"has-post-thumbnail","6":"product_cat-handbuecher","7":"product_cat-kaffeemaschinen-espresso","8":"product_cat-kleine-elektrogeraete","10":"first","11":"instock","12":"sale","13":"taxable","14":"shipping-taxable","15":"purchasable","16":"product-type-simple","swatches":"rey-swatches","show_selected":"","stretch_labels":"rey-swatches--stretch-labels"},"acf":[],"yoast_head":"<!-- This site is optimized with the Yoast SEO plugin v25.4 - https:\/\/yoast.com\/wordpress\/plugins\/seo\/ -->\n<title>LA PAVONI Kaffeemaschine Cellini Evoluzione - dev6 Erresse<\/title>\n<meta name=\"description\" content=\"Das Modell Cellini Evoluzione hat einen Kupferkessel mit Messingflansch. Kessel mit Au\u00dfenisolierung f\u00fcr gr\u00f6\u00dfere thermische Stabilit\u00e4t und\" \/>\n<meta name=\"robots\" content=\"noindex, follow, max-snippet:-1, max-image-preview:large, max-video-preview:-1\" \/>\n<meta property=\"og:locale\" content=\"de_DE\" \/>\n<meta property=\"og:type\" content=\"article\" \/>\n<meta property=\"og:title\" content=\"LA PAVONI Kaffeemaschine Cellini Evoluzione - dev6 Erresse\" \/>\n<meta property=\"og:description\" content=\"Das Modell Cellini Evoluzione hat einen Kupferkessel mit Messingflansch. Kessel mit Au\u00dfenisolierung f\u00fcr gr\u00f6\u00dfere thermische Stabilit\u00e4t und\" \/>\n<meta property=\"og:url\" content=\"https:\/\/dev6.erresse-shop.it\/de\/shop\/kleine-elektrogeraete\/kaffeemaschinen-espresso\/handbuecher\/la-pavoni-kaffeemaschine-cellini-evoluzione\/\" \/>\n<meta property=\"og:site_name\" content=\"dev6 Erresse\" \/>\n<meta property=\"og:image\" content=\"https:\/\/interpim.erresse-shop.it\/wp-content\/uploads\/2023\/06\/LA-PAVONI-Macchina-da-Caffe\u0300-Cellini-Evoluzione.jpg\/la-pavoni-macchina-da-caffe-cc-80-cellini-evoluzione.jpg\" \/><meta property=\"og:image\" content=\"https:\/\/interpim.erresse-shop.it\/wp-content\/uploads\/2023\/06\/LA-PAVONI-Macchina-da-Caffe\u0300-Cellini-Evoluzione.jpg\/la-pavoni-macchina-da-caffe-cc-80-cellini-evoluzione.jpg\" \/>\n\t<meta property=\"og:image:width\" content=\"1024\" \/>\n\t<meta property=\"og:image:height\" content=\"1024\" \/>\n\t<meta property=\"og:image:type\" content=\"image\/jpeg\" \/>\n<meta name=\"twitter:card\" content=\"summary_large_image\" \/>\n<meta name=\"twitter:image\" content=\"https:\/\/interpim.erresse-shop.it\/wp-content\/uploads\/2023\/06\/LA-PAVONI-Macchina-da-Caffe\u0300-Cellini-Evoluzione.jpg\/la-pavoni-macchina-da-caffe-cc-80-cellini-evoluzione.jpg\" \/>\n<script type=\"application\/ld+json\" class=\"yoast-schema-graph\">{\"@context\":\"https:\/\/schema.org\",\"@graph\":[{\"@type\":\"WebPage\",\"@id\":\"https:\/\/dev6.erresse-shop.it\/de\/shop\/kleine-elektrogeraete\/kaffeemaschinen-espresso\/handbuecher\/la-pavoni-kaffeemaschine-cellini-evoluzione\/\",\"url\":\"https:\/\/dev6.erresse-shop.it\/de\/shop\/kleine-elektrogeraete\/kaffeemaschinen-espresso\/handbuecher\/la-pavoni-kaffeemaschine-cellini-evoluzione\/\",\"name\":\"LA PAVONI Kaffeemaschine Cellini Evoluzione - dev6 Erresse\",\"isPartOf\":{\"@id\":\"https:\/\/dev6.erresse-shop.it\/#website\"},\"primaryImageOfPage\":{\"@id\":\"https:\/\/dev6.erresse-shop.it\/de\/shop\/kleine-elektrogeraete\/kaffeemaschinen-espresso\/handbuecher\/la-pavoni-kaffeemaschine-cellini-evoluzione\/#primaryimage\"},\"image\":{\"@id\":\"https:\/\/dev6.erresse-shop.it\/de\/shop\/kleine-elektrogeraete\/kaffeemaschinen-espresso\/handbuecher\/la-pavoni-kaffeemaschine-cellini-evoluzione\/#primaryimage\"},\"thumbnailUrl\":\"https:\/\/i2.wp.com\/interpim.erresse-shop.it\/wp-content\/uploads\/2023\/06\/LA-PAVONI-Macchina-da-Caffe\u0300-Cellini-Evoluzione.jpg\/la-pavoni-macchina-da-caffe-cc-80-cellini-evoluzione.jpg?ssl=1\",\"datePublished\":\"2026-04-10T08:22:42+00:00\",\"description\":\"Das Modell Cellini Evoluzione hat einen Kupferkessel mit Messingflansch. Kessel mit Au\u00dfenisolierung f\u00fcr gr\u00f6\u00dfere thermische Stabilit\u00e4t und\",\"breadcrumb\":{\"@id\":\"https:\/\/dev6.erresse-shop.it\/de\/shop\/kleine-elektrogeraete\/kaffeemaschinen-espresso\/handbuecher\/la-pavoni-kaffeemaschine-cellini-evoluzione\/#breadcrumb\"},\"inLanguage\":\"de\",\"potentialAction\":[{\"@type\":\"ReadAction\",\"target\":[\"https:\/\/dev6.erresse-shop.it\/de\/shop\/kleine-elektrogeraete\/kaffeemaschinen-espresso\/handbuecher\/la-pavoni-kaffeemaschine-cellini-evoluzione\/\"]}]},{\"@type\":\"ImageObject\",\"inLanguage\":\"de\",\"@id\":\"https:\/\/dev6.erresse-shop.it\/de\/shop\/kleine-elektrogeraete\/kaffeemaschinen-espresso\/handbuecher\/la-pavoni-kaffeemaschine-cellini-evoluzione\/#primaryimage\",\"url\":\"https:\/\/i2.wp.com\/interpim.erresse-shop.it\/wp-content\/uploads\/2023\/06\/LA-PAVONI-Macchina-da-Caffe\u0300-Cellini-Evoluzione.jpg\/la-pavoni-macchina-da-caffe-cc-80-cellini-evoluzione.jpg?ssl=1\",\"contentUrl\":\"https:\/\/i2.wp.com\/interpim.erresse-shop.it\/wp-content\/uploads\/2023\/06\/LA-PAVONI-Macchina-da-Caffe\u0300-Cellini-Evoluzione.jpg\/la-pavoni-macchina-da-caffe-cc-80-cellini-evoluzione.jpg?ssl=1\"},{\"@type\":\"BreadcrumbList\",\"@id\":\"https:\/\/dev6.erresse-shop.it\/de\/shop\/kleine-elektrogeraete\/kaffeemaschinen-espresso\/handbuecher\/la-pavoni-kaffeemaschine-cellini-evoluzione\/#breadcrumb\",\"itemListElement\":[{\"@type\":\"ListItem\",\"position\":1,\"name\":\"Home\",\"item\":\"https:\/\/dev6.erresse-shop.it\/\"},{\"@type\":\"ListItem\",\"position\":2,\"name\":\"Shop\",\"item\":\"https:\/\/dev6.erresse-shop.it\/shop\/\"},{\"@type\":\"ListItem\",\"position\":3,\"name\":\"LA PAVONI Kaffeemaschine Cellini Evoluzione\"}]},{\"@type\":\"WebSite\",\"@id\":\"https:\/\/dev6.erresse-shop.it\/#website\",\"url\":\"https:\/\/dev6.erresse-shop.it\/\",\"name\":\"Erresse Shop\",\"description\":\"\",\"publisher\":{\"@id\":\"https:\/\/dev6.erresse-shop.it\/#organization\"},\"potentialAction\":[{\"@type\":\"SearchAction\",\"target\":{\"@type\":\"EntryPoint\",\"urlTemplate\":\"https:\/\/dev6.erresse-shop.it\/?s={search_term_string}\"},\"query-input\":{\"@type\":\"PropertyValueSpecification\",\"valueRequired\":true,\"valueName\":\"search_term_string\"}}],\"inLanguage\":\"de\"},{\"@type\":\"Organization\",\"@id\":\"https:\/\/dev6.erresse-shop.it\/#organization\",\"name\":\"Erresse Shop\",\"url\":\"https:\/\/dev6.erresse-shop.it\/\",\"logo\":{\"@type\":\"ImageObject\",\"inLanguage\":\"de\",\"@id\":\"https:\/\/dev6.erresse-shop.it\/#\/schema\/logo\/image\/\",\"url\":\"https:\/\/dev6.erresse-shop.it\/wp-content\/uploads\/2025\/01\/LOGO-ERRESSE-CLASSICO.svg\",\"contentUrl\":\"https:\/\/dev6.erresse-shop.it\/wp-content\/uploads\/2025\/01\/LOGO-ERRESSE-CLASSICO.svg\",\"caption\":\"Erresse Shop\"},\"image\":{\"@id\":\"https:\/\/dev6.erresse-shop.it\/#\/schema\/logo\/image\/\"}}]}<\/script>\n<!-- \/ Yoast SEO plugin. -->","yoast_head_json":{"title":"LA PAVONI Kaffeemaschine Cellini Evoluzione - dev6 Erresse","description":"Das Modell Cellini Evoluzione hat einen Kupferkessel mit Messingflansch. Kessel mit Au\u00dfenisolierung f\u00fcr gr\u00f6\u00dfere thermische Stabilit\u00e4t und","robots":{"index":"noindex","follow":"follow","max-snippet":"max-snippet:-1","max-image-preview":"max-image-preview:large","max-video-preview":"max-video-preview:-1"},"og_locale":"de_DE","og_type":"article","og_title":"LA PAVONI Kaffeemaschine Cellini Evoluzione - dev6 Erresse","og_description":"Das Modell Cellini Evoluzione hat einen Kupferkessel mit Messingflansch. Kessel mit Au\u00dfenisolierung f\u00fcr gr\u00f6\u00dfere thermische Stabilit\u00e4t und","og_url":"https:\/\/dev6.erresse-shop.it\/de\/shop\/kleine-elektrogeraete\/kaffeemaschinen-espresso\/handbuecher\/la-pavoni-kaffeemaschine-cellini-evoluzione\/","og_site_name":"dev6 Erresse","og_image":[{"url":"https:\/\/interpim.erresse-shop.it\/wp-content\/uploads\/2023\/06\/LA-PAVONI-Macchina-da-Caffe\u0300-Cellini-Evoluzione.jpg\/la-pavoni-macchina-da-caffe-cc-80-cellini-evoluzione.jpg","type":"","width":"","height":""},{"url":"https:\/\/interpim.erresse-shop.it\/wp-content\/uploads\/2023\/06\/LA-PAVONI-Macchina-da-Caffe\u0300-Cellini-Evoluzione.jpg\/la-pavoni-macchina-da-caffe-cc-80-cellini-evoluzione.jpg","width":1024,"height":1024,"type":"image\/jpeg"}],"twitter_card":"summary_large_image","twitter_image":"https:\/\/interpim.erresse-shop.it\/wp-content\/uploads\/2023\/06\/LA-PAVONI-Macchina-da-Caffe\u0300-Cellini-Evoluzione.jpg\/la-pavoni-macchina-da-caffe-cc-80-cellini-evoluzione.jpg","schema":{"@context":"https:\/\/schema.org","@graph":[{"@type":"WebPage","@id":"https:\/\/dev6.erresse-shop.it\/de\/shop\/kleine-elektrogeraete\/kaffeemaschinen-espresso\/handbuecher\/la-pavoni-kaffeemaschine-cellini-evoluzione\/","url":"https:\/\/dev6.erresse-shop.it\/de\/shop\/kleine-elektrogeraete\/kaffeemaschinen-espresso\/handbuecher\/la-pavoni-kaffeemaschine-cellini-evoluzione\/","name":"LA PAVONI Kaffeemaschine Cellini Evoluzione - dev6 Erresse","isPartOf":{"@id":"https:\/\/dev6.erresse-shop.it\/#website"},"primaryImageOfPage":{"@id":"https:\/\/dev6.erresse-shop.it\/de\/shop\/kleine-elektrogeraete\/kaffeemaschinen-espresso\/handbuecher\/la-pavoni-kaffeemaschine-cellini-evoluzione\/#primaryimage"},"image":{"@id":"https:\/\/dev6.erresse-shop.it\/de\/shop\/kleine-elektrogeraete\/kaffeemaschinen-espresso\/handbuecher\/la-pavoni-kaffeemaschine-cellini-evoluzione\/#primaryimage"},"thumbnailUrl":"https:\/\/i2.wp.com\/interpim.erresse-shop.it\/wp-content\/uploads\/2023\/06\/LA-PAVONI-Macchina-da-Caffe\u0300-Cellini-Evoluzione.jpg\/la-pavoni-macchina-da-caffe-cc-80-cellini-evoluzione.jpg?ssl=1","datePublished":"2026-04-10T08:22:42+00:00","description":"Das Modell Cellini Evoluzione hat einen Kupferkessel mit Messingflansch. Kessel mit Au\u00dfenisolierung f\u00fcr gr\u00f6\u00dfere thermische Stabilit\u00e4t und","breadcrumb":{"@id":"https:\/\/dev6.erresse-shop.it\/de\/shop\/kleine-elektrogeraete\/kaffeemaschinen-espresso\/handbuecher\/la-pavoni-kaffeemaschine-cellini-evoluzione\/#breadcrumb"},"inLanguage":"de","potentialAction":[{"@type":"ReadAction","target":["https:\/\/dev6.erresse-shop.it\/de\/shop\/kleine-elektrogeraete\/kaffeemaschinen-espresso\/handbuecher\/la-pavoni-kaffeemaschine-cellini-evoluzione\/"]}]},{"@type":"ImageObject","inLanguage":"de","@id":"https:\/\/dev6.erresse-shop.it\/de\/shop\/kleine-elektrogeraete\/kaffeemaschinen-espresso\/handbuecher\/la-pavoni-kaffeemaschine-cellini-evoluzione\/#primaryimage","url":"https:\/\/i2.wp.com\/interpim.erresse-shop.it\/wp-content\/uploads\/2023\/06\/LA-PAVONI-Macchina-da-Caffe\u0300-Cellini-Evoluzione.jpg\/la-pavoni-macchina-da-caffe-cc-80-cellini-evoluzione.jpg?ssl=1","contentUrl":"https:\/\/i2.wp.com\/interpim.erresse-shop.it\/wp-content\/uploads\/2023\/06\/LA-PAVONI-Macchina-da-Caffe\u0300-Cellini-Evoluzione.jpg\/la-pavoni-macchina-da-caffe-cc-80-cellini-evoluzione.jpg?ssl=1"},{"@type":"BreadcrumbList","@id":"https:\/\/dev6.erresse-shop.it\/de\/shop\/kleine-elektrogeraete\/kaffeemaschinen-espresso\/handbuecher\/la-pavoni-kaffeemaschine-cellini-evoluzione\/#breadcrumb","itemListElement":[{"@type":"ListItem","position":1,"name":"Home","item":"https:\/\/dev6.erresse-shop.it\/"},{"@type":"ListItem","position":2,"name":"Shop","item":"https:\/\/dev6.erresse-shop.it\/shop\/"},{"@type":"ListItem","position":3,"name":"LA PAVONI Kaffeemaschine Cellini Evoluzione"}]},{"@type":"WebSite","@id":"https:\/\/dev6.erresse-shop.it\/#website","url":"https:\/\/dev6.erresse-shop.it\/","name":"Erresse Shop","description":"","publisher":{"@id":"https:\/\/dev6.erresse-shop.it\/#organization"},"potentialAction":[{"@type":"SearchAction","target":{"@type":"EntryPoint","urlTemplate":"https:\/\/dev6.erresse-shop.it\/?s={search_term_string}"},"query-input":{"@type":"PropertyValueSpecification","valueRequired":true,"valueName":"search_term_string"}}],"inLanguage":"de"},{"@type":"Organization","@id":"https:\/\/dev6.erresse-shop.it\/#organization","name":"Erresse Shop","url":"https:\/\/dev6.erresse-shop.it\/","logo":{"@type":"ImageObject","inLanguage":"de","@id":"https:\/\/dev6.erresse-shop.it\/#\/schema\/logo\/image\/","url":"https:\/\/dev6.erresse-shop.it\/wp-content\/uploads\/2025\/01\/LOGO-ERRESSE-CLASSICO.svg","contentUrl":"https:\/\/dev6.erresse-shop.it\/wp-content\/uploads\/2025\/01\/LOGO-ERRESSE-CLASSICO.svg","caption":"Erresse Shop"},"image":{"@id":"https:\/\/dev6.erresse-shop.it\/#\/schema\/logo\/image\/"}}]}},"df_price":1699,"df_sale_price":1699,"df_regular_price":1899,"df_image_link":"https:\/\/i2.wp.com\/interpim.erresse-shop.it\/wp-content\/uploads\/2023\/06\/LA-PAVONI-Macchina-da-Caffe\u0300-Cellini-Evoluzione.jpg\/la-pavoni-macchina-da-caffe-cc-80-cellini-evoluzione.jpg?resize=300,300&ssl=1","fifu_image_url":"https:\/\/interpim.erresse-shop.it\/wp-content\/uploads\/2023\/06\/LA-PAVONI-Macchina-da-Caffe\u0300-Cellini-Evoluzione.jpg\/la-pavoni-macchina-da-caffe-cc-80-cellini-evoluzione.jpg","_links":{"self":[{"href":"https:\/\/dev6.erresse-shop.it\/de\/wp-json\/wp\/v2\/product\/52742","targetHints":{"allow":["GET"]}}],"collection":[{"href":"https:\/\/dev6.erresse-shop.it\/de\/wp-json\/wp\/v2\/product"}],"about":[{"href":"https:\/\/dev6.erresse-shop.it\/de\/wp-json\/wp\/v2\/types\/product"}],"wp:featuredmedia":[{"embeddable":true,"href":"https:\/\/dev6.erresse-shop.it\/de\/wp-json\/wp\/v2\/media\/6321048"}],"wp:attachment":[{"href":"https:\/\/dev6.erresse-shop.it\/de\/wp-json\/wp\/v2\/media?parent=52742"}],"wp:term":[{"taxonomy":"product_cat","embeddable":true,"href":"https:\/\/dev6.erresse-shop.it\/de\/wp-json\/wp\/v2\/product_cat?post=52742"},{"taxonomy":"product_tag","embeddable":true,"href":"https:\/\/dev6.erresse-shop.it\/de\/wp-json\/wp\/v2\/product_tag?post=52742"}],"curies":[{"name":"wp","href":"https:\/\/api.w.org\/{rel}","templated":true}]}}