{"id":52698,"date":"2026-04-12T09:42:28","date_gmt":"2026-04-12T07:42:28","guid":{"rendered":"https:\/\/dev6.erresse-shop.it\/shop\/unkategorisiert\/marcato-marga-getreidemuehle\/"},"modified":"2025-09-14T01:15:17","modified_gmt":"2025-09-13T23:15:17","slug":"marcato-marga-getreidemuehle","status":"publish","type":"product","link":"https:\/\/dev6.erresse-shop.it\/de\/shop\/kuche\/nudelmaschinen\/marcato-marga-getreidemuehle\/","title":{"rendered":"MARCATO Marga Getreidem\u00fchle"},"content":{"rendered":"<p>Die kompakte M\u00fchle zum Mahlen von Getreide und Zerealien zu Mehl, Flocken und Malz f\u00fcr Bier.<br \/>\nDer authentische Geschmack frischer, selbst zubereiteter Zutaten!<\/p>\n<p>Mehl, Flocken und Malz f\u00fcr Bier<\/p>\n<p>Marga Mulino ist die einzige Maschine, mit der Sie sowohl Flocken als auch Getreidemehl in wenigen Minuten zubereiten k\u00f6nnen. Sie kann sowohl f\u00fcr Weichgetreide wie Hafer, Gerste, Roggen, Weichweizen als auch f\u00fcr Hartgetreide wie Dinkel, Kamut, Reis und Buchweizen verwendet werden.<\/p>\n<p>Der Marga Mulino arbeitet mit drei Walzen, die sich mit unterschiedlicher Geschwindigkeit drehen. Der Abstand zwischen den Walzen, der durch einen Regler festgelegt wird, bestimmt die Art der Verarbeitung: Position 5-6, um Getreidemehl zu erhalten, Position 1 bis 4, um Getreideflocken mit einer anderen Oberfl\u00e4che zu erhalten.<\/p>\n<p>WARUM WEIZEN UND GETREIDE ZU HAUSE MAHLEN?<\/p>\n<p>Das Mahlen von frischem Getreide zu Hause garantiert Ihnen ein Produkt, das seine urspr\u00fcnglichen organoleptischen und ern\u00e4hrungsphysiologischen Eigenschaften beibeh\u00e4lt. Sie k\u00f6nnen endlich ein Produkt verzehren, bei dem Sie jeden Prozess kontrollieren und Zutaten verwenden, die in der K\u00fcche nicht immer leicht erh\u00e4ltlich sind. Die Verwendung einer kurzen Verarbeitungskette erm\u00f6glicht Ihnen eine bessere Kontrolle \u00fcber die Qualit\u00e4t Ihrer Lebensmittel.<\/p>\n<p>EMPFEHLUNGEN F\u00dcR DIE VERWENDUNG<\/p>\n<p>Geschmack und Wohlbefinden<\/p>\n<p>Um herauszufinden, welcher Mahlgrad f\u00fcr ein Getreide am besten geeignet ist, sollten Sie versuchen, eine kleine Menge in verschiedenen Positionen des Reglers zu mahlen;<br \/>\nVerwenden Sie die mit Marga Mulino gemahlenen Mehle sowohl zur Anreicherung Ihrer Teige als auch zur Kreation neuer Rezepte. Sie werden neue Geschmacksrichtungen und Kombinationen;<br \/>\nGeben Sie frische Flocken vor dem Backen zu Keksen oder Brot;<br \/>\nDas Ergebnis wird k\u00f6stlich sein;<br \/>\num ein sehr feines und reines Mehl zu erhalten, verwenden Sie ein K\u00fcchensieb, um \u00fcbersch\u00fcssige Kleie zu entfernen<\/p>\n<p>PFLEGE UND WARTUNG<\/p>\n<p>Ein paar kleine Vorsichtsma\u00dfnahmen gen\u00fcgen, um den Marga Mulino lange Zeit zu erhalten. Waschen Sie das Ger\u00e4t niemals im Wasser oder in der Sp\u00fclmaschine. Um die Maschine zu reinigen, entfernen Sie einfach mit der mitgelieferten B\u00fcrste alle festsitzenden Produkte. Um die Walzen zu reinigen, empfehlen wir, eine kleine Menge Reis zu mahlen. Wenn ein zu hartes Korn in den Walzen stecken bleibt, k\u00f6nnen Sie die Maschine mit der Hand benutzen, um mehr Kraft aufzubringen.<\/p>\n","protected":false},"excerpt":{"rendered":"<p>Die kompakte M\u00fchle zum Mahlen von Getreide und Zerealien zu Mehl, Flocken und Malz f\u00fcr Bier. Der authentische Geschmack frischer, selbst zubereiteter Zutaten! Mehl, Flocken und Malz f\u00fcr Bier Marga Mulino ist die einzige Maschine, mit der Sie sowohl Flocken als auch Getreidemehl in wenigen Minuten zubereiten k\u00f6nnen. Sie kann sowohl f\u00fcr Weichgetreide wie Hafer, [&hellip;]<\/p>\n","protected":false},"featured_media":6362454,"template":"","meta":{"_acf_changed":false},"product_cat":[11668,12100,12160],"product_tag":[],"class_list":{"0":"post-52698","1":"product","2":"type-product","3":"status-publish","4":"has-post-thumbnail","6":"product_cat-cucina","7":"product_cat-kuche","8":"product_cat-nudelmaschinen","10":"first","11":"instock","12":"sale","13":"taxable","14":"shipping-taxable","15":"purchasable","16":"product-type-simple","swatches":"rey-swatches","show_selected":"","stretch_labels":"rey-swatches--stretch-labels"},"acf":[],"yoast_head":"<!-- This site is optimized with the Yoast SEO plugin v25.4 - https:\/\/yoast.com\/wordpress\/plugins\/seo\/ -->\n<title>MARCATO Marga Getreidem\u00fchle - dev6 Erresse<\/title>\n<meta name=\"description\" content=\"Die kompakte M\u00fchle zum Mahlen von Getreide und Zerealien zu Mehl, Flocken und Malz f\u00fcr Bier. Der authentische Geschmack frischer, selbst zubereiteter\" \/>\n<meta name=\"robots\" content=\"noindex, follow, max-snippet:-1, max-image-preview:large, max-video-preview:-1\" \/>\n<meta property=\"og:locale\" content=\"de_DE\" \/>\n<meta property=\"og:type\" content=\"article\" \/>\n<meta property=\"og:title\" content=\"MARCATO Marga Getreidem\u00fchle - dev6 Erresse\" \/>\n<meta property=\"og:description\" content=\"Die kompakte M\u00fchle zum Mahlen von Getreide und Zerealien zu Mehl, Flocken und Malz f\u00fcr Bier. Der authentische Geschmack frischer, selbst zubereiteter\" \/>\n<meta property=\"og:url\" content=\"https:\/\/dev6.erresse-shop.it\/de\/shop\/kuche\/nudelmaschinen\/marcato-marga-getreidemuehle\/\" \/>\n<meta property=\"og:site_name\" content=\"dev6 Erresse\" \/>\n<meta property=\"og:image\" content=\"https:\/\/interpim.erresse-shop.it\/Import\/Prodotti\/marcato-marga-mulino-macchina-pe-cereali.jpg\" \/><meta property=\"og:image\" content=\"https:\/\/interpim.erresse-shop.it\/Import\/Prodotti\/marcato-marga-mulino-macchina-pe-cereali.jpg\" \/>\n\t<meta property=\"og:image:width\" content=\"1024\" \/>\n\t<meta property=\"og:image:height\" content=\"1024\" \/>\n\t<meta property=\"og:image:type\" content=\"image\/jpeg\" \/>\n<meta name=\"twitter:card\" content=\"summary_large_image\" \/>\n<meta name=\"twitter:image\" content=\"https:\/\/interpim.erresse-shop.it\/Import\/Prodotti\/marcato-marga-mulino-macchina-pe-cereali.jpg\" \/>\n<script type=\"application\/ld+json\" class=\"yoast-schema-graph\">{\"@context\":\"https:\/\/schema.org\",\"@graph\":[{\"@type\":\"WebPage\",\"@id\":\"https:\/\/dev6.erresse-shop.it\/de\/shop\/kuche\/nudelmaschinen\/marcato-marga-getreidemuehle\/\",\"url\":\"https:\/\/dev6.erresse-shop.it\/de\/shop\/kuche\/nudelmaschinen\/marcato-marga-getreidemuehle\/\",\"name\":\"MARCATO Marga Getreidem\u00fchle - dev6 Erresse\",\"isPartOf\":{\"@id\":\"https:\/\/dev6.erresse-shop.it\/#website\"},\"primaryImageOfPage\":{\"@id\":\"https:\/\/dev6.erresse-shop.it\/de\/shop\/kuche\/nudelmaschinen\/marcato-marga-getreidemuehle\/#primaryimage\"},\"image\":{\"@id\":\"https:\/\/dev6.erresse-shop.it\/de\/shop\/kuche\/nudelmaschinen\/marcato-marga-getreidemuehle\/#primaryimage\"},\"thumbnailUrl\":\"https:\/\/i3.wp.com\/interpim.erresse-shop.it\/Import\/Prodotti\/marcato-marga-mulino-macchina-pe-cereali.jpg?ssl=1\",\"datePublished\":\"2026-04-12T07:42:28+00:00\",\"description\":\"Die kompakte M\u00fchle zum Mahlen von Getreide und Zerealien zu Mehl, Flocken und Malz f\u00fcr Bier. Der authentische Geschmack frischer, selbst zubereiteter\",\"breadcrumb\":{\"@id\":\"https:\/\/dev6.erresse-shop.it\/de\/shop\/kuche\/nudelmaschinen\/marcato-marga-getreidemuehle\/#breadcrumb\"},\"inLanguage\":\"de\",\"potentialAction\":[{\"@type\":\"ReadAction\",\"target\":[\"https:\/\/dev6.erresse-shop.it\/de\/shop\/kuche\/nudelmaschinen\/marcato-marga-getreidemuehle\/\"]}]},{\"@type\":\"ImageObject\",\"inLanguage\":\"de\",\"@id\":\"https:\/\/dev6.erresse-shop.it\/de\/shop\/kuche\/nudelmaschinen\/marcato-marga-getreidemuehle\/#primaryimage\",\"url\":\"https:\/\/i3.wp.com\/interpim.erresse-shop.it\/Import\/Prodotti\/marcato-marga-mulino-macchina-pe-cereali.jpg?ssl=1\",\"contentUrl\":\"https:\/\/i3.wp.com\/interpim.erresse-shop.it\/Import\/Prodotti\/marcato-marga-mulino-macchina-pe-cereali.jpg?ssl=1\"},{\"@type\":\"BreadcrumbList\",\"@id\":\"https:\/\/dev6.erresse-shop.it\/de\/shop\/kuche\/nudelmaschinen\/marcato-marga-getreidemuehle\/#breadcrumb\",\"itemListElement\":[{\"@type\":\"ListItem\",\"position\":1,\"name\":\"Home\",\"item\":\"https:\/\/dev6.erresse-shop.it\/\"},{\"@type\":\"ListItem\",\"position\":2,\"name\":\"Shop\",\"item\":\"https:\/\/dev6.erresse-shop.it\/shop\/\"},{\"@type\":\"ListItem\",\"position\":3,\"name\":\"MARCATO Marga Getreidem\u00fchle\"}]},{\"@type\":\"WebSite\",\"@id\":\"https:\/\/dev6.erresse-shop.it\/#website\",\"url\":\"https:\/\/dev6.erresse-shop.it\/\",\"name\":\"Erresse Shop\",\"description\":\"\",\"publisher\":{\"@id\":\"https:\/\/dev6.erresse-shop.it\/#organization\"},\"potentialAction\":[{\"@type\":\"SearchAction\",\"target\":{\"@type\":\"EntryPoint\",\"urlTemplate\":\"https:\/\/dev6.erresse-shop.it\/?s={search_term_string}\"},\"query-input\":{\"@type\":\"PropertyValueSpecification\",\"valueRequired\":true,\"valueName\":\"search_term_string\"}}],\"inLanguage\":\"de\"},{\"@type\":\"Organization\",\"@id\":\"https:\/\/dev6.erresse-shop.it\/#organization\",\"name\":\"Erresse Shop\",\"url\":\"https:\/\/dev6.erresse-shop.it\/\",\"logo\":{\"@type\":\"ImageObject\",\"inLanguage\":\"de\",\"@id\":\"https:\/\/dev6.erresse-shop.it\/#\/schema\/logo\/image\/\",\"url\":\"https:\/\/dev6.erresse-shop.it\/wp-content\/uploads\/2025\/01\/LOGO-ERRESSE-CLASSICO.svg\",\"contentUrl\":\"https:\/\/dev6.erresse-shop.it\/wp-content\/uploads\/2025\/01\/LOGO-ERRESSE-CLASSICO.svg\",\"caption\":\"Erresse Shop\"},\"image\":{\"@id\":\"https:\/\/dev6.erresse-shop.it\/#\/schema\/logo\/image\/\"}}]}<\/script>\n<!-- \/ Yoast SEO plugin. -->","yoast_head_json":{"title":"MARCATO Marga Getreidem\u00fchle - dev6 Erresse","description":"Die kompakte M\u00fchle zum Mahlen von Getreide und Zerealien zu Mehl, Flocken und Malz f\u00fcr Bier. Der authentische Geschmack frischer, selbst zubereiteter","robots":{"index":"noindex","follow":"follow","max-snippet":"max-snippet:-1","max-image-preview":"max-image-preview:large","max-video-preview":"max-video-preview:-1"},"og_locale":"de_DE","og_type":"article","og_title":"MARCATO Marga Getreidem\u00fchle - dev6 Erresse","og_description":"Die kompakte M\u00fchle zum Mahlen von Getreide und Zerealien zu Mehl, Flocken und Malz f\u00fcr Bier. Der authentische Geschmack frischer, selbst zubereiteter","og_url":"https:\/\/dev6.erresse-shop.it\/de\/shop\/kuche\/nudelmaschinen\/marcato-marga-getreidemuehle\/","og_site_name":"dev6 Erresse","og_image":[{"url":"https:\/\/interpim.erresse-shop.it\/Import\/Prodotti\/marcato-marga-mulino-macchina-pe-cereali.jpg","type":"","width":"","height":""},{"url":"https:\/\/interpim.erresse-shop.it\/Import\/Prodotti\/marcato-marga-mulino-macchina-pe-cereali.jpg","width":1024,"height":1024,"type":"image\/jpeg"}],"twitter_card":"summary_large_image","twitter_image":"https:\/\/interpim.erresse-shop.it\/Import\/Prodotti\/marcato-marga-mulino-macchina-pe-cereali.jpg","schema":{"@context":"https:\/\/schema.org","@graph":[{"@type":"WebPage","@id":"https:\/\/dev6.erresse-shop.it\/de\/shop\/kuche\/nudelmaschinen\/marcato-marga-getreidemuehle\/","url":"https:\/\/dev6.erresse-shop.it\/de\/shop\/kuche\/nudelmaschinen\/marcato-marga-getreidemuehle\/","name":"MARCATO Marga Getreidem\u00fchle - dev6 Erresse","isPartOf":{"@id":"https:\/\/dev6.erresse-shop.it\/#website"},"primaryImageOfPage":{"@id":"https:\/\/dev6.erresse-shop.it\/de\/shop\/kuche\/nudelmaschinen\/marcato-marga-getreidemuehle\/#primaryimage"},"image":{"@id":"https:\/\/dev6.erresse-shop.it\/de\/shop\/kuche\/nudelmaschinen\/marcato-marga-getreidemuehle\/#primaryimage"},"thumbnailUrl":"https:\/\/i3.wp.com\/interpim.erresse-shop.it\/Import\/Prodotti\/marcato-marga-mulino-macchina-pe-cereali.jpg?ssl=1","datePublished":"2026-04-12T07:42:28+00:00","description":"Die kompakte M\u00fchle zum Mahlen von Getreide und Zerealien zu Mehl, Flocken und Malz f\u00fcr Bier. Der authentische Geschmack frischer, selbst zubereiteter","breadcrumb":{"@id":"https:\/\/dev6.erresse-shop.it\/de\/shop\/kuche\/nudelmaschinen\/marcato-marga-getreidemuehle\/#breadcrumb"},"inLanguage":"de","potentialAction":[{"@type":"ReadAction","target":["https:\/\/dev6.erresse-shop.it\/de\/shop\/kuche\/nudelmaschinen\/marcato-marga-getreidemuehle\/"]}]},{"@type":"ImageObject","inLanguage":"de","@id":"https:\/\/dev6.erresse-shop.it\/de\/shop\/kuche\/nudelmaschinen\/marcato-marga-getreidemuehle\/#primaryimage","url":"https:\/\/i3.wp.com\/interpim.erresse-shop.it\/Import\/Prodotti\/marcato-marga-mulino-macchina-pe-cereali.jpg?ssl=1","contentUrl":"https:\/\/i3.wp.com\/interpim.erresse-shop.it\/Import\/Prodotti\/marcato-marga-mulino-macchina-pe-cereali.jpg?ssl=1"},{"@type":"BreadcrumbList","@id":"https:\/\/dev6.erresse-shop.it\/de\/shop\/kuche\/nudelmaschinen\/marcato-marga-getreidemuehle\/#breadcrumb","itemListElement":[{"@type":"ListItem","position":1,"name":"Home","item":"https:\/\/dev6.erresse-shop.it\/"},{"@type":"ListItem","position":2,"name":"Shop","item":"https:\/\/dev6.erresse-shop.it\/shop\/"},{"@type":"ListItem","position":3,"name":"MARCATO Marga Getreidem\u00fchle"}]},{"@type":"WebSite","@id":"https:\/\/dev6.erresse-shop.it\/#website","url":"https:\/\/dev6.erresse-shop.it\/","name":"Erresse Shop","description":"","publisher":{"@id":"https:\/\/dev6.erresse-shop.it\/#organization"},"potentialAction":[{"@type":"SearchAction","target":{"@type":"EntryPoint","urlTemplate":"https:\/\/dev6.erresse-shop.it\/?s={search_term_string}"},"query-input":{"@type":"PropertyValueSpecification","valueRequired":true,"valueName":"search_term_string"}}],"inLanguage":"de"},{"@type":"Organization","@id":"https:\/\/dev6.erresse-shop.it\/#organization","name":"Erresse Shop","url":"https:\/\/dev6.erresse-shop.it\/","logo":{"@type":"ImageObject","inLanguage":"de","@id":"https:\/\/dev6.erresse-shop.it\/#\/schema\/logo\/image\/","url":"https:\/\/dev6.erresse-shop.it\/wp-content\/uploads\/2025\/01\/LOGO-ERRESSE-CLASSICO.svg","contentUrl":"https:\/\/dev6.erresse-shop.it\/wp-content\/uploads\/2025\/01\/LOGO-ERRESSE-CLASSICO.svg","caption":"Erresse Shop"},"image":{"@id":"https:\/\/dev6.erresse-shop.it\/#\/schema\/logo\/image\/"}}]}},"df_price":169.95,"df_sale_price":169.95,"df_regular_price":209.9,"df_image_link":"https:\/\/i3.wp.com\/interpim.erresse-shop.it\/Import\/Prodotti\/marcato-marga-mulino-macchina-pe-cereali.jpg?resize=300,300&ssl=1","fifu_image_url":"https:\/\/interpim.erresse-shop.it\/Import\/Prodotti\/marcato-marga-mulino-macchina-pe-cereali.jpg","_links":{"self":[{"href":"https:\/\/dev6.erresse-shop.it\/de\/wp-json\/wp\/v2\/product\/52698","targetHints":{"allow":["GET"]}}],"collection":[{"href":"https:\/\/dev6.erresse-shop.it\/de\/wp-json\/wp\/v2\/product"}],"about":[{"href":"https:\/\/dev6.erresse-shop.it\/de\/wp-json\/wp\/v2\/types\/product"}],"wp:featuredmedia":[{"embeddable":true,"href":"https:\/\/dev6.erresse-shop.it\/de\/wp-json\/wp\/v2\/media\/6362454"}],"wp:attachment":[{"href":"https:\/\/dev6.erresse-shop.it\/de\/wp-json\/wp\/v2\/media?parent=52698"}],"wp:term":[{"taxonomy":"product_cat","embeddable":true,"href":"https:\/\/dev6.erresse-shop.it\/de\/wp-json\/wp\/v2\/product_cat?post=52698"},{"taxonomy":"product_tag","embeddable":true,"href":"https:\/\/dev6.erresse-shop.it\/de\/wp-json\/wp\/v2\/product_tag?post=52698"}],"curies":[{"name":"wp","href":"https:\/\/api.w.org\/{rel}","templated":true}]}}