{"id":52669,"date":"2026-04-12T09:42:28","date_gmt":"2026-04-12T07:42:28","guid":{"rendered":"https:\/\/dev6.erresse-shop.it\/shop\/unkategorisiert\/vista-alegre-butterfly-parade-grosser-ovaler-teller\/"},"modified":"2025-09-14T01:14:26","modified_gmt":"2025-09-13T23:14:26","slug":"vista-alegre-butterfly-parade-grosser-ovaler-teller","status":"publish","type":"product","link":"https:\/\/dev6.erresse-shop.it\/de\/shop\/tisch\/servierplatten\/vista-alegre-butterfly-parade-grosser-ovaler-teller\/","title":{"rendered":"VISTA ALEGRE Butterfly Parade Gro\u00dfer Ovaler Teller"},"content":{"rendered":"<p>Butterfly Parade gro\u00dfe ovale teller. Eine Parade von echten und imagin\u00e4ren Schmetterlingen, die \u00fcber die St\u00fccke fliegen, mit bemerkenswerten dreidimensionalen Effekten.<\/p>\n<p>Material: Porzellan<br \/>\nH\u00f6he: 33 mm<br \/>\nL\u00e4nge: 406 mm<br \/>\nBreite: 303 mm<br \/>\nGewicht: 1616 gr<br \/>\nGebrauchshinweise: Nicht f\u00fcr die Mikrowelle geeignet. F\u00fcr die Verwendung in der Sp\u00fclmaschine werden kurze Zyklen bei niedrigen Temperaturen empfohlen. Vermeiden Sie den h\u00e4ufigen Gebrauch in der Sp\u00fclmaschine.<\/p>\n","protected":false},"excerpt":{"rendered":"<p>Butterfly Parade gro\u00dfe ovale teller. Eine Parade von echten und imagin\u00e4ren Schmetterlingen, die \u00fcber die St\u00fccke fliegen, mit bemerkenswerten dreidimensionalen Effekten. Material: Porzellan H\u00f6he: 33 mm L\u00e4nge: 406 mm Breite: 303 mm Gewicht: 1616 gr Gebrauchshinweise: Nicht f\u00fcr die Mikrowelle geeignet. F\u00fcr die Verwendung in der Sp\u00fclmaschine werden kurze Zyklen bei niedrigen Temperaturen empfohlen. Vermeiden [&hellip;]<\/p>\n","protected":false},"featured_media":6362416,"template":"","meta":{"_acf_changed":false},"product_cat":[12153,11671,12103],"product_tag":[],"class_list":{"0":"post-52669","1":"product","2":"type-product","3":"status-publish","4":"has-post-thumbnail","6":"product_cat-servierplatten","7":"product_cat-tavola","8":"product_cat-tisch","10":"first","11":"instock","12":"sale","13":"taxable","14":"shipping-taxable","15":"purchasable","16":"product-type-simple","swatches":"rey-swatches","show_selected":"","stretch_labels":"rey-swatches--stretch-labels"},"acf":[],"yoast_head":"<!-- This site is optimized with the Yoast SEO plugin v25.4 - https:\/\/yoast.com\/wordpress\/plugins\/seo\/ -->\n<title>VISTA ALEGRE Butterfly Parade Gro\u00dfer Ovaler Teller - dev6 Erresse<\/title>\n<meta name=\"description\" content=\"Butterfly Parade gro\u00dfe ovale teller. Eine Parade von echten und imagin\u00e4ren Schmetterlingen, die \u00fcber die St\u00fccke fliegen, mit bemerkenswerten\" \/>\n<meta name=\"robots\" content=\"noindex, follow, max-snippet:-1, max-image-preview:large, max-video-preview:-1\" \/>\n<meta property=\"og:locale\" content=\"de_DE\" \/>\n<meta property=\"og:type\" content=\"article\" \/>\n<meta property=\"og:title\" content=\"VISTA ALEGRE Butterfly Parade Gro\u00dfer Ovaler Teller - dev6 Erresse\" \/>\n<meta property=\"og:description\" content=\"Butterfly Parade gro\u00dfe ovale teller. Eine Parade von echten und imagin\u00e4ren Schmetterlingen, die \u00fcber die St\u00fccke fliegen, mit bemerkenswerten\" \/>\n<meta property=\"og:url\" content=\"https:\/\/dev6.erresse-shop.it\/de\/shop\/tisch\/servierplatten\/vista-alegre-butterfly-parade-grosser-ovaler-teller\/\" \/>\n<meta property=\"og:site_name\" content=\"dev6 Erresse\" \/>\n<meta property=\"og:image\" content=\"https:\/\/interpim.erresse-shop.it\/img-catalogo\/vista-alegre\/vista-alegre-butterfly-parade-piatto-ovale-grande.jpg\" \/><meta property=\"og:image\" content=\"https:\/\/interpim.erresse-shop.it\/img-catalogo\/vista-alegre\/vista-alegre-butterfly-parade-piatto-ovale-grande.jpg\" \/>\n\t<meta property=\"og:image:width\" content=\"1024\" \/>\n\t<meta property=\"og:image:height\" content=\"1024\" \/>\n\t<meta property=\"og:image:type\" content=\"image\/jpeg\" \/>\n<meta name=\"twitter:card\" content=\"summary_large_image\" \/>\n<meta name=\"twitter:image\" content=\"https:\/\/interpim.erresse-shop.it\/img-catalogo\/vista-alegre\/vista-alegre-butterfly-parade-piatto-ovale-grande.jpg\" \/>\n<script type=\"application\/ld+json\" class=\"yoast-schema-graph\">{\"@context\":\"https:\/\/schema.org\",\"@graph\":[{\"@type\":\"WebPage\",\"@id\":\"https:\/\/dev6.erresse-shop.it\/de\/shop\/tisch\/servierplatten\/vista-alegre-butterfly-parade-grosser-ovaler-teller\/\",\"url\":\"https:\/\/dev6.erresse-shop.it\/de\/shop\/tisch\/servierplatten\/vista-alegre-butterfly-parade-grosser-ovaler-teller\/\",\"name\":\"VISTA ALEGRE Butterfly Parade Gro\u00dfer Ovaler Teller - dev6 Erresse\",\"isPartOf\":{\"@id\":\"https:\/\/dev6.erresse-shop.it\/#website\"},\"primaryImageOfPage\":{\"@id\":\"https:\/\/dev6.erresse-shop.it\/de\/shop\/tisch\/servierplatten\/vista-alegre-butterfly-parade-grosser-ovaler-teller\/#primaryimage\"},\"image\":{\"@id\":\"https:\/\/dev6.erresse-shop.it\/de\/shop\/tisch\/servierplatten\/vista-alegre-butterfly-parade-grosser-ovaler-teller\/#primaryimage\"},\"thumbnailUrl\":\"https:\/\/i2.wp.com\/interpim.erresse-shop.it\/img-catalogo\/vista-alegre\/vista-alegre-butterfly-parade-piatto-ovale-grande.jpg?ssl=1\",\"datePublished\":\"2026-04-12T07:42:28+00:00\",\"description\":\"Butterfly Parade gro\u00dfe ovale teller. Eine Parade von echten und imagin\u00e4ren Schmetterlingen, die \u00fcber die St\u00fccke fliegen, mit bemerkenswerten\",\"breadcrumb\":{\"@id\":\"https:\/\/dev6.erresse-shop.it\/de\/shop\/tisch\/servierplatten\/vista-alegre-butterfly-parade-grosser-ovaler-teller\/#breadcrumb\"},\"inLanguage\":\"de\",\"potentialAction\":[{\"@type\":\"ReadAction\",\"target\":[\"https:\/\/dev6.erresse-shop.it\/de\/shop\/tisch\/servierplatten\/vista-alegre-butterfly-parade-grosser-ovaler-teller\/\"]}]},{\"@type\":\"ImageObject\",\"inLanguage\":\"de\",\"@id\":\"https:\/\/dev6.erresse-shop.it\/de\/shop\/tisch\/servierplatten\/vista-alegre-butterfly-parade-grosser-ovaler-teller\/#primaryimage\",\"url\":\"https:\/\/i2.wp.com\/interpim.erresse-shop.it\/img-catalogo\/vista-alegre\/vista-alegre-butterfly-parade-piatto-ovale-grande.jpg?ssl=1\",\"contentUrl\":\"https:\/\/i2.wp.com\/interpim.erresse-shop.it\/img-catalogo\/vista-alegre\/vista-alegre-butterfly-parade-piatto-ovale-grande.jpg?ssl=1\"},{\"@type\":\"BreadcrumbList\",\"@id\":\"https:\/\/dev6.erresse-shop.it\/de\/shop\/tisch\/servierplatten\/vista-alegre-butterfly-parade-grosser-ovaler-teller\/#breadcrumb\",\"itemListElement\":[{\"@type\":\"ListItem\",\"position\":1,\"name\":\"Home\",\"item\":\"https:\/\/dev6.erresse-shop.it\/\"},{\"@type\":\"ListItem\",\"position\":2,\"name\":\"Shop\",\"item\":\"https:\/\/dev6.erresse-shop.it\/shop\/\"},{\"@type\":\"ListItem\",\"position\":3,\"name\":\"VISTA ALEGRE Butterfly Parade Gro\u00dfer Ovaler Teller\"}]},{\"@type\":\"WebSite\",\"@id\":\"https:\/\/dev6.erresse-shop.it\/#website\",\"url\":\"https:\/\/dev6.erresse-shop.it\/\",\"name\":\"Erresse Shop\",\"description\":\"\",\"publisher\":{\"@id\":\"https:\/\/dev6.erresse-shop.it\/#organization\"},\"potentialAction\":[{\"@type\":\"SearchAction\",\"target\":{\"@type\":\"EntryPoint\",\"urlTemplate\":\"https:\/\/dev6.erresse-shop.it\/?s={search_term_string}\"},\"query-input\":{\"@type\":\"PropertyValueSpecification\",\"valueRequired\":true,\"valueName\":\"search_term_string\"}}],\"inLanguage\":\"de\"},{\"@type\":\"Organization\",\"@id\":\"https:\/\/dev6.erresse-shop.it\/#organization\",\"name\":\"Erresse Shop\",\"url\":\"https:\/\/dev6.erresse-shop.it\/\",\"logo\":{\"@type\":\"ImageObject\",\"inLanguage\":\"de\",\"@id\":\"https:\/\/dev6.erresse-shop.it\/#\/schema\/logo\/image\/\",\"url\":\"https:\/\/dev6.erresse-shop.it\/wp-content\/uploads\/2025\/01\/LOGO-ERRESSE-CLASSICO.svg\",\"contentUrl\":\"https:\/\/dev6.erresse-shop.it\/wp-content\/uploads\/2025\/01\/LOGO-ERRESSE-CLASSICO.svg\",\"caption\":\"Erresse Shop\"},\"image\":{\"@id\":\"https:\/\/dev6.erresse-shop.it\/#\/schema\/logo\/image\/\"}}]}<\/script>\n<!-- \/ Yoast SEO plugin. -->","yoast_head_json":{"title":"VISTA ALEGRE Butterfly Parade Gro\u00dfer Ovaler Teller - dev6 Erresse","description":"Butterfly Parade gro\u00dfe ovale teller. Eine Parade von echten und imagin\u00e4ren Schmetterlingen, die \u00fcber die St\u00fccke fliegen, mit bemerkenswerten","robots":{"index":"noindex","follow":"follow","max-snippet":"max-snippet:-1","max-image-preview":"max-image-preview:large","max-video-preview":"max-video-preview:-1"},"og_locale":"de_DE","og_type":"article","og_title":"VISTA ALEGRE Butterfly Parade Gro\u00dfer Ovaler Teller - dev6 Erresse","og_description":"Butterfly Parade gro\u00dfe ovale teller. Eine Parade von echten und imagin\u00e4ren Schmetterlingen, die \u00fcber die St\u00fccke fliegen, mit bemerkenswerten","og_url":"https:\/\/dev6.erresse-shop.it\/de\/shop\/tisch\/servierplatten\/vista-alegre-butterfly-parade-grosser-ovaler-teller\/","og_site_name":"dev6 Erresse","og_image":[{"url":"https:\/\/interpim.erresse-shop.it\/img-catalogo\/vista-alegre\/vista-alegre-butterfly-parade-piatto-ovale-grande.jpg","type":"","width":"","height":""},{"url":"https:\/\/interpim.erresse-shop.it\/img-catalogo\/vista-alegre\/vista-alegre-butterfly-parade-piatto-ovale-grande.jpg","width":1024,"height":1024,"type":"image\/jpeg"}],"twitter_card":"summary_large_image","twitter_image":"https:\/\/interpim.erresse-shop.it\/img-catalogo\/vista-alegre\/vista-alegre-butterfly-parade-piatto-ovale-grande.jpg","schema":{"@context":"https:\/\/schema.org","@graph":[{"@type":"WebPage","@id":"https:\/\/dev6.erresse-shop.it\/de\/shop\/tisch\/servierplatten\/vista-alegre-butterfly-parade-grosser-ovaler-teller\/","url":"https:\/\/dev6.erresse-shop.it\/de\/shop\/tisch\/servierplatten\/vista-alegre-butterfly-parade-grosser-ovaler-teller\/","name":"VISTA ALEGRE Butterfly Parade Gro\u00dfer Ovaler Teller - dev6 Erresse","isPartOf":{"@id":"https:\/\/dev6.erresse-shop.it\/#website"},"primaryImageOfPage":{"@id":"https:\/\/dev6.erresse-shop.it\/de\/shop\/tisch\/servierplatten\/vista-alegre-butterfly-parade-grosser-ovaler-teller\/#primaryimage"},"image":{"@id":"https:\/\/dev6.erresse-shop.it\/de\/shop\/tisch\/servierplatten\/vista-alegre-butterfly-parade-grosser-ovaler-teller\/#primaryimage"},"thumbnailUrl":"https:\/\/i2.wp.com\/interpim.erresse-shop.it\/img-catalogo\/vista-alegre\/vista-alegre-butterfly-parade-piatto-ovale-grande.jpg?ssl=1","datePublished":"2026-04-12T07:42:28+00:00","description":"Butterfly Parade gro\u00dfe ovale teller. Eine Parade von echten und imagin\u00e4ren Schmetterlingen, die \u00fcber die St\u00fccke fliegen, mit bemerkenswerten","breadcrumb":{"@id":"https:\/\/dev6.erresse-shop.it\/de\/shop\/tisch\/servierplatten\/vista-alegre-butterfly-parade-grosser-ovaler-teller\/#breadcrumb"},"inLanguage":"de","potentialAction":[{"@type":"ReadAction","target":["https:\/\/dev6.erresse-shop.it\/de\/shop\/tisch\/servierplatten\/vista-alegre-butterfly-parade-grosser-ovaler-teller\/"]}]},{"@type":"ImageObject","inLanguage":"de","@id":"https:\/\/dev6.erresse-shop.it\/de\/shop\/tisch\/servierplatten\/vista-alegre-butterfly-parade-grosser-ovaler-teller\/#primaryimage","url":"https:\/\/i2.wp.com\/interpim.erresse-shop.it\/img-catalogo\/vista-alegre\/vista-alegre-butterfly-parade-piatto-ovale-grande.jpg?ssl=1","contentUrl":"https:\/\/i2.wp.com\/interpim.erresse-shop.it\/img-catalogo\/vista-alegre\/vista-alegre-butterfly-parade-piatto-ovale-grande.jpg?ssl=1"},{"@type":"BreadcrumbList","@id":"https:\/\/dev6.erresse-shop.it\/de\/shop\/tisch\/servierplatten\/vista-alegre-butterfly-parade-grosser-ovaler-teller\/#breadcrumb","itemListElement":[{"@type":"ListItem","position":1,"name":"Home","item":"https:\/\/dev6.erresse-shop.it\/"},{"@type":"ListItem","position":2,"name":"Shop","item":"https:\/\/dev6.erresse-shop.it\/shop\/"},{"@type":"ListItem","position":3,"name":"VISTA ALEGRE Butterfly Parade Gro\u00dfer Ovaler Teller"}]},{"@type":"WebSite","@id":"https:\/\/dev6.erresse-shop.it\/#website","url":"https:\/\/dev6.erresse-shop.it\/","name":"Erresse Shop","description":"","publisher":{"@id":"https:\/\/dev6.erresse-shop.it\/#organization"},"potentialAction":[{"@type":"SearchAction","target":{"@type":"EntryPoint","urlTemplate":"https:\/\/dev6.erresse-shop.it\/?s={search_term_string}"},"query-input":{"@type":"PropertyValueSpecification","valueRequired":true,"valueName":"search_term_string"}}],"inLanguage":"de"},{"@type":"Organization","@id":"https:\/\/dev6.erresse-shop.it\/#organization","name":"Erresse Shop","url":"https:\/\/dev6.erresse-shop.it\/","logo":{"@type":"ImageObject","inLanguage":"de","@id":"https:\/\/dev6.erresse-shop.it\/#\/schema\/logo\/image\/","url":"https:\/\/dev6.erresse-shop.it\/wp-content\/uploads\/2025\/01\/LOGO-ERRESSE-CLASSICO.svg","contentUrl":"https:\/\/dev6.erresse-shop.it\/wp-content\/uploads\/2025\/01\/LOGO-ERRESSE-CLASSICO.svg","caption":"Erresse Shop"},"image":{"@id":"https:\/\/dev6.erresse-shop.it\/#\/schema\/logo\/image\/"}}]}},"df_price":239,"df_sale_price":239,"df_regular_price":305,"df_image_link":"https:\/\/i2.wp.com\/interpim.erresse-shop.it\/img-catalogo\/vista-alegre\/vista-alegre-butterfly-parade-piatto-ovale-grande.jpg?resize=300,300&ssl=1","fifu_image_url":"https:\/\/interpim.erresse-shop.it\/img-catalogo\/vista-alegre\/vista-alegre-butterfly-parade-piatto-ovale-grande.jpg","_links":{"self":[{"href":"https:\/\/dev6.erresse-shop.it\/de\/wp-json\/wp\/v2\/product\/52669","targetHints":{"allow":["GET"]}}],"collection":[{"href":"https:\/\/dev6.erresse-shop.it\/de\/wp-json\/wp\/v2\/product"}],"about":[{"href":"https:\/\/dev6.erresse-shop.it\/de\/wp-json\/wp\/v2\/types\/product"}],"wp:featuredmedia":[{"embeddable":true,"href":"https:\/\/dev6.erresse-shop.it\/de\/wp-json\/wp\/v2\/media\/6362416"}],"wp:attachment":[{"href":"https:\/\/dev6.erresse-shop.it\/de\/wp-json\/wp\/v2\/media?parent=52669"}],"wp:term":[{"taxonomy":"product_cat","embeddable":true,"href":"https:\/\/dev6.erresse-shop.it\/de\/wp-json\/wp\/v2\/product_cat?post=52669"},{"taxonomy":"product_tag","embeddable":true,"href":"https:\/\/dev6.erresse-shop.it\/de\/wp-json\/wp\/v2\/product_tag?post=52669"}],"curies":[{"name":"wp","href":"https:\/\/api.w.org\/{rel}","templated":true}]}}