{"id":52603,"date":"2026-04-04T09:37:34","date_gmt":"2026-04-04T07:37:34","guid":{"rendered":"https:\/\/dev6.erresse-shop.it\/shop\/unkategorisiert\/marcato-ravioli-tablet-azurblau\/"},"modified":"2025-07-03T20:48:50","modified_gmt":"2025-07-03T18:48:50","slug":"marcato-ravioli-tablet-azurblau","status":"publish","type":"product","link":"https:\/\/dev6.erresse-shop.it\/de\/shop\/kuche\/nudelmaschinen\/marcato-ravioli-tablet-azurblau\/","title":{"rendered":"MARCATO Ravioli Tablet Azurblau"},"content":{"rendered":"<p>Das solide gef\u00fcllte Nudelbrett, mit dem man in wenigen Minuten 10 leckere Ravioli auf einmal zubereiten kann.<\/p>\n<p>Ein Konzentrat aus Technik und Design<br \/>\nRavioli Tablet wurde entwickelt, um maximale Funktionalit\u00e4t mit einem modernen und anpassbaren Stil zu bieten.<br \/>\nDer Sockel ist aus massivem eloxiertem Aluminium f\u00fcr Lebensmittel, in 6 sch\u00f6nen Farben, gesundheitlich unbedenklich und mit langer Garantie.<br \/>\nDie abnehmbare Schneidefl\u00e4che ist aus transparentem lebensmittelechtem Polycarbonat, leicht zu reinigen und immer sauber und pr\u00e4zise.<\/p>\n","protected":false},"excerpt":{"rendered":"<p>Das solide gef\u00fcllte Nudelbrett, mit dem man in wenigen Minuten 10 leckere Ravioli auf einmal zubereiten kann. Ein Konzentrat aus Technik und Design Ravioli Tablet wurde entwickelt, um maximale Funktionalit\u00e4t mit einem modernen und anpassbaren Stil zu bieten. Der Sockel ist aus massivem eloxiertem Aluminium f\u00fcr Lebensmittel, in 6 sch\u00f6nen Farben, gesundheitlich unbedenklich und mit [&hellip;]<\/p>\n","protected":false},"featured_media":6278875,"template":"","meta":{"_acf_changed":false},"product_cat":[11668,12100,12160],"product_tag":[],"class_list":{"0":"post-52603","1":"product","2":"type-product","3":"status-publish","4":"has-post-thumbnail","6":"product_cat-cucina","7":"product_cat-kuche","8":"product_cat-nudelmaschinen","10":"first","11":"instock","12":"sale","13":"taxable","14":"shipping-taxable","15":"purchasable","16":"product-type-simple","swatches":"rey-swatches","show_selected":"","stretch_labels":"rey-swatches--stretch-labels"},"acf":[],"yoast_head":"<!-- This site is optimized with the Yoast SEO plugin v25.4 - https:\/\/yoast.com\/wordpress\/plugins\/seo\/ -->\n<title>MARCATO Ravioli Tablet Azurblau - dev6 Erresse<\/title>\n<meta name=\"description\" content=\"Das solide gef\u00fcllte Nudelbrett, mit dem man in wenigen Minuten 10 leckere Ravioli auf einmal zubereiten kann. Ein Konzentrat aus Technik und Design\" \/>\n<meta name=\"robots\" content=\"noindex, follow, max-snippet:-1, max-image-preview:large, max-video-preview:-1\" \/>\n<meta property=\"og:locale\" content=\"de_DE\" \/>\n<meta property=\"og:type\" content=\"article\" \/>\n<meta property=\"og:title\" content=\"MARCATO Ravioli Tablet Azurblau - dev6 Erresse\" \/>\n<meta property=\"og:description\" content=\"Das solide gef\u00fcllte Nudelbrett, mit dem man in wenigen Minuten 10 leckere Ravioli auf einmal zubereiten kann. Ein Konzentrat aus Technik und Design\" \/>\n<meta property=\"og:url\" content=\"https:\/\/dev6.erresse-shop.it\/de\/shop\/kuche\/nudelmaschinen\/marcato-ravioli-tablet-azurblau\/\" \/>\n<meta property=\"og:site_name\" content=\"dev6 Erresse\" \/>\n<meta property=\"og:image\" content=\"https:\/\/interpim.erresse-shop.it\/Import\/Prodotti\/marcato-ravioli-tablet-azzurro.jpg\" \/><meta property=\"og:image\" content=\"https:\/\/interpim.erresse-shop.it\/Import\/Prodotti\/marcato-ravioli-tablet-azzurro.jpg\" \/>\n\t<meta property=\"og:image:width\" content=\"1024\" \/>\n\t<meta property=\"og:image:height\" content=\"1024\" \/>\n\t<meta property=\"og:image:type\" content=\"image\/jpeg\" \/>\n<meta name=\"twitter:card\" content=\"summary_large_image\" \/>\n<meta name=\"twitter:image\" content=\"https:\/\/interpim.erresse-shop.it\/Import\/Prodotti\/marcato-ravioli-tablet-azzurro.jpg\" \/>\n<script type=\"application\/ld+json\" class=\"yoast-schema-graph\">{\"@context\":\"https:\/\/schema.org\",\"@graph\":[{\"@type\":\"WebPage\",\"@id\":\"https:\/\/dev6.erresse-shop.it\/de\/shop\/kuche\/nudelmaschinen\/marcato-ravioli-tablet-azurblau\/\",\"url\":\"https:\/\/dev6.erresse-shop.it\/de\/shop\/kuche\/nudelmaschinen\/marcato-ravioli-tablet-azurblau\/\",\"name\":\"MARCATO Ravioli Tablet Azurblau - dev6 Erresse\",\"isPartOf\":{\"@id\":\"https:\/\/dev6.erresse-shop.it\/#website\"},\"primaryImageOfPage\":{\"@id\":\"https:\/\/dev6.erresse-shop.it\/de\/shop\/kuche\/nudelmaschinen\/marcato-ravioli-tablet-azurblau\/#primaryimage\"},\"image\":{\"@id\":\"https:\/\/dev6.erresse-shop.it\/de\/shop\/kuche\/nudelmaschinen\/marcato-ravioli-tablet-azurblau\/#primaryimage\"},\"thumbnailUrl\":\"https:\/\/i0.wp.com\/interpim.erresse-shop.it\/Import\/Prodotti\/marcato-ravioli-tablet-azzurro.jpg?ssl=1\",\"datePublished\":\"2026-04-04T07:37:34+00:00\",\"description\":\"Das solide gef\u00fcllte Nudelbrett, mit dem man in wenigen Minuten 10 leckere Ravioli auf einmal zubereiten kann. Ein Konzentrat aus Technik und Design\",\"breadcrumb\":{\"@id\":\"https:\/\/dev6.erresse-shop.it\/de\/shop\/kuche\/nudelmaschinen\/marcato-ravioli-tablet-azurblau\/#breadcrumb\"},\"inLanguage\":\"de\",\"potentialAction\":[{\"@type\":\"ReadAction\",\"target\":[\"https:\/\/dev6.erresse-shop.it\/de\/shop\/kuche\/nudelmaschinen\/marcato-ravioli-tablet-azurblau\/\"]}]},{\"@type\":\"ImageObject\",\"inLanguage\":\"de\",\"@id\":\"https:\/\/dev6.erresse-shop.it\/de\/shop\/kuche\/nudelmaschinen\/marcato-ravioli-tablet-azurblau\/#primaryimage\",\"url\":\"https:\/\/i0.wp.com\/interpim.erresse-shop.it\/Import\/Prodotti\/marcato-ravioli-tablet-azzurro.jpg?ssl=1\",\"contentUrl\":\"https:\/\/i0.wp.com\/interpim.erresse-shop.it\/Import\/Prodotti\/marcato-ravioli-tablet-azzurro.jpg?ssl=1\"},{\"@type\":\"BreadcrumbList\",\"@id\":\"https:\/\/dev6.erresse-shop.it\/de\/shop\/kuche\/nudelmaschinen\/marcato-ravioli-tablet-azurblau\/#breadcrumb\",\"itemListElement\":[{\"@type\":\"ListItem\",\"position\":1,\"name\":\"Home\",\"item\":\"https:\/\/dev6.erresse-shop.it\/\"},{\"@type\":\"ListItem\",\"position\":2,\"name\":\"Shop\",\"item\":\"https:\/\/dev6.erresse-shop.it\/shop\/\"},{\"@type\":\"ListItem\",\"position\":3,\"name\":\"MARCATO Ravioli Tablet Azurblau\"}]},{\"@type\":\"WebSite\",\"@id\":\"https:\/\/dev6.erresse-shop.it\/#website\",\"url\":\"https:\/\/dev6.erresse-shop.it\/\",\"name\":\"Erresse Shop\",\"description\":\"\",\"publisher\":{\"@id\":\"https:\/\/dev6.erresse-shop.it\/#organization\"},\"potentialAction\":[{\"@type\":\"SearchAction\",\"target\":{\"@type\":\"EntryPoint\",\"urlTemplate\":\"https:\/\/dev6.erresse-shop.it\/?s={search_term_string}\"},\"query-input\":{\"@type\":\"PropertyValueSpecification\",\"valueRequired\":true,\"valueName\":\"search_term_string\"}}],\"inLanguage\":\"de\"},{\"@type\":\"Organization\",\"@id\":\"https:\/\/dev6.erresse-shop.it\/#organization\",\"name\":\"Erresse Shop\",\"url\":\"https:\/\/dev6.erresse-shop.it\/\",\"logo\":{\"@type\":\"ImageObject\",\"inLanguage\":\"de\",\"@id\":\"https:\/\/dev6.erresse-shop.it\/#\/schema\/logo\/image\/\",\"url\":\"https:\/\/dev6.erresse-shop.it\/wp-content\/uploads\/2025\/01\/LOGO-ERRESSE-CLASSICO.svg\",\"contentUrl\":\"https:\/\/dev6.erresse-shop.it\/wp-content\/uploads\/2025\/01\/LOGO-ERRESSE-CLASSICO.svg\",\"caption\":\"Erresse Shop\"},\"image\":{\"@id\":\"https:\/\/dev6.erresse-shop.it\/#\/schema\/logo\/image\/\"}}]}<\/script>\n<!-- \/ Yoast SEO plugin. -->","yoast_head_json":{"title":"MARCATO Ravioli Tablet Azurblau - dev6 Erresse","description":"Das solide gef\u00fcllte Nudelbrett, mit dem man in wenigen Minuten 10 leckere Ravioli auf einmal zubereiten kann. Ein Konzentrat aus Technik und Design","robots":{"index":"noindex","follow":"follow","max-snippet":"max-snippet:-1","max-image-preview":"max-image-preview:large","max-video-preview":"max-video-preview:-1"},"og_locale":"de_DE","og_type":"article","og_title":"MARCATO Ravioli Tablet Azurblau - dev6 Erresse","og_description":"Das solide gef\u00fcllte Nudelbrett, mit dem man in wenigen Minuten 10 leckere Ravioli auf einmal zubereiten kann. Ein Konzentrat aus Technik und Design","og_url":"https:\/\/dev6.erresse-shop.it\/de\/shop\/kuche\/nudelmaschinen\/marcato-ravioli-tablet-azurblau\/","og_site_name":"dev6 Erresse","og_image":[{"url":"https:\/\/interpim.erresse-shop.it\/Import\/Prodotti\/marcato-ravioli-tablet-azzurro.jpg","type":"","width":"","height":""},{"url":"https:\/\/interpim.erresse-shop.it\/Import\/Prodotti\/marcato-ravioli-tablet-azzurro.jpg","width":1024,"height":1024,"type":"image\/jpeg"}],"twitter_card":"summary_large_image","twitter_image":"https:\/\/interpim.erresse-shop.it\/Import\/Prodotti\/marcato-ravioli-tablet-azzurro.jpg","schema":{"@context":"https:\/\/schema.org","@graph":[{"@type":"WebPage","@id":"https:\/\/dev6.erresse-shop.it\/de\/shop\/kuche\/nudelmaschinen\/marcato-ravioli-tablet-azurblau\/","url":"https:\/\/dev6.erresse-shop.it\/de\/shop\/kuche\/nudelmaschinen\/marcato-ravioli-tablet-azurblau\/","name":"MARCATO Ravioli Tablet Azurblau - dev6 Erresse","isPartOf":{"@id":"https:\/\/dev6.erresse-shop.it\/#website"},"primaryImageOfPage":{"@id":"https:\/\/dev6.erresse-shop.it\/de\/shop\/kuche\/nudelmaschinen\/marcato-ravioli-tablet-azurblau\/#primaryimage"},"image":{"@id":"https:\/\/dev6.erresse-shop.it\/de\/shop\/kuche\/nudelmaschinen\/marcato-ravioli-tablet-azurblau\/#primaryimage"},"thumbnailUrl":"https:\/\/i0.wp.com\/interpim.erresse-shop.it\/Import\/Prodotti\/marcato-ravioli-tablet-azzurro.jpg?ssl=1","datePublished":"2026-04-04T07:37:34+00:00","description":"Das solide gef\u00fcllte Nudelbrett, mit dem man in wenigen Minuten 10 leckere Ravioli auf einmal zubereiten kann. Ein Konzentrat aus Technik und Design","breadcrumb":{"@id":"https:\/\/dev6.erresse-shop.it\/de\/shop\/kuche\/nudelmaschinen\/marcato-ravioli-tablet-azurblau\/#breadcrumb"},"inLanguage":"de","potentialAction":[{"@type":"ReadAction","target":["https:\/\/dev6.erresse-shop.it\/de\/shop\/kuche\/nudelmaschinen\/marcato-ravioli-tablet-azurblau\/"]}]},{"@type":"ImageObject","inLanguage":"de","@id":"https:\/\/dev6.erresse-shop.it\/de\/shop\/kuche\/nudelmaschinen\/marcato-ravioli-tablet-azurblau\/#primaryimage","url":"https:\/\/i0.wp.com\/interpim.erresse-shop.it\/Import\/Prodotti\/marcato-ravioli-tablet-azzurro.jpg?ssl=1","contentUrl":"https:\/\/i0.wp.com\/interpim.erresse-shop.it\/Import\/Prodotti\/marcato-ravioli-tablet-azzurro.jpg?ssl=1"},{"@type":"BreadcrumbList","@id":"https:\/\/dev6.erresse-shop.it\/de\/shop\/kuche\/nudelmaschinen\/marcato-ravioli-tablet-azurblau\/#breadcrumb","itemListElement":[{"@type":"ListItem","position":1,"name":"Home","item":"https:\/\/dev6.erresse-shop.it\/"},{"@type":"ListItem","position":2,"name":"Shop","item":"https:\/\/dev6.erresse-shop.it\/shop\/"},{"@type":"ListItem","position":3,"name":"MARCATO Ravioli Tablet Azurblau"}]},{"@type":"WebSite","@id":"https:\/\/dev6.erresse-shop.it\/#website","url":"https:\/\/dev6.erresse-shop.it\/","name":"Erresse Shop","description":"","publisher":{"@id":"https:\/\/dev6.erresse-shop.it\/#organization"},"potentialAction":[{"@type":"SearchAction","target":{"@type":"EntryPoint","urlTemplate":"https:\/\/dev6.erresse-shop.it\/?s={search_term_string}"},"query-input":{"@type":"PropertyValueSpecification","valueRequired":true,"valueName":"search_term_string"}}],"inLanguage":"de"},{"@type":"Organization","@id":"https:\/\/dev6.erresse-shop.it\/#organization","name":"Erresse Shop","url":"https:\/\/dev6.erresse-shop.it\/","logo":{"@type":"ImageObject","inLanguage":"de","@id":"https:\/\/dev6.erresse-shop.it\/#\/schema\/logo\/image\/","url":"https:\/\/dev6.erresse-shop.it\/wp-content\/uploads\/2025\/01\/LOGO-ERRESSE-CLASSICO.svg","contentUrl":"https:\/\/dev6.erresse-shop.it\/wp-content\/uploads\/2025\/01\/LOGO-ERRESSE-CLASSICO.svg","caption":"Erresse Shop"},"image":{"@id":"https:\/\/dev6.erresse-shop.it\/#\/schema\/logo\/image\/"}}]}},"df_price":99,"df_sale_price":99,"df_regular_price":116.9,"df_image_link":"https:\/\/i0.wp.com\/interpim.erresse-shop.it\/Import\/Prodotti\/marcato-ravioli-tablet-azzurro.jpg?resize=300,300&ssl=1","fifu_image_url":"https:\/\/interpim.erresse-shop.it\/Import\/Prodotti\/marcato-ravioli-tablet-azzurro.jpg","_links":{"self":[{"href":"https:\/\/dev6.erresse-shop.it\/de\/wp-json\/wp\/v2\/product\/52603","targetHints":{"allow":["GET"]}}],"collection":[{"href":"https:\/\/dev6.erresse-shop.it\/de\/wp-json\/wp\/v2\/product"}],"about":[{"href":"https:\/\/dev6.erresse-shop.it\/de\/wp-json\/wp\/v2\/types\/product"}],"wp:featuredmedia":[{"embeddable":true,"href":"https:\/\/dev6.erresse-shop.it\/de\/wp-json\/wp\/v2\/media\/6278875"}],"wp:attachment":[{"href":"https:\/\/dev6.erresse-shop.it\/de\/wp-json\/wp\/v2\/media?parent=52603"}],"wp:term":[{"taxonomy":"product_cat","embeddable":true,"href":"https:\/\/dev6.erresse-shop.it\/de\/wp-json\/wp\/v2\/product_cat?post=52603"},{"taxonomy":"product_tag","embeddable":true,"href":"https:\/\/dev6.erresse-shop.it\/de\/wp-json\/wp\/v2\/product_tag?post=52603"}],"curies":[{"name":"wp","href":"https:\/\/api.w.org\/{rel}","templated":true}]}}