{"id":52580,"date":"2026-04-12T09:39:33","date_gmt":"2026-04-12T07:39:33","guid":{"rendered":"https:\/\/dev6.erresse-shop.it\/shop\/unkategorisiert\/sambonet-24-bloom-stahl-spiegel-satz-24-stueck-monoblock\/"},"modified":"2025-07-03T20:48:21","modified_gmt":"2025-07-03T18:48:21","slug":"sambonet-24-bloom-stahl-spiegel-satz-24-stueck-monoblock","status":"publish","type":"product","link":"https:\/\/dev6.erresse-shop.it\/de\/shop\/tisch\/besteck\/sambonet-24-bloom-stahl-spiegel-satz-24-stueck-monoblock\/","title":{"rendered":"SAMBONET 24 Bloom Stahl-Spiegel Satz 24 St\u00fcck Monoblock"},"content":{"rendered":"<p>Bloom<br \/>\nEin Tisch, der nach Fr\u00fchling duftet! Das neue Besteck Bloom bringt die Sehnsucht nach Schlichtheit und Romantik auf den gedeckten Tisch. Die weiche, aber elegante Form f\u00fcgt ein stilvolles Detail hinzu, das perfekt zu jedem gedeckten Tisch passt. Ein minimalistisch gedeckter Tisch f\u00fcr ein schnelles Mittagessen im Alltag oder ein raffiniert gedeckter Tisch im Chabby-Chic f\u00fcr einen traumhaften Abend. Mit diesem Sambonet-Besteck ist die Geselligkeit bereit\u2026 zu erbl\u00fchen!<\/p>\n<p>Jedes Besteckteil ist aus rostfreiem Stahl 18\/10 gefertigt und hat einen einfachen, symmetrischen und robusten Griff.<br \/>\nSchlichter und formeller Stil, perfekt f\u00fcr die Inszenierung von besonderen Anl\u00e4ssen oder um dem Tisch einen Hauch von Leichtigkeit zu verleihen.<br \/>\nKomplettes Service f\u00fcr 6 Personen. Bestehend aus: 6 Gabeln, 6 L\u00f6ffeln, 6 Messern und 6 Teel\u00f6ffeln. Sp\u00fclmaschinenfest.<\/p>\n<p>Technische Daten<br \/>\nMarke: Sambonet<br \/>\nKollektion: Bloom<br \/>\nMaterial: Rostfreier Stahl<br \/>\nAnzahl der Teile im Set: 24<br \/>\nZusammensetzung des Sets: 6 Tafell\u00f6ffel, 6 Gabeln, 6 Messer, 6 Teel\u00f6ffel<br \/>\nGeeignet f\u00fcr wie viele Personen: 6<br \/>\nArtikel Nummer: 52668-81<br \/>\nJahr der Einf\u00fchrung: 2023<br \/>\nSp\u00fclmaschinenfest: Sp\u00fclmaschinenfest<br \/>\nTechnische Hinweise: Tafell\u00f6ffel 20,2 cm, Tafelgabel 20,2 cm, einteiliges Tafelmesser 22,1 cm, Teel\u00f6ffel 13,5 cm<\/p>\n<p>Informationen zur Pflege und Wartung<br \/>\nVOR UND NACH JEDEM GEBRAUCH: Mit geeigneten Reinigungsmitteln ohne Chlor und Bleichmittel waschen, absp\u00fclen und gr\u00fcndlich abtrocknen. Anschlie\u00dfend an einem trockenen Ort aufbewahren. Keine scheuernden Schw\u00e4mme oder T\u00fccher verwenden. Reste von Salz (NaCl), Zitrone, Essig, Tomatensaucen usw. sofort entfernen. Wenn Sie eine Sp\u00fclmaschine benutzen, vergewissern Sie sich, dass die Behandlung ein perfektes Trocknen und Polieren einschlie\u00dft; wenn nicht, machen Sie es manuell. Messerklingen bestehen aus geh\u00e4rtetem, rostfreiem Martensitstahl 420, der zwar die Haltbarkeit des Schliffs gew\u00e4hrleistet, das Material aber empfindlicher gegen\u00fcber Korrosionsangriffen macht. Es ist unbedingt erforderlich, dass die Messer unmittelbar nach dem Gebrauch ordnungsgem\u00e4\u00df gereinigt, gewaschen und getrocknet werden.<\/p>\n","protected":false},"excerpt":{"rendered":"<p>Bloom Ein Tisch, der nach Fr\u00fchling duftet! Das neue Besteck Bloom bringt die Sehnsucht nach Schlichtheit und Romantik auf den gedeckten Tisch. Die weiche, aber elegante Form f\u00fcgt ein stilvolles Detail hinzu, das perfekt zu jedem gedeckten Tisch passt. Ein minimalistisch gedeckter Tisch f\u00fcr ein schnelles Mittagessen im Alltag oder ein raffiniert gedeckter Tisch im [&hellip;]<\/p>\n","protected":false},"featured_media":6362066,"template":"","meta":{"_acf_changed":false},"product_cat":[12104,11671,12103],"product_tag":[],"class_list":{"0":"post-52580","1":"product","2":"type-product","3":"status-publish","4":"has-post-thumbnail","6":"product_cat-besteck","7":"product_cat-tavola","8":"product_cat-tisch","10":"first","11":"instock","12":"taxable","13":"shipping-taxable","14":"product-type-simple","swatches":"rey-swatches","show_selected":"","stretch_labels":"rey-swatches--stretch-labels"},"acf":[],"yoast_head":"<!-- This site is optimized with the Yoast SEO plugin v25.4 - https:\/\/yoast.com\/wordpress\/plugins\/seo\/ -->\n<title>SAMBONET 24 Bloom Stahl-Spiegel Satz 24 St\u00fcck Monoblock - dev6 Erresse<\/title>\n<meta name=\"description\" content=\"Bloom Ein Tisch, der nach Fr\u00fchling duftet! Das neue Besteck Bloom bringt die Sehnsucht nach Schlichtheit und Romantik auf den gedeckten Tisch. Die weiche,\" \/>\n<meta name=\"robots\" content=\"noindex, follow, max-snippet:-1, max-image-preview:large, max-video-preview:-1\" \/>\n<meta property=\"og:locale\" content=\"de_DE\" \/>\n<meta property=\"og:type\" content=\"article\" \/>\n<meta property=\"og:title\" content=\"SAMBONET 24 Bloom Stahl-Spiegel Satz 24 St\u00fcck Monoblock - dev6 Erresse\" \/>\n<meta property=\"og:description\" content=\"Bloom Ein Tisch, der nach Fr\u00fchling duftet! Das neue Besteck Bloom bringt die Sehnsucht nach Schlichtheit und Romantik auf den gedeckten Tisch. Die weiche,\" \/>\n<meta property=\"og:url\" content=\"https:\/\/dev6.erresse-shop.it\/de\/shop\/tisch\/besteck\/sambonet-24-bloom-stahl-spiegel-satz-24-stueck-monoblock\/\" \/>\n<meta property=\"og:site_name\" content=\"dev6 Erresse\" \/>\n<meta property=\"og:image\" content=\"https:\/\/interpim.erresse-shop.it\/img-catalogo\/sambonet\/sambonet-bloom-antique-servizio-24-pezzi-monoblocco.jpg\" \/><meta property=\"og:image\" content=\"https:\/\/interpim.erresse-shop.it\/img-catalogo\/sambonet\/sambonet-bloom-antique-servizio-24-pezzi-monoblocco.jpg\" \/>\n\t<meta property=\"og:image:width\" content=\"1024\" \/>\n\t<meta property=\"og:image:height\" content=\"1024\" \/>\n\t<meta property=\"og:image:type\" content=\"image\/jpeg\" \/>\n<meta name=\"twitter:card\" content=\"summary_large_image\" \/>\n<meta name=\"twitter:image\" content=\"https:\/\/interpim.erresse-shop.it\/img-catalogo\/sambonet\/sambonet-bloom-antique-servizio-24-pezzi-monoblocco.jpg\" \/>\n<script type=\"application\/ld+json\" class=\"yoast-schema-graph\">{\"@context\":\"https:\/\/schema.org\",\"@graph\":[{\"@type\":\"WebPage\",\"@id\":\"https:\/\/dev6.erresse-shop.it\/de\/shop\/tisch\/besteck\/sambonet-24-bloom-stahl-spiegel-satz-24-stueck-monoblock\/\",\"url\":\"https:\/\/dev6.erresse-shop.it\/de\/shop\/tisch\/besteck\/sambonet-24-bloom-stahl-spiegel-satz-24-stueck-monoblock\/\",\"name\":\"SAMBONET 24 Bloom Stahl-Spiegel Satz 24 St\u00fcck Monoblock - dev6 Erresse\",\"isPartOf\":{\"@id\":\"https:\/\/dev6.erresse-shop.it\/#website\"},\"primaryImageOfPage\":{\"@id\":\"https:\/\/dev6.erresse-shop.it\/de\/shop\/tisch\/besteck\/sambonet-24-bloom-stahl-spiegel-satz-24-stueck-monoblock\/#primaryimage\"},\"image\":{\"@id\":\"https:\/\/dev6.erresse-shop.it\/de\/shop\/tisch\/besteck\/sambonet-24-bloom-stahl-spiegel-satz-24-stueck-monoblock\/#primaryimage\"},\"thumbnailUrl\":\"https:\/\/i0.wp.com\/interpim.erresse-shop.it\/img-catalogo\/sambonet\/sambonet-bloom-antique-servizio-24-pezzi-monoblocco.jpg?ssl=1\",\"datePublished\":\"2026-04-12T07:39:33+00:00\",\"description\":\"Bloom Ein Tisch, der nach Fr\u00fchling duftet! Das neue Besteck Bloom bringt die Sehnsucht nach Schlichtheit und Romantik auf den gedeckten Tisch. Die weiche,\",\"breadcrumb\":{\"@id\":\"https:\/\/dev6.erresse-shop.it\/de\/shop\/tisch\/besteck\/sambonet-24-bloom-stahl-spiegel-satz-24-stueck-monoblock\/#breadcrumb\"},\"inLanguage\":\"de\",\"potentialAction\":[{\"@type\":\"ReadAction\",\"target\":[\"https:\/\/dev6.erresse-shop.it\/de\/shop\/tisch\/besteck\/sambonet-24-bloom-stahl-spiegel-satz-24-stueck-monoblock\/\"]}]},{\"@type\":\"ImageObject\",\"inLanguage\":\"de\",\"@id\":\"https:\/\/dev6.erresse-shop.it\/de\/shop\/tisch\/besteck\/sambonet-24-bloom-stahl-spiegel-satz-24-stueck-monoblock\/#primaryimage\",\"url\":\"https:\/\/i0.wp.com\/interpim.erresse-shop.it\/img-catalogo\/sambonet\/sambonet-bloom-antique-servizio-24-pezzi-monoblocco.jpg?ssl=1\",\"contentUrl\":\"https:\/\/i0.wp.com\/interpim.erresse-shop.it\/img-catalogo\/sambonet\/sambonet-bloom-antique-servizio-24-pezzi-monoblocco.jpg?ssl=1\"},{\"@type\":\"BreadcrumbList\",\"@id\":\"https:\/\/dev6.erresse-shop.it\/de\/shop\/tisch\/besteck\/sambonet-24-bloom-stahl-spiegel-satz-24-stueck-monoblock\/#breadcrumb\",\"itemListElement\":[{\"@type\":\"ListItem\",\"position\":1,\"name\":\"Home\",\"item\":\"https:\/\/dev6.erresse-shop.it\/\"},{\"@type\":\"ListItem\",\"position\":2,\"name\":\"Shop\",\"item\":\"https:\/\/dev6.erresse-shop.it\/shop\/\"},{\"@type\":\"ListItem\",\"position\":3,\"name\":\"SAMBONET 24 Bloom Stahl-Spiegel Satz 24 St\u00fcck Monoblock\"}]},{\"@type\":\"WebSite\",\"@id\":\"https:\/\/dev6.erresse-shop.it\/#website\",\"url\":\"https:\/\/dev6.erresse-shop.it\/\",\"name\":\"Erresse Shop\",\"description\":\"\",\"publisher\":{\"@id\":\"https:\/\/dev6.erresse-shop.it\/#organization\"},\"potentialAction\":[{\"@type\":\"SearchAction\",\"target\":{\"@type\":\"EntryPoint\",\"urlTemplate\":\"https:\/\/dev6.erresse-shop.it\/?s={search_term_string}\"},\"query-input\":{\"@type\":\"PropertyValueSpecification\",\"valueRequired\":true,\"valueName\":\"search_term_string\"}}],\"inLanguage\":\"de\"},{\"@type\":\"Organization\",\"@id\":\"https:\/\/dev6.erresse-shop.it\/#organization\",\"name\":\"Erresse Shop\",\"url\":\"https:\/\/dev6.erresse-shop.it\/\",\"logo\":{\"@type\":\"ImageObject\",\"inLanguage\":\"de\",\"@id\":\"https:\/\/dev6.erresse-shop.it\/#\/schema\/logo\/image\/\",\"url\":\"https:\/\/dev6.erresse-shop.it\/wp-content\/uploads\/2025\/01\/LOGO-ERRESSE-CLASSICO.svg\",\"contentUrl\":\"https:\/\/dev6.erresse-shop.it\/wp-content\/uploads\/2025\/01\/LOGO-ERRESSE-CLASSICO.svg\",\"caption\":\"Erresse Shop\"},\"image\":{\"@id\":\"https:\/\/dev6.erresse-shop.it\/#\/schema\/logo\/image\/\"}}]}<\/script>\n<!-- \/ Yoast SEO plugin. -->","yoast_head_json":{"title":"SAMBONET 24 Bloom Stahl-Spiegel Satz 24 St\u00fcck Monoblock - dev6 Erresse","description":"Bloom Ein Tisch, der nach Fr\u00fchling duftet! Das neue Besteck Bloom bringt die Sehnsucht nach Schlichtheit und Romantik auf den gedeckten Tisch. Die weiche,","robots":{"index":"noindex","follow":"follow","max-snippet":"max-snippet:-1","max-image-preview":"max-image-preview:large","max-video-preview":"max-video-preview:-1"},"og_locale":"de_DE","og_type":"article","og_title":"SAMBONET 24 Bloom Stahl-Spiegel Satz 24 St\u00fcck Monoblock - dev6 Erresse","og_description":"Bloom Ein Tisch, der nach Fr\u00fchling duftet! Das neue Besteck Bloom bringt die Sehnsucht nach Schlichtheit und Romantik auf den gedeckten Tisch. Die weiche,","og_url":"https:\/\/dev6.erresse-shop.it\/de\/shop\/tisch\/besteck\/sambonet-24-bloom-stahl-spiegel-satz-24-stueck-monoblock\/","og_site_name":"dev6 Erresse","og_image":[{"url":"https:\/\/interpim.erresse-shop.it\/img-catalogo\/sambonet\/sambonet-bloom-antique-servizio-24-pezzi-monoblocco.jpg","type":"","width":"","height":""},{"url":"https:\/\/interpim.erresse-shop.it\/img-catalogo\/sambonet\/sambonet-bloom-antique-servizio-24-pezzi-monoblocco.jpg","width":1024,"height":1024,"type":"image\/jpeg"}],"twitter_card":"summary_large_image","twitter_image":"https:\/\/interpim.erresse-shop.it\/img-catalogo\/sambonet\/sambonet-bloom-antique-servizio-24-pezzi-monoblocco.jpg","schema":{"@context":"https:\/\/schema.org","@graph":[{"@type":"WebPage","@id":"https:\/\/dev6.erresse-shop.it\/de\/shop\/tisch\/besteck\/sambonet-24-bloom-stahl-spiegel-satz-24-stueck-monoblock\/","url":"https:\/\/dev6.erresse-shop.it\/de\/shop\/tisch\/besteck\/sambonet-24-bloom-stahl-spiegel-satz-24-stueck-monoblock\/","name":"SAMBONET 24 Bloom Stahl-Spiegel Satz 24 St\u00fcck Monoblock - dev6 Erresse","isPartOf":{"@id":"https:\/\/dev6.erresse-shop.it\/#website"},"primaryImageOfPage":{"@id":"https:\/\/dev6.erresse-shop.it\/de\/shop\/tisch\/besteck\/sambonet-24-bloom-stahl-spiegel-satz-24-stueck-monoblock\/#primaryimage"},"image":{"@id":"https:\/\/dev6.erresse-shop.it\/de\/shop\/tisch\/besteck\/sambonet-24-bloom-stahl-spiegel-satz-24-stueck-monoblock\/#primaryimage"},"thumbnailUrl":"https:\/\/i0.wp.com\/interpim.erresse-shop.it\/img-catalogo\/sambonet\/sambonet-bloom-antique-servizio-24-pezzi-monoblocco.jpg?ssl=1","datePublished":"2026-04-12T07:39:33+00:00","description":"Bloom Ein Tisch, der nach Fr\u00fchling duftet! Das neue Besteck Bloom bringt die Sehnsucht nach Schlichtheit und Romantik auf den gedeckten Tisch. Die weiche,","breadcrumb":{"@id":"https:\/\/dev6.erresse-shop.it\/de\/shop\/tisch\/besteck\/sambonet-24-bloom-stahl-spiegel-satz-24-stueck-monoblock\/#breadcrumb"},"inLanguage":"de","potentialAction":[{"@type":"ReadAction","target":["https:\/\/dev6.erresse-shop.it\/de\/shop\/tisch\/besteck\/sambonet-24-bloom-stahl-spiegel-satz-24-stueck-monoblock\/"]}]},{"@type":"ImageObject","inLanguage":"de","@id":"https:\/\/dev6.erresse-shop.it\/de\/shop\/tisch\/besteck\/sambonet-24-bloom-stahl-spiegel-satz-24-stueck-monoblock\/#primaryimage","url":"https:\/\/i0.wp.com\/interpim.erresse-shop.it\/img-catalogo\/sambonet\/sambonet-bloom-antique-servizio-24-pezzi-monoblocco.jpg?ssl=1","contentUrl":"https:\/\/i0.wp.com\/interpim.erresse-shop.it\/img-catalogo\/sambonet\/sambonet-bloom-antique-servizio-24-pezzi-monoblocco.jpg?ssl=1"},{"@type":"BreadcrumbList","@id":"https:\/\/dev6.erresse-shop.it\/de\/shop\/tisch\/besteck\/sambonet-24-bloom-stahl-spiegel-satz-24-stueck-monoblock\/#breadcrumb","itemListElement":[{"@type":"ListItem","position":1,"name":"Home","item":"https:\/\/dev6.erresse-shop.it\/"},{"@type":"ListItem","position":2,"name":"Shop","item":"https:\/\/dev6.erresse-shop.it\/shop\/"},{"@type":"ListItem","position":3,"name":"SAMBONET 24 Bloom Stahl-Spiegel Satz 24 St\u00fcck Monoblock"}]},{"@type":"WebSite","@id":"https:\/\/dev6.erresse-shop.it\/#website","url":"https:\/\/dev6.erresse-shop.it\/","name":"Erresse Shop","description":"","publisher":{"@id":"https:\/\/dev6.erresse-shop.it\/#organization"},"potentialAction":[{"@type":"SearchAction","target":{"@type":"EntryPoint","urlTemplate":"https:\/\/dev6.erresse-shop.it\/?s={search_term_string}"},"query-input":{"@type":"PropertyValueSpecification","valueRequired":true,"valueName":"search_term_string"}}],"inLanguage":"de"},{"@type":"Organization","@id":"https:\/\/dev6.erresse-shop.it\/#organization","name":"Erresse Shop","url":"https:\/\/dev6.erresse-shop.it\/","logo":{"@type":"ImageObject","inLanguage":"de","@id":"https:\/\/dev6.erresse-shop.it\/#\/schema\/logo\/image\/","url":"https:\/\/dev6.erresse-shop.it\/wp-content\/uploads\/2025\/01\/LOGO-ERRESSE-CLASSICO.svg","contentUrl":"https:\/\/dev6.erresse-shop.it\/wp-content\/uploads\/2025\/01\/LOGO-ERRESSE-CLASSICO.svg","caption":"Erresse Shop"},"image":{"@id":"https:\/\/dev6.erresse-shop.it\/#\/schema\/logo\/image\/"}}]}},"df_price":"","df_sale_price":"","df_regular_price":"","df_image_link":"https:\/\/i0.wp.com\/interpim.erresse-shop.it\/img-catalogo\/sambonet\/sambonet-bloom-antique-servizio-24-pezzi-monoblocco.jpg?resize=300,300&ssl=1","fifu_image_url":"https:\/\/interpim.erresse-shop.it\/img-catalogo\/sambonet\/sambonet-bloom-antique-servizio-24-pezzi-monoblocco.jpg","_links":{"self":[{"href":"https:\/\/dev6.erresse-shop.it\/de\/wp-json\/wp\/v2\/product\/52580","targetHints":{"allow":["GET"]}}],"collection":[{"href":"https:\/\/dev6.erresse-shop.it\/de\/wp-json\/wp\/v2\/product"}],"about":[{"href":"https:\/\/dev6.erresse-shop.it\/de\/wp-json\/wp\/v2\/types\/product"}],"wp:featuredmedia":[{"embeddable":true,"href":"https:\/\/dev6.erresse-shop.it\/de\/wp-json\/wp\/v2\/media\/6362066"}],"wp:attachment":[{"href":"https:\/\/dev6.erresse-shop.it\/de\/wp-json\/wp\/v2\/media?parent=52580"}],"wp:term":[{"taxonomy":"product_cat","embeddable":true,"href":"https:\/\/dev6.erresse-shop.it\/de\/wp-json\/wp\/v2\/product_cat?post=52580"},{"taxonomy":"product_tag","embeddable":true,"href":"https:\/\/dev6.erresse-shop.it\/de\/wp-json\/wp\/v2\/product_tag?post=52580"}],"curies":[{"name":"wp","href":"https:\/\/api.w.org\/{rel}","templated":true}]}}