{"id":52574,"date":"2026-04-12T09:39:33","date_gmt":"2026-04-12T07:39:33","guid":{"rendered":"https:\/\/dev6.erresse-shop.it\/shop\/unkategorisiert\/sambonet-bloom-stahl-spiegel-6-dessertgabeln\/"},"modified":"2025-07-03T20:48:09","modified_gmt":"2025-07-03T18:48:09","slug":"sambonet-bloom-stahl-spiegel-6-dessertgabeln","status":"publish","type":"product","link":"https:\/\/dev6.erresse-shop.it\/de\/shop\/tisch\/besteck\/sambonet-bloom-stahl-spiegel-6-dessertgabeln\/","title":{"rendered":"SAMBONET Bloom Stahl-Spiegel 6 Dessertgabeln"},"content":{"rendered":"<p>BLOOM<br \/>\nEin Tisch, der nach Fr\u00fchling duftet! Das neue Besteck Bloom bringt die Sehnsucht nach Schlichtheit und Romantik auf den gedeckten Tisch. Die weiche, aber elegante Form f\u00fcgt ein stilvolles Detail hinzu, das perfekt zu jedem gedeckten Tisch passt. Ein minimalistisch gedeckter Tisch f\u00fcr ein schnelles Mittagessen im Alltag oder ein raffiniert gedeckter Tisch im Chabby-Chic f\u00fcr einen traumhaften Abend. Mit diesem Sambonet-Besteck ist die Geselligkeit bereit\u2026 zu erbl\u00fchen!<\/p>\n<p>Jedes Besteckteil ist aus rostfreiem Stahl 18\/10 gefertigt und zeichnet sich durch seine charakteristische Schneide und den leichten, gewundenen Griff aus.<br \/>\nPerfekt f\u00fcr alle, die Stil, Raffinesse und hohe Qualit\u00e4t auf den Tisch bringen wollen.<br \/>\nDessert-Set f\u00fcr 6 Personen. Enth\u00e4lt 6 dreizinkige Gabeln mit einer L\u00e4nge von 14 cm, ideal f\u00fcr den Genuss von Desserts auf einem Teller.<br \/>\nVorgeschlagen in einer raffinierten Verpackung, eine perfekte Wahl auch als Geschenkidee. Das Besteck ist sp\u00fclmaschinenfest.<\/p>\n<p>VOR UND NACH JEDEM GEBRAUCH<br \/>\nMit geeigneten Reinigungsmitteln, die kein Chlor oder Bleichmittel enthalten, waschen, absp\u00fclen und gr\u00fcndlich trocknen. Dann an einem trockenen Ort aufbewahren. Verwenden Sie keine Scheuerschw\u00e4mme oder -t\u00fccher und keine Scheuerschw\u00e4mme aus Metall. Reste von Salz, Zitrone, Essig, Tomatensaucen usw. sofort entfernen. Wenn Sie eine Geschirrsp\u00fclmaschine benutzen, vergewissern Sie sich, dass die Behandlung ein perfektes Trocknen und Polieren beinhaltet, und wenn nicht, machen Sie es manuell. Die Messerklingen sind aus geh\u00e4rtetem, rostfreiem Martensitstahl 420 gefertigt, der die Haltbarkeit des Schliffs gew\u00e4hrleistet, das Material aber empfindlicher gegen\u00fcber Korrosionsangriffen macht. Es ist wichtig, dass die Messer unmittelbar nach dem Gebrauch ordnungsgem\u00e4\u00df gereinigt, gewaschen und getrocknet werden.<\/p>\n","protected":false},"excerpt":{"rendered":"<p>BLOOM Ein Tisch, der nach Fr\u00fchling duftet! Das neue Besteck Bloom bringt die Sehnsucht nach Schlichtheit und Romantik auf den gedeckten Tisch. Die weiche, aber elegante Form f\u00fcgt ein stilvolles Detail hinzu, das perfekt zu jedem gedeckten Tisch passt. Ein minimalistisch gedeckter Tisch f\u00fcr ein schnelles Mittagessen im Alltag oder ein raffiniert gedeckter Tisch im [&hellip;]<\/p>\n","protected":false},"featured_media":6362046,"template":"","meta":{"_acf_changed":false},"product_cat":[12104,11671,12103],"product_tag":[],"class_list":{"0":"post-52574","1":"product","2":"type-product","3":"status-publish","4":"has-post-thumbnail","6":"product_cat-besteck","7":"product_cat-tavola","8":"product_cat-tisch","10":"first","11":"instock","12":"taxable","13":"shipping-taxable","14":"product-type-simple","swatches":"rey-swatches","show_selected":"","stretch_labels":"rey-swatches--stretch-labels"},"acf":[],"yoast_head":"<!-- This site is optimized with the Yoast SEO plugin v25.4 - https:\/\/yoast.com\/wordpress\/plugins\/seo\/ -->\n<title>SAMBONET Bloom Stahl-Spiegel 6 Dessertgabeln - dev6 Erresse<\/title>\n<meta name=\"description\" content=\"BLOOM Ein Tisch, der nach Fr\u00fchling duftet! Das neue Besteck Bloom bringt die Sehnsucht nach Schlichtheit und Romantik auf den gedeckten Tisch. Die weiche,\" \/>\n<meta name=\"robots\" content=\"noindex, follow, max-snippet:-1, max-image-preview:large, max-video-preview:-1\" \/>\n<meta property=\"og:locale\" content=\"de_DE\" \/>\n<meta property=\"og:type\" content=\"article\" \/>\n<meta property=\"og:title\" content=\"SAMBONET Bloom Stahl-Spiegel 6 Dessertgabeln - dev6 Erresse\" \/>\n<meta property=\"og:description\" content=\"BLOOM Ein Tisch, der nach Fr\u00fchling duftet! Das neue Besteck Bloom bringt die Sehnsucht nach Schlichtheit und Romantik auf den gedeckten Tisch. Die weiche,\" \/>\n<meta property=\"og:url\" content=\"https:\/\/dev6.erresse-shop.it\/de\/shop\/tisch\/besteck\/sambonet-bloom-stahl-spiegel-6-dessertgabeln\/\" \/>\n<meta property=\"og:site_name\" content=\"dev6 Erresse\" \/>\n<meta property=\"og:image\" content=\"https:\/\/interpim.erresse-shop.it\/img-catalogo\/sambonet\/sambonet-bloom-antique-6-forchette-dolce.jpg\" \/><meta property=\"og:image\" content=\"https:\/\/interpim.erresse-shop.it\/img-catalogo\/sambonet\/sambonet-bloom-antique-6-forchette-dolce.jpg\" \/>\n\t<meta property=\"og:image:width\" content=\"1024\" \/>\n\t<meta property=\"og:image:height\" content=\"1024\" \/>\n\t<meta property=\"og:image:type\" content=\"image\/jpeg\" \/>\n<meta name=\"twitter:card\" content=\"summary_large_image\" \/>\n<meta name=\"twitter:image\" content=\"https:\/\/interpim.erresse-shop.it\/img-catalogo\/sambonet\/sambonet-bloom-antique-6-forchette-dolce.jpg\" \/>\n<script type=\"application\/ld+json\" class=\"yoast-schema-graph\">{\"@context\":\"https:\/\/schema.org\",\"@graph\":[{\"@type\":\"WebPage\",\"@id\":\"https:\/\/dev6.erresse-shop.it\/de\/shop\/tisch\/besteck\/sambonet-bloom-stahl-spiegel-6-dessertgabeln\/\",\"url\":\"https:\/\/dev6.erresse-shop.it\/de\/shop\/tisch\/besteck\/sambonet-bloom-stahl-spiegel-6-dessertgabeln\/\",\"name\":\"SAMBONET Bloom Stahl-Spiegel 6 Dessertgabeln - dev6 Erresse\",\"isPartOf\":{\"@id\":\"https:\/\/dev6.erresse-shop.it\/#website\"},\"primaryImageOfPage\":{\"@id\":\"https:\/\/dev6.erresse-shop.it\/de\/shop\/tisch\/besteck\/sambonet-bloom-stahl-spiegel-6-dessertgabeln\/#primaryimage\"},\"image\":{\"@id\":\"https:\/\/dev6.erresse-shop.it\/de\/shop\/tisch\/besteck\/sambonet-bloom-stahl-spiegel-6-dessertgabeln\/#primaryimage\"},\"thumbnailUrl\":\"https:\/\/i2.wp.com\/interpim.erresse-shop.it\/img-catalogo\/sambonet\/sambonet-bloom-antique-6-forchette-dolce.jpg?ssl=1\",\"datePublished\":\"2026-04-12T07:39:33+00:00\",\"description\":\"BLOOM Ein Tisch, der nach Fr\u00fchling duftet! Das neue Besteck Bloom bringt die Sehnsucht nach Schlichtheit und Romantik auf den gedeckten Tisch. Die weiche,\",\"breadcrumb\":{\"@id\":\"https:\/\/dev6.erresse-shop.it\/de\/shop\/tisch\/besteck\/sambonet-bloom-stahl-spiegel-6-dessertgabeln\/#breadcrumb\"},\"inLanguage\":\"de\",\"potentialAction\":[{\"@type\":\"ReadAction\",\"target\":[\"https:\/\/dev6.erresse-shop.it\/de\/shop\/tisch\/besteck\/sambonet-bloom-stahl-spiegel-6-dessertgabeln\/\"]}]},{\"@type\":\"ImageObject\",\"inLanguage\":\"de\",\"@id\":\"https:\/\/dev6.erresse-shop.it\/de\/shop\/tisch\/besteck\/sambonet-bloom-stahl-spiegel-6-dessertgabeln\/#primaryimage\",\"url\":\"https:\/\/i2.wp.com\/interpim.erresse-shop.it\/img-catalogo\/sambonet\/sambonet-bloom-antique-6-forchette-dolce.jpg?ssl=1\",\"contentUrl\":\"https:\/\/i2.wp.com\/interpim.erresse-shop.it\/img-catalogo\/sambonet\/sambonet-bloom-antique-6-forchette-dolce.jpg?ssl=1\"},{\"@type\":\"BreadcrumbList\",\"@id\":\"https:\/\/dev6.erresse-shop.it\/de\/shop\/tisch\/besteck\/sambonet-bloom-stahl-spiegel-6-dessertgabeln\/#breadcrumb\",\"itemListElement\":[{\"@type\":\"ListItem\",\"position\":1,\"name\":\"Home\",\"item\":\"https:\/\/dev6.erresse-shop.it\/\"},{\"@type\":\"ListItem\",\"position\":2,\"name\":\"Shop\",\"item\":\"https:\/\/dev6.erresse-shop.it\/shop\/\"},{\"@type\":\"ListItem\",\"position\":3,\"name\":\"SAMBONET Bloom Stahl-Spiegel 6 Dessertgabeln\"}]},{\"@type\":\"WebSite\",\"@id\":\"https:\/\/dev6.erresse-shop.it\/#website\",\"url\":\"https:\/\/dev6.erresse-shop.it\/\",\"name\":\"Erresse Shop\",\"description\":\"\",\"publisher\":{\"@id\":\"https:\/\/dev6.erresse-shop.it\/#organization\"},\"potentialAction\":[{\"@type\":\"SearchAction\",\"target\":{\"@type\":\"EntryPoint\",\"urlTemplate\":\"https:\/\/dev6.erresse-shop.it\/?s={search_term_string}\"},\"query-input\":{\"@type\":\"PropertyValueSpecification\",\"valueRequired\":true,\"valueName\":\"search_term_string\"}}],\"inLanguage\":\"de\"},{\"@type\":\"Organization\",\"@id\":\"https:\/\/dev6.erresse-shop.it\/#organization\",\"name\":\"Erresse Shop\",\"url\":\"https:\/\/dev6.erresse-shop.it\/\",\"logo\":{\"@type\":\"ImageObject\",\"inLanguage\":\"de\",\"@id\":\"https:\/\/dev6.erresse-shop.it\/#\/schema\/logo\/image\/\",\"url\":\"https:\/\/dev6.erresse-shop.it\/wp-content\/uploads\/2025\/01\/LOGO-ERRESSE-CLASSICO.svg\",\"contentUrl\":\"https:\/\/dev6.erresse-shop.it\/wp-content\/uploads\/2025\/01\/LOGO-ERRESSE-CLASSICO.svg\",\"caption\":\"Erresse Shop\"},\"image\":{\"@id\":\"https:\/\/dev6.erresse-shop.it\/#\/schema\/logo\/image\/\"}}]}<\/script>\n<!-- \/ Yoast SEO plugin. -->","yoast_head_json":{"title":"SAMBONET Bloom Stahl-Spiegel 6 Dessertgabeln - dev6 Erresse","description":"BLOOM Ein Tisch, der nach Fr\u00fchling duftet! Das neue Besteck Bloom bringt die Sehnsucht nach Schlichtheit und Romantik auf den gedeckten Tisch. Die weiche,","robots":{"index":"noindex","follow":"follow","max-snippet":"max-snippet:-1","max-image-preview":"max-image-preview:large","max-video-preview":"max-video-preview:-1"},"og_locale":"de_DE","og_type":"article","og_title":"SAMBONET Bloom Stahl-Spiegel 6 Dessertgabeln - dev6 Erresse","og_description":"BLOOM Ein Tisch, der nach Fr\u00fchling duftet! Das neue Besteck Bloom bringt die Sehnsucht nach Schlichtheit und Romantik auf den gedeckten Tisch. Die weiche,","og_url":"https:\/\/dev6.erresse-shop.it\/de\/shop\/tisch\/besteck\/sambonet-bloom-stahl-spiegel-6-dessertgabeln\/","og_site_name":"dev6 Erresse","og_image":[{"url":"https:\/\/interpim.erresse-shop.it\/img-catalogo\/sambonet\/sambonet-bloom-antique-6-forchette-dolce.jpg","type":"","width":"","height":""},{"url":"https:\/\/interpim.erresse-shop.it\/img-catalogo\/sambonet\/sambonet-bloom-antique-6-forchette-dolce.jpg","width":1024,"height":1024,"type":"image\/jpeg"}],"twitter_card":"summary_large_image","twitter_image":"https:\/\/interpim.erresse-shop.it\/img-catalogo\/sambonet\/sambonet-bloom-antique-6-forchette-dolce.jpg","schema":{"@context":"https:\/\/schema.org","@graph":[{"@type":"WebPage","@id":"https:\/\/dev6.erresse-shop.it\/de\/shop\/tisch\/besteck\/sambonet-bloom-stahl-spiegel-6-dessertgabeln\/","url":"https:\/\/dev6.erresse-shop.it\/de\/shop\/tisch\/besteck\/sambonet-bloom-stahl-spiegel-6-dessertgabeln\/","name":"SAMBONET Bloom Stahl-Spiegel 6 Dessertgabeln - dev6 Erresse","isPartOf":{"@id":"https:\/\/dev6.erresse-shop.it\/#website"},"primaryImageOfPage":{"@id":"https:\/\/dev6.erresse-shop.it\/de\/shop\/tisch\/besteck\/sambonet-bloom-stahl-spiegel-6-dessertgabeln\/#primaryimage"},"image":{"@id":"https:\/\/dev6.erresse-shop.it\/de\/shop\/tisch\/besteck\/sambonet-bloom-stahl-spiegel-6-dessertgabeln\/#primaryimage"},"thumbnailUrl":"https:\/\/i2.wp.com\/interpim.erresse-shop.it\/img-catalogo\/sambonet\/sambonet-bloom-antique-6-forchette-dolce.jpg?ssl=1","datePublished":"2026-04-12T07:39:33+00:00","description":"BLOOM Ein Tisch, der nach Fr\u00fchling duftet! Das neue Besteck Bloom bringt die Sehnsucht nach Schlichtheit und Romantik auf den gedeckten Tisch. Die weiche,","breadcrumb":{"@id":"https:\/\/dev6.erresse-shop.it\/de\/shop\/tisch\/besteck\/sambonet-bloom-stahl-spiegel-6-dessertgabeln\/#breadcrumb"},"inLanguage":"de","potentialAction":[{"@type":"ReadAction","target":["https:\/\/dev6.erresse-shop.it\/de\/shop\/tisch\/besteck\/sambonet-bloom-stahl-spiegel-6-dessertgabeln\/"]}]},{"@type":"ImageObject","inLanguage":"de","@id":"https:\/\/dev6.erresse-shop.it\/de\/shop\/tisch\/besteck\/sambonet-bloom-stahl-spiegel-6-dessertgabeln\/#primaryimage","url":"https:\/\/i2.wp.com\/interpim.erresse-shop.it\/img-catalogo\/sambonet\/sambonet-bloom-antique-6-forchette-dolce.jpg?ssl=1","contentUrl":"https:\/\/i2.wp.com\/interpim.erresse-shop.it\/img-catalogo\/sambonet\/sambonet-bloom-antique-6-forchette-dolce.jpg?ssl=1"},{"@type":"BreadcrumbList","@id":"https:\/\/dev6.erresse-shop.it\/de\/shop\/tisch\/besteck\/sambonet-bloom-stahl-spiegel-6-dessertgabeln\/#breadcrumb","itemListElement":[{"@type":"ListItem","position":1,"name":"Home","item":"https:\/\/dev6.erresse-shop.it\/"},{"@type":"ListItem","position":2,"name":"Shop","item":"https:\/\/dev6.erresse-shop.it\/shop\/"},{"@type":"ListItem","position":3,"name":"SAMBONET Bloom Stahl-Spiegel 6 Dessertgabeln"}]},{"@type":"WebSite","@id":"https:\/\/dev6.erresse-shop.it\/#website","url":"https:\/\/dev6.erresse-shop.it\/","name":"Erresse Shop","description":"","publisher":{"@id":"https:\/\/dev6.erresse-shop.it\/#organization"},"potentialAction":[{"@type":"SearchAction","target":{"@type":"EntryPoint","urlTemplate":"https:\/\/dev6.erresse-shop.it\/?s={search_term_string}"},"query-input":{"@type":"PropertyValueSpecification","valueRequired":true,"valueName":"search_term_string"}}],"inLanguage":"de"},{"@type":"Organization","@id":"https:\/\/dev6.erresse-shop.it\/#organization","name":"Erresse Shop","url":"https:\/\/dev6.erresse-shop.it\/","logo":{"@type":"ImageObject","inLanguage":"de","@id":"https:\/\/dev6.erresse-shop.it\/#\/schema\/logo\/image\/","url":"https:\/\/dev6.erresse-shop.it\/wp-content\/uploads\/2025\/01\/LOGO-ERRESSE-CLASSICO.svg","contentUrl":"https:\/\/dev6.erresse-shop.it\/wp-content\/uploads\/2025\/01\/LOGO-ERRESSE-CLASSICO.svg","caption":"Erresse Shop"},"image":{"@id":"https:\/\/dev6.erresse-shop.it\/#\/schema\/logo\/image\/"}}]}},"df_price":"","df_sale_price":"","df_regular_price":"","df_image_link":"https:\/\/i2.wp.com\/interpim.erresse-shop.it\/img-catalogo\/sambonet\/sambonet-bloom-antique-6-forchette-dolce.jpg?resize=300,300&ssl=1","fifu_image_url":"https:\/\/interpim.erresse-shop.it\/img-catalogo\/sambonet\/sambonet-bloom-antique-6-forchette-dolce.jpg","_links":{"self":[{"href":"https:\/\/dev6.erresse-shop.it\/de\/wp-json\/wp\/v2\/product\/52574","targetHints":{"allow":["GET"]}}],"collection":[{"href":"https:\/\/dev6.erresse-shop.it\/de\/wp-json\/wp\/v2\/product"}],"about":[{"href":"https:\/\/dev6.erresse-shop.it\/de\/wp-json\/wp\/v2\/types\/product"}],"wp:featuredmedia":[{"embeddable":true,"href":"https:\/\/dev6.erresse-shop.it\/de\/wp-json\/wp\/v2\/media\/6362046"}],"wp:attachment":[{"href":"https:\/\/dev6.erresse-shop.it\/de\/wp-json\/wp\/v2\/media?parent=52574"}],"wp:term":[{"taxonomy":"product_cat","embeddable":true,"href":"https:\/\/dev6.erresse-shop.it\/de\/wp-json\/wp\/v2\/product_cat?post=52574"},{"taxonomy":"product_tag","embeddable":true,"href":"https:\/\/dev6.erresse-shop.it\/de\/wp-json\/wp\/v2\/product_tag?post=52574"}],"curies":[{"name":"wp","href":"https:\/\/api.w.org\/{rel}","templated":true}]}}