{"id":52556,"date":"2026-04-12T09:38:06","date_gmt":"2026-04-12T07:38:06","guid":{"rendered":"https:\/\/dev6.erresse-shop.it\/shop\/unkategorisiert\/vista-alegre-amazonia-set-4-tassen-mit-untertasse\/"},"modified":"2025-09-14T01:12:13","modified_gmt":"2025-09-13T23:12:13","slug":"vista-alegre-amazonia-set-4-tassen-mit-untertasse","status":"publish","type":"product","link":"https:\/\/dev6.erresse-shop.it\/de\/shop\/tisch\/tassen\/vista-alegre-amazonia-set-4-tassen-mit-untertasse\/","title":{"rendered":"VISTA ALEGRE Amazonia Set 4 Tassen mit Untertasse"},"content":{"rendered":"<p>Amaz\u014dnia Set 4 Tassen mit Untertasse. Inspiriert von dem Buch \u201cViagens Philosophicas\u201d (Philosophische Reisen) des Naturforschers Alexandre Rodrigues Ferreira sowie der Fauna, Flora und den Menschen des heutigen Amaz\u014dnia, vereint diese in Zusammenarbeit mit Ecoarts Amaz\u014dnia entwickelte Kollektion zum ersten Mal alle Marken der Gruppe, n\u00e4mlich Vista Alegre, Casa Alegre und Bordallo Pinheiro.<\/p>\n<p>Material: Porzellan<br \/>\nH\u00f6he: 75 mm<br \/>\nL\u00e4nge: 128 mm<br \/>\nVolumen: 104 ml<br \/>\nGewicht: 207 gr<br \/>\nGebrauchshinweise: Nicht f\u00fcr die Mikrowelle geeignet. F\u00fcr die Verwendung in der Sp\u00fclmaschine werden kurze Zyklen bei niedrigen Temperaturen empfohlen. Vermeiden Sie den h\u00e4ufigen Gebrauch in der Sp\u00fclmaschine.<\/p>\n","protected":false},"excerpt":{"rendered":"<p>Amaz\u014dnia Set 4 Tassen mit Untertasse. Inspiriert von dem Buch \u201cViagens Philosophicas\u201d (Philosophische Reisen) des Naturforschers Alexandre Rodrigues Ferreira sowie der Fauna, Flora und den Menschen des heutigen Amaz\u014dnia, vereint diese in Zusammenarbeit mit Ecoarts Amaz\u014dnia entwickelte Kollektion zum ersten Mal alle Marken der Gruppe, n\u00e4mlich Vista Alegre, Casa Alegre und Bordallo Pinheiro. Material: Porzellan [&hellip;]<\/p>\n","protected":false},"featured_media":6362002,"template":"","meta":{"_acf_changed":false},"product_cat":[12121,11671,12103],"product_tag":[],"class_list":{"0":"post-52556","1":"product","2":"type-product","3":"status-publish","4":"has-post-thumbnail","6":"product_cat-tassen","7":"product_cat-tavola","8":"product_cat-tisch","10":"first","11":"instock","12":"sale","13":"taxable","14":"shipping-taxable","15":"purchasable","16":"product-type-simple","swatches":"rey-swatches","show_selected":"","stretch_labels":"rey-swatches--stretch-labels"},"acf":[],"yoast_head":"<!-- This site is optimized with the Yoast SEO plugin v25.4 - https:\/\/yoast.com\/wordpress\/plugins\/seo\/ -->\n<title>VISTA ALEGRE Amazonia Set 4 Tassen mit Untertasse - dev6 Erresse<\/title>\n<meta name=\"description\" content=\"Amaz\u014dnia Set 4 Tassen mit Untertasse. Inspiriert von dem Buch \u201cViagens Philosophicas\u201d (Philosophische Reisen) des Naturforschers Alexandre Rodrigues\" \/>\n<meta name=\"robots\" content=\"noindex, follow, max-snippet:-1, max-image-preview:large, max-video-preview:-1\" \/>\n<meta property=\"og:locale\" content=\"de_DE\" \/>\n<meta property=\"og:type\" content=\"article\" \/>\n<meta property=\"og:title\" content=\"VISTA ALEGRE Amazonia Set 4 Tassen mit Untertasse - dev6 Erresse\" \/>\n<meta property=\"og:description\" content=\"Amaz\u014dnia Set 4 Tassen mit Untertasse. Inspiriert von dem Buch \u201cViagens Philosophicas\u201d (Philosophische Reisen) des Naturforschers Alexandre Rodrigues\" \/>\n<meta property=\"og:url\" content=\"https:\/\/dev6.erresse-shop.it\/de\/shop\/tisch\/tassen\/vista-alegre-amazonia-set-4-tassen-mit-untertasse\/\" \/>\n<meta property=\"og:site_name\" content=\"dev6 Erresse\" \/>\n<meta property=\"og:image\" content=\"https:\/\/interpim.erresse-shop.it\/img-catalogo\/vista-alegre\/vista-alegre-amazonia-set-4-tazzine-con-piattino.jpg\" \/><meta property=\"og:image\" content=\"https:\/\/interpim.erresse-shop.it\/img-catalogo\/vista-alegre\/vista-alegre-amazonia-set-4-tazzine-con-piattino.jpg\" \/>\n\t<meta property=\"og:image:width\" content=\"1024\" \/>\n\t<meta property=\"og:image:height\" content=\"1024\" \/>\n\t<meta property=\"og:image:type\" content=\"image\/jpeg\" \/>\n<meta name=\"twitter:card\" content=\"summary_large_image\" \/>\n<meta name=\"twitter:image\" content=\"https:\/\/interpim.erresse-shop.it\/img-catalogo\/vista-alegre\/vista-alegre-amazonia-set-4-tazzine-con-piattino.jpg\" \/>\n<script type=\"application\/ld+json\" class=\"yoast-schema-graph\">{\"@context\":\"https:\/\/schema.org\",\"@graph\":[{\"@type\":\"WebPage\",\"@id\":\"https:\/\/dev6.erresse-shop.it\/de\/shop\/tisch\/tassen\/vista-alegre-amazonia-set-4-tassen-mit-untertasse\/\",\"url\":\"https:\/\/dev6.erresse-shop.it\/de\/shop\/tisch\/tassen\/vista-alegre-amazonia-set-4-tassen-mit-untertasse\/\",\"name\":\"VISTA ALEGRE Amazonia Set 4 Tassen mit Untertasse - dev6 Erresse\",\"isPartOf\":{\"@id\":\"https:\/\/dev6.erresse-shop.it\/#website\"},\"primaryImageOfPage\":{\"@id\":\"https:\/\/dev6.erresse-shop.it\/de\/shop\/tisch\/tassen\/vista-alegre-amazonia-set-4-tassen-mit-untertasse\/#primaryimage\"},\"image\":{\"@id\":\"https:\/\/dev6.erresse-shop.it\/de\/shop\/tisch\/tassen\/vista-alegre-amazonia-set-4-tassen-mit-untertasse\/#primaryimage\"},\"thumbnailUrl\":\"https:\/\/i3.wp.com\/interpim.erresse-shop.it\/img-catalogo\/vista-alegre\/vista-alegre-amazonia-set-4-tazzine-con-piattino.jpg?ssl=1\",\"datePublished\":\"2026-04-12T07:38:06+00:00\",\"description\":\"Amaz\u014dnia Set 4 Tassen mit Untertasse. Inspiriert von dem Buch \u201cViagens Philosophicas\u201d (Philosophische Reisen) des Naturforschers Alexandre Rodrigues\",\"breadcrumb\":{\"@id\":\"https:\/\/dev6.erresse-shop.it\/de\/shop\/tisch\/tassen\/vista-alegre-amazonia-set-4-tassen-mit-untertasse\/#breadcrumb\"},\"inLanguage\":\"de\",\"potentialAction\":[{\"@type\":\"ReadAction\",\"target\":[\"https:\/\/dev6.erresse-shop.it\/de\/shop\/tisch\/tassen\/vista-alegre-amazonia-set-4-tassen-mit-untertasse\/\"]}]},{\"@type\":\"ImageObject\",\"inLanguage\":\"de\",\"@id\":\"https:\/\/dev6.erresse-shop.it\/de\/shop\/tisch\/tassen\/vista-alegre-amazonia-set-4-tassen-mit-untertasse\/#primaryimage\",\"url\":\"https:\/\/i3.wp.com\/interpim.erresse-shop.it\/img-catalogo\/vista-alegre\/vista-alegre-amazonia-set-4-tazzine-con-piattino.jpg?ssl=1\",\"contentUrl\":\"https:\/\/i3.wp.com\/interpim.erresse-shop.it\/img-catalogo\/vista-alegre\/vista-alegre-amazonia-set-4-tazzine-con-piattino.jpg?ssl=1\"},{\"@type\":\"BreadcrumbList\",\"@id\":\"https:\/\/dev6.erresse-shop.it\/de\/shop\/tisch\/tassen\/vista-alegre-amazonia-set-4-tassen-mit-untertasse\/#breadcrumb\",\"itemListElement\":[{\"@type\":\"ListItem\",\"position\":1,\"name\":\"Home\",\"item\":\"https:\/\/dev6.erresse-shop.it\/\"},{\"@type\":\"ListItem\",\"position\":2,\"name\":\"Shop\",\"item\":\"https:\/\/dev6.erresse-shop.it\/shop\/\"},{\"@type\":\"ListItem\",\"position\":3,\"name\":\"VISTA ALEGRE Amazonia Set 4 Tassen mit Untertasse\"}]},{\"@type\":\"WebSite\",\"@id\":\"https:\/\/dev6.erresse-shop.it\/#website\",\"url\":\"https:\/\/dev6.erresse-shop.it\/\",\"name\":\"Erresse Shop\",\"description\":\"\",\"publisher\":{\"@id\":\"https:\/\/dev6.erresse-shop.it\/#organization\"},\"potentialAction\":[{\"@type\":\"SearchAction\",\"target\":{\"@type\":\"EntryPoint\",\"urlTemplate\":\"https:\/\/dev6.erresse-shop.it\/?s={search_term_string}\"},\"query-input\":{\"@type\":\"PropertyValueSpecification\",\"valueRequired\":true,\"valueName\":\"search_term_string\"}}],\"inLanguage\":\"de\"},{\"@type\":\"Organization\",\"@id\":\"https:\/\/dev6.erresse-shop.it\/#organization\",\"name\":\"Erresse Shop\",\"url\":\"https:\/\/dev6.erresse-shop.it\/\",\"logo\":{\"@type\":\"ImageObject\",\"inLanguage\":\"de\",\"@id\":\"https:\/\/dev6.erresse-shop.it\/#\/schema\/logo\/image\/\",\"url\":\"https:\/\/dev6.erresse-shop.it\/wp-content\/uploads\/2025\/01\/LOGO-ERRESSE-CLASSICO.svg\",\"contentUrl\":\"https:\/\/dev6.erresse-shop.it\/wp-content\/uploads\/2025\/01\/LOGO-ERRESSE-CLASSICO.svg\",\"caption\":\"Erresse Shop\"},\"image\":{\"@id\":\"https:\/\/dev6.erresse-shop.it\/#\/schema\/logo\/image\/\"}}]}<\/script>\n<!-- \/ Yoast SEO plugin. -->","yoast_head_json":{"title":"VISTA ALEGRE Amazonia Set 4 Tassen mit Untertasse - dev6 Erresse","description":"Amaz\u014dnia Set 4 Tassen mit Untertasse. Inspiriert von dem Buch \u201cViagens Philosophicas\u201d (Philosophische Reisen) des Naturforschers Alexandre Rodrigues","robots":{"index":"noindex","follow":"follow","max-snippet":"max-snippet:-1","max-image-preview":"max-image-preview:large","max-video-preview":"max-video-preview:-1"},"og_locale":"de_DE","og_type":"article","og_title":"VISTA ALEGRE Amazonia Set 4 Tassen mit Untertasse - dev6 Erresse","og_description":"Amaz\u014dnia Set 4 Tassen mit Untertasse. Inspiriert von dem Buch \u201cViagens Philosophicas\u201d (Philosophische Reisen) des Naturforschers Alexandre Rodrigues","og_url":"https:\/\/dev6.erresse-shop.it\/de\/shop\/tisch\/tassen\/vista-alegre-amazonia-set-4-tassen-mit-untertasse\/","og_site_name":"dev6 Erresse","og_image":[{"url":"https:\/\/interpim.erresse-shop.it\/img-catalogo\/vista-alegre\/vista-alegre-amazonia-set-4-tazzine-con-piattino.jpg","type":"","width":"","height":""},{"url":"https:\/\/interpim.erresse-shop.it\/img-catalogo\/vista-alegre\/vista-alegre-amazonia-set-4-tazzine-con-piattino.jpg","width":1024,"height":1024,"type":"image\/jpeg"}],"twitter_card":"summary_large_image","twitter_image":"https:\/\/interpim.erresse-shop.it\/img-catalogo\/vista-alegre\/vista-alegre-amazonia-set-4-tazzine-con-piattino.jpg","schema":{"@context":"https:\/\/schema.org","@graph":[{"@type":"WebPage","@id":"https:\/\/dev6.erresse-shop.it\/de\/shop\/tisch\/tassen\/vista-alegre-amazonia-set-4-tassen-mit-untertasse\/","url":"https:\/\/dev6.erresse-shop.it\/de\/shop\/tisch\/tassen\/vista-alegre-amazonia-set-4-tassen-mit-untertasse\/","name":"VISTA ALEGRE Amazonia Set 4 Tassen mit Untertasse - dev6 Erresse","isPartOf":{"@id":"https:\/\/dev6.erresse-shop.it\/#website"},"primaryImageOfPage":{"@id":"https:\/\/dev6.erresse-shop.it\/de\/shop\/tisch\/tassen\/vista-alegre-amazonia-set-4-tassen-mit-untertasse\/#primaryimage"},"image":{"@id":"https:\/\/dev6.erresse-shop.it\/de\/shop\/tisch\/tassen\/vista-alegre-amazonia-set-4-tassen-mit-untertasse\/#primaryimage"},"thumbnailUrl":"https:\/\/i3.wp.com\/interpim.erresse-shop.it\/img-catalogo\/vista-alegre\/vista-alegre-amazonia-set-4-tazzine-con-piattino.jpg?ssl=1","datePublished":"2026-04-12T07:38:06+00:00","description":"Amaz\u014dnia Set 4 Tassen mit Untertasse. Inspiriert von dem Buch \u201cViagens Philosophicas\u201d (Philosophische Reisen) des Naturforschers Alexandre Rodrigues","breadcrumb":{"@id":"https:\/\/dev6.erresse-shop.it\/de\/shop\/tisch\/tassen\/vista-alegre-amazonia-set-4-tassen-mit-untertasse\/#breadcrumb"},"inLanguage":"de","potentialAction":[{"@type":"ReadAction","target":["https:\/\/dev6.erresse-shop.it\/de\/shop\/tisch\/tassen\/vista-alegre-amazonia-set-4-tassen-mit-untertasse\/"]}]},{"@type":"ImageObject","inLanguage":"de","@id":"https:\/\/dev6.erresse-shop.it\/de\/shop\/tisch\/tassen\/vista-alegre-amazonia-set-4-tassen-mit-untertasse\/#primaryimage","url":"https:\/\/i3.wp.com\/interpim.erresse-shop.it\/img-catalogo\/vista-alegre\/vista-alegre-amazonia-set-4-tazzine-con-piattino.jpg?ssl=1","contentUrl":"https:\/\/i3.wp.com\/interpim.erresse-shop.it\/img-catalogo\/vista-alegre\/vista-alegre-amazonia-set-4-tazzine-con-piattino.jpg?ssl=1"},{"@type":"BreadcrumbList","@id":"https:\/\/dev6.erresse-shop.it\/de\/shop\/tisch\/tassen\/vista-alegre-amazonia-set-4-tassen-mit-untertasse\/#breadcrumb","itemListElement":[{"@type":"ListItem","position":1,"name":"Home","item":"https:\/\/dev6.erresse-shop.it\/"},{"@type":"ListItem","position":2,"name":"Shop","item":"https:\/\/dev6.erresse-shop.it\/shop\/"},{"@type":"ListItem","position":3,"name":"VISTA ALEGRE Amazonia Set 4 Tassen mit Untertasse"}]},{"@type":"WebSite","@id":"https:\/\/dev6.erresse-shop.it\/#website","url":"https:\/\/dev6.erresse-shop.it\/","name":"Erresse Shop","description":"","publisher":{"@id":"https:\/\/dev6.erresse-shop.it\/#organization"},"potentialAction":[{"@type":"SearchAction","target":{"@type":"EntryPoint","urlTemplate":"https:\/\/dev6.erresse-shop.it\/?s={search_term_string}"},"query-input":{"@type":"PropertyValueSpecification","valueRequired":true,"valueName":"search_term_string"}}],"inLanguage":"de"},{"@type":"Organization","@id":"https:\/\/dev6.erresse-shop.it\/#organization","name":"Erresse Shop","url":"https:\/\/dev6.erresse-shop.it\/","logo":{"@type":"ImageObject","inLanguage":"de","@id":"https:\/\/dev6.erresse-shop.it\/#\/schema\/logo\/image\/","url":"https:\/\/dev6.erresse-shop.it\/wp-content\/uploads\/2025\/01\/LOGO-ERRESSE-CLASSICO.svg","contentUrl":"https:\/\/dev6.erresse-shop.it\/wp-content\/uploads\/2025\/01\/LOGO-ERRESSE-CLASSICO.svg","caption":"Erresse Shop"},"image":{"@id":"https:\/\/dev6.erresse-shop.it\/#\/schema\/logo\/image\/"}}]}},"df_price":159,"df_sale_price":159,"df_regular_price":200,"df_image_link":"https:\/\/i3.wp.com\/interpim.erresse-shop.it\/img-catalogo\/vista-alegre\/vista-alegre-amazonia-set-4-tazzine-con-piattino.jpg?resize=300,300&ssl=1","fifu_image_url":"https:\/\/interpim.erresse-shop.it\/img-catalogo\/vista-alegre\/vista-alegre-amazonia-set-4-tazzine-con-piattino.jpg","_links":{"self":[{"href":"https:\/\/dev6.erresse-shop.it\/de\/wp-json\/wp\/v2\/product\/52556","targetHints":{"allow":["GET"]}}],"collection":[{"href":"https:\/\/dev6.erresse-shop.it\/de\/wp-json\/wp\/v2\/product"}],"about":[{"href":"https:\/\/dev6.erresse-shop.it\/de\/wp-json\/wp\/v2\/types\/product"}],"wp:featuredmedia":[{"embeddable":true,"href":"https:\/\/dev6.erresse-shop.it\/de\/wp-json\/wp\/v2\/media\/6362002"}],"wp:attachment":[{"href":"https:\/\/dev6.erresse-shop.it\/de\/wp-json\/wp\/v2\/media?parent=52556"}],"wp:term":[{"taxonomy":"product_cat","embeddable":true,"href":"https:\/\/dev6.erresse-shop.it\/de\/wp-json\/wp\/v2\/product_cat?post=52556"},{"taxonomy":"product_tag","embeddable":true,"href":"https:\/\/dev6.erresse-shop.it\/de\/wp-json\/wp\/v2\/product_tag?post=52556"}],"curies":[{"name":"wp","href":"https:\/\/api.w.org\/{rel}","templated":true}]}}