{"id":52526,"date":"2026-04-12T09:38:06","date_gmt":"2026-04-12T07:38:06","guid":{"rendered":"https:\/\/dev6.erresse-shop.it\/shop\/unkategorisiert\/vista-alegre-vinyl-flute\/"},"modified":"2025-09-14T01:11:23","modified_gmt":"2025-09-13T23:11:23","slug":"vista-alegre-vinyl-flute","status":"publish","type":"product","link":"https:\/\/dev6.erresse-shop.it\/de\/shop\/tisch\/weinbar-korkenzieher-dekanter-eiskubel\/weinglaeser\/vista-alegre-vinyl-flute\/","title":{"rendered":"VISTA ALEGRE Vinyl Flute"},"content":{"rendered":"<p>Vinyl ist ein luxuri\u00f6ses und vielseitiges Glas, das vom Art-D\u00e9co-Stil inspiriert ist und die Raffinesse der Cocktailbars der 1930er Jahre in Ihrem Zuhause wieder aufleben l\u00e4sst.<br \/>\nJedes Glas hat seine eigene Form und Pers\u00f6nlichkeit, und die Dekoration wurde so entwickelt, dass sie Harmonie ausstrahlt.<\/p>\n<p>Produkttyp: Kristall 30%<br \/>\nH\u00f6he: 260 mm<br \/>\nBreite: 80 mm<br \/>\nFassungsverm\u00f6gen: 240 mm<br \/>\nGewicht: 310 gr<br \/>\nNutzungseinschr\u00e4nkungen: F\u00fcr die Reinigung in der Sp\u00fclmaschine werden kurze Zyklen bei niedrigen Temperaturen empfohlen. Vermeiden Sie den h\u00e4ufigen Gebrauch in der Sp\u00fclmaschine. Vermeiden Sie den h\u00e4ufigen Gebrauch in der Mikrowelle. Vermeiden Sie pl\u00f6tzliche Temperaturschwankungen.<\/p>\n","protected":false},"excerpt":{"rendered":"<p>Vinyl ist ein luxuri\u00f6ses und vielseitiges Glas, das vom Art-D\u00e9co-Stil inspiriert ist und die Raffinesse der Cocktailbars der 1930er Jahre in Ihrem Zuhause wieder aufleben l\u00e4sst. Jedes Glas hat seine eigene Form und Pers\u00f6nlichkeit, und die Dekoration wurde so entwickelt, dass sie Harmonie ausstrahlt. Produkttyp: Kristall 30% H\u00f6he: 260 mm Breite: 80 mm Fassungsverm\u00f6gen: 240 [&hellip;]<\/p>\n","protected":false},"featured_media":6361927,"template":"","meta":{"_acf_changed":false},"product_cat":[12103,12177,12186],"product_tag":[],"class_list":{"0":"post-52526","1":"product","2":"type-product","3":"status-publish","4":"has-post-thumbnail","6":"product_cat-tisch","7":"product_cat-weinbar-korkenzieher-dekanter-eiskubel","8":"product_cat-weinglaeser","10":"first","11":"instock","12":"sale","13":"taxable","14":"shipping-taxable","15":"purchasable","16":"product-type-simple","swatches":"rey-swatches","show_selected":"","stretch_labels":"rey-swatches--stretch-labels"},"acf":[],"yoast_head":"<!-- This site is optimized with the Yoast SEO plugin v25.4 - https:\/\/yoast.com\/wordpress\/plugins\/seo\/ -->\n<title>VISTA ALEGRE Vinyl Flute - dev6 Erresse<\/title>\n<meta name=\"description\" content=\"Vinyl ist ein luxuri\u00f6ses und vielseitiges Glas, das vom Art-D\u00e9co-Stil inspiriert ist und die Raffinesse der Cocktailbars der 1930er Jahre in Ihrem Zuhause\" \/>\n<meta name=\"robots\" content=\"noindex, follow, max-snippet:-1, max-image-preview:large, max-video-preview:-1\" \/>\n<meta property=\"og:locale\" content=\"de_DE\" \/>\n<meta property=\"og:type\" content=\"article\" \/>\n<meta property=\"og:title\" content=\"VISTA ALEGRE Vinyl Flute - dev6 Erresse\" \/>\n<meta property=\"og:description\" content=\"Vinyl ist ein luxuri\u00f6ses und vielseitiges Glas, das vom Art-D\u00e9co-Stil inspiriert ist und die Raffinesse der Cocktailbars der 1930er Jahre in Ihrem Zuhause\" \/>\n<meta property=\"og:url\" content=\"https:\/\/dev6.erresse-shop.it\/de\/shop\/tisch\/weinbar-korkenzieher-dekanter-eiskubel\/weinglaeser\/vista-alegre-vinyl-flute\/\" \/>\n<meta property=\"og:site_name\" content=\"dev6 Erresse\" \/>\n<meta property=\"og:image\" content=\"https:\/\/interpim.erresse-shop.it\/img-catalogo\/vista-alegre\/vista-alegre-vinyl-flute.jpg\" \/><meta property=\"og:image\" content=\"https:\/\/interpim.erresse-shop.it\/img-catalogo\/vista-alegre\/vista-alegre-vinyl-flute.jpg\" \/>\n\t<meta property=\"og:image:width\" content=\"1024\" \/>\n\t<meta property=\"og:image:height\" content=\"1024\" \/>\n\t<meta property=\"og:image:type\" content=\"image\/jpeg\" \/>\n<meta name=\"twitter:card\" content=\"summary_large_image\" \/>\n<meta name=\"twitter:image\" content=\"https:\/\/interpim.erresse-shop.it\/img-catalogo\/vista-alegre\/vista-alegre-vinyl-flute.jpg\" \/>\n<script type=\"application\/ld+json\" class=\"yoast-schema-graph\">{\"@context\":\"https:\/\/schema.org\",\"@graph\":[{\"@type\":\"WebPage\",\"@id\":\"https:\/\/dev6.erresse-shop.it\/de\/shop\/tisch\/weinbar-korkenzieher-dekanter-eiskubel\/weinglaeser\/vista-alegre-vinyl-flute\/\",\"url\":\"https:\/\/dev6.erresse-shop.it\/de\/shop\/tisch\/weinbar-korkenzieher-dekanter-eiskubel\/weinglaeser\/vista-alegre-vinyl-flute\/\",\"name\":\"VISTA ALEGRE Vinyl Flute - dev6 Erresse\",\"isPartOf\":{\"@id\":\"https:\/\/dev6.erresse-shop.it\/#website\"},\"primaryImageOfPage\":{\"@id\":\"https:\/\/dev6.erresse-shop.it\/de\/shop\/tisch\/weinbar-korkenzieher-dekanter-eiskubel\/weinglaeser\/vista-alegre-vinyl-flute\/#primaryimage\"},\"image\":{\"@id\":\"https:\/\/dev6.erresse-shop.it\/de\/shop\/tisch\/weinbar-korkenzieher-dekanter-eiskubel\/weinglaeser\/vista-alegre-vinyl-flute\/#primaryimage\"},\"thumbnailUrl\":\"https:\/\/i1.wp.com\/interpim.erresse-shop.it\/img-catalogo\/vista-alegre\/vista-alegre-vinyl-flute.jpg?ssl=1\",\"datePublished\":\"2026-04-12T07:38:06+00:00\",\"description\":\"Vinyl ist ein luxuri\u00f6ses und vielseitiges Glas, das vom Art-D\u00e9co-Stil inspiriert ist und die Raffinesse der Cocktailbars der 1930er Jahre in Ihrem Zuhause\",\"breadcrumb\":{\"@id\":\"https:\/\/dev6.erresse-shop.it\/de\/shop\/tisch\/weinbar-korkenzieher-dekanter-eiskubel\/weinglaeser\/vista-alegre-vinyl-flute\/#breadcrumb\"},\"inLanguage\":\"de\",\"potentialAction\":[{\"@type\":\"ReadAction\",\"target\":[\"https:\/\/dev6.erresse-shop.it\/de\/shop\/tisch\/weinbar-korkenzieher-dekanter-eiskubel\/weinglaeser\/vista-alegre-vinyl-flute\/\"]}]},{\"@type\":\"ImageObject\",\"inLanguage\":\"de\",\"@id\":\"https:\/\/dev6.erresse-shop.it\/de\/shop\/tisch\/weinbar-korkenzieher-dekanter-eiskubel\/weinglaeser\/vista-alegre-vinyl-flute\/#primaryimage\",\"url\":\"https:\/\/i1.wp.com\/interpim.erresse-shop.it\/img-catalogo\/vista-alegre\/vista-alegre-vinyl-flute.jpg?ssl=1\",\"contentUrl\":\"https:\/\/i1.wp.com\/interpim.erresse-shop.it\/img-catalogo\/vista-alegre\/vista-alegre-vinyl-flute.jpg?ssl=1\"},{\"@type\":\"BreadcrumbList\",\"@id\":\"https:\/\/dev6.erresse-shop.it\/de\/shop\/tisch\/weinbar-korkenzieher-dekanter-eiskubel\/weinglaeser\/vista-alegre-vinyl-flute\/#breadcrumb\",\"itemListElement\":[{\"@type\":\"ListItem\",\"position\":1,\"name\":\"Home\",\"item\":\"https:\/\/dev6.erresse-shop.it\/\"},{\"@type\":\"ListItem\",\"position\":2,\"name\":\"Shop\",\"item\":\"https:\/\/dev6.erresse-shop.it\/shop\/\"},{\"@type\":\"ListItem\",\"position\":3,\"name\":\"VISTA ALEGRE Vinyl Flute\"}]},{\"@type\":\"WebSite\",\"@id\":\"https:\/\/dev6.erresse-shop.it\/#website\",\"url\":\"https:\/\/dev6.erresse-shop.it\/\",\"name\":\"Erresse Shop\",\"description\":\"\",\"publisher\":{\"@id\":\"https:\/\/dev6.erresse-shop.it\/#organization\"},\"potentialAction\":[{\"@type\":\"SearchAction\",\"target\":{\"@type\":\"EntryPoint\",\"urlTemplate\":\"https:\/\/dev6.erresse-shop.it\/?s={search_term_string}\"},\"query-input\":{\"@type\":\"PropertyValueSpecification\",\"valueRequired\":true,\"valueName\":\"search_term_string\"}}],\"inLanguage\":\"de\"},{\"@type\":\"Organization\",\"@id\":\"https:\/\/dev6.erresse-shop.it\/#organization\",\"name\":\"Erresse Shop\",\"url\":\"https:\/\/dev6.erresse-shop.it\/\",\"logo\":{\"@type\":\"ImageObject\",\"inLanguage\":\"de\",\"@id\":\"https:\/\/dev6.erresse-shop.it\/#\/schema\/logo\/image\/\",\"url\":\"https:\/\/dev6.erresse-shop.it\/wp-content\/uploads\/2025\/01\/LOGO-ERRESSE-CLASSICO.svg\",\"contentUrl\":\"https:\/\/dev6.erresse-shop.it\/wp-content\/uploads\/2025\/01\/LOGO-ERRESSE-CLASSICO.svg\",\"caption\":\"Erresse Shop\"},\"image\":{\"@id\":\"https:\/\/dev6.erresse-shop.it\/#\/schema\/logo\/image\/\"}}]}<\/script>\n<!-- \/ Yoast SEO plugin. -->","yoast_head_json":{"title":"VISTA ALEGRE Vinyl Flute - dev6 Erresse","description":"Vinyl ist ein luxuri\u00f6ses und vielseitiges Glas, das vom Art-D\u00e9co-Stil inspiriert ist und die Raffinesse der Cocktailbars der 1930er Jahre in Ihrem Zuhause","robots":{"index":"noindex","follow":"follow","max-snippet":"max-snippet:-1","max-image-preview":"max-image-preview:large","max-video-preview":"max-video-preview:-1"},"og_locale":"de_DE","og_type":"article","og_title":"VISTA ALEGRE Vinyl Flute - dev6 Erresse","og_description":"Vinyl ist ein luxuri\u00f6ses und vielseitiges Glas, das vom Art-D\u00e9co-Stil inspiriert ist und die Raffinesse der Cocktailbars der 1930er Jahre in Ihrem Zuhause","og_url":"https:\/\/dev6.erresse-shop.it\/de\/shop\/tisch\/weinbar-korkenzieher-dekanter-eiskubel\/weinglaeser\/vista-alegre-vinyl-flute\/","og_site_name":"dev6 Erresse","og_image":[{"url":"https:\/\/interpim.erresse-shop.it\/img-catalogo\/vista-alegre\/vista-alegre-vinyl-flute.jpg","type":"","width":"","height":""},{"url":"https:\/\/interpim.erresse-shop.it\/img-catalogo\/vista-alegre\/vista-alegre-vinyl-flute.jpg","width":1024,"height":1024,"type":"image\/jpeg"}],"twitter_card":"summary_large_image","twitter_image":"https:\/\/interpim.erresse-shop.it\/img-catalogo\/vista-alegre\/vista-alegre-vinyl-flute.jpg","schema":{"@context":"https:\/\/schema.org","@graph":[{"@type":"WebPage","@id":"https:\/\/dev6.erresse-shop.it\/de\/shop\/tisch\/weinbar-korkenzieher-dekanter-eiskubel\/weinglaeser\/vista-alegre-vinyl-flute\/","url":"https:\/\/dev6.erresse-shop.it\/de\/shop\/tisch\/weinbar-korkenzieher-dekanter-eiskubel\/weinglaeser\/vista-alegre-vinyl-flute\/","name":"VISTA ALEGRE Vinyl Flute - dev6 Erresse","isPartOf":{"@id":"https:\/\/dev6.erresse-shop.it\/#website"},"primaryImageOfPage":{"@id":"https:\/\/dev6.erresse-shop.it\/de\/shop\/tisch\/weinbar-korkenzieher-dekanter-eiskubel\/weinglaeser\/vista-alegre-vinyl-flute\/#primaryimage"},"image":{"@id":"https:\/\/dev6.erresse-shop.it\/de\/shop\/tisch\/weinbar-korkenzieher-dekanter-eiskubel\/weinglaeser\/vista-alegre-vinyl-flute\/#primaryimage"},"thumbnailUrl":"https:\/\/i1.wp.com\/interpim.erresse-shop.it\/img-catalogo\/vista-alegre\/vista-alegre-vinyl-flute.jpg?ssl=1","datePublished":"2026-04-12T07:38:06+00:00","description":"Vinyl ist ein luxuri\u00f6ses und vielseitiges Glas, das vom Art-D\u00e9co-Stil inspiriert ist und die Raffinesse der Cocktailbars der 1930er Jahre in Ihrem Zuhause","breadcrumb":{"@id":"https:\/\/dev6.erresse-shop.it\/de\/shop\/tisch\/weinbar-korkenzieher-dekanter-eiskubel\/weinglaeser\/vista-alegre-vinyl-flute\/#breadcrumb"},"inLanguage":"de","potentialAction":[{"@type":"ReadAction","target":["https:\/\/dev6.erresse-shop.it\/de\/shop\/tisch\/weinbar-korkenzieher-dekanter-eiskubel\/weinglaeser\/vista-alegre-vinyl-flute\/"]}]},{"@type":"ImageObject","inLanguage":"de","@id":"https:\/\/dev6.erresse-shop.it\/de\/shop\/tisch\/weinbar-korkenzieher-dekanter-eiskubel\/weinglaeser\/vista-alegre-vinyl-flute\/#primaryimage","url":"https:\/\/i1.wp.com\/interpim.erresse-shop.it\/img-catalogo\/vista-alegre\/vista-alegre-vinyl-flute.jpg?ssl=1","contentUrl":"https:\/\/i1.wp.com\/interpim.erresse-shop.it\/img-catalogo\/vista-alegre\/vista-alegre-vinyl-flute.jpg?ssl=1"},{"@type":"BreadcrumbList","@id":"https:\/\/dev6.erresse-shop.it\/de\/shop\/tisch\/weinbar-korkenzieher-dekanter-eiskubel\/weinglaeser\/vista-alegre-vinyl-flute\/#breadcrumb","itemListElement":[{"@type":"ListItem","position":1,"name":"Home","item":"https:\/\/dev6.erresse-shop.it\/"},{"@type":"ListItem","position":2,"name":"Shop","item":"https:\/\/dev6.erresse-shop.it\/shop\/"},{"@type":"ListItem","position":3,"name":"VISTA ALEGRE Vinyl Flute"}]},{"@type":"WebSite","@id":"https:\/\/dev6.erresse-shop.it\/#website","url":"https:\/\/dev6.erresse-shop.it\/","name":"Erresse Shop","description":"","publisher":{"@id":"https:\/\/dev6.erresse-shop.it\/#organization"},"potentialAction":[{"@type":"SearchAction","target":{"@type":"EntryPoint","urlTemplate":"https:\/\/dev6.erresse-shop.it\/?s={search_term_string}"},"query-input":{"@type":"PropertyValueSpecification","valueRequired":true,"valueName":"search_term_string"}}],"inLanguage":"de"},{"@type":"Organization","@id":"https:\/\/dev6.erresse-shop.it\/#organization","name":"Erresse Shop","url":"https:\/\/dev6.erresse-shop.it\/","logo":{"@type":"ImageObject","inLanguage":"de","@id":"https:\/\/dev6.erresse-shop.it\/#\/schema\/logo\/image\/","url":"https:\/\/dev6.erresse-shop.it\/wp-content\/uploads\/2025\/01\/LOGO-ERRESSE-CLASSICO.svg","contentUrl":"https:\/\/dev6.erresse-shop.it\/wp-content\/uploads\/2025\/01\/LOGO-ERRESSE-CLASSICO.svg","caption":"Erresse Shop"},"image":{"@id":"https:\/\/dev6.erresse-shop.it\/#\/schema\/logo\/image\/"}}]}},"df_price":79,"df_sale_price":79,"df_regular_price":90,"df_image_link":"https:\/\/i1.wp.com\/interpim.erresse-shop.it\/img-catalogo\/vista-alegre\/vista-alegre-vinyl-flute.jpg?resize=300,300&ssl=1","fifu_image_url":"https:\/\/interpim.erresse-shop.it\/img-catalogo\/vista-alegre\/vista-alegre-vinyl-flute.jpg","_links":{"self":[{"href":"https:\/\/dev6.erresse-shop.it\/de\/wp-json\/wp\/v2\/product\/52526","targetHints":{"allow":["GET"]}}],"collection":[{"href":"https:\/\/dev6.erresse-shop.it\/de\/wp-json\/wp\/v2\/product"}],"about":[{"href":"https:\/\/dev6.erresse-shop.it\/de\/wp-json\/wp\/v2\/types\/product"}],"wp:featuredmedia":[{"embeddable":true,"href":"https:\/\/dev6.erresse-shop.it\/de\/wp-json\/wp\/v2\/media\/6361927"}],"wp:attachment":[{"href":"https:\/\/dev6.erresse-shop.it\/de\/wp-json\/wp\/v2\/media?parent=52526"}],"wp:term":[{"taxonomy":"product_cat","embeddable":true,"href":"https:\/\/dev6.erresse-shop.it\/de\/wp-json\/wp\/v2\/product_cat?post=52526"},{"taxonomy":"product_tag","embeddable":true,"href":"https:\/\/dev6.erresse-shop.it\/de\/wp-json\/wp\/v2\/product_tag?post=52526"}],"curies":[{"name":"wp","href":"https:\/\/api.w.org\/{rel}","templated":true}]}}