{"id":52520,"date":"2026-04-12T09:36:36","date_gmt":"2026-04-12T07:36:36","guid":{"rendered":"https:\/\/dev6.erresse-shop.it\/shop\/unkategorisiert\/vista-alegre-dux-set-2-glaeser-old-fashion\/"},"modified":"2025-09-14T01:11:13","modified_gmt":"2025-09-13T23:11:13","slug":"vista-alegre-dux-set-2-glaeser-old-fashion","status":"publish","type":"product","link":"https:\/\/dev6.erresse-shop.it\/de\/shop\/tisch\/karaffen-flaschen-kruege\/vista-alegre-dux-set-2-glaeser-old-fashion\/","title":{"rendered":"VISTA ALEGRE Dux Set 2 Gl\u00e4ser Old Fashion"},"content":{"rendered":"<p>Set 2 altmodische Dux.<br \/>\nDas lateinische Wort dux bedeutet Anf\u00fchrer, und dieser Sinn f\u00fcr Kommando und K\u00fchnheit steht hinter der Kreation dieses einzigartigen St\u00fccks.<br \/>\nHergestellt aus Kristall und Gold, von Hand verziert und bemalt.<\/p>\n<p>Produkttyp: Kristall 30%<br \/>\nBreite: 106 mm<br \/>\nL\u00e4nge: 109 mm<br \/>\nGewicht: 930 gr<br \/>\nGebrauchshinweise: Nicht f\u00fcr die Mikrowelle geeignet. Nicht f\u00fcr die Sp\u00fclmaschine geeignet.<\/p>\n","protected":false},"excerpt":{"rendered":"<p>Set 2 altmodische Dux. Das lateinische Wort dux bedeutet Anf\u00fchrer, und dieser Sinn f\u00fcr Kommando und K\u00fchnheit steht hinter der Kreation dieses einzigartigen St\u00fccks. Hergestellt aus Kristall und Gold, von Hand verziert und bemalt. Produkttyp: Kristall 30% Breite: 106 mm L\u00e4nge: 109 mm Gewicht: 930 gr Gebrauchshinweise: Nicht f\u00fcr die Mikrowelle geeignet. Nicht f\u00fcr die [&hellip;]<\/p>\n","protected":false},"featured_media":6361907,"template":"","meta":{"_acf_changed":false},"product_cat":[12115,11671,12103],"product_tag":[],"class_list":{"0":"post-52520","1":"product","2":"type-product","3":"status-publish","4":"has-post-thumbnail","6":"product_cat-karaffen-flaschen-kruege","7":"product_cat-tavola","8":"product_cat-tisch","10":"first","11":"instock","12":"sale","13":"taxable","14":"shipping-taxable","15":"purchasable","16":"product-type-simple","swatches":"rey-swatches","show_selected":"","stretch_labels":"rey-swatches--stretch-labels"},"acf":[],"yoast_head":"<!-- This site is optimized with the Yoast SEO plugin v25.4 - https:\/\/yoast.com\/wordpress\/plugins\/seo\/ -->\n<title>VISTA ALEGRE Dux Set 2 Gl\u00e4ser Old Fashion - dev6 Erresse<\/title>\n<meta name=\"description\" content=\"Set 2 altmodische Dux. Das lateinische Wort dux bedeutet Anf\u00fchrer, und dieser Sinn f\u00fcr Kommando und K\u00fchnheit steht hinter der Kreation dieses\" \/>\n<meta name=\"robots\" content=\"noindex, follow, max-snippet:-1, max-image-preview:large, max-video-preview:-1\" \/>\n<meta property=\"og:locale\" content=\"de_DE\" \/>\n<meta property=\"og:type\" content=\"article\" \/>\n<meta property=\"og:title\" content=\"VISTA ALEGRE Dux Set 2 Gl\u00e4ser Old Fashion - dev6 Erresse\" \/>\n<meta property=\"og:description\" content=\"Set 2 altmodische Dux. Das lateinische Wort dux bedeutet Anf\u00fchrer, und dieser Sinn f\u00fcr Kommando und K\u00fchnheit steht hinter der Kreation dieses\" \/>\n<meta property=\"og:url\" content=\"https:\/\/dev6.erresse-shop.it\/de\/shop\/tisch\/karaffen-flaschen-kruege\/vista-alegre-dux-set-2-glaeser-old-fashion\/\" \/>\n<meta property=\"og:site_name\" content=\"dev6 Erresse\" \/>\n<meta property=\"og:image\" content=\"https:\/\/interpim.erresse-shop.it\/img-catalogo\/vista-alegre\/vista-alegre-dux-set-2-bicchieri-old-fashion.jpg\" \/><meta property=\"og:image\" content=\"https:\/\/interpim.erresse-shop.it\/img-catalogo\/vista-alegre\/vista-alegre-dux-set-2-bicchieri-old-fashion.jpg\" \/>\n\t<meta property=\"og:image:width\" content=\"1024\" \/>\n\t<meta property=\"og:image:height\" content=\"1024\" \/>\n\t<meta property=\"og:image:type\" content=\"image\/jpeg\" \/>\n<meta name=\"twitter:card\" content=\"summary_large_image\" \/>\n<meta name=\"twitter:image\" content=\"https:\/\/interpim.erresse-shop.it\/img-catalogo\/vista-alegre\/vista-alegre-dux-set-2-bicchieri-old-fashion.jpg\" \/>\n<script type=\"application\/ld+json\" class=\"yoast-schema-graph\">{\"@context\":\"https:\/\/schema.org\",\"@graph\":[{\"@type\":\"WebPage\",\"@id\":\"https:\/\/dev6.erresse-shop.it\/de\/shop\/tisch\/karaffen-flaschen-kruege\/vista-alegre-dux-set-2-glaeser-old-fashion\/\",\"url\":\"https:\/\/dev6.erresse-shop.it\/de\/shop\/tisch\/karaffen-flaschen-kruege\/vista-alegre-dux-set-2-glaeser-old-fashion\/\",\"name\":\"VISTA ALEGRE Dux Set 2 Gl\u00e4ser Old Fashion - dev6 Erresse\",\"isPartOf\":{\"@id\":\"https:\/\/dev6.erresse-shop.it\/#website\"},\"primaryImageOfPage\":{\"@id\":\"https:\/\/dev6.erresse-shop.it\/de\/shop\/tisch\/karaffen-flaschen-kruege\/vista-alegre-dux-set-2-glaeser-old-fashion\/#primaryimage\"},\"image\":{\"@id\":\"https:\/\/dev6.erresse-shop.it\/de\/shop\/tisch\/karaffen-flaschen-kruege\/vista-alegre-dux-set-2-glaeser-old-fashion\/#primaryimage\"},\"thumbnailUrl\":\"https:\/\/i3.wp.com\/interpim.erresse-shop.it\/img-catalogo\/vista-alegre\/vista-alegre-dux-set-2-bicchieri-old-fashion.jpg?ssl=1\",\"datePublished\":\"2026-04-12T07:36:36+00:00\",\"description\":\"Set 2 altmodische Dux. Das lateinische Wort dux bedeutet Anf\u00fchrer, und dieser Sinn f\u00fcr Kommando und K\u00fchnheit steht hinter der Kreation dieses\",\"breadcrumb\":{\"@id\":\"https:\/\/dev6.erresse-shop.it\/de\/shop\/tisch\/karaffen-flaschen-kruege\/vista-alegre-dux-set-2-glaeser-old-fashion\/#breadcrumb\"},\"inLanguage\":\"de\",\"potentialAction\":[{\"@type\":\"ReadAction\",\"target\":[\"https:\/\/dev6.erresse-shop.it\/de\/shop\/tisch\/karaffen-flaschen-kruege\/vista-alegre-dux-set-2-glaeser-old-fashion\/\"]}]},{\"@type\":\"ImageObject\",\"inLanguage\":\"de\",\"@id\":\"https:\/\/dev6.erresse-shop.it\/de\/shop\/tisch\/karaffen-flaschen-kruege\/vista-alegre-dux-set-2-glaeser-old-fashion\/#primaryimage\",\"url\":\"https:\/\/i3.wp.com\/interpim.erresse-shop.it\/img-catalogo\/vista-alegre\/vista-alegre-dux-set-2-bicchieri-old-fashion.jpg?ssl=1\",\"contentUrl\":\"https:\/\/i3.wp.com\/interpim.erresse-shop.it\/img-catalogo\/vista-alegre\/vista-alegre-dux-set-2-bicchieri-old-fashion.jpg?ssl=1\"},{\"@type\":\"BreadcrumbList\",\"@id\":\"https:\/\/dev6.erresse-shop.it\/de\/shop\/tisch\/karaffen-flaschen-kruege\/vista-alegre-dux-set-2-glaeser-old-fashion\/#breadcrumb\",\"itemListElement\":[{\"@type\":\"ListItem\",\"position\":1,\"name\":\"Home\",\"item\":\"https:\/\/dev6.erresse-shop.it\/\"},{\"@type\":\"ListItem\",\"position\":2,\"name\":\"Shop\",\"item\":\"https:\/\/dev6.erresse-shop.it\/shop\/\"},{\"@type\":\"ListItem\",\"position\":3,\"name\":\"VISTA ALEGRE Dux Set 2 Gl\u00e4ser Old Fashion\"}]},{\"@type\":\"WebSite\",\"@id\":\"https:\/\/dev6.erresse-shop.it\/#website\",\"url\":\"https:\/\/dev6.erresse-shop.it\/\",\"name\":\"Erresse Shop\",\"description\":\"\",\"publisher\":{\"@id\":\"https:\/\/dev6.erresse-shop.it\/#organization\"},\"potentialAction\":[{\"@type\":\"SearchAction\",\"target\":{\"@type\":\"EntryPoint\",\"urlTemplate\":\"https:\/\/dev6.erresse-shop.it\/?s={search_term_string}\"},\"query-input\":{\"@type\":\"PropertyValueSpecification\",\"valueRequired\":true,\"valueName\":\"search_term_string\"}}],\"inLanguage\":\"de\"},{\"@type\":\"Organization\",\"@id\":\"https:\/\/dev6.erresse-shop.it\/#organization\",\"name\":\"Erresse Shop\",\"url\":\"https:\/\/dev6.erresse-shop.it\/\",\"logo\":{\"@type\":\"ImageObject\",\"inLanguage\":\"de\",\"@id\":\"https:\/\/dev6.erresse-shop.it\/#\/schema\/logo\/image\/\",\"url\":\"https:\/\/dev6.erresse-shop.it\/wp-content\/uploads\/2025\/01\/LOGO-ERRESSE-CLASSICO.svg\",\"contentUrl\":\"https:\/\/dev6.erresse-shop.it\/wp-content\/uploads\/2025\/01\/LOGO-ERRESSE-CLASSICO.svg\",\"caption\":\"Erresse Shop\"},\"image\":{\"@id\":\"https:\/\/dev6.erresse-shop.it\/#\/schema\/logo\/image\/\"}}]}<\/script>\n<!-- \/ Yoast SEO plugin. -->","yoast_head_json":{"title":"VISTA ALEGRE Dux Set 2 Gl\u00e4ser Old Fashion - dev6 Erresse","description":"Set 2 altmodische Dux. Das lateinische Wort dux bedeutet Anf\u00fchrer, und dieser Sinn f\u00fcr Kommando und K\u00fchnheit steht hinter der Kreation dieses","robots":{"index":"noindex","follow":"follow","max-snippet":"max-snippet:-1","max-image-preview":"max-image-preview:large","max-video-preview":"max-video-preview:-1"},"og_locale":"de_DE","og_type":"article","og_title":"VISTA ALEGRE Dux Set 2 Gl\u00e4ser Old Fashion - dev6 Erresse","og_description":"Set 2 altmodische Dux. Das lateinische Wort dux bedeutet Anf\u00fchrer, und dieser Sinn f\u00fcr Kommando und K\u00fchnheit steht hinter der Kreation dieses","og_url":"https:\/\/dev6.erresse-shop.it\/de\/shop\/tisch\/karaffen-flaschen-kruege\/vista-alegre-dux-set-2-glaeser-old-fashion\/","og_site_name":"dev6 Erresse","og_image":[{"url":"https:\/\/interpim.erresse-shop.it\/img-catalogo\/vista-alegre\/vista-alegre-dux-set-2-bicchieri-old-fashion.jpg","type":"","width":"","height":""},{"url":"https:\/\/interpim.erresse-shop.it\/img-catalogo\/vista-alegre\/vista-alegre-dux-set-2-bicchieri-old-fashion.jpg","width":1024,"height":1024,"type":"image\/jpeg"}],"twitter_card":"summary_large_image","twitter_image":"https:\/\/interpim.erresse-shop.it\/img-catalogo\/vista-alegre\/vista-alegre-dux-set-2-bicchieri-old-fashion.jpg","schema":{"@context":"https:\/\/schema.org","@graph":[{"@type":"WebPage","@id":"https:\/\/dev6.erresse-shop.it\/de\/shop\/tisch\/karaffen-flaschen-kruege\/vista-alegre-dux-set-2-glaeser-old-fashion\/","url":"https:\/\/dev6.erresse-shop.it\/de\/shop\/tisch\/karaffen-flaschen-kruege\/vista-alegre-dux-set-2-glaeser-old-fashion\/","name":"VISTA ALEGRE Dux Set 2 Gl\u00e4ser Old Fashion - dev6 Erresse","isPartOf":{"@id":"https:\/\/dev6.erresse-shop.it\/#website"},"primaryImageOfPage":{"@id":"https:\/\/dev6.erresse-shop.it\/de\/shop\/tisch\/karaffen-flaschen-kruege\/vista-alegre-dux-set-2-glaeser-old-fashion\/#primaryimage"},"image":{"@id":"https:\/\/dev6.erresse-shop.it\/de\/shop\/tisch\/karaffen-flaschen-kruege\/vista-alegre-dux-set-2-glaeser-old-fashion\/#primaryimage"},"thumbnailUrl":"https:\/\/i3.wp.com\/interpim.erresse-shop.it\/img-catalogo\/vista-alegre\/vista-alegre-dux-set-2-bicchieri-old-fashion.jpg?ssl=1","datePublished":"2026-04-12T07:36:36+00:00","description":"Set 2 altmodische Dux. Das lateinische Wort dux bedeutet Anf\u00fchrer, und dieser Sinn f\u00fcr Kommando und K\u00fchnheit steht hinter der Kreation dieses","breadcrumb":{"@id":"https:\/\/dev6.erresse-shop.it\/de\/shop\/tisch\/karaffen-flaschen-kruege\/vista-alegre-dux-set-2-glaeser-old-fashion\/#breadcrumb"},"inLanguage":"de","potentialAction":[{"@type":"ReadAction","target":["https:\/\/dev6.erresse-shop.it\/de\/shop\/tisch\/karaffen-flaschen-kruege\/vista-alegre-dux-set-2-glaeser-old-fashion\/"]}]},{"@type":"ImageObject","inLanguage":"de","@id":"https:\/\/dev6.erresse-shop.it\/de\/shop\/tisch\/karaffen-flaschen-kruege\/vista-alegre-dux-set-2-glaeser-old-fashion\/#primaryimage","url":"https:\/\/i3.wp.com\/interpim.erresse-shop.it\/img-catalogo\/vista-alegre\/vista-alegre-dux-set-2-bicchieri-old-fashion.jpg?ssl=1","contentUrl":"https:\/\/i3.wp.com\/interpim.erresse-shop.it\/img-catalogo\/vista-alegre\/vista-alegre-dux-set-2-bicchieri-old-fashion.jpg?ssl=1"},{"@type":"BreadcrumbList","@id":"https:\/\/dev6.erresse-shop.it\/de\/shop\/tisch\/karaffen-flaschen-kruege\/vista-alegre-dux-set-2-glaeser-old-fashion\/#breadcrumb","itemListElement":[{"@type":"ListItem","position":1,"name":"Home","item":"https:\/\/dev6.erresse-shop.it\/"},{"@type":"ListItem","position":2,"name":"Shop","item":"https:\/\/dev6.erresse-shop.it\/shop\/"},{"@type":"ListItem","position":3,"name":"VISTA ALEGRE Dux Set 2 Gl\u00e4ser Old Fashion"}]},{"@type":"WebSite","@id":"https:\/\/dev6.erresse-shop.it\/#website","url":"https:\/\/dev6.erresse-shop.it\/","name":"Erresse Shop","description":"","publisher":{"@id":"https:\/\/dev6.erresse-shop.it\/#organization"},"potentialAction":[{"@type":"SearchAction","target":{"@type":"EntryPoint","urlTemplate":"https:\/\/dev6.erresse-shop.it\/?s={search_term_string}"},"query-input":{"@type":"PropertyValueSpecification","valueRequired":true,"valueName":"search_term_string"}}],"inLanguage":"de"},{"@type":"Organization","@id":"https:\/\/dev6.erresse-shop.it\/#organization","name":"Erresse Shop","url":"https:\/\/dev6.erresse-shop.it\/","logo":{"@type":"ImageObject","inLanguage":"de","@id":"https:\/\/dev6.erresse-shop.it\/#\/schema\/logo\/image\/","url":"https:\/\/dev6.erresse-shop.it\/wp-content\/uploads\/2025\/01\/LOGO-ERRESSE-CLASSICO.svg","contentUrl":"https:\/\/dev6.erresse-shop.it\/wp-content\/uploads\/2025\/01\/LOGO-ERRESSE-CLASSICO.svg","caption":"Erresse Shop"},"image":{"@id":"https:\/\/dev6.erresse-shop.it\/#\/schema\/logo\/image\/"}}]}},"df_price":179,"df_sale_price":179,"df_regular_price":220,"df_image_link":"https:\/\/i3.wp.com\/interpim.erresse-shop.it\/img-catalogo\/vista-alegre\/vista-alegre-dux-set-2-bicchieri-old-fashion.jpg?resize=300,300&ssl=1","fifu_image_url":"https:\/\/interpim.erresse-shop.it\/img-catalogo\/vista-alegre\/vista-alegre-dux-set-2-bicchieri-old-fashion.jpg","_links":{"self":[{"href":"https:\/\/dev6.erresse-shop.it\/de\/wp-json\/wp\/v2\/product\/52520","targetHints":{"allow":["GET"]}}],"collection":[{"href":"https:\/\/dev6.erresse-shop.it\/de\/wp-json\/wp\/v2\/product"}],"about":[{"href":"https:\/\/dev6.erresse-shop.it\/de\/wp-json\/wp\/v2\/types\/product"}],"wp:featuredmedia":[{"embeddable":true,"href":"https:\/\/dev6.erresse-shop.it\/de\/wp-json\/wp\/v2\/media\/6361907"}],"wp:attachment":[{"href":"https:\/\/dev6.erresse-shop.it\/de\/wp-json\/wp\/v2\/media?parent=52520"}],"wp:term":[{"taxonomy":"product_cat","embeddable":true,"href":"https:\/\/dev6.erresse-shop.it\/de\/wp-json\/wp\/v2\/product_cat?post=52520"},{"taxonomy":"product_tag","embeddable":true,"href":"https:\/\/dev6.erresse-shop.it\/de\/wp-json\/wp\/v2\/product_tag?post=52520"}],"curies":[{"name":"wp","href":"https:\/\/api.w.org\/{rel}","templated":true}]}}