{"id":52496,"date":"2026-04-12T13:02:57","date_gmt":"2026-04-12T11:02:57","guid":{"rendered":"https:\/\/dev6.erresse-shop.it\/shop\/unkategorisiert\/emile-henry-grosse-rechteckige-bratpfanne-gran-cru\/"},"modified":"2025-09-14T02:58:33","modified_gmt":"2025-09-14T00:58:33","slug":"emile-henry-grosse-rechteckige-bratpfanne-gran-cru","status":"publish","type":"product","link":"https:\/\/dev6.erresse-shop.it\/de\/shop\/toepfe-pfannen\/toepfe-und-backformen\/emile-henry-grosse-rechteckige-bratpfanne-gran-cru\/","title":{"rendered":"EMILE HENRY Gro\u00dfe rechteckige Bratpfanne Gran Cru"},"content":{"rendered":"<p>Mit der rechteckigen Bratpfanne von Emile Henry k\u00f6nnen Sie Lasagne, Gratins und Braten zubereiten, kochen und auf den Tisch bringen. Sie besteht aus HR\u00ae-Keramik (High Resistance) und verteilt die Hitze gleichm\u00e4\u00dfig, so dass die Speisen perfekt und nat\u00fcrlich bis in die Mitte gegart werden k\u00f6nnen. Sie kann direkt aus dem Gefrierschrank in den bis zu 270\u00b0C hei\u00dfen Ofen oder unter den Grill gestellt werden. Die hochfeste Glasur sch\u00fctzt die Schale vor Kratzern und Absplittern und kann regelm\u00e4\u00dfig in der Sp\u00fclmaschine gereinigt werden, ohne dass sie ihre Farbe verliert. Die gro\u00dfz\u00fcgige und elegante Form bietet eine Mischung aus Tradition und Moderne, und diese Schale von Emile Henry wird bald zu einem unentbehrlichen K\u00fcchenutensil f\u00fcr all Ihre Kochbed\u00fcrfnisse.<br \/>\nHergestellt in Frankreich<\/p>\n<p>Garantie 10 Jahre<\/p>\n<p>L\u00e4nge\/Durchmesser: 30 cm<br \/>\nBreite: 19 cm<br \/>\nH\u00f6he: 6,5 cm<br \/>\nGewicht: 1,2 kg<\/p>\n","protected":false},"excerpt":{"rendered":"<p>Mit der rechteckigen Bratpfanne von Emile Henry k\u00f6nnen Sie Lasagne, Gratins und Braten zubereiten, kochen und auf den Tisch bringen. Sie besteht aus HR\u00ae-Keramik (High Resistance) und verteilt die Hitze gleichm\u00e4\u00dfig, so dass die Speisen perfekt und nat\u00fcrlich bis in die Mitte gegart werden k\u00f6nnen. Sie kann direkt aus dem Gefrierschrank in den bis zu [&hellip;]<\/p>\n","protected":false},"featured_media":6375764,"template":"","meta":{"_acf_changed":false},"product_cat":[12158,12099],"product_tag":[],"class_list":{"0":"post-52496","1":"product","2":"type-product","3":"status-publish","4":"has-post-thumbnail","6":"product_cat-toepfe-und-backformen","7":"product_cat-toepfe-pfannen","9":"first","10":"instock","11":"sale","12":"taxable","13":"shipping-taxable","14":"purchasable","15":"product-type-simple","swatches":"rey-swatches","show_selected":"","stretch_labels":"rey-swatches--stretch-labels"},"acf":[],"yoast_head":"<!-- This site is optimized with the Yoast SEO plugin v25.4 - https:\/\/yoast.com\/wordpress\/plugins\/seo\/ -->\n<title>EMILE HENRY Gro\u00dfe rechteckige Bratpfanne Gran Cru - dev6 Erresse<\/title>\n<meta name=\"description\" content=\"Mit der rechteckigen Bratpfanne von Emile Henry k\u00f6nnen Sie Lasagne, Gratins und Braten zubereiten, kochen und auf den Tisch bringen. Sie besteht aus\" \/>\n<meta name=\"robots\" content=\"noindex, follow, max-snippet:-1, max-image-preview:large, max-video-preview:-1\" \/>\n<meta property=\"og:locale\" content=\"de_DE\" \/>\n<meta property=\"og:type\" content=\"article\" \/>\n<meta property=\"og:title\" content=\"EMILE HENRY Gro\u00dfe rechteckige Bratpfanne Gran Cru - dev6 Erresse\" \/>\n<meta property=\"og:description\" content=\"Mit der rechteckigen Bratpfanne von Emile Henry k\u00f6nnen Sie Lasagne, Gratins und Braten zubereiten, kochen und auf den Tisch bringen. Sie besteht aus\" \/>\n<meta property=\"og:url\" content=\"https:\/\/dev6.erresse-shop.it\/de\/shop\/toepfe-pfannen\/toepfe-und-backformen\/emile-henry-grosse-rechteckige-bratpfanne-gran-cru\/\" \/>\n<meta property=\"og:site_name\" content=\"dev6 Erresse\" \/>\n<meta property=\"og:image\" content=\"https:\/\/interpim.erresse-shop.it\/Import\/Prodotti\/emile-henry-pirofila-grande-rettangolare-gran-cru.jpg\" \/><meta property=\"og:image\" content=\"https:\/\/interpim.erresse-shop.it\/Import\/Prodotti\/emile-henry-pirofila-grande-rettangolare-gran-cru.jpg\" \/>\n\t<meta property=\"og:image:width\" content=\"1024\" \/>\n\t<meta property=\"og:image:height\" content=\"1024\" \/>\n\t<meta property=\"og:image:type\" content=\"image\/jpeg\" \/>\n<meta name=\"twitter:card\" content=\"summary_large_image\" \/>\n<meta name=\"twitter:image\" content=\"https:\/\/interpim.erresse-shop.it\/Import\/Prodotti\/emile-henry-pirofila-grande-rettangolare-gran-cru.jpg\" \/>\n<script type=\"application\/ld+json\" class=\"yoast-schema-graph\">{\"@context\":\"https:\/\/schema.org\",\"@graph\":[{\"@type\":\"WebPage\",\"@id\":\"https:\/\/dev6.erresse-shop.it\/de\/shop\/toepfe-pfannen\/toepfe-und-backformen\/emile-henry-grosse-rechteckige-bratpfanne-gran-cru\/\",\"url\":\"https:\/\/dev6.erresse-shop.it\/de\/shop\/toepfe-pfannen\/toepfe-und-backformen\/emile-henry-grosse-rechteckige-bratpfanne-gran-cru\/\",\"name\":\"EMILE HENRY Gro\u00dfe rechteckige Bratpfanne Gran Cru - dev6 Erresse\",\"isPartOf\":{\"@id\":\"https:\/\/dev6.erresse-shop.it\/#website\"},\"primaryImageOfPage\":{\"@id\":\"https:\/\/dev6.erresse-shop.it\/de\/shop\/toepfe-pfannen\/toepfe-und-backformen\/emile-henry-grosse-rechteckige-bratpfanne-gran-cru\/#primaryimage\"},\"image\":{\"@id\":\"https:\/\/dev6.erresse-shop.it\/de\/shop\/toepfe-pfannen\/toepfe-und-backformen\/emile-henry-grosse-rechteckige-bratpfanne-gran-cru\/#primaryimage\"},\"thumbnailUrl\":\"https:\/\/i2.wp.com\/interpim.erresse-shop.it\/Import\/Prodotti\/emile-henry-pirofila-grande-rettangolare-gran-cru.jpg?ssl=1\",\"datePublished\":\"2026-04-12T11:02:57+00:00\",\"description\":\"Mit der rechteckigen Bratpfanne von Emile Henry k\u00f6nnen Sie Lasagne, Gratins und Braten zubereiten, kochen und auf den Tisch bringen. Sie besteht aus\",\"breadcrumb\":{\"@id\":\"https:\/\/dev6.erresse-shop.it\/de\/shop\/toepfe-pfannen\/toepfe-und-backformen\/emile-henry-grosse-rechteckige-bratpfanne-gran-cru\/#breadcrumb\"},\"inLanguage\":\"de\",\"potentialAction\":[{\"@type\":\"ReadAction\",\"target\":[\"https:\/\/dev6.erresse-shop.it\/de\/shop\/toepfe-pfannen\/toepfe-und-backformen\/emile-henry-grosse-rechteckige-bratpfanne-gran-cru\/\"]}]},{\"@type\":\"ImageObject\",\"inLanguage\":\"de\",\"@id\":\"https:\/\/dev6.erresse-shop.it\/de\/shop\/toepfe-pfannen\/toepfe-und-backformen\/emile-henry-grosse-rechteckige-bratpfanne-gran-cru\/#primaryimage\",\"url\":\"https:\/\/i2.wp.com\/interpim.erresse-shop.it\/Import\/Prodotti\/emile-henry-pirofila-grande-rettangolare-gran-cru.jpg?ssl=1\",\"contentUrl\":\"https:\/\/i2.wp.com\/interpim.erresse-shop.it\/Import\/Prodotti\/emile-henry-pirofila-grande-rettangolare-gran-cru.jpg?ssl=1\"},{\"@type\":\"BreadcrumbList\",\"@id\":\"https:\/\/dev6.erresse-shop.it\/de\/shop\/toepfe-pfannen\/toepfe-und-backformen\/emile-henry-grosse-rechteckige-bratpfanne-gran-cru\/#breadcrumb\",\"itemListElement\":[{\"@type\":\"ListItem\",\"position\":1,\"name\":\"Home\",\"item\":\"https:\/\/dev6.erresse-shop.it\/\"},{\"@type\":\"ListItem\",\"position\":2,\"name\":\"Shop\",\"item\":\"https:\/\/dev6.erresse-shop.it\/shop\/\"},{\"@type\":\"ListItem\",\"position\":3,\"name\":\"EMILE HENRY Gro\u00dfe rechteckige Bratpfanne Gran Cru\"}]},{\"@type\":\"WebSite\",\"@id\":\"https:\/\/dev6.erresse-shop.it\/#website\",\"url\":\"https:\/\/dev6.erresse-shop.it\/\",\"name\":\"Erresse Shop\",\"description\":\"\",\"publisher\":{\"@id\":\"https:\/\/dev6.erresse-shop.it\/#organization\"},\"potentialAction\":[{\"@type\":\"SearchAction\",\"target\":{\"@type\":\"EntryPoint\",\"urlTemplate\":\"https:\/\/dev6.erresse-shop.it\/?s={search_term_string}\"},\"query-input\":{\"@type\":\"PropertyValueSpecification\",\"valueRequired\":true,\"valueName\":\"search_term_string\"}}],\"inLanguage\":\"de\"},{\"@type\":\"Organization\",\"@id\":\"https:\/\/dev6.erresse-shop.it\/#organization\",\"name\":\"Erresse Shop\",\"url\":\"https:\/\/dev6.erresse-shop.it\/\",\"logo\":{\"@type\":\"ImageObject\",\"inLanguage\":\"de\",\"@id\":\"https:\/\/dev6.erresse-shop.it\/#\/schema\/logo\/image\/\",\"url\":\"https:\/\/dev6.erresse-shop.it\/wp-content\/uploads\/2025\/01\/LOGO-ERRESSE-CLASSICO.svg\",\"contentUrl\":\"https:\/\/dev6.erresse-shop.it\/wp-content\/uploads\/2025\/01\/LOGO-ERRESSE-CLASSICO.svg\",\"caption\":\"Erresse Shop\"},\"image\":{\"@id\":\"https:\/\/dev6.erresse-shop.it\/#\/schema\/logo\/image\/\"}}]}<\/script>\n<!-- \/ Yoast SEO plugin. -->","yoast_head_json":{"title":"EMILE HENRY Gro\u00dfe rechteckige Bratpfanne Gran Cru - dev6 Erresse","description":"Mit der rechteckigen Bratpfanne von Emile Henry k\u00f6nnen Sie Lasagne, Gratins und Braten zubereiten, kochen und auf den Tisch bringen. Sie besteht aus","robots":{"index":"noindex","follow":"follow","max-snippet":"max-snippet:-1","max-image-preview":"max-image-preview:large","max-video-preview":"max-video-preview:-1"},"og_locale":"de_DE","og_type":"article","og_title":"EMILE HENRY Gro\u00dfe rechteckige Bratpfanne Gran Cru - dev6 Erresse","og_description":"Mit der rechteckigen Bratpfanne von Emile Henry k\u00f6nnen Sie Lasagne, Gratins und Braten zubereiten, kochen und auf den Tisch bringen. Sie besteht aus","og_url":"https:\/\/dev6.erresse-shop.it\/de\/shop\/toepfe-pfannen\/toepfe-und-backformen\/emile-henry-grosse-rechteckige-bratpfanne-gran-cru\/","og_site_name":"dev6 Erresse","og_image":[{"url":"https:\/\/interpim.erresse-shop.it\/Import\/Prodotti\/emile-henry-pirofila-grande-rettangolare-gran-cru.jpg","type":"","width":"","height":""},{"url":"https:\/\/interpim.erresse-shop.it\/Import\/Prodotti\/emile-henry-pirofila-grande-rettangolare-gran-cru.jpg","width":1024,"height":1024,"type":"image\/jpeg"}],"twitter_card":"summary_large_image","twitter_image":"https:\/\/interpim.erresse-shop.it\/Import\/Prodotti\/emile-henry-pirofila-grande-rettangolare-gran-cru.jpg","schema":{"@context":"https:\/\/schema.org","@graph":[{"@type":"WebPage","@id":"https:\/\/dev6.erresse-shop.it\/de\/shop\/toepfe-pfannen\/toepfe-und-backformen\/emile-henry-grosse-rechteckige-bratpfanne-gran-cru\/","url":"https:\/\/dev6.erresse-shop.it\/de\/shop\/toepfe-pfannen\/toepfe-und-backformen\/emile-henry-grosse-rechteckige-bratpfanne-gran-cru\/","name":"EMILE HENRY Gro\u00dfe rechteckige Bratpfanne Gran Cru - dev6 Erresse","isPartOf":{"@id":"https:\/\/dev6.erresse-shop.it\/#website"},"primaryImageOfPage":{"@id":"https:\/\/dev6.erresse-shop.it\/de\/shop\/toepfe-pfannen\/toepfe-und-backformen\/emile-henry-grosse-rechteckige-bratpfanne-gran-cru\/#primaryimage"},"image":{"@id":"https:\/\/dev6.erresse-shop.it\/de\/shop\/toepfe-pfannen\/toepfe-und-backformen\/emile-henry-grosse-rechteckige-bratpfanne-gran-cru\/#primaryimage"},"thumbnailUrl":"https:\/\/i2.wp.com\/interpim.erresse-shop.it\/Import\/Prodotti\/emile-henry-pirofila-grande-rettangolare-gran-cru.jpg?ssl=1","datePublished":"2026-04-12T11:02:57+00:00","description":"Mit der rechteckigen Bratpfanne von Emile Henry k\u00f6nnen Sie Lasagne, Gratins und Braten zubereiten, kochen und auf den Tisch bringen. Sie besteht aus","breadcrumb":{"@id":"https:\/\/dev6.erresse-shop.it\/de\/shop\/toepfe-pfannen\/toepfe-und-backformen\/emile-henry-grosse-rechteckige-bratpfanne-gran-cru\/#breadcrumb"},"inLanguage":"de","potentialAction":[{"@type":"ReadAction","target":["https:\/\/dev6.erresse-shop.it\/de\/shop\/toepfe-pfannen\/toepfe-und-backformen\/emile-henry-grosse-rechteckige-bratpfanne-gran-cru\/"]}]},{"@type":"ImageObject","inLanguage":"de","@id":"https:\/\/dev6.erresse-shop.it\/de\/shop\/toepfe-pfannen\/toepfe-und-backformen\/emile-henry-grosse-rechteckige-bratpfanne-gran-cru\/#primaryimage","url":"https:\/\/i2.wp.com\/interpim.erresse-shop.it\/Import\/Prodotti\/emile-henry-pirofila-grande-rettangolare-gran-cru.jpg?ssl=1","contentUrl":"https:\/\/i2.wp.com\/interpim.erresse-shop.it\/Import\/Prodotti\/emile-henry-pirofila-grande-rettangolare-gran-cru.jpg?ssl=1"},{"@type":"BreadcrumbList","@id":"https:\/\/dev6.erresse-shop.it\/de\/shop\/toepfe-pfannen\/toepfe-und-backformen\/emile-henry-grosse-rechteckige-bratpfanne-gran-cru\/#breadcrumb","itemListElement":[{"@type":"ListItem","position":1,"name":"Home","item":"https:\/\/dev6.erresse-shop.it\/"},{"@type":"ListItem","position":2,"name":"Shop","item":"https:\/\/dev6.erresse-shop.it\/shop\/"},{"@type":"ListItem","position":3,"name":"EMILE HENRY Gro\u00dfe rechteckige Bratpfanne Gran Cru"}]},{"@type":"WebSite","@id":"https:\/\/dev6.erresse-shop.it\/#website","url":"https:\/\/dev6.erresse-shop.it\/","name":"Erresse Shop","description":"","publisher":{"@id":"https:\/\/dev6.erresse-shop.it\/#organization"},"potentialAction":[{"@type":"SearchAction","target":{"@type":"EntryPoint","urlTemplate":"https:\/\/dev6.erresse-shop.it\/?s={search_term_string}"},"query-input":{"@type":"PropertyValueSpecification","valueRequired":true,"valueName":"search_term_string"}}],"inLanguage":"de"},{"@type":"Organization","@id":"https:\/\/dev6.erresse-shop.it\/#organization","name":"Erresse Shop","url":"https:\/\/dev6.erresse-shop.it\/","logo":{"@type":"ImageObject","inLanguage":"de","@id":"https:\/\/dev6.erresse-shop.it\/#\/schema\/logo\/image\/","url":"https:\/\/dev6.erresse-shop.it\/wp-content\/uploads\/2025\/01\/LOGO-ERRESSE-CLASSICO.svg","contentUrl":"https:\/\/dev6.erresse-shop.it\/wp-content\/uploads\/2025\/01\/LOGO-ERRESSE-CLASSICO.svg","caption":"Erresse Shop"},"image":{"@id":"https:\/\/dev6.erresse-shop.it\/#\/schema\/logo\/image\/"}}]}},"df_price":45.95,"df_sale_price":45.95,"df_regular_price":50.5,"df_image_link":"https:\/\/i2.wp.com\/interpim.erresse-shop.it\/Import\/Prodotti\/emile-henry-pirofila-grande-rettangolare-gran-cru.jpg?resize=300,300&ssl=1","fifu_image_url":"https:\/\/interpim.erresse-shop.it\/Import\/Prodotti\/emile-henry-pirofila-grande-rettangolare-gran-cru.jpg","_links":{"self":[{"href":"https:\/\/dev6.erresse-shop.it\/de\/wp-json\/wp\/v2\/product\/52496","targetHints":{"allow":["GET"]}}],"collection":[{"href":"https:\/\/dev6.erresse-shop.it\/de\/wp-json\/wp\/v2\/product"}],"about":[{"href":"https:\/\/dev6.erresse-shop.it\/de\/wp-json\/wp\/v2\/types\/product"}],"wp:featuredmedia":[{"embeddable":true,"href":"https:\/\/dev6.erresse-shop.it\/de\/wp-json\/wp\/v2\/media\/6375764"}],"wp:attachment":[{"href":"https:\/\/dev6.erresse-shop.it\/de\/wp-json\/wp\/v2\/media?parent=52496"}],"wp:term":[{"taxonomy":"product_cat","embeddable":true,"href":"https:\/\/dev6.erresse-shop.it\/de\/wp-json\/wp\/v2\/product_cat?post=52496"},{"taxonomy":"product_tag","embeddable":true,"href":"https:\/\/dev6.erresse-shop.it\/de\/wp-json\/wp\/v2\/product_tag?post=52496"}],"curies":[{"name":"wp","href":"https:\/\/api.w.org\/{rel}","templated":true}]}}