{"id":52446,"date":"2026-04-12T09:35:04","date_gmt":"2026-04-12T07:35:04","guid":{"rendered":"https:\/\/dev6.erresse-shop.it\/shop\/unkategorisiert\/riedel-o-set-6-glaeser-cabernet-merlot\/"},"modified":"2025-09-14T01:09:50","modified_gmt":"2025-09-13T23:09:50","slug":"riedel-o-set-6-glaeser-cabernet-merlot","status":"publish","type":"product","link":"https:\/\/dev6.erresse-shop.it\/de\/shop\/tisch\/trinkglaeser\/riedel-o-set-6-glaeser-cabernet-merlot\/","title":{"rendered":"RIEDEL &#8220;O&#8221; Set 6 Gl\u00e4ser Cabernet\/Merlot"},"content":{"rendered":"<p>Das Cabernet-Glas ist perfekt f\u00fcr komplexe, k\u00f6rperreiche Rotweine mit hohem Tanningehalt.<\/p>\n<p>Die gro\u00dfz\u00fcgige Gr\u00f6\u00dfe des Glases erm\u00f6glicht es, dass sich das Bouquet voll entfalten kann und gl\u00e4ttet die rauen Kanten. Es unterstreicht den fruchtigen Charakter, indem es die Bitterkeit der Tannine mildert, und macht die Weine perfekt ausgewogen.<\/p>\n<p>Der 2004 entworfene Becher RIEDEL O war der erste weinspezifische Becher in der Geschichte. O ist eine innovative Neuinterpretation des herk\u00f6mmlichen Weinglases, das aus den unverwechselbaren Formen der RIEDEL Vinum-Serie entstanden ist. Dar\u00fcber hinaus ist das O-Glas sp\u00fclmaschinenfest: abgebrochene Stiele sind nur noch eine ferne Erinnerung.<\/p>\n<p>Maschinengefertigt und sp\u00fclmaschinengeeignet.<br \/>\nDie Packung enth\u00e4lt 6 St\u00fcck.<\/p>\n<p>Volumen: 620,0 ccm<br \/>\nH\u00f6he: 121,0 mm<\/p>\n","protected":false},"excerpt":{"rendered":"<p>Das Cabernet-Glas ist perfekt f\u00fcr komplexe, k\u00f6rperreiche Rotweine mit hohem Tanningehalt. Die gro\u00dfz\u00fcgige Gr\u00f6\u00dfe des Glases erm\u00f6glicht es, dass sich das Bouquet voll entfalten kann und gl\u00e4ttet die rauen Kanten. Es unterstreicht den fruchtigen Charakter, indem es die Bitterkeit der Tannine mildert, und macht die Weine perfekt ausgewogen. Der 2004 entworfene Becher RIEDEL O war [&hellip;]<\/p>\n","protected":false},"featured_media":6361723,"template":"","meta":{"_acf_changed":false},"product_cat":[11671,12103,12117],"product_tag":[],"class_list":{"0":"post-52446","1":"product","2":"type-product","3":"status-publish","4":"has-post-thumbnail","6":"product_cat-tavola","7":"product_cat-tisch","8":"product_cat-trinkglaeser","10":"first","11":"outofstock","12":"sale","13":"taxable","14":"shipping-taxable","15":"purchasable","16":"product-type-simple","swatches":"rey-swatches","show_selected":"","stretch_labels":"rey-swatches--stretch-labels"},"acf":[],"yoast_head":"<!-- This site is optimized with the Yoast SEO plugin v25.4 - https:\/\/yoast.com\/wordpress\/plugins\/seo\/ -->\n<title>RIEDEL &#8220;O&#8221; Set 6 Gl\u00e4ser Cabernet\/Merlot - dev6 Erresse<\/title>\n<meta name=\"description\" content=\"Das Cabernet-Glas ist perfekt f\u00fcr komplexe, k\u00f6rperreiche Rotweine mit hohem Tanningehalt. Die gro\u00dfz\u00fcgige Gr\u00f6\u00dfe des Glases erm\u00f6glicht es, dass sich das\" \/>\n<meta name=\"robots\" content=\"noindex, follow, max-snippet:-1, max-image-preview:large, max-video-preview:-1\" \/>\n<meta property=\"og:locale\" content=\"de_DE\" \/>\n<meta property=\"og:type\" content=\"article\" \/>\n<meta property=\"og:title\" content=\"RIEDEL &#8220;O&#8221; Set 6 Gl\u00e4ser Cabernet\/Merlot - dev6 Erresse\" \/>\n<meta property=\"og:description\" content=\"Das Cabernet-Glas ist perfekt f\u00fcr komplexe, k\u00f6rperreiche Rotweine mit hohem Tanningehalt. Die gro\u00dfz\u00fcgige Gr\u00f6\u00dfe des Glases erm\u00f6glicht es, dass sich das\" \/>\n<meta property=\"og:url\" content=\"https:\/\/dev6.erresse-shop.it\/de\/shop\/tisch\/trinkglaeser\/riedel-o-set-6-glaeser-cabernet-merlot\/\" \/>\n<meta property=\"og:site_name\" content=\"dev6 Erresse\" \/>\n<meta property=\"og:image\" content=\"https:\/\/interpim.erresse-shop.it\/img-catalogo\/riedel\/riedel-o-set-6-bicchieri-cabernet-merlot.jpg\" \/><meta property=\"og:image\" content=\"https:\/\/interpim.erresse-shop.it\/img-catalogo\/riedel\/riedel-o-set-6-bicchieri-cabernet-merlot.jpg\" \/>\n\t<meta property=\"og:image:width\" content=\"1024\" \/>\n\t<meta property=\"og:image:height\" content=\"1024\" \/>\n\t<meta property=\"og:image:type\" content=\"image\/jpeg\" \/>\n<meta name=\"twitter:card\" content=\"summary_large_image\" \/>\n<meta name=\"twitter:image\" content=\"https:\/\/interpim.erresse-shop.it\/img-catalogo\/riedel\/riedel-o-set-6-bicchieri-cabernet-merlot.jpg\" \/>\n<script type=\"application\/ld+json\" class=\"yoast-schema-graph\">{\"@context\":\"https:\/\/schema.org\",\"@graph\":[{\"@type\":\"WebPage\",\"@id\":\"https:\/\/dev6.erresse-shop.it\/de\/shop\/tisch\/trinkglaeser\/riedel-o-set-6-glaeser-cabernet-merlot\/\",\"url\":\"https:\/\/dev6.erresse-shop.it\/de\/shop\/tisch\/trinkglaeser\/riedel-o-set-6-glaeser-cabernet-merlot\/\",\"name\":\"RIEDEL &#8220;O&#8221; Set 6 Gl\u00e4ser Cabernet\/Merlot - dev6 Erresse\",\"isPartOf\":{\"@id\":\"https:\/\/dev6.erresse-shop.it\/#website\"},\"primaryImageOfPage\":{\"@id\":\"https:\/\/dev6.erresse-shop.it\/de\/shop\/tisch\/trinkglaeser\/riedel-o-set-6-glaeser-cabernet-merlot\/#primaryimage\"},\"image\":{\"@id\":\"https:\/\/dev6.erresse-shop.it\/de\/shop\/tisch\/trinkglaeser\/riedel-o-set-6-glaeser-cabernet-merlot\/#primaryimage\"},\"thumbnailUrl\":\"https:\/\/i0.wp.com\/interpim.erresse-shop.it\/img-catalogo\/riedel\/riedel-o-set-6-bicchieri-cabernet-merlot.jpg?ssl=1\",\"datePublished\":\"2026-04-12T07:35:04+00:00\",\"description\":\"Das Cabernet-Glas ist perfekt f\u00fcr komplexe, k\u00f6rperreiche Rotweine mit hohem Tanningehalt. Die gro\u00dfz\u00fcgige Gr\u00f6\u00dfe des Glases erm\u00f6glicht es, dass sich das\",\"breadcrumb\":{\"@id\":\"https:\/\/dev6.erresse-shop.it\/de\/shop\/tisch\/trinkglaeser\/riedel-o-set-6-glaeser-cabernet-merlot\/#breadcrumb\"},\"inLanguage\":\"de\",\"potentialAction\":[{\"@type\":\"ReadAction\",\"target\":[\"https:\/\/dev6.erresse-shop.it\/de\/shop\/tisch\/trinkglaeser\/riedel-o-set-6-glaeser-cabernet-merlot\/\"]}]},{\"@type\":\"ImageObject\",\"inLanguage\":\"de\",\"@id\":\"https:\/\/dev6.erresse-shop.it\/de\/shop\/tisch\/trinkglaeser\/riedel-o-set-6-glaeser-cabernet-merlot\/#primaryimage\",\"url\":\"https:\/\/i0.wp.com\/interpim.erresse-shop.it\/img-catalogo\/riedel\/riedel-o-set-6-bicchieri-cabernet-merlot.jpg?ssl=1\",\"contentUrl\":\"https:\/\/i0.wp.com\/interpim.erresse-shop.it\/img-catalogo\/riedel\/riedel-o-set-6-bicchieri-cabernet-merlot.jpg?ssl=1\"},{\"@type\":\"BreadcrumbList\",\"@id\":\"https:\/\/dev6.erresse-shop.it\/de\/shop\/tisch\/trinkglaeser\/riedel-o-set-6-glaeser-cabernet-merlot\/#breadcrumb\",\"itemListElement\":[{\"@type\":\"ListItem\",\"position\":1,\"name\":\"Home\",\"item\":\"https:\/\/dev6.erresse-shop.it\/\"},{\"@type\":\"ListItem\",\"position\":2,\"name\":\"Shop\",\"item\":\"https:\/\/dev6.erresse-shop.it\/shop\/\"},{\"@type\":\"ListItem\",\"position\":3,\"name\":\"RIEDEL &#8220;O&#8221; Set 6 Gl\u00e4ser Cabernet\/Merlot\"}]},{\"@type\":\"WebSite\",\"@id\":\"https:\/\/dev6.erresse-shop.it\/#website\",\"url\":\"https:\/\/dev6.erresse-shop.it\/\",\"name\":\"Erresse Shop\",\"description\":\"\",\"publisher\":{\"@id\":\"https:\/\/dev6.erresse-shop.it\/#organization\"},\"potentialAction\":[{\"@type\":\"SearchAction\",\"target\":{\"@type\":\"EntryPoint\",\"urlTemplate\":\"https:\/\/dev6.erresse-shop.it\/?s={search_term_string}\"},\"query-input\":{\"@type\":\"PropertyValueSpecification\",\"valueRequired\":true,\"valueName\":\"search_term_string\"}}],\"inLanguage\":\"de\"},{\"@type\":\"Organization\",\"@id\":\"https:\/\/dev6.erresse-shop.it\/#organization\",\"name\":\"Erresse Shop\",\"url\":\"https:\/\/dev6.erresse-shop.it\/\",\"logo\":{\"@type\":\"ImageObject\",\"inLanguage\":\"de\",\"@id\":\"https:\/\/dev6.erresse-shop.it\/#\/schema\/logo\/image\/\",\"url\":\"https:\/\/dev6.erresse-shop.it\/wp-content\/uploads\/2025\/01\/LOGO-ERRESSE-CLASSICO.svg\",\"contentUrl\":\"https:\/\/dev6.erresse-shop.it\/wp-content\/uploads\/2025\/01\/LOGO-ERRESSE-CLASSICO.svg\",\"caption\":\"Erresse Shop\"},\"image\":{\"@id\":\"https:\/\/dev6.erresse-shop.it\/#\/schema\/logo\/image\/\"}}]}<\/script>\n<!-- \/ Yoast SEO plugin. -->","yoast_head_json":{"title":"RIEDEL &#8220;O&#8221; Set 6 Gl\u00e4ser Cabernet\/Merlot - dev6 Erresse","description":"Das Cabernet-Glas ist perfekt f\u00fcr komplexe, k\u00f6rperreiche Rotweine mit hohem Tanningehalt. Die gro\u00dfz\u00fcgige Gr\u00f6\u00dfe des Glases erm\u00f6glicht es, dass sich das","robots":{"index":"noindex","follow":"follow","max-snippet":"max-snippet:-1","max-image-preview":"max-image-preview:large","max-video-preview":"max-video-preview:-1"},"og_locale":"de_DE","og_type":"article","og_title":"RIEDEL &#8220;O&#8221; Set 6 Gl\u00e4ser Cabernet\/Merlot - dev6 Erresse","og_description":"Das Cabernet-Glas ist perfekt f\u00fcr komplexe, k\u00f6rperreiche Rotweine mit hohem Tanningehalt. Die gro\u00dfz\u00fcgige Gr\u00f6\u00dfe des Glases erm\u00f6glicht es, dass sich das","og_url":"https:\/\/dev6.erresse-shop.it\/de\/shop\/tisch\/trinkglaeser\/riedel-o-set-6-glaeser-cabernet-merlot\/","og_site_name":"dev6 Erresse","og_image":[{"url":"https:\/\/interpim.erresse-shop.it\/img-catalogo\/riedel\/riedel-o-set-6-bicchieri-cabernet-merlot.jpg","type":"","width":"","height":""},{"url":"https:\/\/interpim.erresse-shop.it\/img-catalogo\/riedel\/riedel-o-set-6-bicchieri-cabernet-merlot.jpg","width":1024,"height":1024,"type":"image\/jpeg"}],"twitter_card":"summary_large_image","twitter_image":"https:\/\/interpim.erresse-shop.it\/img-catalogo\/riedel\/riedel-o-set-6-bicchieri-cabernet-merlot.jpg","schema":{"@context":"https:\/\/schema.org","@graph":[{"@type":"WebPage","@id":"https:\/\/dev6.erresse-shop.it\/de\/shop\/tisch\/trinkglaeser\/riedel-o-set-6-glaeser-cabernet-merlot\/","url":"https:\/\/dev6.erresse-shop.it\/de\/shop\/tisch\/trinkglaeser\/riedel-o-set-6-glaeser-cabernet-merlot\/","name":"RIEDEL &#8220;O&#8221; Set 6 Gl\u00e4ser Cabernet\/Merlot - dev6 Erresse","isPartOf":{"@id":"https:\/\/dev6.erresse-shop.it\/#website"},"primaryImageOfPage":{"@id":"https:\/\/dev6.erresse-shop.it\/de\/shop\/tisch\/trinkglaeser\/riedel-o-set-6-glaeser-cabernet-merlot\/#primaryimage"},"image":{"@id":"https:\/\/dev6.erresse-shop.it\/de\/shop\/tisch\/trinkglaeser\/riedel-o-set-6-glaeser-cabernet-merlot\/#primaryimage"},"thumbnailUrl":"https:\/\/i0.wp.com\/interpim.erresse-shop.it\/img-catalogo\/riedel\/riedel-o-set-6-bicchieri-cabernet-merlot.jpg?ssl=1","datePublished":"2026-04-12T07:35:04+00:00","description":"Das Cabernet-Glas ist perfekt f\u00fcr komplexe, k\u00f6rperreiche Rotweine mit hohem Tanningehalt. Die gro\u00dfz\u00fcgige Gr\u00f6\u00dfe des Glases erm\u00f6glicht es, dass sich das","breadcrumb":{"@id":"https:\/\/dev6.erresse-shop.it\/de\/shop\/tisch\/trinkglaeser\/riedel-o-set-6-glaeser-cabernet-merlot\/#breadcrumb"},"inLanguage":"de","potentialAction":[{"@type":"ReadAction","target":["https:\/\/dev6.erresse-shop.it\/de\/shop\/tisch\/trinkglaeser\/riedel-o-set-6-glaeser-cabernet-merlot\/"]}]},{"@type":"ImageObject","inLanguage":"de","@id":"https:\/\/dev6.erresse-shop.it\/de\/shop\/tisch\/trinkglaeser\/riedel-o-set-6-glaeser-cabernet-merlot\/#primaryimage","url":"https:\/\/i0.wp.com\/interpim.erresse-shop.it\/img-catalogo\/riedel\/riedel-o-set-6-bicchieri-cabernet-merlot.jpg?ssl=1","contentUrl":"https:\/\/i0.wp.com\/interpim.erresse-shop.it\/img-catalogo\/riedel\/riedel-o-set-6-bicchieri-cabernet-merlot.jpg?ssl=1"},{"@type":"BreadcrumbList","@id":"https:\/\/dev6.erresse-shop.it\/de\/shop\/tisch\/trinkglaeser\/riedel-o-set-6-glaeser-cabernet-merlot\/#breadcrumb","itemListElement":[{"@type":"ListItem","position":1,"name":"Home","item":"https:\/\/dev6.erresse-shop.it\/"},{"@type":"ListItem","position":2,"name":"Shop","item":"https:\/\/dev6.erresse-shop.it\/shop\/"},{"@type":"ListItem","position":3,"name":"RIEDEL &#8220;O&#8221; Set 6 Gl\u00e4ser Cabernet\/Merlot"}]},{"@type":"WebSite","@id":"https:\/\/dev6.erresse-shop.it\/#website","url":"https:\/\/dev6.erresse-shop.it\/","name":"Erresse Shop","description":"","publisher":{"@id":"https:\/\/dev6.erresse-shop.it\/#organization"},"potentialAction":[{"@type":"SearchAction","target":{"@type":"EntryPoint","urlTemplate":"https:\/\/dev6.erresse-shop.it\/?s={search_term_string}"},"query-input":{"@type":"PropertyValueSpecification","valueRequired":true,"valueName":"search_term_string"}}],"inLanguage":"de"},{"@type":"Organization","@id":"https:\/\/dev6.erresse-shop.it\/#organization","name":"Erresse Shop","url":"https:\/\/dev6.erresse-shop.it\/","logo":{"@type":"ImageObject","inLanguage":"de","@id":"https:\/\/dev6.erresse-shop.it\/#\/schema\/logo\/image\/","url":"https:\/\/dev6.erresse-shop.it\/wp-content\/uploads\/2025\/01\/LOGO-ERRESSE-CLASSICO.svg","contentUrl":"https:\/\/dev6.erresse-shop.it\/wp-content\/uploads\/2025\/01\/LOGO-ERRESSE-CLASSICO.svg","caption":"Erresse Shop"},"image":{"@id":"https:\/\/dev6.erresse-shop.it\/#\/schema\/logo\/image\/"}}]}},"df_price":109.95,"df_sale_price":109.95,"df_regular_price":149.4,"df_image_link":"https:\/\/i0.wp.com\/interpim.erresse-shop.it\/img-catalogo\/riedel\/riedel-o-set-6-bicchieri-cabernet-merlot.jpg?resize=300,300&ssl=1","fifu_image_url":"https:\/\/interpim.erresse-shop.it\/img-catalogo\/riedel\/riedel-o-set-6-bicchieri-cabernet-merlot.jpg","_links":{"self":[{"href":"https:\/\/dev6.erresse-shop.it\/de\/wp-json\/wp\/v2\/product\/52446","targetHints":{"allow":["GET"]}}],"collection":[{"href":"https:\/\/dev6.erresse-shop.it\/de\/wp-json\/wp\/v2\/product"}],"about":[{"href":"https:\/\/dev6.erresse-shop.it\/de\/wp-json\/wp\/v2\/types\/product"}],"wp:featuredmedia":[{"embeddable":true,"href":"https:\/\/dev6.erresse-shop.it\/de\/wp-json\/wp\/v2\/media\/6361723"}],"wp:attachment":[{"href":"https:\/\/dev6.erresse-shop.it\/de\/wp-json\/wp\/v2\/media?parent=52446"}],"wp:term":[{"taxonomy":"product_cat","embeddable":true,"href":"https:\/\/dev6.erresse-shop.it\/de\/wp-json\/wp\/v2\/product_cat?post=52446"},{"taxonomy":"product_tag","embeddable":true,"href":"https:\/\/dev6.erresse-shop.it\/de\/wp-json\/wp\/v2\/product_tag?post=52446"}],"curies":[{"name":"wp","href":"https:\/\/api.w.org\/{rel}","templated":true}]}}