{"id":52428,"date":"2026-04-12T09:35:04","date_gmt":"2026-04-12T07:35:04","guid":{"rendered":"https:\/\/dev6.erresse-shop.it\/shop\/unkategorisiert\/riedel-veritas-set-2-glaeser-sauvignon-blanc\/"},"modified":"2025-07-03T20:44:08","modified_gmt":"2025-07-03T18:44:08","slug":"riedel-veritas-set-2-glaeser-sauvignon-blanc","status":"publish","type":"product","link":"https:\/\/dev6.erresse-shop.it\/de\/shop\/tisch\/weinbar-korkenzieher-dekanter-eiskubel\/weinglaeser\/riedel-veritas-set-2-glaeser-sauvignon-blanc\/","title":{"rendered":"RIEDEL Veritas Set 2 Gl\u00e4ser Sauvignon Blanc"},"content":{"rendered":"<p>Die revolution\u00e4re RIEDEL Veritas Serie deb\u00fctierte 2014 und setzte einmal mehr den Standard in der Glasproduktion. Georg J. Riedel, der der zehnten Generation der Familie angeh\u00f6rt, beauftragte die weltweit anerkannten Experten der Marke, eine Serie zu kreieren, die in ihrer Erscheinung atemberaubend, in der Handhabung angenehm und im Preis wettbewerbsf\u00e4hig sein sollte. Sie haben die Aufgabe mit Bravour gel\u00f6st und eine Weinglas-Kollektion f\u00fcr das 21. Jahrhundert geschaffen.<\/p>\n<p>Das Sauvignon Blanc Glas eignet sich perfekt f\u00fcr jeden Stil der Rebsorte, vom in Eiche gereiften Bordeaux bis zu den fruchtigen, grasigen Explosionen von Marlborough.<\/p>\n<p>Anl\u00e4sslich des 20-j\u00e4hrigen Jubil\u00e4ums des ersten Sauvignon Blanc-Glases hat RIEDEL eine neue Form f\u00fcr diesen Wei\u00dfwein entwickelt. In Zusammenarbeit mit verschiedenen Weinregionen wurde ein Glas kreiert, das dem sich entwickelnden Stil der Sorte in der Neuen Welt entspricht und ein Gleichgewicht zwischen fruchtigen Noten, Frische und Mineralit\u00e4t schafft.<\/p>\n<p>Auch f\u00fcr Dessertweine empfohlen.<\/p>\n<p>Maschinengefertigt und sp\u00fclmaschinenfest.<br \/>\nDie Packung enth\u00e4lt 2 St\u00fcck.<\/p>\n<p>Fassungsverm\u00f6gen: 440,0 ccm<br \/>\nH\u00f6he: 235,0 mm<\/p>\n","protected":false},"excerpt":{"rendered":"<p>Die revolution\u00e4re RIEDEL Veritas Serie deb\u00fctierte 2014 und setzte einmal mehr den Standard in der Glasproduktion. Georg J. Riedel, der der zehnten Generation der Familie angeh\u00f6rt, beauftragte die weltweit anerkannten Experten der Marke, eine Serie zu kreieren, die in ihrer Erscheinung atemberaubend, in der Handhabung angenehm und im Preis wettbewerbsf\u00e4hig sein sollte. Sie haben die [&hellip;]<\/p>\n","protected":false},"featured_media":6361590,"template":"","meta":{"_acf_changed":false},"product_cat":[12177,12186],"product_tag":[],"class_list":{"0":"post-52428","1":"product","2":"type-product","3":"status-publish","4":"has-post-thumbnail","6":"product_cat-weinbar-korkenzieher-dekanter-eiskubel","7":"product_cat-weinglaeser","9":"first","10":"outofstock","11":"sale","12":"taxable","13":"shipping-taxable","14":"purchasable","15":"product-type-simple","swatches":"rey-swatches","show_selected":"","stretch_labels":"rey-swatches--stretch-labels"},"acf":[],"yoast_head":"<!-- This site is optimized with the Yoast SEO plugin v25.4 - https:\/\/yoast.com\/wordpress\/plugins\/seo\/ -->\n<title>RIEDEL Veritas Set 2 Gl\u00e4ser Sauvignon Blanc - dev6 Erresse<\/title>\n<meta name=\"description\" content=\"Die revolution\u00e4re RIEDEL Veritas Serie deb\u00fctierte 2014 und setzte einmal mehr den Standard in der Glasproduktion. Georg J. Riedel, der der zehnten\" \/>\n<meta name=\"robots\" content=\"noindex, follow, max-snippet:-1, max-image-preview:large, max-video-preview:-1\" \/>\n<meta property=\"og:locale\" content=\"de_DE\" \/>\n<meta property=\"og:type\" content=\"article\" \/>\n<meta property=\"og:title\" content=\"RIEDEL Veritas Set 2 Gl\u00e4ser Sauvignon Blanc - dev6 Erresse\" \/>\n<meta property=\"og:description\" content=\"Die revolution\u00e4re RIEDEL Veritas Serie deb\u00fctierte 2014 und setzte einmal mehr den Standard in der Glasproduktion. Georg J. Riedel, der der zehnten\" \/>\n<meta property=\"og:url\" content=\"https:\/\/dev6.erresse-shop.it\/de\/shop\/tisch\/weinbar-korkenzieher-dekanter-eiskubel\/weinglaeser\/riedel-veritas-set-2-glaeser-sauvignon-blanc\/\" \/>\n<meta property=\"og:site_name\" content=\"dev6 Erresse\" \/>\n<meta property=\"og:image\" content=\"https:\/\/interpim.erresse-shop.it\/img-catalogo\/riedel\/riedel-veritas-set-2-calici-sauvignon-blanc.jpg\" \/><meta property=\"og:image\" content=\"https:\/\/interpim.erresse-shop.it\/img-catalogo\/riedel\/riedel-veritas-set-2-calici-sauvignon-blanc.jpg\" \/>\n\t<meta property=\"og:image:width\" content=\"1024\" \/>\n\t<meta property=\"og:image:height\" content=\"1024\" \/>\n\t<meta property=\"og:image:type\" content=\"image\/jpeg\" \/>\n<meta name=\"twitter:card\" content=\"summary_large_image\" \/>\n<meta name=\"twitter:image\" content=\"https:\/\/interpim.erresse-shop.it\/img-catalogo\/riedel\/riedel-veritas-set-2-calici-sauvignon-blanc.jpg\" \/>\n<script type=\"application\/ld+json\" class=\"yoast-schema-graph\">{\"@context\":\"https:\/\/schema.org\",\"@graph\":[{\"@type\":\"WebPage\",\"@id\":\"https:\/\/dev6.erresse-shop.it\/de\/shop\/tisch\/weinbar-korkenzieher-dekanter-eiskubel\/weinglaeser\/riedel-veritas-set-2-glaeser-sauvignon-blanc\/\",\"url\":\"https:\/\/dev6.erresse-shop.it\/de\/shop\/tisch\/weinbar-korkenzieher-dekanter-eiskubel\/weinglaeser\/riedel-veritas-set-2-glaeser-sauvignon-blanc\/\",\"name\":\"RIEDEL Veritas Set 2 Gl\u00e4ser Sauvignon Blanc - dev6 Erresse\",\"isPartOf\":{\"@id\":\"https:\/\/dev6.erresse-shop.it\/#website\"},\"primaryImageOfPage\":{\"@id\":\"https:\/\/dev6.erresse-shop.it\/de\/shop\/tisch\/weinbar-korkenzieher-dekanter-eiskubel\/weinglaeser\/riedel-veritas-set-2-glaeser-sauvignon-blanc\/#primaryimage\"},\"image\":{\"@id\":\"https:\/\/dev6.erresse-shop.it\/de\/shop\/tisch\/weinbar-korkenzieher-dekanter-eiskubel\/weinglaeser\/riedel-veritas-set-2-glaeser-sauvignon-blanc\/#primaryimage\"},\"thumbnailUrl\":\"https:\/\/i3.wp.com\/interpim.erresse-shop.it\/img-catalogo\/riedel\/riedel-veritas-set-2-calici-sauvignon-blanc.jpg?ssl=1\",\"datePublished\":\"2026-04-12T07:35:04+00:00\",\"description\":\"Die revolution\u00e4re RIEDEL Veritas Serie deb\u00fctierte 2014 und setzte einmal mehr den Standard in der Glasproduktion. Georg J. Riedel, der der zehnten\",\"breadcrumb\":{\"@id\":\"https:\/\/dev6.erresse-shop.it\/de\/shop\/tisch\/weinbar-korkenzieher-dekanter-eiskubel\/weinglaeser\/riedel-veritas-set-2-glaeser-sauvignon-blanc\/#breadcrumb\"},\"inLanguage\":\"de\",\"potentialAction\":[{\"@type\":\"ReadAction\",\"target\":[\"https:\/\/dev6.erresse-shop.it\/de\/shop\/tisch\/weinbar-korkenzieher-dekanter-eiskubel\/weinglaeser\/riedel-veritas-set-2-glaeser-sauvignon-blanc\/\"]}]},{\"@type\":\"ImageObject\",\"inLanguage\":\"de\",\"@id\":\"https:\/\/dev6.erresse-shop.it\/de\/shop\/tisch\/weinbar-korkenzieher-dekanter-eiskubel\/weinglaeser\/riedel-veritas-set-2-glaeser-sauvignon-blanc\/#primaryimage\",\"url\":\"https:\/\/i3.wp.com\/interpim.erresse-shop.it\/img-catalogo\/riedel\/riedel-veritas-set-2-calici-sauvignon-blanc.jpg?ssl=1\",\"contentUrl\":\"https:\/\/i3.wp.com\/interpim.erresse-shop.it\/img-catalogo\/riedel\/riedel-veritas-set-2-calici-sauvignon-blanc.jpg?ssl=1\"},{\"@type\":\"BreadcrumbList\",\"@id\":\"https:\/\/dev6.erresse-shop.it\/de\/shop\/tisch\/weinbar-korkenzieher-dekanter-eiskubel\/weinglaeser\/riedel-veritas-set-2-glaeser-sauvignon-blanc\/#breadcrumb\",\"itemListElement\":[{\"@type\":\"ListItem\",\"position\":1,\"name\":\"Home\",\"item\":\"https:\/\/dev6.erresse-shop.it\/\"},{\"@type\":\"ListItem\",\"position\":2,\"name\":\"Shop\",\"item\":\"https:\/\/dev6.erresse-shop.it\/shop\/\"},{\"@type\":\"ListItem\",\"position\":3,\"name\":\"RIEDEL Veritas Set 2 Gl\u00e4ser Sauvignon Blanc\"}]},{\"@type\":\"WebSite\",\"@id\":\"https:\/\/dev6.erresse-shop.it\/#website\",\"url\":\"https:\/\/dev6.erresse-shop.it\/\",\"name\":\"Erresse Shop\",\"description\":\"\",\"publisher\":{\"@id\":\"https:\/\/dev6.erresse-shop.it\/#organization\"},\"potentialAction\":[{\"@type\":\"SearchAction\",\"target\":{\"@type\":\"EntryPoint\",\"urlTemplate\":\"https:\/\/dev6.erresse-shop.it\/?s={search_term_string}\"},\"query-input\":{\"@type\":\"PropertyValueSpecification\",\"valueRequired\":true,\"valueName\":\"search_term_string\"}}],\"inLanguage\":\"de\"},{\"@type\":\"Organization\",\"@id\":\"https:\/\/dev6.erresse-shop.it\/#organization\",\"name\":\"Erresse Shop\",\"url\":\"https:\/\/dev6.erresse-shop.it\/\",\"logo\":{\"@type\":\"ImageObject\",\"inLanguage\":\"de\",\"@id\":\"https:\/\/dev6.erresse-shop.it\/#\/schema\/logo\/image\/\",\"url\":\"https:\/\/dev6.erresse-shop.it\/wp-content\/uploads\/2025\/01\/LOGO-ERRESSE-CLASSICO.svg\",\"contentUrl\":\"https:\/\/dev6.erresse-shop.it\/wp-content\/uploads\/2025\/01\/LOGO-ERRESSE-CLASSICO.svg\",\"caption\":\"Erresse Shop\"},\"image\":{\"@id\":\"https:\/\/dev6.erresse-shop.it\/#\/schema\/logo\/image\/\"}}]}<\/script>\n<!-- \/ Yoast SEO plugin. -->","yoast_head_json":{"title":"RIEDEL Veritas Set 2 Gl\u00e4ser Sauvignon Blanc - dev6 Erresse","description":"Die revolution\u00e4re RIEDEL Veritas Serie deb\u00fctierte 2014 und setzte einmal mehr den Standard in der Glasproduktion. Georg J. Riedel, der der zehnten","robots":{"index":"noindex","follow":"follow","max-snippet":"max-snippet:-1","max-image-preview":"max-image-preview:large","max-video-preview":"max-video-preview:-1"},"og_locale":"de_DE","og_type":"article","og_title":"RIEDEL Veritas Set 2 Gl\u00e4ser Sauvignon Blanc - dev6 Erresse","og_description":"Die revolution\u00e4re RIEDEL Veritas Serie deb\u00fctierte 2014 und setzte einmal mehr den Standard in der Glasproduktion. Georg J. Riedel, der der zehnten","og_url":"https:\/\/dev6.erresse-shop.it\/de\/shop\/tisch\/weinbar-korkenzieher-dekanter-eiskubel\/weinglaeser\/riedel-veritas-set-2-glaeser-sauvignon-blanc\/","og_site_name":"dev6 Erresse","og_image":[{"url":"https:\/\/interpim.erresse-shop.it\/img-catalogo\/riedel\/riedel-veritas-set-2-calici-sauvignon-blanc.jpg","type":"","width":"","height":""},{"url":"https:\/\/interpim.erresse-shop.it\/img-catalogo\/riedel\/riedel-veritas-set-2-calici-sauvignon-blanc.jpg","width":1024,"height":1024,"type":"image\/jpeg"}],"twitter_card":"summary_large_image","twitter_image":"https:\/\/interpim.erresse-shop.it\/img-catalogo\/riedel\/riedel-veritas-set-2-calici-sauvignon-blanc.jpg","schema":{"@context":"https:\/\/schema.org","@graph":[{"@type":"WebPage","@id":"https:\/\/dev6.erresse-shop.it\/de\/shop\/tisch\/weinbar-korkenzieher-dekanter-eiskubel\/weinglaeser\/riedel-veritas-set-2-glaeser-sauvignon-blanc\/","url":"https:\/\/dev6.erresse-shop.it\/de\/shop\/tisch\/weinbar-korkenzieher-dekanter-eiskubel\/weinglaeser\/riedel-veritas-set-2-glaeser-sauvignon-blanc\/","name":"RIEDEL Veritas Set 2 Gl\u00e4ser Sauvignon Blanc - dev6 Erresse","isPartOf":{"@id":"https:\/\/dev6.erresse-shop.it\/#website"},"primaryImageOfPage":{"@id":"https:\/\/dev6.erresse-shop.it\/de\/shop\/tisch\/weinbar-korkenzieher-dekanter-eiskubel\/weinglaeser\/riedel-veritas-set-2-glaeser-sauvignon-blanc\/#primaryimage"},"image":{"@id":"https:\/\/dev6.erresse-shop.it\/de\/shop\/tisch\/weinbar-korkenzieher-dekanter-eiskubel\/weinglaeser\/riedel-veritas-set-2-glaeser-sauvignon-blanc\/#primaryimage"},"thumbnailUrl":"https:\/\/i3.wp.com\/interpim.erresse-shop.it\/img-catalogo\/riedel\/riedel-veritas-set-2-calici-sauvignon-blanc.jpg?ssl=1","datePublished":"2026-04-12T07:35:04+00:00","description":"Die revolution\u00e4re RIEDEL Veritas Serie deb\u00fctierte 2014 und setzte einmal mehr den Standard in der Glasproduktion. Georg J. Riedel, der der zehnten","breadcrumb":{"@id":"https:\/\/dev6.erresse-shop.it\/de\/shop\/tisch\/weinbar-korkenzieher-dekanter-eiskubel\/weinglaeser\/riedel-veritas-set-2-glaeser-sauvignon-blanc\/#breadcrumb"},"inLanguage":"de","potentialAction":[{"@type":"ReadAction","target":["https:\/\/dev6.erresse-shop.it\/de\/shop\/tisch\/weinbar-korkenzieher-dekanter-eiskubel\/weinglaeser\/riedel-veritas-set-2-glaeser-sauvignon-blanc\/"]}]},{"@type":"ImageObject","inLanguage":"de","@id":"https:\/\/dev6.erresse-shop.it\/de\/shop\/tisch\/weinbar-korkenzieher-dekanter-eiskubel\/weinglaeser\/riedel-veritas-set-2-glaeser-sauvignon-blanc\/#primaryimage","url":"https:\/\/i3.wp.com\/interpim.erresse-shop.it\/img-catalogo\/riedel\/riedel-veritas-set-2-calici-sauvignon-blanc.jpg?ssl=1","contentUrl":"https:\/\/i3.wp.com\/interpim.erresse-shop.it\/img-catalogo\/riedel\/riedel-veritas-set-2-calici-sauvignon-blanc.jpg?ssl=1"},{"@type":"BreadcrumbList","@id":"https:\/\/dev6.erresse-shop.it\/de\/shop\/tisch\/weinbar-korkenzieher-dekanter-eiskubel\/weinglaeser\/riedel-veritas-set-2-glaeser-sauvignon-blanc\/#breadcrumb","itemListElement":[{"@type":"ListItem","position":1,"name":"Home","item":"https:\/\/dev6.erresse-shop.it\/"},{"@type":"ListItem","position":2,"name":"Shop","item":"https:\/\/dev6.erresse-shop.it\/shop\/"},{"@type":"ListItem","position":3,"name":"RIEDEL Veritas Set 2 Gl\u00e4ser Sauvignon Blanc"}]},{"@type":"WebSite","@id":"https:\/\/dev6.erresse-shop.it\/#website","url":"https:\/\/dev6.erresse-shop.it\/","name":"Erresse Shop","description":"","publisher":{"@id":"https:\/\/dev6.erresse-shop.it\/#organization"},"potentialAction":[{"@type":"SearchAction","target":{"@type":"EntryPoint","urlTemplate":"https:\/\/dev6.erresse-shop.it\/?s={search_term_string}"},"query-input":{"@type":"PropertyValueSpecification","valueRequired":true,"valueName":"search_term_string"}}],"inLanguage":"de"},{"@type":"Organization","@id":"https:\/\/dev6.erresse-shop.it\/#organization","name":"Erresse Shop","url":"https:\/\/dev6.erresse-shop.it\/","logo":{"@type":"ImageObject","inLanguage":"de","@id":"https:\/\/dev6.erresse-shop.it\/#\/schema\/logo\/image\/","url":"https:\/\/dev6.erresse-shop.it\/wp-content\/uploads\/2025\/01\/LOGO-ERRESSE-CLASSICO.svg","contentUrl":"https:\/\/dev6.erresse-shop.it\/wp-content\/uploads\/2025\/01\/LOGO-ERRESSE-CLASSICO.svg","caption":"Erresse Shop"},"image":{"@id":"https:\/\/dev6.erresse-shop.it\/#\/schema\/logo\/image\/"}}]}},"df_price":54.95,"df_sale_price":54.95,"df_regular_price":59,"df_image_link":"https:\/\/i3.wp.com\/interpim.erresse-shop.it\/img-catalogo\/riedel\/riedel-veritas-set-2-calici-sauvignon-blanc.jpg?resize=300,300&ssl=1","fifu_image_url":"https:\/\/interpim.erresse-shop.it\/img-catalogo\/riedel\/riedel-veritas-set-2-calici-sauvignon-blanc.jpg","_links":{"self":[{"href":"https:\/\/dev6.erresse-shop.it\/de\/wp-json\/wp\/v2\/product\/52428","targetHints":{"allow":["GET"]}}],"collection":[{"href":"https:\/\/dev6.erresse-shop.it\/de\/wp-json\/wp\/v2\/product"}],"about":[{"href":"https:\/\/dev6.erresse-shop.it\/de\/wp-json\/wp\/v2\/types\/product"}],"wp:featuredmedia":[{"embeddable":true,"href":"https:\/\/dev6.erresse-shop.it\/de\/wp-json\/wp\/v2\/media\/6361590"}],"wp:attachment":[{"href":"https:\/\/dev6.erresse-shop.it\/de\/wp-json\/wp\/v2\/media?parent=52428"}],"wp:term":[{"taxonomy":"product_cat","embeddable":true,"href":"https:\/\/dev6.erresse-shop.it\/de\/wp-json\/wp\/v2\/product_cat?post=52428"},{"taxonomy":"product_tag","embeddable":true,"href":"https:\/\/dev6.erresse-shop.it\/de\/wp-json\/wp\/v2\/product_tag?post=52428"}],"curies":[{"name":"wp","href":"https:\/\/api.w.org\/{rel}","templated":true}]}}