{"id":52402,"date":"2026-04-12T09:33:33","date_gmt":"2026-04-12T07:33:33","guid":{"rendered":"https:\/\/dev6.erresse-shop.it\/shop\/unkategorisiert\/riedel-black-tie-dekanter\/"},"modified":"2025-09-14T01:09:12","modified_gmt":"2025-09-13T23:09:12","slug":"riedel-black-tie-dekanter","status":"publish","type":"product","link":"https:\/\/dev6.erresse-shop.it\/de\/shop\/tisch\/weinbar-korkenzieher-dekanter-eiskubel\/dekanter\/riedel-black-tie-dekanter\/","title":{"rendered":"RIEDEL Black Tie Dekanter"},"content":{"rendered":"<p>RIEDEL bietet eine gro\u00dfe Auswahl an eleganten Dekantern aus mundgeblasenem Glas, die zu jedem Lebensstil passen. Ein Dekanter ist ein Muss f\u00fcr jeden Weinliebhaber, und alle RIEDEL Dekanter sind aus feinem Kristallglas gefertigt, um Qualit\u00e4tsweinen die Behandlung zukommen zu lassen, die sie verdienen. Alte und junge Weine k\u00f6nnen vom Dekantieren profitieren, sei es, um Bodensatz zu entfernen oder um sie weicher und runder zu machen.<\/p>\n<p>Der Dekanter Black Tie von RIEDEL ist ein klassischer, geschwungener Dekanter, der f\u00fcr die Weinverkostung unerl\u00e4sslich ist und das Dekantieren zu einem Vergn\u00fcgen macht.<\/p>\n<p>Der Dekanter Black Tie besteht aus mundgeblasenem Glas, das von RIEDEL-Experten ohne Gussformen geformt wird, weshalb jedes St\u00fcck ein Unikat ist. Er ist mit einem schwarzen Streifen versehen, der durch das Einsetzen eines schwarzen Kristallstabs in das geschmolzene Glas vor dem endg\u00fcltigen Gie\u00dfen entsteht.<\/p>\n<p>Der Wein wird dekantiert, indem man ihn durch die gr\u00f6\u00dfere \u00d6ffnung ein- und ausgie\u00dft, w\u00e4hrend die kleinere \u00d6ffnung rein \u00e4sthetischen Zwecken dient.<\/p>\n<p>Handgefertigt. Ausschlie\u00dflich von Hand gewaschen.<\/p>\n<p>Unsere Glasmachermeister fertigen jedes St\u00fcck in Handarbeit an, so dass jedes St\u00fcck einen einzigartigen Charakter besitzt. Aufgrund der Art des Herstellungsprozesses kann es zu kleinen Unterschieden in Gr\u00f6\u00dfe und Gewicht jedes St\u00fccks, zu Blasen, Unvollkommenheiten oder leichten Abweichungen auf der Oberfl\u00e4che kommen.<\/p>\n<p>Volumen: 1955,0 ccm<br \/>\nH\u00f6he: 420,0 mm<\/p>\n","protected":false},"excerpt":{"rendered":"<p>RIEDEL bietet eine gro\u00dfe Auswahl an eleganten Dekantern aus mundgeblasenem Glas, die zu jedem Lebensstil passen. Ein Dekanter ist ein Muss f\u00fcr jeden Weinliebhaber, und alle RIEDEL Dekanter sind aus feinem Kristallglas gefertigt, um Qualit\u00e4tsweinen die Behandlung zukommen zu lassen, die sie verdienen. Alte und junge Weine k\u00f6nnen vom Dekantieren profitieren, sei es, um Bodensatz [&hellip;]<\/p>\n","protected":false},"featured_media":6361456,"template":"","meta":{"_acf_changed":false},"product_cat":[12191,12103,12177],"product_tag":[],"class_list":{"0":"post-52402","1":"product","2":"type-product","3":"status-publish","4":"has-post-thumbnail","6":"product_cat-dekanter","7":"product_cat-tisch","8":"product_cat-weinbar-korkenzieher-dekanter-eiskubel","10":"first","11":"outofstock","12":"sale","13":"taxable","14":"shipping-taxable","15":"purchasable","16":"product-type-simple","swatches":"rey-swatches","show_selected":"","stretch_labels":"rey-swatches--stretch-labels"},"acf":[],"yoast_head":"<!-- This site is optimized with the Yoast SEO plugin v25.4 - https:\/\/yoast.com\/wordpress\/plugins\/seo\/ -->\n<title>RIEDEL Black Tie Dekanter - dev6 Erresse<\/title>\n<meta name=\"description\" content=\"RIEDEL bietet eine gro\u00dfe Auswahl an eleganten Dekantern aus mundgeblasenem Glas, die zu jedem Lebensstil passen. Ein Dekanter ist ein Muss f\u00fcr jeden\" \/>\n<meta name=\"robots\" content=\"noindex, follow, max-snippet:-1, max-image-preview:large, max-video-preview:-1\" \/>\n<meta property=\"og:locale\" content=\"de_DE\" \/>\n<meta property=\"og:type\" content=\"article\" \/>\n<meta property=\"og:title\" content=\"RIEDEL Black Tie Dekanter - dev6 Erresse\" \/>\n<meta property=\"og:description\" content=\"RIEDEL bietet eine gro\u00dfe Auswahl an eleganten Dekantern aus mundgeblasenem Glas, die zu jedem Lebensstil passen. Ein Dekanter ist ein Muss f\u00fcr jeden\" \/>\n<meta property=\"og:url\" content=\"https:\/\/dev6.erresse-shop.it\/de\/shop\/tisch\/weinbar-korkenzieher-dekanter-eiskubel\/dekanter\/riedel-black-tie-dekanter\/\" \/>\n<meta property=\"og:site_name\" content=\"dev6 Erresse\" \/>\n<meta property=\"og:image\" content=\"https:\/\/interpim.erresse-shop.it\/Import\/Prodotti\/riedel-black-tie-decanter.jpg\" \/><meta property=\"og:image\" content=\"https:\/\/interpim.erresse-shop.it\/Import\/Prodotti\/riedel-black-tie-decanter.jpg\" \/>\n\t<meta property=\"og:image:width\" content=\"1024\" \/>\n\t<meta property=\"og:image:height\" content=\"1024\" \/>\n\t<meta property=\"og:image:type\" content=\"image\/jpeg\" \/>\n<meta name=\"twitter:card\" content=\"summary_large_image\" \/>\n<meta name=\"twitter:image\" content=\"https:\/\/interpim.erresse-shop.it\/Import\/Prodotti\/riedel-black-tie-decanter.jpg\" \/>\n<script type=\"application\/ld+json\" class=\"yoast-schema-graph\">{\"@context\":\"https:\/\/schema.org\",\"@graph\":[{\"@type\":\"WebPage\",\"@id\":\"https:\/\/dev6.erresse-shop.it\/de\/shop\/tisch\/weinbar-korkenzieher-dekanter-eiskubel\/dekanter\/riedel-black-tie-dekanter\/\",\"url\":\"https:\/\/dev6.erresse-shop.it\/de\/shop\/tisch\/weinbar-korkenzieher-dekanter-eiskubel\/dekanter\/riedel-black-tie-dekanter\/\",\"name\":\"RIEDEL Black Tie Dekanter - dev6 Erresse\",\"isPartOf\":{\"@id\":\"https:\/\/dev6.erresse-shop.it\/#website\"},\"primaryImageOfPage\":{\"@id\":\"https:\/\/dev6.erresse-shop.it\/de\/shop\/tisch\/weinbar-korkenzieher-dekanter-eiskubel\/dekanter\/riedel-black-tie-dekanter\/#primaryimage\"},\"image\":{\"@id\":\"https:\/\/dev6.erresse-shop.it\/de\/shop\/tisch\/weinbar-korkenzieher-dekanter-eiskubel\/dekanter\/riedel-black-tie-dekanter\/#primaryimage\"},\"thumbnailUrl\":\"https:\/\/i1.wp.com\/interpim.erresse-shop.it\/Import\/Prodotti\/riedel-black-tie-decanter.jpg?ssl=1\",\"datePublished\":\"2026-04-12T07:33:33+00:00\",\"description\":\"RIEDEL bietet eine gro\u00dfe Auswahl an eleganten Dekantern aus mundgeblasenem Glas, die zu jedem Lebensstil passen. Ein Dekanter ist ein Muss f\u00fcr jeden\",\"breadcrumb\":{\"@id\":\"https:\/\/dev6.erresse-shop.it\/de\/shop\/tisch\/weinbar-korkenzieher-dekanter-eiskubel\/dekanter\/riedel-black-tie-dekanter\/#breadcrumb\"},\"inLanguage\":\"de\",\"potentialAction\":[{\"@type\":\"ReadAction\",\"target\":[\"https:\/\/dev6.erresse-shop.it\/de\/shop\/tisch\/weinbar-korkenzieher-dekanter-eiskubel\/dekanter\/riedel-black-tie-dekanter\/\"]}]},{\"@type\":\"ImageObject\",\"inLanguage\":\"de\",\"@id\":\"https:\/\/dev6.erresse-shop.it\/de\/shop\/tisch\/weinbar-korkenzieher-dekanter-eiskubel\/dekanter\/riedel-black-tie-dekanter\/#primaryimage\",\"url\":\"https:\/\/i1.wp.com\/interpim.erresse-shop.it\/Import\/Prodotti\/riedel-black-tie-decanter.jpg?ssl=1\",\"contentUrl\":\"https:\/\/i1.wp.com\/interpim.erresse-shop.it\/Import\/Prodotti\/riedel-black-tie-decanter.jpg?ssl=1\"},{\"@type\":\"BreadcrumbList\",\"@id\":\"https:\/\/dev6.erresse-shop.it\/de\/shop\/tisch\/weinbar-korkenzieher-dekanter-eiskubel\/dekanter\/riedel-black-tie-dekanter\/#breadcrumb\",\"itemListElement\":[{\"@type\":\"ListItem\",\"position\":1,\"name\":\"Home\",\"item\":\"https:\/\/dev6.erresse-shop.it\/\"},{\"@type\":\"ListItem\",\"position\":2,\"name\":\"Shop\",\"item\":\"https:\/\/dev6.erresse-shop.it\/shop\/\"},{\"@type\":\"ListItem\",\"position\":3,\"name\":\"RIEDEL Black Tie Dekanter\"}]},{\"@type\":\"WebSite\",\"@id\":\"https:\/\/dev6.erresse-shop.it\/#website\",\"url\":\"https:\/\/dev6.erresse-shop.it\/\",\"name\":\"Erresse Shop\",\"description\":\"\",\"publisher\":{\"@id\":\"https:\/\/dev6.erresse-shop.it\/#organization\"},\"potentialAction\":[{\"@type\":\"SearchAction\",\"target\":{\"@type\":\"EntryPoint\",\"urlTemplate\":\"https:\/\/dev6.erresse-shop.it\/?s={search_term_string}\"},\"query-input\":{\"@type\":\"PropertyValueSpecification\",\"valueRequired\":true,\"valueName\":\"search_term_string\"}}],\"inLanguage\":\"de\"},{\"@type\":\"Organization\",\"@id\":\"https:\/\/dev6.erresse-shop.it\/#organization\",\"name\":\"Erresse Shop\",\"url\":\"https:\/\/dev6.erresse-shop.it\/\",\"logo\":{\"@type\":\"ImageObject\",\"inLanguage\":\"de\",\"@id\":\"https:\/\/dev6.erresse-shop.it\/#\/schema\/logo\/image\/\",\"url\":\"https:\/\/dev6.erresse-shop.it\/wp-content\/uploads\/2025\/01\/LOGO-ERRESSE-CLASSICO.svg\",\"contentUrl\":\"https:\/\/dev6.erresse-shop.it\/wp-content\/uploads\/2025\/01\/LOGO-ERRESSE-CLASSICO.svg\",\"caption\":\"Erresse Shop\"},\"image\":{\"@id\":\"https:\/\/dev6.erresse-shop.it\/#\/schema\/logo\/image\/\"}}]}<\/script>\n<!-- \/ Yoast SEO plugin. -->","yoast_head_json":{"title":"RIEDEL Black Tie Dekanter - dev6 Erresse","description":"RIEDEL bietet eine gro\u00dfe Auswahl an eleganten Dekantern aus mundgeblasenem Glas, die zu jedem Lebensstil passen. Ein Dekanter ist ein Muss f\u00fcr jeden","robots":{"index":"noindex","follow":"follow","max-snippet":"max-snippet:-1","max-image-preview":"max-image-preview:large","max-video-preview":"max-video-preview:-1"},"og_locale":"de_DE","og_type":"article","og_title":"RIEDEL Black Tie Dekanter - dev6 Erresse","og_description":"RIEDEL bietet eine gro\u00dfe Auswahl an eleganten Dekantern aus mundgeblasenem Glas, die zu jedem Lebensstil passen. Ein Dekanter ist ein Muss f\u00fcr jeden","og_url":"https:\/\/dev6.erresse-shop.it\/de\/shop\/tisch\/weinbar-korkenzieher-dekanter-eiskubel\/dekanter\/riedel-black-tie-dekanter\/","og_site_name":"dev6 Erresse","og_image":[{"url":"https:\/\/interpim.erresse-shop.it\/Import\/Prodotti\/riedel-black-tie-decanter.jpg","type":"","width":"","height":""},{"url":"https:\/\/interpim.erresse-shop.it\/Import\/Prodotti\/riedel-black-tie-decanter.jpg","width":1024,"height":1024,"type":"image\/jpeg"}],"twitter_card":"summary_large_image","twitter_image":"https:\/\/interpim.erresse-shop.it\/Import\/Prodotti\/riedel-black-tie-decanter.jpg","schema":{"@context":"https:\/\/schema.org","@graph":[{"@type":"WebPage","@id":"https:\/\/dev6.erresse-shop.it\/de\/shop\/tisch\/weinbar-korkenzieher-dekanter-eiskubel\/dekanter\/riedel-black-tie-dekanter\/","url":"https:\/\/dev6.erresse-shop.it\/de\/shop\/tisch\/weinbar-korkenzieher-dekanter-eiskubel\/dekanter\/riedel-black-tie-dekanter\/","name":"RIEDEL Black Tie Dekanter - dev6 Erresse","isPartOf":{"@id":"https:\/\/dev6.erresse-shop.it\/#website"},"primaryImageOfPage":{"@id":"https:\/\/dev6.erresse-shop.it\/de\/shop\/tisch\/weinbar-korkenzieher-dekanter-eiskubel\/dekanter\/riedel-black-tie-dekanter\/#primaryimage"},"image":{"@id":"https:\/\/dev6.erresse-shop.it\/de\/shop\/tisch\/weinbar-korkenzieher-dekanter-eiskubel\/dekanter\/riedel-black-tie-dekanter\/#primaryimage"},"thumbnailUrl":"https:\/\/i1.wp.com\/interpim.erresse-shop.it\/Import\/Prodotti\/riedel-black-tie-decanter.jpg?ssl=1","datePublished":"2026-04-12T07:33:33+00:00","description":"RIEDEL bietet eine gro\u00dfe Auswahl an eleganten Dekantern aus mundgeblasenem Glas, die zu jedem Lebensstil passen. Ein Dekanter ist ein Muss f\u00fcr jeden","breadcrumb":{"@id":"https:\/\/dev6.erresse-shop.it\/de\/shop\/tisch\/weinbar-korkenzieher-dekanter-eiskubel\/dekanter\/riedel-black-tie-dekanter\/#breadcrumb"},"inLanguage":"de","potentialAction":[{"@type":"ReadAction","target":["https:\/\/dev6.erresse-shop.it\/de\/shop\/tisch\/weinbar-korkenzieher-dekanter-eiskubel\/dekanter\/riedel-black-tie-dekanter\/"]}]},{"@type":"ImageObject","inLanguage":"de","@id":"https:\/\/dev6.erresse-shop.it\/de\/shop\/tisch\/weinbar-korkenzieher-dekanter-eiskubel\/dekanter\/riedel-black-tie-dekanter\/#primaryimage","url":"https:\/\/i1.wp.com\/interpim.erresse-shop.it\/Import\/Prodotti\/riedel-black-tie-decanter.jpg?ssl=1","contentUrl":"https:\/\/i1.wp.com\/interpim.erresse-shop.it\/Import\/Prodotti\/riedel-black-tie-decanter.jpg?ssl=1"},{"@type":"BreadcrumbList","@id":"https:\/\/dev6.erresse-shop.it\/de\/shop\/tisch\/weinbar-korkenzieher-dekanter-eiskubel\/dekanter\/riedel-black-tie-dekanter\/#breadcrumb","itemListElement":[{"@type":"ListItem","position":1,"name":"Home","item":"https:\/\/dev6.erresse-shop.it\/"},{"@type":"ListItem","position":2,"name":"Shop","item":"https:\/\/dev6.erresse-shop.it\/shop\/"},{"@type":"ListItem","position":3,"name":"RIEDEL Black Tie Dekanter"}]},{"@type":"WebSite","@id":"https:\/\/dev6.erresse-shop.it\/#website","url":"https:\/\/dev6.erresse-shop.it\/","name":"Erresse Shop","description":"","publisher":{"@id":"https:\/\/dev6.erresse-shop.it\/#organization"},"potentialAction":[{"@type":"SearchAction","target":{"@type":"EntryPoint","urlTemplate":"https:\/\/dev6.erresse-shop.it\/?s={search_term_string}"},"query-input":{"@type":"PropertyValueSpecification","valueRequired":true,"valueName":"search_term_string"}}],"inLanguage":"de"},{"@type":"Organization","@id":"https:\/\/dev6.erresse-shop.it\/#organization","name":"Erresse Shop","url":"https:\/\/dev6.erresse-shop.it\/","logo":{"@type":"ImageObject","inLanguage":"de","@id":"https:\/\/dev6.erresse-shop.it\/#\/schema\/logo\/image\/","url":"https:\/\/dev6.erresse-shop.it\/wp-content\/uploads\/2025\/01\/LOGO-ERRESSE-CLASSICO.svg","contentUrl":"https:\/\/dev6.erresse-shop.it\/wp-content\/uploads\/2025\/01\/LOGO-ERRESSE-CLASSICO.svg","caption":"Erresse Shop"},"image":{"@id":"https:\/\/dev6.erresse-shop.it\/#\/schema\/logo\/image\/"}}]}},"df_price":299.95,"df_sale_price":299.95,"df_regular_price":375,"df_image_link":"https:\/\/i1.wp.com\/interpim.erresse-shop.it\/Import\/Prodotti\/riedel-black-tie-decanter.jpg?resize=300,300&ssl=1","fifu_image_url":"https:\/\/interpim.erresse-shop.it\/Import\/Prodotti\/riedel-black-tie-decanter.jpg","_links":{"self":[{"href":"https:\/\/dev6.erresse-shop.it\/de\/wp-json\/wp\/v2\/product\/52402","targetHints":{"allow":["GET"]}}],"collection":[{"href":"https:\/\/dev6.erresse-shop.it\/de\/wp-json\/wp\/v2\/product"}],"about":[{"href":"https:\/\/dev6.erresse-shop.it\/de\/wp-json\/wp\/v2\/types\/product"}],"wp:featuredmedia":[{"embeddable":true,"href":"https:\/\/dev6.erresse-shop.it\/de\/wp-json\/wp\/v2\/media\/6361456"}],"wp:attachment":[{"href":"https:\/\/dev6.erresse-shop.it\/de\/wp-json\/wp\/v2\/media?parent=52402"}],"wp:term":[{"taxonomy":"product_cat","embeddable":true,"href":"https:\/\/dev6.erresse-shop.it\/de\/wp-json\/wp\/v2\/product_cat?post=52402"},{"taxonomy":"product_tag","embeddable":true,"href":"https:\/\/dev6.erresse-shop.it\/de\/wp-json\/wp\/v2\/product_tag?post=52402"}],"curies":[{"name":"wp","href":"https:\/\/api.w.org\/{rel}","templated":true}]}}