{"id":52390,"date":"2026-04-04T09:31:38","date_gmt":"2026-04-04T07:31:38","guid":{"rendered":"https:\/\/dev6.erresse-shop.it\/shop\/unkategorisiert\/rowenta-grillpfanne-optigrill-xl-gr722\/"},"modified":"2025-07-03T20:42:50","modified_gmt":"2025-07-03T18:42:50","slug":"rowenta-grillpfanne-optigrill-xl-gr722","status":"publish","type":"product","link":"https:\/\/dev6.erresse-shop.it\/de\/shop\/kleine-elektrogeraete\/grills-und-barbecues\/rowenta-grillpfanne-optigrill-xl-gr722\/","title":{"rendered":"ROWENTA Grillpfanne Optigrill+ XL GR722"},"content":{"rendered":"<p>Entdecken Sie OptiGrill&#43;, die ultimative Innovation von Rowenta, die einen manuellen Modus mit vier Temperaturstufen f\u00fcr endlose Kochm\u00f6glichkeiten bietet.<br \/>\nMit 33 % mehr Grillfl\u00e4che als der GR712 ist er die ideale L\u00f6sung f\u00fcr das gemeinsame Grillen mit Familie und Freunden.<br \/>\nDank der Technologie \u201cautomatisches Garen mit Sensoren\u201d erkennt OptiGrill&#43; sofort die Anzahl der auf den Grill gelegten Portionen und deren Dicke und passt die Temperatur und die Garzeit automatisch an, um perfekte Ergebnisse zu erzielen. Die Kontrollleuchte und der Signalton erm\u00f6glichen es Ihnen, den hochpr\u00e4zisen Garvorgang direkt zu steuern und so ein Ergebnis zu erzielen, das genau Ihren Vorstellungen entspricht: blutig, medium oder durchgebraten. 9 Garprogramme f\u00fcr die perfekte Zubereitung von Rezepten. Der zus\u00e4tzliche manuelle Kochmodus mit 4 einstellbaren Temperaturen erm\u00f6glicht das Garen beliebiger Speisen und ist ideal f\u00fcr die Zubereitung von Obst und Gem\u00fcse genau nach Ihrem Geschmack.<br \/>\nWeitere Merkmale sind die antihaftbeschichteten Aluminiumdruckgussplatten, eine 600 cm2 gro\u00dfe Kochfl\u00e4che f\u00fcr 2-4 Personen und eine gro\u00dfe, um 7\u00b0 geneigte Fettauffangschale.<\/p>\n<p>9 AUTOMATISCHE PROGRAMME: Mit den 9 Garprogrammen (Hamburger, rotes Fleisch, Sandwich, Wurst, Fisch, Gefl\u00fcgel, Meeresfr\u00fcchte, Speck, Schweinefleisch) k\u00f6nnen Sie die Temperatur automatisch an die jeweilige Speise anpassen und sie wie gew\u00fcnscht zubereiten.<br \/>\nMANUELLER UND GEFRIERTER MODUS: Verwenden Sie den manuellen Modus mit 4 einstellbaren Temperaturstufen, um verschiedene Fleisch-, Fisch-, Obst- und Gem\u00fcsesorten zuzubereiten; der Grill verf\u00fcgt auch \u00fcber einen Modus f\u00fcr Tiefk\u00fchlkost<br \/>\nGARANZEIGE: Das Display zeigt den Garfortschritt f\u00fcr perfektes Garen an, von blutig bis durchgebraten; bei jeder Stufe ert\u00f6nt ein Signalton, um Ihnen mitzuteilen, dass Ihr Fleisch fertig und genau so gegart ist, wie Sie es m\u00f6gen!<br \/>\nAUTOMATISCHER DICKENSENSOR: Die automatische Dickenmessung stellt automatisch die richtige Temperatur f\u00fcr die Gr\u00f6\u00dfe und Dicke der Speisen in den angegebenen Programmen ein.<br \/>\nGROSSE OBERFL\u00c4CHE: Die XL-Kochfl\u00e4che (40\u00d720 cm) des Elektrogrills ist f\u00fcr 6-8 Personen geeignet und erm\u00f6glicht es Ihnen, f\u00fcr die ganze Familie und Freunde zu kochen<br \/>\nEINFACHE REINIGUNG: Die abnehmbaren Hochleistungs-Antihaftplatten aus Aluminiumdruckguss sind zur schnellen Reinigung mit PTFE beschichtet; sowohl die Platten als auch die Fettauffangschale sind maschinenwaschbar<\/p>\n","protected":false},"excerpt":{"rendered":"<p>Entdecken Sie OptiGrill&#43;, die ultimative Innovation von Rowenta, die einen manuellen Modus mit vier Temperaturstufen f\u00fcr endlose Kochm\u00f6glichkeiten bietet. Mit 33 % mehr Grillfl\u00e4che als der GR712 ist er die ideale L\u00f6sung f\u00fcr das gemeinsame Grillen mit Familie und Freunden. Dank der Technologie \u201cautomatisches Garen mit Sensoren\u201d erkennt OptiGrill&#43; sofort die Anzahl der auf den [&hellip;]<\/p>\n","protected":false},"featured_media":6278120,"template":"","meta":{"_acf_changed":false},"product_cat":[12195,12163],"product_tag":[],"class_list":{"0":"post-52390","1":"product","2":"type-product","3":"status-publish","4":"has-post-thumbnail","6":"product_cat-grills-und-barbecues","7":"product_cat-kleine-elektrogeraete","9":"first","10":"outofstock","11":"taxable","12":"shipping-taxable","13":"product-type-simple","swatches":"rey-swatches","show_selected":"","stretch_labels":"rey-swatches--stretch-labels"},"acf":[],"yoast_head":"<!-- This site is optimized with the Yoast SEO plugin v25.4 - https:\/\/yoast.com\/wordpress\/plugins\/seo\/ -->\n<title>ROWENTA Grillpfanne Optigrill+ XL GR722 - dev6 Erresse<\/title>\n<meta name=\"description\" content=\"Entdecken Sie OptiGrill&#043;, die ultimative Innovation von Rowenta, die einen manuellen Modus mit vier Temperaturstufen f\u00fcr endlose Kochm\u00f6glichkeiten\" \/>\n<meta name=\"robots\" content=\"noindex, follow, max-snippet:-1, max-image-preview:large, max-video-preview:-1\" \/>\n<meta property=\"og:locale\" content=\"de_DE\" \/>\n<meta property=\"og:type\" content=\"article\" \/>\n<meta property=\"og:title\" content=\"ROWENTA Grillpfanne Optigrill+ XL GR722 - dev6 Erresse\" \/>\n<meta property=\"og:description\" content=\"Entdecken Sie OptiGrill&#043;, die ultimative Innovation von Rowenta, die einen manuellen Modus mit vier Temperaturstufen f\u00fcr endlose Kochm\u00f6glichkeiten\" \/>\n<meta property=\"og:url\" content=\"https:\/\/dev6.erresse-shop.it\/de\/shop\/kleine-elektrogeraete\/grills-und-barbecues\/rowenta-grillpfanne-optigrill-xl-gr722\/\" \/>\n<meta property=\"og:site_name\" content=\"dev6 Erresse\" \/>\n<meta property=\"og:image\" content=\"https:\/\/interpim.erresse-shop.it\/img-catalogo\/rowenta\/rowenta-bistecchiera-optigrill-xl-gr722.jpg\" \/><meta property=\"og:image\" content=\"https:\/\/interpim.erresse-shop.it\/img-catalogo\/rowenta\/rowenta-bistecchiera-optigrill-xl-gr722.jpg\" \/>\n\t<meta property=\"og:image:width\" content=\"1024\" \/>\n\t<meta property=\"og:image:height\" content=\"1024\" \/>\n\t<meta property=\"og:image:type\" content=\"image\/jpeg\" \/>\n<meta name=\"twitter:card\" content=\"summary_large_image\" \/>\n<meta name=\"twitter:image\" content=\"https:\/\/interpim.erresse-shop.it\/img-catalogo\/rowenta\/rowenta-bistecchiera-optigrill-xl-gr722.jpg\" \/>\n<script type=\"application\/ld+json\" class=\"yoast-schema-graph\">{\"@context\":\"https:\/\/schema.org\",\"@graph\":[{\"@type\":\"WebPage\",\"@id\":\"https:\/\/dev6.erresse-shop.it\/de\/shop\/kleine-elektrogeraete\/grills-und-barbecues\/rowenta-grillpfanne-optigrill-xl-gr722\/\",\"url\":\"https:\/\/dev6.erresse-shop.it\/de\/shop\/kleine-elektrogeraete\/grills-und-barbecues\/rowenta-grillpfanne-optigrill-xl-gr722\/\",\"name\":\"ROWENTA Grillpfanne Optigrill+ XL GR722 - dev6 Erresse\",\"isPartOf\":{\"@id\":\"https:\/\/dev6.erresse-shop.it\/#website\"},\"primaryImageOfPage\":{\"@id\":\"https:\/\/dev6.erresse-shop.it\/de\/shop\/kleine-elektrogeraete\/grills-und-barbecues\/rowenta-grillpfanne-optigrill-xl-gr722\/#primaryimage\"},\"image\":{\"@id\":\"https:\/\/dev6.erresse-shop.it\/de\/shop\/kleine-elektrogeraete\/grills-und-barbecues\/rowenta-grillpfanne-optigrill-xl-gr722\/#primaryimage\"},\"thumbnailUrl\":\"https:\/\/i3.wp.com\/interpim.erresse-shop.it\/img-catalogo\/rowenta\/rowenta-bistecchiera-optigrill-xl-gr722.jpg?ssl=1\",\"datePublished\":\"2026-04-04T07:31:38+00:00\",\"description\":\"Entdecken Sie OptiGrill&#43;, die ultimative Innovation von Rowenta, die einen manuellen Modus mit vier Temperaturstufen f\u00fcr endlose Kochm\u00f6glichkeiten\",\"breadcrumb\":{\"@id\":\"https:\/\/dev6.erresse-shop.it\/de\/shop\/kleine-elektrogeraete\/grills-und-barbecues\/rowenta-grillpfanne-optigrill-xl-gr722\/#breadcrumb\"},\"inLanguage\":\"de\",\"potentialAction\":[{\"@type\":\"ReadAction\",\"target\":[\"https:\/\/dev6.erresse-shop.it\/de\/shop\/kleine-elektrogeraete\/grills-und-barbecues\/rowenta-grillpfanne-optigrill-xl-gr722\/\"]}]},{\"@type\":\"ImageObject\",\"inLanguage\":\"de\",\"@id\":\"https:\/\/dev6.erresse-shop.it\/de\/shop\/kleine-elektrogeraete\/grills-und-barbecues\/rowenta-grillpfanne-optigrill-xl-gr722\/#primaryimage\",\"url\":\"https:\/\/i3.wp.com\/interpim.erresse-shop.it\/img-catalogo\/rowenta\/rowenta-bistecchiera-optigrill-xl-gr722.jpg?ssl=1\",\"contentUrl\":\"https:\/\/i3.wp.com\/interpim.erresse-shop.it\/img-catalogo\/rowenta\/rowenta-bistecchiera-optigrill-xl-gr722.jpg?ssl=1\"},{\"@type\":\"BreadcrumbList\",\"@id\":\"https:\/\/dev6.erresse-shop.it\/de\/shop\/kleine-elektrogeraete\/grills-und-barbecues\/rowenta-grillpfanne-optigrill-xl-gr722\/#breadcrumb\",\"itemListElement\":[{\"@type\":\"ListItem\",\"position\":1,\"name\":\"Home\",\"item\":\"https:\/\/dev6.erresse-shop.it\/\"},{\"@type\":\"ListItem\",\"position\":2,\"name\":\"Shop\",\"item\":\"https:\/\/dev6.erresse-shop.it\/shop\/\"},{\"@type\":\"ListItem\",\"position\":3,\"name\":\"ROWENTA Grillpfanne Optigrill+ XL GR722\"}]},{\"@type\":\"WebSite\",\"@id\":\"https:\/\/dev6.erresse-shop.it\/#website\",\"url\":\"https:\/\/dev6.erresse-shop.it\/\",\"name\":\"Erresse Shop\",\"description\":\"\",\"publisher\":{\"@id\":\"https:\/\/dev6.erresse-shop.it\/#organization\"},\"potentialAction\":[{\"@type\":\"SearchAction\",\"target\":{\"@type\":\"EntryPoint\",\"urlTemplate\":\"https:\/\/dev6.erresse-shop.it\/?s={search_term_string}\"},\"query-input\":{\"@type\":\"PropertyValueSpecification\",\"valueRequired\":true,\"valueName\":\"search_term_string\"}}],\"inLanguage\":\"de\"},{\"@type\":\"Organization\",\"@id\":\"https:\/\/dev6.erresse-shop.it\/#organization\",\"name\":\"Erresse Shop\",\"url\":\"https:\/\/dev6.erresse-shop.it\/\",\"logo\":{\"@type\":\"ImageObject\",\"inLanguage\":\"de\",\"@id\":\"https:\/\/dev6.erresse-shop.it\/#\/schema\/logo\/image\/\",\"url\":\"https:\/\/dev6.erresse-shop.it\/wp-content\/uploads\/2025\/01\/LOGO-ERRESSE-CLASSICO.svg\",\"contentUrl\":\"https:\/\/dev6.erresse-shop.it\/wp-content\/uploads\/2025\/01\/LOGO-ERRESSE-CLASSICO.svg\",\"caption\":\"Erresse Shop\"},\"image\":{\"@id\":\"https:\/\/dev6.erresse-shop.it\/#\/schema\/logo\/image\/\"}}]}<\/script>\n<!-- \/ Yoast SEO plugin. -->","yoast_head_json":{"title":"ROWENTA Grillpfanne Optigrill+ XL GR722 - dev6 Erresse","description":"Entdecken Sie OptiGrill&#43;, die ultimative Innovation von Rowenta, die einen manuellen Modus mit vier Temperaturstufen f\u00fcr endlose Kochm\u00f6glichkeiten","robots":{"index":"noindex","follow":"follow","max-snippet":"max-snippet:-1","max-image-preview":"max-image-preview:large","max-video-preview":"max-video-preview:-1"},"og_locale":"de_DE","og_type":"article","og_title":"ROWENTA Grillpfanne Optigrill+ XL GR722 - dev6 Erresse","og_description":"Entdecken Sie OptiGrill&#43;, die ultimative Innovation von Rowenta, die einen manuellen Modus mit vier Temperaturstufen f\u00fcr endlose Kochm\u00f6glichkeiten","og_url":"https:\/\/dev6.erresse-shop.it\/de\/shop\/kleine-elektrogeraete\/grills-und-barbecues\/rowenta-grillpfanne-optigrill-xl-gr722\/","og_site_name":"dev6 Erresse","og_image":[{"url":"https:\/\/interpim.erresse-shop.it\/img-catalogo\/rowenta\/rowenta-bistecchiera-optigrill-xl-gr722.jpg","type":"","width":"","height":""},{"url":"https:\/\/interpim.erresse-shop.it\/img-catalogo\/rowenta\/rowenta-bistecchiera-optigrill-xl-gr722.jpg","width":1024,"height":1024,"type":"image\/jpeg"}],"twitter_card":"summary_large_image","twitter_image":"https:\/\/interpim.erresse-shop.it\/img-catalogo\/rowenta\/rowenta-bistecchiera-optigrill-xl-gr722.jpg","schema":{"@context":"https:\/\/schema.org","@graph":[{"@type":"WebPage","@id":"https:\/\/dev6.erresse-shop.it\/de\/shop\/kleine-elektrogeraete\/grills-und-barbecues\/rowenta-grillpfanne-optigrill-xl-gr722\/","url":"https:\/\/dev6.erresse-shop.it\/de\/shop\/kleine-elektrogeraete\/grills-und-barbecues\/rowenta-grillpfanne-optigrill-xl-gr722\/","name":"ROWENTA Grillpfanne Optigrill+ XL GR722 - dev6 Erresse","isPartOf":{"@id":"https:\/\/dev6.erresse-shop.it\/#website"},"primaryImageOfPage":{"@id":"https:\/\/dev6.erresse-shop.it\/de\/shop\/kleine-elektrogeraete\/grills-und-barbecues\/rowenta-grillpfanne-optigrill-xl-gr722\/#primaryimage"},"image":{"@id":"https:\/\/dev6.erresse-shop.it\/de\/shop\/kleine-elektrogeraete\/grills-und-barbecues\/rowenta-grillpfanne-optigrill-xl-gr722\/#primaryimage"},"thumbnailUrl":"https:\/\/i3.wp.com\/interpim.erresse-shop.it\/img-catalogo\/rowenta\/rowenta-bistecchiera-optigrill-xl-gr722.jpg?ssl=1","datePublished":"2026-04-04T07:31:38+00:00","description":"Entdecken Sie OptiGrill&#43;, die ultimative Innovation von Rowenta, die einen manuellen Modus mit vier Temperaturstufen f\u00fcr endlose Kochm\u00f6glichkeiten","breadcrumb":{"@id":"https:\/\/dev6.erresse-shop.it\/de\/shop\/kleine-elektrogeraete\/grills-und-barbecues\/rowenta-grillpfanne-optigrill-xl-gr722\/#breadcrumb"},"inLanguage":"de","potentialAction":[{"@type":"ReadAction","target":["https:\/\/dev6.erresse-shop.it\/de\/shop\/kleine-elektrogeraete\/grills-und-barbecues\/rowenta-grillpfanne-optigrill-xl-gr722\/"]}]},{"@type":"ImageObject","inLanguage":"de","@id":"https:\/\/dev6.erresse-shop.it\/de\/shop\/kleine-elektrogeraete\/grills-und-barbecues\/rowenta-grillpfanne-optigrill-xl-gr722\/#primaryimage","url":"https:\/\/i3.wp.com\/interpim.erresse-shop.it\/img-catalogo\/rowenta\/rowenta-bistecchiera-optigrill-xl-gr722.jpg?ssl=1","contentUrl":"https:\/\/i3.wp.com\/interpim.erresse-shop.it\/img-catalogo\/rowenta\/rowenta-bistecchiera-optigrill-xl-gr722.jpg?ssl=1"},{"@type":"BreadcrumbList","@id":"https:\/\/dev6.erresse-shop.it\/de\/shop\/kleine-elektrogeraete\/grills-und-barbecues\/rowenta-grillpfanne-optigrill-xl-gr722\/#breadcrumb","itemListElement":[{"@type":"ListItem","position":1,"name":"Home","item":"https:\/\/dev6.erresse-shop.it\/"},{"@type":"ListItem","position":2,"name":"Shop","item":"https:\/\/dev6.erresse-shop.it\/shop\/"},{"@type":"ListItem","position":3,"name":"ROWENTA Grillpfanne Optigrill+ XL GR722"}]},{"@type":"WebSite","@id":"https:\/\/dev6.erresse-shop.it\/#website","url":"https:\/\/dev6.erresse-shop.it\/","name":"Erresse Shop","description":"","publisher":{"@id":"https:\/\/dev6.erresse-shop.it\/#organization"},"potentialAction":[{"@type":"SearchAction","target":{"@type":"EntryPoint","urlTemplate":"https:\/\/dev6.erresse-shop.it\/?s={search_term_string}"},"query-input":{"@type":"PropertyValueSpecification","valueRequired":true,"valueName":"search_term_string"}}],"inLanguage":"de"},{"@type":"Organization","@id":"https:\/\/dev6.erresse-shop.it\/#organization","name":"Erresse Shop","url":"https:\/\/dev6.erresse-shop.it\/","logo":{"@type":"ImageObject","inLanguage":"de","@id":"https:\/\/dev6.erresse-shop.it\/#\/schema\/logo\/image\/","url":"https:\/\/dev6.erresse-shop.it\/wp-content\/uploads\/2025\/01\/LOGO-ERRESSE-CLASSICO.svg","contentUrl":"https:\/\/dev6.erresse-shop.it\/wp-content\/uploads\/2025\/01\/LOGO-ERRESSE-CLASSICO.svg","caption":"Erresse Shop"},"image":{"@id":"https:\/\/dev6.erresse-shop.it\/#\/schema\/logo\/image\/"}}]}},"df_price":"","df_sale_price":"","df_regular_price":"","df_image_link":"https:\/\/i3.wp.com\/interpim.erresse-shop.it\/img-catalogo\/rowenta\/rowenta-bistecchiera-optigrill-xl-gr722.jpg?resize=300,300&ssl=1","fifu_image_url":"https:\/\/interpim.erresse-shop.it\/img-catalogo\/rowenta\/rowenta-bistecchiera-optigrill-xl-gr722.jpg","_links":{"self":[{"href":"https:\/\/dev6.erresse-shop.it\/de\/wp-json\/wp\/v2\/product\/52390","targetHints":{"allow":["GET"]}}],"collection":[{"href":"https:\/\/dev6.erresse-shop.it\/de\/wp-json\/wp\/v2\/product"}],"about":[{"href":"https:\/\/dev6.erresse-shop.it\/de\/wp-json\/wp\/v2\/types\/product"}],"wp:featuredmedia":[{"embeddable":true,"href":"https:\/\/dev6.erresse-shop.it\/de\/wp-json\/wp\/v2\/media\/6278120"}],"wp:attachment":[{"href":"https:\/\/dev6.erresse-shop.it\/de\/wp-json\/wp\/v2\/media?parent=52390"}],"wp:term":[{"taxonomy":"product_cat","embeddable":true,"href":"https:\/\/dev6.erresse-shop.it\/de\/wp-json\/wp\/v2\/product_cat?post=52390"},{"taxonomy":"product_tag","embeddable":true,"href":"https:\/\/dev6.erresse-shop.it\/de\/wp-json\/wp\/v2\/product_tag?post=52390"}],"curies":[{"name":"wp","href":"https:\/\/api.w.org\/{rel}","templated":true}]}}