{"id":52388,"date":"2026-04-04T09:31:38","date_gmt":"2026-04-04T07:31:38","guid":{"rendered":"https:\/\/dev6.erresse-shop.it\/shop\/unkategorisiert\/rowenta-grillpfanne-optigrill-xl-gr712\/"},"modified":"2025-07-03T20:42:46","modified_gmt":"2025-07-03T18:42:46","slug":"rowenta-grillpfanne-optigrill-xl-gr712","status":"publish","type":"product","link":"https:\/\/dev6.erresse-shop.it\/de\/shop\/kleine-elektrogeraete\/grills-und-barbecues\/rowenta-grillpfanne-optigrill-xl-gr712\/","title":{"rendered":"ROWENTA Grillpfanne Optigrill+ XL GR712"},"content":{"rendered":"<p>Entdecken Sie OptiGrill&#43;, die ultimative Innovation von Rowenta, die einen manuellen Modus mit vier Temperaturstufen f\u00fcr endlose Kochm\u00f6glichkeiten bietet. OptiGrill&#43; wurde dank der Technologie \u201cautomatisches Garen mit Sensoren\u201d weiterentwickelt und erkennt sofort die Anzahl der auf den Grill gelegten Portionen und deren Dicke, um die Temperatur und die Garzeit f\u00fcr perfekte Ergebnisse automatisch anzupassen. Die Kontrollleuchte und der Signalton erm\u00f6glichen es Ihnen, den hochpr\u00e4zisen Garvorgang direkt zu steuern und so ein Ergebnis zu erzielen, das genau Ihren Vorstellungen entspricht: blutig, medium oder durchgebraten. 6 Garprogramme f\u00fcr die perfekte Zubereitung von Rezepten: Hamburger, H\u00e4hnchen, Sandwich, Wurst, rotes Fleisch und Fisch, sowie ein Modus f\u00fcr Tiefk\u00fchlkost und ein manueller Modus mit 4 Temperatureinstellungen. Weitere Merkmale sind die antihaftbeschichteten Aluminium-Druckgussplatten, eine 600 cm2 gro\u00dfe Kochfl\u00e4che f\u00fcr 2 bis 4 Personen und eine gro\u00dfe, um 7\u00b0 geneigte Fettauffangschale.<\/p>\n","protected":false},"excerpt":{"rendered":"<p>Entdecken Sie OptiGrill&#43;, die ultimative Innovation von Rowenta, die einen manuellen Modus mit vier Temperaturstufen f\u00fcr endlose Kochm\u00f6glichkeiten bietet. OptiGrill&#43; wurde dank der Technologie \u201cautomatisches Garen mit Sensoren\u201d weiterentwickelt und erkennt sofort die Anzahl der auf den Grill gelegten Portionen und deren Dicke, um die Temperatur und die Garzeit f\u00fcr perfekte Ergebnisse automatisch anzupassen. Die [&hellip;]<\/p>\n","protected":false},"featured_media":6278109,"template":"","meta":{"_acf_changed":false},"product_cat":[12195,12163],"product_tag":[],"class_list":{"0":"post-52388","1":"product","2":"type-product","3":"status-publish","4":"has-post-thumbnail","6":"product_cat-grills-und-barbecues","7":"product_cat-kleine-elektrogeraete","9":"first","10":"outofstock","11":"taxable","12":"shipping-taxable","13":"product-type-simple","swatches":"rey-swatches","show_selected":"","stretch_labels":"rey-swatches--stretch-labels"},"acf":[],"yoast_head":"<!-- This site is optimized with the Yoast SEO plugin v25.4 - https:\/\/yoast.com\/wordpress\/plugins\/seo\/ -->\n<title>ROWENTA Grillpfanne Optigrill+ XL GR712 - dev6 Erresse<\/title>\n<meta name=\"description\" content=\"Entdecken Sie OptiGrill&#043;, die ultimative Innovation von Rowenta, die einen manuellen Modus mit vier Temperaturstufen f\u00fcr endlose Kochm\u00f6glichkeiten\" \/>\n<meta name=\"robots\" content=\"noindex, follow, max-snippet:-1, max-image-preview:large, max-video-preview:-1\" \/>\n<meta property=\"og:locale\" content=\"de_DE\" \/>\n<meta property=\"og:type\" content=\"article\" \/>\n<meta property=\"og:title\" content=\"ROWENTA Grillpfanne Optigrill+ XL GR712 - dev6 Erresse\" \/>\n<meta property=\"og:description\" content=\"Entdecken Sie OptiGrill&#043;, die ultimative Innovation von Rowenta, die einen manuellen Modus mit vier Temperaturstufen f\u00fcr endlose Kochm\u00f6glichkeiten\" \/>\n<meta property=\"og:url\" content=\"https:\/\/dev6.erresse-shop.it\/de\/shop\/kleine-elektrogeraete\/grills-und-barbecues\/rowenta-grillpfanne-optigrill-xl-gr712\/\" \/>\n<meta property=\"og:site_name\" content=\"dev6 Erresse\" \/>\n<meta property=\"og:image\" content=\"https:\/\/interpim.erresse-shop.it\/img-catalogo\/rowenta\/rowenta-bistecchiera-optigrill-xl-gr722-.jpg\" \/><meta property=\"og:image\" content=\"https:\/\/interpim.erresse-shop.it\/img-catalogo\/rowenta\/rowenta-bistecchiera-optigrill-xl-gr722-.jpg\" \/>\n\t<meta property=\"og:image:width\" content=\"1024\" \/>\n\t<meta property=\"og:image:height\" content=\"1024\" \/>\n\t<meta property=\"og:image:type\" content=\"image\/jpeg\" \/>\n<meta name=\"twitter:card\" content=\"summary_large_image\" \/>\n<meta name=\"twitter:image\" content=\"https:\/\/interpim.erresse-shop.it\/img-catalogo\/rowenta\/rowenta-bistecchiera-optigrill-xl-gr722-.jpg\" \/>\n<script type=\"application\/ld+json\" class=\"yoast-schema-graph\">{\"@context\":\"https:\/\/schema.org\",\"@graph\":[{\"@type\":\"WebPage\",\"@id\":\"https:\/\/dev6.erresse-shop.it\/de\/shop\/kleine-elektrogeraete\/grills-und-barbecues\/rowenta-grillpfanne-optigrill-xl-gr712\/\",\"url\":\"https:\/\/dev6.erresse-shop.it\/de\/shop\/kleine-elektrogeraete\/grills-und-barbecues\/rowenta-grillpfanne-optigrill-xl-gr712\/\",\"name\":\"ROWENTA Grillpfanne Optigrill+ XL GR712 - dev6 Erresse\",\"isPartOf\":{\"@id\":\"https:\/\/dev6.erresse-shop.it\/#website\"},\"primaryImageOfPage\":{\"@id\":\"https:\/\/dev6.erresse-shop.it\/de\/shop\/kleine-elektrogeraete\/grills-und-barbecues\/rowenta-grillpfanne-optigrill-xl-gr712\/#primaryimage\"},\"image\":{\"@id\":\"https:\/\/dev6.erresse-shop.it\/de\/shop\/kleine-elektrogeraete\/grills-und-barbecues\/rowenta-grillpfanne-optigrill-xl-gr712\/#primaryimage\"},\"thumbnailUrl\":\"https:\/\/i2.wp.com\/interpim.erresse-shop.it\/img-catalogo\/rowenta\/rowenta-bistecchiera-optigrill-xl-gr722-.jpg?ssl=1\",\"datePublished\":\"2026-04-04T07:31:38+00:00\",\"description\":\"Entdecken Sie OptiGrill&#43;, die ultimative Innovation von Rowenta, die einen manuellen Modus mit vier Temperaturstufen f\u00fcr endlose Kochm\u00f6glichkeiten\",\"breadcrumb\":{\"@id\":\"https:\/\/dev6.erresse-shop.it\/de\/shop\/kleine-elektrogeraete\/grills-und-barbecues\/rowenta-grillpfanne-optigrill-xl-gr712\/#breadcrumb\"},\"inLanguage\":\"de\",\"potentialAction\":[{\"@type\":\"ReadAction\",\"target\":[\"https:\/\/dev6.erresse-shop.it\/de\/shop\/kleine-elektrogeraete\/grills-und-barbecues\/rowenta-grillpfanne-optigrill-xl-gr712\/\"]}]},{\"@type\":\"ImageObject\",\"inLanguage\":\"de\",\"@id\":\"https:\/\/dev6.erresse-shop.it\/de\/shop\/kleine-elektrogeraete\/grills-und-barbecues\/rowenta-grillpfanne-optigrill-xl-gr712\/#primaryimage\",\"url\":\"https:\/\/i2.wp.com\/interpim.erresse-shop.it\/img-catalogo\/rowenta\/rowenta-bistecchiera-optigrill-xl-gr722-.jpg?ssl=1\",\"contentUrl\":\"https:\/\/i2.wp.com\/interpim.erresse-shop.it\/img-catalogo\/rowenta\/rowenta-bistecchiera-optigrill-xl-gr722-.jpg?ssl=1\"},{\"@type\":\"BreadcrumbList\",\"@id\":\"https:\/\/dev6.erresse-shop.it\/de\/shop\/kleine-elektrogeraete\/grills-und-barbecues\/rowenta-grillpfanne-optigrill-xl-gr712\/#breadcrumb\",\"itemListElement\":[{\"@type\":\"ListItem\",\"position\":1,\"name\":\"Home\",\"item\":\"https:\/\/dev6.erresse-shop.it\/\"},{\"@type\":\"ListItem\",\"position\":2,\"name\":\"Shop\",\"item\":\"https:\/\/dev6.erresse-shop.it\/shop\/\"},{\"@type\":\"ListItem\",\"position\":3,\"name\":\"ROWENTA Grillpfanne Optigrill+ XL GR712\"}]},{\"@type\":\"WebSite\",\"@id\":\"https:\/\/dev6.erresse-shop.it\/#website\",\"url\":\"https:\/\/dev6.erresse-shop.it\/\",\"name\":\"Erresse Shop\",\"description\":\"\",\"publisher\":{\"@id\":\"https:\/\/dev6.erresse-shop.it\/#organization\"},\"potentialAction\":[{\"@type\":\"SearchAction\",\"target\":{\"@type\":\"EntryPoint\",\"urlTemplate\":\"https:\/\/dev6.erresse-shop.it\/?s={search_term_string}\"},\"query-input\":{\"@type\":\"PropertyValueSpecification\",\"valueRequired\":true,\"valueName\":\"search_term_string\"}}],\"inLanguage\":\"de\"},{\"@type\":\"Organization\",\"@id\":\"https:\/\/dev6.erresse-shop.it\/#organization\",\"name\":\"Erresse Shop\",\"url\":\"https:\/\/dev6.erresse-shop.it\/\",\"logo\":{\"@type\":\"ImageObject\",\"inLanguage\":\"de\",\"@id\":\"https:\/\/dev6.erresse-shop.it\/#\/schema\/logo\/image\/\",\"url\":\"https:\/\/dev6.erresse-shop.it\/wp-content\/uploads\/2025\/01\/LOGO-ERRESSE-CLASSICO.svg\",\"contentUrl\":\"https:\/\/dev6.erresse-shop.it\/wp-content\/uploads\/2025\/01\/LOGO-ERRESSE-CLASSICO.svg\",\"caption\":\"Erresse Shop\"},\"image\":{\"@id\":\"https:\/\/dev6.erresse-shop.it\/#\/schema\/logo\/image\/\"}}]}<\/script>\n<!-- \/ Yoast SEO plugin. -->","yoast_head_json":{"title":"ROWENTA Grillpfanne Optigrill+ XL GR712 - dev6 Erresse","description":"Entdecken Sie OptiGrill&#43;, die ultimative Innovation von Rowenta, die einen manuellen Modus mit vier Temperaturstufen f\u00fcr endlose Kochm\u00f6glichkeiten","robots":{"index":"noindex","follow":"follow","max-snippet":"max-snippet:-1","max-image-preview":"max-image-preview:large","max-video-preview":"max-video-preview:-1"},"og_locale":"de_DE","og_type":"article","og_title":"ROWENTA Grillpfanne Optigrill+ XL GR712 - dev6 Erresse","og_description":"Entdecken Sie OptiGrill&#43;, die ultimative Innovation von Rowenta, die einen manuellen Modus mit vier Temperaturstufen f\u00fcr endlose Kochm\u00f6glichkeiten","og_url":"https:\/\/dev6.erresse-shop.it\/de\/shop\/kleine-elektrogeraete\/grills-und-barbecues\/rowenta-grillpfanne-optigrill-xl-gr712\/","og_site_name":"dev6 Erresse","og_image":[{"url":"https:\/\/interpim.erresse-shop.it\/img-catalogo\/rowenta\/rowenta-bistecchiera-optigrill-xl-gr722-.jpg","type":"","width":"","height":""},{"url":"https:\/\/interpim.erresse-shop.it\/img-catalogo\/rowenta\/rowenta-bistecchiera-optigrill-xl-gr722-.jpg","width":1024,"height":1024,"type":"image\/jpeg"}],"twitter_card":"summary_large_image","twitter_image":"https:\/\/interpim.erresse-shop.it\/img-catalogo\/rowenta\/rowenta-bistecchiera-optigrill-xl-gr722-.jpg","schema":{"@context":"https:\/\/schema.org","@graph":[{"@type":"WebPage","@id":"https:\/\/dev6.erresse-shop.it\/de\/shop\/kleine-elektrogeraete\/grills-und-barbecues\/rowenta-grillpfanne-optigrill-xl-gr712\/","url":"https:\/\/dev6.erresse-shop.it\/de\/shop\/kleine-elektrogeraete\/grills-und-barbecues\/rowenta-grillpfanne-optigrill-xl-gr712\/","name":"ROWENTA Grillpfanne Optigrill+ XL GR712 - dev6 Erresse","isPartOf":{"@id":"https:\/\/dev6.erresse-shop.it\/#website"},"primaryImageOfPage":{"@id":"https:\/\/dev6.erresse-shop.it\/de\/shop\/kleine-elektrogeraete\/grills-und-barbecues\/rowenta-grillpfanne-optigrill-xl-gr712\/#primaryimage"},"image":{"@id":"https:\/\/dev6.erresse-shop.it\/de\/shop\/kleine-elektrogeraete\/grills-und-barbecues\/rowenta-grillpfanne-optigrill-xl-gr712\/#primaryimage"},"thumbnailUrl":"https:\/\/i2.wp.com\/interpim.erresse-shop.it\/img-catalogo\/rowenta\/rowenta-bistecchiera-optigrill-xl-gr722-.jpg?ssl=1","datePublished":"2026-04-04T07:31:38+00:00","description":"Entdecken Sie OptiGrill&#43;, die ultimative Innovation von Rowenta, die einen manuellen Modus mit vier Temperaturstufen f\u00fcr endlose Kochm\u00f6glichkeiten","breadcrumb":{"@id":"https:\/\/dev6.erresse-shop.it\/de\/shop\/kleine-elektrogeraete\/grills-und-barbecues\/rowenta-grillpfanne-optigrill-xl-gr712\/#breadcrumb"},"inLanguage":"de","potentialAction":[{"@type":"ReadAction","target":["https:\/\/dev6.erresse-shop.it\/de\/shop\/kleine-elektrogeraete\/grills-und-barbecues\/rowenta-grillpfanne-optigrill-xl-gr712\/"]}]},{"@type":"ImageObject","inLanguage":"de","@id":"https:\/\/dev6.erresse-shop.it\/de\/shop\/kleine-elektrogeraete\/grills-und-barbecues\/rowenta-grillpfanne-optigrill-xl-gr712\/#primaryimage","url":"https:\/\/i2.wp.com\/interpim.erresse-shop.it\/img-catalogo\/rowenta\/rowenta-bistecchiera-optigrill-xl-gr722-.jpg?ssl=1","contentUrl":"https:\/\/i2.wp.com\/interpim.erresse-shop.it\/img-catalogo\/rowenta\/rowenta-bistecchiera-optigrill-xl-gr722-.jpg?ssl=1"},{"@type":"BreadcrumbList","@id":"https:\/\/dev6.erresse-shop.it\/de\/shop\/kleine-elektrogeraete\/grills-und-barbecues\/rowenta-grillpfanne-optigrill-xl-gr712\/#breadcrumb","itemListElement":[{"@type":"ListItem","position":1,"name":"Home","item":"https:\/\/dev6.erresse-shop.it\/"},{"@type":"ListItem","position":2,"name":"Shop","item":"https:\/\/dev6.erresse-shop.it\/shop\/"},{"@type":"ListItem","position":3,"name":"ROWENTA Grillpfanne Optigrill+ XL GR712"}]},{"@type":"WebSite","@id":"https:\/\/dev6.erresse-shop.it\/#website","url":"https:\/\/dev6.erresse-shop.it\/","name":"Erresse Shop","description":"","publisher":{"@id":"https:\/\/dev6.erresse-shop.it\/#organization"},"potentialAction":[{"@type":"SearchAction","target":{"@type":"EntryPoint","urlTemplate":"https:\/\/dev6.erresse-shop.it\/?s={search_term_string}"},"query-input":{"@type":"PropertyValueSpecification","valueRequired":true,"valueName":"search_term_string"}}],"inLanguage":"de"},{"@type":"Organization","@id":"https:\/\/dev6.erresse-shop.it\/#organization","name":"Erresse Shop","url":"https:\/\/dev6.erresse-shop.it\/","logo":{"@type":"ImageObject","inLanguage":"de","@id":"https:\/\/dev6.erresse-shop.it\/#\/schema\/logo\/image\/","url":"https:\/\/dev6.erresse-shop.it\/wp-content\/uploads\/2025\/01\/LOGO-ERRESSE-CLASSICO.svg","contentUrl":"https:\/\/dev6.erresse-shop.it\/wp-content\/uploads\/2025\/01\/LOGO-ERRESSE-CLASSICO.svg","caption":"Erresse Shop"},"image":{"@id":"https:\/\/dev6.erresse-shop.it\/#\/schema\/logo\/image\/"}}]}},"df_price":"","df_sale_price":"","df_regular_price":"","df_image_link":"https:\/\/i2.wp.com\/interpim.erresse-shop.it\/img-catalogo\/rowenta\/rowenta-bistecchiera-optigrill-xl-gr722-.jpg?resize=300,300&ssl=1","fifu_image_url":"https:\/\/interpim.erresse-shop.it\/img-catalogo\/rowenta\/rowenta-bistecchiera-optigrill-xl-gr722-.jpg","_links":{"self":[{"href":"https:\/\/dev6.erresse-shop.it\/de\/wp-json\/wp\/v2\/product\/52388","targetHints":{"allow":["GET"]}}],"collection":[{"href":"https:\/\/dev6.erresse-shop.it\/de\/wp-json\/wp\/v2\/product"}],"about":[{"href":"https:\/\/dev6.erresse-shop.it\/de\/wp-json\/wp\/v2\/types\/product"}],"wp:featuredmedia":[{"embeddable":true,"href":"https:\/\/dev6.erresse-shop.it\/de\/wp-json\/wp\/v2\/media\/6278109"}],"wp:attachment":[{"href":"https:\/\/dev6.erresse-shop.it\/de\/wp-json\/wp\/v2\/media?parent=52388"}],"wp:term":[{"taxonomy":"product_cat","embeddable":true,"href":"https:\/\/dev6.erresse-shop.it\/de\/wp-json\/wp\/v2\/product_cat?post=52388"},{"taxonomy":"product_tag","embeddable":true,"href":"https:\/\/dev6.erresse-shop.it\/de\/wp-json\/wp\/v2\/product_tag?post=52388"}],"curies":[{"name":"wp","href":"https:\/\/api.w.org\/{rel}","templated":true}]}}