{"id":52386,"date":"2026-04-04T09:31:38","date_gmt":"2026-04-04T07:31:38","guid":{"rendered":"https:\/\/dev6.erresse-shop.it\/shop\/unkategorisiert\/rowenta-grillpfanne-optigrill-elite-gr750\/"},"modified":"2025-07-03T20:42:41","modified_gmt":"2025-07-03T18:42:41","slug":"rowenta-grillpfanne-optigrill-elite-gr750","status":"publish","type":"product","link":"https:\/\/dev6.erresse-shop.it\/de\/shop\/kleine-elektrogeraete\/grills-und-barbecues\/rowenta-grillpfanne-optigrill-elite-gr750\/","title":{"rendered":"ROWENTA Grillpfanne Optigrill Elite GR750"},"content":{"rendered":"<p>Garen Sie Fleisch wie ein echter Koch, damit es bei Ihren G\u00e4sten garantiert gut ankommt, unabh\u00e4ngig von der bevorzugten Garstufe (von blutig bis durchgebraten). Die patentierte intelligente OptiGrill-Technologie passt die optimalen Garparameter automatisch an die Dicke des Grillguts an und sorgt so f\u00fcr perfekte Ergebnisse.<br \/>\nLassen Sie sich Schritt f\u00fcr Schritt vom intuitiven Kochassistenten leiten, der Sie darauf hinweist, wann Sie Fleisch hinzuf\u00fcgen oder entfernen k\u00f6nnen, unabh\u00e4ngig von der gew\u00fcnschten Garstufe (rare, medium oder well-done). Dank der neuen Live-Fire-Cooking-Funktion gart der OptiGrill Elite Elektrogrill das Fleisch wie in einem Restaurant. Entdecken Sie jeden Tag die unendlichen M\u00f6glichkeiten dieses Elektrogrills dank der 12 Automatikprogramme, mit denen Sie nicht nur rotes Fleisch, sondern auch andere schmackhafte Speisen wie H\u00e4hnchen, Fisch, Gem\u00fcse und vieles mehr zubereiten k\u00f6nnen, ohne den Garvorgang \u00fcberwachen zu m\u00fcssen. Der OptiGrill Elite ist f\u00fcr ein optimales Kocherlebnis sp\u00fclmaschinenfest und wird mit einem Rezeptbuch geliefert, das Ihnen endlose Kochm\u00f6glichkeiten bietet!<\/p>\n<p>INTUITIVES DISPLAY: Entdecken Sie das erste intuitive Display, das Sie Schritt f\u00fcr Schritt bei der Zubereitung Ihres Grillguts anleitet und Sie mit einem pr\u00e4zisen Countdown darauf hinweist, wenn die gew\u00fcnschte Garstufe erreicht ist (blutig, medium oder gut durch)<br \/>\n12 AUTOMATISCHE PROGRAMME: Mit den 12 automatischen Garprogrammen k\u00f6nnen Sie rotes Fleisch, H\u00e4hnchen, Fisch, Gem\u00fcse und vieles mehr zubereiten, ohne die Zubereitung beaufsichtigen zu m\u00fcssen; organisieren Sie gemeinsame Grillabende und bereiten Sie leckere Burger mit dem Rowenta Grill zu!<br \/>\n2 NEUE FUNKTIONEN: Extra Grillfunktion (das Fleisch wird perfekt gegrillt und gestreift, wie in einem Restaurant); und Tiefk\u00fchlfunktion (um Ihre Zutaten aufzutauen und zu garen, ohne ihren Geschmack zu ver\u00e4ndern)<br \/>\nAUTOMATISCHER GARSENSOR: Dank des automatischen Sensors berechnet der intelligente Grill die Dicke und die Anzahl der zu garenden Fleischst\u00fccke und passt die Garzeit f\u00fcr perfekte Ergebnisse automatisch an.<br \/>\nEINGESCHLOSSENES REZEPTBUCH: Lassen Sie sich Tag f\u00fcr Tag von dem mitgelieferten Rezeptbuch mit mehr als 20 Rezepten f\u00fcr leckere Grillabende mit Familie und Freunden inspirieren<br \/>\nEINFACH ZU REINIGEN: Die Fettauffangschale und die abnehmbaren Antihaftplatten sind problemlos sp\u00fclmaschinenfest<\/p>\n<p>FEATURES<\/p>\n<p>Abflussrinne f\u00fcr Saft und Fett: ja<br \/>\nHeizungsanzeige: ja<br \/>\nSp\u00fclmaschinentauglich: ja<br \/>\nTemperaturregelung: ja<br \/>\nMaximale Leistung: 2000W<br \/>\nThermostat: ja<br \/>\nAbnehmbare Platten: ja<br \/>\nZeitschaltuhr: ja<\/p>\n","protected":false},"excerpt":{"rendered":"<p>Garen Sie Fleisch wie ein echter Koch, damit es bei Ihren G\u00e4sten garantiert gut ankommt, unabh\u00e4ngig von der bevorzugten Garstufe (von blutig bis durchgebraten). Die patentierte intelligente OptiGrill-Technologie passt die optimalen Garparameter automatisch an die Dicke des Grillguts an und sorgt so f\u00fcr perfekte Ergebnisse. Lassen Sie sich Schritt f\u00fcr Schritt vom intuitiven Kochassistenten leiten, [&hellip;]<\/p>\n","protected":false},"featured_media":6278085,"template":"","meta":{"_acf_changed":false},"product_cat":[12195,12163],"product_tag":[],"class_list":{"0":"post-52386","1":"product","2":"type-product","3":"status-publish","4":"has-post-thumbnail","6":"product_cat-grills-und-barbecues","7":"product_cat-kleine-elektrogeraete","9":"first","10":"outofstock","11":"taxable","12":"shipping-taxable","13":"product-type-simple","swatches":"rey-swatches","show_selected":"","stretch_labels":"rey-swatches--stretch-labels"},"acf":[],"yoast_head":"<!-- This site is optimized with the Yoast SEO plugin v25.4 - https:\/\/yoast.com\/wordpress\/plugins\/seo\/ -->\n<title>ROWENTA Grillpfanne Optigrill Elite GR750 - dev6 Erresse<\/title>\n<meta name=\"description\" content=\"Garen Sie Fleisch wie ein echter Koch, damit es bei Ihren G\u00e4sten garantiert gut ankommt, unabh\u00e4ngig von der bevorzugten Garstufe (von blutig bis\" \/>\n<meta name=\"robots\" content=\"noindex, follow, max-snippet:-1, max-image-preview:large, max-video-preview:-1\" \/>\n<meta property=\"og:locale\" content=\"de_DE\" \/>\n<meta property=\"og:type\" content=\"article\" \/>\n<meta property=\"og:title\" content=\"ROWENTA Grillpfanne Optigrill Elite GR750 - dev6 Erresse\" \/>\n<meta property=\"og:description\" content=\"Garen Sie Fleisch wie ein echter Koch, damit es bei Ihren G\u00e4sten garantiert gut ankommt, unabh\u00e4ngig von der bevorzugten Garstufe (von blutig bis\" \/>\n<meta property=\"og:url\" content=\"https:\/\/dev6.erresse-shop.it\/de\/shop\/kleine-elektrogeraete\/grills-und-barbecues\/rowenta-grillpfanne-optigrill-elite-gr750\/\" \/>\n<meta property=\"og:site_name\" content=\"dev6 Erresse\" \/>\n<meta property=\"og:image\" content=\"https:\/\/interpim.erresse-shop.it\/img-catalogo\/rowenta\/rowenta-bistecchiera-optigrill-elite-gr750.jpg\" \/><meta property=\"og:image\" content=\"https:\/\/interpim.erresse-shop.it\/img-catalogo\/rowenta\/rowenta-bistecchiera-optigrill-elite-gr750.jpg\" \/>\n\t<meta property=\"og:image:width\" content=\"1024\" \/>\n\t<meta property=\"og:image:height\" content=\"1024\" \/>\n\t<meta property=\"og:image:type\" content=\"image\/jpeg\" \/>\n<meta name=\"twitter:card\" content=\"summary_large_image\" \/>\n<meta name=\"twitter:image\" content=\"https:\/\/interpim.erresse-shop.it\/img-catalogo\/rowenta\/rowenta-bistecchiera-optigrill-elite-gr750.jpg\" \/>\n<script type=\"application\/ld+json\" class=\"yoast-schema-graph\">{\"@context\":\"https:\/\/schema.org\",\"@graph\":[{\"@type\":\"WebPage\",\"@id\":\"https:\/\/dev6.erresse-shop.it\/de\/shop\/kleine-elektrogeraete\/grills-und-barbecues\/rowenta-grillpfanne-optigrill-elite-gr750\/\",\"url\":\"https:\/\/dev6.erresse-shop.it\/de\/shop\/kleine-elektrogeraete\/grills-und-barbecues\/rowenta-grillpfanne-optigrill-elite-gr750\/\",\"name\":\"ROWENTA Grillpfanne Optigrill Elite GR750 - dev6 Erresse\",\"isPartOf\":{\"@id\":\"https:\/\/dev6.erresse-shop.it\/#website\"},\"primaryImageOfPage\":{\"@id\":\"https:\/\/dev6.erresse-shop.it\/de\/shop\/kleine-elektrogeraete\/grills-und-barbecues\/rowenta-grillpfanne-optigrill-elite-gr750\/#primaryimage\"},\"image\":{\"@id\":\"https:\/\/dev6.erresse-shop.it\/de\/shop\/kleine-elektrogeraete\/grills-und-barbecues\/rowenta-grillpfanne-optigrill-elite-gr750\/#primaryimage\"},\"thumbnailUrl\":\"https:\/\/i3.wp.com\/interpim.erresse-shop.it\/img-catalogo\/rowenta\/rowenta-bistecchiera-optigrill-elite-gr750.jpg?ssl=1\",\"datePublished\":\"2026-04-04T07:31:38+00:00\",\"description\":\"Garen Sie Fleisch wie ein echter Koch, damit es bei Ihren G\u00e4sten garantiert gut ankommt, unabh\u00e4ngig von der bevorzugten Garstufe (von blutig bis\",\"breadcrumb\":{\"@id\":\"https:\/\/dev6.erresse-shop.it\/de\/shop\/kleine-elektrogeraete\/grills-und-barbecues\/rowenta-grillpfanne-optigrill-elite-gr750\/#breadcrumb\"},\"inLanguage\":\"de\",\"potentialAction\":[{\"@type\":\"ReadAction\",\"target\":[\"https:\/\/dev6.erresse-shop.it\/de\/shop\/kleine-elektrogeraete\/grills-und-barbecues\/rowenta-grillpfanne-optigrill-elite-gr750\/\"]}]},{\"@type\":\"ImageObject\",\"inLanguage\":\"de\",\"@id\":\"https:\/\/dev6.erresse-shop.it\/de\/shop\/kleine-elektrogeraete\/grills-und-barbecues\/rowenta-grillpfanne-optigrill-elite-gr750\/#primaryimage\",\"url\":\"https:\/\/i3.wp.com\/interpim.erresse-shop.it\/img-catalogo\/rowenta\/rowenta-bistecchiera-optigrill-elite-gr750.jpg?ssl=1\",\"contentUrl\":\"https:\/\/i3.wp.com\/interpim.erresse-shop.it\/img-catalogo\/rowenta\/rowenta-bistecchiera-optigrill-elite-gr750.jpg?ssl=1\"},{\"@type\":\"BreadcrumbList\",\"@id\":\"https:\/\/dev6.erresse-shop.it\/de\/shop\/kleine-elektrogeraete\/grills-und-barbecues\/rowenta-grillpfanne-optigrill-elite-gr750\/#breadcrumb\",\"itemListElement\":[{\"@type\":\"ListItem\",\"position\":1,\"name\":\"Home\",\"item\":\"https:\/\/dev6.erresse-shop.it\/\"},{\"@type\":\"ListItem\",\"position\":2,\"name\":\"Shop\",\"item\":\"https:\/\/dev6.erresse-shop.it\/shop\/\"},{\"@type\":\"ListItem\",\"position\":3,\"name\":\"ROWENTA Grillpfanne Optigrill Elite GR750\"}]},{\"@type\":\"WebSite\",\"@id\":\"https:\/\/dev6.erresse-shop.it\/#website\",\"url\":\"https:\/\/dev6.erresse-shop.it\/\",\"name\":\"Erresse Shop\",\"description\":\"\",\"publisher\":{\"@id\":\"https:\/\/dev6.erresse-shop.it\/#organization\"},\"potentialAction\":[{\"@type\":\"SearchAction\",\"target\":{\"@type\":\"EntryPoint\",\"urlTemplate\":\"https:\/\/dev6.erresse-shop.it\/?s={search_term_string}\"},\"query-input\":{\"@type\":\"PropertyValueSpecification\",\"valueRequired\":true,\"valueName\":\"search_term_string\"}}],\"inLanguage\":\"de\"},{\"@type\":\"Organization\",\"@id\":\"https:\/\/dev6.erresse-shop.it\/#organization\",\"name\":\"Erresse Shop\",\"url\":\"https:\/\/dev6.erresse-shop.it\/\",\"logo\":{\"@type\":\"ImageObject\",\"inLanguage\":\"de\",\"@id\":\"https:\/\/dev6.erresse-shop.it\/#\/schema\/logo\/image\/\",\"url\":\"https:\/\/dev6.erresse-shop.it\/wp-content\/uploads\/2025\/01\/LOGO-ERRESSE-CLASSICO.svg\",\"contentUrl\":\"https:\/\/dev6.erresse-shop.it\/wp-content\/uploads\/2025\/01\/LOGO-ERRESSE-CLASSICO.svg\",\"caption\":\"Erresse Shop\"},\"image\":{\"@id\":\"https:\/\/dev6.erresse-shop.it\/#\/schema\/logo\/image\/\"}}]}<\/script>\n<!-- \/ Yoast SEO plugin. -->","yoast_head_json":{"title":"ROWENTA Grillpfanne Optigrill Elite GR750 - dev6 Erresse","description":"Garen Sie Fleisch wie ein echter Koch, damit es bei Ihren G\u00e4sten garantiert gut ankommt, unabh\u00e4ngig von der bevorzugten Garstufe (von blutig bis","robots":{"index":"noindex","follow":"follow","max-snippet":"max-snippet:-1","max-image-preview":"max-image-preview:large","max-video-preview":"max-video-preview:-1"},"og_locale":"de_DE","og_type":"article","og_title":"ROWENTA Grillpfanne Optigrill Elite GR750 - dev6 Erresse","og_description":"Garen Sie Fleisch wie ein echter Koch, damit es bei Ihren G\u00e4sten garantiert gut ankommt, unabh\u00e4ngig von der bevorzugten Garstufe (von blutig bis","og_url":"https:\/\/dev6.erresse-shop.it\/de\/shop\/kleine-elektrogeraete\/grills-und-barbecues\/rowenta-grillpfanne-optigrill-elite-gr750\/","og_site_name":"dev6 Erresse","og_image":[{"url":"https:\/\/interpim.erresse-shop.it\/img-catalogo\/rowenta\/rowenta-bistecchiera-optigrill-elite-gr750.jpg","type":"","width":"","height":""},{"url":"https:\/\/interpim.erresse-shop.it\/img-catalogo\/rowenta\/rowenta-bistecchiera-optigrill-elite-gr750.jpg","width":1024,"height":1024,"type":"image\/jpeg"}],"twitter_card":"summary_large_image","twitter_image":"https:\/\/interpim.erresse-shop.it\/img-catalogo\/rowenta\/rowenta-bistecchiera-optigrill-elite-gr750.jpg","schema":{"@context":"https:\/\/schema.org","@graph":[{"@type":"WebPage","@id":"https:\/\/dev6.erresse-shop.it\/de\/shop\/kleine-elektrogeraete\/grills-und-barbecues\/rowenta-grillpfanne-optigrill-elite-gr750\/","url":"https:\/\/dev6.erresse-shop.it\/de\/shop\/kleine-elektrogeraete\/grills-und-barbecues\/rowenta-grillpfanne-optigrill-elite-gr750\/","name":"ROWENTA Grillpfanne Optigrill Elite GR750 - dev6 Erresse","isPartOf":{"@id":"https:\/\/dev6.erresse-shop.it\/#website"},"primaryImageOfPage":{"@id":"https:\/\/dev6.erresse-shop.it\/de\/shop\/kleine-elektrogeraete\/grills-und-barbecues\/rowenta-grillpfanne-optigrill-elite-gr750\/#primaryimage"},"image":{"@id":"https:\/\/dev6.erresse-shop.it\/de\/shop\/kleine-elektrogeraete\/grills-und-barbecues\/rowenta-grillpfanne-optigrill-elite-gr750\/#primaryimage"},"thumbnailUrl":"https:\/\/i3.wp.com\/interpim.erresse-shop.it\/img-catalogo\/rowenta\/rowenta-bistecchiera-optigrill-elite-gr750.jpg?ssl=1","datePublished":"2026-04-04T07:31:38+00:00","description":"Garen Sie Fleisch wie ein echter Koch, damit es bei Ihren G\u00e4sten garantiert gut ankommt, unabh\u00e4ngig von der bevorzugten Garstufe (von blutig bis","breadcrumb":{"@id":"https:\/\/dev6.erresse-shop.it\/de\/shop\/kleine-elektrogeraete\/grills-und-barbecues\/rowenta-grillpfanne-optigrill-elite-gr750\/#breadcrumb"},"inLanguage":"de","potentialAction":[{"@type":"ReadAction","target":["https:\/\/dev6.erresse-shop.it\/de\/shop\/kleine-elektrogeraete\/grills-und-barbecues\/rowenta-grillpfanne-optigrill-elite-gr750\/"]}]},{"@type":"ImageObject","inLanguage":"de","@id":"https:\/\/dev6.erresse-shop.it\/de\/shop\/kleine-elektrogeraete\/grills-und-barbecues\/rowenta-grillpfanne-optigrill-elite-gr750\/#primaryimage","url":"https:\/\/i3.wp.com\/interpim.erresse-shop.it\/img-catalogo\/rowenta\/rowenta-bistecchiera-optigrill-elite-gr750.jpg?ssl=1","contentUrl":"https:\/\/i3.wp.com\/interpim.erresse-shop.it\/img-catalogo\/rowenta\/rowenta-bistecchiera-optigrill-elite-gr750.jpg?ssl=1"},{"@type":"BreadcrumbList","@id":"https:\/\/dev6.erresse-shop.it\/de\/shop\/kleine-elektrogeraete\/grills-und-barbecues\/rowenta-grillpfanne-optigrill-elite-gr750\/#breadcrumb","itemListElement":[{"@type":"ListItem","position":1,"name":"Home","item":"https:\/\/dev6.erresse-shop.it\/"},{"@type":"ListItem","position":2,"name":"Shop","item":"https:\/\/dev6.erresse-shop.it\/shop\/"},{"@type":"ListItem","position":3,"name":"ROWENTA Grillpfanne Optigrill Elite GR750"}]},{"@type":"WebSite","@id":"https:\/\/dev6.erresse-shop.it\/#website","url":"https:\/\/dev6.erresse-shop.it\/","name":"Erresse Shop","description":"","publisher":{"@id":"https:\/\/dev6.erresse-shop.it\/#organization"},"potentialAction":[{"@type":"SearchAction","target":{"@type":"EntryPoint","urlTemplate":"https:\/\/dev6.erresse-shop.it\/?s={search_term_string}"},"query-input":{"@type":"PropertyValueSpecification","valueRequired":true,"valueName":"search_term_string"}}],"inLanguage":"de"},{"@type":"Organization","@id":"https:\/\/dev6.erresse-shop.it\/#organization","name":"Erresse Shop","url":"https:\/\/dev6.erresse-shop.it\/","logo":{"@type":"ImageObject","inLanguage":"de","@id":"https:\/\/dev6.erresse-shop.it\/#\/schema\/logo\/image\/","url":"https:\/\/dev6.erresse-shop.it\/wp-content\/uploads\/2025\/01\/LOGO-ERRESSE-CLASSICO.svg","contentUrl":"https:\/\/dev6.erresse-shop.it\/wp-content\/uploads\/2025\/01\/LOGO-ERRESSE-CLASSICO.svg","caption":"Erresse Shop"},"image":{"@id":"https:\/\/dev6.erresse-shop.it\/#\/schema\/logo\/image\/"}}]}},"df_price":"","df_sale_price":"","df_regular_price":"","df_image_link":"https:\/\/i3.wp.com\/interpim.erresse-shop.it\/img-catalogo\/rowenta\/rowenta-bistecchiera-optigrill-elite-gr750.jpg?resize=300,300&ssl=1","fifu_image_url":"https:\/\/interpim.erresse-shop.it\/img-catalogo\/rowenta\/rowenta-bistecchiera-optigrill-elite-gr750.jpg","_links":{"self":[{"href":"https:\/\/dev6.erresse-shop.it\/de\/wp-json\/wp\/v2\/product\/52386","targetHints":{"allow":["GET"]}}],"collection":[{"href":"https:\/\/dev6.erresse-shop.it\/de\/wp-json\/wp\/v2\/product"}],"about":[{"href":"https:\/\/dev6.erresse-shop.it\/de\/wp-json\/wp\/v2\/types\/product"}],"wp:featuredmedia":[{"embeddable":true,"href":"https:\/\/dev6.erresse-shop.it\/de\/wp-json\/wp\/v2\/media\/6278085"}],"wp:attachment":[{"href":"https:\/\/dev6.erresse-shop.it\/de\/wp-json\/wp\/v2\/media?parent=52386"}],"wp:term":[{"taxonomy":"product_cat","embeddable":true,"href":"https:\/\/dev6.erresse-shop.it\/de\/wp-json\/wp\/v2\/product_cat?post=52386"},{"taxonomy":"product_tag","embeddable":true,"href":"https:\/\/dev6.erresse-shop.it\/de\/wp-json\/wp\/v2\/product_tag?post=52386"}],"curies":[{"name":"wp","href":"https:\/\/api.w.org\/{rel}","templated":true}]}}