{"id":52384,"date":"2026-04-12T09:33:33","date_gmt":"2026-04-12T07:33:33","guid":{"rendered":"https:\/\/dev6.erresse-shop.it\/shop\/unkategorisiert\/weber-elektrogrill-q-2400\/"},"modified":"2025-07-03T20:42:37","modified_gmt":"2025-07-03T18:42:37","slug":"weber-elektrogrill-q-2400","status":"publish","type":"product","link":"https:\/\/dev6.erresse-shop.it\/de\/shop\/kleine-elektrogeraete\/grills-und-barbecues\/weber-elektrogrill-q-2400\/","title":{"rendered":"WEBER Elektrogrill Q 2400"},"content":{"rendered":"<p>Der Weber Q2400 Elektrogrill erm\u00f6glicht es, auf jeder Art von Terrasse eine gro\u00dfe Menge an Speisen zu grillen. Deshalb ist er der empfohlene Grill f\u00fcr Menschen, die in der Stadt leben oder das Ger\u00e4t leicht zu ihrem Ferienhaus transportieren m\u00fcssen. Kompakt, leistungsstark und effizient, garantiert er maximale Ergebnisse bei minimalem Aufwand. Und das alles ohne die l\u00e4stige Gasflasche und ohne die Unannehmlichkeiten des Nachf\u00fcllens.<\/p>\n<p>EIGENSCHAFTEN<\/p>\n<p>Leistung: 2,2 Kw<br \/>\nDeckel mit W\u00e4rmeabweiser Um die Leistung des Grills zu erh\u00f6hen, wurde ein W\u00e4rmeabweiser an der Innenwand des Deckels angebracht; diese Vorrichtung sorgt f\u00fcr eine gleichm\u00e4\u00dfigere W\u00e4rmeverteilung und erh\u00f6ht die Effizienz (und die Temperatur) der Konvektionsstr\u00f6me f\u00fcr ein Rundum-Garen.<br \/>\nder Deckel und die Grillschale aus Aluminiumguss machen den Grill sehr leicht und daher einfach zu transportieren<br \/>\npraktische, leicht herausnehmbare Einweg-Fettauffangschale zur einfachen Reinigung des Grills<br \/>\nGr\u00f6\u00dfe des Grills: 55 x 39 cm; die Roste sind vollst\u00e4ndig aus schwerem Gusseisen gefertigt: dieser Grill erm\u00f6glicht das Garen jeder Art von Steak, von Scheiben bis zu 2 kg schweren T-Bone-Steaks<br \/>\nDrehknopf zur Temperaturregelung<br \/>\nGestell aus glasfaserverst\u00e4rktem Nylon<br \/>\ngro\u00dfer w\u00e4rmeisolierender Griff<\/p>\n<p>TECHNISCHE DATEN<\/p>\n<p>Abmessungen \u2013 Deckel offen: 66,1 cm H x 80,1 cm B x 63,8 cm T<br \/>\nAbmessungen \u2013 Deckel geschlossen: 36,9 cm H x 80,1 cm B x 49,6 cm T<br \/>\nGesamte Kochfl\u00e4che: 54\u00d739 cm<br \/>\nBrennstoffart: elektrisch<\/p>\n","protected":false},"excerpt":{"rendered":"<p>Der Weber Q2400 Elektrogrill erm\u00f6glicht es, auf jeder Art von Terrasse eine gro\u00dfe Menge an Speisen zu grillen. Deshalb ist er der empfohlene Grill f\u00fcr Menschen, die in der Stadt leben oder das Ger\u00e4t leicht zu ihrem Ferienhaus transportieren m\u00fcssen. Kompakt, leistungsstark und effizient, garantiert er maximale Ergebnisse bei minimalem Aufwand. Und das alles ohne [&hellip;]<\/p>\n","protected":false},"featured_media":6361329,"template":"","meta":{"_acf_changed":false},"product_cat":[12195,12163],"product_tag":[],"class_list":{"0":"post-52384","1":"product","2":"type-product","3":"status-publish","4":"has-post-thumbnail","6":"product_cat-grills-und-barbecues","7":"product_cat-kleine-elektrogeraete","9":"first","10":"outofstock","11":"sale","12":"taxable","13":"shipping-taxable","14":"purchasable","15":"product-type-simple","swatches":"rey-swatches","show_selected":"","stretch_labels":"rey-swatches--stretch-labels"},"acf":[],"yoast_head":"<!-- This site is optimized with the Yoast SEO plugin v25.4 - https:\/\/yoast.com\/wordpress\/plugins\/seo\/ -->\n<title>WEBER Elektrogrill Q 2400 - dev6 Erresse<\/title>\n<meta name=\"description\" content=\"Der Weber Q2400 Elektrogrill erm\u00f6glicht es, auf jeder Art von Terrasse eine gro\u00dfe Menge an Speisen zu grillen. Deshalb ist er der empfohlene Grill f\u00fcr\" \/>\n<meta name=\"robots\" content=\"noindex, follow, max-snippet:-1, max-image-preview:large, max-video-preview:-1\" \/>\n<meta property=\"og:locale\" content=\"de_DE\" \/>\n<meta property=\"og:type\" content=\"article\" \/>\n<meta property=\"og:title\" content=\"WEBER Elektrogrill Q 2400 - dev6 Erresse\" \/>\n<meta property=\"og:description\" content=\"Der Weber Q2400 Elektrogrill erm\u00f6glicht es, auf jeder Art von Terrasse eine gro\u00dfe Menge an Speisen zu grillen. Deshalb ist er der empfohlene Grill f\u00fcr\" \/>\n<meta property=\"og:url\" content=\"https:\/\/dev6.erresse-shop.it\/de\/shop\/kleine-elektrogeraete\/grills-und-barbecues\/weber-elektrogrill-q-2400\/\" \/>\n<meta property=\"og:site_name\" content=\"dev6 Erresse\" \/>\n<meta property=\"og:image\" content=\"https:\/\/interpim.erresse-shop.it\/img-catalogo\/weber\/weber-barbecue-elettrico-q-2400.jpg\" \/><meta property=\"og:image\" content=\"https:\/\/interpim.erresse-shop.it\/img-catalogo\/weber\/weber-barbecue-elettrico-q-2400.jpg\" \/>\n\t<meta property=\"og:image:width\" content=\"1024\" \/>\n\t<meta property=\"og:image:height\" content=\"1024\" \/>\n\t<meta property=\"og:image:type\" content=\"image\/jpeg\" \/>\n<meta name=\"twitter:card\" content=\"summary_large_image\" \/>\n<meta name=\"twitter:image\" content=\"https:\/\/interpim.erresse-shop.it\/img-catalogo\/weber\/weber-barbecue-elettrico-q-2400.jpg\" \/>\n<script type=\"application\/ld+json\" class=\"yoast-schema-graph\">{\"@context\":\"https:\/\/schema.org\",\"@graph\":[{\"@type\":\"WebPage\",\"@id\":\"https:\/\/dev6.erresse-shop.it\/de\/shop\/kleine-elektrogeraete\/grills-und-barbecues\/weber-elektrogrill-q-2400\/\",\"url\":\"https:\/\/dev6.erresse-shop.it\/de\/shop\/kleine-elektrogeraete\/grills-und-barbecues\/weber-elektrogrill-q-2400\/\",\"name\":\"WEBER Elektrogrill Q 2400 - dev6 Erresse\",\"isPartOf\":{\"@id\":\"https:\/\/dev6.erresse-shop.it\/#website\"},\"primaryImageOfPage\":{\"@id\":\"https:\/\/dev6.erresse-shop.it\/de\/shop\/kleine-elektrogeraete\/grills-und-barbecues\/weber-elektrogrill-q-2400\/#primaryimage\"},\"image\":{\"@id\":\"https:\/\/dev6.erresse-shop.it\/de\/shop\/kleine-elektrogeraete\/grills-und-barbecues\/weber-elektrogrill-q-2400\/#primaryimage\"},\"thumbnailUrl\":\"https:\/\/i1.wp.com\/interpim.erresse-shop.it\/img-catalogo\/weber\/weber-barbecue-elettrico-q-2400.jpg?ssl=1\",\"datePublished\":\"2026-04-12T07:33:33+00:00\",\"description\":\"Der Weber Q2400 Elektrogrill erm\u00f6glicht es, auf jeder Art von Terrasse eine gro\u00dfe Menge an Speisen zu grillen. Deshalb ist er der empfohlene Grill f\u00fcr\",\"breadcrumb\":{\"@id\":\"https:\/\/dev6.erresse-shop.it\/de\/shop\/kleine-elektrogeraete\/grills-und-barbecues\/weber-elektrogrill-q-2400\/#breadcrumb\"},\"inLanguage\":\"de\",\"potentialAction\":[{\"@type\":\"ReadAction\",\"target\":[\"https:\/\/dev6.erresse-shop.it\/de\/shop\/kleine-elektrogeraete\/grills-und-barbecues\/weber-elektrogrill-q-2400\/\"]}]},{\"@type\":\"ImageObject\",\"inLanguage\":\"de\",\"@id\":\"https:\/\/dev6.erresse-shop.it\/de\/shop\/kleine-elektrogeraete\/grills-und-barbecues\/weber-elektrogrill-q-2400\/#primaryimage\",\"url\":\"https:\/\/i1.wp.com\/interpim.erresse-shop.it\/img-catalogo\/weber\/weber-barbecue-elettrico-q-2400.jpg?ssl=1\",\"contentUrl\":\"https:\/\/i1.wp.com\/interpim.erresse-shop.it\/img-catalogo\/weber\/weber-barbecue-elettrico-q-2400.jpg?ssl=1\"},{\"@type\":\"BreadcrumbList\",\"@id\":\"https:\/\/dev6.erresse-shop.it\/de\/shop\/kleine-elektrogeraete\/grills-und-barbecues\/weber-elektrogrill-q-2400\/#breadcrumb\",\"itemListElement\":[{\"@type\":\"ListItem\",\"position\":1,\"name\":\"Home\",\"item\":\"https:\/\/dev6.erresse-shop.it\/\"},{\"@type\":\"ListItem\",\"position\":2,\"name\":\"Shop\",\"item\":\"https:\/\/dev6.erresse-shop.it\/shop\/\"},{\"@type\":\"ListItem\",\"position\":3,\"name\":\"WEBER Elektrogrill Q 2400\"}]},{\"@type\":\"WebSite\",\"@id\":\"https:\/\/dev6.erresse-shop.it\/#website\",\"url\":\"https:\/\/dev6.erresse-shop.it\/\",\"name\":\"Erresse Shop\",\"description\":\"\",\"publisher\":{\"@id\":\"https:\/\/dev6.erresse-shop.it\/#organization\"},\"potentialAction\":[{\"@type\":\"SearchAction\",\"target\":{\"@type\":\"EntryPoint\",\"urlTemplate\":\"https:\/\/dev6.erresse-shop.it\/?s={search_term_string}\"},\"query-input\":{\"@type\":\"PropertyValueSpecification\",\"valueRequired\":true,\"valueName\":\"search_term_string\"}}],\"inLanguage\":\"de\"},{\"@type\":\"Organization\",\"@id\":\"https:\/\/dev6.erresse-shop.it\/#organization\",\"name\":\"Erresse Shop\",\"url\":\"https:\/\/dev6.erresse-shop.it\/\",\"logo\":{\"@type\":\"ImageObject\",\"inLanguage\":\"de\",\"@id\":\"https:\/\/dev6.erresse-shop.it\/#\/schema\/logo\/image\/\",\"url\":\"https:\/\/dev6.erresse-shop.it\/wp-content\/uploads\/2025\/01\/LOGO-ERRESSE-CLASSICO.svg\",\"contentUrl\":\"https:\/\/dev6.erresse-shop.it\/wp-content\/uploads\/2025\/01\/LOGO-ERRESSE-CLASSICO.svg\",\"caption\":\"Erresse Shop\"},\"image\":{\"@id\":\"https:\/\/dev6.erresse-shop.it\/#\/schema\/logo\/image\/\"}}]}<\/script>\n<!-- \/ Yoast SEO plugin. -->","yoast_head_json":{"title":"WEBER Elektrogrill Q 2400 - dev6 Erresse","description":"Der Weber Q2400 Elektrogrill erm\u00f6glicht es, auf jeder Art von Terrasse eine gro\u00dfe Menge an Speisen zu grillen. Deshalb ist er der empfohlene Grill f\u00fcr","robots":{"index":"noindex","follow":"follow","max-snippet":"max-snippet:-1","max-image-preview":"max-image-preview:large","max-video-preview":"max-video-preview:-1"},"og_locale":"de_DE","og_type":"article","og_title":"WEBER Elektrogrill Q 2400 - dev6 Erresse","og_description":"Der Weber Q2400 Elektrogrill erm\u00f6glicht es, auf jeder Art von Terrasse eine gro\u00dfe Menge an Speisen zu grillen. Deshalb ist er der empfohlene Grill f\u00fcr","og_url":"https:\/\/dev6.erresse-shop.it\/de\/shop\/kleine-elektrogeraete\/grills-und-barbecues\/weber-elektrogrill-q-2400\/","og_site_name":"dev6 Erresse","og_image":[{"url":"https:\/\/interpim.erresse-shop.it\/img-catalogo\/weber\/weber-barbecue-elettrico-q-2400.jpg","type":"","width":"","height":""},{"url":"https:\/\/interpim.erresse-shop.it\/img-catalogo\/weber\/weber-barbecue-elettrico-q-2400.jpg","width":1024,"height":1024,"type":"image\/jpeg"}],"twitter_card":"summary_large_image","twitter_image":"https:\/\/interpim.erresse-shop.it\/img-catalogo\/weber\/weber-barbecue-elettrico-q-2400.jpg","schema":{"@context":"https:\/\/schema.org","@graph":[{"@type":"WebPage","@id":"https:\/\/dev6.erresse-shop.it\/de\/shop\/kleine-elektrogeraete\/grills-und-barbecues\/weber-elektrogrill-q-2400\/","url":"https:\/\/dev6.erresse-shop.it\/de\/shop\/kleine-elektrogeraete\/grills-und-barbecues\/weber-elektrogrill-q-2400\/","name":"WEBER Elektrogrill Q 2400 - dev6 Erresse","isPartOf":{"@id":"https:\/\/dev6.erresse-shop.it\/#website"},"primaryImageOfPage":{"@id":"https:\/\/dev6.erresse-shop.it\/de\/shop\/kleine-elektrogeraete\/grills-und-barbecues\/weber-elektrogrill-q-2400\/#primaryimage"},"image":{"@id":"https:\/\/dev6.erresse-shop.it\/de\/shop\/kleine-elektrogeraete\/grills-und-barbecues\/weber-elektrogrill-q-2400\/#primaryimage"},"thumbnailUrl":"https:\/\/i1.wp.com\/interpim.erresse-shop.it\/img-catalogo\/weber\/weber-barbecue-elettrico-q-2400.jpg?ssl=1","datePublished":"2026-04-12T07:33:33+00:00","description":"Der Weber Q2400 Elektrogrill erm\u00f6glicht es, auf jeder Art von Terrasse eine gro\u00dfe Menge an Speisen zu grillen. Deshalb ist er der empfohlene Grill f\u00fcr","breadcrumb":{"@id":"https:\/\/dev6.erresse-shop.it\/de\/shop\/kleine-elektrogeraete\/grills-und-barbecues\/weber-elektrogrill-q-2400\/#breadcrumb"},"inLanguage":"de","potentialAction":[{"@type":"ReadAction","target":["https:\/\/dev6.erresse-shop.it\/de\/shop\/kleine-elektrogeraete\/grills-und-barbecues\/weber-elektrogrill-q-2400\/"]}]},{"@type":"ImageObject","inLanguage":"de","@id":"https:\/\/dev6.erresse-shop.it\/de\/shop\/kleine-elektrogeraete\/grills-und-barbecues\/weber-elektrogrill-q-2400\/#primaryimage","url":"https:\/\/i1.wp.com\/interpim.erresse-shop.it\/img-catalogo\/weber\/weber-barbecue-elettrico-q-2400.jpg?ssl=1","contentUrl":"https:\/\/i1.wp.com\/interpim.erresse-shop.it\/img-catalogo\/weber\/weber-barbecue-elettrico-q-2400.jpg?ssl=1"},{"@type":"BreadcrumbList","@id":"https:\/\/dev6.erresse-shop.it\/de\/shop\/kleine-elektrogeraete\/grills-und-barbecues\/weber-elektrogrill-q-2400\/#breadcrumb","itemListElement":[{"@type":"ListItem","position":1,"name":"Home","item":"https:\/\/dev6.erresse-shop.it\/"},{"@type":"ListItem","position":2,"name":"Shop","item":"https:\/\/dev6.erresse-shop.it\/shop\/"},{"@type":"ListItem","position":3,"name":"WEBER Elektrogrill Q 2400"}]},{"@type":"WebSite","@id":"https:\/\/dev6.erresse-shop.it\/#website","url":"https:\/\/dev6.erresse-shop.it\/","name":"Erresse Shop","description":"","publisher":{"@id":"https:\/\/dev6.erresse-shop.it\/#organization"},"potentialAction":[{"@type":"SearchAction","target":{"@type":"EntryPoint","urlTemplate":"https:\/\/dev6.erresse-shop.it\/?s={search_term_string}"},"query-input":{"@type":"PropertyValueSpecification","valueRequired":true,"valueName":"search_term_string"}}],"inLanguage":"de"},{"@type":"Organization","@id":"https:\/\/dev6.erresse-shop.it\/#organization","name":"Erresse Shop","url":"https:\/\/dev6.erresse-shop.it\/","logo":{"@type":"ImageObject","inLanguage":"de","@id":"https:\/\/dev6.erresse-shop.it\/#\/schema\/logo\/image\/","url":"https:\/\/dev6.erresse-shop.it\/wp-content\/uploads\/2025\/01\/LOGO-ERRESSE-CLASSICO.svg","contentUrl":"https:\/\/dev6.erresse-shop.it\/wp-content\/uploads\/2025\/01\/LOGO-ERRESSE-CLASSICO.svg","caption":"Erresse Shop"},"image":{"@id":"https:\/\/dev6.erresse-shop.it\/#\/schema\/logo\/image\/"}}]}},"df_price":501.39,"df_sale_price":501.39,"df_regular_price":549,"df_image_link":"https:\/\/i1.wp.com\/interpim.erresse-shop.it\/img-catalogo\/weber\/weber-barbecue-elettrico-q-2400.jpg?resize=300,300&ssl=1","fifu_image_url":"https:\/\/interpim.erresse-shop.it\/img-catalogo\/weber\/weber-barbecue-elettrico-q-2400.jpg","_links":{"self":[{"href":"https:\/\/dev6.erresse-shop.it\/de\/wp-json\/wp\/v2\/product\/52384","targetHints":{"allow":["GET"]}}],"collection":[{"href":"https:\/\/dev6.erresse-shop.it\/de\/wp-json\/wp\/v2\/product"}],"about":[{"href":"https:\/\/dev6.erresse-shop.it\/de\/wp-json\/wp\/v2\/types\/product"}],"wp:featuredmedia":[{"embeddable":true,"href":"https:\/\/dev6.erresse-shop.it\/de\/wp-json\/wp\/v2\/media\/6361329"}],"wp:attachment":[{"href":"https:\/\/dev6.erresse-shop.it\/de\/wp-json\/wp\/v2\/media?parent=52384"}],"wp:term":[{"taxonomy":"product_cat","embeddable":true,"href":"https:\/\/dev6.erresse-shop.it\/de\/wp-json\/wp\/v2\/product_cat?post=52384"},{"taxonomy":"product_tag","embeddable":true,"href":"https:\/\/dev6.erresse-shop.it\/de\/wp-json\/wp\/v2\/product_tag?post=52384"}],"curies":[{"name":"wp","href":"https:\/\/api.w.org\/{rel}","templated":true}]}}