{"id":52327,"date":"2026-04-12T09:32:03","date_gmt":"2026-04-12T07:32:03","guid":{"rendered":"https:\/\/dev6.erresse-shop.it\/shop\/unkategorisiert\/venini-labuan-vase-horizont-h385\/"},"modified":"2025-07-03T20:42:10","modified_gmt":"2025-07-03T18:42:10","slug":"venini-labuan-vase-horizont-h385","status":"publish","type":"product","link":"https:\/\/dev6.erresse-shop.it\/de\/shop\/einrichtung-haus\/vasen\/venini-labuan-vase-horizont-h385\/","title":{"rendered":"VENINI Labuan Vase Horizont H38,5"},"content":{"rendered":"<p>Labuan-Vase aus mundgeblasenem und handbearbeitetem Glas in Opalinetechnik.<br \/>\nDie Innenfarbe ist milchig wei\u00df mit einem sch\u00f6nen intensiven T\u00fcrkis. Der Orient war schon immer eine Quelle der kreativen Inspiration. Weiche Kurven bestimmen so die formale Reinheit dieser Kollektion.<br \/>\nTechnik: Opaline<br \/>\nLattimo ist ein undurchsichtiges wei\u00dfes Glas, das um die Mitte des 15. Jahrhunderts in Murano erfunden wurde, um die ersten Porzellane zu imitieren, die in Europa sehr in Mode waren. Es wird durch \u201c\u00dcberlagerung\u201d von Gitterglas mit einem oder mehreren d\u00fcnnen transparenten und farbigen Gl\u00e4sern hergestellt, wodurch pr\u00e4chtige Objekte mit intensiven und leuchtenden Farben entstehen. Die \u00dcberlagerung geht auf die historischen Glasmachertechniken von Murano zur\u00fcck. Diese wunderbare Kunst erfordert das Geschick und die Professionalit\u00e4t des Glasbl\u00e4sers; es ist ein uraltes Handwerk, dessen Geheimnisse von Vater zu Sohn weitergegeben werden.<br \/>\nDie Labuan-Kollektion erinnert in ihrer Formgebung an alte orientalische Porzellanvasen. Labuan ist zum einen die malaysische Insel, die in den Romanen von Emilio Salgari erw\u00e4hnt wird, und zum anderen die pr\u00e4chtige Vase, die von der venezianischen Gesellschaft geschaffen wurde.<\/p>\n","protected":false},"excerpt":{"rendered":"<p>Labuan-Vase aus mundgeblasenem und handbearbeitetem Glas in Opalinetechnik. Die Innenfarbe ist milchig wei\u00df mit einem sch\u00f6nen intensiven T\u00fcrkis. Der Orient war schon immer eine Quelle der kreativen Inspiration. Weiche Kurven bestimmen so die formale Reinheit dieser Kollektion. Technik: Opaline Lattimo ist ein undurchsichtiges wei\u00dfes Glas, das um die Mitte des 15. Jahrhunderts in Murano erfunden [&hellip;]<\/p>\n","protected":false},"featured_media":6361251,"template":"","meta":{"_acf_changed":false},"product_cat":[11666,12098,12126],"product_tag":[],"class_list":{"0":"post-52327","1":"product","2":"type-product","3":"status-publish","4":"has-post-thumbnail","6":"product_cat-arredamento-casa","7":"product_cat-einrichtung-haus","8":"product_cat-vasen","10":"first","11":"outofstock","12":"taxable","13":"shipping-taxable","14":"purchasable","15":"product-type-simple","swatches":"rey-swatches","show_selected":"","stretch_labels":"rey-swatches--stretch-labels"},"acf":[],"yoast_head":"<!-- This site is optimized with the Yoast SEO plugin v25.4 - https:\/\/yoast.com\/wordpress\/plugins\/seo\/ -->\n<title>VENINI Labuan Vase Horizont H38,5 - dev6 Erresse<\/title>\n<meta name=\"description\" content=\"Labuan-Vase aus mundgeblasenem und handbearbeitetem Glas in Opalinetechnik. Die Innenfarbe ist milchig wei\u00df mit einem sch\u00f6nen intensiven T\u00fcrkis. Der\" \/>\n<meta name=\"robots\" content=\"noindex, follow, max-snippet:-1, max-image-preview:large, max-video-preview:-1\" \/>\n<meta property=\"og:locale\" content=\"de_DE\" \/>\n<meta property=\"og:type\" content=\"article\" \/>\n<meta property=\"og:title\" content=\"VENINI Labuan Vase Horizont H38,5 - dev6 Erresse\" \/>\n<meta property=\"og:description\" content=\"Labuan-Vase aus mundgeblasenem und handbearbeitetem Glas in Opalinetechnik. Die Innenfarbe ist milchig wei\u00df mit einem sch\u00f6nen intensiven T\u00fcrkis. Der\" \/>\n<meta property=\"og:url\" content=\"https:\/\/dev6.erresse-shop.it\/de\/shop\/einrichtung-haus\/vasen\/venini-labuan-vase-horizont-h385\/\" \/>\n<meta property=\"og:site_name\" content=\"dev6 Erresse\" \/>\n<meta property=\"og:image\" content=\"https:\/\/interpim.erresse-shop.it\/img-catalogo\/venini\/venini-vaso-labuan-orizzonte-h385.jpg\" \/><meta property=\"og:image\" content=\"https:\/\/interpim.erresse-shop.it\/img-catalogo\/venini\/venini-vaso-labuan-orizzonte-h385.jpg\" \/>\n\t<meta property=\"og:image:width\" content=\"1024\" \/>\n\t<meta property=\"og:image:height\" content=\"1024\" \/>\n\t<meta property=\"og:image:type\" content=\"image\/jpeg\" \/>\n<meta name=\"twitter:card\" content=\"summary_large_image\" \/>\n<meta name=\"twitter:image\" content=\"https:\/\/interpim.erresse-shop.it\/img-catalogo\/venini\/venini-vaso-labuan-orizzonte-h385.jpg\" \/>\n<script type=\"application\/ld+json\" class=\"yoast-schema-graph\">{\"@context\":\"https:\/\/schema.org\",\"@graph\":[{\"@type\":\"WebPage\",\"@id\":\"https:\/\/dev6.erresse-shop.it\/de\/shop\/einrichtung-haus\/vasen\/venini-labuan-vase-horizont-h385\/\",\"url\":\"https:\/\/dev6.erresse-shop.it\/de\/shop\/einrichtung-haus\/vasen\/venini-labuan-vase-horizont-h385\/\",\"name\":\"VENINI Labuan Vase Horizont H38,5 - dev6 Erresse\",\"isPartOf\":{\"@id\":\"https:\/\/dev6.erresse-shop.it\/#website\"},\"primaryImageOfPage\":{\"@id\":\"https:\/\/dev6.erresse-shop.it\/de\/shop\/einrichtung-haus\/vasen\/venini-labuan-vase-horizont-h385\/#primaryimage\"},\"image\":{\"@id\":\"https:\/\/dev6.erresse-shop.it\/de\/shop\/einrichtung-haus\/vasen\/venini-labuan-vase-horizont-h385\/#primaryimage\"},\"thumbnailUrl\":\"https:\/\/i2.wp.com\/interpim.erresse-shop.it\/img-catalogo\/venini\/venini-vaso-labuan-orizzonte-h385.jpg?ssl=1\",\"datePublished\":\"2026-04-12T07:32:03+00:00\",\"description\":\"Labuan-Vase aus mundgeblasenem und handbearbeitetem Glas in Opalinetechnik. Die Innenfarbe ist milchig wei\u00df mit einem sch\u00f6nen intensiven T\u00fcrkis. Der\",\"breadcrumb\":{\"@id\":\"https:\/\/dev6.erresse-shop.it\/de\/shop\/einrichtung-haus\/vasen\/venini-labuan-vase-horizont-h385\/#breadcrumb\"},\"inLanguage\":\"de\",\"potentialAction\":[{\"@type\":\"ReadAction\",\"target\":[\"https:\/\/dev6.erresse-shop.it\/de\/shop\/einrichtung-haus\/vasen\/venini-labuan-vase-horizont-h385\/\"]}]},{\"@type\":\"ImageObject\",\"inLanguage\":\"de\",\"@id\":\"https:\/\/dev6.erresse-shop.it\/de\/shop\/einrichtung-haus\/vasen\/venini-labuan-vase-horizont-h385\/#primaryimage\",\"url\":\"https:\/\/i2.wp.com\/interpim.erresse-shop.it\/img-catalogo\/venini\/venini-vaso-labuan-orizzonte-h385.jpg?ssl=1\",\"contentUrl\":\"https:\/\/i2.wp.com\/interpim.erresse-shop.it\/img-catalogo\/venini\/venini-vaso-labuan-orizzonte-h385.jpg?ssl=1\"},{\"@type\":\"BreadcrumbList\",\"@id\":\"https:\/\/dev6.erresse-shop.it\/de\/shop\/einrichtung-haus\/vasen\/venini-labuan-vase-horizont-h385\/#breadcrumb\",\"itemListElement\":[{\"@type\":\"ListItem\",\"position\":1,\"name\":\"Home\",\"item\":\"https:\/\/dev6.erresse-shop.it\/\"},{\"@type\":\"ListItem\",\"position\":2,\"name\":\"Shop\",\"item\":\"https:\/\/dev6.erresse-shop.it\/shop\/\"},{\"@type\":\"ListItem\",\"position\":3,\"name\":\"VENINI Labuan Vase Horizont H38,5\"}]},{\"@type\":\"WebSite\",\"@id\":\"https:\/\/dev6.erresse-shop.it\/#website\",\"url\":\"https:\/\/dev6.erresse-shop.it\/\",\"name\":\"Erresse Shop\",\"description\":\"\",\"publisher\":{\"@id\":\"https:\/\/dev6.erresse-shop.it\/#organization\"},\"potentialAction\":[{\"@type\":\"SearchAction\",\"target\":{\"@type\":\"EntryPoint\",\"urlTemplate\":\"https:\/\/dev6.erresse-shop.it\/?s={search_term_string}\"},\"query-input\":{\"@type\":\"PropertyValueSpecification\",\"valueRequired\":true,\"valueName\":\"search_term_string\"}}],\"inLanguage\":\"de\"},{\"@type\":\"Organization\",\"@id\":\"https:\/\/dev6.erresse-shop.it\/#organization\",\"name\":\"Erresse Shop\",\"url\":\"https:\/\/dev6.erresse-shop.it\/\",\"logo\":{\"@type\":\"ImageObject\",\"inLanguage\":\"de\",\"@id\":\"https:\/\/dev6.erresse-shop.it\/#\/schema\/logo\/image\/\",\"url\":\"https:\/\/dev6.erresse-shop.it\/wp-content\/uploads\/2025\/01\/LOGO-ERRESSE-CLASSICO.svg\",\"contentUrl\":\"https:\/\/dev6.erresse-shop.it\/wp-content\/uploads\/2025\/01\/LOGO-ERRESSE-CLASSICO.svg\",\"caption\":\"Erresse Shop\"},\"image\":{\"@id\":\"https:\/\/dev6.erresse-shop.it\/#\/schema\/logo\/image\/\"}}]}<\/script>\n<!-- \/ Yoast SEO plugin. -->","yoast_head_json":{"title":"VENINI Labuan Vase Horizont H38,5 - dev6 Erresse","description":"Labuan-Vase aus mundgeblasenem und handbearbeitetem Glas in Opalinetechnik. Die Innenfarbe ist milchig wei\u00df mit einem sch\u00f6nen intensiven T\u00fcrkis. Der","robots":{"index":"noindex","follow":"follow","max-snippet":"max-snippet:-1","max-image-preview":"max-image-preview:large","max-video-preview":"max-video-preview:-1"},"og_locale":"de_DE","og_type":"article","og_title":"VENINI Labuan Vase Horizont H38,5 - dev6 Erresse","og_description":"Labuan-Vase aus mundgeblasenem und handbearbeitetem Glas in Opalinetechnik. Die Innenfarbe ist milchig wei\u00df mit einem sch\u00f6nen intensiven T\u00fcrkis. Der","og_url":"https:\/\/dev6.erresse-shop.it\/de\/shop\/einrichtung-haus\/vasen\/venini-labuan-vase-horizont-h385\/","og_site_name":"dev6 Erresse","og_image":[{"url":"https:\/\/interpim.erresse-shop.it\/img-catalogo\/venini\/venini-vaso-labuan-orizzonte-h385.jpg","type":"","width":"","height":""},{"url":"https:\/\/interpim.erresse-shop.it\/img-catalogo\/venini\/venini-vaso-labuan-orizzonte-h385.jpg","width":1024,"height":1024,"type":"image\/jpeg"}],"twitter_card":"summary_large_image","twitter_image":"https:\/\/interpim.erresse-shop.it\/img-catalogo\/venini\/venini-vaso-labuan-orizzonte-h385.jpg","schema":{"@context":"https:\/\/schema.org","@graph":[{"@type":"WebPage","@id":"https:\/\/dev6.erresse-shop.it\/de\/shop\/einrichtung-haus\/vasen\/venini-labuan-vase-horizont-h385\/","url":"https:\/\/dev6.erresse-shop.it\/de\/shop\/einrichtung-haus\/vasen\/venini-labuan-vase-horizont-h385\/","name":"VENINI Labuan Vase Horizont H38,5 - dev6 Erresse","isPartOf":{"@id":"https:\/\/dev6.erresse-shop.it\/#website"},"primaryImageOfPage":{"@id":"https:\/\/dev6.erresse-shop.it\/de\/shop\/einrichtung-haus\/vasen\/venini-labuan-vase-horizont-h385\/#primaryimage"},"image":{"@id":"https:\/\/dev6.erresse-shop.it\/de\/shop\/einrichtung-haus\/vasen\/venini-labuan-vase-horizont-h385\/#primaryimage"},"thumbnailUrl":"https:\/\/i2.wp.com\/interpim.erresse-shop.it\/img-catalogo\/venini\/venini-vaso-labuan-orizzonte-h385.jpg?ssl=1","datePublished":"2026-04-12T07:32:03+00:00","description":"Labuan-Vase aus mundgeblasenem und handbearbeitetem Glas in Opalinetechnik. Die Innenfarbe ist milchig wei\u00df mit einem sch\u00f6nen intensiven T\u00fcrkis. Der","breadcrumb":{"@id":"https:\/\/dev6.erresse-shop.it\/de\/shop\/einrichtung-haus\/vasen\/venini-labuan-vase-horizont-h385\/#breadcrumb"},"inLanguage":"de","potentialAction":[{"@type":"ReadAction","target":["https:\/\/dev6.erresse-shop.it\/de\/shop\/einrichtung-haus\/vasen\/venini-labuan-vase-horizont-h385\/"]}]},{"@type":"ImageObject","inLanguage":"de","@id":"https:\/\/dev6.erresse-shop.it\/de\/shop\/einrichtung-haus\/vasen\/venini-labuan-vase-horizont-h385\/#primaryimage","url":"https:\/\/i2.wp.com\/interpim.erresse-shop.it\/img-catalogo\/venini\/venini-vaso-labuan-orizzonte-h385.jpg?ssl=1","contentUrl":"https:\/\/i2.wp.com\/interpim.erresse-shop.it\/img-catalogo\/venini\/venini-vaso-labuan-orizzonte-h385.jpg?ssl=1"},{"@type":"BreadcrumbList","@id":"https:\/\/dev6.erresse-shop.it\/de\/shop\/einrichtung-haus\/vasen\/venini-labuan-vase-horizont-h385\/#breadcrumb","itemListElement":[{"@type":"ListItem","position":1,"name":"Home","item":"https:\/\/dev6.erresse-shop.it\/"},{"@type":"ListItem","position":2,"name":"Shop","item":"https:\/\/dev6.erresse-shop.it\/shop\/"},{"@type":"ListItem","position":3,"name":"VENINI Labuan Vase Horizont H38,5"}]},{"@type":"WebSite","@id":"https:\/\/dev6.erresse-shop.it\/#website","url":"https:\/\/dev6.erresse-shop.it\/","name":"Erresse Shop","description":"","publisher":{"@id":"https:\/\/dev6.erresse-shop.it\/#organization"},"potentialAction":[{"@type":"SearchAction","target":{"@type":"EntryPoint","urlTemplate":"https:\/\/dev6.erresse-shop.it\/?s={search_term_string}"},"query-input":{"@type":"PropertyValueSpecification","valueRequired":true,"valueName":"search_term_string"}}],"inLanguage":"de"},{"@type":"Organization","@id":"https:\/\/dev6.erresse-shop.it\/#organization","name":"Erresse Shop","url":"https:\/\/dev6.erresse-shop.it\/","logo":{"@type":"ImageObject","inLanguage":"de","@id":"https:\/\/dev6.erresse-shop.it\/#\/schema\/logo\/image\/","url":"https:\/\/dev6.erresse-shop.it\/wp-content\/uploads\/2025\/01\/LOGO-ERRESSE-CLASSICO.svg","contentUrl":"https:\/\/dev6.erresse-shop.it\/wp-content\/uploads\/2025\/01\/LOGO-ERRESSE-CLASSICO.svg","caption":"Erresse Shop"},"image":{"@id":"https:\/\/dev6.erresse-shop.it\/#\/schema\/logo\/image\/"}}]}},"df_price":890,"df_sale_price":"","df_regular_price":890,"df_image_link":"https:\/\/i2.wp.com\/interpim.erresse-shop.it\/img-catalogo\/venini\/venini-vaso-labuan-orizzonte-h385.jpg?resize=300,300&ssl=1","fifu_image_url":"https:\/\/interpim.erresse-shop.it\/img-catalogo\/venini\/venini-vaso-labuan-orizzonte-h385.jpg","_links":{"self":[{"href":"https:\/\/dev6.erresse-shop.it\/de\/wp-json\/wp\/v2\/product\/52327","targetHints":{"allow":["GET"]}}],"collection":[{"href":"https:\/\/dev6.erresse-shop.it\/de\/wp-json\/wp\/v2\/product"}],"about":[{"href":"https:\/\/dev6.erresse-shop.it\/de\/wp-json\/wp\/v2\/types\/product"}],"wp:featuredmedia":[{"embeddable":true,"href":"https:\/\/dev6.erresse-shop.it\/de\/wp-json\/wp\/v2\/media\/6361251"}],"wp:attachment":[{"href":"https:\/\/dev6.erresse-shop.it\/de\/wp-json\/wp\/v2\/media?parent=52327"}],"wp:term":[{"taxonomy":"product_cat","embeddable":true,"href":"https:\/\/dev6.erresse-shop.it\/de\/wp-json\/wp\/v2\/product_cat?post=52327"},{"taxonomy":"product_tag","embeddable":true,"href":"https:\/\/dev6.erresse-shop.it\/de\/wp-json\/wp\/v2\/product_tag?post=52327"}],"curies":[{"name":"wp","href":"https:\/\/api.w.org\/{rel}","templated":true}]}}