{"id":52325,"date":"2026-04-12T09:32:03","date_gmt":"2026-04-12T07:32:03","guid":{"rendered":"https:\/\/dev6.erresse-shop.it\/shop\/unkategorisiert\/wmf-perfect-plus-schnellkochtopf-3-l\/"},"modified":"2025-09-14T01:09:03","modified_gmt":"2025-09-13T23:09:03","slug":"wmf-perfect-plus-schnellkochtopf-3-l","status":"publish","type":"product","link":"https:\/\/dev6.erresse-shop.it\/de\/shop\/toepfe-pfannen\/toepfe-und-kochtoepfen\/wmf-perfect-plus-schnellkochtopf-3-l\/","title":{"rendered":"WMF Perfect Plus Schnellkochtopf 3 L"},"content":{"rendered":"<p>Der Schnellkochtopf, der perfekt kocht!<br \/>\nDer Perfect Premium Schnellkochtopf von WMF bringt das gewisse Etwas in die moderne K\u00fcche, indem er das Kochen vereinfacht und die Zubereitung gesunder Speisen so einfach und schnell wie nie zuvor macht! Der All-in-One-Drehknopf macht die Bedienung einfach, w\u00e4hrend die intuitive zweistufige Kochanzeige k\u00f6stliche Fisch-, Fleisch-, Gem\u00fcse- und andere Gerichte garantiert. Von Suppen und Eint\u00f6pfen \u00fcber ged\u00fcnstetes oder geschmortes Fleisch, Eint\u00f6pfe und Gem\u00fcse, Fisch und Gefl\u00fcgel bis hin zu Getreide und H\u00fclsenfr\u00fcchten \u2013 die Rezeptm\u00f6glichkeiten sind endlos! Der Perfect Premium-Topf verf\u00fcgt \u00fcber ein 7-stufiges Sicherheitssystem f\u00fcr maximale Sicherheit, einen abnehmbaren Schnappgriff sowie einen sp\u00fclmaschinenfesten Topf und Deckel f\u00fcr einfache Reinigung und perfekte Hygiene. Er verf\u00fcgt sogar \u00fcber eine praktische Innenskala. Perfect Premium: der Schnellkochtopf, der in keiner K\u00fcche fehlen sollte!<\/p>\n<p>All-in-One-Bedienknopf<br \/>\nDie Technik ist in einem Griff zusammengefasst! Alle Einstellungen des Schnellkochtopfs sind dank des innovativen All-in-One-Bedienknopfs leicht zu bedienen: \u00d6ffnen und Schlie\u00dfen, Vorwahl der Kochstufe und Dampfablass.<\/p>\n<p>Kochanzeige<br \/>\nEine Kochanzeige erleichtert die Kontrolle des Kochfortschritts mit zwei Stufen: Die erste Stufe eignet sich perfekt zum Garen von Gem\u00fcse, Fisch und Gefl\u00fcgel; die zweite Stufe ist ideal f\u00fcr dickeres Fleisch, Kartoffeln und Eint\u00f6pfe. Ein dritter Ring signalisiert das Vorhandensein von Druck im Inneren des Topfes, der sich erst \u00f6ffnen l\u00e4sst, wenn die Kochanzeige vollst\u00e4ndig in den Griff zur\u00fcckgezogen wurde.<\/p>\n<p>Besonders sicheres Design<br \/>\nSiebenstufiges Sicherheitssystem mit Flammenschutz am Seitengriff und am Griff, mit stufenweiser Dampfabgabe.<\/p>\n<p>Leichte Reinigung<br \/>\nAbnehmbarer Griff f\u00fcr einfache Reinigung und hygienische Versiegelung.<\/p>\n<p>TransThern\u00ae Universal-Boden<br \/>\nDer TransTherm\u00ae-Universalboden spart Energie beim Kochen dank der optimalen W\u00e4rmeverteilung und -erhaltung. Geeignet f\u00fcr alle Herdarten, einschlie\u00dflich Induktion.<\/p>\n<p>Cromargan\u00ae<br \/>\nTopf und Deckel aus robustem und elegantem Cromargan\u00ae Edelstahl 18\/10 f\u00fcr au\u00dfergew\u00f6hnliche Haltbarkeit und Hygiene, sp\u00fclmaschinenfest. Ausgestattet mit einer praktischen internen Skala zum einfachen Abmessen.<\/p>\n<p>TECHNISCHE MERKMALE<\/p>\n<p>W\u00e4rmequelle: Induktion, Gas, Elektro, Keramik, Halogen<br \/>\nFassungsverm\u00f6gen des Topfes: 6,5 l<br \/>\nFassungsverm\u00f6gen des Topfes (Anzahl der Personen): 4-6 Personen<br \/>\nAnzahl der Kochprogramme: 2<br \/>\nSp\u00fclmaschinentauglich: Ja, au\u00dfer Dichtung, Ventil und Deckelgriff<br \/>\nMaterial des Topfes: Rostfreier Stahl<\/p>\n","protected":false},"excerpt":{"rendered":"<p>Der Schnellkochtopf, der perfekt kocht! Der Perfect Premium Schnellkochtopf von WMF bringt das gewisse Etwas in die moderne K\u00fcche, indem er das Kochen vereinfacht und die Zubereitung gesunder Speisen so einfach und schnell wie nie zuvor macht! Der All-in-One-Drehknopf macht die Bedienung einfach, w\u00e4hrend die intuitive zweistufige Kochanzeige k\u00f6stliche Fisch-, Fleisch-, Gem\u00fcse- und andere Gerichte [&hellip;]<\/p>\n","protected":false},"featured_media":6361228,"template":"","meta":{"_acf_changed":false},"product_cat":[11667,12109,12099],"product_tag":[],"class_list":{"0":"post-52325","1":"product","2":"type-product","3":"status-publish","4":"has-post-thumbnail","6":"product_cat-padelle-pentole","7":"product_cat-toepfe-und-kochtoepfen","8":"product_cat-toepfe-pfannen","10":"first","11":"outofstock","12":"sale","13":"taxable","14":"shipping-taxable","15":"purchasable","16":"product-type-simple","swatches":"rey-swatches","show_selected":"","stretch_labels":"rey-swatches--stretch-labels"},"acf":[],"yoast_head":"<!-- This site is optimized with the Yoast SEO plugin v25.4 - https:\/\/yoast.com\/wordpress\/plugins\/seo\/ -->\n<title>WMF Perfect Plus Schnellkochtopf 3 L - dev6 Erresse<\/title>\n<meta name=\"description\" content=\"Der Schnellkochtopf, der perfekt kocht! Der Perfect Premium Schnellkochtopf von WMF bringt das gewisse Etwas in die moderne K\u00fcche, indem er das Kochen\" \/>\n<meta name=\"robots\" content=\"noindex, follow, max-snippet:-1, max-image-preview:large, max-video-preview:-1\" \/>\n<meta property=\"og:locale\" content=\"de_DE\" \/>\n<meta property=\"og:type\" content=\"article\" \/>\n<meta property=\"og:title\" content=\"WMF Perfect Plus Schnellkochtopf 3 L - dev6 Erresse\" \/>\n<meta property=\"og:description\" content=\"Der Schnellkochtopf, der perfekt kocht! Der Perfect Premium Schnellkochtopf von WMF bringt das gewisse Etwas in die moderne K\u00fcche, indem er das Kochen\" \/>\n<meta property=\"og:url\" content=\"https:\/\/dev6.erresse-shop.it\/de\/shop\/toepfe-pfannen\/toepfe-und-kochtoepfen\/wmf-perfect-plus-schnellkochtopf-3-l\/\" \/>\n<meta property=\"og:site_name\" content=\"dev6 Erresse\" \/>\n<meta property=\"og:image\" content=\"https:\/\/interpim.erresse-shop.it\/img-catalogo\/wmf\/wmf-perfect-plus-pentola-a-pressione-3-l.jpg\" \/><meta property=\"og:image\" content=\"https:\/\/interpim.erresse-shop.it\/img-catalogo\/wmf\/wmf-perfect-plus-pentola-a-pressione-3-l.jpg\" \/>\n\t<meta property=\"og:image:width\" content=\"1024\" \/>\n\t<meta property=\"og:image:height\" content=\"1024\" \/>\n\t<meta property=\"og:image:type\" content=\"image\/jpeg\" \/>\n<meta name=\"twitter:card\" content=\"summary_large_image\" \/>\n<meta name=\"twitter:image\" content=\"https:\/\/interpim.erresse-shop.it\/img-catalogo\/wmf\/wmf-perfect-plus-pentola-a-pressione-3-l.jpg\" \/>\n<script type=\"application\/ld+json\" class=\"yoast-schema-graph\">{\"@context\":\"https:\/\/schema.org\",\"@graph\":[{\"@type\":\"WebPage\",\"@id\":\"https:\/\/dev6.erresse-shop.it\/de\/shop\/toepfe-pfannen\/toepfe-und-kochtoepfen\/wmf-perfect-plus-schnellkochtopf-3-l\/\",\"url\":\"https:\/\/dev6.erresse-shop.it\/de\/shop\/toepfe-pfannen\/toepfe-und-kochtoepfen\/wmf-perfect-plus-schnellkochtopf-3-l\/\",\"name\":\"WMF Perfect Plus Schnellkochtopf 3 L - dev6 Erresse\",\"isPartOf\":{\"@id\":\"https:\/\/dev6.erresse-shop.it\/#website\"},\"primaryImageOfPage\":{\"@id\":\"https:\/\/dev6.erresse-shop.it\/de\/shop\/toepfe-pfannen\/toepfe-und-kochtoepfen\/wmf-perfect-plus-schnellkochtopf-3-l\/#primaryimage\"},\"image\":{\"@id\":\"https:\/\/dev6.erresse-shop.it\/de\/shop\/toepfe-pfannen\/toepfe-und-kochtoepfen\/wmf-perfect-plus-schnellkochtopf-3-l\/#primaryimage\"},\"thumbnailUrl\":\"https:\/\/i3.wp.com\/interpim.erresse-shop.it\/img-catalogo\/wmf\/wmf-perfect-plus-pentola-a-pressione-3-l.jpg?ssl=1\",\"datePublished\":\"2026-04-12T07:32:03+00:00\",\"description\":\"Der Schnellkochtopf, der perfekt kocht! Der Perfect Premium Schnellkochtopf von WMF bringt das gewisse Etwas in die moderne K\u00fcche, indem er das Kochen\",\"breadcrumb\":{\"@id\":\"https:\/\/dev6.erresse-shop.it\/de\/shop\/toepfe-pfannen\/toepfe-und-kochtoepfen\/wmf-perfect-plus-schnellkochtopf-3-l\/#breadcrumb\"},\"inLanguage\":\"de\",\"potentialAction\":[{\"@type\":\"ReadAction\",\"target\":[\"https:\/\/dev6.erresse-shop.it\/de\/shop\/toepfe-pfannen\/toepfe-und-kochtoepfen\/wmf-perfect-plus-schnellkochtopf-3-l\/\"]}]},{\"@type\":\"ImageObject\",\"inLanguage\":\"de\",\"@id\":\"https:\/\/dev6.erresse-shop.it\/de\/shop\/toepfe-pfannen\/toepfe-und-kochtoepfen\/wmf-perfect-plus-schnellkochtopf-3-l\/#primaryimage\",\"url\":\"https:\/\/i3.wp.com\/interpim.erresse-shop.it\/img-catalogo\/wmf\/wmf-perfect-plus-pentola-a-pressione-3-l.jpg?ssl=1\",\"contentUrl\":\"https:\/\/i3.wp.com\/interpim.erresse-shop.it\/img-catalogo\/wmf\/wmf-perfect-plus-pentola-a-pressione-3-l.jpg?ssl=1\"},{\"@type\":\"BreadcrumbList\",\"@id\":\"https:\/\/dev6.erresse-shop.it\/de\/shop\/toepfe-pfannen\/toepfe-und-kochtoepfen\/wmf-perfect-plus-schnellkochtopf-3-l\/#breadcrumb\",\"itemListElement\":[{\"@type\":\"ListItem\",\"position\":1,\"name\":\"Home\",\"item\":\"https:\/\/dev6.erresse-shop.it\/\"},{\"@type\":\"ListItem\",\"position\":2,\"name\":\"Shop\",\"item\":\"https:\/\/dev6.erresse-shop.it\/shop\/\"},{\"@type\":\"ListItem\",\"position\":3,\"name\":\"WMF Perfect Plus Schnellkochtopf 3 L\"}]},{\"@type\":\"WebSite\",\"@id\":\"https:\/\/dev6.erresse-shop.it\/#website\",\"url\":\"https:\/\/dev6.erresse-shop.it\/\",\"name\":\"Erresse Shop\",\"description\":\"\",\"publisher\":{\"@id\":\"https:\/\/dev6.erresse-shop.it\/#organization\"},\"potentialAction\":[{\"@type\":\"SearchAction\",\"target\":{\"@type\":\"EntryPoint\",\"urlTemplate\":\"https:\/\/dev6.erresse-shop.it\/?s={search_term_string}\"},\"query-input\":{\"@type\":\"PropertyValueSpecification\",\"valueRequired\":true,\"valueName\":\"search_term_string\"}}],\"inLanguage\":\"de\"},{\"@type\":\"Organization\",\"@id\":\"https:\/\/dev6.erresse-shop.it\/#organization\",\"name\":\"Erresse Shop\",\"url\":\"https:\/\/dev6.erresse-shop.it\/\",\"logo\":{\"@type\":\"ImageObject\",\"inLanguage\":\"de\",\"@id\":\"https:\/\/dev6.erresse-shop.it\/#\/schema\/logo\/image\/\",\"url\":\"https:\/\/dev6.erresse-shop.it\/wp-content\/uploads\/2025\/01\/LOGO-ERRESSE-CLASSICO.svg\",\"contentUrl\":\"https:\/\/dev6.erresse-shop.it\/wp-content\/uploads\/2025\/01\/LOGO-ERRESSE-CLASSICO.svg\",\"caption\":\"Erresse Shop\"},\"image\":{\"@id\":\"https:\/\/dev6.erresse-shop.it\/#\/schema\/logo\/image\/\"}}]}<\/script>\n<!-- \/ Yoast SEO plugin. -->","yoast_head_json":{"title":"WMF Perfect Plus Schnellkochtopf 3 L - dev6 Erresse","description":"Der Schnellkochtopf, der perfekt kocht! Der Perfect Premium Schnellkochtopf von WMF bringt das gewisse Etwas in die moderne K\u00fcche, indem er das Kochen","robots":{"index":"noindex","follow":"follow","max-snippet":"max-snippet:-1","max-image-preview":"max-image-preview:large","max-video-preview":"max-video-preview:-1"},"og_locale":"de_DE","og_type":"article","og_title":"WMF Perfect Plus Schnellkochtopf 3 L - dev6 Erresse","og_description":"Der Schnellkochtopf, der perfekt kocht! Der Perfect Premium Schnellkochtopf von WMF bringt das gewisse Etwas in die moderne K\u00fcche, indem er das Kochen","og_url":"https:\/\/dev6.erresse-shop.it\/de\/shop\/toepfe-pfannen\/toepfe-und-kochtoepfen\/wmf-perfect-plus-schnellkochtopf-3-l\/","og_site_name":"dev6 Erresse","og_image":[{"url":"https:\/\/interpim.erresse-shop.it\/img-catalogo\/wmf\/wmf-perfect-plus-pentola-a-pressione-3-l.jpg","type":"","width":"","height":""},{"url":"https:\/\/interpim.erresse-shop.it\/img-catalogo\/wmf\/wmf-perfect-plus-pentola-a-pressione-3-l.jpg","width":1024,"height":1024,"type":"image\/jpeg"}],"twitter_card":"summary_large_image","twitter_image":"https:\/\/interpim.erresse-shop.it\/img-catalogo\/wmf\/wmf-perfect-plus-pentola-a-pressione-3-l.jpg","schema":{"@context":"https:\/\/schema.org","@graph":[{"@type":"WebPage","@id":"https:\/\/dev6.erresse-shop.it\/de\/shop\/toepfe-pfannen\/toepfe-und-kochtoepfen\/wmf-perfect-plus-schnellkochtopf-3-l\/","url":"https:\/\/dev6.erresse-shop.it\/de\/shop\/toepfe-pfannen\/toepfe-und-kochtoepfen\/wmf-perfect-plus-schnellkochtopf-3-l\/","name":"WMF Perfect Plus Schnellkochtopf 3 L - dev6 Erresse","isPartOf":{"@id":"https:\/\/dev6.erresse-shop.it\/#website"},"primaryImageOfPage":{"@id":"https:\/\/dev6.erresse-shop.it\/de\/shop\/toepfe-pfannen\/toepfe-und-kochtoepfen\/wmf-perfect-plus-schnellkochtopf-3-l\/#primaryimage"},"image":{"@id":"https:\/\/dev6.erresse-shop.it\/de\/shop\/toepfe-pfannen\/toepfe-und-kochtoepfen\/wmf-perfect-plus-schnellkochtopf-3-l\/#primaryimage"},"thumbnailUrl":"https:\/\/i3.wp.com\/interpim.erresse-shop.it\/img-catalogo\/wmf\/wmf-perfect-plus-pentola-a-pressione-3-l.jpg?ssl=1","datePublished":"2026-04-12T07:32:03+00:00","description":"Der Schnellkochtopf, der perfekt kocht! Der Perfect Premium Schnellkochtopf von WMF bringt das gewisse Etwas in die moderne K\u00fcche, indem er das Kochen","breadcrumb":{"@id":"https:\/\/dev6.erresse-shop.it\/de\/shop\/toepfe-pfannen\/toepfe-und-kochtoepfen\/wmf-perfect-plus-schnellkochtopf-3-l\/#breadcrumb"},"inLanguage":"de","potentialAction":[{"@type":"ReadAction","target":["https:\/\/dev6.erresse-shop.it\/de\/shop\/toepfe-pfannen\/toepfe-und-kochtoepfen\/wmf-perfect-plus-schnellkochtopf-3-l\/"]}]},{"@type":"ImageObject","inLanguage":"de","@id":"https:\/\/dev6.erresse-shop.it\/de\/shop\/toepfe-pfannen\/toepfe-und-kochtoepfen\/wmf-perfect-plus-schnellkochtopf-3-l\/#primaryimage","url":"https:\/\/i3.wp.com\/interpim.erresse-shop.it\/img-catalogo\/wmf\/wmf-perfect-plus-pentola-a-pressione-3-l.jpg?ssl=1","contentUrl":"https:\/\/i3.wp.com\/interpim.erresse-shop.it\/img-catalogo\/wmf\/wmf-perfect-plus-pentola-a-pressione-3-l.jpg?ssl=1"},{"@type":"BreadcrumbList","@id":"https:\/\/dev6.erresse-shop.it\/de\/shop\/toepfe-pfannen\/toepfe-und-kochtoepfen\/wmf-perfect-plus-schnellkochtopf-3-l\/#breadcrumb","itemListElement":[{"@type":"ListItem","position":1,"name":"Home","item":"https:\/\/dev6.erresse-shop.it\/"},{"@type":"ListItem","position":2,"name":"Shop","item":"https:\/\/dev6.erresse-shop.it\/shop\/"},{"@type":"ListItem","position":3,"name":"WMF Perfect Plus Schnellkochtopf 3 L"}]},{"@type":"WebSite","@id":"https:\/\/dev6.erresse-shop.it\/#website","url":"https:\/\/dev6.erresse-shop.it\/","name":"Erresse Shop","description":"","publisher":{"@id":"https:\/\/dev6.erresse-shop.it\/#organization"},"potentialAction":[{"@type":"SearchAction","target":{"@type":"EntryPoint","urlTemplate":"https:\/\/dev6.erresse-shop.it\/?s={search_term_string}"},"query-input":{"@type":"PropertyValueSpecification","valueRequired":true,"valueName":"search_term_string"}}],"inLanguage":"de"},{"@type":"Organization","@id":"https:\/\/dev6.erresse-shop.it\/#organization","name":"Erresse Shop","url":"https:\/\/dev6.erresse-shop.it\/","logo":{"@type":"ImageObject","inLanguage":"de","@id":"https:\/\/dev6.erresse-shop.it\/#\/schema\/logo\/image\/","url":"https:\/\/dev6.erresse-shop.it\/wp-content\/uploads\/2025\/01\/LOGO-ERRESSE-CLASSICO.svg","contentUrl":"https:\/\/dev6.erresse-shop.it\/wp-content\/uploads\/2025\/01\/LOGO-ERRESSE-CLASSICO.svg","caption":"Erresse Shop"},"image":{"@id":"https:\/\/dev6.erresse-shop.it\/#\/schema\/logo\/image\/"}}]}},"df_price":139.95,"df_sale_price":139.95,"df_regular_price":199,"df_image_link":"https:\/\/i3.wp.com\/interpim.erresse-shop.it\/img-catalogo\/wmf\/wmf-perfect-plus-pentola-a-pressione-3-l.jpg?resize=300,300&ssl=1","fifu_image_url":"https:\/\/interpim.erresse-shop.it\/img-catalogo\/wmf\/wmf-perfect-plus-pentola-a-pressione-3-l.jpg","_links":{"self":[{"href":"https:\/\/dev6.erresse-shop.it\/de\/wp-json\/wp\/v2\/product\/52325","targetHints":{"allow":["GET"]}}],"collection":[{"href":"https:\/\/dev6.erresse-shop.it\/de\/wp-json\/wp\/v2\/product"}],"about":[{"href":"https:\/\/dev6.erresse-shop.it\/de\/wp-json\/wp\/v2\/types\/product"}],"wp:featuredmedia":[{"embeddable":true,"href":"https:\/\/dev6.erresse-shop.it\/de\/wp-json\/wp\/v2\/media\/6361228"}],"wp:attachment":[{"href":"https:\/\/dev6.erresse-shop.it\/de\/wp-json\/wp\/v2\/media?parent=52325"}],"wp:term":[{"taxonomy":"product_cat","embeddable":true,"href":"https:\/\/dev6.erresse-shop.it\/de\/wp-json\/wp\/v2\/product_cat?post=52325"},{"taxonomy":"product_tag","embeddable":true,"href":"https:\/\/dev6.erresse-shop.it\/de\/wp-json\/wp\/v2\/product_tag?post=52325"}],"curies":[{"name":"wp","href":"https:\/\/api.w.org\/{rel}","templated":true}]}}