{"id":52321,"date":"2026-04-12T09:32:03","date_gmt":"2026-04-12T07:32:03","guid":{"rendered":"https:\/\/dev6.erresse-shop.it\/shop\/unkategorisiert\/villeroy-boch-iconic-teller-la-boule-paradiso\/"},"modified":"2025-09-14T01:08:55","modified_gmt":"2025-09-13T23:08:55","slug":"villeroy-boch-iconic-teller-la-boule-paradiso","status":"publish","type":"product","link":"https:\/\/dev6.erresse-shop.it\/de\/shop\/tisch\/teller-geschirr\/villeroy-boch-iconic-teller-la-boule-paradiso\/","title":{"rendered":"VILLEROY &#038; BOCH Iconic Teller La Boule Paradiso"},"content":{"rendered":"<p>Unsere limitierten Jubil\u00e4ums-Editionen<br \/>\nUnsere Wurzeln kombiniert mit den neuesten Trends: Mit unseren limitierten Jubil\u00e4ums-Neuheiten haben wir etwas Au\u00dfergew\u00f6hnliches geschaffen. In der Neuinterpretation des beliebten Paradiso-Dekors werden aktuelle Trends mit Modernit\u00e4t und Eleganz dargestellt. Intaglio ist eine Technik, die ihren Ursprung in England hat und bereits 1791 von Nicolas Villeroy auf Keramiken angewandt wurde. Und genau diese traditionelle Technik hat unser Jubil\u00e4um inspiriert.<\/p>\n<p>Zeitlose Optik mit ikonischem Design<br \/>\nKlassik und Moderne in einem Design: Die Kollektion Paradiso ist zum 275-j\u00e4hrigen Jubil\u00e4um von der 275-j\u00e4hrigen Tradition von Villeroy &amp; Boch inspiriert und holt sie in die Gegenwart. Historische Dekore mit Stichtiefdruck, erg\u00e4nzt durch moderne grafische Elemente und ein intensives Orange, lassen eine neue, zeitgem\u00e4\u00dfe Formensprache entstehen. Vielseitig kombinierbare Teile beeindrucken mit moderner Farbgebung. Funktionalit\u00e4t und ein ikonisches Design machen jede La Boule nicht nur zu einem Blickfang auf jedem Tisch, sondern auch zu einem ganz besonderen Einrichtungsgegenstand.<\/p>\n<p>Das Set besteht aus:<br \/>\n2 Schalen<br \/>\n2 flache Schalen<br \/>\n2 flache Teller<br \/>\n1 Servierplatte<\/p>\n<p>Material: Porzellan<br \/>\nSp\u00fclmaschinengeeignet<br \/>\nMikrowellengeeignet<\/p>\n","protected":false},"excerpt":{"rendered":"<p>Unsere limitierten Jubil\u00e4ums-Editionen Unsere Wurzeln kombiniert mit den neuesten Trends: Mit unseren limitierten Jubil\u00e4ums-Neuheiten haben wir etwas Au\u00dfergew\u00f6hnliches geschaffen. In der Neuinterpretation des beliebten Paradiso-Dekors werden aktuelle Trends mit Modernit\u00e4t und Eleganz dargestellt. Intaglio ist eine Technik, die ihren Ursprung in England hat und bereits 1791 von Nicolas Villeroy auf Keramiken angewandt wurde. Und genau [&hellip;]<\/p>\n","protected":false},"featured_media":6361158,"template":"","meta":{"_acf_changed":false},"product_cat":[11671,12122,12103],"product_tag":[],"class_list":{"0":"post-52321","1":"product","2":"type-product","3":"status-publish","4":"has-post-thumbnail","6":"product_cat-tavola","7":"product_cat-teller-geschirr","8":"product_cat-tisch","10":"first","11":"outofstock","12":"sale","13":"taxable","14":"shipping-taxable","15":"purchasable","16":"product-type-simple","swatches":"rey-swatches","show_selected":"","stretch_labels":"rey-swatches--stretch-labels"},"acf":[],"yoast_head":"<!-- This site is optimized with the Yoast SEO plugin v25.4 - https:\/\/yoast.com\/wordpress\/plugins\/seo\/ -->\n<title>VILLEROY &#038; BOCH Iconic Teller La Boule Paradiso - dev6 Erresse<\/title>\n<meta name=\"description\" content=\"Unsere limitierten Jubil\u00e4ums-Editionen Unsere Wurzeln kombiniert mit den neuesten Trends: Mit unseren limitierten Jubil\u00e4ums-Neuheiten haben wir etwas\" \/>\n<meta name=\"robots\" content=\"noindex, follow, max-snippet:-1, max-image-preview:large, max-video-preview:-1\" \/>\n<meta property=\"og:locale\" content=\"de_DE\" \/>\n<meta property=\"og:type\" content=\"article\" \/>\n<meta property=\"og:title\" content=\"VILLEROY &#038; BOCH Iconic Teller La Boule Paradiso - dev6 Erresse\" \/>\n<meta property=\"og:description\" content=\"Unsere limitierten Jubil\u00e4ums-Editionen Unsere Wurzeln kombiniert mit den neuesten Trends: Mit unseren limitierten Jubil\u00e4ums-Neuheiten haben wir etwas\" \/>\n<meta property=\"og:url\" content=\"https:\/\/dev6.erresse-shop.it\/de\/shop\/tisch\/teller-geschirr\/villeroy-boch-iconic-teller-la-boule-paradiso\/\" \/>\n<meta property=\"og:site_name\" content=\"dev6 Erresse\" \/>\n<meta property=\"og:image\" content=\"https:\/\/interpim.erresse-shop.it\/img-catalogo\/villeroy\/villeroy-boch-iconic-piatti-la-boule-paradiso.jpg\" \/><meta property=\"og:image\" content=\"https:\/\/interpim.erresse-shop.it\/img-catalogo\/villeroy\/villeroy-boch-iconic-piatti-la-boule-paradiso.jpg\" \/>\n\t<meta property=\"og:image:width\" content=\"1024\" \/>\n\t<meta property=\"og:image:height\" content=\"1024\" \/>\n\t<meta property=\"og:image:type\" content=\"image\/jpeg\" \/>\n<meta name=\"twitter:card\" content=\"summary_large_image\" \/>\n<meta name=\"twitter:image\" content=\"https:\/\/interpim.erresse-shop.it\/img-catalogo\/villeroy\/villeroy-boch-iconic-piatti-la-boule-paradiso.jpg\" \/>\n<script type=\"application\/ld+json\" class=\"yoast-schema-graph\">{\"@context\":\"https:\/\/schema.org\",\"@graph\":[{\"@type\":\"WebPage\",\"@id\":\"https:\/\/dev6.erresse-shop.it\/de\/shop\/tisch\/teller-geschirr\/villeroy-boch-iconic-teller-la-boule-paradiso\/\",\"url\":\"https:\/\/dev6.erresse-shop.it\/de\/shop\/tisch\/teller-geschirr\/villeroy-boch-iconic-teller-la-boule-paradiso\/\",\"name\":\"VILLEROY &#038; BOCH Iconic Teller La Boule Paradiso - dev6 Erresse\",\"isPartOf\":{\"@id\":\"https:\/\/dev6.erresse-shop.it\/#website\"},\"primaryImageOfPage\":{\"@id\":\"https:\/\/dev6.erresse-shop.it\/de\/shop\/tisch\/teller-geschirr\/villeroy-boch-iconic-teller-la-boule-paradiso\/#primaryimage\"},\"image\":{\"@id\":\"https:\/\/dev6.erresse-shop.it\/de\/shop\/tisch\/teller-geschirr\/villeroy-boch-iconic-teller-la-boule-paradiso\/#primaryimage\"},\"thumbnailUrl\":\"https:\/\/i3.wp.com\/interpim.erresse-shop.it\/img-catalogo\/villeroy\/villeroy-boch-iconic-piatti-la-boule-paradiso.jpg?ssl=1\",\"datePublished\":\"2026-04-12T07:32:03+00:00\",\"description\":\"Unsere limitierten Jubil\u00e4ums-Editionen Unsere Wurzeln kombiniert mit den neuesten Trends: Mit unseren limitierten Jubil\u00e4ums-Neuheiten haben wir etwas\",\"breadcrumb\":{\"@id\":\"https:\/\/dev6.erresse-shop.it\/de\/shop\/tisch\/teller-geschirr\/villeroy-boch-iconic-teller-la-boule-paradiso\/#breadcrumb\"},\"inLanguage\":\"de\",\"potentialAction\":[{\"@type\":\"ReadAction\",\"target\":[\"https:\/\/dev6.erresse-shop.it\/de\/shop\/tisch\/teller-geschirr\/villeroy-boch-iconic-teller-la-boule-paradiso\/\"]}]},{\"@type\":\"ImageObject\",\"inLanguage\":\"de\",\"@id\":\"https:\/\/dev6.erresse-shop.it\/de\/shop\/tisch\/teller-geschirr\/villeroy-boch-iconic-teller-la-boule-paradiso\/#primaryimage\",\"url\":\"https:\/\/i3.wp.com\/interpim.erresse-shop.it\/img-catalogo\/villeroy\/villeroy-boch-iconic-piatti-la-boule-paradiso.jpg?ssl=1\",\"contentUrl\":\"https:\/\/i3.wp.com\/interpim.erresse-shop.it\/img-catalogo\/villeroy\/villeroy-boch-iconic-piatti-la-boule-paradiso.jpg?ssl=1\"},{\"@type\":\"BreadcrumbList\",\"@id\":\"https:\/\/dev6.erresse-shop.it\/de\/shop\/tisch\/teller-geschirr\/villeroy-boch-iconic-teller-la-boule-paradiso\/#breadcrumb\",\"itemListElement\":[{\"@type\":\"ListItem\",\"position\":1,\"name\":\"Home\",\"item\":\"https:\/\/dev6.erresse-shop.it\/\"},{\"@type\":\"ListItem\",\"position\":2,\"name\":\"Shop\",\"item\":\"https:\/\/dev6.erresse-shop.it\/shop\/\"},{\"@type\":\"ListItem\",\"position\":3,\"name\":\"VILLEROY &#038; BOCH Iconic Teller La Boule Paradiso\"}]},{\"@type\":\"WebSite\",\"@id\":\"https:\/\/dev6.erresse-shop.it\/#website\",\"url\":\"https:\/\/dev6.erresse-shop.it\/\",\"name\":\"Erresse Shop\",\"description\":\"\",\"publisher\":{\"@id\":\"https:\/\/dev6.erresse-shop.it\/#organization\"},\"potentialAction\":[{\"@type\":\"SearchAction\",\"target\":{\"@type\":\"EntryPoint\",\"urlTemplate\":\"https:\/\/dev6.erresse-shop.it\/?s={search_term_string}\"},\"query-input\":{\"@type\":\"PropertyValueSpecification\",\"valueRequired\":true,\"valueName\":\"search_term_string\"}}],\"inLanguage\":\"de\"},{\"@type\":\"Organization\",\"@id\":\"https:\/\/dev6.erresse-shop.it\/#organization\",\"name\":\"Erresse Shop\",\"url\":\"https:\/\/dev6.erresse-shop.it\/\",\"logo\":{\"@type\":\"ImageObject\",\"inLanguage\":\"de\",\"@id\":\"https:\/\/dev6.erresse-shop.it\/#\/schema\/logo\/image\/\",\"url\":\"https:\/\/dev6.erresse-shop.it\/wp-content\/uploads\/2025\/01\/LOGO-ERRESSE-CLASSICO.svg\",\"contentUrl\":\"https:\/\/dev6.erresse-shop.it\/wp-content\/uploads\/2025\/01\/LOGO-ERRESSE-CLASSICO.svg\",\"caption\":\"Erresse Shop\"},\"image\":{\"@id\":\"https:\/\/dev6.erresse-shop.it\/#\/schema\/logo\/image\/\"}}]}<\/script>\n<!-- \/ Yoast SEO plugin. -->","yoast_head_json":{"title":"VILLEROY &#038; BOCH Iconic Teller La Boule Paradiso - dev6 Erresse","description":"Unsere limitierten Jubil\u00e4ums-Editionen Unsere Wurzeln kombiniert mit den neuesten Trends: Mit unseren limitierten Jubil\u00e4ums-Neuheiten haben wir etwas","robots":{"index":"noindex","follow":"follow","max-snippet":"max-snippet:-1","max-image-preview":"max-image-preview:large","max-video-preview":"max-video-preview:-1"},"og_locale":"de_DE","og_type":"article","og_title":"VILLEROY &#038; BOCH Iconic Teller La Boule Paradiso - dev6 Erresse","og_description":"Unsere limitierten Jubil\u00e4ums-Editionen Unsere Wurzeln kombiniert mit den neuesten Trends: Mit unseren limitierten Jubil\u00e4ums-Neuheiten haben wir etwas","og_url":"https:\/\/dev6.erresse-shop.it\/de\/shop\/tisch\/teller-geschirr\/villeroy-boch-iconic-teller-la-boule-paradiso\/","og_site_name":"dev6 Erresse","og_image":[{"url":"https:\/\/interpim.erresse-shop.it\/img-catalogo\/villeroy\/villeroy-boch-iconic-piatti-la-boule-paradiso.jpg","type":"","width":"","height":""},{"url":"https:\/\/interpim.erresse-shop.it\/img-catalogo\/villeroy\/villeroy-boch-iconic-piatti-la-boule-paradiso.jpg","width":1024,"height":1024,"type":"image\/jpeg"}],"twitter_card":"summary_large_image","twitter_image":"https:\/\/interpim.erresse-shop.it\/img-catalogo\/villeroy\/villeroy-boch-iconic-piatti-la-boule-paradiso.jpg","schema":{"@context":"https:\/\/schema.org","@graph":[{"@type":"WebPage","@id":"https:\/\/dev6.erresse-shop.it\/de\/shop\/tisch\/teller-geschirr\/villeroy-boch-iconic-teller-la-boule-paradiso\/","url":"https:\/\/dev6.erresse-shop.it\/de\/shop\/tisch\/teller-geschirr\/villeroy-boch-iconic-teller-la-boule-paradiso\/","name":"VILLEROY &#038; BOCH Iconic Teller La Boule Paradiso - dev6 Erresse","isPartOf":{"@id":"https:\/\/dev6.erresse-shop.it\/#website"},"primaryImageOfPage":{"@id":"https:\/\/dev6.erresse-shop.it\/de\/shop\/tisch\/teller-geschirr\/villeroy-boch-iconic-teller-la-boule-paradiso\/#primaryimage"},"image":{"@id":"https:\/\/dev6.erresse-shop.it\/de\/shop\/tisch\/teller-geschirr\/villeroy-boch-iconic-teller-la-boule-paradiso\/#primaryimage"},"thumbnailUrl":"https:\/\/i3.wp.com\/interpim.erresse-shop.it\/img-catalogo\/villeroy\/villeroy-boch-iconic-piatti-la-boule-paradiso.jpg?ssl=1","datePublished":"2026-04-12T07:32:03+00:00","description":"Unsere limitierten Jubil\u00e4ums-Editionen Unsere Wurzeln kombiniert mit den neuesten Trends: Mit unseren limitierten Jubil\u00e4ums-Neuheiten haben wir etwas","breadcrumb":{"@id":"https:\/\/dev6.erresse-shop.it\/de\/shop\/tisch\/teller-geschirr\/villeroy-boch-iconic-teller-la-boule-paradiso\/#breadcrumb"},"inLanguage":"de","potentialAction":[{"@type":"ReadAction","target":["https:\/\/dev6.erresse-shop.it\/de\/shop\/tisch\/teller-geschirr\/villeroy-boch-iconic-teller-la-boule-paradiso\/"]}]},{"@type":"ImageObject","inLanguage":"de","@id":"https:\/\/dev6.erresse-shop.it\/de\/shop\/tisch\/teller-geschirr\/villeroy-boch-iconic-teller-la-boule-paradiso\/#primaryimage","url":"https:\/\/i3.wp.com\/interpim.erresse-shop.it\/img-catalogo\/villeroy\/villeroy-boch-iconic-piatti-la-boule-paradiso.jpg?ssl=1","contentUrl":"https:\/\/i3.wp.com\/interpim.erresse-shop.it\/img-catalogo\/villeroy\/villeroy-boch-iconic-piatti-la-boule-paradiso.jpg?ssl=1"},{"@type":"BreadcrumbList","@id":"https:\/\/dev6.erresse-shop.it\/de\/shop\/tisch\/teller-geschirr\/villeroy-boch-iconic-teller-la-boule-paradiso\/#breadcrumb","itemListElement":[{"@type":"ListItem","position":1,"name":"Home","item":"https:\/\/dev6.erresse-shop.it\/"},{"@type":"ListItem","position":2,"name":"Shop","item":"https:\/\/dev6.erresse-shop.it\/shop\/"},{"@type":"ListItem","position":3,"name":"VILLEROY &#038; BOCH Iconic Teller La Boule Paradiso"}]},{"@type":"WebSite","@id":"https:\/\/dev6.erresse-shop.it\/#website","url":"https:\/\/dev6.erresse-shop.it\/","name":"Erresse Shop","description":"","publisher":{"@id":"https:\/\/dev6.erresse-shop.it\/#organization"},"potentialAction":[{"@type":"SearchAction","target":{"@type":"EntryPoint","urlTemplate":"https:\/\/dev6.erresse-shop.it\/?s={search_term_string}"},"query-input":{"@type":"PropertyValueSpecification","valueRequired":true,"valueName":"search_term_string"}}],"inLanguage":"de"},{"@type":"Organization","@id":"https:\/\/dev6.erresse-shop.it\/#organization","name":"Erresse Shop","url":"https:\/\/dev6.erresse-shop.it\/","logo":{"@type":"ImageObject","inLanguage":"de","@id":"https:\/\/dev6.erresse-shop.it\/#\/schema\/logo\/image\/","url":"https:\/\/dev6.erresse-shop.it\/wp-content\/uploads\/2025\/01\/LOGO-ERRESSE-CLASSICO.svg","contentUrl":"https:\/\/dev6.erresse-shop.it\/wp-content\/uploads\/2025\/01\/LOGO-ERRESSE-CLASSICO.svg","caption":"Erresse Shop"},"image":{"@id":"https:\/\/dev6.erresse-shop.it\/#\/schema\/logo\/image\/"}}]}},"df_price":389,"df_sale_price":389,"df_regular_price":499,"df_image_link":"https:\/\/i3.wp.com\/interpim.erresse-shop.it\/img-catalogo\/villeroy\/villeroy-boch-iconic-piatti-la-boule-paradiso.jpg?resize=300,300&ssl=1","fifu_image_url":"https:\/\/interpim.erresse-shop.it\/img-catalogo\/villeroy\/villeroy-boch-iconic-piatti-la-boule-paradiso.jpg","_links":{"self":[{"href":"https:\/\/dev6.erresse-shop.it\/de\/wp-json\/wp\/v2\/product\/52321","targetHints":{"allow":["GET"]}}],"collection":[{"href":"https:\/\/dev6.erresse-shop.it\/de\/wp-json\/wp\/v2\/product"}],"about":[{"href":"https:\/\/dev6.erresse-shop.it\/de\/wp-json\/wp\/v2\/types\/product"}],"wp:featuredmedia":[{"embeddable":true,"href":"https:\/\/dev6.erresse-shop.it\/de\/wp-json\/wp\/v2\/media\/6361158"}],"wp:attachment":[{"href":"https:\/\/dev6.erresse-shop.it\/de\/wp-json\/wp\/v2\/media?parent=52321"}],"wp:term":[{"taxonomy":"product_cat","embeddable":true,"href":"https:\/\/dev6.erresse-shop.it\/de\/wp-json\/wp\/v2\/product_cat?post=52321"},{"taxonomy":"product_tag","embeddable":true,"href":"https:\/\/dev6.erresse-shop.it\/de\/wp-json\/wp\/v2\/product_tag?post=52321"}],"curies":[{"name":"wp","href":"https:\/\/api.w.org\/{rel}","templated":true}]}}