{"id":52287,"date":"2026-04-12T09:30:34","date_gmt":"2026-04-12T07:30:34","guid":{"rendered":"https:\/\/dev6.erresse-shop.it\/shop\/unkategorisiert\/global-fischgraetenzange-12-cm\/"},"modified":"2025-09-14T01:08:10","modified_gmt":"2025-09-13T23:08:10","slug":"global-fischgraetenzange-12-cm","status":"publish","type":"product","link":"https:\/\/dev6.erresse-shop.it\/de\/shop\/kuche\/messer\/messerblocke-messer\/global-fischgraetenzange-12-cm\/","title":{"rendered":"GLOBAL Fischgr\u00e4tenzange 12 cm"},"content":{"rendered":"<p>Gerade Fischgr\u00e4tenzange GS-20 aus rostfreiem Stahl. Die Zange hat eine L\u00e4nge von 12 cm und ist aus langlebigen, hochwertigen Materialien gefertigt, um die Zubereitung von Speisen und das Kochen zu erleichtern. Der Griff ist bequem und bietet Festigkeit und Haltbarkeit. Au\u00dferdem ist sie leicht zu reinigen, um Zeit zu sparen und Abfall zu vermeiden. Hergestellt von Global<\/p>\n","protected":false},"excerpt":{"rendered":"<p>Gerade Fischgr\u00e4tenzange GS-20 aus rostfreiem Stahl. Die Zange hat eine L\u00e4nge von 12 cm und ist aus langlebigen, hochwertigen Materialien gefertigt, um die Zubereitung von Speisen und das Kochen zu erleichtern. Der Griff ist bequem und bietet Festigkeit und Haltbarkeit. Au\u00dferdem ist sie leicht zu reinigen, um Zeit zu sparen und Abfall zu vermeiden. Hergestellt [&hellip;]<\/p>\n","protected":false},"featured_media":6361071,"template":"","meta":{"_acf_changed":false},"product_cat":[11675,11669,12100,12101,12107],"product_tag":[],"class_list":{"0":"post-52287","1":"product","2":"type-product","3":"status-publish","4":"has-post-thumbnail","6":"product_cat-accessori","7":"product_cat-coltelli","8":"product_cat-kuche","9":"product_cat-messer","10":"product_cat-messerblocke-messer","12":"first","13":"outofstock","14":"taxable","15":"shipping-taxable","16":"purchasable","17":"product-type-simple","swatches":"rey-swatches","show_selected":"","stretch_labels":"rey-swatches--stretch-labels"},"acf":[],"yoast_head":"<!-- This site is optimized with the Yoast SEO plugin v25.4 - https:\/\/yoast.com\/wordpress\/plugins\/seo\/ -->\n<title>GLOBAL Fischgr\u00e4tenzange 12 cm - dev6 Erresse<\/title>\n<meta name=\"description\" content=\"Gerade Fischgr\u00e4tenzange GS-20 aus rostfreiem Stahl. Die Zange hat eine L\u00e4nge von 12 cm und ist aus langlebigen, hochwertigen Materialien gefertigt, um die\" \/>\n<meta name=\"robots\" content=\"noindex, follow, max-snippet:-1, max-image-preview:large, max-video-preview:-1\" \/>\n<meta property=\"og:locale\" content=\"de_DE\" \/>\n<meta property=\"og:type\" content=\"article\" \/>\n<meta property=\"og:title\" content=\"GLOBAL Fischgr\u00e4tenzange 12 cm - dev6 Erresse\" \/>\n<meta property=\"og:description\" content=\"Gerade Fischgr\u00e4tenzange GS-20 aus rostfreiem Stahl. Die Zange hat eine L\u00e4nge von 12 cm und ist aus langlebigen, hochwertigen Materialien gefertigt, um die\" \/>\n<meta property=\"og:url\" content=\"https:\/\/dev6.erresse-shop.it\/de\/shop\/kuche\/messer\/messerblocke-messer\/global-fischgraetenzange-12-cm\/\" \/>\n<meta property=\"og:site_name\" content=\"dev6 Erresse\" \/>\n<meta property=\"og:image\" content=\"https:\/\/interpim.erresse-shop.it\/Import\/Prodotti\/global-pinza-per-lische-12-cm.jpg\" \/><meta property=\"og:image\" content=\"https:\/\/interpim.erresse-shop.it\/Import\/Prodotti\/global-pinza-per-lische-12-cm.jpg\" \/>\n\t<meta property=\"og:image:width\" content=\"1024\" \/>\n\t<meta property=\"og:image:height\" content=\"1024\" \/>\n\t<meta property=\"og:image:type\" content=\"image\/jpeg\" \/>\n<meta name=\"twitter:card\" content=\"summary_large_image\" \/>\n<meta name=\"twitter:image\" content=\"https:\/\/interpim.erresse-shop.it\/Import\/Prodotti\/global-pinza-per-lische-12-cm.jpg\" \/>\n<script type=\"application\/ld+json\" class=\"yoast-schema-graph\">{\"@context\":\"https:\/\/schema.org\",\"@graph\":[{\"@type\":\"WebPage\",\"@id\":\"https:\/\/dev6.erresse-shop.it\/de\/shop\/kuche\/messer\/messerblocke-messer\/global-fischgraetenzange-12-cm\/\",\"url\":\"https:\/\/dev6.erresse-shop.it\/de\/shop\/kuche\/messer\/messerblocke-messer\/global-fischgraetenzange-12-cm\/\",\"name\":\"GLOBAL Fischgr\u00e4tenzange 12 cm - dev6 Erresse\",\"isPartOf\":{\"@id\":\"https:\/\/dev6.erresse-shop.it\/#website\"},\"primaryImageOfPage\":{\"@id\":\"https:\/\/dev6.erresse-shop.it\/de\/shop\/kuche\/messer\/messerblocke-messer\/global-fischgraetenzange-12-cm\/#primaryimage\"},\"image\":{\"@id\":\"https:\/\/dev6.erresse-shop.it\/de\/shop\/kuche\/messer\/messerblocke-messer\/global-fischgraetenzange-12-cm\/#primaryimage\"},\"thumbnailUrl\":\"https:\/\/i0.wp.com\/interpim.erresse-shop.it\/Import\/Prodotti\/global-pinza-per-lische-12-cm.jpg?ssl=1\",\"datePublished\":\"2026-04-12T07:30:34+00:00\",\"description\":\"Gerade Fischgr\u00e4tenzange GS-20 aus rostfreiem Stahl. Die Zange hat eine L\u00e4nge von 12 cm und ist aus langlebigen, hochwertigen Materialien gefertigt, um die\",\"breadcrumb\":{\"@id\":\"https:\/\/dev6.erresse-shop.it\/de\/shop\/kuche\/messer\/messerblocke-messer\/global-fischgraetenzange-12-cm\/#breadcrumb\"},\"inLanguage\":\"de\",\"potentialAction\":[{\"@type\":\"ReadAction\",\"target\":[\"https:\/\/dev6.erresse-shop.it\/de\/shop\/kuche\/messer\/messerblocke-messer\/global-fischgraetenzange-12-cm\/\"]}]},{\"@type\":\"ImageObject\",\"inLanguage\":\"de\",\"@id\":\"https:\/\/dev6.erresse-shop.it\/de\/shop\/kuche\/messer\/messerblocke-messer\/global-fischgraetenzange-12-cm\/#primaryimage\",\"url\":\"https:\/\/i0.wp.com\/interpim.erresse-shop.it\/Import\/Prodotti\/global-pinza-per-lische-12-cm.jpg?ssl=1\",\"contentUrl\":\"https:\/\/i0.wp.com\/interpim.erresse-shop.it\/Import\/Prodotti\/global-pinza-per-lische-12-cm.jpg?ssl=1\"},{\"@type\":\"BreadcrumbList\",\"@id\":\"https:\/\/dev6.erresse-shop.it\/de\/shop\/kuche\/messer\/messerblocke-messer\/global-fischgraetenzange-12-cm\/#breadcrumb\",\"itemListElement\":[{\"@type\":\"ListItem\",\"position\":1,\"name\":\"Home\",\"item\":\"https:\/\/dev6.erresse-shop.it\/\"},{\"@type\":\"ListItem\",\"position\":2,\"name\":\"Shop\",\"item\":\"https:\/\/dev6.erresse-shop.it\/shop\/\"},{\"@type\":\"ListItem\",\"position\":3,\"name\":\"GLOBAL Fischgr\u00e4tenzange 12 cm\"}]},{\"@type\":\"WebSite\",\"@id\":\"https:\/\/dev6.erresse-shop.it\/#website\",\"url\":\"https:\/\/dev6.erresse-shop.it\/\",\"name\":\"Erresse Shop\",\"description\":\"\",\"publisher\":{\"@id\":\"https:\/\/dev6.erresse-shop.it\/#organization\"},\"potentialAction\":[{\"@type\":\"SearchAction\",\"target\":{\"@type\":\"EntryPoint\",\"urlTemplate\":\"https:\/\/dev6.erresse-shop.it\/?s={search_term_string}\"},\"query-input\":{\"@type\":\"PropertyValueSpecification\",\"valueRequired\":true,\"valueName\":\"search_term_string\"}}],\"inLanguage\":\"de\"},{\"@type\":\"Organization\",\"@id\":\"https:\/\/dev6.erresse-shop.it\/#organization\",\"name\":\"Erresse Shop\",\"url\":\"https:\/\/dev6.erresse-shop.it\/\",\"logo\":{\"@type\":\"ImageObject\",\"inLanguage\":\"de\",\"@id\":\"https:\/\/dev6.erresse-shop.it\/#\/schema\/logo\/image\/\",\"url\":\"https:\/\/dev6.erresse-shop.it\/wp-content\/uploads\/2025\/01\/LOGO-ERRESSE-CLASSICO.svg\",\"contentUrl\":\"https:\/\/dev6.erresse-shop.it\/wp-content\/uploads\/2025\/01\/LOGO-ERRESSE-CLASSICO.svg\",\"caption\":\"Erresse Shop\"},\"image\":{\"@id\":\"https:\/\/dev6.erresse-shop.it\/#\/schema\/logo\/image\/\"}}]}<\/script>\n<!-- \/ Yoast SEO plugin. -->","yoast_head_json":{"title":"GLOBAL Fischgr\u00e4tenzange 12 cm - dev6 Erresse","description":"Gerade Fischgr\u00e4tenzange GS-20 aus rostfreiem Stahl. Die Zange hat eine L\u00e4nge von 12 cm und ist aus langlebigen, hochwertigen Materialien gefertigt, um die","robots":{"index":"noindex","follow":"follow","max-snippet":"max-snippet:-1","max-image-preview":"max-image-preview:large","max-video-preview":"max-video-preview:-1"},"og_locale":"de_DE","og_type":"article","og_title":"GLOBAL Fischgr\u00e4tenzange 12 cm - dev6 Erresse","og_description":"Gerade Fischgr\u00e4tenzange GS-20 aus rostfreiem Stahl. Die Zange hat eine L\u00e4nge von 12 cm und ist aus langlebigen, hochwertigen Materialien gefertigt, um die","og_url":"https:\/\/dev6.erresse-shop.it\/de\/shop\/kuche\/messer\/messerblocke-messer\/global-fischgraetenzange-12-cm\/","og_site_name":"dev6 Erresse","og_image":[{"url":"https:\/\/interpim.erresse-shop.it\/Import\/Prodotti\/global-pinza-per-lische-12-cm.jpg","type":"","width":"","height":""},{"url":"https:\/\/interpim.erresse-shop.it\/Import\/Prodotti\/global-pinza-per-lische-12-cm.jpg","width":1024,"height":1024,"type":"image\/jpeg"}],"twitter_card":"summary_large_image","twitter_image":"https:\/\/interpim.erresse-shop.it\/Import\/Prodotti\/global-pinza-per-lische-12-cm.jpg","schema":{"@context":"https:\/\/schema.org","@graph":[{"@type":"WebPage","@id":"https:\/\/dev6.erresse-shop.it\/de\/shop\/kuche\/messer\/messerblocke-messer\/global-fischgraetenzange-12-cm\/","url":"https:\/\/dev6.erresse-shop.it\/de\/shop\/kuche\/messer\/messerblocke-messer\/global-fischgraetenzange-12-cm\/","name":"GLOBAL Fischgr\u00e4tenzange 12 cm - dev6 Erresse","isPartOf":{"@id":"https:\/\/dev6.erresse-shop.it\/#website"},"primaryImageOfPage":{"@id":"https:\/\/dev6.erresse-shop.it\/de\/shop\/kuche\/messer\/messerblocke-messer\/global-fischgraetenzange-12-cm\/#primaryimage"},"image":{"@id":"https:\/\/dev6.erresse-shop.it\/de\/shop\/kuche\/messer\/messerblocke-messer\/global-fischgraetenzange-12-cm\/#primaryimage"},"thumbnailUrl":"https:\/\/i0.wp.com\/interpim.erresse-shop.it\/Import\/Prodotti\/global-pinza-per-lische-12-cm.jpg?ssl=1","datePublished":"2026-04-12T07:30:34+00:00","description":"Gerade Fischgr\u00e4tenzange GS-20 aus rostfreiem Stahl. Die Zange hat eine L\u00e4nge von 12 cm und ist aus langlebigen, hochwertigen Materialien gefertigt, um die","breadcrumb":{"@id":"https:\/\/dev6.erresse-shop.it\/de\/shop\/kuche\/messer\/messerblocke-messer\/global-fischgraetenzange-12-cm\/#breadcrumb"},"inLanguage":"de","potentialAction":[{"@type":"ReadAction","target":["https:\/\/dev6.erresse-shop.it\/de\/shop\/kuche\/messer\/messerblocke-messer\/global-fischgraetenzange-12-cm\/"]}]},{"@type":"ImageObject","inLanguage":"de","@id":"https:\/\/dev6.erresse-shop.it\/de\/shop\/kuche\/messer\/messerblocke-messer\/global-fischgraetenzange-12-cm\/#primaryimage","url":"https:\/\/i0.wp.com\/interpim.erresse-shop.it\/Import\/Prodotti\/global-pinza-per-lische-12-cm.jpg?ssl=1","contentUrl":"https:\/\/i0.wp.com\/interpim.erresse-shop.it\/Import\/Prodotti\/global-pinza-per-lische-12-cm.jpg?ssl=1"},{"@type":"BreadcrumbList","@id":"https:\/\/dev6.erresse-shop.it\/de\/shop\/kuche\/messer\/messerblocke-messer\/global-fischgraetenzange-12-cm\/#breadcrumb","itemListElement":[{"@type":"ListItem","position":1,"name":"Home","item":"https:\/\/dev6.erresse-shop.it\/"},{"@type":"ListItem","position":2,"name":"Shop","item":"https:\/\/dev6.erresse-shop.it\/shop\/"},{"@type":"ListItem","position":3,"name":"GLOBAL Fischgr\u00e4tenzange 12 cm"}]},{"@type":"WebSite","@id":"https:\/\/dev6.erresse-shop.it\/#website","url":"https:\/\/dev6.erresse-shop.it\/","name":"Erresse Shop","description":"","publisher":{"@id":"https:\/\/dev6.erresse-shop.it\/#organization"},"potentialAction":[{"@type":"SearchAction","target":{"@type":"EntryPoint","urlTemplate":"https:\/\/dev6.erresse-shop.it\/?s={search_term_string}"},"query-input":{"@type":"PropertyValueSpecification","valueRequired":true,"valueName":"search_term_string"}}],"inLanguage":"de"},{"@type":"Organization","@id":"https:\/\/dev6.erresse-shop.it\/#organization","name":"Erresse Shop","url":"https:\/\/dev6.erresse-shop.it\/","logo":{"@type":"ImageObject","inLanguage":"de","@id":"https:\/\/dev6.erresse-shop.it\/#\/schema\/logo\/image\/","url":"https:\/\/dev6.erresse-shop.it\/wp-content\/uploads\/2025\/01\/LOGO-ERRESSE-CLASSICO.svg","contentUrl":"https:\/\/dev6.erresse-shop.it\/wp-content\/uploads\/2025\/01\/LOGO-ERRESSE-CLASSICO.svg","caption":"Erresse Shop"},"image":{"@id":"https:\/\/dev6.erresse-shop.it\/#\/schema\/logo\/image\/"}}]}},"df_price":23.9,"df_sale_price":"","df_regular_price":23.9,"df_image_link":"https:\/\/i0.wp.com\/interpim.erresse-shop.it\/Import\/Prodotti\/global-pinza-per-lische-12-cm.jpg?resize=300,300&ssl=1","fifu_image_url":"https:\/\/interpim.erresse-shop.it\/Import\/Prodotti\/global-pinza-per-lische-12-cm.jpg","_links":{"self":[{"href":"https:\/\/dev6.erresse-shop.it\/de\/wp-json\/wp\/v2\/product\/52287","targetHints":{"allow":["GET"]}}],"collection":[{"href":"https:\/\/dev6.erresse-shop.it\/de\/wp-json\/wp\/v2\/product"}],"about":[{"href":"https:\/\/dev6.erresse-shop.it\/de\/wp-json\/wp\/v2\/types\/product"}],"wp:featuredmedia":[{"embeddable":true,"href":"https:\/\/dev6.erresse-shop.it\/de\/wp-json\/wp\/v2\/media\/6361071"}],"wp:attachment":[{"href":"https:\/\/dev6.erresse-shop.it\/de\/wp-json\/wp\/v2\/media?parent=52287"}],"wp:term":[{"taxonomy":"product_cat","embeddable":true,"href":"https:\/\/dev6.erresse-shop.it\/de\/wp-json\/wp\/v2\/product_cat?post=52287"},{"taxonomy":"product_tag","embeddable":true,"href":"https:\/\/dev6.erresse-shop.it\/de\/wp-json\/wp\/v2\/product_tag?post=52287"}],"curies":[{"name":"wp","href":"https:\/\/api.w.org\/{rel}","templated":true}]}}