{"id":52283,"date":"2026-04-12T09:30:34","date_gmt":"2026-04-12T07:30:34","guid":{"rendered":"https:\/\/dev6.erresse-shop.it\/shop\/unkategorisiert\/global-fuehrungsschiene-zum-schaerfen\/"},"modified":"2025-09-14T01:08:06","modified_gmt":"2025-09-13T23:08:06","slug":"global-fuehrungsschiene-zum-schaerfen","status":"publish","type":"product","link":"https:\/\/dev6.erresse-shop.it\/de\/shop\/kuche\/messer\/messerblocke-messer\/global-fuehrungsschiene-zum-schaerfen\/","title":{"rendered":"GLOBAL F\u00fchrungsschiene zum Sch\u00e4rfen"},"content":{"rendered":"<p>Zwei F\u00fchrungen f\u00fcr das Sch\u00e4rfen mit der Schleifscheibe. Diese F\u00fchrungen sind auf der R\u00fcckseite des Messers befestigt. Die gro\u00dfe F\u00fchrung f\u00fcr gro\u00dfe Messer und die kleine F\u00fchrung f\u00fcr kleine Messer. Einmal auf der R\u00fcckseite der Messer befestigt, stellen diese Clips den richtigen Schleifwinkel ein und halten ihn aufrecht. Diese F\u00fchrungen k\u00f6nnen f\u00fcr jede Messermarke verwendet werden und stellen den Messerwinkel auf 15 Grad ein, perfekt f\u00fcr Global-Messer.<\/p>\n<p>MinoSharp Paar F\u00fchrungsschienen<br \/>\nLarge f\u00fcr gro\u00dfe Messer (&#43;15 cm)<br \/>\nKlein f\u00fcr kleinere Messer (-15 cm)<br \/>\nKann mit jeder Messermarke verwendet werden<br \/>\nWinkel auf 15 Grad eingestellt<br \/>\nHergestellt in Japan<\/p>\n","protected":false},"excerpt":{"rendered":"<p>Zwei F\u00fchrungen f\u00fcr das Sch\u00e4rfen mit der Schleifscheibe. Diese F\u00fchrungen sind auf der R\u00fcckseite des Messers befestigt. Die gro\u00dfe F\u00fchrung f\u00fcr gro\u00dfe Messer und die kleine F\u00fchrung f\u00fcr kleine Messer. Einmal auf der R\u00fcckseite der Messer befestigt, stellen diese Clips den richtigen Schleifwinkel ein und halten ihn aufrecht. Diese F\u00fchrungen k\u00f6nnen f\u00fcr jede Messermarke verwendet [&hellip;]<\/p>\n","protected":false},"featured_media":6361069,"template":"","meta":{"_acf_changed":false},"product_cat":[11675,11669,12100,12101,12107],"product_tag":[],"class_list":{"0":"post-52283","1":"product","2":"type-product","3":"status-publish","4":"has-post-thumbnail","6":"product_cat-accessori","7":"product_cat-coltelli","8":"product_cat-kuche","9":"product_cat-messer","10":"product_cat-messerblocke-messer","12":"first","13":"outofstock","14":"taxable","15":"shipping-taxable","16":"purchasable","17":"product-type-simple","swatches":"rey-swatches","show_selected":"","stretch_labels":"rey-swatches--stretch-labels"},"acf":[],"yoast_head":"<!-- This site is optimized with the Yoast SEO plugin v25.4 - https:\/\/yoast.com\/wordpress\/plugins\/seo\/ -->\n<title>GLOBAL F\u00fchrungsschiene zum Sch\u00e4rfen - dev6 Erresse<\/title>\n<meta name=\"description\" content=\"Zwei F\u00fchrungen f\u00fcr das Sch\u00e4rfen mit der Schleifscheibe. Diese F\u00fchrungen sind auf der R\u00fcckseite des Messers befestigt. Die gro\u00dfe F\u00fchrung f\u00fcr gro\u00dfe Messer\" \/>\n<meta name=\"robots\" content=\"noindex, follow, max-snippet:-1, max-image-preview:large, max-video-preview:-1\" \/>\n<meta property=\"og:locale\" content=\"de_DE\" \/>\n<meta property=\"og:type\" content=\"article\" \/>\n<meta property=\"og:title\" content=\"GLOBAL F\u00fchrungsschiene zum Sch\u00e4rfen - dev6 Erresse\" \/>\n<meta property=\"og:description\" content=\"Zwei F\u00fchrungen f\u00fcr das Sch\u00e4rfen mit der Schleifscheibe. Diese F\u00fchrungen sind auf der R\u00fcckseite des Messers befestigt. Die gro\u00dfe F\u00fchrung f\u00fcr gro\u00dfe Messer\" \/>\n<meta property=\"og:url\" content=\"https:\/\/dev6.erresse-shop.it\/de\/shop\/kuche\/messer\/messerblocke-messer\/global-fuehrungsschiene-zum-schaerfen\/\" \/>\n<meta property=\"og:site_name\" content=\"dev6 Erresse\" \/>\n<meta property=\"og:image\" content=\"https:\/\/interpim.erresse-shop.it\/Import\/Prodotti\/global-binario-guida-per-affilare.jpg\" \/><meta property=\"og:image\" content=\"https:\/\/interpim.erresse-shop.it\/Import\/Prodotti\/global-binario-guida-per-affilare.jpg\" \/>\n\t<meta property=\"og:image:width\" content=\"1024\" \/>\n\t<meta property=\"og:image:height\" content=\"1024\" \/>\n\t<meta property=\"og:image:type\" content=\"image\/jpeg\" \/>\n<meta name=\"twitter:card\" content=\"summary_large_image\" \/>\n<meta name=\"twitter:image\" content=\"https:\/\/interpim.erresse-shop.it\/Import\/Prodotti\/global-binario-guida-per-affilare.jpg\" \/>\n<script type=\"application\/ld+json\" class=\"yoast-schema-graph\">{\"@context\":\"https:\/\/schema.org\",\"@graph\":[{\"@type\":\"WebPage\",\"@id\":\"https:\/\/dev6.erresse-shop.it\/de\/shop\/kuche\/messer\/messerblocke-messer\/global-fuehrungsschiene-zum-schaerfen\/\",\"url\":\"https:\/\/dev6.erresse-shop.it\/de\/shop\/kuche\/messer\/messerblocke-messer\/global-fuehrungsschiene-zum-schaerfen\/\",\"name\":\"GLOBAL F\u00fchrungsschiene zum Sch\u00e4rfen - dev6 Erresse\",\"isPartOf\":{\"@id\":\"https:\/\/dev6.erresse-shop.it\/#website\"},\"primaryImageOfPage\":{\"@id\":\"https:\/\/dev6.erresse-shop.it\/de\/shop\/kuche\/messer\/messerblocke-messer\/global-fuehrungsschiene-zum-schaerfen\/#primaryimage\"},\"image\":{\"@id\":\"https:\/\/dev6.erresse-shop.it\/de\/shop\/kuche\/messer\/messerblocke-messer\/global-fuehrungsschiene-zum-schaerfen\/#primaryimage\"},\"thumbnailUrl\":\"https:\/\/i0.wp.com\/interpim.erresse-shop.it\/Import\/Prodotti\/global-binario-guida-per-affilare.jpg?ssl=1\",\"datePublished\":\"2026-04-12T07:30:34+00:00\",\"description\":\"Zwei F\u00fchrungen f\u00fcr das Sch\u00e4rfen mit der Schleifscheibe. Diese F\u00fchrungen sind auf der R\u00fcckseite des Messers befestigt. Die gro\u00dfe F\u00fchrung f\u00fcr gro\u00dfe Messer\",\"breadcrumb\":{\"@id\":\"https:\/\/dev6.erresse-shop.it\/de\/shop\/kuche\/messer\/messerblocke-messer\/global-fuehrungsschiene-zum-schaerfen\/#breadcrumb\"},\"inLanguage\":\"de\",\"potentialAction\":[{\"@type\":\"ReadAction\",\"target\":[\"https:\/\/dev6.erresse-shop.it\/de\/shop\/kuche\/messer\/messerblocke-messer\/global-fuehrungsschiene-zum-schaerfen\/\"]}]},{\"@type\":\"ImageObject\",\"inLanguage\":\"de\",\"@id\":\"https:\/\/dev6.erresse-shop.it\/de\/shop\/kuche\/messer\/messerblocke-messer\/global-fuehrungsschiene-zum-schaerfen\/#primaryimage\",\"url\":\"https:\/\/i0.wp.com\/interpim.erresse-shop.it\/Import\/Prodotti\/global-binario-guida-per-affilare.jpg?ssl=1\",\"contentUrl\":\"https:\/\/i0.wp.com\/interpim.erresse-shop.it\/Import\/Prodotti\/global-binario-guida-per-affilare.jpg?ssl=1\"},{\"@type\":\"BreadcrumbList\",\"@id\":\"https:\/\/dev6.erresse-shop.it\/de\/shop\/kuche\/messer\/messerblocke-messer\/global-fuehrungsschiene-zum-schaerfen\/#breadcrumb\",\"itemListElement\":[{\"@type\":\"ListItem\",\"position\":1,\"name\":\"Home\",\"item\":\"https:\/\/dev6.erresse-shop.it\/\"},{\"@type\":\"ListItem\",\"position\":2,\"name\":\"Shop\",\"item\":\"https:\/\/dev6.erresse-shop.it\/shop\/\"},{\"@type\":\"ListItem\",\"position\":3,\"name\":\"GLOBAL F\u00fchrungsschiene zum Sch\u00e4rfen\"}]},{\"@type\":\"WebSite\",\"@id\":\"https:\/\/dev6.erresse-shop.it\/#website\",\"url\":\"https:\/\/dev6.erresse-shop.it\/\",\"name\":\"Erresse Shop\",\"description\":\"\",\"publisher\":{\"@id\":\"https:\/\/dev6.erresse-shop.it\/#organization\"},\"potentialAction\":[{\"@type\":\"SearchAction\",\"target\":{\"@type\":\"EntryPoint\",\"urlTemplate\":\"https:\/\/dev6.erresse-shop.it\/?s={search_term_string}\"},\"query-input\":{\"@type\":\"PropertyValueSpecification\",\"valueRequired\":true,\"valueName\":\"search_term_string\"}}],\"inLanguage\":\"de\"},{\"@type\":\"Organization\",\"@id\":\"https:\/\/dev6.erresse-shop.it\/#organization\",\"name\":\"Erresse Shop\",\"url\":\"https:\/\/dev6.erresse-shop.it\/\",\"logo\":{\"@type\":\"ImageObject\",\"inLanguage\":\"de\",\"@id\":\"https:\/\/dev6.erresse-shop.it\/#\/schema\/logo\/image\/\",\"url\":\"https:\/\/dev6.erresse-shop.it\/wp-content\/uploads\/2025\/01\/LOGO-ERRESSE-CLASSICO.svg\",\"contentUrl\":\"https:\/\/dev6.erresse-shop.it\/wp-content\/uploads\/2025\/01\/LOGO-ERRESSE-CLASSICO.svg\",\"caption\":\"Erresse Shop\"},\"image\":{\"@id\":\"https:\/\/dev6.erresse-shop.it\/#\/schema\/logo\/image\/\"}}]}<\/script>\n<!-- \/ Yoast SEO plugin. -->","yoast_head_json":{"title":"GLOBAL F\u00fchrungsschiene zum Sch\u00e4rfen - dev6 Erresse","description":"Zwei F\u00fchrungen f\u00fcr das Sch\u00e4rfen mit der Schleifscheibe. Diese F\u00fchrungen sind auf der R\u00fcckseite des Messers befestigt. Die gro\u00dfe F\u00fchrung f\u00fcr gro\u00dfe Messer","robots":{"index":"noindex","follow":"follow","max-snippet":"max-snippet:-1","max-image-preview":"max-image-preview:large","max-video-preview":"max-video-preview:-1"},"og_locale":"de_DE","og_type":"article","og_title":"GLOBAL F\u00fchrungsschiene zum Sch\u00e4rfen - dev6 Erresse","og_description":"Zwei F\u00fchrungen f\u00fcr das Sch\u00e4rfen mit der Schleifscheibe. Diese F\u00fchrungen sind auf der R\u00fcckseite des Messers befestigt. Die gro\u00dfe F\u00fchrung f\u00fcr gro\u00dfe Messer","og_url":"https:\/\/dev6.erresse-shop.it\/de\/shop\/kuche\/messer\/messerblocke-messer\/global-fuehrungsschiene-zum-schaerfen\/","og_site_name":"dev6 Erresse","og_image":[{"url":"https:\/\/interpim.erresse-shop.it\/Import\/Prodotti\/global-binario-guida-per-affilare.jpg","type":"","width":"","height":""},{"url":"https:\/\/interpim.erresse-shop.it\/Import\/Prodotti\/global-binario-guida-per-affilare.jpg","width":1024,"height":1024,"type":"image\/jpeg"}],"twitter_card":"summary_large_image","twitter_image":"https:\/\/interpim.erresse-shop.it\/Import\/Prodotti\/global-binario-guida-per-affilare.jpg","schema":{"@context":"https:\/\/schema.org","@graph":[{"@type":"WebPage","@id":"https:\/\/dev6.erresse-shop.it\/de\/shop\/kuche\/messer\/messerblocke-messer\/global-fuehrungsschiene-zum-schaerfen\/","url":"https:\/\/dev6.erresse-shop.it\/de\/shop\/kuche\/messer\/messerblocke-messer\/global-fuehrungsschiene-zum-schaerfen\/","name":"GLOBAL F\u00fchrungsschiene zum Sch\u00e4rfen - dev6 Erresse","isPartOf":{"@id":"https:\/\/dev6.erresse-shop.it\/#website"},"primaryImageOfPage":{"@id":"https:\/\/dev6.erresse-shop.it\/de\/shop\/kuche\/messer\/messerblocke-messer\/global-fuehrungsschiene-zum-schaerfen\/#primaryimage"},"image":{"@id":"https:\/\/dev6.erresse-shop.it\/de\/shop\/kuche\/messer\/messerblocke-messer\/global-fuehrungsschiene-zum-schaerfen\/#primaryimage"},"thumbnailUrl":"https:\/\/i0.wp.com\/interpim.erresse-shop.it\/Import\/Prodotti\/global-binario-guida-per-affilare.jpg?ssl=1","datePublished":"2026-04-12T07:30:34+00:00","description":"Zwei F\u00fchrungen f\u00fcr das Sch\u00e4rfen mit der Schleifscheibe. Diese F\u00fchrungen sind auf der R\u00fcckseite des Messers befestigt. Die gro\u00dfe F\u00fchrung f\u00fcr gro\u00dfe Messer","breadcrumb":{"@id":"https:\/\/dev6.erresse-shop.it\/de\/shop\/kuche\/messer\/messerblocke-messer\/global-fuehrungsschiene-zum-schaerfen\/#breadcrumb"},"inLanguage":"de","potentialAction":[{"@type":"ReadAction","target":["https:\/\/dev6.erresse-shop.it\/de\/shop\/kuche\/messer\/messerblocke-messer\/global-fuehrungsschiene-zum-schaerfen\/"]}]},{"@type":"ImageObject","inLanguage":"de","@id":"https:\/\/dev6.erresse-shop.it\/de\/shop\/kuche\/messer\/messerblocke-messer\/global-fuehrungsschiene-zum-schaerfen\/#primaryimage","url":"https:\/\/i0.wp.com\/interpim.erresse-shop.it\/Import\/Prodotti\/global-binario-guida-per-affilare.jpg?ssl=1","contentUrl":"https:\/\/i0.wp.com\/interpim.erresse-shop.it\/Import\/Prodotti\/global-binario-guida-per-affilare.jpg?ssl=1"},{"@type":"BreadcrumbList","@id":"https:\/\/dev6.erresse-shop.it\/de\/shop\/kuche\/messer\/messerblocke-messer\/global-fuehrungsschiene-zum-schaerfen\/#breadcrumb","itemListElement":[{"@type":"ListItem","position":1,"name":"Home","item":"https:\/\/dev6.erresse-shop.it\/"},{"@type":"ListItem","position":2,"name":"Shop","item":"https:\/\/dev6.erresse-shop.it\/shop\/"},{"@type":"ListItem","position":3,"name":"GLOBAL F\u00fchrungsschiene zum Sch\u00e4rfen"}]},{"@type":"WebSite","@id":"https:\/\/dev6.erresse-shop.it\/#website","url":"https:\/\/dev6.erresse-shop.it\/","name":"Erresse Shop","description":"","publisher":{"@id":"https:\/\/dev6.erresse-shop.it\/#organization"},"potentialAction":[{"@type":"SearchAction","target":{"@type":"EntryPoint","urlTemplate":"https:\/\/dev6.erresse-shop.it\/?s={search_term_string}"},"query-input":{"@type":"PropertyValueSpecification","valueRequired":true,"valueName":"search_term_string"}}],"inLanguage":"de"},{"@type":"Organization","@id":"https:\/\/dev6.erresse-shop.it\/#organization","name":"Erresse Shop","url":"https:\/\/dev6.erresse-shop.it\/","logo":{"@type":"ImageObject","inLanguage":"de","@id":"https:\/\/dev6.erresse-shop.it\/#\/schema\/logo\/image\/","url":"https:\/\/dev6.erresse-shop.it\/wp-content\/uploads\/2025\/01\/LOGO-ERRESSE-CLASSICO.svg","contentUrl":"https:\/\/dev6.erresse-shop.it\/wp-content\/uploads\/2025\/01\/LOGO-ERRESSE-CLASSICO.svg","caption":"Erresse Shop"},"image":{"@id":"https:\/\/dev6.erresse-shop.it\/#\/schema\/logo\/image\/"}}]}},"df_price":11.3,"df_sale_price":"","df_regular_price":11.3,"df_image_link":"https:\/\/i0.wp.com\/interpim.erresse-shop.it\/Import\/Prodotti\/global-binario-guida-per-affilare.jpg?resize=300,300&ssl=1","fifu_image_url":"https:\/\/interpim.erresse-shop.it\/Import\/Prodotti\/global-binario-guida-per-affilare.jpg","_links":{"self":[{"href":"https:\/\/dev6.erresse-shop.it\/de\/wp-json\/wp\/v2\/product\/52283","targetHints":{"allow":["GET"]}}],"collection":[{"href":"https:\/\/dev6.erresse-shop.it\/de\/wp-json\/wp\/v2\/product"}],"about":[{"href":"https:\/\/dev6.erresse-shop.it\/de\/wp-json\/wp\/v2\/types\/product"}],"wp:featuredmedia":[{"embeddable":true,"href":"https:\/\/dev6.erresse-shop.it\/de\/wp-json\/wp\/v2\/media\/6361069"}],"wp:attachment":[{"href":"https:\/\/dev6.erresse-shop.it\/de\/wp-json\/wp\/v2\/media?parent=52283"}],"wp:term":[{"taxonomy":"product_cat","embeddable":true,"href":"https:\/\/dev6.erresse-shop.it\/de\/wp-json\/wp\/v2\/product_cat?post=52283"},{"taxonomy":"product_tag","embeddable":true,"href":"https:\/\/dev6.erresse-shop.it\/de\/wp-json\/wp\/v2\/product_tag?post=52283"}],"curies":[{"name":"wp","href":"https:\/\/api.w.org\/{rel}","templated":true}]}}