{"id":52229,"date":"2026-04-12T09:29:06","date_gmt":"2026-04-12T07:29:06","guid":{"rendered":"https:\/\/dev6.erresse-shop.it\/shop\/unkategorisiert\/le-creuset-tajine-aus-gusseisen-31-cm-azure\/"},"modified":"2025-09-14T01:07:39","modified_gmt":"2025-09-13T23:07:39","slug":"le-creuset-tajine-aus-gusseisen-31-cm-azure","status":"publish","type":"product","link":"https:\/\/dev6.erresse-shop.it\/de\/shop\/toepfe-pfannen\/tajine-de\/le-creuset-tajine-aus-gusseisen-31-cm-azure\/","title":{"rendered":"LE CREUSET Tajine aus Gusseisen  31 cm Azure"},"content":{"rendered":"<p>Unsere Tajine aus verglastem Gusseisen eignet sich perfekt f\u00fcr die Zubereitung eines k\u00f6stlichen marokkanischen Gerichts, aber das ist noch nicht alles. Verwenden Sie sie zum Garen von Fleisch oder Gem\u00fcse, indem Sie eine kleine Menge Fl\u00fcssigkeit hinzuf\u00fcgen. Der Boden aus emailliertem Gusseisen gart die Speisen gleichm\u00e4\u00dfig, w\u00e4hrend der Deckel aus Steingut den Dampf einf\u00e4ngt und kleine Wassertropfen bildet, die auf die Zutaten fallen und sie saftiger und aromatischer machen.<\/p>\n<p>Emailliertes Gusseisen:<\/p>\n<p>\u2013 Gleichm\u00e4\u00dfige W\u00e4rmeverteilung ohne \u00dcberhitzungszonen.<br \/>\n\u2013 Hervorragende W\u00e4rmespeicherung.<br \/>\n\u2013 Knauf aus rostfreiem Stahl, der jeder Temperatur standh\u00e4lt, und\/oder Knauf aus Phenolharz, der bis zu 180\u00b0C best\u00e4ndig ist.<br \/>\n\u2013 Die Griffe sind so konzipiert, dass sie optimal in der Hand liegen.<br \/>\n\u2013 Glasierte Innen- und Au\u00dfenfl\u00e4che. Nimmt keine Feuchtigkeit, keinen Geschmack oder Geruch von Lebensmitteln an.<br \/>\n\u2013 Leicht zu reinigen.<br \/>\n\u2013 Au\u00dfergew\u00f6hnliche Haltbarkeit.<\/p>\n<p>Material: verglastes Gusseisen<br \/>\nHergestellt in: Frankreich<br \/>\nGarantie: lebenslang<\/p>\n<p>W\u00e4rmequelle:<\/p>\n<p>Backofen<br \/>\nBackofen Grill-Modus<br \/>\nKochfeld elektrisch<br \/>\nKeramisches Glas<br \/>\nGas-Kochfeld<br \/>\nInduktionskochfeld<\/p>\n<p>Reinigung und Pflege:<\/p>\n<p>Warten Sie, bis das Produkt abgek\u00fchlt ist, bevor Sie es reinigen.<br \/>\nReinigen Sie den Boden und die Seiten des Ger\u00e4ts von Essensresten. Wenn Essensreste daran haften, f\u00fcllen Sie das Ger\u00e4t mit warmem Seifenwasser und lassen Sie es 15-20 Minuten einweichen, bevor Sie es wie gewohnt waschen.<br \/>\nVerwenden Sie keine Scheuermittel oder scheuernde oder sehr steife Metallschw\u00e4mme oder B\u00fcrsten f\u00fcr die Oberfl\u00e4chen.<br \/>\nNach dem Waschen gut abtrocknen und an einem trockenen Ort aufbewahren<\/p>\n","protected":false},"excerpt":{"rendered":"<p>Unsere Tajine aus verglastem Gusseisen eignet sich perfekt f\u00fcr die Zubereitung eines k\u00f6stlichen marokkanischen Gerichts, aber das ist noch nicht alles. Verwenden Sie sie zum Garen von Fleisch oder Gem\u00fcse, indem Sie eine kleine Menge Fl\u00fcssigkeit hinzuf\u00fcgen. Der Boden aus emailliertem Gusseisen gart die Speisen gleichm\u00e4\u00dfig, w\u00e4hrend der Deckel aus Steingut den Dampf einf\u00e4ngt und [&hellip;]<\/p>\n","protected":false},"featured_media":6360857,"template":"","meta":{"_acf_changed":false},"product_cat":[11667,12133,12099],"product_tag":[],"class_list":{"0":"post-52229","1":"product","2":"type-product","3":"status-publish","4":"has-post-thumbnail","6":"product_cat-padelle-pentole","7":"product_cat-tajine-de","8":"product_cat-toepfe-pfannen","10":"first","11":"outofstock","12":"sale","13":"taxable","14":"shipping-taxable","15":"purchasable","16":"product-type-simple","swatches":"rey-swatches","show_selected":"","stretch_labels":"rey-swatches--stretch-labels"},"acf":[],"yoast_head":"<!-- This site is optimized with the Yoast SEO plugin v25.4 - https:\/\/yoast.com\/wordpress\/plugins\/seo\/ -->\n<title>LE CREUSET Tajine aus Gusseisen 31 cm Azure - dev6 Erresse<\/title>\n<meta name=\"description\" content=\"Unsere Tajine aus verglastem Gusseisen eignet sich perfekt f\u00fcr die Zubereitung eines k\u00f6stlichen marokkanischen Gerichts, aber das ist noch nicht alles.\" \/>\n<meta name=\"robots\" content=\"noindex, follow, max-snippet:-1, max-image-preview:large, max-video-preview:-1\" \/>\n<meta property=\"og:locale\" content=\"de_DE\" \/>\n<meta property=\"og:type\" content=\"article\" \/>\n<meta property=\"og:title\" content=\"LE CREUSET Tajine aus Gusseisen 31 cm Azure - dev6 Erresse\" \/>\n<meta property=\"og:description\" content=\"Unsere Tajine aus verglastem Gusseisen eignet sich perfekt f\u00fcr die Zubereitung eines k\u00f6stlichen marokkanischen Gerichts, aber das ist noch nicht alles.\" \/>\n<meta property=\"og:url\" content=\"https:\/\/dev6.erresse-shop.it\/de\/shop\/toepfe-pfannen\/tajine-de\/le-creuset-tajine-aus-gusseisen-31-cm-azure\/\" \/>\n<meta property=\"og:site_name\" content=\"dev6 Erresse\" \/>\n<meta property=\"og:image\" content=\"https:\/\/interpim.erresse-shop.it\/Import\/Prodotti\/le-creuset-tajine-in-ghisa-31-cm-azure.jpg\" \/><meta property=\"og:image\" content=\"https:\/\/interpim.erresse-shop.it\/Import\/Prodotti\/le-creuset-tajine-in-ghisa-31-cm-azure.jpg\" \/>\n\t<meta property=\"og:image:width\" content=\"1024\" \/>\n\t<meta property=\"og:image:height\" content=\"1024\" \/>\n\t<meta property=\"og:image:type\" content=\"image\/jpeg\" \/>\n<meta name=\"twitter:card\" content=\"summary_large_image\" \/>\n<meta name=\"twitter:image\" content=\"https:\/\/interpim.erresse-shop.it\/Import\/Prodotti\/le-creuset-tajine-in-ghisa-31-cm-azure.jpg\" \/>\n<script type=\"application\/ld+json\" class=\"yoast-schema-graph\">{\"@context\":\"https:\/\/schema.org\",\"@graph\":[{\"@type\":\"WebPage\",\"@id\":\"https:\/\/dev6.erresse-shop.it\/de\/shop\/toepfe-pfannen\/tajine-de\/le-creuset-tajine-aus-gusseisen-31-cm-azure\/\",\"url\":\"https:\/\/dev6.erresse-shop.it\/de\/shop\/toepfe-pfannen\/tajine-de\/le-creuset-tajine-aus-gusseisen-31-cm-azure\/\",\"name\":\"LE CREUSET Tajine aus Gusseisen 31 cm Azure - dev6 Erresse\",\"isPartOf\":{\"@id\":\"https:\/\/dev6.erresse-shop.it\/#website\"},\"primaryImageOfPage\":{\"@id\":\"https:\/\/dev6.erresse-shop.it\/de\/shop\/toepfe-pfannen\/tajine-de\/le-creuset-tajine-aus-gusseisen-31-cm-azure\/#primaryimage\"},\"image\":{\"@id\":\"https:\/\/dev6.erresse-shop.it\/de\/shop\/toepfe-pfannen\/tajine-de\/le-creuset-tajine-aus-gusseisen-31-cm-azure\/#primaryimage\"},\"thumbnailUrl\":\"https:\/\/i0.wp.com\/interpim.erresse-shop.it\/Import\/Prodotti\/le-creuset-tajine-in-ghisa-31-cm-azure.jpg?ssl=1\",\"datePublished\":\"2026-04-12T07:29:06+00:00\",\"description\":\"Unsere Tajine aus verglastem Gusseisen eignet sich perfekt f\u00fcr die Zubereitung eines k\u00f6stlichen marokkanischen Gerichts, aber das ist noch nicht alles.\",\"breadcrumb\":{\"@id\":\"https:\/\/dev6.erresse-shop.it\/de\/shop\/toepfe-pfannen\/tajine-de\/le-creuset-tajine-aus-gusseisen-31-cm-azure\/#breadcrumb\"},\"inLanguage\":\"de\",\"potentialAction\":[{\"@type\":\"ReadAction\",\"target\":[\"https:\/\/dev6.erresse-shop.it\/de\/shop\/toepfe-pfannen\/tajine-de\/le-creuset-tajine-aus-gusseisen-31-cm-azure\/\"]}]},{\"@type\":\"ImageObject\",\"inLanguage\":\"de\",\"@id\":\"https:\/\/dev6.erresse-shop.it\/de\/shop\/toepfe-pfannen\/tajine-de\/le-creuset-tajine-aus-gusseisen-31-cm-azure\/#primaryimage\",\"url\":\"https:\/\/i0.wp.com\/interpim.erresse-shop.it\/Import\/Prodotti\/le-creuset-tajine-in-ghisa-31-cm-azure.jpg?ssl=1\",\"contentUrl\":\"https:\/\/i0.wp.com\/interpim.erresse-shop.it\/Import\/Prodotti\/le-creuset-tajine-in-ghisa-31-cm-azure.jpg?ssl=1\"},{\"@type\":\"BreadcrumbList\",\"@id\":\"https:\/\/dev6.erresse-shop.it\/de\/shop\/toepfe-pfannen\/tajine-de\/le-creuset-tajine-aus-gusseisen-31-cm-azure\/#breadcrumb\",\"itemListElement\":[{\"@type\":\"ListItem\",\"position\":1,\"name\":\"Home\",\"item\":\"https:\/\/dev6.erresse-shop.it\/\"},{\"@type\":\"ListItem\",\"position\":2,\"name\":\"Shop\",\"item\":\"https:\/\/dev6.erresse-shop.it\/shop\/\"},{\"@type\":\"ListItem\",\"position\":3,\"name\":\"LE CREUSET Tajine aus Gusseisen 31 cm Azure\"}]},{\"@type\":\"WebSite\",\"@id\":\"https:\/\/dev6.erresse-shop.it\/#website\",\"url\":\"https:\/\/dev6.erresse-shop.it\/\",\"name\":\"Erresse Shop\",\"description\":\"\",\"publisher\":{\"@id\":\"https:\/\/dev6.erresse-shop.it\/#organization\"},\"potentialAction\":[{\"@type\":\"SearchAction\",\"target\":{\"@type\":\"EntryPoint\",\"urlTemplate\":\"https:\/\/dev6.erresse-shop.it\/?s={search_term_string}\"},\"query-input\":{\"@type\":\"PropertyValueSpecification\",\"valueRequired\":true,\"valueName\":\"search_term_string\"}}],\"inLanguage\":\"de\"},{\"@type\":\"Organization\",\"@id\":\"https:\/\/dev6.erresse-shop.it\/#organization\",\"name\":\"Erresse Shop\",\"url\":\"https:\/\/dev6.erresse-shop.it\/\",\"logo\":{\"@type\":\"ImageObject\",\"inLanguage\":\"de\",\"@id\":\"https:\/\/dev6.erresse-shop.it\/#\/schema\/logo\/image\/\",\"url\":\"https:\/\/dev6.erresse-shop.it\/wp-content\/uploads\/2025\/01\/LOGO-ERRESSE-CLASSICO.svg\",\"contentUrl\":\"https:\/\/dev6.erresse-shop.it\/wp-content\/uploads\/2025\/01\/LOGO-ERRESSE-CLASSICO.svg\",\"caption\":\"Erresse Shop\"},\"image\":{\"@id\":\"https:\/\/dev6.erresse-shop.it\/#\/schema\/logo\/image\/\"}}]}<\/script>\n<!-- \/ Yoast SEO plugin. -->","yoast_head_json":{"title":"LE CREUSET Tajine aus Gusseisen 31 cm Azure - dev6 Erresse","description":"Unsere Tajine aus verglastem Gusseisen eignet sich perfekt f\u00fcr die Zubereitung eines k\u00f6stlichen marokkanischen Gerichts, aber das ist noch nicht alles.","robots":{"index":"noindex","follow":"follow","max-snippet":"max-snippet:-1","max-image-preview":"max-image-preview:large","max-video-preview":"max-video-preview:-1"},"og_locale":"de_DE","og_type":"article","og_title":"LE CREUSET Tajine aus Gusseisen 31 cm Azure - dev6 Erresse","og_description":"Unsere Tajine aus verglastem Gusseisen eignet sich perfekt f\u00fcr die Zubereitung eines k\u00f6stlichen marokkanischen Gerichts, aber das ist noch nicht alles.","og_url":"https:\/\/dev6.erresse-shop.it\/de\/shop\/toepfe-pfannen\/tajine-de\/le-creuset-tajine-aus-gusseisen-31-cm-azure\/","og_site_name":"dev6 Erresse","og_image":[{"url":"https:\/\/interpim.erresse-shop.it\/Import\/Prodotti\/le-creuset-tajine-in-ghisa-31-cm-azure.jpg","type":"","width":"","height":""},{"url":"https:\/\/interpim.erresse-shop.it\/Import\/Prodotti\/le-creuset-tajine-in-ghisa-31-cm-azure.jpg","width":1024,"height":1024,"type":"image\/jpeg"}],"twitter_card":"summary_large_image","twitter_image":"https:\/\/interpim.erresse-shop.it\/Import\/Prodotti\/le-creuset-tajine-in-ghisa-31-cm-azure.jpg","schema":{"@context":"https:\/\/schema.org","@graph":[{"@type":"WebPage","@id":"https:\/\/dev6.erresse-shop.it\/de\/shop\/toepfe-pfannen\/tajine-de\/le-creuset-tajine-aus-gusseisen-31-cm-azure\/","url":"https:\/\/dev6.erresse-shop.it\/de\/shop\/toepfe-pfannen\/tajine-de\/le-creuset-tajine-aus-gusseisen-31-cm-azure\/","name":"LE CREUSET Tajine aus Gusseisen 31 cm Azure - dev6 Erresse","isPartOf":{"@id":"https:\/\/dev6.erresse-shop.it\/#website"},"primaryImageOfPage":{"@id":"https:\/\/dev6.erresse-shop.it\/de\/shop\/toepfe-pfannen\/tajine-de\/le-creuset-tajine-aus-gusseisen-31-cm-azure\/#primaryimage"},"image":{"@id":"https:\/\/dev6.erresse-shop.it\/de\/shop\/toepfe-pfannen\/tajine-de\/le-creuset-tajine-aus-gusseisen-31-cm-azure\/#primaryimage"},"thumbnailUrl":"https:\/\/i0.wp.com\/interpim.erresse-shop.it\/Import\/Prodotti\/le-creuset-tajine-in-ghisa-31-cm-azure.jpg?ssl=1","datePublished":"2026-04-12T07:29:06+00:00","description":"Unsere Tajine aus verglastem Gusseisen eignet sich perfekt f\u00fcr die Zubereitung eines k\u00f6stlichen marokkanischen Gerichts, aber das ist noch nicht alles.","breadcrumb":{"@id":"https:\/\/dev6.erresse-shop.it\/de\/shop\/toepfe-pfannen\/tajine-de\/le-creuset-tajine-aus-gusseisen-31-cm-azure\/#breadcrumb"},"inLanguage":"de","potentialAction":[{"@type":"ReadAction","target":["https:\/\/dev6.erresse-shop.it\/de\/shop\/toepfe-pfannen\/tajine-de\/le-creuset-tajine-aus-gusseisen-31-cm-azure\/"]}]},{"@type":"ImageObject","inLanguage":"de","@id":"https:\/\/dev6.erresse-shop.it\/de\/shop\/toepfe-pfannen\/tajine-de\/le-creuset-tajine-aus-gusseisen-31-cm-azure\/#primaryimage","url":"https:\/\/i0.wp.com\/interpim.erresse-shop.it\/Import\/Prodotti\/le-creuset-tajine-in-ghisa-31-cm-azure.jpg?ssl=1","contentUrl":"https:\/\/i0.wp.com\/interpim.erresse-shop.it\/Import\/Prodotti\/le-creuset-tajine-in-ghisa-31-cm-azure.jpg?ssl=1"},{"@type":"BreadcrumbList","@id":"https:\/\/dev6.erresse-shop.it\/de\/shop\/toepfe-pfannen\/tajine-de\/le-creuset-tajine-aus-gusseisen-31-cm-azure\/#breadcrumb","itemListElement":[{"@type":"ListItem","position":1,"name":"Home","item":"https:\/\/dev6.erresse-shop.it\/"},{"@type":"ListItem","position":2,"name":"Shop","item":"https:\/\/dev6.erresse-shop.it\/shop\/"},{"@type":"ListItem","position":3,"name":"LE CREUSET Tajine aus Gusseisen 31 cm Azure"}]},{"@type":"WebSite","@id":"https:\/\/dev6.erresse-shop.it\/#website","url":"https:\/\/dev6.erresse-shop.it\/","name":"Erresse Shop","description":"","publisher":{"@id":"https:\/\/dev6.erresse-shop.it\/#organization"},"potentialAction":[{"@type":"SearchAction","target":{"@type":"EntryPoint","urlTemplate":"https:\/\/dev6.erresse-shop.it\/?s={search_term_string}"},"query-input":{"@type":"PropertyValueSpecification","valueRequired":true,"valueName":"search_term_string"}}],"inLanguage":"de"},{"@type":"Organization","@id":"https:\/\/dev6.erresse-shop.it\/#organization","name":"Erresse Shop","url":"https:\/\/dev6.erresse-shop.it\/","logo":{"@type":"ImageObject","inLanguage":"de","@id":"https:\/\/dev6.erresse-shop.it\/#\/schema\/logo\/image\/","url":"https:\/\/dev6.erresse-shop.it\/wp-content\/uploads\/2025\/01\/LOGO-ERRESSE-CLASSICO.svg","contentUrl":"https:\/\/dev6.erresse-shop.it\/wp-content\/uploads\/2025\/01\/LOGO-ERRESSE-CLASSICO.svg","caption":"Erresse Shop"},"image":{"@id":"https:\/\/dev6.erresse-shop.it\/#\/schema\/logo\/image\/"}}]}},"df_price":239.95,"df_sale_price":239.95,"df_regular_price":345,"df_image_link":"https:\/\/i0.wp.com\/interpim.erresse-shop.it\/Import\/Prodotti\/le-creuset-tajine-in-ghisa-31-cm-azure.jpg?resize=300,300&ssl=1","fifu_image_url":"https:\/\/interpim.erresse-shop.it\/Import\/Prodotti\/le-creuset-tajine-in-ghisa-31-cm-azure.jpg","_links":{"self":[{"href":"https:\/\/dev6.erresse-shop.it\/de\/wp-json\/wp\/v2\/product\/52229","targetHints":{"allow":["GET"]}}],"collection":[{"href":"https:\/\/dev6.erresse-shop.it\/de\/wp-json\/wp\/v2\/product"}],"about":[{"href":"https:\/\/dev6.erresse-shop.it\/de\/wp-json\/wp\/v2\/types\/product"}],"wp:featuredmedia":[{"embeddable":true,"href":"https:\/\/dev6.erresse-shop.it\/de\/wp-json\/wp\/v2\/media\/6360857"}],"wp:attachment":[{"href":"https:\/\/dev6.erresse-shop.it\/de\/wp-json\/wp\/v2\/media?parent=52229"}],"wp:term":[{"taxonomy":"product_cat","embeddable":true,"href":"https:\/\/dev6.erresse-shop.it\/de\/wp-json\/wp\/v2\/product_cat?post=52229"},{"taxonomy":"product_tag","embeddable":true,"href":"https:\/\/dev6.erresse-shop.it\/de\/wp-json\/wp\/v2\/product_tag?post=52229"}],"curies":[{"name":"wp","href":"https:\/\/api.w.org\/{rel}","templated":true}]}}