{"id":52171,"date":"2026-04-04T09:27:15","date_gmt":"2026-04-04T07:27:15","guid":{"rendered":"https:\/\/dev6.erresse-shop.it\/shop\/unkategorisiert\/berkel-reinigungsset-fuer-aufschnittmaschinen\/"},"modified":"2025-07-03T20:38:53","modified_gmt":"2025-07-03T18:38:53","slug":"berkel-reinigungsset-fuer-aufschnittmaschinen","status":"publish","type":"product","link":"https:\/\/dev6.erresse-shop.it\/de\/shop\/kleine-elektrogeraete\/aufschnittmaschinen\/berkel-reinigungsset-fuer-aufschnittmaschinen\/","title":{"rendered":"BERKEL Reinigungsset f\u00fcr Aufschnittmaschinen"},"content":{"rendered":"<p>Ein Set f\u00fcr die Reinigung der Schneidemaschine vor und nach dem Gebrauch.<\/p>\n<p>Enth\u00e4lt:<br \/>\n\u2013 Mittelgro\u00dfes Tuch aus ULTRA-MICROFASER<br \/>\n\u2013 Desinfektions-Spray H\u00e4nde und Fl\u00e4chen 250 ml<br \/>\n\u2013 \u00d6lflasche 50 ml<br \/>\n\u2013 Reinigungsb\u00fcrste mit weichen Borsten<br \/>\n\u2013 Nachhaltige Box Crush Kirsche Papier<\/p>\n<p>Verwendbar auf Volano und elektrischen Aufschnittmaschinen!<\/p>\n","protected":false},"excerpt":{"rendered":"<p>Ein Set f\u00fcr die Reinigung der Schneidemaschine vor und nach dem Gebrauch. Enth\u00e4lt: \u2013 Mittelgro\u00dfes Tuch aus ULTRA-MICROFASER \u2013 Desinfektions-Spray H\u00e4nde und Fl\u00e4chen 250 ml \u2013 \u00d6lflasche 50 ml \u2013 Reinigungsb\u00fcrste mit weichen Borsten \u2013 Nachhaltige Box Crush Kirsche Papier Verwendbar auf Volano und elektrischen Aufschnittmaschinen!<\/p>\n","protected":false},"featured_media":6277465,"template":"","meta":{"_acf_changed":false},"product_cat":[11675,12181,11669,12163,12100,12101,12107],"product_tag":[],"class_list":{"0":"post-52171","1":"product","2":"type-product","3":"status-publish","4":"has-post-thumbnail","6":"product_cat-accessori","7":"product_cat-aufschnittmaschinen","8":"product_cat-coltelli","9":"product_cat-kleine-elektrogeraete","10":"product_cat-kuche","11":"product_cat-messer","12":"product_cat-messerblocke-messer","14":"first","15":"instock","16":"sale","17":"taxable","18":"shipping-taxable","19":"purchasable","20":"product-type-simple","swatches":"rey-swatches","show_selected":"","stretch_labels":"rey-swatches--stretch-labels"},"acf":[],"yoast_head":"<!-- This site is optimized with the Yoast SEO plugin v25.4 - https:\/\/yoast.com\/wordpress\/plugins\/seo\/ -->\n<title>BERKEL Reinigungsset f\u00fcr Aufschnittmaschinen - dev6 Erresse<\/title>\n<meta name=\"description\" content=\"Ein Set f\u00fcr die Reinigung der Schneidemaschine vor und nach dem Gebrauch. Enth\u00e4lt: \u2013 Mittelgro\u00dfes Tuch aus ULTRA-MICROFASER \u2013 Desinfektions-Spray H\u00e4nde\" \/>\n<meta name=\"robots\" content=\"noindex, follow, max-snippet:-1, max-image-preview:large, max-video-preview:-1\" \/>\n<meta property=\"og:locale\" content=\"de_DE\" \/>\n<meta property=\"og:type\" content=\"article\" \/>\n<meta property=\"og:title\" content=\"BERKEL Reinigungsset f\u00fcr Aufschnittmaschinen - dev6 Erresse\" \/>\n<meta property=\"og:description\" content=\"Ein Set f\u00fcr die Reinigung der Schneidemaschine vor und nach dem Gebrauch. Enth\u00e4lt: \u2013 Mittelgro\u00dfes Tuch aus ULTRA-MICROFASER \u2013 Desinfektions-Spray H\u00e4nde\" \/>\n<meta property=\"og:url\" content=\"https:\/\/dev6.erresse-shop.it\/de\/shop\/kleine-elektrogeraete\/aufschnittmaschinen\/berkel-reinigungsset-fuer-aufschnittmaschinen\/\" \/>\n<meta property=\"og:site_name\" content=\"dev6 Erresse\" \/>\n<meta property=\"og:image\" content=\"https:\/\/interpim.erresse-shop.it\/Import\/Prodotti\/berkel-kit-pulizia-per-affettatrici.jpg\" \/><meta property=\"og:image\" content=\"https:\/\/interpim.erresse-shop.it\/Import\/Prodotti\/berkel-kit-pulizia-per-affettatrici.jpg\" \/>\n\t<meta property=\"og:image:width\" content=\"1024\" \/>\n\t<meta property=\"og:image:height\" content=\"1024\" \/>\n\t<meta property=\"og:image:type\" content=\"image\/jpeg\" \/>\n<meta name=\"twitter:card\" content=\"summary_large_image\" \/>\n<meta name=\"twitter:image\" content=\"https:\/\/interpim.erresse-shop.it\/Import\/Prodotti\/berkel-kit-pulizia-per-affettatrici.jpg\" \/>\n<script type=\"application\/ld+json\" class=\"yoast-schema-graph\">{\"@context\":\"https:\/\/schema.org\",\"@graph\":[{\"@type\":\"WebPage\",\"@id\":\"https:\/\/dev6.erresse-shop.it\/de\/shop\/kleine-elektrogeraete\/aufschnittmaschinen\/berkel-reinigungsset-fuer-aufschnittmaschinen\/\",\"url\":\"https:\/\/dev6.erresse-shop.it\/de\/shop\/kleine-elektrogeraete\/aufschnittmaschinen\/berkel-reinigungsset-fuer-aufschnittmaschinen\/\",\"name\":\"BERKEL Reinigungsset f\u00fcr Aufschnittmaschinen - dev6 Erresse\",\"isPartOf\":{\"@id\":\"https:\/\/dev6.erresse-shop.it\/#website\"},\"primaryImageOfPage\":{\"@id\":\"https:\/\/dev6.erresse-shop.it\/de\/shop\/kleine-elektrogeraete\/aufschnittmaschinen\/berkel-reinigungsset-fuer-aufschnittmaschinen\/#primaryimage\"},\"image\":{\"@id\":\"https:\/\/dev6.erresse-shop.it\/de\/shop\/kleine-elektrogeraete\/aufschnittmaschinen\/berkel-reinigungsset-fuer-aufschnittmaschinen\/#primaryimage\"},\"thumbnailUrl\":\"https:\/\/i3.wp.com\/interpim.erresse-shop.it\/Import\/Prodotti\/berkel-kit-pulizia-per-affettatrici.jpg?ssl=1\",\"datePublished\":\"2026-04-04T07:27:15+00:00\",\"description\":\"Ein Set f\u00fcr die Reinigung der Schneidemaschine vor und nach dem Gebrauch. Enth\u00e4lt: \u2013 Mittelgro\u00dfes Tuch aus ULTRA-MICROFASER \u2013 Desinfektions-Spray H\u00e4nde\",\"breadcrumb\":{\"@id\":\"https:\/\/dev6.erresse-shop.it\/de\/shop\/kleine-elektrogeraete\/aufschnittmaschinen\/berkel-reinigungsset-fuer-aufschnittmaschinen\/#breadcrumb\"},\"inLanguage\":\"de\",\"potentialAction\":[{\"@type\":\"ReadAction\",\"target\":[\"https:\/\/dev6.erresse-shop.it\/de\/shop\/kleine-elektrogeraete\/aufschnittmaschinen\/berkel-reinigungsset-fuer-aufschnittmaschinen\/\"]}]},{\"@type\":\"ImageObject\",\"inLanguage\":\"de\",\"@id\":\"https:\/\/dev6.erresse-shop.it\/de\/shop\/kleine-elektrogeraete\/aufschnittmaschinen\/berkel-reinigungsset-fuer-aufschnittmaschinen\/#primaryimage\",\"url\":\"https:\/\/i3.wp.com\/interpim.erresse-shop.it\/Import\/Prodotti\/berkel-kit-pulizia-per-affettatrici.jpg?ssl=1\",\"contentUrl\":\"https:\/\/i3.wp.com\/interpim.erresse-shop.it\/Import\/Prodotti\/berkel-kit-pulizia-per-affettatrici.jpg?ssl=1\"},{\"@type\":\"BreadcrumbList\",\"@id\":\"https:\/\/dev6.erresse-shop.it\/de\/shop\/kleine-elektrogeraete\/aufschnittmaschinen\/berkel-reinigungsset-fuer-aufschnittmaschinen\/#breadcrumb\",\"itemListElement\":[{\"@type\":\"ListItem\",\"position\":1,\"name\":\"Home\",\"item\":\"https:\/\/dev6.erresse-shop.it\/\"},{\"@type\":\"ListItem\",\"position\":2,\"name\":\"Shop\",\"item\":\"https:\/\/dev6.erresse-shop.it\/shop\/\"},{\"@type\":\"ListItem\",\"position\":3,\"name\":\"BERKEL Reinigungsset f\u00fcr Aufschnittmaschinen\"}]},{\"@type\":\"WebSite\",\"@id\":\"https:\/\/dev6.erresse-shop.it\/#website\",\"url\":\"https:\/\/dev6.erresse-shop.it\/\",\"name\":\"Erresse Shop\",\"description\":\"\",\"publisher\":{\"@id\":\"https:\/\/dev6.erresse-shop.it\/#organization\"},\"potentialAction\":[{\"@type\":\"SearchAction\",\"target\":{\"@type\":\"EntryPoint\",\"urlTemplate\":\"https:\/\/dev6.erresse-shop.it\/?s={search_term_string}\"},\"query-input\":{\"@type\":\"PropertyValueSpecification\",\"valueRequired\":true,\"valueName\":\"search_term_string\"}}],\"inLanguage\":\"de\"},{\"@type\":\"Organization\",\"@id\":\"https:\/\/dev6.erresse-shop.it\/#organization\",\"name\":\"Erresse Shop\",\"url\":\"https:\/\/dev6.erresse-shop.it\/\",\"logo\":{\"@type\":\"ImageObject\",\"inLanguage\":\"de\",\"@id\":\"https:\/\/dev6.erresse-shop.it\/#\/schema\/logo\/image\/\",\"url\":\"https:\/\/dev6.erresse-shop.it\/wp-content\/uploads\/2025\/01\/LOGO-ERRESSE-CLASSICO.svg\",\"contentUrl\":\"https:\/\/dev6.erresse-shop.it\/wp-content\/uploads\/2025\/01\/LOGO-ERRESSE-CLASSICO.svg\",\"caption\":\"Erresse Shop\"},\"image\":{\"@id\":\"https:\/\/dev6.erresse-shop.it\/#\/schema\/logo\/image\/\"}}]}<\/script>\n<!-- \/ Yoast SEO plugin. -->","yoast_head_json":{"title":"BERKEL Reinigungsset f\u00fcr Aufschnittmaschinen - dev6 Erresse","description":"Ein Set f\u00fcr die Reinigung der Schneidemaschine vor und nach dem Gebrauch. Enth\u00e4lt: \u2013 Mittelgro\u00dfes Tuch aus ULTRA-MICROFASER \u2013 Desinfektions-Spray H\u00e4nde","robots":{"index":"noindex","follow":"follow","max-snippet":"max-snippet:-1","max-image-preview":"max-image-preview:large","max-video-preview":"max-video-preview:-1"},"og_locale":"de_DE","og_type":"article","og_title":"BERKEL Reinigungsset f\u00fcr Aufschnittmaschinen - dev6 Erresse","og_description":"Ein Set f\u00fcr die Reinigung der Schneidemaschine vor und nach dem Gebrauch. Enth\u00e4lt: \u2013 Mittelgro\u00dfes Tuch aus ULTRA-MICROFASER \u2013 Desinfektions-Spray H\u00e4nde","og_url":"https:\/\/dev6.erresse-shop.it\/de\/shop\/kleine-elektrogeraete\/aufschnittmaschinen\/berkel-reinigungsset-fuer-aufschnittmaschinen\/","og_site_name":"dev6 Erresse","og_image":[{"url":"https:\/\/interpim.erresse-shop.it\/Import\/Prodotti\/berkel-kit-pulizia-per-affettatrici.jpg","type":"","width":"","height":""},{"url":"https:\/\/interpim.erresse-shop.it\/Import\/Prodotti\/berkel-kit-pulizia-per-affettatrici.jpg","width":1024,"height":1024,"type":"image\/jpeg"}],"twitter_card":"summary_large_image","twitter_image":"https:\/\/interpim.erresse-shop.it\/Import\/Prodotti\/berkel-kit-pulizia-per-affettatrici.jpg","schema":{"@context":"https:\/\/schema.org","@graph":[{"@type":"WebPage","@id":"https:\/\/dev6.erresse-shop.it\/de\/shop\/kleine-elektrogeraete\/aufschnittmaschinen\/berkel-reinigungsset-fuer-aufschnittmaschinen\/","url":"https:\/\/dev6.erresse-shop.it\/de\/shop\/kleine-elektrogeraete\/aufschnittmaschinen\/berkel-reinigungsset-fuer-aufschnittmaschinen\/","name":"BERKEL Reinigungsset f\u00fcr Aufschnittmaschinen - dev6 Erresse","isPartOf":{"@id":"https:\/\/dev6.erresse-shop.it\/#website"},"primaryImageOfPage":{"@id":"https:\/\/dev6.erresse-shop.it\/de\/shop\/kleine-elektrogeraete\/aufschnittmaschinen\/berkel-reinigungsset-fuer-aufschnittmaschinen\/#primaryimage"},"image":{"@id":"https:\/\/dev6.erresse-shop.it\/de\/shop\/kleine-elektrogeraete\/aufschnittmaschinen\/berkel-reinigungsset-fuer-aufschnittmaschinen\/#primaryimage"},"thumbnailUrl":"https:\/\/i3.wp.com\/interpim.erresse-shop.it\/Import\/Prodotti\/berkel-kit-pulizia-per-affettatrici.jpg?ssl=1","datePublished":"2026-04-04T07:27:15+00:00","description":"Ein Set f\u00fcr die Reinigung der Schneidemaschine vor und nach dem Gebrauch. Enth\u00e4lt: \u2013 Mittelgro\u00dfes Tuch aus ULTRA-MICROFASER \u2013 Desinfektions-Spray H\u00e4nde","breadcrumb":{"@id":"https:\/\/dev6.erresse-shop.it\/de\/shop\/kleine-elektrogeraete\/aufschnittmaschinen\/berkel-reinigungsset-fuer-aufschnittmaschinen\/#breadcrumb"},"inLanguage":"de","potentialAction":[{"@type":"ReadAction","target":["https:\/\/dev6.erresse-shop.it\/de\/shop\/kleine-elektrogeraete\/aufschnittmaschinen\/berkel-reinigungsset-fuer-aufschnittmaschinen\/"]}]},{"@type":"ImageObject","inLanguage":"de","@id":"https:\/\/dev6.erresse-shop.it\/de\/shop\/kleine-elektrogeraete\/aufschnittmaschinen\/berkel-reinigungsset-fuer-aufschnittmaschinen\/#primaryimage","url":"https:\/\/i3.wp.com\/interpim.erresse-shop.it\/Import\/Prodotti\/berkel-kit-pulizia-per-affettatrici.jpg?ssl=1","contentUrl":"https:\/\/i3.wp.com\/interpim.erresse-shop.it\/Import\/Prodotti\/berkel-kit-pulizia-per-affettatrici.jpg?ssl=1"},{"@type":"BreadcrumbList","@id":"https:\/\/dev6.erresse-shop.it\/de\/shop\/kleine-elektrogeraete\/aufschnittmaschinen\/berkel-reinigungsset-fuer-aufschnittmaschinen\/#breadcrumb","itemListElement":[{"@type":"ListItem","position":1,"name":"Home","item":"https:\/\/dev6.erresse-shop.it\/"},{"@type":"ListItem","position":2,"name":"Shop","item":"https:\/\/dev6.erresse-shop.it\/shop\/"},{"@type":"ListItem","position":3,"name":"BERKEL Reinigungsset f\u00fcr Aufschnittmaschinen"}]},{"@type":"WebSite","@id":"https:\/\/dev6.erresse-shop.it\/#website","url":"https:\/\/dev6.erresse-shop.it\/","name":"Erresse Shop","description":"","publisher":{"@id":"https:\/\/dev6.erresse-shop.it\/#organization"},"potentialAction":[{"@type":"SearchAction","target":{"@type":"EntryPoint","urlTemplate":"https:\/\/dev6.erresse-shop.it\/?s={search_term_string}"},"query-input":{"@type":"PropertyValueSpecification","valueRequired":true,"valueName":"search_term_string"}}],"inLanguage":"de"},{"@type":"Organization","@id":"https:\/\/dev6.erresse-shop.it\/#organization","name":"Erresse Shop","url":"https:\/\/dev6.erresse-shop.it\/","logo":{"@type":"ImageObject","inLanguage":"de","@id":"https:\/\/dev6.erresse-shop.it\/#\/schema\/logo\/image\/","url":"https:\/\/dev6.erresse-shop.it\/wp-content\/uploads\/2025\/01\/LOGO-ERRESSE-CLASSICO.svg","contentUrl":"https:\/\/dev6.erresse-shop.it\/wp-content\/uploads\/2025\/01\/LOGO-ERRESSE-CLASSICO.svg","caption":"Erresse Shop"},"image":{"@id":"https:\/\/dev6.erresse-shop.it\/#\/schema\/logo\/image\/"}}]}},"df_price":69,"df_sale_price":69,"df_regular_price":79,"df_image_link":"https:\/\/i3.wp.com\/interpim.erresse-shop.it\/Import\/Prodotti\/berkel-kit-pulizia-per-affettatrici.jpg?resize=300,300&ssl=1","fifu_image_url":"https:\/\/interpim.erresse-shop.it\/Import\/Prodotti\/berkel-kit-pulizia-per-affettatrici.jpg","_links":{"self":[{"href":"https:\/\/dev6.erresse-shop.it\/de\/wp-json\/wp\/v2\/product\/52171","targetHints":{"allow":["GET"]}}],"collection":[{"href":"https:\/\/dev6.erresse-shop.it\/de\/wp-json\/wp\/v2\/product"}],"about":[{"href":"https:\/\/dev6.erresse-shop.it\/de\/wp-json\/wp\/v2\/types\/product"}],"wp:featuredmedia":[{"embeddable":true,"href":"https:\/\/dev6.erresse-shop.it\/de\/wp-json\/wp\/v2\/media\/6277465"}],"wp:attachment":[{"href":"https:\/\/dev6.erresse-shop.it\/de\/wp-json\/wp\/v2\/media?parent=52171"}],"wp:term":[{"taxonomy":"product_cat","embeddable":true,"href":"https:\/\/dev6.erresse-shop.it\/de\/wp-json\/wp\/v2\/product_cat?post=52171"},{"taxonomy":"product_tag","embeddable":true,"href":"https:\/\/dev6.erresse-shop.it\/de\/wp-json\/wp\/v2\/product_tag?post=52171"}],"curies":[{"name":"wp","href":"https:\/\/api.w.org\/{rel}","templated":true}]}}