{"id":52147,"date":"2026-04-12T09:27:39","date_gmt":"2026-04-12T07:27:39","guid":{"rendered":"https:\/\/dev6.erresse-shop.it\/shop\/unkategorisiert\/steamery-cirrus-2-rosa-tragbarer-dampfgarer\/"},"modified":"2025-09-14T01:06:41","modified_gmt":"2025-09-13T23:06:41","slug":"steamery-cirrus-2-rosa-tragbarer-dampfgarer","status":"publish","type":"product","link":"https:\/\/dev6.erresse-shop.it\/de\/shop\/einrichtung-haus\/buegelbretter\/steamery-cirrus-2-rosa-tragbarer-dampfgarer\/","title":{"rendered":"STEAMERY Cirrus 2 Rosa Tragbarer Dampfgarer"},"content":{"rendered":"<p>Der tragbare Steamer Cirrus 2 ist eine nachhaltige und effiziente Alternative zum B\u00fcgeln und Waschen. Ihre Kleidung wird im Handumdrehen knitterfrei, glatt und frisch sein. Der hei\u00dfe Dampf reduziert au\u00dferdem Ger\u00fcche, Oberfl\u00e4chenschmutz und Bakterien.<\/p>\n<p>Der hei\u00dfe Dampf eines tragbaren D\u00e4mpfers hebt die Textilfasern an \u2013 anstatt sie wie ein B\u00fcgeleisen zusammenzudr\u00fccken \u2013 und l\u00e4sst sie aufquellen und wieder in ihre nat\u00fcrliche Form bringen. D\u00e4mpfen ist \u00e4hnlich wie das L\u00fcften von Kleidung. Der hei\u00dfe Dampf entfernt die Spuren eines nie getragenen Kleidungsst\u00fccks, wie Ger\u00fcche, Oberfl\u00e4chenschmutz und Bakterien.<\/p>\n<p>MERKMALE<\/p>\n<p>Knitterfreie, frische und vorzeigbare Kleidung<br \/>\nWeniger W\u00e4sche \u2013 weniger Energie- und Wasserverbrauch<br \/>\nLeicht zu tragen am Wochenende und auf Gesch\u00e4ftsreisen<br \/>\nZeitsparend und f\u00fcr alle Haushalte geeignet<br \/>\nFunktioniert auf allen Materialien au\u00dfer Leder und Wildleder Schonend f\u00fcr Seide<\/p>\n<p>SPEZIFIKATIONEN<\/p>\n<p>Wassertank: 90 ml<br \/>\nGarantie: 1 Jahr<br \/>\nGeflochtenes Seil: 1,9 m<br \/>\nGewicht: 0,75-0,78 kg<br \/>\nAbmessungen: 33x15x9,5 cm<br \/>\nSpannung und Frequenz: 220-240 V\/50-60 Hz<br \/>\nLeistung: 1500W<\/p>\n<p>IM LIEFERUMFANG ENTHALTEN<\/p>\n<p>Tragbarer Dampfgarer Cirrus 2<br \/>\nHitzeschutztasche<br \/>\nBenutzerhandbuch<\/p>\n","protected":false},"excerpt":{"rendered":"<p>Der tragbare Steamer Cirrus 2 ist eine nachhaltige und effiziente Alternative zum B\u00fcgeln und Waschen. Ihre Kleidung wird im Handumdrehen knitterfrei, glatt und frisch sein. Der hei\u00dfe Dampf reduziert au\u00dferdem Ger\u00fcche, Oberfl\u00e4chenschmutz und Bakterien. Der hei\u00dfe Dampf eines tragbaren D\u00e4mpfers hebt die Textilfasern an \u2013 anstatt sie wie ein B\u00fcgeleisen zusammenzudr\u00fccken \u2013 und l\u00e4sst sie [&hellip;]<\/p>\n","protected":false},"featured_media":6360651,"template":"","meta":{"_acf_changed":false},"product_cat":[11666,12139,12098],"product_tag":[],"class_list":{"0":"post-52147","1":"product","2":"type-product","3":"status-publish","4":"has-post-thumbnail","6":"product_cat-arredamento-casa","7":"product_cat-buegelbretter","8":"product_cat-einrichtung-haus","10":"first","11":"outofstock","12":"sale","13":"taxable","14":"shipping-taxable","15":"purchasable","16":"product-type-simple","swatches":"rey-swatches","show_selected":"","stretch_labels":"rey-swatches--stretch-labels"},"acf":[],"yoast_head":"<!-- This site is optimized with the Yoast SEO plugin v25.4 - https:\/\/yoast.com\/wordpress\/plugins\/seo\/ -->\n<title>STEAMERY Cirrus 2 Rosa Tragbarer Dampfgarer - dev6 Erresse<\/title>\n<meta name=\"description\" content=\"Der tragbare Steamer Cirrus 2 ist eine nachhaltige und effiziente Alternative zum B\u00fcgeln und Waschen. Ihre Kleidung wird im Handumdrehen knitterfrei,\" \/>\n<meta name=\"robots\" content=\"noindex, follow, max-snippet:-1, max-image-preview:large, max-video-preview:-1\" \/>\n<meta property=\"og:locale\" content=\"de_DE\" \/>\n<meta property=\"og:type\" content=\"article\" \/>\n<meta property=\"og:title\" content=\"STEAMERY Cirrus 2 Rosa Tragbarer Dampfgarer - dev6 Erresse\" \/>\n<meta property=\"og:description\" content=\"Der tragbare Steamer Cirrus 2 ist eine nachhaltige und effiziente Alternative zum B\u00fcgeln und Waschen. Ihre Kleidung wird im Handumdrehen knitterfrei,\" \/>\n<meta property=\"og:url\" content=\"https:\/\/dev6.erresse-shop.it\/de\/shop\/einrichtung-haus\/buegelbretter\/steamery-cirrus-2-rosa-tragbarer-dampfgarer\/\" \/>\n<meta property=\"og:site_name\" content=\"dev6 Erresse\" \/>\n<meta property=\"og:image\" content=\"https:\/\/interpim.erresse-shop.it\/img-catalogo\/steamery\/steamery-cirrus-2-piroscafo-portatile-rosa-3.jpg\" \/><meta property=\"og:image\" content=\"https:\/\/interpim.erresse-shop.it\/img-catalogo\/steamery\/steamery-cirrus-2-piroscafo-portatile-rosa-3.jpg\" \/>\n\t<meta property=\"og:image:width\" content=\"1024\" \/>\n\t<meta property=\"og:image:height\" content=\"1024\" \/>\n\t<meta property=\"og:image:type\" content=\"image\/jpeg\" \/>\n<meta name=\"twitter:card\" content=\"summary_large_image\" \/>\n<meta name=\"twitter:image\" content=\"https:\/\/interpim.erresse-shop.it\/img-catalogo\/steamery\/steamery-cirrus-2-piroscafo-portatile-rosa-3.jpg\" \/>\n<script type=\"application\/ld+json\" class=\"yoast-schema-graph\">{\"@context\":\"https:\/\/schema.org\",\"@graph\":[{\"@type\":\"WebPage\",\"@id\":\"https:\/\/dev6.erresse-shop.it\/de\/shop\/einrichtung-haus\/buegelbretter\/steamery-cirrus-2-rosa-tragbarer-dampfgarer\/\",\"url\":\"https:\/\/dev6.erresse-shop.it\/de\/shop\/einrichtung-haus\/buegelbretter\/steamery-cirrus-2-rosa-tragbarer-dampfgarer\/\",\"name\":\"STEAMERY Cirrus 2 Rosa Tragbarer Dampfgarer - dev6 Erresse\",\"isPartOf\":{\"@id\":\"https:\/\/dev6.erresse-shop.it\/#website\"},\"primaryImageOfPage\":{\"@id\":\"https:\/\/dev6.erresse-shop.it\/de\/shop\/einrichtung-haus\/buegelbretter\/steamery-cirrus-2-rosa-tragbarer-dampfgarer\/#primaryimage\"},\"image\":{\"@id\":\"https:\/\/dev6.erresse-shop.it\/de\/shop\/einrichtung-haus\/buegelbretter\/steamery-cirrus-2-rosa-tragbarer-dampfgarer\/#primaryimage\"},\"thumbnailUrl\":\"https:\/\/i3.wp.com\/interpim.erresse-shop.it\/img-catalogo\/steamery\/steamery-cirrus-2-piroscafo-portatile-rosa-3.jpg?ssl=1\",\"datePublished\":\"2026-04-12T07:27:39+00:00\",\"description\":\"Der tragbare Steamer Cirrus 2 ist eine nachhaltige und effiziente Alternative zum B\u00fcgeln und Waschen. Ihre Kleidung wird im Handumdrehen knitterfrei,\",\"breadcrumb\":{\"@id\":\"https:\/\/dev6.erresse-shop.it\/de\/shop\/einrichtung-haus\/buegelbretter\/steamery-cirrus-2-rosa-tragbarer-dampfgarer\/#breadcrumb\"},\"inLanguage\":\"de\",\"potentialAction\":[{\"@type\":\"ReadAction\",\"target\":[\"https:\/\/dev6.erresse-shop.it\/de\/shop\/einrichtung-haus\/buegelbretter\/steamery-cirrus-2-rosa-tragbarer-dampfgarer\/\"]}]},{\"@type\":\"ImageObject\",\"inLanguage\":\"de\",\"@id\":\"https:\/\/dev6.erresse-shop.it\/de\/shop\/einrichtung-haus\/buegelbretter\/steamery-cirrus-2-rosa-tragbarer-dampfgarer\/#primaryimage\",\"url\":\"https:\/\/i3.wp.com\/interpim.erresse-shop.it\/img-catalogo\/steamery\/steamery-cirrus-2-piroscafo-portatile-rosa-3.jpg?ssl=1\",\"contentUrl\":\"https:\/\/i3.wp.com\/interpim.erresse-shop.it\/img-catalogo\/steamery\/steamery-cirrus-2-piroscafo-portatile-rosa-3.jpg?ssl=1\"},{\"@type\":\"BreadcrumbList\",\"@id\":\"https:\/\/dev6.erresse-shop.it\/de\/shop\/einrichtung-haus\/buegelbretter\/steamery-cirrus-2-rosa-tragbarer-dampfgarer\/#breadcrumb\",\"itemListElement\":[{\"@type\":\"ListItem\",\"position\":1,\"name\":\"Home\",\"item\":\"https:\/\/dev6.erresse-shop.it\/\"},{\"@type\":\"ListItem\",\"position\":2,\"name\":\"Shop\",\"item\":\"https:\/\/dev6.erresse-shop.it\/shop\/\"},{\"@type\":\"ListItem\",\"position\":3,\"name\":\"STEAMERY Cirrus 2 Rosa Tragbarer Dampfgarer\"}]},{\"@type\":\"WebSite\",\"@id\":\"https:\/\/dev6.erresse-shop.it\/#website\",\"url\":\"https:\/\/dev6.erresse-shop.it\/\",\"name\":\"Erresse Shop\",\"description\":\"\",\"publisher\":{\"@id\":\"https:\/\/dev6.erresse-shop.it\/#organization\"},\"potentialAction\":[{\"@type\":\"SearchAction\",\"target\":{\"@type\":\"EntryPoint\",\"urlTemplate\":\"https:\/\/dev6.erresse-shop.it\/?s={search_term_string}\"},\"query-input\":{\"@type\":\"PropertyValueSpecification\",\"valueRequired\":true,\"valueName\":\"search_term_string\"}}],\"inLanguage\":\"de\"},{\"@type\":\"Organization\",\"@id\":\"https:\/\/dev6.erresse-shop.it\/#organization\",\"name\":\"Erresse Shop\",\"url\":\"https:\/\/dev6.erresse-shop.it\/\",\"logo\":{\"@type\":\"ImageObject\",\"inLanguage\":\"de\",\"@id\":\"https:\/\/dev6.erresse-shop.it\/#\/schema\/logo\/image\/\",\"url\":\"https:\/\/dev6.erresse-shop.it\/wp-content\/uploads\/2025\/01\/LOGO-ERRESSE-CLASSICO.svg\",\"contentUrl\":\"https:\/\/dev6.erresse-shop.it\/wp-content\/uploads\/2025\/01\/LOGO-ERRESSE-CLASSICO.svg\",\"caption\":\"Erresse Shop\"},\"image\":{\"@id\":\"https:\/\/dev6.erresse-shop.it\/#\/schema\/logo\/image\/\"}}]}<\/script>\n<!-- \/ Yoast SEO plugin. -->","yoast_head_json":{"title":"STEAMERY Cirrus 2 Rosa Tragbarer Dampfgarer - dev6 Erresse","description":"Der tragbare Steamer Cirrus 2 ist eine nachhaltige und effiziente Alternative zum B\u00fcgeln und Waschen. Ihre Kleidung wird im Handumdrehen knitterfrei,","robots":{"index":"noindex","follow":"follow","max-snippet":"max-snippet:-1","max-image-preview":"max-image-preview:large","max-video-preview":"max-video-preview:-1"},"og_locale":"de_DE","og_type":"article","og_title":"STEAMERY Cirrus 2 Rosa Tragbarer Dampfgarer - dev6 Erresse","og_description":"Der tragbare Steamer Cirrus 2 ist eine nachhaltige und effiziente Alternative zum B\u00fcgeln und Waschen. Ihre Kleidung wird im Handumdrehen knitterfrei,","og_url":"https:\/\/dev6.erresse-shop.it\/de\/shop\/einrichtung-haus\/buegelbretter\/steamery-cirrus-2-rosa-tragbarer-dampfgarer\/","og_site_name":"dev6 Erresse","og_image":[{"url":"https:\/\/interpim.erresse-shop.it\/img-catalogo\/steamery\/steamery-cirrus-2-piroscafo-portatile-rosa-3.jpg","type":"","width":"","height":""},{"url":"https:\/\/interpim.erresse-shop.it\/img-catalogo\/steamery\/steamery-cirrus-2-piroscafo-portatile-rosa-3.jpg","width":1024,"height":1024,"type":"image\/jpeg"}],"twitter_card":"summary_large_image","twitter_image":"https:\/\/interpim.erresse-shop.it\/img-catalogo\/steamery\/steamery-cirrus-2-piroscafo-portatile-rosa-3.jpg","schema":{"@context":"https:\/\/schema.org","@graph":[{"@type":"WebPage","@id":"https:\/\/dev6.erresse-shop.it\/de\/shop\/einrichtung-haus\/buegelbretter\/steamery-cirrus-2-rosa-tragbarer-dampfgarer\/","url":"https:\/\/dev6.erresse-shop.it\/de\/shop\/einrichtung-haus\/buegelbretter\/steamery-cirrus-2-rosa-tragbarer-dampfgarer\/","name":"STEAMERY Cirrus 2 Rosa Tragbarer Dampfgarer - dev6 Erresse","isPartOf":{"@id":"https:\/\/dev6.erresse-shop.it\/#website"},"primaryImageOfPage":{"@id":"https:\/\/dev6.erresse-shop.it\/de\/shop\/einrichtung-haus\/buegelbretter\/steamery-cirrus-2-rosa-tragbarer-dampfgarer\/#primaryimage"},"image":{"@id":"https:\/\/dev6.erresse-shop.it\/de\/shop\/einrichtung-haus\/buegelbretter\/steamery-cirrus-2-rosa-tragbarer-dampfgarer\/#primaryimage"},"thumbnailUrl":"https:\/\/i3.wp.com\/interpim.erresse-shop.it\/img-catalogo\/steamery\/steamery-cirrus-2-piroscafo-portatile-rosa-3.jpg?ssl=1","datePublished":"2026-04-12T07:27:39+00:00","description":"Der tragbare Steamer Cirrus 2 ist eine nachhaltige und effiziente Alternative zum B\u00fcgeln und Waschen. Ihre Kleidung wird im Handumdrehen knitterfrei,","breadcrumb":{"@id":"https:\/\/dev6.erresse-shop.it\/de\/shop\/einrichtung-haus\/buegelbretter\/steamery-cirrus-2-rosa-tragbarer-dampfgarer\/#breadcrumb"},"inLanguage":"de","potentialAction":[{"@type":"ReadAction","target":["https:\/\/dev6.erresse-shop.it\/de\/shop\/einrichtung-haus\/buegelbretter\/steamery-cirrus-2-rosa-tragbarer-dampfgarer\/"]}]},{"@type":"ImageObject","inLanguage":"de","@id":"https:\/\/dev6.erresse-shop.it\/de\/shop\/einrichtung-haus\/buegelbretter\/steamery-cirrus-2-rosa-tragbarer-dampfgarer\/#primaryimage","url":"https:\/\/i3.wp.com\/interpim.erresse-shop.it\/img-catalogo\/steamery\/steamery-cirrus-2-piroscafo-portatile-rosa-3.jpg?ssl=1","contentUrl":"https:\/\/i3.wp.com\/interpim.erresse-shop.it\/img-catalogo\/steamery\/steamery-cirrus-2-piroscafo-portatile-rosa-3.jpg?ssl=1"},{"@type":"BreadcrumbList","@id":"https:\/\/dev6.erresse-shop.it\/de\/shop\/einrichtung-haus\/buegelbretter\/steamery-cirrus-2-rosa-tragbarer-dampfgarer\/#breadcrumb","itemListElement":[{"@type":"ListItem","position":1,"name":"Home","item":"https:\/\/dev6.erresse-shop.it\/"},{"@type":"ListItem","position":2,"name":"Shop","item":"https:\/\/dev6.erresse-shop.it\/shop\/"},{"@type":"ListItem","position":3,"name":"STEAMERY Cirrus 2 Rosa Tragbarer Dampfgarer"}]},{"@type":"WebSite","@id":"https:\/\/dev6.erresse-shop.it\/#website","url":"https:\/\/dev6.erresse-shop.it\/","name":"Erresse Shop","description":"","publisher":{"@id":"https:\/\/dev6.erresse-shop.it\/#organization"},"potentialAction":[{"@type":"SearchAction","target":{"@type":"EntryPoint","urlTemplate":"https:\/\/dev6.erresse-shop.it\/?s={search_term_string}"},"query-input":{"@type":"PropertyValueSpecification","valueRequired":true,"valueName":"search_term_string"}}],"inLanguage":"de"},{"@type":"Organization","@id":"https:\/\/dev6.erresse-shop.it\/#organization","name":"Erresse Shop","url":"https:\/\/dev6.erresse-shop.it\/","logo":{"@type":"ImageObject","inLanguage":"de","@id":"https:\/\/dev6.erresse-shop.it\/#\/schema\/logo\/image\/","url":"https:\/\/dev6.erresse-shop.it\/wp-content\/uploads\/2025\/01\/LOGO-ERRESSE-CLASSICO.svg","contentUrl":"https:\/\/dev6.erresse-shop.it\/wp-content\/uploads\/2025\/01\/LOGO-ERRESSE-CLASSICO.svg","caption":"Erresse Shop"},"image":{"@id":"https:\/\/dev6.erresse-shop.it\/#\/schema\/logo\/image\/"}}]}},"df_price":119,"df_sale_price":119,"df_regular_price":130,"df_image_link":"https:\/\/i3.wp.com\/interpim.erresse-shop.it\/img-catalogo\/steamery\/steamery-cirrus-2-piroscafo-portatile-rosa-3.jpg?resize=300,300&ssl=1","fifu_image_url":"https:\/\/interpim.erresse-shop.it\/img-catalogo\/steamery\/steamery-cirrus-2-piroscafo-portatile-rosa-3.jpg","_links":{"self":[{"href":"https:\/\/dev6.erresse-shop.it\/de\/wp-json\/wp\/v2\/product\/52147","targetHints":{"allow":["GET"]}}],"collection":[{"href":"https:\/\/dev6.erresse-shop.it\/de\/wp-json\/wp\/v2\/product"}],"about":[{"href":"https:\/\/dev6.erresse-shop.it\/de\/wp-json\/wp\/v2\/types\/product"}],"wp:featuredmedia":[{"embeddable":true,"href":"https:\/\/dev6.erresse-shop.it\/de\/wp-json\/wp\/v2\/media\/6360651"}],"wp:attachment":[{"href":"https:\/\/dev6.erresse-shop.it\/de\/wp-json\/wp\/v2\/media?parent=52147"}],"wp:term":[{"taxonomy":"product_cat","embeddable":true,"href":"https:\/\/dev6.erresse-shop.it\/de\/wp-json\/wp\/v2\/product_cat?post=52147"},{"taxonomy":"product_tag","embeddable":true,"href":"https:\/\/dev6.erresse-shop.it\/de\/wp-json\/wp\/v2\/product_tag?post=52147"}],"curies":[{"name":"wp","href":"https:\/\/api.w.org\/{rel}","templated":true}]}}