{"id":52145,"date":"2026-04-10T10:06:21","date_gmt":"2026-04-10T08:06:21","guid":{"rendered":"https:\/\/dev6.erresse-shop.it\/shop\/unkategorisiert\/g3-ferrari-pastaio-10lode-10-l\/"},"modified":"2025-07-03T20:38:13","modified_gmt":"2025-07-03T18:38:13","slug":"g3-ferrari-pastaio-10lode-10-l","status":"publish","type":"product","link":"https:\/\/dev6.erresse-shop.it\/de\/shop\/kleine-elektrogeraete\/knetmaschinen\/g3-ferrari-pastaio-10lode-10-l\/","title":{"rendered":"G3 FERRARI Pastaio 10&#038;Lode 10 L"},"content":{"rendered":"<p>Der Pastaio 10&amp;Lode ist eine multifunktionale Maschine mit Planetengetriebe, die hervorragende Ergebnisse erzielt. Dank seiner sehr hohen Motorleistung, den internen Metallgetrieben und den 6 Verarbeitungsgeschwindigkeiten kann er viele Zutaten verarbeiten. Sie k\u00f6nnen verschiedene Rezepte zubereiten: Pizzateig, traditionelle oder Eiernudeln, Kuchen, Kekse und viele Brotsorten. Die Pastaio 10&amp;Lode ist vielseitig einsetzbar und eine gro\u00dfe Hilfe im Haushalt: Sie ist im t\u00e4glichen Gebrauch leicht zu bedienen und zu reinigen und garantiert mit dem Hakenquirl zum Kneten, dem R\u00fchraufsatz f\u00fcr weichen Teig und dem Planetenquirl zum Schlagen und Aufschlagen hervorragende Ergebnisse. Das optionale Zubeh\u00f6r bietet viele weitere Einsatzm\u00f6glichkeiten: Fleisch zerkleinern, Nudeln rollen, Nudeln und Spaghetti zubereiten.<\/p>\n<p>Technische Daten<\/p>\n<p>6 Arbeitsgeschwindigkeiten &#43; PULSE<br \/>\n10-Liter-Edelstahlbeh\u00e4lter mit Deckel<br \/>\nKann bis zu 4 kg Teig verarbeiten (abh\u00e4ngig von den zu mischenden Lebensmitteln)<br \/>\nSaugnapf-F\u00fc\u00dfe f\u00fcr mehr Stabilit\u00e4t<br \/>\nSicherheitsvorrichtung, die eine versehentliche Benutzung verhindert<br \/>\nInklusive Zubeh\u00f6r: Aluminium-Knethaken und -R\u00fchrer, Edelstahl-Schneebesen (oder Planetenr\u00fchrer), transparenter Kunststoffdeckel<br \/>\nStromversorgung: AC 220-240V ~ 50\/60 Hz<br \/>\nLeistung: 1500W (2200W Max)<br \/>\nAbmessungen (B x H x T): 40 x 39,5 x 27 cm<br \/>\nGewicht: 6,9 kg<\/p>\n<p>Nicht zum Verkauf au\u00dferhalb Europas<\/p>\n","protected":false},"excerpt":{"rendered":"<p>Der Pastaio 10&amp;Lode ist eine multifunktionale Maschine mit Planetengetriebe, die hervorragende Ergebnisse erzielt. Dank seiner sehr hohen Motorleistung, den internen Metallgetrieben und den 6 Verarbeitungsgeschwindigkeiten kann er viele Zutaten verarbeiten. Sie k\u00f6nnen verschiedene Rezepte zubereiten: Pizzateig, traditionelle oder Eiernudeln, Kuchen, Kekse und viele Brotsorten. Die Pastaio 10&amp;Lode ist vielseitig einsetzbar und eine gro\u00dfe Hilfe im [&hellip;]<\/p>\n","protected":false},"featured_media":6318998,"template":"","meta":{"_acf_changed":false},"product_cat":[12163,12196],"product_tag":[],"class_list":{"0":"post-52145","1":"product","2":"type-product","3":"status-publish","4":"has-post-thumbnail","6":"product_cat-kleine-elektrogeraete","7":"product_cat-knetmaschinen","9":"first","10":"outofstock","11":"taxable","12":"shipping-taxable","13":"product-type-simple","swatches":"rey-swatches","show_selected":"","stretch_labels":"rey-swatches--stretch-labels"},"acf":[],"yoast_head":"<!-- This site is optimized with the Yoast SEO plugin v25.4 - https:\/\/yoast.com\/wordpress\/plugins\/seo\/ -->\n<title>G3 FERRARI Pastaio 10&#038;Lode 10 L - dev6 Erresse<\/title>\n<meta name=\"description\" content=\"Der Pastaio 10&amp;Lode ist eine multifunktionale Maschine mit Planetengetriebe, die hervorragende Ergebnisse erzielt. Dank seiner sehr hohen\" \/>\n<meta name=\"robots\" content=\"noindex, follow, max-snippet:-1, max-image-preview:large, max-video-preview:-1\" \/>\n<meta property=\"og:locale\" content=\"de_DE\" \/>\n<meta property=\"og:type\" content=\"article\" \/>\n<meta property=\"og:title\" content=\"G3 FERRARI Pastaio 10&#038;Lode 10 L - dev6 Erresse\" \/>\n<meta property=\"og:description\" content=\"Der Pastaio 10&amp;Lode ist eine multifunktionale Maschine mit Planetengetriebe, die hervorragende Ergebnisse erzielt. Dank seiner sehr hohen\" \/>\n<meta property=\"og:url\" content=\"https:\/\/dev6.erresse-shop.it\/de\/shop\/kleine-elektrogeraete\/knetmaschinen\/g3-ferrari-pastaio-10lode-10-l\/\" \/>\n<meta property=\"og:site_name\" content=\"dev6 Erresse\" \/>\n<meta property=\"og:image\" content=\"https:\/\/interpim.erresse-shop.it\/Import\/Prodotti\/g3-ferrari-pastaio-10lode-10-l.jpg\" \/><meta property=\"og:image\" content=\"https:\/\/interpim.erresse-shop.it\/Import\/Prodotti\/g3-ferrari-pastaio-10lode-10-l.jpg\" \/>\n\t<meta property=\"og:image:width\" content=\"1024\" \/>\n\t<meta property=\"og:image:height\" content=\"1024\" \/>\n\t<meta property=\"og:image:type\" content=\"image\/jpeg\" \/>\n<meta name=\"twitter:card\" content=\"summary_large_image\" \/>\n<meta name=\"twitter:image\" content=\"https:\/\/interpim.erresse-shop.it\/Import\/Prodotti\/g3-ferrari-pastaio-10lode-10-l.jpg\" \/>\n<script type=\"application\/ld+json\" class=\"yoast-schema-graph\">{\"@context\":\"https:\/\/schema.org\",\"@graph\":[{\"@type\":\"WebPage\",\"@id\":\"https:\/\/dev6.erresse-shop.it\/de\/shop\/kleine-elektrogeraete\/knetmaschinen\/g3-ferrari-pastaio-10lode-10-l\/\",\"url\":\"https:\/\/dev6.erresse-shop.it\/de\/shop\/kleine-elektrogeraete\/knetmaschinen\/g3-ferrari-pastaio-10lode-10-l\/\",\"name\":\"G3 FERRARI Pastaio 10&#038;Lode 10 L - dev6 Erresse\",\"isPartOf\":{\"@id\":\"https:\/\/dev6.erresse-shop.it\/#website\"},\"primaryImageOfPage\":{\"@id\":\"https:\/\/dev6.erresse-shop.it\/de\/shop\/kleine-elektrogeraete\/knetmaschinen\/g3-ferrari-pastaio-10lode-10-l\/#primaryimage\"},\"image\":{\"@id\":\"https:\/\/dev6.erresse-shop.it\/de\/shop\/kleine-elektrogeraete\/knetmaschinen\/g3-ferrari-pastaio-10lode-10-l\/#primaryimage\"},\"thumbnailUrl\":\"https:\/\/i0.wp.com\/interpim.erresse-shop.it\/Import\/Prodotti\/g3-ferrari-pastaio-10lode-10-l.jpg?ssl=1\",\"datePublished\":\"2026-04-10T08:06:21+00:00\",\"description\":\"Der Pastaio 10&amp;Lode ist eine multifunktionale Maschine mit Planetengetriebe, die hervorragende Ergebnisse erzielt. Dank seiner sehr hohen\",\"breadcrumb\":{\"@id\":\"https:\/\/dev6.erresse-shop.it\/de\/shop\/kleine-elektrogeraete\/knetmaschinen\/g3-ferrari-pastaio-10lode-10-l\/#breadcrumb\"},\"inLanguage\":\"de\",\"potentialAction\":[{\"@type\":\"ReadAction\",\"target\":[\"https:\/\/dev6.erresse-shop.it\/de\/shop\/kleine-elektrogeraete\/knetmaschinen\/g3-ferrari-pastaio-10lode-10-l\/\"]}]},{\"@type\":\"ImageObject\",\"inLanguage\":\"de\",\"@id\":\"https:\/\/dev6.erresse-shop.it\/de\/shop\/kleine-elektrogeraete\/knetmaschinen\/g3-ferrari-pastaio-10lode-10-l\/#primaryimage\",\"url\":\"https:\/\/i0.wp.com\/interpim.erresse-shop.it\/Import\/Prodotti\/g3-ferrari-pastaio-10lode-10-l.jpg?ssl=1\",\"contentUrl\":\"https:\/\/i0.wp.com\/interpim.erresse-shop.it\/Import\/Prodotti\/g3-ferrari-pastaio-10lode-10-l.jpg?ssl=1\"},{\"@type\":\"BreadcrumbList\",\"@id\":\"https:\/\/dev6.erresse-shop.it\/de\/shop\/kleine-elektrogeraete\/knetmaschinen\/g3-ferrari-pastaio-10lode-10-l\/#breadcrumb\",\"itemListElement\":[{\"@type\":\"ListItem\",\"position\":1,\"name\":\"Home\",\"item\":\"https:\/\/dev6.erresse-shop.it\/\"},{\"@type\":\"ListItem\",\"position\":2,\"name\":\"Shop\",\"item\":\"https:\/\/dev6.erresse-shop.it\/shop\/\"},{\"@type\":\"ListItem\",\"position\":3,\"name\":\"G3 FERRARI Pastaio 10&#038;Lode 10 L\"}]},{\"@type\":\"WebSite\",\"@id\":\"https:\/\/dev6.erresse-shop.it\/#website\",\"url\":\"https:\/\/dev6.erresse-shop.it\/\",\"name\":\"Erresse Shop\",\"description\":\"\",\"publisher\":{\"@id\":\"https:\/\/dev6.erresse-shop.it\/#organization\"},\"potentialAction\":[{\"@type\":\"SearchAction\",\"target\":{\"@type\":\"EntryPoint\",\"urlTemplate\":\"https:\/\/dev6.erresse-shop.it\/?s={search_term_string}\"},\"query-input\":{\"@type\":\"PropertyValueSpecification\",\"valueRequired\":true,\"valueName\":\"search_term_string\"}}],\"inLanguage\":\"de\"},{\"@type\":\"Organization\",\"@id\":\"https:\/\/dev6.erresse-shop.it\/#organization\",\"name\":\"Erresse Shop\",\"url\":\"https:\/\/dev6.erresse-shop.it\/\",\"logo\":{\"@type\":\"ImageObject\",\"inLanguage\":\"de\",\"@id\":\"https:\/\/dev6.erresse-shop.it\/#\/schema\/logo\/image\/\",\"url\":\"https:\/\/dev6.erresse-shop.it\/wp-content\/uploads\/2025\/01\/LOGO-ERRESSE-CLASSICO.svg\",\"contentUrl\":\"https:\/\/dev6.erresse-shop.it\/wp-content\/uploads\/2025\/01\/LOGO-ERRESSE-CLASSICO.svg\",\"caption\":\"Erresse Shop\"},\"image\":{\"@id\":\"https:\/\/dev6.erresse-shop.it\/#\/schema\/logo\/image\/\"}}]}<\/script>\n<!-- \/ Yoast SEO plugin. -->","yoast_head_json":{"title":"G3 FERRARI Pastaio 10&#038;Lode 10 L - dev6 Erresse","description":"Der Pastaio 10&amp;Lode ist eine multifunktionale Maschine mit Planetengetriebe, die hervorragende Ergebnisse erzielt. Dank seiner sehr hohen","robots":{"index":"noindex","follow":"follow","max-snippet":"max-snippet:-1","max-image-preview":"max-image-preview:large","max-video-preview":"max-video-preview:-1"},"og_locale":"de_DE","og_type":"article","og_title":"G3 FERRARI Pastaio 10&#038;Lode 10 L - dev6 Erresse","og_description":"Der Pastaio 10&amp;Lode ist eine multifunktionale Maschine mit Planetengetriebe, die hervorragende Ergebnisse erzielt. Dank seiner sehr hohen","og_url":"https:\/\/dev6.erresse-shop.it\/de\/shop\/kleine-elektrogeraete\/knetmaschinen\/g3-ferrari-pastaio-10lode-10-l\/","og_site_name":"dev6 Erresse","og_image":[{"url":"https:\/\/interpim.erresse-shop.it\/Import\/Prodotti\/g3-ferrari-pastaio-10lode-10-l.jpg","type":"","width":"","height":""},{"url":"https:\/\/interpim.erresse-shop.it\/Import\/Prodotti\/g3-ferrari-pastaio-10lode-10-l.jpg","width":1024,"height":1024,"type":"image\/jpeg"}],"twitter_card":"summary_large_image","twitter_image":"https:\/\/interpim.erresse-shop.it\/Import\/Prodotti\/g3-ferrari-pastaio-10lode-10-l.jpg","schema":{"@context":"https:\/\/schema.org","@graph":[{"@type":"WebPage","@id":"https:\/\/dev6.erresse-shop.it\/de\/shop\/kleine-elektrogeraete\/knetmaschinen\/g3-ferrari-pastaio-10lode-10-l\/","url":"https:\/\/dev6.erresse-shop.it\/de\/shop\/kleine-elektrogeraete\/knetmaschinen\/g3-ferrari-pastaio-10lode-10-l\/","name":"G3 FERRARI Pastaio 10&#038;Lode 10 L - dev6 Erresse","isPartOf":{"@id":"https:\/\/dev6.erresse-shop.it\/#website"},"primaryImageOfPage":{"@id":"https:\/\/dev6.erresse-shop.it\/de\/shop\/kleine-elektrogeraete\/knetmaschinen\/g3-ferrari-pastaio-10lode-10-l\/#primaryimage"},"image":{"@id":"https:\/\/dev6.erresse-shop.it\/de\/shop\/kleine-elektrogeraete\/knetmaschinen\/g3-ferrari-pastaio-10lode-10-l\/#primaryimage"},"thumbnailUrl":"https:\/\/i0.wp.com\/interpim.erresse-shop.it\/Import\/Prodotti\/g3-ferrari-pastaio-10lode-10-l.jpg?ssl=1","datePublished":"2026-04-10T08:06:21+00:00","description":"Der Pastaio 10&amp;Lode ist eine multifunktionale Maschine mit Planetengetriebe, die hervorragende Ergebnisse erzielt. Dank seiner sehr hohen","breadcrumb":{"@id":"https:\/\/dev6.erresse-shop.it\/de\/shop\/kleine-elektrogeraete\/knetmaschinen\/g3-ferrari-pastaio-10lode-10-l\/#breadcrumb"},"inLanguage":"de","potentialAction":[{"@type":"ReadAction","target":["https:\/\/dev6.erresse-shop.it\/de\/shop\/kleine-elektrogeraete\/knetmaschinen\/g3-ferrari-pastaio-10lode-10-l\/"]}]},{"@type":"ImageObject","inLanguage":"de","@id":"https:\/\/dev6.erresse-shop.it\/de\/shop\/kleine-elektrogeraete\/knetmaschinen\/g3-ferrari-pastaio-10lode-10-l\/#primaryimage","url":"https:\/\/i0.wp.com\/interpim.erresse-shop.it\/Import\/Prodotti\/g3-ferrari-pastaio-10lode-10-l.jpg?ssl=1","contentUrl":"https:\/\/i0.wp.com\/interpim.erresse-shop.it\/Import\/Prodotti\/g3-ferrari-pastaio-10lode-10-l.jpg?ssl=1"},{"@type":"BreadcrumbList","@id":"https:\/\/dev6.erresse-shop.it\/de\/shop\/kleine-elektrogeraete\/knetmaschinen\/g3-ferrari-pastaio-10lode-10-l\/#breadcrumb","itemListElement":[{"@type":"ListItem","position":1,"name":"Home","item":"https:\/\/dev6.erresse-shop.it\/"},{"@type":"ListItem","position":2,"name":"Shop","item":"https:\/\/dev6.erresse-shop.it\/shop\/"},{"@type":"ListItem","position":3,"name":"G3 FERRARI Pastaio 10&#038;Lode 10 L"}]},{"@type":"WebSite","@id":"https:\/\/dev6.erresse-shop.it\/#website","url":"https:\/\/dev6.erresse-shop.it\/","name":"Erresse Shop","description":"","publisher":{"@id":"https:\/\/dev6.erresse-shop.it\/#organization"},"potentialAction":[{"@type":"SearchAction","target":{"@type":"EntryPoint","urlTemplate":"https:\/\/dev6.erresse-shop.it\/?s={search_term_string}"},"query-input":{"@type":"PropertyValueSpecification","valueRequired":true,"valueName":"search_term_string"}}],"inLanguage":"de"},{"@type":"Organization","@id":"https:\/\/dev6.erresse-shop.it\/#organization","name":"Erresse Shop","url":"https:\/\/dev6.erresse-shop.it\/","logo":{"@type":"ImageObject","inLanguage":"de","@id":"https:\/\/dev6.erresse-shop.it\/#\/schema\/logo\/image\/","url":"https:\/\/dev6.erresse-shop.it\/wp-content\/uploads\/2025\/01\/LOGO-ERRESSE-CLASSICO.svg","contentUrl":"https:\/\/dev6.erresse-shop.it\/wp-content\/uploads\/2025\/01\/LOGO-ERRESSE-CLASSICO.svg","caption":"Erresse Shop"},"image":{"@id":"https:\/\/dev6.erresse-shop.it\/#\/schema\/logo\/image\/"}}]}},"df_price":"","df_sale_price":"","df_regular_price":"","df_image_link":"https:\/\/i0.wp.com\/interpim.erresse-shop.it\/Import\/Prodotti\/g3-ferrari-pastaio-10lode-10-l.jpg?resize=300,300&ssl=1","fifu_image_url":"https:\/\/interpim.erresse-shop.it\/Import\/Prodotti\/g3-ferrari-pastaio-10lode-10-l.jpg","_links":{"self":[{"href":"https:\/\/dev6.erresse-shop.it\/de\/wp-json\/wp\/v2\/product\/52145","targetHints":{"allow":["GET"]}}],"collection":[{"href":"https:\/\/dev6.erresse-shop.it\/de\/wp-json\/wp\/v2\/product"}],"about":[{"href":"https:\/\/dev6.erresse-shop.it\/de\/wp-json\/wp\/v2\/types\/product"}],"wp:featuredmedia":[{"embeddable":true,"href":"https:\/\/dev6.erresse-shop.it\/de\/wp-json\/wp\/v2\/media\/6318998"}],"wp:attachment":[{"href":"https:\/\/dev6.erresse-shop.it\/de\/wp-json\/wp\/v2\/media?parent=52145"}],"wp:term":[{"taxonomy":"product_cat","embeddable":true,"href":"https:\/\/dev6.erresse-shop.it\/de\/wp-json\/wp\/v2\/product_cat?post=52145"},{"taxonomy":"product_tag","embeddable":true,"href":"https:\/\/dev6.erresse-shop.it\/de\/wp-json\/wp\/v2\/product_tag?post=52145"}],"curies":[{"name":"wp","href":"https:\/\/api.w.org\/{rel}","templated":true}]}}