{"id":52091,"date":"2026-04-12T09:27:39","date_gmt":"2026-04-12T07:27:39","guid":{"rendered":"https:\/\/dev6.erresse-shop.it\/shop\/unkategorisiert\/g3-ferrari-friggisano-duo-8-l\/"},"modified":"2025-09-14T01:06:35","modified_gmt":"2025-09-13T23:06:35","slug":"g3-ferrari-friggisano-duo-8-l","status":"publish","type":"product","link":"https:\/\/dev6.erresse-shop.it\/de\/shop\/kleine-elektrogeraete\/oefen\/g3-ferrari-friggisano-duo-8-l\/","title":{"rendered":"G3 FERRARI Friggisano Duo 8 L"},"content":{"rendered":"<p>Jeder hat seinen eigenen Geschmack, aber mit Friggisano Duo sind alle gl\u00fccklich. Hier ist die neue Zwei-Zonen-Fritteuse, die zwei verschiedene Gerichte mit weniger Fett frittiert und es Ihnen erm\u00f6glicht, sie zusammen hei\u00df und knusprig zu servieren.<\/p>\n<p>Die Hei\u00dfluftfritteuse mit doppelter Funktion f\u00fcr gesundes Kochen<br \/>\nFriggisano Duo ist bereit, die Welt der Friteusen zu ver\u00e4ndern, sowohl die der Hei\u00dfluftfritteusen als auch die der traditionellen Friteusen. Und warum? Weil sie das Beste aus beiden Technologien vereint und Ihnen die M\u00f6glichkeit bietet, Ihre Gerichte auf gesunde und schmackhafte Weise zuzubereiten.<\/p>\n<p>Dank der Funktionalit\u00e4t der Luftfritteuse k\u00f6nnen Sie knusprige Pommes frites mit bis zu 80 % weniger Fett zubereiten. Die Technologie der schnellen Hei\u00dfluftzirkulation der AIR FRY-Funktion erm\u00f6glicht es n\u00e4mlich, in k\u00fcrzester Zeit eine so hohe Temperatur zu erreichen, dass das Essen au\u00dfen knusprig und innen weich ist, wie beim traditionellen Frittieren, aber das Sch\u00f6ne ist, dass Sie ohne \u00d6l frittieren k\u00f6nnen!<\/p>\n<p>Jeder hat sein Lieblingsgericht<br \/>\nJeder hat seinen eigenen Geschmack, aber mit dem Friggisano Duo k\u00f6nnen Sie jeden gl\u00fccklich machen, denn dieses Ger\u00e4t bietet Ihnen etwas mehr als die besten Luftfritteusen: Es ist eine Zwei-Tank-Fritteuse, die es Ihnen erm\u00f6glicht, zwei verschiedene Gerichte gleichzeitig zuzubereiten, ohne dass sich die Aromen vermischen. Mit der speziellen SYNC-Funktion werden beide Gerichte gleichzeitig fertig gegart, so dass Sie sie zusammen hei\u00df und knusprig servieren k\u00f6nnen.<\/p>\n<p>Und schlie\u00dflich k\u00f6nnen Sie mit dieser neuen 8-Liter-Luftfritteuse, die in zwei unabh\u00e4ngige 4-Liter-K\u00f6rbe mit Antihaftbeschichtung unterteilt ist, f\u00fcr die ganze Familie kochen. Pommes frites f\u00fcr alle? Mit der DUAL COOK-Funktion k\u00f6nnen Sie die Portionen verdoppeln und in beiden F\u00e4chern den gleichen Gargrad einstellen, bei einer Gesamtkapazit\u00e4t von bis zu 1800 g.<\/p>\n<p>Viele M\u00f6glichkeiten, gesund zu kochen<br \/>\nWenn Sie immer auf der Suche nach neuen Ideen sind, um gesund zu kochen, ohne dabei auf Geschmack zu verzichten, wird es mit dem Friggisano Duo noch einfacher, ein appetitliches und abwechslungsreiches Men\u00fc zu kreieren. Dank der 8 Kochmodi k\u00f6nnen Sie eine Vielzahl von Lebensmitteln frittieren, braten, grillen, backen, erhitzen, dehydrieren, warmhalten und auftauen. Mit der TIMER-Funktion und der einstellbaren Temperatur von bis zu 200\u00b0 kochen Sie immer perfekt, egal welchen Modus Sie f\u00fcr Ihr Rezept w\u00e4hlen. Mit der SHAKE-Funktion k\u00f6nnen Sie nichts falsch machen: ein Signalton informiert Sie, wenn es Zeit ist, zu mixen.<\/p>\n<p>Einfach zu bedienen und zu reinigen<br \/>\nFriggisano Duo garantiert Ihnen das Ergebnis einer professionellen Fritteuse mit hohem Bedienungskomfort, was sie ideal f\u00fcr den t\u00e4glichen Gebrauch macht. Sie k\u00f6nnen jederzeit die gew\u00e4hlten Einstellungen mit dem praktischen Digitaldisplay \u00fcberpr\u00fcfen, das klar und einfach zu bedienen ist.<\/p>\n<p>Auch die Reinigung ist ein Kinderspiel! Verwenden Sie einfach einen nicht scheuernden Schwamm und hei\u00dfes Wasser, um die antihaftbeschichteten Beh\u00e4lter Ihrer Fritteuse mit zwei K\u00f6rben zu reinigen.<\/p>\n<p>Technische Daten<br \/>\n\u2013 Leistung 1700W<br \/>\n\u2013 2 unabh\u00e4ngige Kochzonen<br \/>\n\u2013 Gesamtkapazit\u00e4t 8 Liter (4L &#43; 4L, bis zu 1800g)<br \/>\n\u2013 Gef\u00e4\u00dfe mit komfortablem Griff<br \/>\n\u2013 Antihaftbeschichtete Beh\u00e4lter und Schalen<br \/>\n\u2013 Timer und einstellbare Temperatur (bis zu 200\u00b0C)<br \/>\n\u2013 Digitale Anzeige<br \/>\n\u2013 8 Betriebsarten: Frittieren, Braten, Grillen, Backen, Aufw\u00e4rmen, Dehydrieren, Warmhalten, Pommes frites<br \/>\n\u2013 Funktion SYNC: Beendet beide Garvorg\u00e4nge zur gleichen Zeit<br \/>\n\u2013 Funktion SHAKE: akustisches Signal zum Sch\u00fctteln der Speisen<br \/>\n\u2013 Funktion DUAL COOK: doppelte Kochkapazit\u00e4t, gleiche Einstellungen f\u00fcr beide Zonen<br \/>\n\u2013 Anti-Rutsch-F\u00fc\u00dfe<br \/>\n\u2013 Stromanschluss: AC 220-240V ~ 50-60Hz<\/p>\n","protected":false},"excerpt":{"rendered":"<p>Jeder hat seinen eigenen Geschmack, aber mit Friggisano Duo sind alle gl\u00fccklich. Hier ist die neue Zwei-Zonen-Fritteuse, die zwei verschiedene Gerichte mit weniger Fett frittiert und es Ihnen erm\u00f6glicht, sie zusammen hei\u00df und knusprig zu servieren. Die Hei\u00dfluftfritteuse mit doppelter Funktion f\u00fcr gesundes Kochen Friggisano Duo ist bereit, die Welt der Friteusen zu ver\u00e4ndern, sowohl [&hellip;]<\/p>\n","protected":false},"featured_media":6360563,"template":"","meta":{"_acf_changed":false},"product_cat":[12194,12163,12193],"product_tag":[],"class_list":{"0":"post-52091","1":"product","2":"type-product","3":"status-publish","4":"has-post-thumbnail","6":"product_cat-heissluftfritteusen","7":"product_cat-kleine-elektrogeraete","8":"product_cat-oefen","10":"first","11":"instock","12":"sale","13":"taxable","14":"shipping-taxable","15":"purchasable","16":"product-type-simple","swatches":"rey-swatches","show_selected":"","stretch_labels":"rey-swatches--stretch-labels"},"acf":[],"yoast_head":"<!-- This site is optimized with the Yoast SEO plugin v25.4 - https:\/\/yoast.com\/wordpress\/plugins\/seo\/ -->\n<title>G3 FERRARI Friggisano Duo 8 L - dev6 Erresse<\/title>\n<meta name=\"description\" content=\"Jeder hat seinen eigenen Geschmack, aber mit Friggisano Duo sind alle gl\u00fccklich. Hier ist die neue Zwei-Zonen-Fritteuse, die zwei verschiedene Gerichte\" \/>\n<meta name=\"robots\" content=\"noindex, follow, max-snippet:-1, max-image-preview:large, max-video-preview:-1\" \/>\n<meta property=\"og:locale\" content=\"de_DE\" \/>\n<meta property=\"og:type\" content=\"article\" \/>\n<meta property=\"og:title\" content=\"G3 FERRARI Friggisano Duo 8 L - dev6 Erresse\" \/>\n<meta property=\"og:description\" content=\"Jeder hat seinen eigenen Geschmack, aber mit Friggisano Duo sind alle gl\u00fccklich. Hier ist die neue Zwei-Zonen-Fritteuse, die zwei verschiedene Gerichte\" \/>\n<meta property=\"og:url\" content=\"https:\/\/dev6.erresse-shop.it\/de\/shop\/kleine-elektrogeraete\/oefen\/g3-ferrari-friggisano-duo-8-l\/\" \/>\n<meta property=\"og:site_name\" content=\"dev6 Erresse\" \/>\n<meta property=\"og:image\" content=\"https:\/\/interpim.erresse-shop.it\/Import\/Prodotti\/g3-ferrari-friggisano-duo-8-l.jpg\" \/><meta property=\"og:image\" content=\"https:\/\/interpim.erresse-shop.it\/Import\/Prodotti\/g3-ferrari-friggisano-duo-8-l.jpg\" \/>\n\t<meta property=\"og:image:width\" content=\"1024\" \/>\n\t<meta property=\"og:image:height\" content=\"1024\" \/>\n\t<meta property=\"og:image:type\" content=\"image\/jpeg\" \/>\n<meta name=\"twitter:card\" content=\"summary_large_image\" \/>\n<meta name=\"twitter:image\" content=\"https:\/\/interpim.erresse-shop.it\/Import\/Prodotti\/g3-ferrari-friggisano-duo-8-l.jpg\" \/>\n<script type=\"application\/ld+json\" class=\"yoast-schema-graph\">{\"@context\":\"https:\/\/schema.org\",\"@graph\":[{\"@type\":\"WebPage\",\"@id\":\"https:\/\/dev6.erresse-shop.it\/de\/shop\/kleine-elektrogeraete\/oefen\/g3-ferrari-friggisano-duo-8-l\/\",\"url\":\"https:\/\/dev6.erresse-shop.it\/de\/shop\/kleine-elektrogeraete\/oefen\/g3-ferrari-friggisano-duo-8-l\/\",\"name\":\"G3 FERRARI Friggisano Duo 8 L - dev6 Erresse\",\"isPartOf\":{\"@id\":\"https:\/\/dev6.erresse-shop.it\/#website\"},\"primaryImageOfPage\":{\"@id\":\"https:\/\/dev6.erresse-shop.it\/de\/shop\/kleine-elektrogeraete\/oefen\/g3-ferrari-friggisano-duo-8-l\/#primaryimage\"},\"image\":{\"@id\":\"https:\/\/dev6.erresse-shop.it\/de\/shop\/kleine-elektrogeraete\/oefen\/g3-ferrari-friggisano-duo-8-l\/#primaryimage\"},\"thumbnailUrl\":\"https:\/\/i1.wp.com\/interpim.erresse-shop.it\/Import\/Prodotti\/g3-ferrari-friggisano-duo-8-l.jpg?ssl=1\",\"datePublished\":\"2026-04-12T07:27:39+00:00\",\"description\":\"Jeder hat seinen eigenen Geschmack, aber mit Friggisano Duo sind alle gl\u00fccklich. Hier ist die neue Zwei-Zonen-Fritteuse, die zwei verschiedene Gerichte\",\"breadcrumb\":{\"@id\":\"https:\/\/dev6.erresse-shop.it\/de\/shop\/kleine-elektrogeraete\/oefen\/g3-ferrari-friggisano-duo-8-l\/#breadcrumb\"},\"inLanguage\":\"de\",\"potentialAction\":[{\"@type\":\"ReadAction\",\"target\":[\"https:\/\/dev6.erresse-shop.it\/de\/shop\/kleine-elektrogeraete\/oefen\/g3-ferrari-friggisano-duo-8-l\/\"]}]},{\"@type\":\"ImageObject\",\"inLanguage\":\"de\",\"@id\":\"https:\/\/dev6.erresse-shop.it\/de\/shop\/kleine-elektrogeraete\/oefen\/g3-ferrari-friggisano-duo-8-l\/#primaryimage\",\"url\":\"https:\/\/i1.wp.com\/interpim.erresse-shop.it\/Import\/Prodotti\/g3-ferrari-friggisano-duo-8-l.jpg?ssl=1\",\"contentUrl\":\"https:\/\/i1.wp.com\/interpim.erresse-shop.it\/Import\/Prodotti\/g3-ferrari-friggisano-duo-8-l.jpg?ssl=1\"},{\"@type\":\"BreadcrumbList\",\"@id\":\"https:\/\/dev6.erresse-shop.it\/de\/shop\/kleine-elektrogeraete\/oefen\/g3-ferrari-friggisano-duo-8-l\/#breadcrumb\",\"itemListElement\":[{\"@type\":\"ListItem\",\"position\":1,\"name\":\"Home\",\"item\":\"https:\/\/dev6.erresse-shop.it\/\"},{\"@type\":\"ListItem\",\"position\":2,\"name\":\"Shop\",\"item\":\"https:\/\/dev6.erresse-shop.it\/shop\/\"},{\"@type\":\"ListItem\",\"position\":3,\"name\":\"G3 FERRARI Friggisano Duo 8 L\"}]},{\"@type\":\"WebSite\",\"@id\":\"https:\/\/dev6.erresse-shop.it\/#website\",\"url\":\"https:\/\/dev6.erresse-shop.it\/\",\"name\":\"Erresse Shop\",\"description\":\"\",\"publisher\":{\"@id\":\"https:\/\/dev6.erresse-shop.it\/#organization\"},\"potentialAction\":[{\"@type\":\"SearchAction\",\"target\":{\"@type\":\"EntryPoint\",\"urlTemplate\":\"https:\/\/dev6.erresse-shop.it\/?s={search_term_string}\"},\"query-input\":{\"@type\":\"PropertyValueSpecification\",\"valueRequired\":true,\"valueName\":\"search_term_string\"}}],\"inLanguage\":\"de\"},{\"@type\":\"Organization\",\"@id\":\"https:\/\/dev6.erresse-shop.it\/#organization\",\"name\":\"Erresse Shop\",\"url\":\"https:\/\/dev6.erresse-shop.it\/\",\"logo\":{\"@type\":\"ImageObject\",\"inLanguage\":\"de\",\"@id\":\"https:\/\/dev6.erresse-shop.it\/#\/schema\/logo\/image\/\",\"url\":\"https:\/\/dev6.erresse-shop.it\/wp-content\/uploads\/2025\/01\/LOGO-ERRESSE-CLASSICO.svg\",\"contentUrl\":\"https:\/\/dev6.erresse-shop.it\/wp-content\/uploads\/2025\/01\/LOGO-ERRESSE-CLASSICO.svg\",\"caption\":\"Erresse Shop\"},\"image\":{\"@id\":\"https:\/\/dev6.erresse-shop.it\/#\/schema\/logo\/image\/\"}}]}<\/script>\n<!-- \/ Yoast SEO plugin. -->","yoast_head_json":{"title":"G3 FERRARI Friggisano Duo 8 L - dev6 Erresse","description":"Jeder hat seinen eigenen Geschmack, aber mit Friggisano Duo sind alle gl\u00fccklich. Hier ist die neue Zwei-Zonen-Fritteuse, die zwei verschiedene Gerichte","robots":{"index":"noindex","follow":"follow","max-snippet":"max-snippet:-1","max-image-preview":"max-image-preview:large","max-video-preview":"max-video-preview:-1"},"og_locale":"de_DE","og_type":"article","og_title":"G3 FERRARI Friggisano Duo 8 L - dev6 Erresse","og_description":"Jeder hat seinen eigenen Geschmack, aber mit Friggisano Duo sind alle gl\u00fccklich. Hier ist die neue Zwei-Zonen-Fritteuse, die zwei verschiedene Gerichte","og_url":"https:\/\/dev6.erresse-shop.it\/de\/shop\/kleine-elektrogeraete\/oefen\/g3-ferrari-friggisano-duo-8-l\/","og_site_name":"dev6 Erresse","og_image":[{"url":"https:\/\/interpim.erresse-shop.it\/Import\/Prodotti\/g3-ferrari-friggisano-duo-8-l.jpg","type":"","width":"","height":""},{"url":"https:\/\/interpim.erresse-shop.it\/Import\/Prodotti\/g3-ferrari-friggisano-duo-8-l.jpg","width":1024,"height":1024,"type":"image\/jpeg"}],"twitter_card":"summary_large_image","twitter_image":"https:\/\/interpim.erresse-shop.it\/Import\/Prodotti\/g3-ferrari-friggisano-duo-8-l.jpg","schema":{"@context":"https:\/\/schema.org","@graph":[{"@type":"WebPage","@id":"https:\/\/dev6.erresse-shop.it\/de\/shop\/kleine-elektrogeraete\/oefen\/g3-ferrari-friggisano-duo-8-l\/","url":"https:\/\/dev6.erresse-shop.it\/de\/shop\/kleine-elektrogeraete\/oefen\/g3-ferrari-friggisano-duo-8-l\/","name":"G3 FERRARI Friggisano Duo 8 L - dev6 Erresse","isPartOf":{"@id":"https:\/\/dev6.erresse-shop.it\/#website"},"primaryImageOfPage":{"@id":"https:\/\/dev6.erresse-shop.it\/de\/shop\/kleine-elektrogeraete\/oefen\/g3-ferrari-friggisano-duo-8-l\/#primaryimage"},"image":{"@id":"https:\/\/dev6.erresse-shop.it\/de\/shop\/kleine-elektrogeraete\/oefen\/g3-ferrari-friggisano-duo-8-l\/#primaryimage"},"thumbnailUrl":"https:\/\/i1.wp.com\/interpim.erresse-shop.it\/Import\/Prodotti\/g3-ferrari-friggisano-duo-8-l.jpg?ssl=1","datePublished":"2026-04-12T07:27:39+00:00","description":"Jeder hat seinen eigenen Geschmack, aber mit Friggisano Duo sind alle gl\u00fccklich. Hier ist die neue Zwei-Zonen-Fritteuse, die zwei verschiedene Gerichte","breadcrumb":{"@id":"https:\/\/dev6.erresse-shop.it\/de\/shop\/kleine-elektrogeraete\/oefen\/g3-ferrari-friggisano-duo-8-l\/#breadcrumb"},"inLanguage":"de","potentialAction":[{"@type":"ReadAction","target":["https:\/\/dev6.erresse-shop.it\/de\/shop\/kleine-elektrogeraete\/oefen\/g3-ferrari-friggisano-duo-8-l\/"]}]},{"@type":"ImageObject","inLanguage":"de","@id":"https:\/\/dev6.erresse-shop.it\/de\/shop\/kleine-elektrogeraete\/oefen\/g3-ferrari-friggisano-duo-8-l\/#primaryimage","url":"https:\/\/i1.wp.com\/interpim.erresse-shop.it\/Import\/Prodotti\/g3-ferrari-friggisano-duo-8-l.jpg?ssl=1","contentUrl":"https:\/\/i1.wp.com\/interpim.erresse-shop.it\/Import\/Prodotti\/g3-ferrari-friggisano-duo-8-l.jpg?ssl=1"},{"@type":"BreadcrumbList","@id":"https:\/\/dev6.erresse-shop.it\/de\/shop\/kleine-elektrogeraete\/oefen\/g3-ferrari-friggisano-duo-8-l\/#breadcrumb","itemListElement":[{"@type":"ListItem","position":1,"name":"Home","item":"https:\/\/dev6.erresse-shop.it\/"},{"@type":"ListItem","position":2,"name":"Shop","item":"https:\/\/dev6.erresse-shop.it\/shop\/"},{"@type":"ListItem","position":3,"name":"G3 FERRARI Friggisano Duo 8 L"}]},{"@type":"WebSite","@id":"https:\/\/dev6.erresse-shop.it\/#website","url":"https:\/\/dev6.erresse-shop.it\/","name":"Erresse Shop","description":"","publisher":{"@id":"https:\/\/dev6.erresse-shop.it\/#organization"},"potentialAction":[{"@type":"SearchAction","target":{"@type":"EntryPoint","urlTemplate":"https:\/\/dev6.erresse-shop.it\/?s={search_term_string}"},"query-input":{"@type":"PropertyValueSpecification","valueRequired":true,"valueName":"search_term_string"}}],"inLanguage":"de"},{"@type":"Organization","@id":"https:\/\/dev6.erresse-shop.it\/#organization","name":"Erresse Shop","url":"https:\/\/dev6.erresse-shop.it\/","logo":{"@type":"ImageObject","inLanguage":"de","@id":"https:\/\/dev6.erresse-shop.it\/#\/schema\/logo\/image\/","url":"https:\/\/dev6.erresse-shop.it\/wp-content\/uploads\/2025\/01\/LOGO-ERRESSE-CLASSICO.svg","contentUrl":"https:\/\/dev6.erresse-shop.it\/wp-content\/uploads\/2025\/01\/LOGO-ERRESSE-CLASSICO.svg","caption":"Erresse Shop"},"image":{"@id":"https:\/\/dev6.erresse-shop.it\/#\/schema\/logo\/image\/"}}]}},"df_price":156,"df_sale_price":156,"df_regular_price":199.9,"df_image_link":"https:\/\/i1.wp.com\/interpim.erresse-shop.it\/Import\/Prodotti\/g3-ferrari-friggisano-duo-8-l.jpg?resize=300,300&ssl=1","fifu_image_url":"https:\/\/interpim.erresse-shop.it\/Import\/Prodotti\/g3-ferrari-friggisano-duo-8-l.jpg","_links":{"self":[{"href":"https:\/\/dev6.erresse-shop.it\/de\/wp-json\/wp\/v2\/product\/52091","targetHints":{"allow":["GET"]}}],"collection":[{"href":"https:\/\/dev6.erresse-shop.it\/de\/wp-json\/wp\/v2\/product"}],"about":[{"href":"https:\/\/dev6.erresse-shop.it\/de\/wp-json\/wp\/v2\/types\/product"}],"wp:featuredmedia":[{"embeddable":true,"href":"https:\/\/dev6.erresse-shop.it\/de\/wp-json\/wp\/v2\/media\/6360563"}],"wp:attachment":[{"href":"https:\/\/dev6.erresse-shop.it\/de\/wp-json\/wp\/v2\/media?parent=52091"}],"wp:term":[{"taxonomy":"product_cat","embeddable":true,"href":"https:\/\/dev6.erresse-shop.it\/de\/wp-json\/wp\/v2\/product_cat?post=52091"},{"taxonomy":"product_tag","embeddable":true,"href":"https:\/\/dev6.erresse-shop.it\/de\/wp-json\/wp\/v2\/product_tag?post=52091"}],"curies":[{"name":"wp","href":"https:\/\/api.w.org\/{rel}","templated":true}]}}