{"id":52081,"date":"2026-04-12T09:27:39","date_gmt":"2026-04-12T07:27:39","guid":{"rendered":"https:\/\/dev6.erresse-shop.it\/shop\/unkategorisiert\/g3-ferrari-delizia-evo-rot\/"},"modified":"2025-09-14T01:06:19","modified_gmt":"2025-09-13T23:06:19","slug":"g3-ferrari-delizia-evo-rot","status":"publish","type":"product","link":"https:\/\/dev6.erresse-shop.it\/de\/shop\/kleine-elektrogeraete\/oefen\/g3-ferrari-delizia-evo-rot\/","title":{"rendered":"G3 FERRARI Delizia Evo Rot"},"content":{"rendered":"<p>Mit dem Pizzaofen Delizia k\u00f6nnen Sie endlich die echte Pizza Napoletana in Ihrer K\u00fcche in nur 5 Minuten zubereiten, sie mit den von Ihnen bevorzugten Zutaten w\u00fcrzen und dabei jeden Tag neue leckere Rezepte erleben. Der Duft und der unnachahmliche Geschmack der Pizza aus dem Ofen werden im Delizia-Ofen noch verst\u00e4rkt. Der Schl\u00fcssel zu einer guten Pizza ist eine sehr hohe Gartemperatur (400\u00b0 C) f\u00fcr einige Minuten: So kann man den Teig garen, ohne dass der Belag austrocknet. Die Haushalts\u00f6fen erreichen normalerweise nicht diese Temperaturen, aber der feuerfeste Stein von Delizia macht wirklich einen Unterschied und erreicht bis zu 400\u00b0 C, was das gleiche Ergebnis wie in den \u00d6fen der besten Pizzerien in Neapel garantiert. Ohne Kochrauch oder unangenehme Ger\u00fcche kann der Pizzaofen Delizia auch zum Backen von Kuchen, Torten, Wraps, Geb\u00e4ck und Maronen verwendet werden.<\/p>\n<p>Technische Daten<br \/>\n\u2013 Zeitschaltuhr: 5 Minuten mit Signal<br \/>\n\u2013 Einstellbarer Thermostat: bis zu 400\u00b0C<br \/>\n\u2013 Feuerfester Backstein (\u00f8 31 cm)<br \/>\n\u2013 Zwei Heizelemente aus rostfreiem Stahl<br \/>\n\u2013 Rotes Licht f\u00fcr den Betrieb<br \/>\n\u2013 Entspricht der EU-Verordnung EN 60335-2-9:A13\/2010<br \/>\n\u2013 Zubeh\u00f6r: Pizzableche aus Aluminium \u00d8 28 cm<br \/>\n\u2013 Stromanschluss: AC 230V ~ 50 Hz<br \/>\n\u2013 Leistung: 1200W<\/p>\n","protected":false},"excerpt":{"rendered":"<p>Mit dem Pizzaofen Delizia k\u00f6nnen Sie endlich die echte Pizza Napoletana in Ihrer K\u00fcche in nur 5 Minuten zubereiten, sie mit den von Ihnen bevorzugten Zutaten w\u00fcrzen und dabei jeden Tag neue leckere Rezepte erleben. Der Duft und der unnachahmliche Geschmack der Pizza aus dem Ofen werden im Delizia-Ofen noch verst\u00e4rkt. Der Schl\u00fcssel zu einer [&hellip;]<\/p>\n","protected":false},"featured_media":6360453,"template":"","meta":{"_acf_changed":false},"product_cat":[12163,12193],"product_tag":[],"class_list":{"0":"post-52081","1":"product","2":"type-product","3":"status-publish","4":"has-post-thumbnail","6":"product_cat-kleine-elektrogeraete","7":"product_cat-oefen","9":"first","10":"instock","11":"sale","12":"taxable","13":"shipping-taxable","14":"purchasable","15":"product-type-simple","swatches":"rey-swatches","show_selected":"","stretch_labels":"rey-swatches--stretch-labels"},"acf":[],"yoast_head":"<!-- This site is optimized with the Yoast SEO plugin v25.4 - https:\/\/yoast.com\/wordpress\/plugins\/seo\/ -->\n<title>G3 FERRARI Delizia Evo Rot - dev6 Erresse<\/title>\n<meta name=\"description\" content=\"Mit dem Pizzaofen Delizia k\u00f6nnen Sie endlich die echte Pizza Napoletana in Ihrer K\u00fcche in nur 5 Minuten zubereiten, sie mit den von Ihnen bevorzugten\" \/>\n<meta name=\"robots\" content=\"noindex, follow, max-snippet:-1, max-image-preview:large, max-video-preview:-1\" \/>\n<meta property=\"og:locale\" content=\"de_DE\" \/>\n<meta property=\"og:type\" content=\"article\" \/>\n<meta property=\"og:title\" content=\"G3 FERRARI Delizia Evo Rot - dev6 Erresse\" \/>\n<meta property=\"og:description\" content=\"Mit dem Pizzaofen Delizia k\u00f6nnen Sie endlich die echte Pizza Napoletana in Ihrer K\u00fcche in nur 5 Minuten zubereiten, sie mit den von Ihnen bevorzugten\" \/>\n<meta property=\"og:url\" content=\"https:\/\/dev6.erresse-shop.it\/de\/shop\/kleine-elektrogeraete\/oefen\/g3-ferrari-delizia-evo-rot\/\" \/>\n<meta property=\"og:site_name\" content=\"dev6 Erresse\" \/>\n<meta property=\"og:image\" content=\"https:\/\/interpim.erresse-shop.it\/Import\/Prodotti\/g3-ferrari-delizia-evo-rosso.jpg\" \/><meta property=\"og:image\" content=\"https:\/\/interpim.erresse-shop.it\/Import\/Prodotti\/g3-ferrari-delizia-evo-rosso.jpg\" \/>\n\t<meta property=\"og:image:width\" content=\"1024\" \/>\n\t<meta property=\"og:image:height\" content=\"1024\" \/>\n\t<meta property=\"og:image:type\" content=\"image\/jpeg\" \/>\n<meta name=\"twitter:card\" content=\"summary_large_image\" \/>\n<meta name=\"twitter:image\" content=\"https:\/\/interpim.erresse-shop.it\/Import\/Prodotti\/g3-ferrari-delizia-evo-rosso.jpg\" \/>\n<script type=\"application\/ld+json\" class=\"yoast-schema-graph\">{\"@context\":\"https:\/\/schema.org\",\"@graph\":[{\"@type\":\"WebPage\",\"@id\":\"https:\/\/dev6.erresse-shop.it\/de\/shop\/kleine-elektrogeraete\/oefen\/g3-ferrari-delizia-evo-rot\/\",\"url\":\"https:\/\/dev6.erresse-shop.it\/de\/shop\/kleine-elektrogeraete\/oefen\/g3-ferrari-delizia-evo-rot\/\",\"name\":\"G3 FERRARI Delizia Evo Rot - dev6 Erresse\",\"isPartOf\":{\"@id\":\"https:\/\/dev6.erresse-shop.it\/#website\"},\"primaryImageOfPage\":{\"@id\":\"https:\/\/dev6.erresse-shop.it\/de\/shop\/kleine-elektrogeraete\/oefen\/g3-ferrari-delizia-evo-rot\/#primaryimage\"},\"image\":{\"@id\":\"https:\/\/dev6.erresse-shop.it\/de\/shop\/kleine-elektrogeraete\/oefen\/g3-ferrari-delizia-evo-rot\/#primaryimage\"},\"thumbnailUrl\":\"https:\/\/i1.wp.com\/interpim.erresse-shop.it\/Import\/Prodotti\/g3-ferrari-delizia-evo-rosso.jpg?ssl=1\",\"datePublished\":\"2026-04-12T07:27:39+00:00\",\"description\":\"Mit dem Pizzaofen Delizia k\u00f6nnen Sie endlich die echte Pizza Napoletana in Ihrer K\u00fcche in nur 5 Minuten zubereiten, sie mit den von Ihnen bevorzugten\",\"breadcrumb\":{\"@id\":\"https:\/\/dev6.erresse-shop.it\/de\/shop\/kleine-elektrogeraete\/oefen\/g3-ferrari-delizia-evo-rot\/#breadcrumb\"},\"inLanguage\":\"de\",\"potentialAction\":[{\"@type\":\"ReadAction\",\"target\":[\"https:\/\/dev6.erresse-shop.it\/de\/shop\/kleine-elektrogeraete\/oefen\/g3-ferrari-delizia-evo-rot\/\"]}]},{\"@type\":\"ImageObject\",\"inLanguage\":\"de\",\"@id\":\"https:\/\/dev6.erresse-shop.it\/de\/shop\/kleine-elektrogeraete\/oefen\/g3-ferrari-delizia-evo-rot\/#primaryimage\",\"url\":\"https:\/\/i1.wp.com\/interpim.erresse-shop.it\/Import\/Prodotti\/g3-ferrari-delizia-evo-rosso.jpg?ssl=1\",\"contentUrl\":\"https:\/\/i1.wp.com\/interpim.erresse-shop.it\/Import\/Prodotti\/g3-ferrari-delizia-evo-rosso.jpg?ssl=1\"},{\"@type\":\"BreadcrumbList\",\"@id\":\"https:\/\/dev6.erresse-shop.it\/de\/shop\/kleine-elektrogeraete\/oefen\/g3-ferrari-delizia-evo-rot\/#breadcrumb\",\"itemListElement\":[{\"@type\":\"ListItem\",\"position\":1,\"name\":\"Home\",\"item\":\"https:\/\/dev6.erresse-shop.it\/\"},{\"@type\":\"ListItem\",\"position\":2,\"name\":\"Shop\",\"item\":\"https:\/\/dev6.erresse-shop.it\/shop\/\"},{\"@type\":\"ListItem\",\"position\":3,\"name\":\"G3 FERRARI Delizia Evo Rot\"}]},{\"@type\":\"WebSite\",\"@id\":\"https:\/\/dev6.erresse-shop.it\/#website\",\"url\":\"https:\/\/dev6.erresse-shop.it\/\",\"name\":\"Erresse Shop\",\"description\":\"\",\"publisher\":{\"@id\":\"https:\/\/dev6.erresse-shop.it\/#organization\"},\"potentialAction\":[{\"@type\":\"SearchAction\",\"target\":{\"@type\":\"EntryPoint\",\"urlTemplate\":\"https:\/\/dev6.erresse-shop.it\/?s={search_term_string}\"},\"query-input\":{\"@type\":\"PropertyValueSpecification\",\"valueRequired\":true,\"valueName\":\"search_term_string\"}}],\"inLanguage\":\"de\"},{\"@type\":\"Organization\",\"@id\":\"https:\/\/dev6.erresse-shop.it\/#organization\",\"name\":\"Erresse Shop\",\"url\":\"https:\/\/dev6.erresse-shop.it\/\",\"logo\":{\"@type\":\"ImageObject\",\"inLanguage\":\"de\",\"@id\":\"https:\/\/dev6.erresse-shop.it\/#\/schema\/logo\/image\/\",\"url\":\"https:\/\/dev6.erresse-shop.it\/wp-content\/uploads\/2025\/01\/LOGO-ERRESSE-CLASSICO.svg\",\"contentUrl\":\"https:\/\/dev6.erresse-shop.it\/wp-content\/uploads\/2025\/01\/LOGO-ERRESSE-CLASSICO.svg\",\"caption\":\"Erresse Shop\"},\"image\":{\"@id\":\"https:\/\/dev6.erresse-shop.it\/#\/schema\/logo\/image\/\"}}]}<\/script>\n<!-- \/ Yoast SEO plugin. -->","yoast_head_json":{"title":"G3 FERRARI Delizia Evo Rot - dev6 Erresse","description":"Mit dem Pizzaofen Delizia k\u00f6nnen Sie endlich die echte Pizza Napoletana in Ihrer K\u00fcche in nur 5 Minuten zubereiten, sie mit den von Ihnen bevorzugten","robots":{"index":"noindex","follow":"follow","max-snippet":"max-snippet:-1","max-image-preview":"max-image-preview:large","max-video-preview":"max-video-preview:-1"},"og_locale":"de_DE","og_type":"article","og_title":"G3 FERRARI Delizia Evo Rot - dev6 Erresse","og_description":"Mit dem Pizzaofen Delizia k\u00f6nnen Sie endlich die echte Pizza Napoletana in Ihrer K\u00fcche in nur 5 Minuten zubereiten, sie mit den von Ihnen bevorzugten","og_url":"https:\/\/dev6.erresse-shop.it\/de\/shop\/kleine-elektrogeraete\/oefen\/g3-ferrari-delizia-evo-rot\/","og_site_name":"dev6 Erresse","og_image":[{"url":"https:\/\/interpim.erresse-shop.it\/Import\/Prodotti\/g3-ferrari-delizia-evo-rosso.jpg","type":"","width":"","height":""},{"url":"https:\/\/interpim.erresse-shop.it\/Import\/Prodotti\/g3-ferrari-delizia-evo-rosso.jpg","width":1024,"height":1024,"type":"image\/jpeg"}],"twitter_card":"summary_large_image","twitter_image":"https:\/\/interpim.erresse-shop.it\/Import\/Prodotti\/g3-ferrari-delizia-evo-rosso.jpg","schema":{"@context":"https:\/\/schema.org","@graph":[{"@type":"WebPage","@id":"https:\/\/dev6.erresse-shop.it\/de\/shop\/kleine-elektrogeraete\/oefen\/g3-ferrari-delizia-evo-rot\/","url":"https:\/\/dev6.erresse-shop.it\/de\/shop\/kleine-elektrogeraete\/oefen\/g3-ferrari-delizia-evo-rot\/","name":"G3 FERRARI Delizia Evo Rot - dev6 Erresse","isPartOf":{"@id":"https:\/\/dev6.erresse-shop.it\/#website"},"primaryImageOfPage":{"@id":"https:\/\/dev6.erresse-shop.it\/de\/shop\/kleine-elektrogeraete\/oefen\/g3-ferrari-delizia-evo-rot\/#primaryimage"},"image":{"@id":"https:\/\/dev6.erresse-shop.it\/de\/shop\/kleine-elektrogeraete\/oefen\/g3-ferrari-delizia-evo-rot\/#primaryimage"},"thumbnailUrl":"https:\/\/i1.wp.com\/interpim.erresse-shop.it\/Import\/Prodotti\/g3-ferrari-delizia-evo-rosso.jpg?ssl=1","datePublished":"2026-04-12T07:27:39+00:00","description":"Mit dem Pizzaofen Delizia k\u00f6nnen Sie endlich die echte Pizza Napoletana in Ihrer K\u00fcche in nur 5 Minuten zubereiten, sie mit den von Ihnen bevorzugten","breadcrumb":{"@id":"https:\/\/dev6.erresse-shop.it\/de\/shop\/kleine-elektrogeraete\/oefen\/g3-ferrari-delizia-evo-rot\/#breadcrumb"},"inLanguage":"de","potentialAction":[{"@type":"ReadAction","target":["https:\/\/dev6.erresse-shop.it\/de\/shop\/kleine-elektrogeraete\/oefen\/g3-ferrari-delizia-evo-rot\/"]}]},{"@type":"ImageObject","inLanguage":"de","@id":"https:\/\/dev6.erresse-shop.it\/de\/shop\/kleine-elektrogeraete\/oefen\/g3-ferrari-delizia-evo-rot\/#primaryimage","url":"https:\/\/i1.wp.com\/interpim.erresse-shop.it\/Import\/Prodotti\/g3-ferrari-delizia-evo-rosso.jpg?ssl=1","contentUrl":"https:\/\/i1.wp.com\/interpim.erresse-shop.it\/Import\/Prodotti\/g3-ferrari-delizia-evo-rosso.jpg?ssl=1"},{"@type":"BreadcrumbList","@id":"https:\/\/dev6.erresse-shop.it\/de\/shop\/kleine-elektrogeraete\/oefen\/g3-ferrari-delizia-evo-rot\/#breadcrumb","itemListElement":[{"@type":"ListItem","position":1,"name":"Home","item":"https:\/\/dev6.erresse-shop.it\/"},{"@type":"ListItem","position":2,"name":"Shop","item":"https:\/\/dev6.erresse-shop.it\/shop\/"},{"@type":"ListItem","position":3,"name":"G3 FERRARI Delizia Evo Rot"}]},{"@type":"WebSite","@id":"https:\/\/dev6.erresse-shop.it\/#website","url":"https:\/\/dev6.erresse-shop.it\/","name":"Erresse Shop","description":"","publisher":{"@id":"https:\/\/dev6.erresse-shop.it\/#organization"},"potentialAction":[{"@type":"SearchAction","target":{"@type":"EntryPoint","urlTemplate":"https:\/\/dev6.erresse-shop.it\/?s={search_term_string}"},"query-input":{"@type":"PropertyValueSpecification","valueRequired":true,"valueName":"search_term_string"}}],"inLanguage":"de"},{"@type":"Organization","@id":"https:\/\/dev6.erresse-shop.it\/#organization","name":"Erresse Shop","url":"https:\/\/dev6.erresse-shop.it\/","logo":{"@type":"ImageObject","inLanguage":"de","@id":"https:\/\/dev6.erresse-shop.it\/#\/schema\/logo\/image\/","url":"https:\/\/dev6.erresse-shop.it\/wp-content\/uploads\/2025\/01\/LOGO-ERRESSE-CLASSICO.svg","contentUrl":"https:\/\/dev6.erresse-shop.it\/wp-content\/uploads\/2025\/01\/LOGO-ERRESSE-CLASSICO.svg","caption":"Erresse Shop"},"image":{"@id":"https:\/\/dev6.erresse-shop.it\/#\/schema\/logo\/image\/"}}]}},"df_price":107.95,"df_sale_price":107.95,"df_regular_price":119,"df_image_link":"https:\/\/i1.wp.com\/interpim.erresse-shop.it\/Import\/Prodotti\/g3-ferrari-delizia-evo-rosso.jpg?resize=300,300&ssl=1","fifu_image_url":"https:\/\/interpim.erresse-shop.it\/Import\/Prodotti\/g3-ferrari-delizia-evo-rosso.jpg","_links":{"self":[{"href":"https:\/\/dev6.erresse-shop.it\/de\/wp-json\/wp\/v2\/product\/52081","targetHints":{"allow":["GET"]}}],"collection":[{"href":"https:\/\/dev6.erresse-shop.it\/de\/wp-json\/wp\/v2\/product"}],"about":[{"href":"https:\/\/dev6.erresse-shop.it\/de\/wp-json\/wp\/v2\/types\/product"}],"wp:featuredmedia":[{"embeddable":true,"href":"https:\/\/dev6.erresse-shop.it\/de\/wp-json\/wp\/v2\/media\/6360453"}],"wp:attachment":[{"href":"https:\/\/dev6.erresse-shop.it\/de\/wp-json\/wp\/v2\/media?parent=52081"}],"wp:term":[{"taxonomy":"product_cat","embeddable":true,"href":"https:\/\/dev6.erresse-shop.it\/de\/wp-json\/wp\/v2\/product_cat?post=52081"},{"taxonomy":"product_tag","embeddable":true,"href":"https:\/\/dev6.erresse-shop.it\/de\/wp-json\/wp\/v2\/product_tag?post=52081"}],"curies":[{"name":"wp","href":"https:\/\/api.w.org\/{rel}","templated":true}]}}