{"id":52063,"date":"2026-04-12T09:26:21","date_gmt":"2026-04-12T07:26:21","guid":{"rendered":"https:\/\/dev6.erresse-shop.it\/shop\/unkategorisiert\/sage-the-citrus-press\/"},"modified":"2025-11-22T17:48:51","modified_gmt":"2025-11-22T16:48:51","slug":"sage-the-citrus-press","status":"publish","type":"product","link":"https:\/\/dev6.erresse-shop.it\/de\/shop\/kleine-elektrogeraete\/zitruspressen\/sage-the-citrus-press\/","title":{"rendered":"SAGE The Citrus Press"},"content":{"rendered":"<p>Eine Presse f\u00fcr alle Gr\u00f6\u00dfen.<br \/>\nPressen Sie den letzten Tropfen Saft aus Ihren Zitrusfr\u00fcchten. Die einfache Einhandbedienung erlaubt es Ihnen, mit minimalem Aufwand leckeren Saft zuzubereiten. Um l\u00e4stiges Tropfen zu verhindern, drehen Sie nach dem Pressen den Saftauslauf einfach nach oben.<\/p>\n<p>Entsafter-kegel, der immer passt<br \/>\nUnser Entsafter-Kegel erm\u00f6glicht die maximale Extraktion von unterschiedlichen Zitrusfr\u00fcchten, unabg\u00e4ngig von der Gr\u00f6\u00dfe, und kann einfach in der Geschirrsp\u00fclmaschine gereinigt werden.<\/p>\n<p>Presse mit sicherheitsschalter<br \/>\nAlles, was Sie ben\u00f6tigten, ist ein freier Arm. Das einzigartige Design der Armpresse garantiert konstanten Druck nach unten w\u00e4hrend des gesamten Entsaftungsprozesses. Der Sicherheitsschalter stellt sicher, dass sich der Kegel erst dann dreht, wenn der Hebel hinuntergedr\u00fcckt und Druck auf die Spitze des Kegels ausge\u00fcbt wird.<\/p>\n<p>Tropfstopp<br \/>\nDas praktische und innovative Tropfstopp-System verhindert, dass Saft auf Ihre Arbeitsplatte tropft.<\/p>\n<p>Magnetische fruchtkuppel<br \/>\nDie Fruchtkuppel kann einfach entfernt und ersetzt werden, damit Sie die Presse problemlos reinigen und bedienen k\u00f6nnen.<\/p>\n<p>Sp\u00fclmaschinensicher<br \/>\nVerschwenden Sie keine Zeit mit Putzen. Das praktische und innovative Tropfstopp-System verhindert, dass Saft auf Ihre Arbeitsplatte tropft.<\/p>\n<p>Abmessungen (BxTxH)<br \/>\n\u2013 33 x 20.3 x 45.7 cm<\/p>\n<p>Fertigungsmaterialien<br \/>\n\u2013 Edelstahl-Filterkorb<br \/>\n\u2013 Robustes Polymer-Geh\u00e4use<\/p>\n<p>Einstellungen<br \/>\n\u2013 An und Aus<\/p>\n<p>Leistung<br \/>\n\u2013 110 Watt<\/p>\n<p>Netzspannung<br \/>\n\u2013 220\u2013240 Volt<\/p>\n<p>Extraktionssystem<br \/>\n\u2013 Der Quadra-Fin\u2122 Kegel aus rostfreiem Stahl holt die maximale Saftmenge aus allen Zitrusfr\u00fcchten<\/p>\n<p>Leistungsstarker Motor<br \/>\n\u2013 Startet automatisch, wenn Druck auf den Entsaftungskegel ausge\u00fcbt wird<\/p>\n<p>Motorunterst\u00fctzter Presshebel<br \/>\n\u2013 Erm\u00f6glicht m\u00fcheloses und schnelles Entsaften<\/p>\n<p>Doppelter Schutzschalter<br \/>\n\u2013 Der patentierte Doppelschalter verhindert das Drehen des Kegels, bis der Arm abgesenkt ist und ausreichend Druck auf den Kegel ausge\u00fcbt wird<\/p>\n<p>Garantie<br \/>\n\u2013 2 Jahre Produktgarantie (Reparatur, Austausch oder Erstattung liegen im Ermessen von Sage Appliances)<\/p>\n<p>Nicht zum Verkauf au\u00dferhalb Europas<\/p>\n","protected":false},"excerpt":{"rendered":"<p>Eine Presse f\u00fcr alle Gr\u00f6\u00dfen. Pressen Sie den letzten Tropfen Saft aus Ihren Zitrusfr\u00fcchten. Die einfache Einhandbedienung erlaubt es Ihnen, mit minimalem Aufwand leckeren Saft zuzubereiten. Um l\u00e4stiges Tropfen zu verhindern, drehen Sie nach dem Pressen den Saftauslauf einfach nach oben. Entsafter-kegel, der immer passt Unser Entsafter-Kegel erm\u00f6glicht die maximale Extraktion von unterschiedlichen Zitrusfr\u00fcchten, unabg\u00e4ngig [&hellip;]<\/p>\n","protected":false},"featured_media":6360387,"template":"","meta":{"_acf_changed":false},"product_cat":[12163,12175],"product_tag":[],"class_list":{"0":"post-52063","1":"product","2":"type-product","3":"status-publish","4":"has-post-thumbnail","6":"product_cat-kleine-elektrogeraete","7":"product_cat-zitruspressen","9":"first","10":"outofstock","11":"sale","12":"taxable","13":"shipping-taxable","14":"purchasable","15":"product-type-simple","swatches":"rey-swatches","show_selected":"","stretch_labels":"rey-swatches--stretch-labels"},"acf":[],"yoast_head":"<!-- This site is optimized with the Yoast SEO plugin v25.4 - https:\/\/yoast.com\/wordpress\/plugins\/seo\/ -->\n<title>SAGE The Citrus Press - dev6 Erresse<\/title>\n<meta name=\"description\" content=\"Eine Presse f\u00fcr alle Gr\u00f6\u00dfen. Pressen Sie den letzten Tropfen Saft aus Ihren Zitrusfr\u00fcchten. Die einfache Einhandbedienung erlaubt es Ihnen, mit minimalem\" \/>\n<meta name=\"robots\" content=\"noindex, follow, max-snippet:-1, max-image-preview:large, max-video-preview:-1\" \/>\n<meta property=\"og:locale\" content=\"de_DE\" \/>\n<meta property=\"og:type\" content=\"article\" \/>\n<meta property=\"og:title\" content=\"SAGE The Citrus Press - dev6 Erresse\" \/>\n<meta property=\"og:description\" content=\"Eine Presse f\u00fcr alle Gr\u00f6\u00dfen. Pressen Sie den letzten Tropfen Saft aus Ihren Zitrusfr\u00fcchten. Die einfache Einhandbedienung erlaubt es Ihnen, mit minimalem\" \/>\n<meta property=\"og:url\" content=\"https:\/\/dev6.erresse-shop.it\/de\/shop\/kleine-elektrogeraete\/zitruspressen\/sage-the-citrus-press\/\" \/>\n<meta property=\"og:site_name\" content=\"dev6 Erresse\" \/>\n<meta property=\"og:image\" content=\"https:\/\/interpim.erresse-shop.it\/img-catalogo\/sage\/sage-the-citrus-press.jpg\" \/><meta property=\"og:image\" content=\"https:\/\/interpim.erresse-shop.it\/img-catalogo\/sage\/sage-the-citrus-press.jpg\" \/>\n\t<meta property=\"og:image:width\" content=\"1024\" \/>\n\t<meta property=\"og:image:height\" content=\"1024\" \/>\n\t<meta property=\"og:image:type\" content=\"image\/jpeg\" \/>\n<meta name=\"twitter:card\" content=\"summary_large_image\" \/>\n<meta name=\"twitter:image\" content=\"https:\/\/interpim.erresse-shop.it\/img-catalogo\/sage\/sage-the-citrus-press.jpg\" \/>\n<script type=\"application\/ld+json\" class=\"yoast-schema-graph\">{\"@context\":\"https:\/\/schema.org\",\"@graph\":[{\"@type\":\"WebPage\",\"@id\":\"https:\/\/dev6.erresse-shop.it\/de\/shop\/kleine-elektrogeraete\/zitruspressen\/sage-the-citrus-press\/\",\"url\":\"https:\/\/dev6.erresse-shop.it\/de\/shop\/kleine-elektrogeraete\/zitruspressen\/sage-the-citrus-press\/\",\"name\":\"SAGE The Citrus Press - dev6 Erresse\",\"isPartOf\":{\"@id\":\"https:\/\/dev6.erresse-shop.it\/#website\"},\"primaryImageOfPage\":{\"@id\":\"https:\/\/dev6.erresse-shop.it\/de\/shop\/kleine-elektrogeraete\/zitruspressen\/sage-the-citrus-press\/#primaryimage\"},\"image\":{\"@id\":\"https:\/\/dev6.erresse-shop.it\/de\/shop\/kleine-elektrogeraete\/zitruspressen\/sage-the-citrus-press\/#primaryimage\"},\"thumbnailUrl\":\"https:\/\/i2.wp.com\/interpim.erresse-shop.it\/img-catalogo\/sage\/sage-the-citrus-press.jpg?ssl=1\",\"datePublished\":\"2026-04-12T07:26:21+00:00\",\"description\":\"Eine Presse f\u00fcr alle Gr\u00f6\u00dfen. Pressen Sie den letzten Tropfen Saft aus Ihren Zitrusfr\u00fcchten. Die einfache Einhandbedienung erlaubt es Ihnen, mit minimalem\",\"breadcrumb\":{\"@id\":\"https:\/\/dev6.erresse-shop.it\/de\/shop\/kleine-elektrogeraete\/zitruspressen\/sage-the-citrus-press\/#breadcrumb\"},\"inLanguage\":\"de\",\"potentialAction\":[{\"@type\":\"ReadAction\",\"target\":[\"https:\/\/dev6.erresse-shop.it\/de\/shop\/kleine-elektrogeraete\/zitruspressen\/sage-the-citrus-press\/\"]}]},{\"@type\":\"ImageObject\",\"inLanguage\":\"de\",\"@id\":\"https:\/\/dev6.erresse-shop.it\/de\/shop\/kleine-elektrogeraete\/zitruspressen\/sage-the-citrus-press\/#primaryimage\",\"url\":\"https:\/\/i2.wp.com\/interpim.erresse-shop.it\/img-catalogo\/sage\/sage-the-citrus-press.jpg?ssl=1\",\"contentUrl\":\"https:\/\/i2.wp.com\/interpim.erresse-shop.it\/img-catalogo\/sage\/sage-the-citrus-press.jpg?ssl=1\"},{\"@type\":\"BreadcrumbList\",\"@id\":\"https:\/\/dev6.erresse-shop.it\/de\/shop\/kleine-elektrogeraete\/zitruspressen\/sage-the-citrus-press\/#breadcrumb\",\"itemListElement\":[{\"@type\":\"ListItem\",\"position\":1,\"name\":\"Home\",\"item\":\"https:\/\/dev6.erresse-shop.it\/\"},{\"@type\":\"ListItem\",\"position\":2,\"name\":\"Shop\",\"item\":\"https:\/\/dev6.erresse-shop.it\/shop\/\"},{\"@type\":\"ListItem\",\"position\":3,\"name\":\"SAGE The Citrus Press\"}]},{\"@type\":\"WebSite\",\"@id\":\"https:\/\/dev6.erresse-shop.it\/#website\",\"url\":\"https:\/\/dev6.erresse-shop.it\/\",\"name\":\"Erresse Shop\",\"description\":\"\",\"publisher\":{\"@id\":\"https:\/\/dev6.erresse-shop.it\/#organization\"},\"potentialAction\":[{\"@type\":\"SearchAction\",\"target\":{\"@type\":\"EntryPoint\",\"urlTemplate\":\"https:\/\/dev6.erresse-shop.it\/?s={search_term_string}\"},\"query-input\":{\"@type\":\"PropertyValueSpecification\",\"valueRequired\":true,\"valueName\":\"search_term_string\"}}],\"inLanguage\":\"de\"},{\"@type\":\"Organization\",\"@id\":\"https:\/\/dev6.erresse-shop.it\/#organization\",\"name\":\"Erresse Shop\",\"url\":\"https:\/\/dev6.erresse-shop.it\/\",\"logo\":{\"@type\":\"ImageObject\",\"inLanguage\":\"de\",\"@id\":\"https:\/\/dev6.erresse-shop.it\/#\/schema\/logo\/image\/\",\"url\":\"https:\/\/dev6.erresse-shop.it\/wp-content\/uploads\/2025\/01\/LOGO-ERRESSE-CLASSICO.svg\",\"contentUrl\":\"https:\/\/dev6.erresse-shop.it\/wp-content\/uploads\/2025\/01\/LOGO-ERRESSE-CLASSICO.svg\",\"caption\":\"Erresse Shop\"},\"image\":{\"@id\":\"https:\/\/dev6.erresse-shop.it\/#\/schema\/logo\/image\/\"}}]}<\/script>\n<!-- \/ Yoast SEO plugin. -->","yoast_head_json":{"title":"SAGE The Citrus Press - dev6 Erresse","description":"Eine Presse f\u00fcr alle Gr\u00f6\u00dfen. Pressen Sie den letzten Tropfen Saft aus Ihren Zitrusfr\u00fcchten. Die einfache Einhandbedienung erlaubt es Ihnen, mit minimalem","robots":{"index":"noindex","follow":"follow","max-snippet":"max-snippet:-1","max-image-preview":"max-image-preview:large","max-video-preview":"max-video-preview:-1"},"og_locale":"de_DE","og_type":"article","og_title":"SAGE The Citrus Press - dev6 Erresse","og_description":"Eine Presse f\u00fcr alle Gr\u00f6\u00dfen. Pressen Sie den letzten Tropfen Saft aus Ihren Zitrusfr\u00fcchten. Die einfache Einhandbedienung erlaubt es Ihnen, mit minimalem","og_url":"https:\/\/dev6.erresse-shop.it\/de\/shop\/kleine-elektrogeraete\/zitruspressen\/sage-the-citrus-press\/","og_site_name":"dev6 Erresse","og_image":[{"url":"https:\/\/interpim.erresse-shop.it\/img-catalogo\/sage\/sage-the-citrus-press.jpg","type":"","width":"","height":""},{"url":"https:\/\/interpim.erresse-shop.it\/img-catalogo\/sage\/sage-the-citrus-press.jpg","width":1024,"height":1024,"type":"image\/jpeg"}],"twitter_card":"summary_large_image","twitter_image":"https:\/\/interpim.erresse-shop.it\/img-catalogo\/sage\/sage-the-citrus-press.jpg","schema":{"@context":"https:\/\/schema.org","@graph":[{"@type":"WebPage","@id":"https:\/\/dev6.erresse-shop.it\/de\/shop\/kleine-elektrogeraete\/zitruspressen\/sage-the-citrus-press\/","url":"https:\/\/dev6.erresse-shop.it\/de\/shop\/kleine-elektrogeraete\/zitruspressen\/sage-the-citrus-press\/","name":"SAGE The Citrus Press - dev6 Erresse","isPartOf":{"@id":"https:\/\/dev6.erresse-shop.it\/#website"},"primaryImageOfPage":{"@id":"https:\/\/dev6.erresse-shop.it\/de\/shop\/kleine-elektrogeraete\/zitruspressen\/sage-the-citrus-press\/#primaryimage"},"image":{"@id":"https:\/\/dev6.erresse-shop.it\/de\/shop\/kleine-elektrogeraete\/zitruspressen\/sage-the-citrus-press\/#primaryimage"},"thumbnailUrl":"https:\/\/i2.wp.com\/interpim.erresse-shop.it\/img-catalogo\/sage\/sage-the-citrus-press.jpg?ssl=1","datePublished":"2026-04-12T07:26:21+00:00","description":"Eine Presse f\u00fcr alle Gr\u00f6\u00dfen. Pressen Sie den letzten Tropfen Saft aus Ihren Zitrusfr\u00fcchten. Die einfache Einhandbedienung erlaubt es Ihnen, mit minimalem","breadcrumb":{"@id":"https:\/\/dev6.erresse-shop.it\/de\/shop\/kleine-elektrogeraete\/zitruspressen\/sage-the-citrus-press\/#breadcrumb"},"inLanguage":"de","potentialAction":[{"@type":"ReadAction","target":["https:\/\/dev6.erresse-shop.it\/de\/shop\/kleine-elektrogeraete\/zitruspressen\/sage-the-citrus-press\/"]}]},{"@type":"ImageObject","inLanguage":"de","@id":"https:\/\/dev6.erresse-shop.it\/de\/shop\/kleine-elektrogeraete\/zitruspressen\/sage-the-citrus-press\/#primaryimage","url":"https:\/\/i2.wp.com\/interpim.erresse-shop.it\/img-catalogo\/sage\/sage-the-citrus-press.jpg?ssl=1","contentUrl":"https:\/\/i2.wp.com\/interpim.erresse-shop.it\/img-catalogo\/sage\/sage-the-citrus-press.jpg?ssl=1"},{"@type":"BreadcrumbList","@id":"https:\/\/dev6.erresse-shop.it\/de\/shop\/kleine-elektrogeraete\/zitruspressen\/sage-the-citrus-press\/#breadcrumb","itemListElement":[{"@type":"ListItem","position":1,"name":"Home","item":"https:\/\/dev6.erresse-shop.it\/"},{"@type":"ListItem","position":2,"name":"Shop","item":"https:\/\/dev6.erresse-shop.it\/shop\/"},{"@type":"ListItem","position":3,"name":"SAGE The Citrus Press"}]},{"@type":"WebSite","@id":"https:\/\/dev6.erresse-shop.it\/#website","url":"https:\/\/dev6.erresse-shop.it\/","name":"Erresse Shop","description":"","publisher":{"@id":"https:\/\/dev6.erresse-shop.it\/#organization"},"potentialAction":[{"@type":"SearchAction","target":{"@type":"EntryPoint","urlTemplate":"https:\/\/dev6.erresse-shop.it\/?s={search_term_string}"},"query-input":{"@type":"PropertyValueSpecification","valueRequired":true,"valueName":"search_term_string"}}],"inLanguage":"de"},{"@type":"Organization","@id":"https:\/\/dev6.erresse-shop.it\/#organization","name":"Erresse Shop","url":"https:\/\/dev6.erresse-shop.it\/","logo":{"@type":"ImageObject","inLanguage":"de","@id":"https:\/\/dev6.erresse-shop.it\/#\/schema\/logo\/image\/","url":"https:\/\/dev6.erresse-shop.it\/wp-content\/uploads\/2025\/01\/LOGO-ERRESSE-CLASSICO.svg","contentUrl":"https:\/\/dev6.erresse-shop.it\/wp-content\/uploads\/2025\/01\/LOGO-ERRESSE-CLASSICO.svg","caption":"Erresse Shop"},"image":{"@id":"https:\/\/dev6.erresse-shop.it\/#\/schema\/logo\/image\/"}}]}},"df_price":169.95,"df_sale_price":169.95,"df_regular_price":189.9,"df_image_link":"https:\/\/i2.wp.com\/interpim.erresse-shop.it\/img-catalogo\/sage\/sage-the-citrus-press.jpg?resize=300,300&ssl=1","fifu_image_url":"https:\/\/interpim.erresse-shop.it\/img-catalogo\/sage\/sage-the-citrus-press.jpg","_links":{"self":[{"href":"https:\/\/dev6.erresse-shop.it\/de\/wp-json\/wp\/v2\/product\/52063","targetHints":{"allow":["GET"]}}],"collection":[{"href":"https:\/\/dev6.erresse-shop.it\/de\/wp-json\/wp\/v2\/product"}],"about":[{"href":"https:\/\/dev6.erresse-shop.it\/de\/wp-json\/wp\/v2\/types\/product"}],"wp:featuredmedia":[{"embeddable":true,"href":"https:\/\/dev6.erresse-shop.it\/de\/wp-json\/wp\/v2\/media\/6360387"}],"wp:attachment":[{"href":"https:\/\/dev6.erresse-shop.it\/de\/wp-json\/wp\/v2\/media?parent=52063"}],"wp:term":[{"taxonomy":"product_cat","embeddable":true,"href":"https:\/\/dev6.erresse-shop.it\/de\/wp-json\/wp\/v2\/product_cat?post=52063"},{"taxonomy":"product_tag","embeddable":true,"href":"https:\/\/dev6.erresse-shop.it\/de\/wp-json\/wp\/v2\/product_tag?post=52063"}],"curies":[{"name":"wp","href":"https:\/\/api.w.org\/{rel}","templated":true}]}}