{"id":52057,"date":"2026-04-12T14:49:36","date_gmt":"2026-04-12T12:49:36","guid":{"rendered":"https:\/\/dev6.erresse-shop.it\/shop\/unkategorisiert\/sage-the-puck-sucker\/"},"modified":"2025-09-14T03:41:21","modified_gmt":"2025-09-14T01:41:21","slug":"sage-the-puck-sucker","status":"publish","type":"product","link":"https:\/\/dev6.erresse-shop.it\/de\/shop\/kleine-elektrogeraete\/kaffeemaschinen-espresso\/sage-the-puck-sucker\/","title":{"rendered":"SAGE The Puck Sucker"},"content":{"rendered":"<p>Kompatibel mit den Sage Oracle- und Dual Boiler-serien<br \/>\nGeeignet f\u00fcr 58-mm-Siebtr\u00e4ger von Sage.<\/p>\n<p>Ger\u00e4uschlose, einfache vakuumextraktion<br \/>\nEin automatisch aktivierter Saugnapf erzeugt ein Vakuum, mit dem der Espresso-Puck in einem Zug ger\u00e4uschlos und sanft aus dem Siebtr\u00e4ger gel\u00f6st wird.<\/p>\n<p>Einfache reinigung<br \/>\nDank Schnellverschlussdeckel l\u00e4sst sich der Puck leicht entfernen, und der sp\u00fclmaschinenfeste Tritan-Beh\u00e4lter erlaubt eine schnelle und unkomplizierte Reinigung.<\/p>\n<p>Netzspannung<br \/>\n\u2013 9V-Batteriebetrieb (inbegriffen)<\/p>\n<p>Weitere Funktionen<br \/>\n\u2013 Automatische Aktivierung<br \/>\n\u2013 Kompatibel NUR mit 58-mm-Siebtr\u00e4gern von Sage<br \/>\n\u2013 Sp\u00fclmaschinenfester Tritan-Beh\u00e4lter<br \/>\n\u2013 Fassungsverm\u00f6gen von 10\u201312 Pucks<br \/>\n\u2013 Vakuumpumpe<br \/>\n\u2013 Einschlie\u00dflich 9V-Batterie<br \/>\n\u2013 Geriffeltes Design<br \/>\n\u2013 Rutschfester Gummiboden<br \/>\n\u2013 Durchsichtiges Gef\u00e4\u00df zur Kapazit\u00e4tskontrolle<\/p>\n","protected":false},"excerpt":{"rendered":"<p>Kompatibel mit den Sage Oracle- und Dual Boiler-serien Geeignet f\u00fcr 58-mm-Siebtr\u00e4ger von Sage. Ger\u00e4uschlose, einfache vakuumextraktion Ein automatisch aktivierter Saugnapf erzeugt ein Vakuum, mit dem der Espresso-Puck in einem Zug ger\u00e4uschlos und sanft aus dem Siebtr\u00e4ger gel\u00f6st wird. Einfache reinigung Dank Schnellverschlussdeckel l\u00e4sst sich der Puck leicht entfernen, und der sp\u00fclmaschinenfeste Tritan-Beh\u00e4lter erlaubt eine schnelle [&hellip;]<\/p>\n","protected":false},"featured_media":6381353,"template":"","meta":{"_acf_changed":false},"product_cat":[11747,11714,12146,12171,12163,12179],"product_tag":[],"class_list":{"0":"post-52057","1":"product","2":"type-product","3":"status-publish","4":"has-post-thumbnail","6":"product_cat-accessori-2","7":"product_cat-caffe","8":"product_cat-kaffe","9":"product_cat-kaffeemaschinen-espresso","10":"product_cat-kleine-elektrogeraete","11":"product_cat-zubehoer","13":"first","14":"outofstock","15":"taxable","16":"shipping-taxable","17":"purchasable","18":"product-type-simple","swatches":"rey-swatches","show_selected":"","stretch_labels":"rey-swatches--stretch-labels"},"acf":[],"yoast_head":"<!-- This site is optimized with the Yoast SEO plugin v25.4 - https:\/\/yoast.com\/wordpress\/plugins\/seo\/ -->\n<title>SAGE The Puck Sucker - dev6 Erresse<\/title>\n<meta name=\"description\" content=\"Kompatibel mit den Sage Oracle- und Dual Boiler-serien Geeignet f\u00fcr 58-mm-Siebtr\u00e4ger von Sage. Ger\u00e4uschlose, einfache vakuumextraktion Ein automatisch\" \/>\n<meta name=\"robots\" content=\"noindex, follow, max-snippet:-1, max-image-preview:large, max-video-preview:-1\" \/>\n<meta property=\"og:locale\" content=\"de_DE\" \/>\n<meta property=\"og:type\" content=\"article\" \/>\n<meta property=\"og:title\" content=\"SAGE The Puck Sucker - dev6 Erresse\" \/>\n<meta property=\"og:description\" content=\"Kompatibel mit den Sage Oracle- und Dual Boiler-serien Geeignet f\u00fcr 58-mm-Siebtr\u00e4ger von Sage. Ger\u00e4uschlose, einfache vakuumextraktion Ein automatisch\" \/>\n<meta property=\"og:url\" content=\"https:\/\/dev6.erresse-shop.it\/de\/shop\/kleine-elektrogeraete\/kaffeemaschinen-espresso\/sage-the-puck-sucker\/\" \/>\n<meta property=\"og:site_name\" content=\"dev6 Erresse\" \/>\n<meta property=\"og:image\" content=\"https:\/\/interpim.erresse-shop.it\/wp-content\/uploads\/2023\/02\/SAGE-The-Puck-Sucker.jpg\/sage-the-puck-sucker.jpg\" \/><meta property=\"og:image\" content=\"https:\/\/interpim.erresse-shop.it\/wp-content\/uploads\/2023\/02\/SAGE-The-Puck-Sucker.jpg\/sage-the-puck-sucker.jpg\" \/>\n\t<meta property=\"og:image:width\" content=\"1024\" \/>\n\t<meta property=\"og:image:height\" content=\"1024\" \/>\n\t<meta property=\"og:image:type\" content=\"image\/jpeg\" \/>\n<meta name=\"twitter:card\" content=\"summary_large_image\" \/>\n<meta name=\"twitter:image\" content=\"https:\/\/interpim.erresse-shop.it\/wp-content\/uploads\/2023\/02\/SAGE-The-Puck-Sucker.jpg\/sage-the-puck-sucker.jpg\" \/>\n<script type=\"application\/ld+json\" class=\"yoast-schema-graph\">{\"@context\":\"https:\/\/schema.org\",\"@graph\":[{\"@type\":\"WebPage\",\"@id\":\"https:\/\/dev6.erresse-shop.it\/de\/shop\/kleine-elektrogeraete\/kaffeemaschinen-espresso\/sage-the-puck-sucker\/\",\"url\":\"https:\/\/dev6.erresse-shop.it\/de\/shop\/kleine-elektrogeraete\/kaffeemaschinen-espresso\/sage-the-puck-sucker\/\",\"name\":\"SAGE The Puck Sucker - dev6 Erresse\",\"isPartOf\":{\"@id\":\"https:\/\/dev6.erresse-shop.it\/#website\"},\"primaryImageOfPage\":{\"@id\":\"https:\/\/dev6.erresse-shop.it\/de\/shop\/kleine-elektrogeraete\/kaffeemaschinen-espresso\/sage-the-puck-sucker\/#primaryimage\"},\"image\":{\"@id\":\"https:\/\/dev6.erresse-shop.it\/de\/shop\/kleine-elektrogeraete\/kaffeemaschinen-espresso\/sage-the-puck-sucker\/#primaryimage\"},\"thumbnailUrl\":\"https:\/\/i3.wp.com\/interpim.erresse-shop.it\/wp-content\/uploads\/2023\/02\/SAGE-The-Puck-Sucker.jpg\/sage-the-puck-sucker.jpg?ssl=1\",\"datePublished\":\"2026-04-12T12:49:36+00:00\",\"description\":\"Kompatibel mit den Sage Oracle- und Dual Boiler-serien Geeignet f\u00fcr 58-mm-Siebtr\u00e4ger von Sage. Ger\u00e4uschlose, einfache vakuumextraktion Ein automatisch\",\"breadcrumb\":{\"@id\":\"https:\/\/dev6.erresse-shop.it\/de\/shop\/kleine-elektrogeraete\/kaffeemaschinen-espresso\/sage-the-puck-sucker\/#breadcrumb\"},\"inLanguage\":\"de\",\"potentialAction\":[{\"@type\":\"ReadAction\",\"target\":[\"https:\/\/dev6.erresse-shop.it\/de\/shop\/kleine-elektrogeraete\/kaffeemaschinen-espresso\/sage-the-puck-sucker\/\"]}]},{\"@type\":\"ImageObject\",\"inLanguage\":\"de\",\"@id\":\"https:\/\/dev6.erresse-shop.it\/de\/shop\/kleine-elektrogeraete\/kaffeemaschinen-espresso\/sage-the-puck-sucker\/#primaryimage\",\"url\":\"https:\/\/i3.wp.com\/interpim.erresse-shop.it\/wp-content\/uploads\/2023\/02\/SAGE-The-Puck-Sucker.jpg\/sage-the-puck-sucker.jpg?ssl=1\",\"contentUrl\":\"https:\/\/i3.wp.com\/interpim.erresse-shop.it\/wp-content\/uploads\/2023\/02\/SAGE-The-Puck-Sucker.jpg\/sage-the-puck-sucker.jpg?ssl=1\"},{\"@type\":\"BreadcrumbList\",\"@id\":\"https:\/\/dev6.erresse-shop.it\/de\/shop\/kleine-elektrogeraete\/kaffeemaschinen-espresso\/sage-the-puck-sucker\/#breadcrumb\",\"itemListElement\":[{\"@type\":\"ListItem\",\"position\":1,\"name\":\"Home\",\"item\":\"https:\/\/dev6.erresse-shop.it\/\"},{\"@type\":\"ListItem\",\"position\":2,\"name\":\"Shop\",\"item\":\"https:\/\/dev6.erresse-shop.it\/shop\/\"},{\"@type\":\"ListItem\",\"position\":3,\"name\":\"SAGE The Puck Sucker\"}]},{\"@type\":\"WebSite\",\"@id\":\"https:\/\/dev6.erresse-shop.it\/#website\",\"url\":\"https:\/\/dev6.erresse-shop.it\/\",\"name\":\"Erresse Shop\",\"description\":\"\",\"publisher\":{\"@id\":\"https:\/\/dev6.erresse-shop.it\/#organization\"},\"potentialAction\":[{\"@type\":\"SearchAction\",\"target\":{\"@type\":\"EntryPoint\",\"urlTemplate\":\"https:\/\/dev6.erresse-shop.it\/?s={search_term_string}\"},\"query-input\":{\"@type\":\"PropertyValueSpecification\",\"valueRequired\":true,\"valueName\":\"search_term_string\"}}],\"inLanguage\":\"de\"},{\"@type\":\"Organization\",\"@id\":\"https:\/\/dev6.erresse-shop.it\/#organization\",\"name\":\"Erresse Shop\",\"url\":\"https:\/\/dev6.erresse-shop.it\/\",\"logo\":{\"@type\":\"ImageObject\",\"inLanguage\":\"de\",\"@id\":\"https:\/\/dev6.erresse-shop.it\/#\/schema\/logo\/image\/\",\"url\":\"https:\/\/dev6.erresse-shop.it\/wp-content\/uploads\/2025\/01\/LOGO-ERRESSE-CLASSICO.svg\",\"contentUrl\":\"https:\/\/dev6.erresse-shop.it\/wp-content\/uploads\/2025\/01\/LOGO-ERRESSE-CLASSICO.svg\",\"caption\":\"Erresse Shop\"},\"image\":{\"@id\":\"https:\/\/dev6.erresse-shop.it\/#\/schema\/logo\/image\/\"}}]}<\/script>\n<!-- \/ Yoast SEO plugin. -->","yoast_head_json":{"title":"SAGE The Puck Sucker - dev6 Erresse","description":"Kompatibel mit den Sage Oracle- und Dual Boiler-serien Geeignet f\u00fcr 58-mm-Siebtr\u00e4ger von Sage. Ger\u00e4uschlose, einfache vakuumextraktion Ein automatisch","robots":{"index":"noindex","follow":"follow","max-snippet":"max-snippet:-1","max-image-preview":"max-image-preview:large","max-video-preview":"max-video-preview:-1"},"og_locale":"de_DE","og_type":"article","og_title":"SAGE The Puck Sucker - dev6 Erresse","og_description":"Kompatibel mit den Sage Oracle- und Dual Boiler-serien Geeignet f\u00fcr 58-mm-Siebtr\u00e4ger von Sage. Ger\u00e4uschlose, einfache vakuumextraktion Ein automatisch","og_url":"https:\/\/dev6.erresse-shop.it\/de\/shop\/kleine-elektrogeraete\/kaffeemaschinen-espresso\/sage-the-puck-sucker\/","og_site_name":"dev6 Erresse","og_image":[{"url":"https:\/\/interpim.erresse-shop.it\/wp-content\/uploads\/2023\/02\/SAGE-The-Puck-Sucker.jpg\/sage-the-puck-sucker.jpg","type":"","width":"","height":""},{"url":"https:\/\/interpim.erresse-shop.it\/wp-content\/uploads\/2023\/02\/SAGE-The-Puck-Sucker.jpg\/sage-the-puck-sucker.jpg","width":1024,"height":1024,"type":"image\/jpeg"}],"twitter_card":"summary_large_image","twitter_image":"https:\/\/interpim.erresse-shop.it\/wp-content\/uploads\/2023\/02\/SAGE-The-Puck-Sucker.jpg\/sage-the-puck-sucker.jpg","schema":{"@context":"https:\/\/schema.org","@graph":[{"@type":"WebPage","@id":"https:\/\/dev6.erresse-shop.it\/de\/shop\/kleine-elektrogeraete\/kaffeemaschinen-espresso\/sage-the-puck-sucker\/","url":"https:\/\/dev6.erresse-shop.it\/de\/shop\/kleine-elektrogeraete\/kaffeemaschinen-espresso\/sage-the-puck-sucker\/","name":"SAGE The Puck Sucker - dev6 Erresse","isPartOf":{"@id":"https:\/\/dev6.erresse-shop.it\/#website"},"primaryImageOfPage":{"@id":"https:\/\/dev6.erresse-shop.it\/de\/shop\/kleine-elektrogeraete\/kaffeemaschinen-espresso\/sage-the-puck-sucker\/#primaryimage"},"image":{"@id":"https:\/\/dev6.erresse-shop.it\/de\/shop\/kleine-elektrogeraete\/kaffeemaschinen-espresso\/sage-the-puck-sucker\/#primaryimage"},"thumbnailUrl":"https:\/\/i3.wp.com\/interpim.erresse-shop.it\/wp-content\/uploads\/2023\/02\/SAGE-The-Puck-Sucker.jpg\/sage-the-puck-sucker.jpg?ssl=1","datePublished":"2026-04-12T12:49:36+00:00","description":"Kompatibel mit den Sage Oracle- und Dual Boiler-serien Geeignet f\u00fcr 58-mm-Siebtr\u00e4ger von Sage. Ger\u00e4uschlose, einfache vakuumextraktion Ein automatisch","breadcrumb":{"@id":"https:\/\/dev6.erresse-shop.it\/de\/shop\/kleine-elektrogeraete\/kaffeemaschinen-espresso\/sage-the-puck-sucker\/#breadcrumb"},"inLanguage":"de","potentialAction":[{"@type":"ReadAction","target":["https:\/\/dev6.erresse-shop.it\/de\/shop\/kleine-elektrogeraete\/kaffeemaschinen-espresso\/sage-the-puck-sucker\/"]}]},{"@type":"ImageObject","inLanguage":"de","@id":"https:\/\/dev6.erresse-shop.it\/de\/shop\/kleine-elektrogeraete\/kaffeemaschinen-espresso\/sage-the-puck-sucker\/#primaryimage","url":"https:\/\/i3.wp.com\/interpim.erresse-shop.it\/wp-content\/uploads\/2023\/02\/SAGE-The-Puck-Sucker.jpg\/sage-the-puck-sucker.jpg?ssl=1","contentUrl":"https:\/\/i3.wp.com\/interpim.erresse-shop.it\/wp-content\/uploads\/2023\/02\/SAGE-The-Puck-Sucker.jpg\/sage-the-puck-sucker.jpg?ssl=1"},{"@type":"BreadcrumbList","@id":"https:\/\/dev6.erresse-shop.it\/de\/shop\/kleine-elektrogeraete\/kaffeemaschinen-espresso\/sage-the-puck-sucker\/#breadcrumb","itemListElement":[{"@type":"ListItem","position":1,"name":"Home","item":"https:\/\/dev6.erresse-shop.it\/"},{"@type":"ListItem","position":2,"name":"Shop","item":"https:\/\/dev6.erresse-shop.it\/shop\/"},{"@type":"ListItem","position":3,"name":"SAGE The Puck Sucker"}]},{"@type":"WebSite","@id":"https:\/\/dev6.erresse-shop.it\/#website","url":"https:\/\/dev6.erresse-shop.it\/","name":"Erresse Shop","description":"","publisher":{"@id":"https:\/\/dev6.erresse-shop.it\/#organization"},"potentialAction":[{"@type":"SearchAction","target":{"@type":"EntryPoint","urlTemplate":"https:\/\/dev6.erresse-shop.it\/?s={search_term_string}"},"query-input":{"@type":"PropertyValueSpecification","valueRequired":true,"valueName":"search_term_string"}}],"inLanguage":"de"},{"@type":"Organization","@id":"https:\/\/dev6.erresse-shop.it\/#organization","name":"Erresse Shop","url":"https:\/\/dev6.erresse-shop.it\/","logo":{"@type":"ImageObject","inLanguage":"de","@id":"https:\/\/dev6.erresse-shop.it\/#\/schema\/logo\/image\/","url":"https:\/\/dev6.erresse-shop.it\/wp-content\/uploads\/2025\/01\/LOGO-ERRESSE-CLASSICO.svg","contentUrl":"https:\/\/dev6.erresse-shop.it\/wp-content\/uploads\/2025\/01\/LOGO-ERRESSE-CLASSICO.svg","caption":"Erresse Shop"},"image":{"@id":"https:\/\/dev6.erresse-shop.it\/#\/schema\/logo\/image\/"}}]}},"df_price":89.9,"df_sale_price":"","df_regular_price":89.9,"df_image_link":"https:\/\/i3.wp.com\/interpim.erresse-shop.it\/wp-content\/uploads\/2023\/02\/SAGE-The-Puck-Sucker.jpg\/sage-the-puck-sucker.jpg?resize=300,300&ssl=1","fifu_image_url":"https:\/\/interpim.erresse-shop.it\/wp-content\/uploads\/2023\/02\/SAGE-The-Puck-Sucker.jpg\/sage-the-puck-sucker.jpg","_links":{"self":[{"href":"https:\/\/dev6.erresse-shop.it\/de\/wp-json\/wp\/v2\/product\/52057","targetHints":{"allow":["GET"]}}],"collection":[{"href":"https:\/\/dev6.erresse-shop.it\/de\/wp-json\/wp\/v2\/product"}],"about":[{"href":"https:\/\/dev6.erresse-shop.it\/de\/wp-json\/wp\/v2\/types\/product"}],"wp:featuredmedia":[{"embeddable":true,"href":"https:\/\/dev6.erresse-shop.it\/de\/wp-json\/wp\/v2\/media\/6381353"}],"wp:attachment":[{"href":"https:\/\/dev6.erresse-shop.it\/de\/wp-json\/wp\/v2\/media?parent=52057"}],"wp:term":[{"taxonomy":"product_cat","embeddable":true,"href":"https:\/\/dev6.erresse-shop.it\/de\/wp-json\/wp\/v2\/product_cat?post=52057"},{"taxonomy":"product_tag","embeddable":true,"href":"https:\/\/dev6.erresse-shop.it\/de\/wp-json\/wp\/v2\/product_tag?post=52057"}],"curies":[{"name":"wp","href":"https:\/\/api.w.org\/{rel}","templated":true}]}}