{"id":52027,"date":"2026-04-04T09:24:28","date_gmt":"2026-04-04T07:24:28","guid":{"rendered":"https:\/\/dev6.erresse-shop.it\/shop\/unkategorisiert\/le-creuset-cocotte-every-aus-gusseisen-18-cm-azure\/"},"modified":"2025-09-14T01:05:44","modified_gmt":"2025-09-13T23:05:44","slug":"le-creuset-cocotte-every-aus-gusseisen-18-cm-azure","status":"publish","type":"product","link":"https:\/\/dev6.erresse-shop.it\/de\/shop\/toepfe-pfannen\/schalldaempfer-und-kokotten\/le-creuset-cocotte-every-aus-gusseisen-18-cm-azure\/","title":{"rendered":"LE CREUSET Cocotte Every aus Gusseisen 18 cm Azure"},"content":{"rendered":"<p>Japanische Inspiration<br \/>\nIn Japan ist es \u00fcblich, nach einer Mahlzeit \u201cGochisousama deshita!\u201d auszurufen, was so viel bedeutet wie \u201cDanke f\u00fcr das gro\u00dfartige Essen!\u201d. Die Cocotte Every wurde entwickelt, um die Grundlagen des japanischen Reiskochens zu beherrschen, und verf\u00fcgt \u00fcber eine bemerkenswerte Tiefe und ein Fassungsverm\u00f6gen, mit dem Sie viele Rezepte zubereiten k\u00f6nnen. Der gew\u00f6lbte Boden, die hohen W\u00e4nde und der gew\u00f6lbte Deckel maximieren die W\u00e4rme\u00fcbertragung f\u00fcr kulinarische Kreationen mit au\u00dfergew\u00f6hnlichem Geschmack. Au\u00dferdem verf\u00fcgt die Cocotte Every \u00fcber einen Innendeckel aus Steinzeug, der das Austreten von Wasser beim Kochen von Reis verhindert.<\/p>\n<p>Unser hitzebest\u00e4ndiger Knopf (bis 260 \u00b0C) ist so konstruiert, dass er auch dann noch gut in der Hand liegt, wenn man den Deckel mit einem Topflappen anhebt.<br \/>\nVielseitigkeit: Dieses Produkt ist f\u00fcr Herd und Backofen geeignet, auch im Grillmodus.<br \/>\nLeckeres Essen: Das verglaste Gusseisen speichert die Hitze und sorgt f\u00fcr gleichm\u00e4\u00dfiges Garen und Br\u00e4unen. Ihre k\u00f6stlichen Kreationen bleiben auch am Tisch l\u00e4nger hei\u00df.<br \/>\nBewahrt die Saftigkeit: Unser Deckel h\u00e4lt den beim Garen entstehenden Dampf zur\u00fcck und verst\u00e4rkt die Aromen f\u00fcr au\u00dfergew\u00f6hnliche Garergebnisse.<br \/>\nAlles unter Kontrolle: Dank spezieller Abstandshalter am Rand des Deckels k\u00f6nnen Druck und \u00fcbersch\u00fcssiger Dampf entweichen.<br \/>\nNicht zu hei\u00df: Kochen Sie mit einer konstanten niedrigen bis mittleren Hitze, um Ihr Produkt aus verglastem Gusseisen zu schonen und k\u00f6stliche Ergebnisse zu erzielen.<br \/>\nRaffinierte Einfachheit: Entwickelt, um Reis perfekt zu kochen und weniger Platz in der K\u00fcche zu beanspruchen.<br \/>\nEines f\u00fcr alles: Dieses unglaublich vielseitige Produkt aus verglastem Gusseisen erf\u00fcllt die Bed\u00fcrfnisse von erfahrenen K\u00f6chen und Anf\u00e4ngern bei der Zubereitung fast aller Gerichte.<br \/>\nDie einzigartige Form der Cocotte Every verleiht Ihren Kreationen einen ganz neuen Geschmack, egal ob Sie eine Suppe, ein Eintopfgericht oder ein Brot zubereiten.<br \/>\nDie Cocotte Every wird mit der Zeit immer besser: Die verglaste Innenseite entwickelt eine nat\u00fcrliche Patina, die fast wie eine Antihaftbeschichtung wirkt. Die Oberfl\u00e4che hat Eigenschaften, die ein Anhaften der Speisen auch bei geringen Mengen \u00d6l verhindern. Waschen Sie das Produkt nur mit Wasser ab, damit sich die Patina entwickeln kann.<br \/>\nBest in Class: Unsere Produkte werden aus den besten Materialien in Fabriken auf der ganzen Welt hergestellt, um die Qualit\u00e4t zu garantieren, die Sie von Le Creuset erwarten.<\/p>\n<p>Material: verglastes Gusseisen<br \/>\nHergestellt in: Frankreich<br \/>\nGarantie: lebenslang<\/p>\n<p>W\u00e4rmequelle:<\/p>\n<p>Backofen<br \/>\nBackofen Grill-Modus<br \/>\nKochfeld Elektrisch<br \/>\nGlaskeramik<br \/>\nGas-Kochfeld<br \/>\nInduktionskochfeld<\/p>\n<p>Reinigung und Pflege:<\/p>\n<p>Warten Sie, bis das Produkt abgek\u00fchlt ist, bevor Sie es reinigen.<br \/>\nReinigen Sie den Boden und die Seiten des Ger\u00e4ts von Essensresten. Wenn Essensreste daran haften, f\u00fcllen Sie das Ger\u00e4t mit warmem Seifenwasser und lassen Sie es 15-20 Minuten einweichen, bevor Sie es wie gewohnt waschen.<br \/>\nVerwenden Sie keine Scheuermittel oder scheuernde oder sehr steife<br \/>\nMetallschw\u00e4mme oder B\u00fcrsten f\u00fcr die Oberfl\u00e4chen.<br \/>\nNach dem Waschen gut abtrocknen und an einem trockenen Ort aufbewahren.<\/p>\n","protected":false},"excerpt":{"rendered":"<p>Japanische Inspiration In Japan ist es \u00fcblich, nach einer Mahlzeit \u201cGochisousama deshita!\u201d auszurufen, was so viel bedeutet wie \u201cDanke f\u00fcr das gro\u00dfartige Essen!\u201d. Die Cocotte Every wurde entwickelt, um die Grundlagen des japanischen Reiskochens zu beherrschen, und verf\u00fcgt \u00fcber eine bemerkenswerte Tiefe und ein Fassungsverm\u00f6gen, mit dem Sie viele Rezepte zubereiten k\u00f6nnen. Der gew\u00f6lbte Boden, [&hellip;]<\/p>\n","protected":false},"featured_media":6277029,"template":"","meta":{"_acf_changed":false},"product_cat":[11667,12108,12099],"product_tag":[],"class_list":{"0":"post-52027","1":"product","2":"type-product","3":"status-publish","4":"has-post-thumbnail","6":"product_cat-padelle-pentole","7":"product_cat-schalldaempfer-und-kokotten","8":"product_cat-toepfe-pfannen","10":"first","11":"outofstock","12":"sale","13":"taxable","14":"shipping-taxable","15":"purchasable","16":"product-type-simple","swatches":"rey-swatches","show_selected":"","stretch_labels":"rey-swatches--stretch-labels"},"acf":[],"yoast_head":"<!-- This site is optimized with the Yoast SEO plugin v25.4 - https:\/\/yoast.com\/wordpress\/plugins\/seo\/ -->\n<title>LE CREUSET Cocotte Every aus Gusseisen 18 cm Azure - dev6 Erresse<\/title>\n<meta name=\"description\" content=\"Japanische Inspiration In Japan ist es \u00fcblich, nach einer Mahlzeit \u201cGochisousama deshita!\u201d auszurufen, was so viel bedeutet wie \u201cDanke f\u00fcr das gro\u00dfartige\" \/>\n<meta name=\"robots\" content=\"noindex, follow, max-snippet:-1, max-image-preview:large, max-video-preview:-1\" \/>\n<meta property=\"og:locale\" content=\"de_DE\" \/>\n<meta property=\"og:type\" content=\"article\" \/>\n<meta property=\"og:title\" content=\"LE CREUSET Cocotte Every aus Gusseisen 18 cm Azure - dev6 Erresse\" \/>\n<meta property=\"og:description\" content=\"Japanische Inspiration In Japan ist es \u00fcblich, nach einer Mahlzeit \u201cGochisousama deshita!\u201d auszurufen, was so viel bedeutet wie \u201cDanke f\u00fcr das gro\u00dfartige\" \/>\n<meta property=\"og:url\" content=\"https:\/\/dev6.erresse-shop.it\/de\/shop\/toepfe-pfannen\/schalldaempfer-und-kokotten\/le-creuset-cocotte-every-aus-gusseisen-18-cm-azure\/\" \/>\n<meta property=\"og:site_name\" content=\"dev6 Erresse\" \/>\n<meta property=\"og:image\" content=\"https:\/\/interpim.erresse-shop.it\/Import\/Prodotti\/le-creuset-cocotte-every-in-ghisa-18-cm-azure.jpg\" \/><meta property=\"og:image\" content=\"https:\/\/interpim.erresse-shop.it\/Import\/Prodotti\/le-creuset-cocotte-every-in-ghisa-18-cm-azure.jpg\" \/>\n\t<meta property=\"og:image:width\" content=\"1024\" \/>\n\t<meta property=\"og:image:height\" content=\"1024\" \/>\n\t<meta property=\"og:image:type\" content=\"image\/jpeg\" \/>\n<meta name=\"twitter:card\" content=\"summary_large_image\" \/>\n<meta name=\"twitter:image\" content=\"https:\/\/interpim.erresse-shop.it\/Import\/Prodotti\/le-creuset-cocotte-every-in-ghisa-18-cm-azure.jpg\" \/>\n<script type=\"application\/ld+json\" class=\"yoast-schema-graph\">{\"@context\":\"https:\/\/schema.org\",\"@graph\":[{\"@type\":\"WebPage\",\"@id\":\"https:\/\/dev6.erresse-shop.it\/de\/shop\/toepfe-pfannen\/schalldaempfer-und-kokotten\/le-creuset-cocotte-every-aus-gusseisen-18-cm-azure\/\",\"url\":\"https:\/\/dev6.erresse-shop.it\/de\/shop\/toepfe-pfannen\/schalldaempfer-und-kokotten\/le-creuset-cocotte-every-aus-gusseisen-18-cm-azure\/\",\"name\":\"LE CREUSET Cocotte Every aus Gusseisen 18 cm Azure - dev6 Erresse\",\"isPartOf\":{\"@id\":\"https:\/\/dev6.erresse-shop.it\/#website\"},\"primaryImageOfPage\":{\"@id\":\"https:\/\/dev6.erresse-shop.it\/de\/shop\/toepfe-pfannen\/schalldaempfer-und-kokotten\/le-creuset-cocotte-every-aus-gusseisen-18-cm-azure\/#primaryimage\"},\"image\":{\"@id\":\"https:\/\/dev6.erresse-shop.it\/de\/shop\/toepfe-pfannen\/schalldaempfer-und-kokotten\/le-creuset-cocotte-every-aus-gusseisen-18-cm-azure\/#primaryimage\"},\"thumbnailUrl\":\"https:\/\/i2.wp.com\/interpim.erresse-shop.it\/Import\/Prodotti\/le-creuset-cocotte-every-in-ghisa-18-cm-azure.jpg?ssl=1\",\"datePublished\":\"2026-04-04T07:24:28+00:00\",\"description\":\"Japanische Inspiration In Japan ist es \u00fcblich, nach einer Mahlzeit \u201cGochisousama deshita!\u201d auszurufen, was so viel bedeutet wie \u201cDanke f\u00fcr das gro\u00dfartige\",\"breadcrumb\":{\"@id\":\"https:\/\/dev6.erresse-shop.it\/de\/shop\/toepfe-pfannen\/schalldaempfer-und-kokotten\/le-creuset-cocotte-every-aus-gusseisen-18-cm-azure\/#breadcrumb\"},\"inLanguage\":\"de\",\"potentialAction\":[{\"@type\":\"ReadAction\",\"target\":[\"https:\/\/dev6.erresse-shop.it\/de\/shop\/toepfe-pfannen\/schalldaempfer-und-kokotten\/le-creuset-cocotte-every-aus-gusseisen-18-cm-azure\/\"]}]},{\"@type\":\"ImageObject\",\"inLanguage\":\"de\",\"@id\":\"https:\/\/dev6.erresse-shop.it\/de\/shop\/toepfe-pfannen\/schalldaempfer-und-kokotten\/le-creuset-cocotte-every-aus-gusseisen-18-cm-azure\/#primaryimage\",\"url\":\"https:\/\/i2.wp.com\/interpim.erresse-shop.it\/Import\/Prodotti\/le-creuset-cocotte-every-in-ghisa-18-cm-azure.jpg?ssl=1\",\"contentUrl\":\"https:\/\/i2.wp.com\/interpim.erresse-shop.it\/Import\/Prodotti\/le-creuset-cocotte-every-in-ghisa-18-cm-azure.jpg?ssl=1\"},{\"@type\":\"BreadcrumbList\",\"@id\":\"https:\/\/dev6.erresse-shop.it\/de\/shop\/toepfe-pfannen\/schalldaempfer-und-kokotten\/le-creuset-cocotte-every-aus-gusseisen-18-cm-azure\/#breadcrumb\",\"itemListElement\":[{\"@type\":\"ListItem\",\"position\":1,\"name\":\"Home\",\"item\":\"https:\/\/dev6.erresse-shop.it\/\"},{\"@type\":\"ListItem\",\"position\":2,\"name\":\"Shop\",\"item\":\"https:\/\/dev6.erresse-shop.it\/shop\/\"},{\"@type\":\"ListItem\",\"position\":3,\"name\":\"LE CREUSET Cocotte Every aus Gusseisen 18 cm Azure\"}]},{\"@type\":\"WebSite\",\"@id\":\"https:\/\/dev6.erresse-shop.it\/#website\",\"url\":\"https:\/\/dev6.erresse-shop.it\/\",\"name\":\"Erresse Shop\",\"description\":\"\",\"publisher\":{\"@id\":\"https:\/\/dev6.erresse-shop.it\/#organization\"},\"potentialAction\":[{\"@type\":\"SearchAction\",\"target\":{\"@type\":\"EntryPoint\",\"urlTemplate\":\"https:\/\/dev6.erresse-shop.it\/?s={search_term_string}\"},\"query-input\":{\"@type\":\"PropertyValueSpecification\",\"valueRequired\":true,\"valueName\":\"search_term_string\"}}],\"inLanguage\":\"de\"},{\"@type\":\"Organization\",\"@id\":\"https:\/\/dev6.erresse-shop.it\/#organization\",\"name\":\"Erresse Shop\",\"url\":\"https:\/\/dev6.erresse-shop.it\/\",\"logo\":{\"@type\":\"ImageObject\",\"inLanguage\":\"de\",\"@id\":\"https:\/\/dev6.erresse-shop.it\/#\/schema\/logo\/image\/\",\"url\":\"https:\/\/dev6.erresse-shop.it\/wp-content\/uploads\/2025\/01\/LOGO-ERRESSE-CLASSICO.svg\",\"contentUrl\":\"https:\/\/dev6.erresse-shop.it\/wp-content\/uploads\/2025\/01\/LOGO-ERRESSE-CLASSICO.svg\",\"caption\":\"Erresse Shop\"},\"image\":{\"@id\":\"https:\/\/dev6.erresse-shop.it\/#\/schema\/logo\/image\/\"}}]}<\/script>\n<!-- \/ Yoast SEO plugin. -->","yoast_head_json":{"title":"LE CREUSET Cocotte Every aus Gusseisen 18 cm Azure - dev6 Erresse","description":"Japanische Inspiration In Japan ist es \u00fcblich, nach einer Mahlzeit \u201cGochisousama deshita!\u201d auszurufen, was so viel bedeutet wie \u201cDanke f\u00fcr das gro\u00dfartige","robots":{"index":"noindex","follow":"follow","max-snippet":"max-snippet:-1","max-image-preview":"max-image-preview:large","max-video-preview":"max-video-preview:-1"},"og_locale":"de_DE","og_type":"article","og_title":"LE CREUSET Cocotte Every aus Gusseisen 18 cm Azure - dev6 Erresse","og_description":"Japanische Inspiration In Japan ist es \u00fcblich, nach einer Mahlzeit \u201cGochisousama deshita!\u201d auszurufen, was so viel bedeutet wie \u201cDanke f\u00fcr das gro\u00dfartige","og_url":"https:\/\/dev6.erresse-shop.it\/de\/shop\/toepfe-pfannen\/schalldaempfer-und-kokotten\/le-creuset-cocotte-every-aus-gusseisen-18-cm-azure\/","og_site_name":"dev6 Erresse","og_image":[{"url":"https:\/\/interpim.erresse-shop.it\/Import\/Prodotti\/le-creuset-cocotte-every-in-ghisa-18-cm-azure.jpg","type":"","width":"","height":""},{"url":"https:\/\/interpim.erresse-shop.it\/Import\/Prodotti\/le-creuset-cocotte-every-in-ghisa-18-cm-azure.jpg","width":1024,"height":1024,"type":"image\/jpeg"}],"twitter_card":"summary_large_image","twitter_image":"https:\/\/interpim.erresse-shop.it\/Import\/Prodotti\/le-creuset-cocotte-every-in-ghisa-18-cm-azure.jpg","schema":{"@context":"https:\/\/schema.org","@graph":[{"@type":"WebPage","@id":"https:\/\/dev6.erresse-shop.it\/de\/shop\/toepfe-pfannen\/schalldaempfer-und-kokotten\/le-creuset-cocotte-every-aus-gusseisen-18-cm-azure\/","url":"https:\/\/dev6.erresse-shop.it\/de\/shop\/toepfe-pfannen\/schalldaempfer-und-kokotten\/le-creuset-cocotte-every-aus-gusseisen-18-cm-azure\/","name":"LE CREUSET Cocotte Every aus Gusseisen 18 cm Azure - dev6 Erresse","isPartOf":{"@id":"https:\/\/dev6.erresse-shop.it\/#website"},"primaryImageOfPage":{"@id":"https:\/\/dev6.erresse-shop.it\/de\/shop\/toepfe-pfannen\/schalldaempfer-und-kokotten\/le-creuset-cocotte-every-aus-gusseisen-18-cm-azure\/#primaryimage"},"image":{"@id":"https:\/\/dev6.erresse-shop.it\/de\/shop\/toepfe-pfannen\/schalldaempfer-und-kokotten\/le-creuset-cocotte-every-aus-gusseisen-18-cm-azure\/#primaryimage"},"thumbnailUrl":"https:\/\/i2.wp.com\/interpim.erresse-shop.it\/Import\/Prodotti\/le-creuset-cocotte-every-in-ghisa-18-cm-azure.jpg?ssl=1","datePublished":"2026-04-04T07:24:28+00:00","description":"Japanische Inspiration In Japan ist es \u00fcblich, nach einer Mahlzeit \u201cGochisousama deshita!\u201d auszurufen, was so viel bedeutet wie \u201cDanke f\u00fcr das gro\u00dfartige","breadcrumb":{"@id":"https:\/\/dev6.erresse-shop.it\/de\/shop\/toepfe-pfannen\/schalldaempfer-und-kokotten\/le-creuset-cocotte-every-aus-gusseisen-18-cm-azure\/#breadcrumb"},"inLanguage":"de","potentialAction":[{"@type":"ReadAction","target":["https:\/\/dev6.erresse-shop.it\/de\/shop\/toepfe-pfannen\/schalldaempfer-und-kokotten\/le-creuset-cocotte-every-aus-gusseisen-18-cm-azure\/"]}]},{"@type":"ImageObject","inLanguage":"de","@id":"https:\/\/dev6.erresse-shop.it\/de\/shop\/toepfe-pfannen\/schalldaempfer-und-kokotten\/le-creuset-cocotte-every-aus-gusseisen-18-cm-azure\/#primaryimage","url":"https:\/\/i2.wp.com\/interpim.erresse-shop.it\/Import\/Prodotti\/le-creuset-cocotte-every-in-ghisa-18-cm-azure.jpg?ssl=1","contentUrl":"https:\/\/i2.wp.com\/interpim.erresse-shop.it\/Import\/Prodotti\/le-creuset-cocotte-every-in-ghisa-18-cm-azure.jpg?ssl=1"},{"@type":"BreadcrumbList","@id":"https:\/\/dev6.erresse-shop.it\/de\/shop\/toepfe-pfannen\/schalldaempfer-und-kokotten\/le-creuset-cocotte-every-aus-gusseisen-18-cm-azure\/#breadcrumb","itemListElement":[{"@type":"ListItem","position":1,"name":"Home","item":"https:\/\/dev6.erresse-shop.it\/"},{"@type":"ListItem","position":2,"name":"Shop","item":"https:\/\/dev6.erresse-shop.it\/shop\/"},{"@type":"ListItem","position":3,"name":"LE CREUSET Cocotte Every aus Gusseisen 18 cm Azure"}]},{"@type":"WebSite","@id":"https:\/\/dev6.erresse-shop.it\/#website","url":"https:\/\/dev6.erresse-shop.it\/","name":"Erresse Shop","description":"","publisher":{"@id":"https:\/\/dev6.erresse-shop.it\/#organization"},"potentialAction":[{"@type":"SearchAction","target":{"@type":"EntryPoint","urlTemplate":"https:\/\/dev6.erresse-shop.it\/?s={search_term_string}"},"query-input":{"@type":"PropertyValueSpecification","valueRequired":true,"valueName":"search_term_string"}}],"inLanguage":"de"},{"@type":"Organization","@id":"https:\/\/dev6.erresse-shop.it\/#organization","name":"Erresse Shop","url":"https:\/\/dev6.erresse-shop.it\/","logo":{"@type":"ImageObject","inLanguage":"de","@id":"https:\/\/dev6.erresse-shop.it\/#\/schema\/logo\/image\/","url":"https:\/\/dev6.erresse-shop.it\/wp-content\/uploads\/2025\/01\/LOGO-ERRESSE-CLASSICO.svg","contentUrl":"https:\/\/dev6.erresse-shop.it\/wp-content\/uploads\/2025\/01\/LOGO-ERRESSE-CLASSICO.svg","caption":"Erresse Shop"},"image":{"@id":"https:\/\/dev6.erresse-shop.it\/#\/schema\/logo\/image\/"}}]}},"df_price":169.95,"df_sale_price":169.95,"df_regular_price":245,"df_image_link":"https:\/\/i2.wp.com\/interpim.erresse-shop.it\/Import\/Prodotti\/le-creuset-cocotte-every-in-ghisa-18-cm-azure.jpg?resize=300,300&ssl=1","fifu_image_url":"https:\/\/interpim.erresse-shop.it\/Import\/Prodotti\/le-creuset-cocotte-every-in-ghisa-18-cm-azure.jpg","_links":{"self":[{"href":"https:\/\/dev6.erresse-shop.it\/de\/wp-json\/wp\/v2\/product\/52027","targetHints":{"allow":["GET"]}}],"collection":[{"href":"https:\/\/dev6.erresse-shop.it\/de\/wp-json\/wp\/v2\/product"}],"about":[{"href":"https:\/\/dev6.erresse-shop.it\/de\/wp-json\/wp\/v2\/types\/product"}],"wp:featuredmedia":[{"embeddable":true,"href":"https:\/\/dev6.erresse-shop.it\/de\/wp-json\/wp\/v2\/media\/6277029"}],"wp:attachment":[{"href":"https:\/\/dev6.erresse-shop.it\/de\/wp-json\/wp\/v2\/media?parent=52027"}],"wp:term":[{"taxonomy":"product_cat","embeddable":true,"href":"https:\/\/dev6.erresse-shop.it\/de\/wp-json\/wp\/v2\/product_cat?post=52027"},{"taxonomy":"product_tag","embeddable":true,"href":"https:\/\/dev6.erresse-shop.it\/de\/wp-json\/wp\/v2\/product_tag?post=52027"}],"curies":[{"name":"wp","href":"https:\/\/api.w.org\/{rel}","templated":true}]}}