{"id":52021,"date":"2026-04-12T09:24:52","date_gmt":"2026-04-12T07:24:52","guid":{"rendered":"https:\/\/dev6.erresse-shop.it\/shop\/unkategorisiert\/sage-the-barista-touch-schwarzer-trueffel\/"},"modified":"2025-07-03T20:36:44","modified_gmt":"2025-07-03T18:36:44","slug":"sage-the-barista-touch-schwarzer-trueffel","status":"publish","type":"product","link":"https:\/\/dev6.erresse-shop.it\/de\/shop\/kleine-elektrogeraete\/kaffeemaschinen-espresso\/automatisch\/sage-the-barista-touch-schwarzer-trueffel\/","title":{"rendered":"SAGE The Barista Touch Schwarzer Tr\u00fcffel"},"content":{"rendered":"<p>Gro\u00dfartiger Kaffee, genau wie an der Bar, mit \u00e4u\u00dferster Einfachheit. Genie\u00dfen Sie Kaffee der dritten Generation bequem zu Hause, wann immer Sie wollen, dank professioneller Leistung in Kombination mit einem intuitiven neuen Touchscreen-Display mit vorprogrammiertem Kaffeemen\u00fc und automatischer Milchaufsch\u00e4umung. Alles in einer kompakten Maschine.<\/p>\n<p>Intelligent, automatisch, anpassbar<br \/>\nDank der intuitiven Touchscreen-Bedienung war die Zubereitung Ihres Lieblingskaffees noch nie so einfach. Es sind nur drei Schritte erforderlich: Mahlen, Extraktion und Milchaufsch\u00e4umen. Sie k\u00f6nnen die Kaffeest\u00e4rke, den Milchschaum und die Temperatur ganz einfach nach Ihrem Geschmack einstellen und die Einstellungen dann unter Ihrem Namen speichern. Sie k\u00f6nnen bis zu 8 personalisierte Kaffeesorten erstellen und speichern.<\/p>\n<p>Automatische Milchaufsch\u00e4umung<br \/>\nMit der automatischen Dampfd\u00fcse k\u00f6nnen Sie den Schaum und die Temperatur der Milch individuell einstellen. So entsteht ein Mikrobl\u00e4schen-Schaum wie in einem Caf\u00e9, der das Aroma des Kaffees verst\u00e4rkt und f\u00fcr die Latte Art unerl\u00e4sslich ist.<\/p>\n<p>Schnelleres Aufheizen<br \/>\nDas innovative ThermoJet\u00ae-Heizsystem erreicht die ideale Extraktionstemperatur in nur 3 Sekunden. Kein Warten mehr, um eine gute Tasse Kaffee zu genie\u00dfen.<\/p>\n<p>Pr\u00e4zise Extraktion<br \/>\nDie digitale Temperaturregelung (PID) liefert das Wasser mit der richtigen Temperatur, um eine optimale Extraktion Ihres Espressos zu gew\u00e4hrleisten.<\/p>\n<p>Integrierte Kaffeem\u00fchle<br \/>\nMit nur einer Ber\u00fchrung liefert das integrierte Kegelmahlwerk mit Dosierfunktion die richtige Kaffeemenge f\u00fcr das beste Aroma. Dosierung und Mahlgrad einstellbar.<\/p>\n<p>Freih\u00e4ndiges Schleifen<br \/>\nDer innovative Filterhalter erm\u00f6glicht es Ihnen, den Kaffee direkt im Filterhalter zu mahlen.<\/p>\n<p>Abmessungen (BxTxH): 31 x 32,5 x 40 cm<br \/>\nLeistung: 1680 W<br \/>\nMaterial: Geb\u00fcrsteter Edelstahl Wassertank BPA frei<br \/>\nFassungsverm\u00f6gen des Federhalters: 250 Gramm<br \/>\nFassungsverm\u00f6gen des Wassertanks: 2 Liter<br \/>\nSpannung: 220\/240 V<\/p>\n<p>Einstellungen:<\/p>\n<p>Bedienung \u00fcber Touchscreen<br \/>\n5 vorprogrammierte Lieblingseinstellungen<br \/>\nErstellen, Speichern und Benennen von 8 anpassbaren Einstellungen<br \/>\nEinstellbarer Mahlgradregler<br \/>\nProgrammierbare Temperatur und Milchschaum<br \/>\nEinfacher oder doppelter Espresso<br \/>\nHei\u00dfes Wasser<br \/>\nIntegrierte Kaffeem\u00fchle<br \/>\nIntegrierte konische Kaffeem\u00fchle aus Edelstahl<br \/>\nThermoJet-Heizsystem: Das innovative Heizsystem erreicht die optimale Absaugtemperatur in 3 Sekunden<\/p>\n<p>Pre-Infusion-Funktion: Diese Funktion erh\u00f6ht schrittweise den Wasserdruck, um den gemahlenen Kaffee sanft auszudehnen und eine gleichm\u00e4\u00dfige Extraktion zu gew\u00e4hrleisten<\/p>\n<p>Inklusive Zubeh\u00f6r:<\/p>\n<p>54-mm-Filterhalter aus rostfreiem Stahl<br \/>\nEinfach- und Doppelwandfilter<br \/>\n480-ml-Edelstahl-Milchk\u00e4nnchen<br \/>\nClaroSwiss Wasserfilter<br \/>\nIntegrierter Presser<br \/>\nDas Pr\u00e4zisionsdosierger\u00e4t Razor\u2122<br \/>\nReinigungsset<br \/>\nTeststreifen f\u00fcr Wasserh\u00e4rte<\/p>\n","protected":false},"excerpt":{"rendered":"<p>Gro\u00dfartiger Kaffee, genau wie an der Bar, mit \u00e4u\u00dferster Einfachheit. Genie\u00dfen Sie Kaffee der dritten Generation bequem zu Hause, wann immer Sie wollen, dank professioneller Leistung in Kombination mit einem intuitiven neuen Touchscreen-Display mit vorprogrammiertem Kaffeemen\u00fc und automatischer Milchaufsch\u00e4umung. Alles in einer kompakten Maschine. Intelligent, automatisch, anpassbar Dank der intuitiven Touchscreen-Bedienung war die Zubereitung Ihres [&hellip;]<\/p>\n","protected":false},"featured_media":6360273,"template":"","meta":{"_acf_changed":false},"product_cat":[12184,12171,12163],"product_tag":[],"class_list":{"0":"post-52021","1":"product","2":"type-product","3":"status-publish","4":"has-post-thumbnail","6":"product_cat-automatisch","7":"product_cat-kaffeemaschinen-espresso","8":"product_cat-kleine-elektrogeraete","10":"first","11":"outofstock","12":"sale","13":"taxable","14":"shipping-taxable","15":"purchasable","16":"product-type-simple","swatches":"rey-swatches","show_selected":"","stretch_labels":"rey-swatches--stretch-labels"},"acf":[],"yoast_head":"<!-- This site is optimized with the Yoast SEO plugin v25.4 - https:\/\/yoast.com\/wordpress\/plugins\/seo\/ -->\n<title>SAGE The Barista Touch Schwarzer Tr\u00fcffel - dev6 Erresse<\/title>\n<meta name=\"description\" content=\"Gro\u00dfartiger Kaffee, genau wie an der Bar, mit \u00e4u\u00dferster Einfachheit. Genie\u00dfen Sie Kaffee der dritten Generation bequem zu Hause, wann immer Sie wollen,\" \/>\n<meta name=\"robots\" content=\"noindex, follow, max-snippet:-1, max-image-preview:large, max-video-preview:-1\" \/>\n<meta property=\"og:locale\" content=\"de_DE\" \/>\n<meta property=\"og:type\" content=\"article\" \/>\n<meta property=\"og:title\" content=\"SAGE The Barista Touch Schwarzer Tr\u00fcffel - dev6 Erresse\" \/>\n<meta property=\"og:description\" content=\"Gro\u00dfartiger Kaffee, genau wie an der Bar, mit \u00e4u\u00dferster Einfachheit. Genie\u00dfen Sie Kaffee der dritten Generation bequem zu Hause, wann immer Sie wollen,\" \/>\n<meta property=\"og:url\" content=\"https:\/\/dev6.erresse-shop.it\/de\/shop\/kleine-elektrogeraete\/kaffeemaschinen-espresso\/automatisch\/sage-the-barista-touch-schwarzer-trueffel\/\" \/>\n<meta property=\"og:site_name\" content=\"dev6 Erresse\" \/>\n<meta property=\"og:image\" content=\"https:\/\/interpim.erresse-shop.it\/Import\/Prodotti\/sage-the-barista-touch-tartufo-nero.jpg\" \/><meta property=\"og:image\" content=\"https:\/\/interpim.erresse-shop.it\/Import\/Prodotti\/sage-the-barista-touch-tartufo-nero.jpg\" \/>\n\t<meta property=\"og:image:width\" content=\"1024\" \/>\n\t<meta property=\"og:image:height\" content=\"1024\" \/>\n\t<meta property=\"og:image:type\" content=\"image\/jpeg\" \/>\n<meta name=\"twitter:card\" content=\"summary_large_image\" \/>\n<meta name=\"twitter:image\" content=\"https:\/\/interpim.erresse-shop.it\/Import\/Prodotti\/sage-the-barista-touch-tartufo-nero.jpg\" \/>\n<script type=\"application\/ld+json\" class=\"yoast-schema-graph\">{\"@context\":\"https:\/\/schema.org\",\"@graph\":[{\"@type\":\"WebPage\",\"@id\":\"https:\/\/dev6.erresse-shop.it\/de\/shop\/kleine-elektrogeraete\/kaffeemaschinen-espresso\/automatisch\/sage-the-barista-touch-schwarzer-trueffel\/\",\"url\":\"https:\/\/dev6.erresse-shop.it\/de\/shop\/kleine-elektrogeraete\/kaffeemaschinen-espresso\/automatisch\/sage-the-barista-touch-schwarzer-trueffel\/\",\"name\":\"SAGE The Barista Touch Schwarzer Tr\u00fcffel - dev6 Erresse\",\"isPartOf\":{\"@id\":\"https:\/\/dev6.erresse-shop.it\/#website\"},\"primaryImageOfPage\":{\"@id\":\"https:\/\/dev6.erresse-shop.it\/de\/shop\/kleine-elektrogeraete\/kaffeemaschinen-espresso\/automatisch\/sage-the-barista-touch-schwarzer-trueffel\/#primaryimage\"},\"image\":{\"@id\":\"https:\/\/dev6.erresse-shop.it\/de\/shop\/kleine-elektrogeraete\/kaffeemaschinen-espresso\/automatisch\/sage-the-barista-touch-schwarzer-trueffel\/#primaryimage\"},\"thumbnailUrl\":\"https:\/\/i3.wp.com\/interpim.erresse-shop.it\/Import\/Prodotti\/sage-the-barista-touch-tartufo-nero.jpg?ssl=1\",\"datePublished\":\"2026-04-12T07:24:52+00:00\",\"description\":\"Gro\u00dfartiger Kaffee, genau wie an der Bar, mit \u00e4u\u00dferster Einfachheit. Genie\u00dfen Sie Kaffee der dritten Generation bequem zu Hause, wann immer Sie wollen,\",\"breadcrumb\":{\"@id\":\"https:\/\/dev6.erresse-shop.it\/de\/shop\/kleine-elektrogeraete\/kaffeemaschinen-espresso\/automatisch\/sage-the-barista-touch-schwarzer-trueffel\/#breadcrumb\"},\"inLanguage\":\"de\",\"potentialAction\":[{\"@type\":\"ReadAction\",\"target\":[\"https:\/\/dev6.erresse-shop.it\/de\/shop\/kleine-elektrogeraete\/kaffeemaschinen-espresso\/automatisch\/sage-the-barista-touch-schwarzer-trueffel\/\"]}]},{\"@type\":\"ImageObject\",\"inLanguage\":\"de\",\"@id\":\"https:\/\/dev6.erresse-shop.it\/de\/shop\/kleine-elektrogeraete\/kaffeemaschinen-espresso\/automatisch\/sage-the-barista-touch-schwarzer-trueffel\/#primaryimage\",\"url\":\"https:\/\/i3.wp.com\/interpim.erresse-shop.it\/Import\/Prodotti\/sage-the-barista-touch-tartufo-nero.jpg?ssl=1\",\"contentUrl\":\"https:\/\/i3.wp.com\/interpim.erresse-shop.it\/Import\/Prodotti\/sage-the-barista-touch-tartufo-nero.jpg?ssl=1\"},{\"@type\":\"BreadcrumbList\",\"@id\":\"https:\/\/dev6.erresse-shop.it\/de\/shop\/kleine-elektrogeraete\/kaffeemaschinen-espresso\/automatisch\/sage-the-barista-touch-schwarzer-trueffel\/#breadcrumb\",\"itemListElement\":[{\"@type\":\"ListItem\",\"position\":1,\"name\":\"Home\",\"item\":\"https:\/\/dev6.erresse-shop.it\/\"},{\"@type\":\"ListItem\",\"position\":2,\"name\":\"Shop\",\"item\":\"https:\/\/dev6.erresse-shop.it\/shop\/\"},{\"@type\":\"ListItem\",\"position\":3,\"name\":\"SAGE The Barista Touch Schwarzer Tr\u00fcffel\"}]},{\"@type\":\"WebSite\",\"@id\":\"https:\/\/dev6.erresse-shop.it\/#website\",\"url\":\"https:\/\/dev6.erresse-shop.it\/\",\"name\":\"Erresse Shop\",\"description\":\"\",\"publisher\":{\"@id\":\"https:\/\/dev6.erresse-shop.it\/#organization\"},\"potentialAction\":[{\"@type\":\"SearchAction\",\"target\":{\"@type\":\"EntryPoint\",\"urlTemplate\":\"https:\/\/dev6.erresse-shop.it\/?s={search_term_string}\"},\"query-input\":{\"@type\":\"PropertyValueSpecification\",\"valueRequired\":true,\"valueName\":\"search_term_string\"}}],\"inLanguage\":\"de\"},{\"@type\":\"Organization\",\"@id\":\"https:\/\/dev6.erresse-shop.it\/#organization\",\"name\":\"Erresse Shop\",\"url\":\"https:\/\/dev6.erresse-shop.it\/\",\"logo\":{\"@type\":\"ImageObject\",\"inLanguage\":\"de\",\"@id\":\"https:\/\/dev6.erresse-shop.it\/#\/schema\/logo\/image\/\",\"url\":\"https:\/\/dev6.erresse-shop.it\/wp-content\/uploads\/2025\/01\/LOGO-ERRESSE-CLASSICO.svg\",\"contentUrl\":\"https:\/\/dev6.erresse-shop.it\/wp-content\/uploads\/2025\/01\/LOGO-ERRESSE-CLASSICO.svg\",\"caption\":\"Erresse Shop\"},\"image\":{\"@id\":\"https:\/\/dev6.erresse-shop.it\/#\/schema\/logo\/image\/\"}}]}<\/script>\n<!-- \/ Yoast SEO plugin. -->","yoast_head_json":{"title":"SAGE The Barista Touch Schwarzer Tr\u00fcffel - dev6 Erresse","description":"Gro\u00dfartiger Kaffee, genau wie an der Bar, mit \u00e4u\u00dferster Einfachheit. Genie\u00dfen Sie Kaffee der dritten Generation bequem zu Hause, wann immer Sie wollen,","robots":{"index":"noindex","follow":"follow","max-snippet":"max-snippet:-1","max-image-preview":"max-image-preview:large","max-video-preview":"max-video-preview:-1"},"og_locale":"de_DE","og_type":"article","og_title":"SAGE The Barista Touch Schwarzer Tr\u00fcffel - dev6 Erresse","og_description":"Gro\u00dfartiger Kaffee, genau wie an der Bar, mit \u00e4u\u00dferster Einfachheit. Genie\u00dfen Sie Kaffee der dritten Generation bequem zu Hause, wann immer Sie wollen,","og_url":"https:\/\/dev6.erresse-shop.it\/de\/shop\/kleine-elektrogeraete\/kaffeemaschinen-espresso\/automatisch\/sage-the-barista-touch-schwarzer-trueffel\/","og_site_name":"dev6 Erresse","og_image":[{"url":"https:\/\/interpim.erresse-shop.it\/Import\/Prodotti\/sage-the-barista-touch-tartufo-nero.jpg","type":"","width":"","height":""},{"url":"https:\/\/interpim.erresse-shop.it\/Import\/Prodotti\/sage-the-barista-touch-tartufo-nero.jpg","width":1024,"height":1024,"type":"image\/jpeg"}],"twitter_card":"summary_large_image","twitter_image":"https:\/\/interpim.erresse-shop.it\/Import\/Prodotti\/sage-the-barista-touch-tartufo-nero.jpg","schema":{"@context":"https:\/\/schema.org","@graph":[{"@type":"WebPage","@id":"https:\/\/dev6.erresse-shop.it\/de\/shop\/kleine-elektrogeraete\/kaffeemaschinen-espresso\/automatisch\/sage-the-barista-touch-schwarzer-trueffel\/","url":"https:\/\/dev6.erresse-shop.it\/de\/shop\/kleine-elektrogeraete\/kaffeemaschinen-espresso\/automatisch\/sage-the-barista-touch-schwarzer-trueffel\/","name":"SAGE The Barista Touch Schwarzer Tr\u00fcffel - dev6 Erresse","isPartOf":{"@id":"https:\/\/dev6.erresse-shop.it\/#website"},"primaryImageOfPage":{"@id":"https:\/\/dev6.erresse-shop.it\/de\/shop\/kleine-elektrogeraete\/kaffeemaschinen-espresso\/automatisch\/sage-the-barista-touch-schwarzer-trueffel\/#primaryimage"},"image":{"@id":"https:\/\/dev6.erresse-shop.it\/de\/shop\/kleine-elektrogeraete\/kaffeemaschinen-espresso\/automatisch\/sage-the-barista-touch-schwarzer-trueffel\/#primaryimage"},"thumbnailUrl":"https:\/\/i3.wp.com\/interpim.erresse-shop.it\/Import\/Prodotti\/sage-the-barista-touch-tartufo-nero.jpg?ssl=1","datePublished":"2026-04-12T07:24:52+00:00","description":"Gro\u00dfartiger Kaffee, genau wie an der Bar, mit \u00e4u\u00dferster Einfachheit. Genie\u00dfen Sie Kaffee der dritten Generation bequem zu Hause, wann immer Sie wollen,","breadcrumb":{"@id":"https:\/\/dev6.erresse-shop.it\/de\/shop\/kleine-elektrogeraete\/kaffeemaschinen-espresso\/automatisch\/sage-the-barista-touch-schwarzer-trueffel\/#breadcrumb"},"inLanguage":"de","potentialAction":[{"@type":"ReadAction","target":["https:\/\/dev6.erresse-shop.it\/de\/shop\/kleine-elektrogeraete\/kaffeemaschinen-espresso\/automatisch\/sage-the-barista-touch-schwarzer-trueffel\/"]}]},{"@type":"ImageObject","inLanguage":"de","@id":"https:\/\/dev6.erresse-shop.it\/de\/shop\/kleine-elektrogeraete\/kaffeemaschinen-espresso\/automatisch\/sage-the-barista-touch-schwarzer-trueffel\/#primaryimage","url":"https:\/\/i3.wp.com\/interpim.erresse-shop.it\/Import\/Prodotti\/sage-the-barista-touch-tartufo-nero.jpg?ssl=1","contentUrl":"https:\/\/i3.wp.com\/interpim.erresse-shop.it\/Import\/Prodotti\/sage-the-barista-touch-tartufo-nero.jpg?ssl=1"},{"@type":"BreadcrumbList","@id":"https:\/\/dev6.erresse-shop.it\/de\/shop\/kleine-elektrogeraete\/kaffeemaschinen-espresso\/automatisch\/sage-the-barista-touch-schwarzer-trueffel\/#breadcrumb","itemListElement":[{"@type":"ListItem","position":1,"name":"Home","item":"https:\/\/dev6.erresse-shop.it\/"},{"@type":"ListItem","position":2,"name":"Shop","item":"https:\/\/dev6.erresse-shop.it\/shop\/"},{"@type":"ListItem","position":3,"name":"SAGE The Barista Touch Schwarzer Tr\u00fcffel"}]},{"@type":"WebSite","@id":"https:\/\/dev6.erresse-shop.it\/#website","url":"https:\/\/dev6.erresse-shop.it\/","name":"Erresse Shop","description":"","publisher":{"@id":"https:\/\/dev6.erresse-shop.it\/#organization"},"potentialAction":[{"@type":"SearchAction","target":{"@type":"EntryPoint","urlTemplate":"https:\/\/dev6.erresse-shop.it\/?s={search_term_string}"},"query-input":{"@type":"PropertyValueSpecification","valueRequired":true,"valueName":"search_term_string"}}],"inLanguage":"de"},{"@type":"Organization","@id":"https:\/\/dev6.erresse-shop.it\/#organization","name":"Erresse Shop","url":"https:\/\/dev6.erresse-shop.it\/","logo":{"@type":"ImageObject","inLanguage":"de","@id":"https:\/\/dev6.erresse-shop.it\/#\/schema\/logo\/image\/","url":"https:\/\/dev6.erresse-shop.it\/wp-content\/uploads\/2025\/01\/LOGO-ERRESSE-CLASSICO.svg","contentUrl":"https:\/\/dev6.erresse-shop.it\/wp-content\/uploads\/2025\/01\/LOGO-ERRESSE-CLASSICO.svg","caption":"Erresse Shop"},"image":{"@id":"https:\/\/dev6.erresse-shop.it\/#\/schema\/logo\/image\/"}}]}},"df_price":999.95,"df_sale_price":999.95,"df_regular_price":1249.9,"df_image_link":"https:\/\/i3.wp.com\/interpim.erresse-shop.it\/Import\/Prodotti\/sage-the-barista-touch-tartufo-nero.jpg?resize=300,300&ssl=1","fifu_image_url":"https:\/\/interpim.erresse-shop.it\/Import\/Prodotti\/sage-the-barista-touch-tartufo-nero.jpg","_links":{"self":[{"href":"https:\/\/dev6.erresse-shop.it\/de\/wp-json\/wp\/v2\/product\/52021","targetHints":{"allow":["GET"]}}],"collection":[{"href":"https:\/\/dev6.erresse-shop.it\/de\/wp-json\/wp\/v2\/product"}],"about":[{"href":"https:\/\/dev6.erresse-shop.it\/de\/wp-json\/wp\/v2\/types\/product"}],"wp:featuredmedia":[{"embeddable":true,"href":"https:\/\/dev6.erresse-shop.it\/de\/wp-json\/wp\/v2\/media\/6360273"}],"wp:attachment":[{"href":"https:\/\/dev6.erresse-shop.it\/de\/wp-json\/wp\/v2\/media?parent=52021"}],"wp:term":[{"taxonomy":"product_cat","embeddable":true,"href":"https:\/\/dev6.erresse-shop.it\/de\/wp-json\/wp\/v2\/product_cat?post=52021"},{"taxonomy":"product_tag","embeddable":true,"href":"https:\/\/dev6.erresse-shop.it\/de\/wp-json\/wp\/v2\/product_tag?post=52021"}],"curies":[{"name":"wp","href":"https:\/\/api.w.org\/{rel}","templated":true}]}}