{"id":52017,"date":"2026-04-10T10:03:35","date_gmt":"2026-04-10T08:03:35","guid":{"rendered":"https:\/\/dev6.erresse-shop.it\/shop\/unkategorisiert\/sage-the-bambino-schwarzer-trueffel\/"},"modified":"2025-07-03T20:36:39","modified_gmt":"2025-07-03T18:36:39","slug":"sage-the-bambino-schwarzer-trueffel","status":"publish","type":"product","link":"https:\/\/dev6.erresse-shop.it\/de\/shop\/kleine-elektrogeraete\/kaffeemaschinen-espresso\/handbuecher\/sage-the-bambino-schwarzer-trueffel\/","title":{"rendered":"SAGE The Bambino Schwarzer Tr\u00fcffel"},"content":{"rendered":"<p>ECHTER ESPRESSO MIT AUTOMATISCHER MILCHAUFSCH\u00c4UMUNG. DER SCHNELLERE WEG F\u00dcR PROFESSIONELLE ERGEBNISSE ZU HAUSE\n<\/p>\n<p>Wenn es um Qualit\u00e4tskaffee geht, geht The Bambino keine Kompromisse ein. Dank des 54-mm-Filtertr\u00e4gers mit einem Fassungsverm\u00f6gen von 18 Gramm und der Milchaufsch\u00e4umung \u00fcber eine leistungsstarke Thermojet-Dampfd\u00fcse bereitet sie exzellenten Kaffee mit einem vollmundigen Aroma zu, ganz wie bei professionellen Maschinen. Mit einer Aufheizzeit von nur 3 Sekunden und einer pr\u00e4zisen Extraktion gelangen Sie schneller als je zuvor von der Bohne zur Tasse. Genau wie in Ihrem Lieblingscaf\u00e9.<\/p>\n<p>SCHNELLERE HEIZUNG<br \/>\nMit dem innovativen ThermoJet\u00ae-Heizsystem erreichen Sie die ideale Absaugtemperatur in nur 3 Sekunden. Kein Warten mehr, um eine tolle Tasse Kaffee zu genie\u00dfen.<\/p>\n<p>18 GRAMM KAFFEE F\u00dcR EIN VOLLMUNDIGES AROMA<br \/>\nDie richtige Menge an Kaffeepulver ist die Basis f\u00fcr einen ausgewogenen Espresso. Der 54-mm-Filterhalter mit seinem Fassungsverm\u00f6gen von 18 Gramm ist der Schl\u00fcssel zu einem schmackhaften und ausgewogenen Kaffee der dritten Generation.<\/p>\n<p>GUTER, VOLLMUNDIGER ESPRESSO<br \/>\nDa das Heizsystem nach der Dampfausgabe automatisch gesp\u00fclt wird, wird der Espresso immer mit der richtigen Temperatur ausgegeben.<\/p>\n<p>Garantie: 2 Jahre<br \/>\nKonstruktionsmaterialien: Edelstahl<br \/>\nFassungsverm\u00f6gen Wassertank: 1,4 l<br \/>\nEinstellungen Bedienfeld: 1 Tasse, 2 Tassen, Warmwasser und Dampf<br \/>\nEinstellbare Temperatur und Milchaufsch\u00e4umstufe<\/p>\n<p>Inklusive Zubeh\u00f6r:<\/p>\n<p>1 und 2 Tassen-Einwandfilter<br \/>\nDoppelwandige Filter f\u00fcr 1 und 2 Tassen<br \/>\nEdelstahl-Milchk\u00e4nnchen 480 ml<br \/>\nAluminium-Filterhalter<br \/>\nKunststoffpresser<br \/>\nZubeh\u00f6r f\u00fcr die Reinigung der Spitze des Dampfrohrs<br \/>\nHalterung f\u00fcr ClaroSwiss-Filter<br \/>\nClaroSwiss Wasserfilter<br \/>\nEntkalkungspulver<br \/>\nReinigungsset<\/p>\n<p>Einige Demonstrationsvideos:<\/p>\n<p>https:\/\/www.youtube.com\/watch?v&#61;2WcUu8vH5R4<br \/>\nhttps:\/\/www.youtube.com\/watch?v&#61;CmNGoS-B8gg<\/p>\n<p>Au\u00dferhalb Europas nicht verf\u00fcgbar<\/p>\n","protected":false},"excerpt":{"rendered":"<p>ECHTER ESPRESSO MIT AUTOMATISCHER MILCHAUFSCH\u00c4UMUNG. DER SCHNELLERE WEG F\u00dcR PROFESSIONELLE ERGEBNISSE ZU HAUSE Wenn es um Qualit\u00e4tskaffee geht, geht The Bambino keine Kompromisse ein. Dank des 54-mm-Filtertr\u00e4gers mit einem Fassungsverm\u00f6gen von 18 Gramm und der Milchaufsch\u00e4umung \u00fcber eine leistungsstarke Thermojet-Dampfd\u00fcse bereitet sie exzellenten Kaffee mit einem vollmundigen Aroma zu, ganz wie bei professionellen Maschinen. Mit [&hellip;]<\/p>\n","protected":false},"featured_media":6318611,"template":"","meta":{"_acf_changed":false},"product_cat":[12198,12171,12163],"product_tag":[],"class_list":{"0":"post-52017","1":"product","2":"type-product","3":"status-publish","4":"has-post-thumbnail","6":"product_cat-handbuecher","7":"product_cat-kaffeemaschinen-espresso","8":"product_cat-kleine-elektrogeraete","10":"first","11":"outofstock","12":"sale","13":"taxable","14":"shipping-taxable","15":"purchasable","16":"product-type-simple","swatches":"rey-swatches","show_selected":"","stretch_labels":"rey-swatches--stretch-labels"},"acf":[],"yoast_head":"<!-- This site is optimized with the Yoast SEO plugin v25.4 - https:\/\/yoast.com\/wordpress\/plugins\/seo\/ -->\n<title>SAGE The Bambino Schwarzer Tr\u00fcffel - dev6 Erresse<\/title>\n<meta name=\"description\" content=\"ECHTER ESPRESSO MIT AUTOMATISCHER MILCHAUFSCH\u00c4UMUNG. DER SCHNELLERE WEG F\u00dcR PROFESSIONELLE ERGEBNISSE ZU HAUSE Wenn es um Qualit\u00e4tskaffee geht, geht The\" \/>\n<meta name=\"robots\" content=\"noindex, follow, max-snippet:-1, max-image-preview:large, max-video-preview:-1\" \/>\n<meta property=\"og:locale\" content=\"de_DE\" \/>\n<meta property=\"og:type\" content=\"article\" \/>\n<meta property=\"og:title\" content=\"SAGE The Bambino Schwarzer Tr\u00fcffel - dev6 Erresse\" \/>\n<meta property=\"og:description\" content=\"ECHTER ESPRESSO MIT AUTOMATISCHER MILCHAUFSCH\u00c4UMUNG. DER SCHNELLERE WEG F\u00dcR PROFESSIONELLE ERGEBNISSE ZU HAUSE Wenn es um Qualit\u00e4tskaffee geht, geht The\" \/>\n<meta property=\"og:url\" content=\"https:\/\/dev6.erresse-shop.it\/de\/shop\/kleine-elektrogeraete\/kaffeemaschinen-espresso\/handbuecher\/sage-the-bambino-schwarzer-trueffel\/\" \/>\n<meta property=\"og:site_name\" content=\"dev6 Erresse\" \/>\n<meta property=\"og:image\" content=\"https:\/\/interpim.erresse-shop.it\/Import\/Prodotti\/sage-the-bambino-tartufo-nero.jpg\" \/><meta property=\"og:image\" content=\"https:\/\/interpim.erresse-shop.it\/Import\/Prodotti\/sage-the-bambino-tartufo-nero.jpg\" \/>\n\t<meta property=\"og:image:width\" content=\"1024\" \/>\n\t<meta property=\"og:image:height\" content=\"1024\" \/>\n\t<meta property=\"og:image:type\" content=\"image\/jpeg\" \/>\n<meta name=\"twitter:card\" content=\"summary_large_image\" \/>\n<meta name=\"twitter:image\" content=\"https:\/\/interpim.erresse-shop.it\/Import\/Prodotti\/sage-the-bambino-tartufo-nero.jpg\" \/>\n<script type=\"application\/ld+json\" class=\"yoast-schema-graph\">{\"@context\":\"https:\/\/schema.org\",\"@graph\":[{\"@type\":\"WebPage\",\"@id\":\"https:\/\/dev6.erresse-shop.it\/de\/shop\/kleine-elektrogeraete\/kaffeemaschinen-espresso\/handbuecher\/sage-the-bambino-schwarzer-trueffel\/\",\"url\":\"https:\/\/dev6.erresse-shop.it\/de\/shop\/kleine-elektrogeraete\/kaffeemaschinen-espresso\/handbuecher\/sage-the-bambino-schwarzer-trueffel\/\",\"name\":\"SAGE The Bambino Schwarzer Tr\u00fcffel - dev6 Erresse\",\"isPartOf\":{\"@id\":\"https:\/\/dev6.erresse-shop.it\/#website\"},\"primaryImageOfPage\":{\"@id\":\"https:\/\/dev6.erresse-shop.it\/de\/shop\/kleine-elektrogeraete\/kaffeemaschinen-espresso\/handbuecher\/sage-the-bambino-schwarzer-trueffel\/#primaryimage\"},\"image\":{\"@id\":\"https:\/\/dev6.erresse-shop.it\/de\/shop\/kleine-elektrogeraete\/kaffeemaschinen-espresso\/handbuecher\/sage-the-bambino-schwarzer-trueffel\/#primaryimage\"},\"thumbnailUrl\":\"https:\/\/i3.wp.com\/interpim.erresse-shop.it\/Import\/Prodotti\/sage-the-bambino-tartufo-nero.jpg?ssl=1\",\"datePublished\":\"2026-04-10T08:03:35+00:00\",\"description\":\"ECHTER ESPRESSO MIT AUTOMATISCHER MILCHAUFSCH\u00c4UMUNG. DER SCHNELLERE WEG F\u00dcR PROFESSIONELLE ERGEBNISSE ZU HAUSE Wenn es um Qualit\u00e4tskaffee geht, geht The\",\"breadcrumb\":{\"@id\":\"https:\/\/dev6.erresse-shop.it\/de\/shop\/kleine-elektrogeraete\/kaffeemaschinen-espresso\/handbuecher\/sage-the-bambino-schwarzer-trueffel\/#breadcrumb\"},\"inLanguage\":\"de\",\"potentialAction\":[{\"@type\":\"ReadAction\",\"target\":[\"https:\/\/dev6.erresse-shop.it\/de\/shop\/kleine-elektrogeraete\/kaffeemaschinen-espresso\/handbuecher\/sage-the-bambino-schwarzer-trueffel\/\"]}]},{\"@type\":\"ImageObject\",\"inLanguage\":\"de\",\"@id\":\"https:\/\/dev6.erresse-shop.it\/de\/shop\/kleine-elektrogeraete\/kaffeemaschinen-espresso\/handbuecher\/sage-the-bambino-schwarzer-trueffel\/#primaryimage\",\"url\":\"https:\/\/i3.wp.com\/interpim.erresse-shop.it\/Import\/Prodotti\/sage-the-bambino-tartufo-nero.jpg?ssl=1\",\"contentUrl\":\"https:\/\/i3.wp.com\/interpim.erresse-shop.it\/Import\/Prodotti\/sage-the-bambino-tartufo-nero.jpg?ssl=1\"},{\"@type\":\"BreadcrumbList\",\"@id\":\"https:\/\/dev6.erresse-shop.it\/de\/shop\/kleine-elektrogeraete\/kaffeemaschinen-espresso\/handbuecher\/sage-the-bambino-schwarzer-trueffel\/#breadcrumb\",\"itemListElement\":[{\"@type\":\"ListItem\",\"position\":1,\"name\":\"Home\",\"item\":\"https:\/\/dev6.erresse-shop.it\/\"},{\"@type\":\"ListItem\",\"position\":2,\"name\":\"Shop\",\"item\":\"https:\/\/dev6.erresse-shop.it\/shop\/\"},{\"@type\":\"ListItem\",\"position\":3,\"name\":\"SAGE The Bambino Schwarzer Tr\u00fcffel\"}]},{\"@type\":\"WebSite\",\"@id\":\"https:\/\/dev6.erresse-shop.it\/#website\",\"url\":\"https:\/\/dev6.erresse-shop.it\/\",\"name\":\"Erresse Shop\",\"description\":\"\",\"publisher\":{\"@id\":\"https:\/\/dev6.erresse-shop.it\/#organization\"},\"potentialAction\":[{\"@type\":\"SearchAction\",\"target\":{\"@type\":\"EntryPoint\",\"urlTemplate\":\"https:\/\/dev6.erresse-shop.it\/?s={search_term_string}\"},\"query-input\":{\"@type\":\"PropertyValueSpecification\",\"valueRequired\":true,\"valueName\":\"search_term_string\"}}],\"inLanguage\":\"de\"},{\"@type\":\"Organization\",\"@id\":\"https:\/\/dev6.erresse-shop.it\/#organization\",\"name\":\"Erresse Shop\",\"url\":\"https:\/\/dev6.erresse-shop.it\/\",\"logo\":{\"@type\":\"ImageObject\",\"inLanguage\":\"de\",\"@id\":\"https:\/\/dev6.erresse-shop.it\/#\/schema\/logo\/image\/\",\"url\":\"https:\/\/dev6.erresse-shop.it\/wp-content\/uploads\/2025\/01\/LOGO-ERRESSE-CLASSICO.svg\",\"contentUrl\":\"https:\/\/dev6.erresse-shop.it\/wp-content\/uploads\/2025\/01\/LOGO-ERRESSE-CLASSICO.svg\",\"caption\":\"Erresse Shop\"},\"image\":{\"@id\":\"https:\/\/dev6.erresse-shop.it\/#\/schema\/logo\/image\/\"}}]}<\/script>\n<!-- \/ Yoast SEO plugin. -->","yoast_head_json":{"title":"SAGE The Bambino Schwarzer Tr\u00fcffel - dev6 Erresse","description":"ECHTER ESPRESSO MIT AUTOMATISCHER MILCHAUFSCH\u00c4UMUNG. DER SCHNELLERE WEG F\u00dcR PROFESSIONELLE ERGEBNISSE ZU HAUSE Wenn es um Qualit\u00e4tskaffee geht, geht The","robots":{"index":"noindex","follow":"follow","max-snippet":"max-snippet:-1","max-image-preview":"max-image-preview:large","max-video-preview":"max-video-preview:-1"},"og_locale":"de_DE","og_type":"article","og_title":"SAGE The Bambino Schwarzer Tr\u00fcffel - dev6 Erresse","og_description":"ECHTER ESPRESSO MIT AUTOMATISCHER MILCHAUFSCH\u00c4UMUNG. DER SCHNELLERE WEG F\u00dcR PROFESSIONELLE ERGEBNISSE ZU HAUSE Wenn es um Qualit\u00e4tskaffee geht, geht The","og_url":"https:\/\/dev6.erresse-shop.it\/de\/shop\/kleine-elektrogeraete\/kaffeemaschinen-espresso\/handbuecher\/sage-the-bambino-schwarzer-trueffel\/","og_site_name":"dev6 Erresse","og_image":[{"url":"https:\/\/interpim.erresse-shop.it\/Import\/Prodotti\/sage-the-bambino-tartufo-nero.jpg","type":"","width":"","height":""},{"url":"https:\/\/interpim.erresse-shop.it\/Import\/Prodotti\/sage-the-bambino-tartufo-nero.jpg","width":1024,"height":1024,"type":"image\/jpeg"}],"twitter_card":"summary_large_image","twitter_image":"https:\/\/interpim.erresse-shop.it\/Import\/Prodotti\/sage-the-bambino-tartufo-nero.jpg","schema":{"@context":"https:\/\/schema.org","@graph":[{"@type":"WebPage","@id":"https:\/\/dev6.erresse-shop.it\/de\/shop\/kleine-elektrogeraete\/kaffeemaschinen-espresso\/handbuecher\/sage-the-bambino-schwarzer-trueffel\/","url":"https:\/\/dev6.erresse-shop.it\/de\/shop\/kleine-elektrogeraete\/kaffeemaschinen-espresso\/handbuecher\/sage-the-bambino-schwarzer-trueffel\/","name":"SAGE The Bambino Schwarzer Tr\u00fcffel - dev6 Erresse","isPartOf":{"@id":"https:\/\/dev6.erresse-shop.it\/#website"},"primaryImageOfPage":{"@id":"https:\/\/dev6.erresse-shop.it\/de\/shop\/kleine-elektrogeraete\/kaffeemaschinen-espresso\/handbuecher\/sage-the-bambino-schwarzer-trueffel\/#primaryimage"},"image":{"@id":"https:\/\/dev6.erresse-shop.it\/de\/shop\/kleine-elektrogeraete\/kaffeemaschinen-espresso\/handbuecher\/sage-the-bambino-schwarzer-trueffel\/#primaryimage"},"thumbnailUrl":"https:\/\/i3.wp.com\/interpim.erresse-shop.it\/Import\/Prodotti\/sage-the-bambino-tartufo-nero.jpg?ssl=1","datePublished":"2026-04-10T08:03:35+00:00","description":"ECHTER ESPRESSO MIT AUTOMATISCHER MILCHAUFSCH\u00c4UMUNG. DER SCHNELLERE WEG F\u00dcR PROFESSIONELLE ERGEBNISSE ZU HAUSE Wenn es um Qualit\u00e4tskaffee geht, geht The","breadcrumb":{"@id":"https:\/\/dev6.erresse-shop.it\/de\/shop\/kleine-elektrogeraete\/kaffeemaschinen-espresso\/handbuecher\/sage-the-bambino-schwarzer-trueffel\/#breadcrumb"},"inLanguage":"de","potentialAction":[{"@type":"ReadAction","target":["https:\/\/dev6.erresse-shop.it\/de\/shop\/kleine-elektrogeraete\/kaffeemaschinen-espresso\/handbuecher\/sage-the-bambino-schwarzer-trueffel\/"]}]},{"@type":"ImageObject","inLanguage":"de","@id":"https:\/\/dev6.erresse-shop.it\/de\/shop\/kleine-elektrogeraete\/kaffeemaschinen-espresso\/handbuecher\/sage-the-bambino-schwarzer-trueffel\/#primaryimage","url":"https:\/\/i3.wp.com\/interpim.erresse-shop.it\/Import\/Prodotti\/sage-the-bambino-tartufo-nero.jpg?ssl=1","contentUrl":"https:\/\/i3.wp.com\/interpim.erresse-shop.it\/Import\/Prodotti\/sage-the-bambino-tartufo-nero.jpg?ssl=1"},{"@type":"BreadcrumbList","@id":"https:\/\/dev6.erresse-shop.it\/de\/shop\/kleine-elektrogeraete\/kaffeemaschinen-espresso\/handbuecher\/sage-the-bambino-schwarzer-trueffel\/#breadcrumb","itemListElement":[{"@type":"ListItem","position":1,"name":"Home","item":"https:\/\/dev6.erresse-shop.it\/"},{"@type":"ListItem","position":2,"name":"Shop","item":"https:\/\/dev6.erresse-shop.it\/shop\/"},{"@type":"ListItem","position":3,"name":"SAGE The Bambino Schwarzer Tr\u00fcffel"}]},{"@type":"WebSite","@id":"https:\/\/dev6.erresse-shop.it\/#website","url":"https:\/\/dev6.erresse-shop.it\/","name":"Erresse Shop","description":"","publisher":{"@id":"https:\/\/dev6.erresse-shop.it\/#organization"},"potentialAction":[{"@type":"SearchAction","target":{"@type":"EntryPoint","urlTemplate":"https:\/\/dev6.erresse-shop.it\/?s={search_term_string}"},"query-input":{"@type":"PropertyValueSpecification","valueRequired":true,"valueName":"search_term_string"}}],"inLanguage":"de"},{"@type":"Organization","@id":"https:\/\/dev6.erresse-shop.it\/#organization","name":"Erresse Shop","url":"https:\/\/dev6.erresse-shop.it\/","logo":{"@type":"ImageObject","inLanguage":"de","@id":"https:\/\/dev6.erresse-shop.it\/#\/schema\/logo\/image\/","url":"https:\/\/dev6.erresse-shop.it\/wp-content\/uploads\/2025\/01\/LOGO-ERRESSE-CLASSICO.svg","contentUrl":"https:\/\/dev6.erresse-shop.it\/wp-content\/uploads\/2025\/01\/LOGO-ERRESSE-CLASSICO.svg","caption":"Erresse Shop"},"image":{"@id":"https:\/\/dev6.erresse-shop.it\/#\/schema\/logo\/image\/"}}]}},"df_price":299.95,"df_sale_price":299.95,"df_regular_price":364.9,"df_image_link":"https:\/\/i3.wp.com\/interpim.erresse-shop.it\/Import\/Prodotti\/sage-the-bambino-tartufo-nero.jpg?resize=300,300&ssl=1","fifu_image_url":"https:\/\/interpim.erresse-shop.it\/Import\/Prodotti\/sage-the-bambino-tartufo-nero.jpg","_links":{"self":[{"href":"https:\/\/dev6.erresse-shop.it\/de\/wp-json\/wp\/v2\/product\/52017","targetHints":{"allow":["GET"]}}],"collection":[{"href":"https:\/\/dev6.erresse-shop.it\/de\/wp-json\/wp\/v2\/product"}],"about":[{"href":"https:\/\/dev6.erresse-shop.it\/de\/wp-json\/wp\/v2\/types\/product"}],"wp:featuredmedia":[{"embeddable":true,"href":"https:\/\/dev6.erresse-shop.it\/de\/wp-json\/wp\/v2\/media\/6318611"}],"wp:attachment":[{"href":"https:\/\/dev6.erresse-shop.it\/de\/wp-json\/wp\/v2\/media?parent=52017"}],"wp:term":[{"taxonomy":"product_cat","embeddable":true,"href":"https:\/\/dev6.erresse-shop.it\/de\/wp-json\/wp\/v2\/product_cat?post=52017"},{"taxonomy":"product_tag","embeddable":true,"href":"https:\/\/dev6.erresse-shop.it\/de\/wp-json\/wp\/v2\/product_tag?post=52017"}],"curies":[{"name":"wp","href":"https:\/\/api.w.org\/{rel}","templated":true}]}}