{"id":51993,"date":"2026-04-12T09:24:52","date_gmt":"2026-04-12T07:24:52","guid":{"rendered":"https:\/\/dev6.erresse-shop.it\/shop\/unkategorisiert\/villeroy-boch-amazonia-steigleitung-27-cm\/"},"modified":"2025-09-14T01:05:11","modified_gmt":"2025-09-13T23:05:11","slug":"villeroy-boch-amazonia-steigleitung-27-cm","status":"publish","type":"product","link":"https:\/\/dev6.erresse-shop.it\/de\/shop\/tisch\/tortenplatten\/villeroy-boch-amazonia-steigleitung-27-cm\/","title":{"rendered":"VILLEROY &#038; BOCH Amazonia Steigleitung 27 cm"},"content":{"rendered":"<p>Wundersch\u00f6n arrangiert auf mehreren Ebenen<br \/>\nPrachtvolle Orchideen, bezaubernde Kolibris und farbenfrohe Schmetterlinge direkt aus dem tropischen Regenwald \u2013 mit der Geschirr- und Geschenkkollektion Amazonia k\u00f6nnen Sie sich auf die Spuren des Entdeckers Alexander von Humboldt begeben. Jedes einzelne St\u00fcck ist ein exklusiver Blickfang aus hochwertigem Bone Porcelain, der zu einer Entdeckungsreise in die wahre Sch\u00f6nheit der Natur einl\u00e4dt. Der Steigb\u00fcgel zum Beispiel pr\u00e4sentiert kleines Geb\u00e4ck oder belegte Br\u00f6tchen auf \u00e4u\u00dferst elegante Weise \u2013 f\u00fcr einen Genuss, der vom Boden bis zum h\u00f6chsten Punkt reicht.<br \/>\nBegeben Sie sich auf eine Entdeckungsreise auf der Suche nach Stil mit floralen Dekoren.<\/p>\n<p>Material: Porzellan bone premium<br \/>\nDurchmesser: 275mm<br \/>\nSp\u00fclmaschinentauglich: ja<br \/>\nGeeignet f\u00fcr die Mikrowelle: nein<\/p>\n","protected":false},"excerpt":{"rendered":"<p>Wundersch\u00f6n arrangiert auf mehreren Ebenen Prachtvolle Orchideen, bezaubernde Kolibris und farbenfrohe Schmetterlinge direkt aus dem tropischen Regenwald \u2013 mit der Geschirr- und Geschenkkollektion Amazonia k\u00f6nnen Sie sich auf die Spuren des Entdeckers Alexander von Humboldt begeben. Jedes einzelne St\u00fcck ist ein exklusiver Blickfang aus hochwertigem Bone Porcelain, der zu einer Entdeckungsreise in die wahre Sch\u00f6nheit [&hellip;]<\/p>\n","protected":false},"featured_media":6360145,"template":"","meta":{"_acf_changed":false},"product_cat":[11671,12103,12125],"product_tag":[],"class_list":{"0":"post-51993","1":"product","2":"type-product","3":"status-publish","4":"has-post-thumbnail","6":"product_cat-tavola","7":"product_cat-tisch","8":"product_cat-tortenplatten","10":"first","11":"outofstock","12":"sale","13":"taxable","14":"shipping-taxable","15":"purchasable","16":"product-type-simple","swatches":"rey-swatches","show_selected":"","stretch_labels":"rey-swatches--stretch-labels"},"acf":[],"yoast_head":"<!-- This site is optimized with the Yoast SEO plugin v25.4 - https:\/\/yoast.com\/wordpress\/plugins\/seo\/ -->\n<title>VILLEROY &#038; BOCH Amazonia Steigleitung 27 cm - dev6 Erresse<\/title>\n<meta name=\"description\" content=\"Wundersch\u00f6n arrangiert auf mehreren Ebenen Prachtvolle Orchideen, bezaubernde Kolibris und farbenfrohe Schmetterlinge direkt aus dem tropischen Regenwald\" \/>\n<meta name=\"robots\" content=\"noindex, follow, max-snippet:-1, max-image-preview:large, max-video-preview:-1\" \/>\n<meta property=\"og:locale\" content=\"de_DE\" \/>\n<meta property=\"og:type\" content=\"article\" \/>\n<meta property=\"og:title\" content=\"VILLEROY &#038; BOCH Amazonia Steigleitung 27 cm - dev6 Erresse\" \/>\n<meta property=\"og:description\" content=\"Wundersch\u00f6n arrangiert auf mehreren Ebenen Prachtvolle Orchideen, bezaubernde Kolibris und farbenfrohe Schmetterlinge direkt aus dem tropischen Regenwald\" \/>\n<meta property=\"og:url\" content=\"https:\/\/dev6.erresse-shop.it\/de\/shop\/tisch\/tortenplatten\/villeroy-boch-amazonia-steigleitung-27-cm\/\" \/>\n<meta property=\"og:site_name\" content=\"dev6 Erresse\" \/>\n<meta property=\"og:image\" content=\"https:\/\/interpim.erresse-shop.it\/Import\/Prodotti\/villeroy-boch-amazonia-alzata-27-cm-1.jpg\" \/><meta property=\"og:image\" content=\"https:\/\/interpim.erresse-shop.it\/Import\/Prodotti\/villeroy-boch-amazonia-alzata-27-cm-1.jpg\" \/>\n\t<meta property=\"og:image:width\" content=\"1024\" \/>\n\t<meta property=\"og:image:height\" content=\"1024\" \/>\n\t<meta property=\"og:image:type\" content=\"image\/jpeg\" \/>\n<meta name=\"twitter:card\" content=\"summary_large_image\" \/>\n<meta name=\"twitter:image\" content=\"https:\/\/interpim.erresse-shop.it\/Import\/Prodotti\/villeroy-boch-amazonia-alzata-27-cm-1.jpg\" \/>\n<script type=\"application\/ld+json\" class=\"yoast-schema-graph\">{\"@context\":\"https:\/\/schema.org\",\"@graph\":[{\"@type\":\"WebPage\",\"@id\":\"https:\/\/dev6.erresse-shop.it\/de\/shop\/tisch\/tortenplatten\/villeroy-boch-amazonia-steigleitung-27-cm\/\",\"url\":\"https:\/\/dev6.erresse-shop.it\/de\/shop\/tisch\/tortenplatten\/villeroy-boch-amazonia-steigleitung-27-cm\/\",\"name\":\"VILLEROY &#038; BOCH Amazonia Steigleitung 27 cm - dev6 Erresse\",\"isPartOf\":{\"@id\":\"https:\/\/dev6.erresse-shop.it\/#website\"},\"primaryImageOfPage\":{\"@id\":\"https:\/\/dev6.erresse-shop.it\/de\/shop\/tisch\/tortenplatten\/villeroy-boch-amazonia-steigleitung-27-cm\/#primaryimage\"},\"image\":{\"@id\":\"https:\/\/dev6.erresse-shop.it\/de\/shop\/tisch\/tortenplatten\/villeroy-boch-amazonia-steigleitung-27-cm\/#primaryimage\"},\"thumbnailUrl\":\"https:\/\/i3.wp.com\/interpim.erresse-shop.it\/Import\/Prodotti\/villeroy-boch-amazonia-alzata-27-cm-1.jpg?ssl=1\",\"datePublished\":\"2026-04-12T07:24:52+00:00\",\"description\":\"Wundersch\u00f6n arrangiert auf mehreren Ebenen Prachtvolle Orchideen, bezaubernde Kolibris und farbenfrohe Schmetterlinge direkt aus dem tropischen Regenwald\",\"breadcrumb\":{\"@id\":\"https:\/\/dev6.erresse-shop.it\/de\/shop\/tisch\/tortenplatten\/villeroy-boch-amazonia-steigleitung-27-cm\/#breadcrumb\"},\"inLanguage\":\"de\",\"potentialAction\":[{\"@type\":\"ReadAction\",\"target\":[\"https:\/\/dev6.erresse-shop.it\/de\/shop\/tisch\/tortenplatten\/villeroy-boch-amazonia-steigleitung-27-cm\/\"]}]},{\"@type\":\"ImageObject\",\"inLanguage\":\"de\",\"@id\":\"https:\/\/dev6.erresse-shop.it\/de\/shop\/tisch\/tortenplatten\/villeroy-boch-amazonia-steigleitung-27-cm\/#primaryimage\",\"url\":\"https:\/\/i3.wp.com\/interpim.erresse-shop.it\/Import\/Prodotti\/villeroy-boch-amazonia-alzata-27-cm-1.jpg?ssl=1\",\"contentUrl\":\"https:\/\/i3.wp.com\/interpim.erresse-shop.it\/Import\/Prodotti\/villeroy-boch-amazonia-alzata-27-cm-1.jpg?ssl=1\"},{\"@type\":\"BreadcrumbList\",\"@id\":\"https:\/\/dev6.erresse-shop.it\/de\/shop\/tisch\/tortenplatten\/villeroy-boch-amazonia-steigleitung-27-cm\/#breadcrumb\",\"itemListElement\":[{\"@type\":\"ListItem\",\"position\":1,\"name\":\"Home\",\"item\":\"https:\/\/dev6.erresse-shop.it\/\"},{\"@type\":\"ListItem\",\"position\":2,\"name\":\"Shop\",\"item\":\"https:\/\/dev6.erresse-shop.it\/shop\/\"},{\"@type\":\"ListItem\",\"position\":3,\"name\":\"VILLEROY &#038; BOCH Amazonia Steigleitung 27 cm\"}]},{\"@type\":\"WebSite\",\"@id\":\"https:\/\/dev6.erresse-shop.it\/#website\",\"url\":\"https:\/\/dev6.erresse-shop.it\/\",\"name\":\"Erresse Shop\",\"description\":\"\",\"publisher\":{\"@id\":\"https:\/\/dev6.erresse-shop.it\/#organization\"},\"potentialAction\":[{\"@type\":\"SearchAction\",\"target\":{\"@type\":\"EntryPoint\",\"urlTemplate\":\"https:\/\/dev6.erresse-shop.it\/?s={search_term_string}\"},\"query-input\":{\"@type\":\"PropertyValueSpecification\",\"valueRequired\":true,\"valueName\":\"search_term_string\"}}],\"inLanguage\":\"de\"},{\"@type\":\"Organization\",\"@id\":\"https:\/\/dev6.erresse-shop.it\/#organization\",\"name\":\"Erresse Shop\",\"url\":\"https:\/\/dev6.erresse-shop.it\/\",\"logo\":{\"@type\":\"ImageObject\",\"inLanguage\":\"de\",\"@id\":\"https:\/\/dev6.erresse-shop.it\/#\/schema\/logo\/image\/\",\"url\":\"https:\/\/dev6.erresse-shop.it\/wp-content\/uploads\/2025\/01\/LOGO-ERRESSE-CLASSICO.svg\",\"contentUrl\":\"https:\/\/dev6.erresse-shop.it\/wp-content\/uploads\/2025\/01\/LOGO-ERRESSE-CLASSICO.svg\",\"caption\":\"Erresse Shop\"},\"image\":{\"@id\":\"https:\/\/dev6.erresse-shop.it\/#\/schema\/logo\/image\/\"}}]}<\/script>\n<!-- \/ Yoast SEO plugin. -->","yoast_head_json":{"title":"VILLEROY &#038; BOCH Amazonia Steigleitung 27 cm - dev6 Erresse","description":"Wundersch\u00f6n arrangiert auf mehreren Ebenen Prachtvolle Orchideen, bezaubernde Kolibris und farbenfrohe Schmetterlinge direkt aus dem tropischen Regenwald","robots":{"index":"noindex","follow":"follow","max-snippet":"max-snippet:-1","max-image-preview":"max-image-preview:large","max-video-preview":"max-video-preview:-1"},"og_locale":"de_DE","og_type":"article","og_title":"VILLEROY &#038; BOCH Amazonia Steigleitung 27 cm - dev6 Erresse","og_description":"Wundersch\u00f6n arrangiert auf mehreren Ebenen Prachtvolle Orchideen, bezaubernde Kolibris und farbenfrohe Schmetterlinge direkt aus dem tropischen Regenwald","og_url":"https:\/\/dev6.erresse-shop.it\/de\/shop\/tisch\/tortenplatten\/villeroy-boch-amazonia-steigleitung-27-cm\/","og_site_name":"dev6 Erresse","og_image":[{"url":"https:\/\/interpim.erresse-shop.it\/Import\/Prodotti\/villeroy-boch-amazonia-alzata-27-cm-1.jpg","type":"","width":"","height":""},{"url":"https:\/\/interpim.erresse-shop.it\/Import\/Prodotti\/villeroy-boch-amazonia-alzata-27-cm-1.jpg","width":1024,"height":1024,"type":"image\/jpeg"}],"twitter_card":"summary_large_image","twitter_image":"https:\/\/interpim.erresse-shop.it\/Import\/Prodotti\/villeroy-boch-amazonia-alzata-27-cm-1.jpg","schema":{"@context":"https:\/\/schema.org","@graph":[{"@type":"WebPage","@id":"https:\/\/dev6.erresse-shop.it\/de\/shop\/tisch\/tortenplatten\/villeroy-boch-amazonia-steigleitung-27-cm\/","url":"https:\/\/dev6.erresse-shop.it\/de\/shop\/tisch\/tortenplatten\/villeroy-boch-amazonia-steigleitung-27-cm\/","name":"VILLEROY &#038; BOCH Amazonia Steigleitung 27 cm - dev6 Erresse","isPartOf":{"@id":"https:\/\/dev6.erresse-shop.it\/#website"},"primaryImageOfPage":{"@id":"https:\/\/dev6.erresse-shop.it\/de\/shop\/tisch\/tortenplatten\/villeroy-boch-amazonia-steigleitung-27-cm\/#primaryimage"},"image":{"@id":"https:\/\/dev6.erresse-shop.it\/de\/shop\/tisch\/tortenplatten\/villeroy-boch-amazonia-steigleitung-27-cm\/#primaryimage"},"thumbnailUrl":"https:\/\/i3.wp.com\/interpim.erresse-shop.it\/Import\/Prodotti\/villeroy-boch-amazonia-alzata-27-cm-1.jpg?ssl=1","datePublished":"2026-04-12T07:24:52+00:00","description":"Wundersch\u00f6n arrangiert auf mehreren Ebenen Prachtvolle Orchideen, bezaubernde Kolibris und farbenfrohe Schmetterlinge direkt aus dem tropischen Regenwald","breadcrumb":{"@id":"https:\/\/dev6.erresse-shop.it\/de\/shop\/tisch\/tortenplatten\/villeroy-boch-amazonia-steigleitung-27-cm\/#breadcrumb"},"inLanguage":"de","potentialAction":[{"@type":"ReadAction","target":["https:\/\/dev6.erresse-shop.it\/de\/shop\/tisch\/tortenplatten\/villeroy-boch-amazonia-steigleitung-27-cm\/"]}]},{"@type":"ImageObject","inLanguage":"de","@id":"https:\/\/dev6.erresse-shop.it\/de\/shop\/tisch\/tortenplatten\/villeroy-boch-amazonia-steigleitung-27-cm\/#primaryimage","url":"https:\/\/i3.wp.com\/interpim.erresse-shop.it\/Import\/Prodotti\/villeroy-boch-amazonia-alzata-27-cm-1.jpg?ssl=1","contentUrl":"https:\/\/i3.wp.com\/interpim.erresse-shop.it\/Import\/Prodotti\/villeroy-boch-amazonia-alzata-27-cm-1.jpg?ssl=1"},{"@type":"BreadcrumbList","@id":"https:\/\/dev6.erresse-shop.it\/de\/shop\/tisch\/tortenplatten\/villeroy-boch-amazonia-steigleitung-27-cm\/#breadcrumb","itemListElement":[{"@type":"ListItem","position":1,"name":"Home","item":"https:\/\/dev6.erresse-shop.it\/"},{"@type":"ListItem","position":2,"name":"Shop","item":"https:\/\/dev6.erresse-shop.it\/shop\/"},{"@type":"ListItem","position":3,"name":"VILLEROY &#038; BOCH Amazonia Steigleitung 27 cm"}]},{"@type":"WebSite","@id":"https:\/\/dev6.erresse-shop.it\/#website","url":"https:\/\/dev6.erresse-shop.it\/","name":"Erresse Shop","description":"","publisher":{"@id":"https:\/\/dev6.erresse-shop.it\/#organization"},"potentialAction":[{"@type":"SearchAction","target":{"@type":"EntryPoint","urlTemplate":"https:\/\/dev6.erresse-shop.it\/?s={search_term_string}"},"query-input":{"@type":"PropertyValueSpecification","valueRequired":true,"valueName":"search_term_string"}}],"inLanguage":"de"},{"@type":"Organization","@id":"https:\/\/dev6.erresse-shop.it\/#organization","name":"Erresse Shop","url":"https:\/\/dev6.erresse-shop.it\/","logo":{"@type":"ImageObject","inLanguage":"de","@id":"https:\/\/dev6.erresse-shop.it\/#\/schema\/logo\/image\/","url":"https:\/\/dev6.erresse-shop.it\/wp-content\/uploads\/2025\/01\/LOGO-ERRESSE-CLASSICO.svg","contentUrl":"https:\/\/dev6.erresse-shop.it\/wp-content\/uploads\/2025\/01\/LOGO-ERRESSE-CLASSICO.svg","caption":"Erresse Shop"},"image":{"@id":"https:\/\/dev6.erresse-shop.it\/#\/schema\/logo\/image\/"}}]}},"df_price":129,"df_sale_price":129,"df_regular_price":169,"df_image_link":"https:\/\/i3.wp.com\/interpim.erresse-shop.it\/Import\/Prodotti\/villeroy-boch-amazonia-alzata-27-cm-1.jpg?resize=300,300&ssl=1","fifu_image_url":"https:\/\/interpim.erresse-shop.it\/Import\/Prodotti\/villeroy-boch-amazonia-alzata-27-cm-1.jpg","_links":{"self":[{"href":"https:\/\/dev6.erresse-shop.it\/de\/wp-json\/wp\/v2\/product\/51993","targetHints":{"allow":["GET"]}}],"collection":[{"href":"https:\/\/dev6.erresse-shop.it\/de\/wp-json\/wp\/v2\/product"}],"about":[{"href":"https:\/\/dev6.erresse-shop.it\/de\/wp-json\/wp\/v2\/types\/product"}],"wp:featuredmedia":[{"embeddable":true,"href":"https:\/\/dev6.erresse-shop.it\/de\/wp-json\/wp\/v2\/media\/6360145"}],"wp:attachment":[{"href":"https:\/\/dev6.erresse-shop.it\/de\/wp-json\/wp\/v2\/media?parent=51993"}],"wp:term":[{"taxonomy":"product_cat","embeddable":true,"href":"https:\/\/dev6.erresse-shop.it\/de\/wp-json\/wp\/v2\/product_cat?post=51993"},{"taxonomy":"product_tag","embeddable":true,"href":"https:\/\/dev6.erresse-shop.it\/de\/wp-json\/wp\/v2\/product_tag?post=51993"}],"curies":[{"name":"wp","href":"https:\/\/api.w.org\/{rel}","templated":true}]}}