{"id":51951,"date":"2026-04-12T09:23:20","date_gmt":"2026-04-12T07:23:20","guid":{"rendered":"https:\/\/dev6.erresse-shop.it\/shop\/unkategorisiert\/villeroy-boch-metro-chic-set-2-rotweinglaeser-240-mm\/"},"modified":"2025-07-03T20:34:45","modified_gmt":"2025-07-03T18:34:45","slug":"villeroy-boch-metro-chic-set-2-rotweinglaeser-240-mm","status":"publish","type":"product","link":"https:\/\/dev6.erresse-shop.it\/de\/shop\/tisch\/weinbar-korkenzieher-dekanter-eiskubel\/weinglaeser\/villeroy-boch-metro-chic-set-2-rotweinglaeser-240-mm\/","title":{"rendered":"VILLEROY &#038; BOCH Metro Chic Set 2 Rotweingl\u00e4ser 240 mm"},"content":{"rendered":"<p>F\u00fcr vollmundige Rotweine<br \/>\nDie neue Glaskollektion MetroChic wurde geschaffen, um h\u00f6chsten Anspr\u00fcchen kompromisslos gerecht zu werden. Durch die gro\u00dfen Kelche und die konische Form kann sich das Bouquet der Aromen optimal entfalten, ohne schnell zu verblassen. Die moderne Form dieser Rotweingl\u00e4ser l\u00e4sst die Aromen edler Weine perfekt zur Geltung kommen. Servieren Sie einen frischen Wei\u00dfwein zu einem leichten Gericht in einem eleganten, modischen Glas.<\/p>\n<p>Material: Kristall<br \/>\nBand: 200ml<br \/>\nSp\u00fclmaschinentauglich: ja<br \/>\nGeeignet f\u00fcr die Mikrowelle: nein<\/p>\n","protected":false},"excerpt":{"rendered":"<p>F\u00fcr vollmundige Rotweine Die neue Glaskollektion MetroChic wurde geschaffen, um h\u00f6chsten Anspr\u00fcchen kompromisslos gerecht zu werden. Durch die gro\u00dfen Kelche und die konische Form kann sich das Bouquet der Aromen optimal entfalten, ohne schnell zu verblassen. Die moderne Form dieser Rotweingl\u00e4ser l\u00e4sst die Aromen edler Weine perfekt zur Geltung kommen. Servieren Sie einen frischen Wei\u00dfwein [&hellip;]<\/p>\n","protected":false},"featured_media":6359966,"template":"","meta":{"_acf_changed":false},"product_cat":[12177,12186],"product_tag":[],"class_list":{"0":"post-51951","1":"product","2":"type-product","3":"status-publish","4":"has-post-thumbnail","6":"product_cat-weinbar-korkenzieher-dekanter-eiskubel","7":"product_cat-weinglaeser","9":"first","10":"outofstock","11":"taxable","12":"shipping-taxable","13":"purchasable","14":"product-type-simple","swatches":"rey-swatches","show_selected":"","stretch_labels":"rey-swatches--stretch-labels"},"acf":[],"yoast_head":"<!-- This site is optimized with the Yoast SEO plugin v25.4 - https:\/\/yoast.com\/wordpress\/plugins\/seo\/ -->\n<title>VILLEROY &#038; BOCH Metro Chic Set 2 Rotweingl\u00e4ser 240 mm - dev6 Erresse<\/title>\n<meta name=\"description\" content=\"F\u00fcr vollmundige Rotweine Die neue Glaskollektion MetroChic wurde geschaffen, um h\u00f6chsten Anspr\u00fcchen kompromisslos gerecht zu werden. Durch die gro\u00dfen\" \/>\n<meta name=\"robots\" content=\"noindex, follow, max-snippet:-1, max-image-preview:large, max-video-preview:-1\" \/>\n<meta property=\"og:locale\" content=\"de_DE\" \/>\n<meta property=\"og:type\" content=\"article\" \/>\n<meta property=\"og:title\" content=\"VILLEROY &#038; BOCH Metro Chic Set 2 Rotweingl\u00e4ser 240 mm - dev6 Erresse\" \/>\n<meta property=\"og:description\" content=\"F\u00fcr vollmundige Rotweine Die neue Glaskollektion MetroChic wurde geschaffen, um h\u00f6chsten Anspr\u00fcchen kompromisslos gerecht zu werden. Durch die gro\u00dfen\" \/>\n<meta property=\"og:url\" content=\"https:\/\/dev6.erresse-shop.it\/de\/shop\/tisch\/weinbar-korkenzieher-dekanter-eiskubel\/weinglaeser\/villeroy-boch-metro-chic-set-2-rotweinglaeser-240-mm\/\" \/>\n<meta property=\"og:site_name\" content=\"dev6 Erresse\" \/>\n<meta property=\"og:image\" content=\"https:\/\/interpim.erresse-shop.it\/Import\/Prodotti\/villeroy-boch-metro-chic-set-2-calici-vino-rosso-240-mm-1.jpg\" \/><meta property=\"og:image\" content=\"https:\/\/interpim.erresse-shop.it\/Import\/Prodotti\/villeroy-boch-metro-chic-set-2-calici-vino-rosso-240-mm-1.jpg\" \/>\n\t<meta property=\"og:image:width\" content=\"1024\" \/>\n\t<meta property=\"og:image:height\" content=\"1024\" \/>\n\t<meta property=\"og:image:type\" content=\"image\/jpeg\" \/>\n<meta name=\"twitter:card\" content=\"summary_large_image\" \/>\n<meta name=\"twitter:image\" content=\"https:\/\/interpim.erresse-shop.it\/Import\/Prodotti\/villeroy-boch-metro-chic-set-2-calici-vino-rosso-240-mm-1.jpg\" \/>\n<script type=\"application\/ld+json\" class=\"yoast-schema-graph\">{\"@context\":\"https:\/\/schema.org\",\"@graph\":[{\"@type\":\"WebPage\",\"@id\":\"https:\/\/dev6.erresse-shop.it\/de\/shop\/tisch\/weinbar-korkenzieher-dekanter-eiskubel\/weinglaeser\/villeroy-boch-metro-chic-set-2-rotweinglaeser-240-mm\/\",\"url\":\"https:\/\/dev6.erresse-shop.it\/de\/shop\/tisch\/weinbar-korkenzieher-dekanter-eiskubel\/weinglaeser\/villeroy-boch-metro-chic-set-2-rotweinglaeser-240-mm\/\",\"name\":\"VILLEROY &#038; BOCH Metro Chic Set 2 Rotweingl\u00e4ser 240 mm - dev6 Erresse\",\"isPartOf\":{\"@id\":\"https:\/\/dev6.erresse-shop.it\/#website\"},\"primaryImageOfPage\":{\"@id\":\"https:\/\/dev6.erresse-shop.it\/de\/shop\/tisch\/weinbar-korkenzieher-dekanter-eiskubel\/weinglaeser\/villeroy-boch-metro-chic-set-2-rotweinglaeser-240-mm\/#primaryimage\"},\"image\":{\"@id\":\"https:\/\/dev6.erresse-shop.it\/de\/shop\/tisch\/weinbar-korkenzieher-dekanter-eiskubel\/weinglaeser\/villeroy-boch-metro-chic-set-2-rotweinglaeser-240-mm\/#primaryimage\"},\"thumbnailUrl\":\"https:\/\/i3.wp.com\/interpim.erresse-shop.it\/Import\/Prodotti\/villeroy-boch-metro-chic-set-2-calici-vino-rosso-240-mm-1.jpg?ssl=1\",\"datePublished\":\"2026-04-12T07:23:20+00:00\",\"description\":\"F\u00fcr vollmundige Rotweine Die neue Glaskollektion MetroChic wurde geschaffen, um h\u00f6chsten Anspr\u00fcchen kompromisslos gerecht zu werden. Durch die gro\u00dfen\",\"breadcrumb\":{\"@id\":\"https:\/\/dev6.erresse-shop.it\/de\/shop\/tisch\/weinbar-korkenzieher-dekanter-eiskubel\/weinglaeser\/villeroy-boch-metro-chic-set-2-rotweinglaeser-240-mm\/#breadcrumb\"},\"inLanguage\":\"de\",\"potentialAction\":[{\"@type\":\"ReadAction\",\"target\":[\"https:\/\/dev6.erresse-shop.it\/de\/shop\/tisch\/weinbar-korkenzieher-dekanter-eiskubel\/weinglaeser\/villeroy-boch-metro-chic-set-2-rotweinglaeser-240-mm\/\"]}]},{\"@type\":\"ImageObject\",\"inLanguage\":\"de\",\"@id\":\"https:\/\/dev6.erresse-shop.it\/de\/shop\/tisch\/weinbar-korkenzieher-dekanter-eiskubel\/weinglaeser\/villeroy-boch-metro-chic-set-2-rotweinglaeser-240-mm\/#primaryimage\",\"url\":\"https:\/\/i3.wp.com\/interpim.erresse-shop.it\/Import\/Prodotti\/villeroy-boch-metro-chic-set-2-calici-vino-rosso-240-mm-1.jpg?ssl=1\",\"contentUrl\":\"https:\/\/i3.wp.com\/interpim.erresse-shop.it\/Import\/Prodotti\/villeroy-boch-metro-chic-set-2-calici-vino-rosso-240-mm-1.jpg?ssl=1\"},{\"@type\":\"BreadcrumbList\",\"@id\":\"https:\/\/dev6.erresse-shop.it\/de\/shop\/tisch\/weinbar-korkenzieher-dekanter-eiskubel\/weinglaeser\/villeroy-boch-metro-chic-set-2-rotweinglaeser-240-mm\/#breadcrumb\",\"itemListElement\":[{\"@type\":\"ListItem\",\"position\":1,\"name\":\"Home\",\"item\":\"https:\/\/dev6.erresse-shop.it\/\"},{\"@type\":\"ListItem\",\"position\":2,\"name\":\"Shop\",\"item\":\"https:\/\/dev6.erresse-shop.it\/shop\/\"},{\"@type\":\"ListItem\",\"position\":3,\"name\":\"VILLEROY &#038; BOCH Metro Chic Set 2 Rotweingl\u00e4ser 240 mm\"}]},{\"@type\":\"WebSite\",\"@id\":\"https:\/\/dev6.erresse-shop.it\/#website\",\"url\":\"https:\/\/dev6.erresse-shop.it\/\",\"name\":\"Erresse Shop\",\"description\":\"\",\"publisher\":{\"@id\":\"https:\/\/dev6.erresse-shop.it\/#organization\"},\"potentialAction\":[{\"@type\":\"SearchAction\",\"target\":{\"@type\":\"EntryPoint\",\"urlTemplate\":\"https:\/\/dev6.erresse-shop.it\/?s={search_term_string}\"},\"query-input\":{\"@type\":\"PropertyValueSpecification\",\"valueRequired\":true,\"valueName\":\"search_term_string\"}}],\"inLanguage\":\"de\"},{\"@type\":\"Organization\",\"@id\":\"https:\/\/dev6.erresse-shop.it\/#organization\",\"name\":\"Erresse Shop\",\"url\":\"https:\/\/dev6.erresse-shop.it\/\",\"logo\":{\"@type\":\"ImageObject\",\"inLanguage\":\"de\",\"@id\":\"https:\/\/dev6.erresse-shop.it\/#\/schema\/logo\/image\/\",\"url\":\"https:\/\/dev6.erresse-shop.it\/wp-content\/uploads\/2025\/01\/LOGO-ERRESSE-CLASSICO.svg\",\"contentUrl\":\"https:\/\/dev6.erresse-shop.it\/wp-content\/uploads\/2025\/01\/LOGO-ERRESSE-CLASSICO.svg\",\"caption\":\"Erresse Shop\"},\"image\":{\"@id\":\"https:\/\/dev6.erresse-shop.it\/#\/schema\/logo\/image\/\"}}]}<\/script>\n<!-- \/ Yoast SEO plugin. -->","yoast_head_json":{"title":"VILLEROY &#038; BOCH Metro Chic Set 2 Rotweingl\u00e4ser 240 mm - dev6 Erresse","description":"F\u00fcr vollmundige Rotweine Die neue Glaskollektion MetroChic wurde geschaffen, um h\u00f6chsten Anspr\u00fcchen kompromisslos gerecht zu werden. Durch die gro\u00dfen","robots":{"index":"noindex","follow":"follow","max-snippet":"max-snippet:-1","max-image-preview":"max-image-preview:large","max-video-preview":"max-video-preview:-1"},"og_locale":"de_DE","og_type":"article","og_title":"VILLEROY &#038; BOCH Metro Chic Set 2 Rotweingl\u00e4ser 240 mm - dev6 Erresse","og_description":"F\u00fcr vollmundige Rotweine Die neue Glaskollektion MetroChic wurde geschaffen, um h\u00f6chsten Anspr\u00fcchen kompromisslos gerecht zu werden. Durch die gro\u00dfen","og_url":"https:\/\/dev6.erresse-shop.it\/de\/shop\/tisch\/weinbar-korkenzieher-dekanter-eiskubel\/weinglaeser\/villeroy-boch-metro-chic-set-2-rotweinglaeser-240-mm\/","og_site_name":"dev6 Erresse","og_image":[{"url":"https:\/\/interpim.erresse-shop.it\/Import\/Prodotti\/villeroy-boch-metro-chic-set-2-calici-vino-rosso-240-mm-1.jpg","type":"","width":"","height":""},{"url":"https:\/\/interpim.erresse-shop.it\/Import\/Prodotti\/villeroy-boch-metro-chic-set-2-calici-vino-rosso-240-mm-1.jpg","width":1024,"height":1024,"type":"image\/jpeg"}],"twitter_card":"summary_large_image","twitter_image":"https:\/\/interpim.erresse-shop.it\/Import\/Prodotti\/villeroy-boch-metro-chic-set-2-calici-vino-rosso-240-mm-1.jpg","schema":{"@context":"https:\/\/schema.org","@graph":[{"@type":"WebPage","@id":"https:\/\/dev6.erresse-shop.it\/de\/shop\/tisch\/weinbar-korkenzieher-dekanter-eiskubel\/weinglaeser\/villeroy-boch-metro-chic-set-2-rotweinglaeser-240-mm\/","url":"https:\/\/dev6.erresse-shop.it\/de\/shop\/tisch\/weinbar-korkenzieher-dekanter-eiskubel\/weinglaeser\/villeroy-boch-metro-chic-set-2-rotweinglaeser-240-mm\/","name":"VILLEROY &#038; BOCH Metro Chic Set 2 Rotweingl\u00e4ser 240 mm - dev6 Erresse","isPartOf":{"@id":"https:\/\/dev6.erresse-shop.it\/#website"},"primaryImageOfPage":{"@id":"https:\/\/dev6.erresse-shop.it\/de\/shop\/tisch\/weinbar-korkenzieher-dekanter-eiskubel\/weinglaeser\/villeroy-boch-metro-chic-set-2-rotweinglaeser-240-mm\/#primaryimage"},"image":{"@id":"https:\/\/dev6.erresse-shop.it\/de\/shop\/tisch\/weinbar-korkenzieher-dekanter-eiskubel\/weinglaeser\/villeroy-boch-metro-chic-set-2-rotweinglaeser-240-mm\/#primaryimage"},"thumbnailUrl":"https:\/\/i3.wp.com\/interpim.erresse-shop.it\/Import\/Prodotti\/villeroy-boch-metro-chic-set-2-calici-vino-rosso-240-mm-1.jpg?ssl=1","datePublished":"2026-04-12T07:23:20+00:00","description":"F\u00fcr vollmundige Rotweine Die neue Glaskollektion MetroChic wurde geschaffen, um h\u00f6chsten Anspr\u00fcchen kompromisslos gerecht zu werden. Durch die gro\u00dfen","breadcrumb":{"@id":"https:\/\/dev6.erresse-shop.it\/de\/shop\/tisch\/weinbar-korkenzieher-dekanter-eiskubel\/weinglaeser\/villeroy-boch-metro-chic-set-2-rotweinglaeser-240-mm\/#breadcrumb"},"inLanguage":"de","potentialAction":[{"@type":"ReadAction","target":["https:\/\/dev6.erresse-shop.it\/de\/shop\/tisch\/weinbar-korkenzieher-dekanter-eiskubel\/weinglaeser\/villeroy-boch-metro-chic-set-2-rotweinglaeser-240-mm\/"]}]},{"@type":"ImageObject","inLanguage":"de","@id":"https:\/\/dev6.erresse-shop.it\/de\/shop\/tisch\/weinbar-korkenzieher-dekanter-eiskubel\/weinglaeser\/villeroy-boch-metro-chic-set-2-rotweinglaeser-240-mm\/#primaryimage","url":"https:\/\/i3.wp.com\/interpim.erresse-shop.it\/Import\/Prodotti\/villeroy-boch-metro-chic-set-2-calici-vino-rosso-240-mm-1.jpg?ssl=1","contentUrl":"https:\/\/i3.wp.com\/interpim.erresse-shop.it\/Import\/Prodotti\/villeroy-boch-metro-chic-set-2-calici-vino-rosso-240-mm-1.jpg?ssl=1"},{"@type":"BreadcrumbList","@id":"https:\/\/dev6.erresse-shop.it\/de\/shop\/tisch\/weinbar-korkenzieher-dekanter-eiskubel\/weinglaeser\/villeroy-boch-metro-chic-set-2-rotweinglaeser-240-mm\/#breadcrumb","itemListElement":[{"@type":"ListItem","position":1,"name":"Home","item":"https:\/\/dev6.erresse-shop.it\/"},{"@type":"ListItem","position":2,"name":"Shop","item":"https:\/\/dev6.erresse-shop.it\/shop\/"},{"@type":"ListItem","position":3,"name":"VILLEROY &#038; BOCH Metro Chic Set 2 Rotweingl\u00e4ser 240 mm"}]},{"@type":"WebSite","@id":"https:\/\/dev6.erresse-shop.it\/#website","url":"https:\/\/dev6.erresse-shop.it\/","name":"Erresse Shop","description":"","publisher":{"@id":"https:\/\/dev6.erresse-shop.it\/#organization"},"potentialAction":[{"@type":"SearchAction","target":{"@type":"EntryPoint","urlTemplate":"https:\/\/dev6.erresse-shop.it\/?s={search_term_string}"},"query-input":{"@type":"PropertyValueSpecification","valueRequired":true,"valueName":"search_term_string"}}],"inLanguage":"de"},{"@type":"Organization","@id":"https:\/\/dev6.erresse-shop.it\/#organization","name":"Erresse Shop","url":"https:\/\/dev6.erresse-shop.it\/","logo":{"@type":"ImageObject","inLanguage":"de","@id":"https:\/\/dev6.erresse-shop.it\/#\/schema\/logo\/image\/","url":"https:\/\/dev6.erresse-shop.it\/wp-content\/uploads\/2025\/01\/LOGO-ERRESSE-CLASSICO.svg","contentUrl":"https:\/\/dev6.erresse-shop.it\/wp-content\/uploads\/2025\/01\/LOGO-ERRESSE-CLASSICO.svg","caption":"Erresse Shop"},"image":{"@id":"https:\/\/dev6.erresse-shop.it\/#\/schema\/logo\/image\/"}}]}},"df_price":59.9,"df_sale_price":"","df_regular_price":59.9,"df_image_link":"https:\/\/i3.wp.com\/interpim.erresse-shop.it\/Import\/Prodotti\/villeroy-boch-metro-chic-set-2-calici-vino-rosso-240-mm-1.jpg?resize=300,300&ssl=1","fifu_image_url":"https:\/\/interpim.erresse-shop.it\/Import\/Prodotti\/villeroy-boch-metro-chic-set-2-calici-vino-rosso-240-mm-1.jpg","_links":{"self":[{"href":"https:\/\/dev6.erresse-shop.it\/de\/wp-json\/wp\/v2\/product\/51951","targetHints":{"allow":["GET"]}}],"collection":[{"href":"https:\/\/dev6.erresse-shop.it\/de\/wp-json\/wp\/v2\/product"}],"about":[{"href":"https:\/\/dev6.erresse-shop.it\/de\/wp-json\/wp\/v2\/types\/product"}],"wp:featuredmedia":[{"embeddable":true,"href":"https:\/\/dev6.erresse-shop.it\/de\/wp-json\/wp\/v2\/media\/6359966"}],"wp:attachment":[{"href":"https:\/\/dev6.erresse-shop.it\/de\/wp-json\/wp\/v2\/media?parent=51951"}],"wp:term":[{"taxonomy":"product_cat","embeddable":true,"href":"https:\/\/dev6.erresse-shop.it\/de\/wp-json\/wp\/v2\/product_cat?post=51951"},{"taxonomy":"product_tag","embeddable":true,"href":"https:\/\/dev6.erresse-shop.it\/de\/wp-json\/wp\/v2\/product_tag?post=51951"}],"curies":[{"name":"wp","href":"https:\/\/api.w.org\/{rel}","templated":true}]}}