{"id":51945,"date":"2026-04-04T09:21:30","date_gmt":"2026-04-04T07:21:30","guid":{"rendered":"https:\/\/dev6.erresse-shop.it\/shop\/unkategorisiert\/villeroy-boch-new-moon-salatschuessel-l\/"},"modified":"2025-09-14T01:04:38","modified_gmt":"2025-09-13T23:04:38","slug":"villeroy-boch-new-moon-salatschuessel-l","status":"publish","type":"product","link":"https:\/\/dev6.erresse-shop.it\/de\/shop\/tisch\/salatschuesseln-und-terrinen\/villeroy-boch-new-moon-salatschuessel-l\/","title":{"rendered":"VILLEROY &#038; BOCH New Moon Salatsch\u00fcssel L"},"content":{"rendered":"<p>Vielseitig, f\u00fcr Beilagen, Desserts und Salate<br \/>\nAusdrucksstark, funktional, puristisch \u2013 mit der Linie NewMoon setzen Sie auf ein einzigartiges Design f\u00fcr den t\u00e4glichen Gebrauch und besondere Anl\u00e4sse. Der markante Rand in Form einer schmalen Mondsichel und die daraus resultierende leichte Asymmetrie spiegeln den klaren Charakter der Kollektion wider. Diese Salatsch\u00fcssel ist f\u00fcr viele Gelegenheiten geeignet und macht einen hervorragenden Eindruck. Entdecken Sie Porzellan, das von der Sch\u00f6nheit des Mondes inspiriert ist.<\/p>\n<p>Material: Porzellan<br \/>\nDurchmesser: 284ml<br \/>\nSp\u00fclmaschinentauglich: ja<br \/>\nGeeignet f\u00fcr die Mikrowelle: ja<\/p>\n","protected":false},"excerpt":{"rendered":"<p>Vielseitig, f\u00fcr Beilagen, Desserts und Salate Ausdrucksstark, funktional, puristisch \u2013 mit der Linie NewMoon setzen Sie auf ein einzigartiges Design f\u00fcr den t\u00e4glichen Gebrauch und besondere Anl\u00e4sse. Der markante Rand in Form einer schmalen Mondsichel und die daraus resultierende leichte Asymmetrie spiegeln den klaren Charakter der Kollektion wider. Diese Salatsch\u00fcssel ist f\u00fcr viele Gelegenheiten geeignet [&hellip;]<\/p>\n","protected":false},"featured_media":6276662,"template":"","meta":{"_acf_changed":false},"product_cat":[12124,11671,12103],"product_tag":[],"class_list":{"0":"post-51945","1":"product","2":"type-product","3":"status-publish","4":"has-post-thumbnail","6":"product_cat-salatschuesseln-und-terrinen","7":"product_cat-tavola","8":"product_cat-tisch","10":"first","11":"outofstock","12":"taxable","13":"shipping-taxable","14":"purchasable","15":"product-type-simple","swatches":"rey-swatches","show_selected":"","stretch_labels":"rey-swatches--stretch-labels"},"acf":[],"yoast_head":"<!-- This site is optimized with the Yoast SEO plugin v25.4 - https:\/\/yoast.com\/wordpress\/plugins\/seo\/ -->\n<title>VILLEROY &#038; BOCH New Moon Salatsch\u00fcssel L - dev6 Erresse<\/title>\n<meta name=\"description\" content=\"Vielseitig, f\u00fcr Beilagen, Desserts und Salate Ausdrucksstark, funktional, puristisch \u2013 mit der Linie NewMoon setzen Sie auf ein einzigartiges Design f\u00fcr\" \/>\n<meta name=\"robots\" content=\"noindex, follow, max-snippet:-1, max-image-preview:large, max-video-preview:-1\" \/>\n<meta property=\"og:locale\" content=\"de_DE\" \/>\n<meta property=\"og:type\" content=\"article\" \/>\n<meta property=\"og:title\" content=\"VILLEROY &#038; BOCH New Moon Salatsch\u00fcssel L - dev6 Erresse\" \/>\n<meta property=\"og:description\" content=\"Vielseitig, f\u00fcr Beilagen, Desserts und Salate Ausdrucksstark, funktional, puristisch \u2013 mit der Linie NewMoon setzen Sie auf ein einzigartiges Design f\u00fcr\" \/>\n<meta property=\"og:url\" content=\"https:\/\/dev6.erresse-shop.it\/de\/shop\/tisch\/salatschuesseln-und-terrinen\/villeroy-boch-new-moon-salatschuessel-l\/\" \/>\n<meta property=\"og:site_name\" content=\"dev6 Erresse\" \/>\n<meta property=\"og:image\" content=\"https:\/\/interpim.erresse-shop.it\/Import\/Prodotti\/villeroy-boch-new-moon-insalatiera-l-2-1.jpg\" \/><meta property=\"og:image\" content=\"https:\/\/interpim.erresse-shop.it\/Import\/Prodotti\/villeroy-boch-new-moon-insalatiera-l-2-1.jpg\" \/>\n\t<meta property=\"og:image:width\" content=\"1024\" \/>\n\t<meta property=\"og:image:height\" content=\"1024\" \/>\n\t<meta property=\"og:image:type\" content=\"image\/jpeg\" \/>\n<meta name=\"twitter:card\" content=\"summary_large_image\" \/>\n<meta name=\"twitter:image\" content=\"https:\/\/interpim.erresse-shop.it\/Import\/Prodotti\/villeroy-boch-new-moon-insalatiera-l-2-1.jpg\" \/>\n<script type=\"application\/ld+json\" class=\"yoast-schema-graph\">{\"@context\":\"https:\/\/schema.org\",\"@graph\":[{\"@type\":\"WebPage\",\"@id\":\"https:\/\/dev6.erresse-shop.it\/de\/shop\/tisch\/salatschuesseln-und-terrinen\/villeroy-boch-new-moon-salatschuessel-l\/\",\"url\":\"https:\/\/dev6.erresse-shop.it\/de\/shop\/tisch\/salatschuesseln-und-terrinen\/villeroy-boch-new-moon-salatschuessel-l\/\",\"name\":\"VILLEROY &#038; BOCH New Moon Salatsch\u00fcssel L - dev6 Erresse\",\"isPartOf\":{\"@id\":\"https:\/\/dev6.erresse-shop.it\/#website\"},\"primaryImageOfPage\":{\"@id\":\"https:\/\/dev6.erresse-shop.it\/de\/shop\/tisch\/salatschuesseln-und-terrinen\/villeroy-boch-new-moon-salatschuessel-l\/#primaryimage\"},\"image\":{\"@id\":\"https:\/\/dev6.erresse-shop.it\/de\/shop\/tisch\/salatschuesseln-und-terrinen\/villeroy-boch-new-moon-salatschuessel-l\/#primaryimage\"},\"thumbnailUrl\":\"https:\/\/i3.wp.com\/interpim.erresse-shop.it\/Import\/Prodotti\/villeroy-boch-new-moon-insalatiera-l-2-1.jpg?ssl=1\",\"datePublished\":\"2026-04-04T07:21:30+00:00\",\"description\":\"Vielseitig, f\u00fcr Beilagen, Desserts und Salate Ausdrucksstark, funktional, puristisch \u2013 mit der Linie NewMoon setzen Sie auf ein einzigartiges Design f\u00fcr\",\"breadcrumb\":{\"@id\":\"https:\/\/dev6.erresse-shop.it\/de\/shop\/tisch\/salatschuesseln-und-terrinen\/villeroy-boch-new-moon-salatschuessel-l\/#breadcrumb\"},\"inLanguage\":\"de\",\"potentialAction\":[{\"@type\":\"ReadAction\",\"target\":[\"https:\/\/dev6.erresse-shop.it\/de\/shop\/tisch\/salatschuesseln-und-terrinen\/villeroy-boch-new-moon-salatschuessel-l\/\"]}]},{\"@type\":\"ImageObject\",\"inLanguage\":\"de\",\"@id\":\"https:\/\/dev6.erresse-shop.it\/de\/shop\/tisch\/salatschuesseln-und-terrinen\/villeroy-boch-new-moon-salatschuessel-l\/#primaryimage\",\"url\":\"https:\/\/i3.wp.com\/interpim.erresse-shop.it\/Import\/Prodotti\/villeroy-boch-new-moon-insalatiera-l-2-1.jpg?ssl=1\",\"contentUrl\":\"https:\/\/i3.wp.com\/interpim.erresse-shop.it\/Import\/Prodotti\/villeroy-boch-new-moon-insalatiera-l-2-1.jpg?ssl=1\"},{\"@type\":\"BreadcrumbList\",\"@id\":\"https:\/\/dev6.erresse-shop.it\/de\/shop\/tisch\/salatschuesseln-und-terrinen\/villeroy-boch-new-moon-salatschuessel-l\/#breadcrumb\",\"itemListElement\":[{\"@type\":\"ListItem\",\"position\":1,\"name\":\"Home\",\"item\":\"https:\/\/dev6.erresse-shop.it\/\"},{\"@type\":\"ListItem\",\"position\":2,\"name\":\"Shop\",\"item\":\"https:\/\/dev6.erresse-shop.it\/shop\/\"},{\"@type\":\"ListItem\",\"position\":3,\"name\":\"VILLEROY &#038; BOCH New Moon Salatsch\u00fcssel L\"}]},{\"@type\":\"WebSite\",\"@id\":\"https:\/\/dev6.erresse-shop.it\/#website\",\"url\":\"https:\/\/dev6.erresse-shop.it\/\",\"name\":\"Erresse Shop\",\"description\":\"\",\"publisher\":{\"@id\":\"https:\/\/dev6.erresse-shop.it\/#organization\"},\"potentialAction\":[{\"@type\":\"SearchAction\",\"target\":{\"@type\":\"EntryPoint\",\"urlTemplate\":\"https:\/\/dev6.erresse-shop.it\/?s={search_term_string}\"},\"query-input\":{\"@type\":\"PropertyValueSpecification\",\"valueRequired\":true,\"valueName\":\"search_term_string\"}}],\"inLanguage\":\"de\"},{\"@type\":\"Organization\",\"@id\":\"https:\/\/dev6.erresse-shop.it\/#organization\",\"name\":\"Erresse Shop\",\"url\":\"https:\/\/dev6.erresse-shop.it\/\",\"logo\":{\"@type\":\"ImageObject\",\"inLanguage\":\"de\",\"@id\":\"https:\/\/dev6.erresse-shop.it\/#\/schema\/logo\/image\/\",\"url\":\"https:\/\/dev6.erresse-shop.it\/wp-content\/uploads\/2025\/01\/LOGO-ERRESSE-CLASSICO.svg\",\"contentUrl\":\"https:\/\/dev6.erresse-shop.it\/wp-content\/uploads\/2025\/01\/LOGO-ERRESSE-CLASSICO.svg\",\"caption\":\"Erresse Shop\"},\"image\":{\"@id\":\"https:\/\/dev6.erresse-shop.it\/#\/schema\/logo\/image\/\"}}]}<\/script>\n<!-- \/ Yoast SEO plugin. -->","yoast_head_json":{"title":"VILLEROY &#038; BOCH New Moon Salatsch\u00fcssel L - dev6 Erresse","description":"Vielseitig, f\u00fcr Beilagen, Desserts und Salate Ausdrucksstark, funktional, puristisch \u2013 mit der Linie NewMoon setzen Sie auf ein einzigartiges Design f\u00fcr","robots":{"index":"noindex","follow":"follow","max-snippet":"max-snippet:-1","max-image-preview":"max-image-preview:large","max-video-preview":"max-video-preview:-1"},"og_locale":"de_DE","og_type":"article","og_title":"VILLEROY &#038; BOCH New Moon Salatsch\u00fcssel L - dev6 Erresse","og_description":"Vielseitig, f\u00fcr Beilagen, Desserts und Salate Ausdrucksstark, funktional, puristisch \u2013 mit der Linie NewMoon setzen Sie auf ein einzigartiges Design f\u00fcr","og_url":"https:\/\/dev6.erresse-shop.it\/de\/shop\/tisch\/salatschuesseln-und-terrinen\/villeroy-boch-new-moon-salatschuessel-l\/","og_site_name":"dev6 Erresse","og_image":[{"url":"https:\/\/interpim.erresse-shop.it\/Import\/Prodotti\/villeroy-boch-new-moon-insalatiera-l-2-1.jpg","type":"","width":"","height":""},{"url":"https:\/\/interpim.erresse-shop.it\/Import\/Prodotti\/villeroy-boch-new-moon-insalatiera-l-2-1.jpg","width":1024,"height":1024,"type":"image\/jpeg"}],"twitter_card":"summary_large_image","twitter_image":"https:\/\/interpim.erresse-shop.it\/Import\/Prodotti\/villeroy-boch-new-moon-insalatiera-l-2-1.jpg","schema":{"@context":"https:\/\/schema.org","@graph":[{"@type":"WebPage","@id":"https:\/\/dev6.erresse-shop.it\/de\/shop\/tisch\/salatschuesseln-und-terrinen\/villeroy-boch-new-moon-salatschuessel-l\/","url":"https:\/\/dev6.erresse-shop.it\/de\/shop\/tisch\/salatschuesseln-und-terrinen\/villeroy-boch-new-moon-salatschuessel-l\/","name":"VILLEROY &#038; BOCH New Moon Salatsch\u00fcssel L - dev6 Erresse","isPartOf":{"@id":"https:\/\/dev6.erresse-shop.it\/#website"},"primaryImageOfPage":{"@id":"https:\/\/dev6.erresse-shop.it\/de\/shop\/tisch\/salatschuesseln-und-terrinen\/villeroy-boch-new-moon-salatschuessel-l\/#primaryimage"},"image":{"@id":"https:\/\/dev6.erresse-shop.it\/de\/shop\/tisch\/salatschuesseln-und-terrinen\/villeroy-boch-new-moon-salatschuessel-l\/#primaryimage"},"thumbnailUrl":"https:\/\/i3.wp.com\/interpim.erresse-shop.it\/Import\/Prodotti\/villeroy-boch-new-moon-insalatiera-l-2-1.jpg?ssl=1","datePublished":"2026-04-04T07:21:30+00:00","description":"Vielseitig, f\u00fcr Beilagen, Desserts und Salate Ausdrucksstark, funktional, puristisch \u2013 mit der Linie NewMoon setzen Sie auf ein einzigartiges Design f\u00fcr","breadcrumb":{"@id":"https:\/\/dev6.erresse-shop.it\/de\/shop\/tisch\/salatschuesseln-und-terrinen\/villeroy-boch-new-moon-salatschuessel-l\/#breadcrumb"},"inLanguage":"de","potentialAction":[{"@type":"ReadAction","target":["https:\/\/dev6.erresse-shop.it\/de\/shop\/tisch\/salatschuesseln-und-terrinen\/villeroy-boch-new-moon-salatschuessel-l\/"]}]},{"@type":"ImageObject","inLanguage":"de","@id":"https:\/\/dev6.erresse-shop.it\/de\/shop\/tisch\/salatschuesseln-und-terrinen\/villeroy-boch-new-moon-salatschuessel-l\/#primaryimage","url":"https:\/\/i3.wp.com\/interpim.erresse-shop.it\/Import\/Prodotti\/villeroy-boch-new-moon-insalatiera-l-2-1.jpg?ssl=1","contentUrl":"https:\/\/i3.wp.com\/interpim.erresse-shop.it\/Import\/Prodotti\/villeroy-boch-new-moon-insalatiera-l-2-1.jpg?ssl=1"},{"@type":"BreadcrumbList","@id":"https:\/\/dev6.erresse-shop.it\/de\/shop\/tisch\/salatschuesseln-und-terrinen\/villeroy-boch-new-moon-salatschuessel-l\/#breadcrumb","itemListElement":[{"@type":"ListItem","position":1,"name":"Home","item":"https:\/\/dev6.erresse-shop.it\/"},{"@type":"ListItem","position":2,"name":"Shop","item":"https:\/\/dev6.erresse-shop.it\/shop\/"},{"@type":"ListItem","position":3,"name":"VILLEROY &#038; BOCH New Moon Salatsch\u00fcssel L"}]},{"@type":"WebSite","@id":"https:\/\/dev6.erresse-shop.it\/#website","url":"https:\/\/dev6.erresse-shop.it\/","name":"Erresse Shop","description":"","publisher":{"@id":"https:\/\/dev6.erresse-shop.it\/#organization"},"potentialAction":[{"@type":"SearchAction","target":{"@type":"EntryPoint","urlTemplate":"https:\/\/dev6.erresse-shop.it\/?s={search_term_string}"},"query-input":{"@type":"PropertyValueSpecification","valueRequired":true,"valueName":"search_term_string"}}],"inLanguage":"de"},{"@type":"Organization","@id":"https:\/\/dev6.erresse-shop.it\/#organization","name":"Erresse Shop","url":"https:\/\/dev6.erresse-shop.it\/","logo":{"@type":"ImageObject","inLanguage":"de","@id":"https:\/\/dev6.erresse-shop.it\/#\/schema\/logo\/image\/","url":"https:\/\/dev6.erresse-shop.it\/wp-content\/uploads\/2025\/01\/LOGO-ERRESSE-CLASSICO.svg","contentUrl":"https:\/\/dev6.erresse-shop.it\/wp-content\/uploads\/2025\/01\/LOGO-ERRESSE-CLASSICO.svg","caption":"Erresse Shop"},"image":{"@id":"https:\/\/dev6.erresse-shop.it\/#\/schema\/logo\/image\/"}}]}},"df_price":47.9,"df_sale_price":"","df_regular_price":47.9,"df_image_link":"https:\/\/i3.wp.com\/interpim.erresse-shop.it\/Import\/Prodotti\/villeroy-boch-new-moon-insalatiera-l-2-1.jpg?resize=300,300&ssl=1","fifu_image_url":"https:\/\/interpim.erresse-shop.it\/Import\/Prodotti\/villeroy-boch-new-moon-insalatiera-l-2-1.jpg","_links":{"self":[{"href":"https:\/\/dev6.erresse-shop.it\/de\/wp-json\/wp\/v2\/product\/51945","targetHints":{"allow":["GET"]}}],"collection":[{"href":"https:\/\/dev6.erresse-shop.it\/de\/wp-json\/wp\/v2\/product"}],"about":[{"href":"https:\/\/dev6.erresse-shop.it\/de\/wp-json\/wp\/v2\/types\/product"}],"wp:featuredmedia":[{"embeddable":true,"href":"https:\/\/dev6.erresse-shop.it\/de\/wp-json\/wp\/v2\/media\/6276662"}],"wp:attachment":[{"href":"https:\/\/dev6.erresse-shop.it\/de\/wp-json\/wp\/v2\/media?parent=51945"}],"wp:term":[{"taxonomy":"product_cat","embeddable":true,"href":"https:\/\/dev6.erresse-shop.it\/de\/wp-json\/wp\/v2\/product_cat?post=51945"},{"taxonomy":"product_tag","embeddable":true,"href":"https:\/\/dev6.erresse-shop.it\/de\/wp-json\/wp\/v2\/product_tag?post=51945"}],"curies":[{"name":"wp","href":"https:\/\/api.w.org\/{rel}","templated":true}]}}