{"id":51929,"date":"2026-04-10T10:00:41","date_gmt":"2026-04-10T08:00:41","guid":{"rendered":"https:\/\/dev6.erresse-shop.it\/shop\/unkategorisiert\/villeroy-boch-rock-set-4-weissweinglaesern-380-ml\/"},"modified":"2025-09-14T01:04:21","modified_gmt":"2025-09-13T23:04:21","slug":"villeroy-boch-rock-set-4-weissweinglaesern-380-ml","status":"publish","type":"product","link":"https:\/\/dev6.erresse-shop.it\/de\/shop\/tisch\/weinbar-korkenzieher-dekanter-eiskubel\/weinglaeser\/villeroy-boch-rock-set-4-weissweinglaesern-380-ml\/","title":{"rendered":"VILLEROY &#038; BOCH Rock Set 4 Wei\u00dfweingl\u00e4sern 380 ml"},"content":{"rendered":"<p>Elegantes Wei\u00dfweinglas<br \/>\nDie Gl\u00e4ser mit schwarzem Stiel und Boden passen perfekt zum Porzellan der Manufaktur Rock und verleihen der Tafel einen eleganten Look. Mit ihrem Fassungsverm\u00f6gen von 380 ml sind die 4 Gl\u00e4ser ideal f\u00fcr Wei\u00dfweine und erg\u00e4nzen harmonisch die Tischdekoration. Schaffen Sie ganz besondere Dinner-Momente.<\/p>\n<p>Material: Kristall<br \/>\nDurchmesser: 90mm<br \/>\nBand: 380ml<br \/>\nSp\u00fclmaschinentauglich: nein<br \/>\nGeeignet f\u00fcr die Mikrowelle: nein<\/p>\n","protected":false},"excerpt":{"rendered":"<p>Elegantes Wei\u00dfweinglas Die Gl\u00e4ser mit schwarzem Stiel und Boden passen perfekt zum Porzellan der Manufaktur Rock und verleihen der Tafel einen eleganten Look. Mit ihrem Fassungsverm\u00f6gen von 380 ml sind die 4 Gl\u00e4ser ideal f\u00fcr Wei\u00dfweine und erg\u00e4nzen harmonisch die Tischdekoration. Schaffen Sie ganz besondere Dinner-Momente. Material: Kristall Durchmesser: 90mm Band: 380ml Sp\u00fclmaschinentauglich: nein Geeignet [&hellip;]<\/p>\n","protected":false},"featured_media":6318198,"template":"","meta":{"_acf_changed":false},"product_cat":[12177,12186],"product_tag":[],"class_list":{"0":"post-51929","1":"product","2":"type-product","3":"status-publish","4":"has-post-thumbnail","6":"product_cat-weinbar-korkenzieher-dekanter-eiskubel","7":"product_cat-weinglaeser","9":"first","10":"outofstock","11":"taxable","12":"shipping-taxable","13":"purchasable","14":"product-type-simple","swatches":"rey-swatches","show_selected":"","stretch_labels":"rey-swatches--stretch-labels"},"acf":[],"yoast_head":"<!-- This site is optimized with the Yoast SEO plugin v25.4 - https:\/\/yoast.com\/wordpress\/plugins\/seo\/ -->\n<title>VILLEROY &#038; BOCH Rock Set 4 Wei\u00dfweingl\u00e4sern 380 ml - dev6 Erresse<\/title>\n<meta name=\"description\" content=\"Elegantes Wei\u00dfweinglas Die Gl\u00e4ser mit schwarzem Stiel und Boden passen perfekt zum Porzellan der Manufaktur Rock und verleihen der Tafel einen eleganten\" \/>\n<meta name=\"robots\" content=\"noindex, follow, max-snippet:-1, max-image-preview:large, max-video-preview:-1\" \/>\n<meta property=\"og:locale\" content=\"de_DE\" \/>\n<meta property=\"og:type\" content=\"article\" \/>\n<meta property=\"og:title\" content=\"VILLEROY &#038; BOCH Rock Set 4 Wei\u00dfweingl\u00e4sern 380 ml - dev6 Erresse\" \/>\n<meta property=\"og:description\" content=\"Elegantes Wei\u00dfweinglas Die Gl\u00e4ser mit schwarzem Stiel und Boden passen perfekt zum Porzellan der Manufaktur Rock und verleihen der Tafel einen eleganten\" \/>\n<meta property=\"og:url\" content=\"https:\/\/dev6.erresse-shop.it\/de\/shop\/tisch\/weinbar-korkenzieher-dekanter-eiskubel\/weinglaeser\/villeroy-boch-rock-set-4-weissweinglaesern-380-ml\/\" \/>\n<meta property=\"og:site_name\" content=\"dev6 Erresse\" \/>\n<meta property=\"og:image\" content=\"https:\/\/interpim.erresse-shop.it\/Import\/Prodotti\/villeroy-boch-rock-set-4-bicchieri-vino-bianco-380-ml.jpg\" \/><meta property=\"og:image\" content=\"https:\/\/interpim.erresse-shop.it\/Import\/Prodotti\/villeroy-boch-rock-set-4-bicchieri-vino-bianco-380-ml.jpg\" \/>\n\t<meta property=\"og:image:width\" content=\"1024\" \/>\n\t<meta property=\"og:image:height\" content=\"1024\" \/>\n\t<meta property=\"og:image:type\" content=\"image\/jpeg\" \/>\n<meta name=\"twitter:card\" content=\"summary_large_image\" \/>\n<meta name=\"twitter:image\" content=\"https:\/\/interpim.erresse-shop.it\/Import\/Prodotti\/villeroy-boch-rock-set-4-bicchieri-vino-bianco-380-ml.jpg\" \/>\n<script type=\"application\/ld+json\" class=\"yoast-schema-graph\">{\"@context\":\"https:\/\/schema.org\",\"@graph\":[{\"@type\":\"WebPage\",\"@id\":\"https:\/\/dev6.erresse-shop.it\/de\/shop\/tisch\/weinbar-korkenzieher-dekanter-eiskubel\/weinglaeser\/villeroy-boch-rock-set-4-weissweinglaesern-380-ml\/\",\"url\":\"https:\/\/dev6.erresse-shop.it\/de\/shop\/tisch\/weinbar-korkenzieher-dekanter-eiskubel\/weinglaeser\/villeroy-boch-rock-set-4-weissweinglaesern-380-ml\/\",\"name\":\"VILLEROY &#038; BOCH Rock Set 4 Wei\u00dfweingl\u00e4sern 380 ml - dev6 Erresse\",\"isPartOf\":{\"@id\":\"https:\/\/dev6.erresse-shop.it\/#website\"},\"primaryImageOfPage\":{\"@id\":\"https:\/\/dev6.erresse-shop.it\/de\/shop\/tisch\/weinbar-korkenzieher-dekanter-eiskubel\/weinglaeser\/villeroy-boch-rock-set-4-weissweinglaesern-380-ml\/#primaryimage\"},\"image\":{\"@id\":\"https:\/\/dev6.erresse-shop.it\/de\/shop\/tisch\/weinbar-korkenzieher-dekanter-eiskubel\/weinglaeser\/villeroy-boch-rock-set-4-weissweinglaesern-380-ml\/#primaryimage\"},\"thumbnailUrl\":\"https:\/\/i0.wp.com\/interpim.erresse-shop.it\/Import\/Prodotti\/villeroy-boch-rock-set-4-bicchieri-vino-bianco-380-ml.jpg?ssl=1\",\"datePublished\":\"2026-04-10T08:00:41+00:00\",\"description\":\"Elegantes Wei\u00dfweinglas Die Gl\u00e4ser mit schwarzem Stiel und Boden passen perfekt zum Porzellan der Manufaktur Rock und verleihen der Tafel einen eleganten\",\"breadcrumb\":{\"@id\":\"https:\/\/dev6.erresse-shop.it\/de\/shop\/tisch\/weinbar-korkenzieher-dekanter-eiskubel\/weinglaeser\/villeroy-boch-rock-set-4-weissweinglaesern-380-ml\/#breadcrumb\"},\"inLanguage\":\"de\",\"potentialAction\":[{\"@type\":\"ReadAction\",\"target\":[\"https:\/\/dev6.erresse-shop.it\/de\/shop\/tisch\/weinbar-korkenzieher-dekanter-eiskubel\/weinglaeser\/villeroy-boch-rock-set-4-weissweinglaesern-380-ml\/\"]}]},{\"@type\":\"ImageObject\",\"inLanguage\":\"de\",\"@id\":\"https:\/\/dev6.erresse-shop.it\/de\/shop\/tisch\/weinbar-korkenzieher-dekanter-eiskubel\/weinglaeser\/villeroy-boch-rock-set-4-weissweinglaesern-380-ml\/#primaryimage\",\"url\":\"https:\/\/i0.wp.com\/interpim.erresse-shop.it\/Import\/Prodotti\/villeroy-boch-rock-set-4-bicchieri-vino-bianco-380-ml.jpg?ssl=1\",\"contentUrl\":\"https:\/\/i0.wp.com\/interpim.erresse-shop.it\/Import\/Prodotti\/villeroy-boch-rock-set-4-bicchieri-vino-bianco-380-ml.jpg?ssl=1\"},{\"@type\":\"BreadcrumbList\",\"@id\":\"https:\/\/dev6.erresse-shop.it\/de\/shop\/tisch\/weinbar-korkenzieher-dekanter-eiskubel\/weinglaeser\/villeroy-boch-rock-set-4-weissweinglaesern-380-ml\/#breadcrumb\",\"itemListElement\":[{\"@type\":\"ListItem\",\"position\":1,\"name\":\"Home\",\"item\":\"https:\/\/dev6.erresse-shop.it\/\"},{\"@type\":\"ListItem\",\"position\":2,\"name\":\"Shop\",\"item\":\"https:\/\/dev6.erresse-shop.it\/shop\/\"},{\"@type\":\"ListItem\",\"position\":3,\"name\":\"VILLEROY &#038; BOCH Rock Set 4 Wei\u00dfweingl\u00e4sern 380 ml\"}]},{\"@type\":\"WebSite\",\"@id\":\"https:\/\/dev6.erresse-shop.it\/#website\",\"url\":\"https:\/\/dev6.erresse-shop.it\/\",\"name\":\"Erresse Shop\",\"description\":\"\",\"publisher\":{\"@id\":\"https:\/\/dev6.erresse-shop.it\/#organization\"},\"potentialAction\":[{\"@type\":\"SearchAction\",\"target\":{\"@type\":\"EntryPoint\",\"urlTemplate\":\"https:\/\/dev6.erresse-shop.it\/?s={search_term_string}\"},\"query-input\":{\"@type\":\"PropertyValueSpecification\",\"valueRequired\":true,\"valueName\":\"search_term_string\"}}],\"inLanguage\":\"de\"},{\"@type\":\"Organization\",\"@id\":\"https:\/\/dev6.erresse-shop.it\/#organization\",\"name\":\"Erresse Shop\",\"url\":\"https:\/\/dev6.erresse-shop.it\/\",\"logo\":{\"@type\":\"ImageObject\",\"inLanguage\":\"de\",\"@id\":\"https:\/\/dev6.erresse-shop.it\/#\/schema\/logo\/image\/\",\"url\":\"https:\/\/dev6.erresse-shop.it\/wp-content\/uploads\/2025\/01\/LOGO-ERRESSE-CLASSICO.svg\",\"contentUrl\":\"https:\/\/dev6.erresse-shop.it\/wp-content\/uploads\/2025\/01\/LOGO-ERRESSE-CLASSICO.svg\",\"caption\":\"Erresse Shop\"},\"image\":{\"@id\":\"https:\/\/dev6.erresse-shop.it\/#\/schema\/logo\/image\/\"}}]}<\/script>\n<!-- \/ Yoast SEO plugin. -->","yoast_head_json":{"title":"VILLEROY &#038; BOCH Rock Set 4 Wei\u00dfweingl\u00e4sern 380 ml - dev6 Erresse","description":"Elegantes Wei\u00dfweinglas Die Gl\u00e4ser mit schwarzem Stiel und Boden passen perfekt zum Porzellan der Manufaktur Rock und verleihen der Tafel einen eleganten","robots":{"index":"noindex","follow":"follow","max-snippet":"max-snippet:-1","max-image-preview":"max-image-preview:large","max-video-preview":"max-video-preview:-1"},"og_locale":"de_DE","og_type":"article","og_title":"VILLEROY &#038; BOCH Rock Set 4 Wei\u00dfweingl\u00e4sern 380 ml - dev6 Erresse","og_description":"Elegantes Wei\u00dfweinglas Die Gl\u00e4ser mit schwarzem Stiel und Boden passen perfekt zum Porzellan der Manufaktur Rock und verleihen der Tafel einen eleganten","og_url":"https:\/\/dev6.erresse-shop.it\/de\/shop\/tisch\/weinbar-korkenzieher-dekanter-eiskubel\/weinglaeser\/villeroy-boch-rock-set-4-weissweinglaesern-380-ml\/","og_site_name":"dev6 Erresse","og_image":[{"url":"https:\/\/interpim.erresse-shop.it\/Import\/Prodotti\/villeroy-boch-rock-set-4-bicchieri-vino-bianco-380-ml.jpg","type":"","width":"","height":""},{"url":"https:\/\/interpim.erresse-shop.it\/Import\/Prodotti\/villeroy-boch-rock-set-4-bicchieri-vino-bianco-380-ml.jpg","width":1024,"height":1024,"type":"image\/jpeg"}],"twitter_card":"summary_large_image","twitter_image":"https:\/\/interpim.erresse-shop.it\/Import\/Prodotti\/villeroy-boch-rock-set-4-bicchieri-vino-bianco-380-ml.jpg","schema":{"@context":"https:\/\/schema.org","@graph":[{"@type":"WebPage","@id":"https:\/\/dev6.erresse-shop.it\/de\/shop\/tisch\/weinbar-korkenzieher-dekanter-eiskubel\/weinglaeser\/villeroy-boch-rock-set-4-weissweinglaesern-380-ml\/","url":"https:\/\/dev6.erresse-shop.it\/de\/shop\/tisch\/weinbar-korkenzieher-dekanter-eiskubel\/weinglaeser\/villeroy-boch-rock-set-4-weissweinglaesern-380-ml\/","name":"VILLEROY &#038; BOCH Rock Set 4 Wei\u00dfweingl\u00e4sern 380 ml - dev6 Erresse","isPartOf":{"@id":"https:\/\/dev6.erresse-shop.it\/#website"},"primaryImageOfPage":{"@id":"https:\/\/dev6.erresse-shop.it\/de\/shop\/tisch\/weinbar-korkenzieher-dekanter-eiskubel\/weinglaeser\/villeroy-boch-rock-set-4-weissweinglaesern-380-ml\/#primaryimage"},"image":{"@id":"https:\/\/dev6.erresse-shop.it\/de\/shop\/tisch\/weinbar-korkenzieher-dekanter-eiskubel\/weinglaeser\/villeroy-boch-rock-set-4-weissweinglaesern-380-ml\/#primaryimage"},"thumbnailUrl":"https:\/\/i0.wp.com\/interpim.erresse-shop.it\/Import\/Prodotti\/villeroy-boch-rock-set-4-bicchieri-vino-bianco-380-ml.jpg?ssl=1","datePublished":"2026-04-10T08:00:41+00:00","description":"Elegantes Wei\u00dfweinglas Die Gl\u00e4ser mit schwarzem Stiel und Boden passen perfekt zum Porzellan der Manufaktur Rock und verleihen der Tafel einen eleganten","breadcrumb":{"@id":"https:\/\/dev6.erresse-shop.it\/de\/shop\/tisch\/weinbar-korkenzieher-dekanter-eiskubel\/weinglaeser\/villeroy-boch-rock-set-4-weissweinglaesern-380-ml\/#breadcrumb"},"inLanguage":"de","potentialAction":[{"@type":"ReadAction","target":["https:\/\/dev6.erresse-shop.it\/de\/shop\/tisch\/weinbar-korkenzieher-dekanter-eiskubel\/weinglaeser\/villeroy-boch-rock-set-4-weissweinglaesern-380-ml\/"]}]},{"@type":"ImageObject","inLanguage":"de","@id":"https:\/\/dev6.erresse-shop.it\/de\/shop\/tisch\/weinbar-korkenzieher-dekanter-eiskubel\/weinglaeser\/villeroy-boch-rock-set-4-weissweinglaesern-380-ml\/#primaryimage","url":"https:\/\/i0.wp.com\/interpim.erresse-shop.it\/Import\/Prodotti\/villeroy-boch-rock-set-4-bicchieri-vino-bianco-380-ml.jpg?ssl=1","contentUrl":"https:\/\/i0.wp.com\/interpim.erresse-shop.it\/Import\/Prodotti\/villeroy-boch-rock-set-4-bicchieri-vino-bianco-380-ml.jpg?ssl=1"},{"@type":"BreadcrumbList","@id":"https:\/\/dev6.erresse-shop.it\/de\/shop\/tisch\/weinbar-korkenzieher-dekanter-eiskubel\/weinglaeser\/villeroy-boch-rock-set-4-weissweinglaesern-380-ml\/#breadcrumb","itemListElement":[{"@type":"ListItem","position":1,"name":"Home","item":"https:\/\/dev6.erresse-shop.it\/"},{"@type":"ListItem","position":2,"name":"Shop","item":"https:\/\/dev6.erresse-shop.it\/shop\/"},{"@type":"ListItem","position":3,"name":"VILLEROY &#038; BOCH Rock Set 4 Wei\u00dfweingl\u00e4sern 380 ml"}]},{"@type":"WebSite","@id":"https:\/\/dev6.erresse-shop.it\/#website","url":"https:\/\/dev6.erresse-shop.it\/","name":"Erresse Shop","description":"","publisher":{"@id":"https:\/\/dev6.erresse-shop.it\/#organization"},"potentialAction":[{"@type":"SearchAction","target":{"@type":"EntryPoint","urlTemplate":"https:\/\/dev6.erresse-shop.it\/?s={search_term_string}"},"query-input":{"@type":"PropertyValueSpecification","valueRequired":true,"valueName":"search_term_string"}}],"inLanguage":"de"},{"@type":"Organization","@id":"https:\/\/dev6.erresse-shop.it\/#organization","name":"Erresse Shop","url":"https:\/\/dev6.erresse-shop.it\/","logo":{"@type":"ImageObject","inLanguage":"de","@id":"https:\/\/dev6.erresse-shop.it\/#\/schema\/logo\/image\/","url":"https:\/\/dev6.erresse-shop.it\/wp-content\/uploads\/2025\/01\/LOGO-ERRESSE-CLASSICO.svg","contentUrl":"https:\/\/dev6.erresse-shop.it\/wp-content\/uploads\/2025\/01\/LOGO-ERRESSE-CLASSICO.svg","caption":"Erresse Shop"},"image":{"@id":"https:\/\/dev6.erresse-shop.it\/#\/schema\/logo\/image\/"}}]}},"df_price":49.9,"df_sale_price":"","df_regular_price":49.9,"df_image_link":"https:\/\/i0.wp.com\/interpim.erresse-shop.it\/Import\/Prodotti\/villeroy-boch-rock-set-4-bicchieri-vino-bianco-380-ml.jpg?resize=300,300&ssl=1","fifu_image_url":"https:\/\/interpim.erresse-shop.it\/Import\/Prodotti\/villeroy-boch-rock-set-4-bicchieri-vino-bianco-380-ml.jpg","_links":{"self":[{"href":"https:\/\/dev6.erresse-shop.it\/de\/wp-json\/wp\/v2\/product\/51929","targetHints":{"allow":["GET"]}}],"collection":[{"href":"https:\/\/dev6.erresse-shop.it\/de\/wp-json\/wp\/v2\/product"}],"about":[{"href":"https:\/\/dev6.erresse-shop.it\/de\/wp-json\/wp\/v2\/types\/product"}],"wp:featuredmedia":[{"embeddable":true,"href":"https:\/\/dev6.erresse-shop.it\/de\/wp-json\/wp\/v2\/media\/6318198"}],"wp:attachment":[{"href":"https:\/\/dev6.erresse-shop.it\/de\/wp-json\/wp\/v2\/media?parent=51929"}],"wp:term":[{"taxonomy":"product_cat","embeddable":true,"href":"https:\/\/dev6.erresse-shop.it\/de\/wp-json\/wp\/v2\/product_cat?post=51929"},{"taxonomy":"product_tag","embeddable":true,"href":"https:\/\/dev6.erresse-shop.it\/de\/wp-json\/wp\/v2\/product_tag?post=51929"}],"curies":[{"name":"wp","href":"https:\/\/api.w.org\/{rel}","templated":true}]}}