{"id":51795,"date":"2026-04-04T09:16:13","date_gmt":"2026-04-04T07:16:13","guid":{"rendered":"https:\/\/dev6.erresse-shop.it\/shop\/unkategorisiert\/jura-profi-kaffeemaschine-x6-dark-inox\/"},"modified":"2025-07-03T20:30:49","modified_gmt":"2025-07-03T18:30:49","slug":"jura-profi-kaffeemaschine-x6-dark-inox","status":"publish","type":"product","link":"https:\/\/dev6.erresse-shop.it\/de\/shop\/kleine-elektrogeraete\/kaffeemaschinen-espresso\/automatisch\/jura-profi-kaffeemaschine-x6-dark-inox\/","title":{"rendered":"JURA Profi-Kaffeemaschine X6 Dark Inox"},"content":{"rendered":"<p>Der Profi f\u00fcr schwarzen Kaffee und hei\u00dfes Wasser f\u00fcr Tee<\/p>\n<p>Die X6 zeigt sich von ihrer besten Seite bei der Herstellung von schwarzen Kaffeespezialit\u00e4ten, der professionellen Zubereitung von Kaffeebriketts und dem Aufbr\u00fchen von hei\u00dfem Wasser f\u00fcr Tee in zwei verschiedenen Temperaturen.<br \/>\nDie Einfachheit der Bedienung ist besonders vorteilhaft, wenn sie vom Personal oder direkt von den G\u00e4sten genutzt wird.<br \/>\nSelbstverst\u00e4ndlich kann die Position aller Kaffeespezialit\u00e4ten auf dem Display nach Belieben ver\u00e4ndert werden.<br \/>\nDank des gro\u00dfen Wassertanks und des optionalen Frischwasser-Kits ist der X6 sowohl f\u00fcr den Einsatz an festen als auch an variablen Stationen geeignet.<\/p>\n<p>Modernste Technik f\u00fcr perfekten Genuss<br \/>\nDas innovative AromaG3-Mahlwerk mahlt die Bohnen zum idealen Zeitpunkt und in der idealen Feinheit f\u00fcr jede Zubereitung.<br \/>\nEr arbeitet pr\u00e4zise, ist doppelt so schnell und bewahrt das gesamte Aroma der Bohnen.<br \/>\nDas gepulste Extraktionsverfahren (P.E.P.\u00ae) optimiert die Extraktionszeit f\u00fcr kurze Spezialit\u00e4ten und macht Ristretto und Espresso zu einem wahren Gaumenschmaus.<br \/>\nAlle Bedienelemente des X6 sind auf der Frontseite angeordnet, auf den ersten Blick gut sichtbar und leicht zug\u00e4nglich.<br \/>\nDas Bef\u00fcllen des Wassertanks und des Bohnenbeh\u00e4lters ist ebenfalls einfach von vorne m\u00f6glich.<br \/>\nDer Wassertank und der Bohnenbeh\u00e4lter sind serienm\u00e4\u00dfig mit einem Verriegelungsmechanismus ausgestattet, mit dem sie zum Schutz vor unbefugten Eingriffen verschlossen werden k\u00f6nnen.<br \/>\nDer Wassertank und der Kaffeesatzbeh\u00e4lter sind ergonomisch geformt und k\u00f6nnen f\u00fcr eine schnelle und hygienische Entleerung mit einer Hand entnommen werden.<br \/>\nDie Koh\u00e4renz der Betriebsphilosophie zeigt sich in den Bedienelementen.<br \/>\nDas TFT-Display im Hochformat in Kombination mit den gro\u00dfen, klar definierten Vorbereitungstasten macht die Bedienung auch f\u00fcr unge\u00fcbte Anwender einfach und intuitiv.<br \/>\nDie Tasten (Vorbereitung oder Wartung) k\u00f6nnen optional gesperrt werden, um Missbrauch, unbefugte Programmier\u00e4nderungen oder versehentliche Bedienung zu verhindern<br \/>\nw\u00e4hrend der Reinigungsarbeiten.<\/p>\n<p>Hygienegarantie mit T\u00dcV-Zertifizierung<br \/>\nDie Wartung des neuen X6 ist ebenso intuitiv wie die Bedienung.<br \/>\nIntegrierte Sp\u00fcl- und Reinigungsprogramme in Kombination mit original JURA-Pflegeprodukten garantieren Hygiene und Sauberkeit mit T\u00dcV-Zertifizierung.<\/p>\n<p>So individuell wie Ihre Bed\u00fcrfnisse<br \/>\nDank des speziell f\u00fcr professionelle JURA-Automaten entwickelten Zubeh\u00f6rs wie dem Frischwasser-Kit<br \/>\nCup-Warmer oder Abrechnungssystem kann der X6 optimiert werden, um Komplettl\u00f6sungen zu schaffen, die auf Ihre spezifischen Anforderungen zugeschnitten sind.<\/p>\n<p>TECHNISCHE DATEN:<\/p>\n<p>Anzahl der Kaffeespezialit\u00e4ten 12<br \/>\nAktive Bohnenkontrolle<br \/>\nIntelligent verbinden<br \/>\nGepulstes Extraktionsverfahren (P.E.P.\u00ae)<br \/>\nBr\u00fchgruppe mit variabler Kapazit\u00e4t<br \/>\nAroma G3 Mehrstufenmahlwerk<br \/>\nHochleistungspumpe, 15 bar<br \/>\nThermoblock-Heizsystem<br \/>\nFl\u00fcssigkeitssystem<br \/>\nMilchsystem \/ austauschbarer Milchaufsch\u00e4umer<br \/>\nAromaschutzdeckel<br \/>\n2,8\u2033-Farbdisplay<br \/>\nProgrammierbare und individuell anpassbare Wassermenge f\u00fcr den Kaffee<br \/>\nKaffeeintensit\u00e4t in 10 Stufen programmierbar und anpassbar<br \/>\nProgrammierbare Br\u00fchtemperatur in 2 Stufen<br \/>\nWarmwassertemperatur in 3 Stufen programmierbar<br \/>\nZur\u00fccksetzbarer Tagesz\u00e4hler<br \/>\nAngabe der Anzahl der Zubereitungen f\u00fcr jedes einzelne Produkt<br \/>\nIntegriertes Sp\u00fcl-, Reinigungs- und Entkalkungsprogramm<br \/>\n\u00dcberwachte Wasserauffangwanne<br \/>\nEnergiesparmodus, E.S.M.\u00a9<br \/>\nNull-Energie-Schalter oder Netzschalter<br \/>\nProgrammierbare Abschaltzeit<br \/>\nBernsteinfarbene\/wei\u00dfe Becher-Beleuchtung<br \/>\n5 Liter Wassertankinhalt<br \/>\n550 g Fassungsverm\u00f6gen des Bohnenbeh\u00e4lters<br \/>\nKaffeebohnenbeh\u00e4lter optional erweiterbar auf 1 kg<br \/>\nKaffeesatzbeh\u00e4lter (Portionen) 40<br \/>\nHergestellt in der Schweiz<\/p>\n","protected":false},"excerpt":{"rendered":"<p>Der Profi f\u00fcr schwarzen Kaffee und hei\u00dfes Wasser f\u00fcr Tee Die X6 zeigt sich von ihrer besten Seite bei der Herstellung von schwarzen Kaffeespezialit\u00e4ten, der professionellen Zubereitung von Kaffeebriketts und dem Aufbr\u00fchen von hei\u00dfem Wasser f\u00fcr Tee in zwei verschiedenen Temperaturen. Die Einfachheit der Bedienung ist besonders vorteilhaft, wenn sie vom Personal oder direkt von [&hellip;]<\/p>\n","protected":false},"featured_media":6276015,"template":"","meta":{"_acf_changed":false},"product_cat":[12184,12171,12163],"product_tag":[],"class_list":{"0":"post-51795","1":"product","2":"type-product","3":"status-publish","4":"has-post-thumbnail","6":"product_cat-automatisch","7":"product_cat-kaffeemaschinen-espresso","8":"product_cat-kleine-elektrogeraete","10":"first","11":"outofstock","12":"taxable","13":"shipping-taxable","14":"product-type-simple","swatches":"rey-swatches","show_selected":"","stretch_labels":"rey-swatches--stretch-labels"},"acf":[],"yoast_head":"<!-- This site is optimized with the Yoast SEO plugin v25.4 - https:\/\/yoast.com\/wordpress\/plugins\/seo\/ -->\n<title>JURA Profi-Kaffeemaschine X6 Dark Inox - dev6 Erresse<\/title>\n<meta name=\"description\" content=\"Der Profi f\u00fcr schwarzen Kaffee und hei\u00dfes Wasser f\u00fcr Tee Die X6 zeigt sich von ihrer besten Seite bei der Herstellung von schwarzen Kaffeespezialit\u00e4ten,\" \/>\n<meta name=\"robots\" content=\"noindex, follow, max-snippet:-1, max-image-preview:large, max-video-preview:-1\" \/>\n<meta property=\"og:locale\" content=\"de_DE\" \/>\n<meta property=\"og:type\" content=\"article\" \/>\n<meta property=\"og:title\" content=\"JURA Profi-Kaffeemaschine X6 Dark Inox - dev6 Erresse\" \/>\n<meta property=\"og:description\" content=\"Der Profi f\u00fcr schwarzen Kaffee und hei\u00dfes Wasser f\u00fcr Tee Die X6 zeigt sich von ihrer besten Seite bei der Herstellung von schwarzen Kaffeespezialit\u00e4ten,\" \/>\n<meta property=\"og:url\" content=\"https:\/\/dev6.erresse-shop.it\/de\/shop\/kleine-elektrogeraete\/kaffeemaschinen-espresso\/automatisch\/jura-profi-kaffeemaschine-x6-dark-inox\/\" \/>\n<meta property=\"og:site_name\" content=\"dev6 Erresse\" \/>\n<meta property=\"og:image\" content=\"https:\/\/interpim.erresse-shop.it\/Import\/Prodotti\/jura-macchina-da-caffe-x6-dark-inox-1.jpg\" \/><meta property=\"og:image\" content=\"https:\/\/interpim.erresse-shop.it\/Import\/Prodotti\/jura-macchina-da-caffe-x6-dark-inox-1.jpg\" \/>\n\t<meta property=\"og:image:width\" content=\"1024\" \/>\n\t<meta property=\"og:image:height\" content=\"1024\" \/>\n\t<meta property=\"og:image:type\" content=\"image\/jpeg\" \/>\n<meta name=\"twitter:card\" content=\"summary_large_image\" \/>\n<meta name=\"twitter:image\" content=\"https:\/\/interpim.erresse-shop.it\/Import\/Prodotti\/jura-macchina-da-caffe-x6-dark-inox-1.jpg\" \/>\n<script type=\"application\/ld+json\" class=\"yoast-schema-graph\">{\"@context\":\"https:\/\/schema.org\",\"@graph\":[{\"@type\":\"WebPage\",\"@id\":\"https:\/\/dev6.erresse-shop.it\/de\/shop\/kleine-elektrogeraete\/kaffeemaschinen-espresso\/automatisch\/jura-profi-kaffeemaschine-x6-dark-inox\/\",\"url\":\"https:\/\/dev6.erresse-shop.it\/de\/shop\/kleine-elektrogeraete\/kaffeemaschinen-espresso\/automatisch\/jura-profi-kaffeemaschine-x6-dark-inox\/\",\"name\":\"JURA Profi-Kaffeemaschine X6 Dark Inox - dev6 Erresse\",\"isPartOf\":{\"@id\":\"https:\/\/dev6.erresse-shop.it\/#website\"},\"primaryImageOfPage\":{\"@id\":\"https:\/\/dev6.erresse-shop.it\/de\/shop\/kleine-elektrogeraete\/kaffeemaschinen-espresso\/automatisch\/jura-profi-kaffeemaschine-x6-dark-inox\/#primaryimage\"},\"image\":{\"@id\":\"https:\/\/dev6.erresse-shop.it\/de\/shop\/kleine-elektrogeraete\/kaffeemaschinen-espresso\/automatisch\/jura-profi-kaffeemaschine-x6-dark-inox\/#primaryimage\"},\"thumbnailUrl\":\"https:\/\/i3.wp.com\/interpim.erresse-shop.it\/Import\/Prodotti\/jura-macchina-da-caffe-x6-dark-inox-1.jpg?ssl=1\",\"datePublished\":\"2026-04-04T07:16:13+00:00\",\"description\":\"Der Profi f\u00fcr schwarzen Kaffee und hei\u00dfes Wasser f\u00fcr Tee Die X6 zeigt sich von ihrer besten Seite bei der Herstellung von schwarzen Kaffeespezialit\u00e4ten,\",\"breadcrumb\":{\"@id\":\"https:\/\/dev6.erresse-shop.it\/de\/shop\/kleine-elektrogeraete\/kaffeemaschinen-espresso\/automatisch\/jura-profi-kaffeemaschine-x6-dark-inox\/#breadcrumb\"},\"inLanguage\":\"de\",\"potentialAction\":[{\"@type\":\"ReadAction\",\"target\":[\"https:\/\/dev6.erresse-shop.it\/de\/shop\/kleine-elektrogeraete\/kaffeemaschinen-espresso\/automatisch\/jura-profi-kaffeemaschine-x6-dark-inox\/\"]}]},{\"@type\":\"ImageObject\",\"inLanguage\":\"de\",\"@id\":\"https:\/\/dev6.erresse-shop.it\/de\/shop\/kleine-elektrogeraete\/kaffeemaschinen-espresso\/automatisch\/jura-profi-kaffeemaschine-x6-dark-inox\/#primaryimage\",\"url\":\"https:\/\/i3.wp.com\/interpim.erresse-shop.it\/Import\/Prodotti\/jura-macchina-da-caffe-x6-dark-inox-1.jpg?ssl=1\",\"contentUrl\":\"https:\/\/i3.wp.com\/interpim.erresse-shop.it\/Import\/Prodotti\/jura-macchina-da-caffe-x6-dark-inox-1.jpg?ssl=1\"},{\"@type\":\"BreadcrumbList\",\"@id\":\"https:\/\/dev6.erresse-shop.it\/de\/shop\/kleine-elektrogeraete\/kaffeemaschinen-espresso\/automatisch\/jura-profi-kaffeemaschine-x6-dark-inox\/#breadcrumb\",\"itemListElement\":[{\"@type\":\"ListItem\",\"position\":1,\"name\":\"Home\",\"item\":\"https:\/\/dev6.erresse-shop.it\/\"},{\"@type\":\"ListItem\",\"position\":2,\"name\":\"Shop\",\"item\":\"https:\/\/dev6.erresse-shop.it\/shop\/\"},{\"@type\":\"ListItem\",\"position\":3,\"name\":\"JURA Profi-Kaffeemaschine X6 Dark Inox\"}]},{\"@type\":\"WebSite\",\"@id\":\"https:\/\/dev6.erresse-shop.it\/#website\",\"url\":\"https:\/\/dev6.erresse-shop.it\/\",\"name\":\"Erresse Shop\",\"description\":\"\",\"publisher\":{\"@id\":\"https:\/\/dev6.erresse-shop.it\/#organization\"},\"potentialAction\":[{\"@type\":\"SearchAction\",\"target\":{\"@type\":\"EntryPoint\",\"urlTemplate\":\"https:\/\/dev6.erresse-shop.it\/?s={search_term_string}\"},\"query-input\":{\"@type\":\"PropertyValueSpecification\",\"valueRequired\":true,\"valueName\":\"search_term_string\"}}],\"inLanguage\":\"de\"},{\"@type\":\"Organization\",\"@id\":\"https:\/\/dev6.erresse-shop.it\/#organization\",\"name\":\"Erresse Shop\",\"url\":\"https:\/\/dev6.erresse-shop.it\/\",\"logo\":{\"@type\":\"ImageObject\",\"inLanguage\":\"de\",\"@id\":\"https:\/\/dev6.erresse-shop.it\/#\/schema\/logo\/image\/\",\"url\":\"https:\/\/dev6.erresse-shop.it\/wp-content\/uploads\/2025\/01\/LOGO-ERRESSE-CLASSICO.svg\",\"contentUrl\":\"https:\/\/dev6.erresse-shop.it\/wp-content\/uploads\/2025\/01\/LOGO-ERRESSE-CLASSICO.svg\",\"caption\":\"Erresse Shop\"},\"image\":{\"@id\":\"https:\/\/dev6.erresse-shop.it\/#\/schema\/logo\/image\/\"}}]}<\/script>\n<!-- \/ Yoast SEO plugin. -->","yoast_head_json":{"title":"JURA Profi-Kaffeemaschine X6 Dark Inox - dev6 Erresse","description":"Der Profi f\u00fcr schwarzen Kaffee und hei\u00dfes Wasser f\u00fcr Tee Die X6 zeigt sich von ihrer besten Seite bei der Herstellung von schwarzen Kaffeespezialit\u00e4ten,","robots":{"index":"noindex","follow":"follow","max-snippet":"max-snippet:-1","max-image-preview":"max-image-preview:large","max-video-preview":"max-video-preview:-1"},"og_locale":"de_DE","og_type":"article","og_title":"JURA Profi-Kaffeemaschine X6 Dark Inox - dev6 Erresse","og_description":"Der Profi f\u00fcr schwarzen Kaffee und hei\u00dfes Wasser f\u00fcr Tee Die X6 zeigt sich von ihrer besten Seite bei der Herstellung von schwarzen Kaffeespezialit\u00e4ten,","og_url":"https:\/\/dev6.erresse-shop.it\/de\/shop\/kleine-elektrogeraete\/kaffeemaschinen-espresso\/automatisch\/jura-profi-kaffeemaschine-x6-dark-inox\/","og_site_name":"dev6 Erresse","og_image":[{"url":"https:\/\/interpim.erresse-shop.it\/Import\/Prodotti\/jura-macchina-da-caffe-x6-dark-inox-1.jpg","type":"","width":"","height":""},{"url":"https:\/\/interpim.erresse-shop.it\/Import\/Prodotti\/jura-macchina-da-caffe-x6-dark-inox-1.jpg","width":1024,"height":1024,"type":"image\/jpeg"}],"twitter_card":"summary_large_image","twitter_image":"https:\/\/interpim.erresse-shop.it\/Import\/Prodotti\/jura-macchina-da-caffe-x6-dark-inox-1.jpg","schema":{"@context":"https:\/\/schema.org","@graph":[{"@type":"WebPage","@id":"https:\/\/dev6.erresse-shop.it\/de\/shop\/kleine-elektrogeraete\/kaffeemaschinen-espresso\/automatisch\/jura-profi-kaffeemaschine-x6-dark-inox\/","url":"https:\/\/dev6.erresse-shop.it\/de\/shop\/kleine-elektrogeraete\/kaffeemaschinen-espresso\/automatisch\/jura-profi-kaffeemaschine-x6-dark-inox\/","name":"JURA Profi-Kaffeemaschine X6 Dark Inox - dev6 Erresse","isPartOf":{"@id":"https:\/\/dev6.erresse-shop.it\/#website"},"primaryImageOfPage":{"@id":"https:\/\/dev6.erresse-shop.it\/de\/shop\/kleine-elektrogeraete\/kaffeemaschinen-espresso\/automatisch\/jura-profi-kaffeemaschine-x6-dark-inox\/#primaryimage"},"image":{"@id":"https:\/\/dev6.erresse-shop.it\/de\/shop\/kleine-elektrogeraete\/kaffeemaschinen-espresso\/automatisch\/jura-profi-kaffeemaschine-x6-dark-inox\/#primaryimage"},"thumbnailUrl":"https:\/\/i3.wp.com\/interpim.erresse-shop.it\/Import\/Prodotti\/jura-macchina-da-caffe-x6-dark-inox-1.jpg?ssl=1","datePublished":"2026-04-04T07:16:13+00:00","description":"Der Profi f\u00fcr schwarzen Kaffee und hei\u00dfes Wasser f\u00fcr Tee Die X6 zeigt sich von ihrer besten Seite bei der Herstellung von schwarzen Kaffeespezialit\u00e4ten,","breadcrumb":{"@id":"https:\/\/dev6.erresse-shop.it\/de\/shop\/kleine-elektrogeraete\/kaffeemaschinen-espresso\/automatisch\/jura-profi-kaffeemaschine-x6-dark-inox\/#breadcrumb"},"inLanguage":"de","potentialAction":[{"@type":"ReadAction","target":["https:\/\/dev6.erresse-shop.it\/de\/shop\/kleine-elektrogeraete\/kaffeemaschinen-espresso\/automatisch\/jura-profi-kaffeemaschine-x6-dark-inox\/"]}]},{"@type":"ImageObject","inLanguage":"de","@id":"https:\/\/dev6.erresse-shop.it\/de\/shop\/kleine-elektrogeraete\/kaffeemaschinen-espresso\/automatisch\/jura-profi-kaffeemaschine-x6-dark-inox\/#primaryimage","url":"https:\/\/i3.wp.com\/interpim.erresse-shop.it\/Import\/Prodotti\/jura-macchina-da-caffe-x6-dark-inox-1.jpg?ssl=1","contentUrl":"https:\/\/i3.wp.com\/interpim.erresse-shop.it\/Import\/Prodotti\/jura-macchina-da-caffe-x6-dark-inox-1.jpg?ssl=1"},{"@type":"BreadcrumbList","@id":"https:\/\/dev6.erresse-shop.it\/de\/shop\/kleine-elektrogeraete\/kaffeemaschinen-espresso\/automatisch\/jura-profi-kaffeemaschine-x6-dark-inox\/#breadcrumb","itemListElement":[{"@type":"ListItem","position":1,"name":"Home","item":"https:\/\/dev6.erresse-shop.it\/"},{"@type":"ListItem","position":2,"name":"Shop","item":"https:\/\/dev6.erresse-shop.it\/shop\/"},{"@type":"ListItem","position":3,"name":"JURA Profi-Kaffeemaschine X6 Dark Inox"}]},{"@type":"WebSite","@id":"https:\/\/dev6.erresse-shop.it\/#website","url":"https:\/\/dev6.erresse-shop.it\/","name":"Erresse Shop","description":"","publisher":{"@id":"https:\/\/dev6.erresse-shop.it\/#organization"},"potentialAction":[{"@type":"SearchAction","target":{"@type":"EntryPoint","urlTemplate":"https:\/\/dev6.erresse-shop.it\/?s={search_term_string}"},"query-input":{"@type":"PropertyValueSpecification","valueRequired":true,"valueName":"search_term_string"}}],"inLanguage":"de"},{"@type":"Organization","@id":"https:\/\/dev6.erresse-shop.it\/#organization","name":"Erresse Shop","url":"https:\/\/dev6.erresse-shop.it\/","logo":{"@type":"ImageObject","inLanguage":"de","@id":"https:\/\/dev6.erresse-shop.it\/#\/schema\/logo\/image\/","url":"https:\/\/dev6.erresse-shop.it\/wp-content\/uploads\/2025\/01\/LOGO-ERRESSE-CLASSICO.svg","contentUrl":"https:\/\/dev6.erresse-shop.it\/wp-content\/uploads\/2025\/01\/LOGO-ERRESSE-CLASSICO.svg","caption":"Erresse Shop"},"image":{"@id":"https:\/\/dev6.erresse-shop.it\/#\/schema\/logo\/image\/"}}]}},"df_price":"","df_sale_price":"","df_regular_price":"","df_image_link":"https:\/\/i3.wp.com\/interpim.erresse-shop.it\/Import\/Prodotti\/jura-macchina-da-caffe-x6-dark-inox-1.jpg?resize=300,300&ssl=1","fifu_image_url":"https:\/\/interpim.erresse-shop.it\/Import\/Prodotti\/jura-macchina-da-caffe-x6-dark-inox-1.jpg","_links":{"self":[{"href":"https:\/\/dev6.erresse-shop.it\/de\/wp-json\/wp\/v2\/product\/51795","targetHints":{"allow":["GET"]}}],"collection":[{"href":"https:\/\/dev6.erresse-shop.it\/de\/wp-json\/wp\/v2\/product"}],"about":[{"href":"https:\/\/dev6.erresse-shop.it\/de\/wp-json\/wp\/v2\/types\/product"}],"wp:featuredmedia":[{"embeddable":true,"href":"https:\/\/dev6.erresse-shop.it\/de\/wp-json\/wp\/v2\/media\/6276015"}],"wp:attachment":[{"href":"https:\/\/dev6.erresse-shop.it\/de\/wp-json\/wp\/v2\/media?parent=51795"}],"wp:term":[{"taxonomy":"product_cat","embeddable":true,"href":"https:\/\/dev6.erresse-shop.it\/de\/wp-json\/wp\/v2\/product_cat?post=51795"},{"taxonomy":"product_tag","embeddable":true,"href":"https:\/\/dev6.erresse-shop.it\/de\/wp-json\/wp\/v2\/product_tag?post=51795"}],"curies":[{"name":"wp","href":"https:\/\/api.w.org\/{rel}","templated":true}]}}