{"id":51793,"date":"2026-04-12T09:17:59","date_gmt":"2026-04-12T07:17:59","guid":{"rendered":"https:\/\/dev6.erresse-shop.it\/shop\/unkategorisiert\/jura-kaffeemaschine-s8-piano-schwarz\/"},"modified":"2026-01-09T01:59:04","modified_gmt":"2026-01-09T00:59:04","slug":"jura-kaffeemaschine-s8-piano-schwarz","status":"publish","type":"product","link":"https:\/\/dev6.erresse-shop.it\/de\/shop\/kleine-elektrogeraete\/kaffeemaschinen-espresso\/automatisch\/jura-kaffeemaschine-s8-piano-schwarz\/","title":{"rendered":"JURA Kaffeemaschine S8 Piano Schwarz"},"content":{"rendered":"<p>Gro\u00dfe Show mit kompaktem Design<br \/>\nDie elegante S Line mit ihrem k\u00fchnen, skulpturalen Design zeichnet sich durch Qualit\u00e4t und Pr\u00e4zision aus. Er verbindet das Beste aus der Kompaktklasse mit Elementen aus dem Premiumsegment.<br \/>\nDie Vielfalt der Spezialit\u00e4ten und ihre Vorz\u00fcglichkeit \u00fcberzeugen auch die anspruchsvollsten Deep-L-Liebhaber. Die Bedienphilosophie ist von Einfachheit und Intelligenz gepr\u00e4gt.<br \/>\nMit der JURA S-Linie wird ein neues Automatensegment geschaffen: das mittlere Premiumsegment.<\/p>\n<p>Professionelles Aroma-Mahlwerk<br \/>\nDer Professional Aroma Grinder garantiert 12,2%* mehr Aroma und eine gleichbleibend hohe Mahlqualit\u00e4t w\u00e4hrend der gesamten Lebensdauer der Maschine.<br \/>\nSeine ausgereifte Geometrie sorgt f\u00fcr eine optimale Schleifkurve.<br \/>\nDas bedeutet, dass sich das Aroma durch den h\u00f6heren Anteil an feinen Partikeln in seiner ganzen Intensit\u00e4t entfalten kann.<\/p>\n<p>*Die professionelle Aromam\u00fchle im Vergleich zu herk\u00f6mmlichen Kaffeem\u00fchlen.<\/p>\n<p>Abwechslungsreiche Momente der Freude<br \/>\nMit der eleganten S8 wird die gesamte Palette an Spezialit\u00e4ten in hervorragender Qualit\u00e4t gebr\u00fcht, vom Espresso bis zum Latte Macchiato.<br \/>\nEin Druck auf das Farb-Touchscreen-Display und die 15 Spezialit\u00e4ten gelangen dank zahlreicher herausragender Innovationen in Ihre Tasse.<br \/>\nDie professionelle Aroma-Kaffeem\u00fchle mahlt die Bohnen noch pr\u00e4ziser, doppelt so schnell und aromaschonend.<br \/>\nDas gepulste Extraktionsverfahren (P.E.P.\u00ae) optimiert die Extraktionszeit f\u00fcr kurze Spezialit\u00e4ten und garantiert ein un\u00fcbertroffenes Aroma auch bei Espresso und Ristretto.<br \/>\nDie Mikroschaumtechnologie erm\u00f6glicht die Zubereitung von trendigen Spezialit\u00e4ten mit Milch und Milchschaum.<\/p>\n<p>Bedienungskomfort, der eine \u00c4ra neu definiert<br \/>\nDie Bedienung ist dank des in die Kaffeemaschine integrierten hochaufl\u00f6senden 4,3\u2033-Farb-Touchscreens \u00fcbersichtlich und komfortabel.<br \/>\nEine sanfte Ber\u00fchrung des Bildschirms gen\u00fcgt, und schon ist Ihre Lieblingsspezialit\u00e4t in Ihrer Tasse.<br \/>\nDie innovative Bedienphilosophie \u00fcber den Gro\u00dfbildschirm besticht durch ihre Verst\u00e4ndlichkeit und passt sich der modernen Zeit an.<br \/>\nAnleitungen mit Grafiken und Animationen machen die Navigation selbsterkl\u00e4rend und zeigen alle Schritte der Zubereitung.<br \/>\nSo kommen Sie direkt zum Ziel. Individuelle Pr\u00e4ferenzen k\u00f6nnen in wenigen Schritten programmiert werden. Umbenennen, verschieben, kopieren, verdoppeln: Mit dem S8 ist das im Handumdrehen erledigt.<\/p>\n<p>Ausgefallener Milchschaum<br \/>\nPr\u00e4zision und Qualit\u00e4t bis ins kleinste Detail sind das Markenzeichen von JURA.<br \/>\nDie neue Mikroschaumd\u00fcse S8 Professional ist aus hochwertigen Materialien gefertigt und verbindet \u00c4sthetik mit angenehmer Haptik.<br \/>\nDie multifunktionale Aufsch\u00e4umd\u00fcse wurde speziell f\u00fcr die Zubereitung von Kaffeespezialit\u00e4ten mit hochwertiger Milch und Milchschaum entwickelt und zaubert Latte Macchiato<br \/>\nund vieles mehr. Moderne Grafiken und Animationen auf dem Display machen die Bedienung so einfach wie nie.<\/p>\n<p>TECHNISCHE DATEN:<\/p>\n<p>Anzahl der Kaffeespezialit\u00e4ten: 15<br \/>\nAktive Bohnenkontrolle<br \/>\nIntelligent verbinden<br \/>\nOne-Touch-Funktion<br \/>\nBr\u00fchgruppe mit variabler Kapazit\u00e4t<br \/>\nProfessionelles Aroma-Mahlwerk<br \/>\n15 bar Pumpe<br \/>\nThermoblock-Heizsystem<br \/>\nMilchsystem \/ austauschbarer Milchaufsch\u00e4umer<br \/>\nFach f\u00fcr gemahlenen Kaffee<br \/>\nAromaschutzdeckel<br \/>\n4,3\u201d-Farbdisplay mit Touchscreen-Technologie<br \/>\nEinf\u00fcgen, Vervielf\u00e4ltigen und Anpassen von Produkten<br \/>\nProgrammierbare und individuell anpassbare Wassermenge f\u00fcr den Kaffee<br \/>\nProgrammierbare und anpassbare Kaffeeintensit\u00e4t \u2013 10 Stufen<br \/>\nProgrammierbare Milch-\/Schaummenge<br \/>\nProgrammierbare Br\u00fchtemperatur \u2013 3 Stufen<br \/>\nProgrammierbare Warmwassertemperatur \u2013 3 Stufen<br \/>\nEnergiesparmodus<br \/>\nProgrammierbare Abschaltzeit<br \/>\nH\u00f6hen- und breitenverstellbarer Kaffeeauslauf<br \/>\nH\u00f6henverstellbarer Cappuccino-Spender<br \/>\nH\u00f6henverstellbarer Hei\u00dfwasserspender<br \/>\nFassungsverm\u00f6gen des Wassertanks \u2013 1,9 Lt<br \/>\nFassungsverm\u00f6gen des Kaffeebohnenbeh\u00e4lters \u2013 280 g<br \/>\nKaffeesatzbeh\u00e4lter \u2013 20 Portionen<br \/>\nHergestellt in der Schweiz<\/p>\n","protected":false},"excerpt":{"rendered":"<p>Gro\u00dfe Show mit kompaktem Design Die elegante S Line mit ihrem k\u00fchnen, skulpturalen Design zeichnet sich durch Qualit\u00e4t und Pr\u00e4zision aus. Er verbindet das Beste aus der Kompaktklasse mit Elementen aus dem Premiumsegment. Die Vielfalt der Spezialit\u00e4ten und ihre Vorz\u00fcglichkeit \u00fcberzeugen auch die anspruchsvollsten Deep-L-Liebhaber. Die Bedienphilosophie ist von Einfachheit und Intelligenz gepr\u00e4gt. Mit der [&hellip;]<\/p>\n","protected":false},"featured_media":6359284,"template":"","meta":{"_acf_changed":false},"product_cat":[12184,12171,12163],"product_tag":[],"class_list":{"0":"post-51793","1":"product","2":"type-product","3":"status-publish","4":"has-post-thumbnail","6":"product_cat-automatisch","7":"product_cat-kaffeemaschinen-espresso","8":"product_cat-kleine-elektrogeraete","10":"first","11":"outofstock","12":"sale","13":"taxable","14":"shipping-taxable","15":"purchasable","16":"product-type-simple","swatches":"rey-swatches","show_selected":"","stretch_labels":"rey-swatches--stretch-labels"},"acf":[],"yoast_head":"<!-- This site is optimized with the Yoast SEO plugin v25.4 - https:\/\/yoast.com\/wordpress\/plugins\/seo\/ -->\n<title>JURA Kaffeemaschine S8 Piano Schwarz - dev6 Erresse<\/title>\n<meta name=\"description\" content=\"Gro\u00dfe Show mit kompaktem Design Die elegante S Line mit ihrem k\u00fchnen, skulpturalen Design zeichnet sich durch Qualit\u00e4t und Pr\u00e4zision aus. Er verbindet das\" \/>\n<meta name=\"robots\" content=\"noindex, follow, max-snippet:-1, max-image-preview:large, max-video-preview:-1\" \/>\n<meta property=\"og:locale\" content=\"de_DE\" \/>\n<meta property=\"og:type\" content=\"article\" \/>\n<meta property=\"og:title\" content=\"JURA Kaffeemaschine S8 Piano Schwarz - dev6 Erresse\" \/>\n<meta property=\"og:description\" content=\"Gro\u00dfe Show mit kompaktem Design Die elegante S Line mit ihrem k\u00fchnen, skulpturalen Design zeichnet sich durch Qualit\u00e4t und Pr\u00e4zision aus. Er verbindet das\" \/>\n<meta property=\"og:url\" content=\"https:\/\/dev6.erresse-shop.it\/de\/shop\/kleine-elektrogeraete\/kaffeemaschinen-espresso\/automatisch\/jura-kaffeemaschine-s8-piano-schwarz\/\" \/>\n<meta property=\"og:site_name\" content=\"dev6 Erresse\" \/>\n<meta property=\"og:image\" content=\"https:\/\/interpim.erresse-shop.it\/Import\/Prodotti\/jura-macchina-da-caffe-s8-nero2.jpg\" \/><meta property=\"og:image\" content=\"https:\/\/interpim.erresse-shop.it\/Import\/Prodotti\/jura-macchina-da-caffe-s8-nero2.jpg\" \/>\n\t<meta property=\"og:image:width\" content=\"1024\" \/>\n\t<meta property=\"og:image:height\" content=\"1024\" \/>\n\t<meta property=\"og:image:type\" content=\"image\/jpeg\" \/>\n<meta name=\"twitter:card\" content=\"summary_large_image\" \/>\n<meta name=\"twitter:image\" content=\"https:\/\/interpim.erresse-shop.it\/Import\/Prodotti\/jura-macchina-da-caffe-s8-nero2.jpg\" \/>\n<script type=\"application\/ld+json\" class=\"yoast-schema-graph\">{\"@context\":\"https:\/\/schema.org\",\"@graph\":[{\"@type\":\"WebPage\",\"@id\":\"https:\/\/dev6.erresse-shop.it\/de\/shop\/kleine-elektrogeraete\/kaffeemaschinen-espresso\/automatisch\/jura-kaffeemaschine-s8-piano-schwarz\/\",\"url\":\"https:\/\/dev6.erresse-shop.it\/de\/shop\/kleine-elektrogeraete\/kaffeemaschinen-espresso\/automatisch\/jura-kaffeemaschine-s8-piano-schwarz\/\",\"name\":\"JURA Kaffeemaschine S8 Piano Schwarz - dev6 Erresse\",\"isPartOf\":{\"@id\":\"https:\/\/dev6.erresse-shop.it\/#website\"},\"primaryImageOfPage\":{\"@id\":\"https:\/\/dev6.erresse-shop.it\/de\/shop\/kleine-elektrogeraete\/kaffeemaschinen-espresso\/automatisch\/jura-kaffeemaschine-s8-piano-schwarz\/#primaryimage\"},\"image\":{\"@id\":\"https:\/\/dev6.erresse-shop.it\/de\/shop\/kleine-elektrogeraete\/kaffeemaschinen-espresso\/automatisch\/jura-kaffeemaschine-s8-piano-schwarz\/#primaryimage\"},\"thumbnailUrl\":\"https:\/\/i1.wp.com\/interpim.erresse-shop.it\/Import\/Prodotti\/jura-macchina-da-caffe-s8-nero2.jpg?ssl=1\",\"datePublished\":\"2026-04-12T07:17:59+00:00\",\"description\":\"Gro\u00dfe Show mit kompaktem Design Die elegante S Line mit ihrem k\u00fchnen, skulpturalen Design zeichnet sich durch Qualit\u00e4t und Pr\u00e4zision aus. Er verbindet das\",\"breadcrumb\":{\"@id\":\"https:\/\/dev6.erresse-shop.it\/de\/shop\/kleine-elektrogeraete\/kaffeemaschinen-espresso\/automatisch\/jura-kaffeemaschine-s8-piano-schwarz\/#breadcrumb\"},\"inLanguage\":\"de\",\"potentialAction\":[{\"@type\":\"ReadAction\",\"target\":[\"https:\/\/dev6.erresse-shop.it\/de\/shop\/kleine-elektrogeraete\/kaffeemaschinen-espresso\/automatisch\/jura-kaffeemaschine-s8-piano-schwarz\/\"]}]},{\"@type\":\"ImageObject\",\"inLanguage\":\"de\",\"@id\":\"https:\/\/dev6.erresse-shop.it\/de\/shop\/kleine-elektrogeraete\/kaffeemaschinen-espresso\/automatisch\/jura-kaffeemaschine-s8-piano-schwarz\/#primaryimage\",\"url\":\"https:\/\/i1.wp.com\/interpim.erresse-shop.it\/Import\/Prodotti\/jura-macchina-da-caffe-s8-nero2.jpg?ssl=1\",\"contentUrl\":\"https:\/\/i1.wp.com\/interpim.erresse-shop.it\/Import\/Prodotti\/jura-macchina-da-caffe-s8-nero2.jpg?ssl=1\"},{\"@type\":\"BreadcrumbList\",\"@id\":\"https:\/\/dev6.erresse-shop.it\/de\/shop\/kleine-elektrogeraete\/kaffeemaschinen-espresso\/automatisch\/jura-kaffeemaschine-s8-piano-schwarz\/#breadcrumb\",\"itemListElement\":[{\"@type\":\"ListItem\",\"position\":1,\"name\":\"Home\",\"item\":\"https:\/\/dev6.erresse-shop.it\/\"},{\"@type\":\"ListItem\",\"position\":2,\"name\":\"Shop\",\"item\":\"https:\/\/dev6.erresse-shop.it\/shop\/\"},{\"@type\":\"ListItem\",\"position\":3,\"name\":\"JURA Kaffeemaschine S8 Piano Schwarz\"}]},{\"@type\":\"WebSite\",\"@id\":\"https:\/\/dev6.erresse-shop.it\/#website\",\"url\":\"https:\/\/dev6.erresse-shop.it\/\",\"name\":\"Erresse Shop\",\"description\":\"\",\"publisher\":{\"@id\":\"https:\/\/dev6.erresse-shop.it\/#organization\"},\"potentialAction\":[{\"@type\":\"SearchAction\",\"target\":{\"@type\":\"EntryPoint\",\"urlTemplate\":\"https:\/\/dev6.erresse-shop.it\/?s={search_term_string}\"},\"query-input\":{\"@type\":\"PropertyValueSpecification\",\"valueRequired\":true,\"valueName\":\"search_term_string\"}}],\"inLanguage\":\"de\"},{\"@type\":\"Organization\",\"@id\":\"https:\/\/dev6.erresse-shop.it\/#organization\",\"name\":\"Erresse Shop\",\"url\":\"https:\/\/dev6.erresse-shop.it\/\",\"logo\":{\"@type\":\"ImageObject\",\"inLanguage\":\"de\",\"@id\":\"https:\/\/dev6.erresse-shop.it\/#\/schema\/logo\/image\/\",\"url\":\"https:\/\/dev6.erresse-shop.it\/wp-content\/uploads\/2025\/01\/LOGO-ERRESSE-CLASSICO.svg\",\"contentUrl\":\"https:\/\/dev6.erresse-shop.it\/wp-content\/uploads\/2025\/01\/LOGO-ERRESSE-CLASSICO.svg\",\"caption\":\"Erresse Shop\"},\"image\":{\"@id\":\"https:\/\/dev6.erresse-shop.it\/#\/schema\/logo\/image\/\"}}]}<\/script>\n<!-- \/ Yoast SEO plugin. -->","yoast_head_json":{"title":"JURA Kaffeemaschine S8 Piano Schwarz - dev6 Erresse","description":"Gro\u00dfe Show mit kompaktem Design Die elegante S Line mit ihrem k\u00fchnen, skulpturalen Design zeichnet sich durch Qualit\u00e4t und Pr\u00e4zision aus. Er verbindet das","robots":{"index":"noindex","follow":"follow","max-snippet":"max-snippet:-1","max-image-preview":"max-image-preview:large","max-video-preview":"max-video-preview:-1"},"og_locale":"de_DE","og_type":"article","og_title":"JURA Kaffeemaschine S8 Piano Schwarz - dev6 Erresse","og_description":"Gro\u00dfe Show mit kompaktem Design Die elegante S Line mit ihrem k\u00fchnen, skulpturalen Design zeichnet sich durch Qualit\u00e4t und Pr\u00e4zision aus. Er verbindet das","og_url":"https:\/\/dev6.erresse-shop.it\/de\/shop\/kleine-elektrogeraete\/kaffeemaschinen-espresso\/automatisch\/jura-kaffeemaschine-s8-piano-schwarz\/","og_site_name":"dev6 Erresse","og_image":[{"url":"https:\/\/interpim.erresse-shop.it\/Import\/Prodotti\/jura-macchina-da-caffe-s8-nero2.jpg","type":"","width":"","height":""},{"url":"https:\/\/interpim.erresse-shop.it\/Import\/Prodotti\/jura-macchina-da-caffe-s8-nero2.jpg","width":1024,"height":1024,"type":"image\/jpeg"}],"twitter_card":"summary_large_image","twitter_image":"https:\/\/interpim.erresse-shop.it\/Import\/Prodotti\/jura-macchina-da-caffe-s8-nero2.jpg","schema":{"@context":"https:\/\/schema.org","@graph":[{"@type":"WebPage","@id":"https:\/\/dev6.erresse-shop.it\/de\/shop\/kleine-elektrogeraete\/kaffeemaschinen-espresso\/automatisch\/jura-kaffeemaschine-s8-piano-schwarz\/","url":"https:\/\/dev6.erresse-shop.it\/de\/shop\/kleine-elektrogeraete\/kaffeemaschinen-espresso\/automatisch\/jura-kaffeemaschine-s8-piano-schwarz\/","name":"JURA Kaffeemaschine S8 Piano Schwarz - dev6 Erresse","isPartOf":{"@id":"https:\/\/dev6.erresse-shop.it\/#website"},"primaryImageOfPage":{"@id":"https:\/\/dev6.erresse-shop.it\/de\/shop\/kleine-elektrogeraete\/kaffeemaschinen-espresso\/automatisch\/jura-kaffeemaschine-s8-piano-schwarz\/#primaryimage"},"image":{"@id":"https:\/\/dev6.erresse-shop.it\/de\/shop\/kleine-elektrogeraete\/kaffeemaschinen-espresso\/automatisch\/jura-kaffeemaschine-s8-piano-schwarz\/#primaryimage"},"thumbnailUrl":"https:\/\/i1.wp.com\/interpim.erresse-shop.it\/Import\/Prodotti\/jura-macchina-da-caffe-s8-nero2.jpg?ssl=1","datePublished":"2026-04-12T07:17:59+00:00","description":"Gro\u00dfe Show mit kompaktem Design Die elegante S Line mit ihrem k\u00fchnen, skulpturalen Design zeichnet sich durch Qualit\u00e4t und Pr\u00e4zision aus. Er verbindet das","breadcrumb":{"@id":"https:\/\/dev6.erresse-shop.it\/de\/shop\/kleine-elektrogeraete\/kaffeemaschinen-espresso\/automatisch\/jura-kaffeemaschine-s8-piano-schwarz\/#breadcrumb"},"inLanguage":"de","potentialAction":[{"@type":"ReadAction","target":["https:\/\/dev6.erresse-shop.it\/de\/shop\/kleine-elektrogeraete\/kaffeemaschinen-espresso\/automatisch\/jura-kaffeemaschine-s8-piano-schwarz\/"]}]},{"@type":"ImageObject","inLanguage":"de","@id":"https:\/\/dev6.erresse-shop.it\/de\/shop\/kleine-elektrogeraete\/kaffeemaschinen-espresso\/automatisch\/jura-kaffeemaschine-s8-piano-schwarz\/#primaryimage","url":"https:\/\/i1.wp.com\/interpim.erresse-shop.it\/Import\/Prodotti\/jura-macchina-da-caffe-s8-nero2.jpg?ssl=1","contentUrl":"https:\/\/i1.wp.com\/interpim.erresse-shop.it\/Import\/Prodotti\/jura-macchina-da-caffe-s8-nero2.jpg?ssl=1"},{"@type":"BreadcrumbList","@id":"https:\/\/dev6.erresse-shop.it\/de\/shop\/kleine-elektrogeraete\/kaffeemaschinen-espresso\/automatisch\/jura-kaffeemaschine-s8-piano-schwarz\/#breadcrumb","itemListElement":[{"@type":"ListItem","position":1,"name":"Home","item":"https:\/\/dev6.erresse-shop.it\/"},{"@type":"ListItem","position":2,"name":"Shop","item":"https:\/\/dev6.erresse-shop.it\/shop\/"},{"@type":"ListItem","position":3,"name":"JURA Kaffeemaschine S8 Piano Schwarz"}]},{"@type":"WebSite","@id":"https:\/\/dev6.erresse-shop.it\/#website","url":"https:\/\/dev6.erresse-shop.it\/","name":"Erresse Shop","description":"","publisher":{"@id":"https:\/\/dev6.erresse-shop.it\/#organization"},"potentialAction":[{"@type":"SearchAction","target":{"@type":"EntryPoint","urlTemplate":"https:\/\/dev6.erresse-shop.it\/?s={search_term_string}"},"query-input":{"@type":"PropertyValueSpecification","valueRequired":true,"valueName":"search_term_string"}}],"inLanguage":"de"},{"@type":"Organization","@id":"https:\/\/dev6.erresse-shop.it\/#organization","name":"Erresse Shop","url":"https:\/\/dev6.erresse-shop.it\/","logo":{"@type":"ImageObject","inLanguage":"de","@id":"https:\/\/dev6.erresse-shop.it\/#\/schema\/logo\/image\/","url":"https:\/\/dev6.erresse-shop.it\/wp-content\/uploads\/2025\/01\/LOGO-ERRESSE-CLASSICO.svg","contentUrl":"https:\/\/dev6.erresse-shop.it\/wp-content\/uploads\/2025\/01\/LOGO-ERRESSE-CLASSICO.svg","caption":"Erresse Shop"},"image":{"@id":"https:\/\/dev6.erresse-shop.it\/#\/schema\/logo\/image\/"}}]}},"df_price":1349.95,"df_sale_price":1349.95,"df_regular_price":1549,"df_image_link":"https:\/\/i1.wp.com\/interpim.erresse-shop.it\/Import\/Prodotti\/jura-macchina-da-caffe-s8-nero2.jpg?resize=300,300&ssl=1","fifu_image_url":"https:\/\/interpim.erresse-shop.it\/Import\/Prodotti\/jura-macchina-da-caffe-s8-nero2.jpg","_links":{"self":[{"href":"https:\/\/dev6.erresse-shop.it\/de\/wp-json\/wp\/v2\/product\/51793","targetHints":{"allow":["GET"]}}],"collection":[{"href":"https:\/\/dev6.erresse-shop.it\/de\/wp-json\/wp\/v2\/product"}],"about":[{"href":"https:\/\/dev6.erresse-shop.it\/de\/wp-json\/wp\/v2\/types\/product"}],"wp:featuredmedia":[{"embeddable":true,"href":"https:\/\/dev6.erresse-shop.it\/de\/wp-json\/wp\/v2\/media\/6359284"}],"wp:attachment":[{"href":"https:\/\/dev6.erresse-shop.it\/de\/wp-json\/wp\/v2\/media?parent=51793"}],"wp:term":[{"taxonomy":"product_cat","embeddable":true,"href":"https:\/\/dev6.erresse-shop.it\/de\/wp-json\/wp\/v2\/product_cat?post=51793"},{"taxonomy":"product_tag","embeddable":true,"href":"https:\/\/dev6.erresse-shop.it\/de\/wp-json\/wp\/v2\/product_tag?post=51793"}],"curies":[{"name":"wp","href":"https:\/\/api.w.org\/{rel}","templated":true}]}}