{"id":51769,"date":"2026-04-12T09:17:59","date_gmt":"2026-04-12T07:17:59","guid":{"rendered":"https:\/\/dev6.erresse-shop.it\/shop\/unkategorisiert\/le-creuset-la-marmite-22-cm-kirsche\/"},"modified":"2025-09-14T01:02:04","modified_gmt":"2025-09-13T23:02:04","slug":"le-creuset-la-marmite-22-cm-kirsche","status":"publish","type":"product","link":"https:\/\/dev6.erresse-shop.it\/de\/shop\/toepfe-pfannen\/schmorpfannen\/le-creuset-la-marmite-22-cm-kirsche\/","title":{"rendered":"LE CREUSET La Marmite 22 cm Kirsche"},"content":{"rendered":"<p>Kochen Sie einen Eintopf auf dem Herd oder lassen Sie ihn im Ofen garen, damit sich die k\u00f6stlichen Aromen intensivieren und miteinander verschmelzen k\u00f6nnen.<\/p>\n<p>Einzelheiten<\/p>\n<p>Unser hitzebest\u00e4ndiger Knopf (bis zu 260 \u00b0C) ist so konzipiert, dass er auch beim Anheben des Deckels mit einem Topflappen optimal in der Hand liegt.<br \/>\nSchnelle Reinigung: Eine d\u00fcnne, keramische Innenschicht erleichtert die Reinigung.<br \/>\nTraumhafte Griffe: Dank unserer breiten Griffe k\u00f6nnen Sie sich auch mit Ofenhandschuhen leicht von der Herdplatte zum Tisch bewegen.<br \/>\nVielseitigkeit: Dieses Produkt ist auch f\u00fcr den Backofen im Grillmodus und f\u00fcr den Herd geeignet.<br \/>\nHervorragender Geschmack: Das verglaste Gusseisen speichert die Hitze f\u00fcr gleichm\u00e4\u00dfiges Garen und Br\u00e4unen. So bleiben Ihre k\u00f6stlichen Kreationen auch am Tisch l\u00e4nger hei\u00df.<br \/>\nBewahrt die Saftigkeit: Unser Deckel h\u00e4lt den Dampf, der beim Garen der Speisen entsteht, zur\u00fcck und verst\u00e4rkt die Aromen f\u00fcr au\u00dfergew\u00f6hnliche Garergebnisse.<br \/>\nEinfach zu halten: Die eleganten und bequemen Griffe erm\u00f6glichen ein sicheres Anheben des Produkts.<br \/>\nBest in Class: Unsere Produkte werden aus den besten Materialien in Fabriken auf der ganzen Welt hergestellt, um die Qualit\u00e4t zu gew\u00e4hrleisten, die Sie von Le Creuset erwarten.<\/p>\n<p>Material Gusseisen glasiert<\/p>\n<p>Hergestellt in Frankreich<\/p>\n<p>Lebenslange Garantie<\/p>\n<p>W\u00e4rmequelle<\/p>\n<p>Backofen<br \/>\nBackofen Grill-Modus<br \/>\nKochfeld elektrisch<br \/>\nKeramisches Glas<br \/>\nGas-Kochfeld<br \/>\nInduktionskochfeld<\/p>\n<p>Abmessungen:<\/p>\n<p>Fassungsverm\u00f6gen: 2,2 l<br \/>\nL\u00e4nge: 29,9 cm<br \/>\nBreite: 23,8 cm<br \/>\nH\u00f6he: 13,2 cm<br \/>\nTiefe: 7,6 cm<\/p>\n<p>Lagerung<br \/>\nGeeignet f\u00fcr Gefrierschrank<\/p>\n<p>Pflege<br \/>\nSp\u00fclmaschinentauglich<\/p>\n<p>Vor der ersten Benutzung<\/p>\n<p>Genie\u00dfen Sie den Moment, in dem Sie das Paket Ihrer neuen Anschaffung \u00f6ffnen! Achten Sie darauf, alle Etiketten und Verpackungen zu entfernen.<br \/>\nWaschen Sie Ihr Le Creuset-Produkt in warmer Seifenlauge, sp\u00fclen Sie es ab und trocknen Sie es gr\u00fcndlich.<\/p>\n<p>Kochen<br \/>\nSch\u00fctzen Sie sich immer mit Topflappen, wenn Sie mit hei\u00dfem Kochgeschirr hantieren.<br \/>\nWir empfehlen die Verwendung von Le Creuset-Silikonutensilien oder solchen aus Holz oder hitzebest\u00e4ndigem Kunststoff. Verwenden Sie Metallbesteck vorsichtig und achten Sie darauf, dass Sie die Kochfl\u00e4che nicht zerkratzen, da dies zu Sch\u00e4den f\u00fchren kann.<br \/>\nVerwenden Sie das Produkt auf dem Kochfeld mit der am besten geeigneten Gr\u00f6\u00dfe: So werden die Speisen gleichm\u00e4\u00dfiger gegart und die Gefahr von Sch\u00e4den an Griffen und Kanten verringert. Dies ist vor allem bei Induktionskochfeldern wichtig: Wenn die falsche Ringgr\u00f6\u00dfe verwendet wird, besteht die Gefahr, dass das Kochfeld das Produkt nicht \u201cerkennt\u201d.<br \/>\nDie besten Ergebnisse werden bei mittlerer oder niedriger Hitze erzielt. Erhitzen Sie das Produkt schrittweise, um einen au\u00dfergew\u00f6hnlichen Geschmack und ein gleichm\u00e4\u00dfiges Garen zu erreichen. Wenn eine h\u00f6here Hitze erforderlich ist, verringern Sie die Intensit\u00e4t, sobald die gew\u00fcnschte Hitze erreicht ist.<br \/>\nSchieben und\/oder ziehen Sie das Ger\u00e4t nicht \u00fcber ein Glaskochfeld, da dies zu Sch\u00e4den an der Basis des Ger\u00e4ts und am Glas f\u00fchren kann. Heben Sie das Produkt immer an, wenn Sie es aufstellen, bewegen oder von der Oberfl\u00e4che entfernen.<\/p>\n<p>Sauber<br \/>\nWarten Sie, bis das Produkt vollst\u00e4ndig abgek\u00fchlt ist, bevor Sie es reinigen.<br \/>\nEntfernen Sie alle Speisereste von der Unterseite und den Kanten des Produkts. Bei hartn\u00e4ckigen Essensresten f\u00fcllen Sie das Produkt mit warmem Seifenwasser und lassen es 15-20 Minuten einweichen, bevor Sie es wie gewohnt waschen.<br \/>\nVerwenden Sie zum Reinigen der Oberfl\u00e4chen keine Scheuermittel oder Metall, Scheuerschw\u00e4mme oder sehr harte, steife B\u00fcrsten.<br \/>\nTrocknen Sie das Produkt nach dem Waschen gr\u00fcndlich ab und bewahren Sie es an einem trockenen Ort auf.<\/p>\n","protected":false},"excerpt":{"rendered":"<p>Kochen Sie einen Eintopf auf dem Herd oder lassen Sie ihn im Ofen garen, damit sich die k\u00f6stlichen Aromen intensivieren und miteinander verschmelzen k\u00f6nnen. Einzelheiten Unser hitzebest\u00e4ndiger Knopf (bis zu 260 \u00b0C) ist so konzipiert, dass er auch beim Anheben des Deckels mit einem Topflappen optimal in der Hand liegt. Schnelle Reinigung: Eine d\u00fcnne, keramische [&hellip;]<\/p>\n","protected":false},"featured_media":6359115,"template":"","meta":{"_acf_changed":false},"product_cat":[11667,12120,12099],"product_tag":[],"class_list":{"0":"post-51769","1":"product","2":"type-product","3":"status-publish","4":"has-post-thumbnail","6":"product_cat-padelle-pentole","7":"product_cat-schmorpfannen","8":"product_cat-toepfe-pfannen","10":"first","11":"outofstock","12":"sale","13":"taxable","14":"shipping-taxable","15":"purchasable","16":"product-type-simple","swatches":"rey-swatches","show_selected":"","stretch_labels":"rey-swatches--stretch-labels"},"acf":[],"yoast_head":"<!-- This site is optimized with the Yoast SEO plugin v25.4 - https:\/\/yoast.com\/wordpress\/plugins\/seo\/ -->\n<title>LE CREUSET La Marmite 22 cm Kirsche - dev6 Erresse<\/title>\n<meta name=\"description\" content=\"Kochen Sie einen Eintopf auf dem Herd oder lassen Sie ihn im Ofen garen, damit sich die k\u00f6stlichen Aromen intensivieren und miteinander verschmelzen\" \/>\n<meta name=\"robots\" content=\"noindex, follow, max-snippet:-1, max-image-preview:large, max-video-preview:-1\" \/>\n<meta property=\"og:locale\" content=\"de_DE\" \/>\n<meta property=\"og:type\" content=\"article\" \/>\n<meta property=\"og:title\" content=\"LE CREUSET La Marmite 22 cm Kirsche - dev6 Erresse\" \/>\n<meta property=\"og:description\" content=\"Kochen Sie einen Eintopf auf dem Herd oder lassen Sie ihn im Ofen garen, damit sich die k\u00f6stlichen Aromen intensivieren und miteinander verschmelzen\" \/>\n<meta property=\"og:url\" content=\"https:\/\/dev6.erresse-shop.it\/de\/shop\/toepfe-pfannen\/schmorpfannen\/le-creuset-la-marmite-22-cm-kirsche\/\" \/>\n<meta property=\"og:site_name\" content=\"dev6 Erresse\" \/>\n<meta property=\"og:image\" content=\"https:\/\/interpim.erresse-shop.it\/Import\/Prodotti\/le-creuset-tegame-alto-ciliegia-22-cm4.jpg\" \/><meta property=\"og:image\" content=\"https:\/\/interpim.erresse-shop.it\/Import\/Prodotti\/le-creuset-tegame-alto-ciliegia-22-cm4.jpg\" \/>\n\t<meta property=\"og:image:width\" content=\"1024\" \/>\n\t<meta property=\"og:image:height\" content=\"1024\" \/>\n\t<meta property=\"og:image:type\" content=\"image\/jpeg\" \/>\n<meta name=\"twitter:card\" content=\"summary_large_image\" \/>\n<meta name=\"twitter:image\" content=\"https:\/\/interpim.erresse-shop.it\/Import\/Prodotti\/le-creuset-tegame-alto-ciliegia-22-cm4.jpg\" \/>\n<script type=\"application\/ld+json\" class=\"yoast-schema-graph\">{\"@context\":\"https:\/\/schema.org\",\"@graph\":[{\"@type\":\"WebPage\",\"@id\":\"https:\/\/dev6.erresse-shop.it\/de\/shop\/toepfe-pfannen\/schmorpfannen\/le-creuset-la-marmite-22-cm-kirsche\/\",\"url\":\"https:\/\/dev6.erresse-shop.it\/de\/shop\/toepfe-pfannen\/schmorpfannen\/le-creuset-la-marmite-22-cm-kirsche\/\",\"name\":\"LE CREUSET La Marmite 22 cm Kirsche - dev6 Erresse\",\"isPartOf\":{\"@id\":\"https:\/\/dev6.erresse-shop.it\/#website\"},\"primaryImageOfPage\":{\"@id\":\"https:\/\/dev6.erresse-shop.it\/de\/shop\/toepfe-pfannen\/schmorpfannen\/le-creuset-la-marmite-22-cm-kirsche\/#primaryimage\"},\"image\":{\"@id\":\"https:\/\/dev6.erresse-shop.it\/de\/shop\/toepfe-pfannen\/schmorpfannen\/le-creuset-la-marmite-22-cm-kirsche\/#primaryimage\"},\"thumbnailUrl\":\"https:\/\/i0.wp.com\/interpim.erresse-shop.it\/Import\/Prodotti\/le-creuset-tegame-alto-ciliegia-22-cm4.jpg?ssl=1\",\"datePublished\":\"2026-04-12T07:17:59+00:00\",\"description\":\"Kochen Sie einen Eintopf auf dem Herd oder lassen Sie ihn im Ofen garen, damit sich die k\u00f6stlichen Aromen intensivieren und miteinander verschmelzen\",\"breadcrumb\":{\"@id\":\"https:\/\/dev6.erresse-shop.it\/de\/shop\/toepfe-pfannen\/schmorpfannen\/le-creuset-la-marmite-22-cm-kirsche\/#breadcrumb\"},\"inLanguage\":\"de\",\"potentialAction\":[{\"@type\":\"ReadAction\",\"target\":[\"https:\/\/dev6.erresse-shop.it\/de\/shop\/toepfe-pfannen\/schmorpfannen\/le-creuset-la-marmite-22-cm-kirsche\/\"]}]},{\"@type\":\"ImageObject\",\"inLanguage\":\"de\",\"@id\":\"https:\/\/dev6.erresse-shop.it\/de\/shop\/toepfe-pfannen\/schmorpfannen\/le-creuset-la-marmite-22-cm-kirsche\/#primaryimage\",\"url\":\"https:\/\/i0.wp.com\/interpim.erresse-shop.it\/Import\/Prodotti\/le-creuset-tegame-alto-ciliegia-22-cm4.jpg?ssl=1\",\"contentUrl\":\"https:\/\/i0.wp.com\/interpim.erresse-shop.it\/Import\/Prodotti\/le-creuset-tegame-alto-ciliegia-22-cm4.jpg?ssl=1\"},{\"@type\":\"BreadcrumbList\",\"@id\":\"https:\/\/dev6.erresse-shop.it\/de\/shop\/toepfe-pfannen\/schmorpfannen\/le-creuset-la-marmite-22-cm-kirsche\/#breadcrumb\",\"itemListElement\":[{\"@type\":\"ListItem\",\"position\":1,\"name\":\"Home\",\"item\":\"https:\/\/dev6.erresse-shop.it\/\"},{\"@type\":\"ListItem\",\"position\":2,\"name\":\"Shop\",\"item\":\"https:\/\/dev6.erresse-shop.it\/shop\/\"},{\"@type\":\"ListItem\",\"position\":3,\"name\":\"LE CREUSET La Marmite 22 cm Kirsche\"}]},{\"@type\":\"WebSite\",\"@id\":\"https:\/\/dev6.erresse-shop.it\/#website\",\"url\":\"https:\/\/dev6.erresse-shop.it\/\",\"name\":\"Erresse Shop\",\"description\":\"\",\"publisher\":{\"@id\":\"https:\/\/dev6.erresse-shop.it\/#organization\"},\"potentialAction\":[{\"@type\":\"SearchAction\",\"target\":{\"@type\":\"EntryPoint\",\"urlTemplate\":\"https:\/\/dev6.erresse-shop.it\/?s={search_term_string}\"},\"query-input\":{\"@type\":\"PropertyValueSpecification\",\"valueRequired\":true,\"valueName\":\"search_term_string\"}}],\"inLanguage\":\"de\"},{\"@type\":\"Organization\",\"@id\":\"https:\/\/dev6.erresse-shop.it\/#organization\",\"name\":\"Erresse Shop\",\"url\":\"https:\/\/dev6.erresse-shop.it\/\",\"logo\":{\"@type\":\"ImageObject\",\"inLanguage\":\"de\",\"@id\":\"https:\/\/dev6.erresse-shop.it\/#\/schema\/logo\/image\/\",\"url\":\"https:\/\/dev6.erresse-shop.it\/wp-content\/uploads\/2025\/01\/LOGO-ERRESSE-CLASSICO.svg\",\"contentUrl\":\"https:\/\/dev6.erresse-shop.it\/wp-content\/uploads\/2025\/01\/LOGO-ERRESSE-CLASSICO.svg\",\"caption\":\"Erresse Shop\"},\"image\":{\"@id\":\"https:\/\/dev6.erresse-shop.it\/#\/schema\/logo\/image\/\"}}]}<\/script>\n<!-- \/ Yoast SEO plugin. -->","yoast_head_json":{"title":"LE CREUSET La Marmite 22 cm Kirsche - dev6 Erresse","description":"Kochen Sie einen Eintopf auf dem Herd oder lassen Sie ihn im Ofen garen, damit sich die k\u00f6stlichen Aromen intensivieren und miteinander verschmelzen","robots":{"index":"noindex","follow":"follow","max-snippet":"max-snippet:-1","max-image-preview":"max-image-preview:large","max-video-preview":"max-video-preview:-1"},"og_locale":"de_DE","og_type":"article","og_title":"LE CREUSET La Marmite 22 cm Kirsche - dev6 Erresse","og_description":"Kochen Sie einen Eintopf auf dem Herd oder lassen Sie ihn im Ofen garen, damit sich die k\u00f6stlichen Aromen intensivieren und miteinander verschmelzen","og_url":"https:\/\/dev6.erresse-shop.it\/de\/shop\/toepfe-pfannen\/schmorpfannen\/le-creuset-la-marmite-22-cm-kirsche\/","og_site_name":"dev6 Erresse","og_image":[{"url":"https:\/\/interpim.erresse-shop.it\/Import\/Prodotti\/le-creuset-tegame-alto-ciliegia-22-cm4.jpg","type":"","width":"","height":""},{"url":"https:\/\/interpim.erresse-shop.it\/Import\/Prodotti\/le-creuset-tegame-alto-ciliegia-22-cm4.jpg","width":1024,"height":1024,"type":"image\/jpeg"}],"twitter_card":"summary_large_image","twitter_image":"https:\/\/interpim.erresse-shop.it\/Import\/Prodotti\/le-creuset-tegame-alto-ciliegia-22-cm4.jpg","schema":{"@context":"https:\/\/schema.org","@graph":[{"@type":"WebPage","@id":"https:\/\/dev6.erresse-shop.it\/de\/shop\/toepfe-pfannen\/schmorpfannen\/le-creuset-la-marmite-22-cm-kirsche\/","url":"https:\/\/dev6.erresse-shop.it\/de\/shop\/toepfe-pfannen\/schmorpfannen\/le-creuset-la-marmite-22-cm-kirsche\/","name":"LE CREUSET La Marmite 22 cm Kirsche - dev6 Erresse","isPartOf":{"@id":"https:\/\/dev6.erresse-shop.it\/#website"},"primaryImageOfPage":{"@id":"https:\/\/dev6.erresse-shop.it\/de\/shop\/toepfe-pfannen\/schmorpfannen\/le-creuset-la-marmite-22-cm-kirsche\/#primaryimage"},"image":{"@id":"https:\/\/dev6.erresse-shop.it\/de\/shop\/toepfe-pfannen\/schmorpfannen\/le-creuset-la-marmite-22-cm-kirsche\/#primaryimage"},"thumbnailUrl":"https:\/\/i0.wp.com\/interpim.erresse-shop.it\/Import\/Prodotti\/le-creuset-tegame-alto-ciliegia-22-cm4.jpg?ssl=1","datePublished":"2026-04-12T07:17:59+00:00","description":"Kochen Sie einen Eintopf auf dem Herd oder lassen Sie ihn im Ofen garen, damit sich die k\u00f6stlichen Aromen intensivieren und miteinander verschmelzen","breadcrumb":{"@id":"https:\/\/dev6.erresse-shop.it\/de\/shop\/toepfe-pfannen\/schmorpfannen\/le-creuset-la-marmite-22-cm-kirsche\/#breadcrumb"},"inLanguage":"de","potentialAction":[{"@type":"ReadAction","target":["https:\/\/dev6.erresse-shop.it\/de\/shop\/toepfe-pfannen\/schmorpfannen\/le-creuset-la-marmite-22-cm-kirsche\/"]}]},{"@type":"ImageObject","inLanguage":"de","@id":"https:\/\/dev6.erresse-shop.it\/de\/shop\/toepfe-pfannen\/schmorpfannen\/le-creuset-la-marmite-22-cm-kirsche\/#primaryimage","url":"https:\/\/i0.wp.com\/interpim.erresse-shop.it\/Import\/Prodotti\/le-creuset-tegame-alto-ciliegia-22-cm4.jpg?ssl=1","contentUrl":"https:\/\/i0.wp.com\/interpim.erresse-shop.it\/Import\/Prodotti\/le-creuset-tegame-alto-ciliegia-22-cm4.jpg?ssl=1"},{"@type":"BreadcrumbList","@id":"https:\/\/dev6.erresse-shop.it\/de\/shop\/toepfe-pfannen\/schmorpfannen\/le-creuset-la-marmite-22-cm-kirsche\/#breadcrumb","itemListElement":[{"@type":"ListItem","position":1,"name":"Home","item":"https:\/\/dev6.erresse-shop.it\/"},{"@type":"ListItem","position":2,"name":"Shop","item":"https:\/\/dev6.erresse-shop.it\/shop\/"},{"@type":"ListItem","position":3,"name":"LE CREUSET La Marmite 22 cm Kirsche"}]},{"@type":"WebSite","@id":"https:\/\/dev6.erresse-shop.it\/#website","url":"https:\/\/dev6.erresse-shop.it\/","name":"Erresse Shop","description":"","publisher":{"@id":"https:\/\/dev6.erresse-shop.it\/#organization"},"potentialAction":[{"@type":"SearchAction","target":{"@type":"EntryPoint","urlTemplate":"https:\/\/dev6.erresse-shop.it\/?s={search_term_string}"},"query-input":{"@type":"PropertyValueSpecification","valueRequired":true,"valueName":"search_term_string"}}],"inLanguage":"de"},{"@type":"Organization","@id":"https:\/\/dev6.erresse-shop.it\/#organization","name":"Erresse Shop","url":"https:\/\/dev6.erresse-shop.it\/","logo":{"@type":"ImageObject","inLanguage":"de","@id":"https:\/\/dev6.erresse-shop.it\/#\/schema\/logo\/image\/","url":"https:\/\/dev6.erresse-shop.it\/wp-content\/uploads\/2025\/01\/LOGO-ERRESSE-CLASSICO.svg","contentUrl":"https:\/\/dev6.erresse-shop.it\/wp-content\/uploads\/2025\/01\/LOGO-ERRESSE-CLASSICO.svg","caption":"Erresse Shop"},"image":{"@id":"https:\/\/dev6.erresse-shop.it\/#\/schema\/logo\/image\/"}}]}},"df_price":159.95,"df_sale_price":159.95,"df_regular_price":225,"df_image_link":"https:\/\/i0.wp.com\/interpim.erresse-shop.it\/Import\/Prodotti\/le-creuset-tegame-alto-ciliegia-22-cm4.jpg?resize=300,300&ssl=1","fifu_image_url":"https:\/\/interpim.erresse-shop.it\/Import\/Prodotti\/le-creuset-tegame-alto-ciliegia-22-cm4.jpg","_links":{"self":[{"href":"https:\/\/dev6.erresse-shop.it\/de\/wp-json\/wp\/v2\/product\/51769","targetHints":{"allow":["GET"]}}],"collection":[{"href":"https:\/\/dev6.erresse-shop.it\/de\/wp-json\/wp\/v2\/product"}],"about":[{"href":"https:\/\/dev6.erresse-shop.it\/de\/wp-json\/wp\/v2\/types\/product"}],"wp:featuredmedia":[{"embeddable":true,"href":"https:\/\/dev6.erresse-shop.it\/de\/wp-json\/wp\/v2\/media\/6359115"}],"wp:attachment":[{"href":"https:\/\/dev6.erresse-shop.it\/de\/wp-json\/wp\/v2\/media?parent=51769"}],"wp:term":[{"taxonomy":"product_cat","embeddable":true,"href":"https:\/\/dev6.erresse-shop.it\/de\/wp-json\/wp\/v2\/product_cat?post=51769"},{"taxonomy":"product_tag","embeddable":true,"href":"https:\/\/dev6.erresse-shop.it\/de\/wp-json\/wp\/v2\/product_tag?post=51769"}],"curies":[{"name":"wp","href":"https:\/\/api.w.org\/{rel}","templated":true}]}}