{"id":51767,"date":"2026-04-04T09:16:13","date_gmt":"2026-04-04T07:16:13","guid":{"rendered":"https:\/\/dev6.erresse-shop.it\/shop\/unkategorisiert\/le-creuset-schalldaempfer-22-cm-schwarz\/"},"modified":"2025-09-14T01:02:00","modified_gmt":"2025-09-13T23:02:00","slug":"le-creuset-schalldaempfer-22-cm-schwarz","status":"publish","type":"product","link":"https:\/\/dev6.erresse-shop.it\/de\/shop\/toepfe-pfannen\/schalldaempfer-und-kokotten\/le-creuset-schalldaempfer-22-cm-schwarz\/","title":{"rendered":"LE CREUSET Schalld\u00e4mpfer 22 cm Schwarz"},"content":{"rendered":"<p>Kochen Sie Ihren Lieblingseintopf auf dem Herd oder lassen Sie ihn im Ofen garen, damit sich all die k\u00f6stlichen Aromen entfalten und vermischen k\u00f6nnen.<br \/>\nMit seinen abgeschr\u00e4gten Seiten, dem gew\u00f6lbten Deckel und der gleichm\u00e4\u00dfigen W\u00e4rmespeicherung sorgt dieser runde Gusseisentopf f\u00fcr noch mehr Genuss beim Kochen.<\/p>\n<p>Bleiben Sie ruhig: Unser hitzebest\u00e4ndiger Knopf (bis zu 260 \u00b0C) ist so konzipiert, dass Sie ihn auch mit Ofenhandschuhen gut greifen k\u00f6nnen, um den Deckel zu \u00f6ffnen.<br \/>\nSchnelle Reinigung: Eine klar emaillierte Innenseite erleichtert die Reinigung.<br \/>\nTraumhafte Griffe: Dank unserer gro\u00dfen Griffe k\u00f6nnen Sie auch mit Ofenhandschuhen m\u00fchelos von der Herdplatte zum Ofen und zum Tisch wechseln.<br \/>\nEin echtes Arbeitstier: geeignet f\u00fcr Ofen, Kochfeld, Induktion oder unter dem Grill.<br \/>\nGro\u00dfartiger Genuss: Die gusseiserne Struktur speichert die Hitze f\u00fcr gleichm\u00e4\u00dfiges Garen und Br\u00e4unen. So bleiben Ihre k\u00f6stlichen Kreationen am Tisch noch l\u00e4nger hei\u00df.<br \/>\nSchlie\u00dft die Feuchtigkeit ein: Unser dicht schlie\u00dfender Deckel tr\u00e4gt dazu bei, die Feuchtigkeit zu erh\u00f6hen und den Geschmack zu verbessern \u2013 f\u00fcr perfekt gegartes Essen.<br \/>\nEinfacher Griff: Die eleganten und bequemen Griffe erm\u00f6glichen ein sicheres Anheben.<br \/>\nErstklassig: Unsere Produkte werden aus den besten Materialien in Produktionsst\u00e4tten auf der ganzen Welt hergestellt und garantieren die Qualit\u00e4t, die Sie von Le Creuset erwarten.<\/p>\n<p>Material: verglastes Gusseisen<br \/>\nHergestellt in: Frankreich<br \/>\nGarantie: lebenslang<\/p>\n<p>W\u00e4rmequelle:<\/p>\n<p>Backofen<br \/>\nBackofen Grill-Modus<br \/>\nKochfeld elektrisch<br \/>\nKeramisches Glas<br \/>\nGas-Kochfeld<br \/>\nInduktionskochfeld<\/p>\n<p>Reinigung und Pflege:<\/p>\n<p>Warten Sie, bis das Produkt abgek\u00fchlt ist, bevor Sie es reinigen.<br \/>\nReinigen Sie den Boden und die Seiten des Produkts von eventuellen R\u00fcckst\u00e4nden. Wenn Lebensmittel daran haften, f\u00fcllen Sie das Produkt mit warmer Seifenlauge und lassen Sie es 15-20 Minuten einweichen, bevor Sie es wie gewohnt waschen.<br \/>\nVerwenden Sie keine scheuernden Reinigungsmittel oder scheuernde oder sehr steife Metallschw\u00e4mme oder B\u00fcrsten f\u00fcr die Oberfl\u00e4chen.<br \/>\nNach dem Waschen gut abtrocknen und an einem trockenen Ort aufbewahren.<\/p>\n","protected":false},"excerpt":{"rendered":"<p>Kochen Sie Ihren Lieblingseintopf auf dem Herd oder lassen Sie ihn im Ofen garen, damit sich all die k\u00f6stlichen Aromen entfalten und vermischen k\u00f6nnen. Mit seinen abgeschr\u00e4gten Seiten, dem gew\u00f6lbten Deckel und der gleichm\u00e4\u00dfigen W\u00e4rmespeicherung sorgt dieser runde Gusseisentopf f\u00fcr noch mehr Genuss beim Kochen. Bleiben Sie ruhig: Unser hitzebest\u00e4ndiger Knopf (bis zu 260 \u00b0C) [&hellip;]<\/p>\n","protected":false},"featured_media":6275813,"template":"","meta":{"_acf_changed":false},"product_cat":[11667,12108,12099],"product_tag":[],"class_list":{"0":"post-51767","1":"product","2":"type-product","3":"status-publish","4":"has-post-thumbnail","6":"product_cat-padelle-pentole","7":"product_cat-schalldaempfer-und-kokotten","8":"product_cat-toepfe-pfannen","10":"first","11":"outofstock","12":"sale","13":"taxable","14":"shipping-taxable","15":"purchasable","16":"product-type-simple","swatches":"rey-swatches","show_selected":"","stretch_labels":"rey-swatches--stretch-labels"},"acf":[],"yoast_head":"<!-- This site is optimized with the Yoast SEO plugin v25.4 - https:\/\/yoast.com\/wordpress\/plugins\/seo\/ -->\n<title>LE CREUSET Schalld\u00e4mpfer 22 cm Schwarz - dev6 Erresse<\/title>\n<meta name=\"description\" content=\"Kochen Sie Ihren Lieblingseintopf auf dem Herd oder lassen Sie ihn im Ofen garen, damit sich all die k\u00f6stlichen Aromen entfalten und vermischen k\u00f6nnen.\" \/>\n<meta name=\"robots\" content=\"noindex, follow, max-snippet:-1, max-image-preview:large, max-video-preview:-1\" \/>\n<meta property=\"og:locale\" content=\"de_DE\" \/>\n<meta property=\"og:type\" content=\"article\" \/>\n<meta property=\"og:title\" content=\"LE CREUSET Schalld\u00e4mpfer 22 cm Schwarz - dev6 Erresse\" \/>\n<meta property=\"og:description\" content=\"Kochen Sie Ihren Lieblingseintopf auf dem Herd oder lassen Sie ihn im Ofen garen, damit sich all die k\u00f6stlichen Aromen entfalten und vermischen k\u00f6nnen.\" \/>\n<meta property=\"og:url\" content=\"https:\/\/dev6.erresse-shop.it\/de\/shop\/toepfe-pfannen\/schalldaempfer-und-kokotten\/le-creuset-schalldaempfer-22-cm-schwarz\/\" \/>\n<meta property=\"og:site_name\" content=\"dev6 Erresse\" \/>\n<meta property=\"og:image\" content=\"https:\/\/interpim.erresse-shop.it\/Import\/Prodotti\/le-creuset-marmitta-nero-26-cm4.jpg\" \/><meta property=\"og:image\" content=\"https:\/\/interpim.erresse-shop.it\/Import\/Prodotti\/le-creuset-marmitta-nero-26-cm4.jpg\" \/>\n\t<meta property=\"og:image:width\" content=\"1024\" \/>\n\t<meta property=\"og:image:height\" content=\"1024\" \/>\n\t<meta property=\"og:image:type\" content=\"image\/jpeg\" \/>\n<meta name=\"twitter:card\" content=\"summary_large_image\" \/>\n<meta name=\"twitter:image\" content=\"https:\/\/interpim.erresse-shop.it\/Import\/Prodotti\/le-creuset-marmitta-nero-26-cm4.jpg\" \/>\n<script type=\"application\/ld+json\" class=\"yoast-schema-graph\">{\"@context\":\"https:\/\/schema.org\",\"@graph\":[{\"@type\":\"WebPage\",\"@id\":\"https:\/\/dev6.erresse-shop.it\/de\/shop\/toepfe-pfannen\/schalldaempfer-und-kokotten\/le-creuset-schalldaempfer-22-cm-schwarz\/\",\"url\":\"https:\/\/dev6.erresse-shop.it\/de\/shop\/toepfe-pfannen\/schalldaempfer-und-kokotten\/le-creuset-schalldaempfer-22-cm-schwarz\/\",\"name\":\"LE CREUSET Schalld\u00e4mpfer 22 cm Schwarz - dev6 Erresse\",\"isPartOf\":{\"@id\":\"https:\/\/dev6.erresse-shop.it\/#website\"},\"primaryImageOfPage\":{\"@id\":\"https:\/\/dev6.erresse-shop.it\/de\/shop\/toepfe-pfannen\/schalldaempfer-und-kokotten\/le-creuset-schalldaempfer-22-cm-schwarz\/#primaryimage\"},\"image\":{\"@id\":\"https:\/\/dev6.erresse-shop.it\/de\/shop\/toepfe-pfannen\/schalldaempfer-und-kokotten\/le-creuset-schalldaempfer-22-cm-schwarz\/#primaryimage\"},\"thumbnailUrl\":\"https:\/\/i2.wp.com\/interpim.erresse-shop.it\/Import\/Prodotti\/le-creuset-marmitta-nero-26-cm4.jpg?ssl=1\",\"datePublished\":\"2026-04-04T07:16:13+00:00\",\"description\":\"Kochen Sie Ihren Lieblingseintopf auf dem Herd oder lassen Sie ihn im Ofen garen, damit sich all die k\u00f6stlichen Aromen entfalten und vermischen k\u00f6nnen.\",\"breadcrumb\":{\"@id\":\"https:\/\/dev6.erresse-shop.it\/de\/shop\/toepfe-pfannen\/schalldaempfer-und-kokotten\/le-creuset-schalldaempfer-22-cm-schwarz\/#breadcrumb\"},\"inLanguage\":\"de\",\"potentialAction\":[{\"@type\":\"ReadAction\",\"target\":[\"https:\/\/dev6.erresse-shop.it\/de\/shop\/toepfe-pfannen\/schalldaempfer-und-kokotten\/le-creuset-schalldaempfer-22-cm-schwarz\/\"]}]},{\"@type\":\"ImageObject\",\"inLanguage\":\"de\",\"@id\":\"https:\/\/dev6.erresse-shop.it\/de\/shop\/toepfe-pfannen\/schalldaempfer-und-kokotten\/le-creuset-schalldaempfer-22-cm-schwarz\/#primaryimage\",\"url\":\"https:\/\/i2.wp.com\/interpim.erresse-shop.it\/Import\/Prodotti\/le-creuset-marmitta-nero-26-cm4.jpg?ssl=1\",\"contentUrl\":\"https:\/\/i2.wp.com\/interpim.erresse-shop.it\/Import\/Prodotti\/le-creuset-marmitta-nero-26-cm4.jpg?ssl=1\"},{\"@type\":\"BreadcrumbList\",\"@id\":\"https:\/\/dev6.erresse-shop.it\/de\/shop\/toepfe-pfannen\/schalldaempfer-und-kokotten\/le-creuset-schalldaempfer-22-cm-schwarz\/#breadcrumb\",\"itemListElement\":[{\"@type\":\"ListItem\",\"position\":1,\"name\":\"Home\",\"item\":\"https:\/\/dev6.erresse-shop.it\/\"},{\"@type\":\"ListItem\",\"position\":2,\"name\":\"Shop\",\"item\":\"https:\/\/dev6.erresse-shop.it\/shop\/\"},{\"@type\":\"ListItem\",\"position\":3,\"name\":\"LE CREUSET Schalld\u00e4mpfer 22 cm Schwarz\"}]},{\"@type\":\"WebSite\",\"@id\":\"https:\/\/dev6.erresse-shop.it\/#website\",\"url\":\"https:\/\/dev6.erresse-shop.it\/\",\"name\":\"Erresse Shop\",\"description\":\"\",\"publisher\":{\"@id\":\"https:\/\/dev6.erresse-shop.it\/#organization\"},\"potentialAction\":[{\"@type\":\"SearchAction\",\"target\":{\"@type\":\"EntryPoint\",\"urlTemplate\":\"https:\/\/dev6.erresse-shop.it\/?s={search_term_string}\"},\"query-input\":{\"@type\":\"PropertyValueSpecification\",\"valueRequired\":true,\"valueName\":\"search_term_string\"}}],\"inLanguage\":\"de\"},{\"@type\":\"Organization\",\"@id\":\"https:\/\/dev6.erresse-shop.it\/#organization\",\"name\":\"Erresse Shop\",\"url\":\"https:\/\/dev6.erresse-shop.it\/\",\"logo\":{\"@type\":\"ImageObject\",\"inLanguage\":\"de\",\"@id\":\"https:\/\/dev6.erresse-shop.it\/#\/schema\/logo\/image\/\",\"url\":\"https:\/\/dev6.erresse-shop.it\/wp-content\/uploads\/2025\/01\/LOGO-ERRESSE-CLASSICO.svg\",\"contentUrl\":\"https:\/\/dev6.erresse-shop.it\/wp-content\/uploads\/2025\/01\/LOGO-ERRESSE-CLASSICO.svg\",\"caption\":\"Erresse Shop\"},\"image\":{\"@id\":\"https:\/\/dev6.erresse-shop.it\/#\/schema\/logo\/image\/\"}}]}<\/script>\n<!-- \/ Yoast SEO plugin. -->","yoast_head_json":{"title":"LE CREUSET Schalld\u00e4mpfer 22 cm Schwarz - dev6 Erresse","description":"Kochen Sie Ihren Lieblingseintopf auf dem Herd oder lassen Sie ihn im Ofen garen, damit sich all die k\u00f6stlichen Aromen entfalten und vermischen k\u00f6nnen.","robots":{"index":"noindex","follow":"follow","max-snippet":"max-snippet:-1","max-image-preview":"max-image-preview:large","max-video-preview":"max-video-preview:-1"},"og_locale":"de_DE","og_type":"article","og_title":"LE CREUSET Schalld\u00e4mpfer 22 cm Schwarz - dev6 Erresse","og_description":"Kochen Sie Ihren Lieblingseintopf auf dem Herd oder lassen Sie ihn im Ofen garen, damit sich all die k\u00f6stlichen Aromen entfalten und vermischen k\u00f6nnen.","og_url":"https:\/\/dev6.erresse-shop.it\/de\/shop\/toepfe-pfannen\/schalldaempfer-und-kokotten\/le-creuset-schalldaempfer-22-cm-schwarz\/","og_site_name":"dev6 Erresse","og_image":[{"url":"https:\/\/interpim.erresse-shop.it\/Import\/Prodotti\/le-creuset-marmitta-nero-26-cm4.jpg","type":"","width":"","height":""},{"url":"https:\/\/interpim.erresse-shop.it\/Import\/Prodotti\/le-creuset-marmitta-nero-26-cm4.jpg","width":1024,"height":1024,"type":"image\/jpeg"}],"twitter_card":"summary_large_image","twitter_image":"https:\/\/interpim.erresse-shop.it\/Import\/Prodotti\/le-creuset-marmitta-nero-26-cm4.jpg","schema":{"@context":"https:\/\/schema.org","@graph":[{"@type":"WebPage","@id":"https:\/\/dev6.erresse-shop.it\/de\/shop\/toepfe-pfannen\/schalldaempfer-und-kokotten\/le-creuset-schalldaempfer-22-cm-schwarz\/","url":"https:\/\/dev6.erresse-shop.it\/de\/shop\/toepfe-pfannen\/schalldaempfer-und-kokotten\/le-creuset-schalldaempfer-22-cm-schwarz\/","name":"LE CREUSET Schalld\u00e4mpfer 22 cm Schwarz - dev6 Erresse","isPartOf":{"@id":"https:\/\/dev6.erresse-shop.it\/#website"},"primaryImageOfPage":{"@id":"https:\/\/dev6.erresse-shop.it\/de\/shop\/toepfe-pfannen\/schalldaempfer-und-kokotten\/le-creuset-schalldaempfer-22-cm-schwarz\/#primaryimage"},"image":{"@id":"https:\/\/dev6.erresse-shop.it\/de\/shop\/toepfe-pfannen\/schalldaempfer-und-kokotten\/le-creuset-schalldaempfer-22-cm-schwarz\/#primaryimage"},"thumbnailUrl":"https:\/\/i2.wp.com\/interpim.erresse-shop.it\/Import\/Prodotti\/le-creuset-marmitta-nero-26-cm4.jpg?ssl=1","datePublished":"2026-04-04T07:16:13+00:00","description":"Kochen Sie Ihren Lieblingseintopf auf dem Herd oder lassen Sie ihn im Ofen garen, damit sich all die k\u00f6stlichen Aromen entfalten und vermischen k\u00f6nnen.","breadcrumb":{"@id":"https:\/\/dev6.erresse-shop.it\/de\/shop\/toepfe-pfannen\/schalldaempfer-und-kokotten\/le-creuset-schalldaempfer-22-cm-schwarz\/#breadcrumb"},"inLanguage":"de","potentialAction":[{"@type":"ReadAction","target":["https:\/\/dev6.erresse-shop.it\/de\/shop\/toepfe-pfannen\/schalldaempfer-und-kokotten\/le-creuset-schalldaempfer-22-cm-schwarz\/"]}]},{"@type":"ImageObject","inLanguage":"de","@id":"https:\/\/dev6.erresse-shop.it\/de\/shop\/toepfe-pfannen\/schalldaempfer-und-kokotten\/le-creuset-schalldaempfer-22-cm-schwarz\/#primaryimage","url":"https:\/\/i2.wp.com\/interpim.erresse-shop.it\/Import\/Prodotti\/le-creuset-marmitta-nero-26-cm4.jpg?ssl=1","contentUrl":"https:\/\/i2.wp.com\/interpim.erresse-shop.it\/Import\/Prodotti\/le-creuset-marmitta-nero-26-cm4.jpg?ssl=1"},{"@type":"BreadcrumbList","@id":"https:\/\/dev6.erresse-shop.it\/de\/shop\/toepfe-pfannen\/schalldaempfer-und-kokotten\/le-creuset-schalldaempfer-22-cm-schwarz\/#breadcrumb","itemListElement":[{"@type":"ListItem","position":1,"name":"Home","item":"https:\/\/dev6.erresse-shop.it\/"},{"@type":"ListItem","position":2,"name":"Shop","item":"https:\/\/dev6.erresse-shop.it\/shop\/"},{"@type":"ListItem","position":3,"name":"LE CREUSET Schalld\u00e4mpfer 22 cm Schwarz"}]},{"@type":"WebSite","@id":"https:\/\/dev6.erresse-shop.it\/#website","url":"https:\/\/dev6.erresse-shop.it\/","name":"Erresse Shop","description":"","publisher":{"@id":"https:\/\/dev6.erresse-shop.it\/#organization"},"potentialAction":[{"@type":"SearchAction","target":{"@type":"EntryPoint","urlTemplate":"https:\/\/dev6.erresse-shop.it\/?s={search_term_string}"},"query-input":{"@type":"PropertyValueSpecification","valueRequired":true,"valueName":"search_term_string"}}],"inLanguage":"de"},{"@type":"Organization","@id":"https:\/\/dev6.erresse-shop.it\/#organization","name":"Erresse Shop","url":"https:\/\/dev6.erresse-shop.it\/","logo":{"@type":"ImageObject","inLanguage":"de","@id":"https:\/\/dev6.erresse-shop.it\/#\/schema\/logo\/image\/","url":"https:\/\/dev6.erresse-shop.it\/wp-content\/uploads\/2025\/01\/LOGO-ERRESSE-CLASSICO.svg","contentUrl":"https:\/\/dev6.erresse-shop.it\/wp-content\/uploads\/2025\/01\/LOGO-ERRESSE-CLASSICO.svg","caption":"Erresse Shop"},"image":{"@id":"https:\/\/dev6.erresse-shop.it\/#\/schema\/logo\/image\/"}}]}},"df_price":209.95,"df_sale_price":209.95,"df_regular_price":299,"df_image_link":"https:\/\/i2.wp.com\/interpim.erresse-shop.it\/Import\/Prodotti\/le-creuset-marmitta-nero-26-cm4.jpg?resize=300,300&ssl=1","fifu_image_url":"https:\/\/interpim.erresse-shop.it\/Import\/Prodotti\/le-creuset-marmitta-nero-26-cm4.jpg","_links":{"self":[{"href":"https:\/\/dev6.erresse-shop.it\/de\/wp-json\/wp\/v2\/product\/51767","targetHints":{"allow":["GET"]}}],"collection":[{"href":"https:\/\/dev6.erresse-shop.it\/de\/wp-json\/wp\/v2\/product"}],"about":[{"href":"https:\/\/dev6.erresse-shop.it\/de\/wp-json\/wp\/v2\/types\/product"}],"wp:featuredmedia":[{"embeddable":true,"href":"https:\/\/dev6.erresse-shop.it\/de\/wp-json\/wp\/v2\/media\/6275813"}],"wp:attachment":[{"href":"https:\/\/dev6.erresse-shop.it\/de\/wp-json\/wp\/v2\/media?parent=51767"}],"wp:term":[{"taxonomy":"product_cat","embeddable":true,"href":"https:\/\/dev6.erresse-shop.it\/de\/wp-json\/wp\/v2\/product_cat?post=51767"},{"taxonomy":"product_tag","embeddable":true,"href":"https:\/\/dev6.erresse-shop.it\/de\/wp-json\/wp\/v2\/product_tag?post=51767"}],"curies":[{"name":"wp","href":"https:\/\/api.w.org\/{rel}","templated":true}]}}