{"id":51765,"date":"2026-04-04T09:16:13","date_gmt":"2026-04-04T07:16:13","guid":{"rendered":"https:\/\/dev6.erresse-shop.it\/shop\/unkategorisiert\/le-creuset-runde-tiefe-gusseisen-cocotte-26-cm-glaenzendes-schwarz\/"},"modified":"2025-09-14T01:01:57","modified_gmt":"2025-09-13T23:01:57","slug":"le-creuset-runde-tiefe-gusseisen-cocotte-26-cm-glaenzendes-schwarz","status":"publish","type":"product","link":"https:\/\/dev6.erresse-shop.it\/de\/shop\/toepfe-pfannen\/schalldaempfer-und-kokotten\/le-creuset-runde-tiefe-gusseisen-cocotte-26-cm-glaenzendes-schwarz\/","title":{"rendered":"LE CREUSET Runde Tiefe Gusseisen Cocotte 26 cm Gl\u00e4nzendes Schwarz"},"content":{"rendered":"<p>Gro\u00dfz\u00fcgige Portionen f\u00fcr alle<br \/>\nIn dem Topf aus verglastem Gusseisen k\u00f6nnen Sie dank seiner hohen W\u00e4nde gro\u00dfz\u00fcgige Portionen zubereiten. Verwenden Sie ihn f\u00fcr die Zubereitung von Suppen, Eint\u00f6pfen und vielem mehr, besonders wenn Sie f\u00fcr viele Personen kochen m\u00fcssen. Mit dieser gro\u00dfen Cocotte k\u00f6nnen Sie 8 bis 10 Portionen servieren. Bringen Sie es an den Tisch und laden Sie alle ein, sich selbst zu bedienen.<\/p>\n<p>Details zum Produkt<br \/>\nUnser hitzebest\u00e4ndiger Knopf (bis zu 260 \u00b0C) ist so konzipiert, dass er auch beim Anheben des Deckels mit einem Topflappen optimal in der Hand liegt.<br \/>\nSchnelle Reinigung: Eine d\u00fcnne, keramische Innenschicht erleichtert die Reinigung.<br \/>\nTolle Griffe: Dank unserer gro\u00dfen Griffe k\u00f6nnen Sie sich auch mit Ofenhandschuhen leicht von der Herdplatte zum Tisch bewegen.<br \/>\nVielseitigkeit: Dieses Produkt ist f\u00fcr Backofen, Herd und Grill geeignet.<br \/>\nHervorragender Geschmack: Das verglaste Gusseisen speichert die Hitze f\u00fcr gleichm\u00e4\u00dfiges Garen und Br\u00e4unen. So bleiben Ihre k\u00f6stlichen Kreationen am Tisch l\u00e4nger hei\u00df.<br \/>\nBewahrt die Saftigkeit: Unser Deckel h\u00e4lt den Dampf, der beim Garen der Speisen entsteht, zur\u00fcck und verst\u00e4rkt die Aromen f\u00fcr au\u00dfergew\u00f6hnliche Garergebnisse.<br \/>\nEinfach zu halten: Die eleganten und bequemen Griffe erm\u00f6glichen ein sicheres Anheben des Produkts.<br \/>\nNicht zu hei\u00df: Kochen Sie bei gleichbleibend niedriger bis mittlerer Hitze, um Ihr Produkt aus verglastem Gusseisen zu schonen und k\u00f6stliche Ergebnisse zu erzielen.<br \/>\nBest in Class: Unsere Produkte werden aus den besten Materialien in Fabriken auf der ganzen Welt hergestellt, um die Qualit\u00e4t zu garantieren, die Sie von Le Creuset erwarten.<\/p>\n<p>Material: glasiertes Gusseisen<br \/>\nHergestellt in: Frankreich<br \/>\nGarantie: Lebenslange Garantie<\/p>\n<p>W\u00e4rmequelle<br \/>\nBackofen Grill-Modus<br \/>\nBackofen<br \/>\nKochfeld elektrisch<br \/>\nKeramisches Glas<br \/>\nGas-Kochfeld<br \/>\nInduktionskochfeld<\/p>\n<p>Abmessungen<br \/>\nFassungsverm\u00f6gen: 5 l<br \/>\nL\u00e4nge: 35,3 cm<br \/>\nBreite: 27,4 cm<br \/>\nH\u00f6he: 17,2 cm<\/p>\n<p>Lagerung<br \/>\nGeeignet f\u00fcr Gefrierschrank<\/p>\n<p>Pflege<br \/>\nSp\u00fclmaschinentauglich<\/p>\n<p>Vor der ersten Benutzung<br \/>\nGenie\u00dfen Sie den Moment, in dem Sie das Paket Ihrer neuen Anschaffung \u00f6ffnen! Achten Sie darauf, alle Etiketten und Verpackungen zu entfernen.<br \/>\nWaschen Sie Ihr Le Creuset-Produkt in warmer Seifenlauge, sp\u00fclen Sie es ab und trocknen Sie es gr\u00fcndlich.<\/p>\n<p>Kochen<br \/>\nSch\u00fctzen Sie sich immer mit Topflappen, wenn Sie mit hei\u00dfem Kochgeschirr hantieren.<br \/>\nWir empfehlen, nur Le Creuset-Silikonbesteck oder Besteck aus Holz oder hitzebest\u00e4ndigem Kunststoff zu verwenden. Verwenden Sie KEINE Messer oder Metallutensilien, um Kratzer auf der verglasten Oberfl\u00e4che des Produkts zu vermeiden.<br \/>\nVerwenden Sie das Produkt auf dem Kochfeld mit der am besten geeigneten Gr\u00f6\u00dfe: So werden die Speisen gleichm\u00e4\u00dfiger gegart und die Gefahr einer Besch\u00e4digung der Griffe und Seitenw\u00e4nde verringert. Dies ist vor allem bei Induktionskochfeldern wichtig: Wenn die falsche Ringgr\u00f6\u00dfe verwendet wird, besteht die Gefahr, dass das Kochfeld das Produkt nicht \u201cerkennt\u201d.<br \/>\nDie besten Ergebnisse werden bei mittlerer oder niedriger Hitze erzielt. Erhitzen Sie die Pfanne nach und nach, um einen au\u00dfergew\u00f6hnlichen Geschmack und ein gleichm\u00e4\u00dfiges Garen zu erreichen. Wenn eine hohe Hitze erforderlich ist, verringern Sie die Intensit\u00e4t, sobald die gew\u00fcnschte Hitze erreicht ist.<br \/>\nSchieben Sie das Ger\u00e4t nicht auf ein Glaskochfeld, da dies zu Sch\u00e4den an der Basis des Ger\u00e4ts und am Glas f\u00fchren kann. Heben Sie das Produkt immer an, wenn Sie es aufstellen, bewegen oder von der Oberfl\u00e4che entfernen.<\/p>\n<p>Sauber<br \/>\nWarten Sie, bis das Produkt vollst\u00e4ndig abgek\u00fchlt ist, bevor Sie es reinigen.<br \/>\nEntfernen Sie alle R\u00fcckst\u00e4nde vom Boden und den Seiten des Produkts. Bei hartn\u00e4ckigen Essensresten f\u00fcllen Sie das Produkt mit lauwarmem Seifenwasser und lassen es 15-20 Minuten einweichen, bevor Sie es wie gewohnt waschen.<br \/>\nVerwenden Sie zum Reinigen der Oberfl\u00e4chen keine Scheuermittel oder Metall, Scheuerschw\u00e4mme oder sehr harte, steife B\u00fcrsten.<br \/>\nTrocknen Sie das Produkt nach dem Waschen gr\u00fcndlich ab und lagern Sie es an einem trockenen Ort.<\/p>\n","protected":false},"excerpt":{"rendered":"<p>Gro\u00dfz\u00fcgige Portionen f\u00fcr alle In dem Topf aus verglastem Gusseisen k\u00f6nnen Sie dank seiner hohen W\u00e4nde gro\u00dfz\u00fcgige Portionen zubereiten. Verwenden Sie ihn f\u00fcr die Zubereitung von Suppen, Eint\u00f6pfen und vielem mehr, besonders wenn Sie f\u00fcr viele Personen kochen m\u00fcssen. Mit dieser gro\u00dfen Cocotte k\u00f6nnen Sie 8 bis 10 Portionen servieren. Bringen Sie es an den [&hellip;]<\/p>\n","protected":false},"featured_media":6275797,"template":"","meta":{"_acf_changed":false},"product_cat":[11667,12108,12099],"product_tag":[],"class_list":{"0":"post-51765","1":"product","2":"type-product","3":"status-publish","4":"has-post-thumbnail","6":"product_cat-padelle-pentole","7":"product_cat-schalldaempfer-und-kokotten","8":"product_cat-toepfe-pfannen","10":"first","11":"outofstock","12":"sale","13":"taxable","14":"shipping-taxable","15":"purchasable","16":"product-type-simple","swatches":"rey-swatches","show_selected":"","stretch_labels":"rey-swatches--stretch-labels"},"acf":[],"yoast_head":"<!-- This site is optimized with the Yoast SEO plugin v25.4 - https:\/\/yoast.com\/wordpress\/plugins\/seo\/ -->\n<title>LE CREUSET Runde Tiefe Gusseisen Cocotte 26 cm Gl\u00e4nzendes Schwarz - dev6 Erresse<\/title>\n<meta name=\"description\" content=\"Gro\u00dfz\u00fcgige Portionen f\u00fcr alle In dem Topf aus verglastem Gusseisen k\u00f6nnen Sie dank seiner hohen W\u00e4nde gro\u00dfz\u00fcgige Portionen zubereiten. Verwenden Sie ihn\" \/>\n<meta name=\"robots\" content=\"noindex, follow, max-snippet:-1, max-image-preview:large, max-video-preview:-1\" \/>\n<meta property=\"og:locale\" content=\"de_DE\" \/>\n<meta property=\"og:type\" content=\"article\" \/>\n<meta property=\"og:title\" content=\"LE CREUSET Runde Tiefe Gusseisen Cocotte 26 cm Gl\u00e4nzendes Schwarz - dev6 Erresse\" \/>\n<meta property=\"og:description\" content=\"Gro\u00dfz\u00fcgige Portionen f\u00fcr alle In dem Topf aus verglastem Gusseisen k\u00f6nnen Sie dank seiner hohen W\u00e4nde gro\u00dfz\u00fcgige Portionen zubereiten. Verwenden Sie ihn\" \/>\n<meta property=\"og:url\" content=\"https:\/\/dev6.erresse-shop.it\/de\/shop\/toepfe-pfannen\/schalldaempfer-und-kokotten\/le-creuset-runde-tiefe-gusseisen-cocotte-26-cm-glaenzendes-schwarz\/\" \/>\n<meta property=\"og:site_name\" content=\"dev6 Erresse\" \/>\n<meta property=\"og:image\" content=\"https:\/\/interpim.erresse-shop.it\/Import\/Prodotti\/le-creuset-cocotte-profonda-26-nero-lucido.webp\" \/><meta property=\"og:image\" content=\"https:\/\/interpim.erresse-shop.it\/Import\/Prodotti\/le-creuset-cocotte-profonda-26-nero-lucido.webp\" \/>\n\t<meta property=\"og:image:width\" content=\"1024\" \/>\n\t<meta property=\"og:image:height\" content=\"1024\" \/>\n\t<meta property=\"og:image:type\" content=\"image\/jpeg\" \/>\n<meta name=\"twitter:card\" content=\"summary_large_image\" \/>\n<meta name=\"twitter:image\" content=\"https:\/\/interpim.erresse-shop.it\/Import\/Prodotti\/le-creuset-cocotte-profonda-26-nero-lucido.webp\" \/>\n<script type=\"application\/ld+json\" class=\"yoast-schema-graph\">{\"@context\":\"https:\/\/schema.org\",\"@graph\":[{\"@type\":\"WebPage\",\"@id\":\"https:\/\/dev6.erresse-shop.it\/de\/shop\/toepfe-pfannen\/schalldaempfer-und-kokotten\/le-creuset-runde-tiefe-gusseisen-cocotte-26-cm-glaenzendes-schwarz\/\",\"url\":\"https:\/\/dev6.erresse-shop.it\/de\/shop\/toepfe-pfannen\/schalldaempfer-und-kokotten\/le-creuset-runde-tiefe-gusseisen-cocotte-26-cm-glaenzendes-schwarz\/\",\"name\":\"LE CREUSET Runde Tiefe Gusseisen Cocotte 26 cm Gl\u00e4nzendes Schwarz - dev6 Erresse\",\"isPartOf\":{\"@id\":\"https:\/\/dev6.erresse-shop.it\/#website\"},\"primaryImageOfPage\":{\"@id\":\"https:\/\/dev6.erresse-shop.it\/de\/shop\/toepfe-pfannen\/schalldaempfer-und-kokotten\/le-creuset-runde-tiefe-gusseisen-cocotte-26-cm-glaenzendes-schwarz\/#primaryimage\"},\"image\":{\"@id\":\"https:\/\/dev6.erresse-shop.it\/de\/shop\/toepfe-pfannen\/schalldaempfer-und-kokotten\/le-creuset-runde-tiefe-gusseisen-cocotte-26-cm-glaenzendes-schwarz\/#primaryimage\"},\"thumbnailUrl\":\"https:\/\/i1.wp.com\/interpim.erresse-shop.it\/Import\/Prodotti\/le-creuset-cocotte-profonda-26-nero-lucido.webp?ssl=1\",\"datePublished\":\"2026-04-04T07:16:13+00:00\",\"description\":\"Gro\u00dfz\u00fcgige Portionen f\u00fcr alle In dem Topf aus verglastem Gusseisen k\u00f6nnen Sie dank seiner hohen W\u00e4nde gro\u00dfz\u00fcgige Portionen zubereiten. Verwenden Sie ihn\",\"breadcrumb\":{\"@id\":\"https:\/\/dev6.erresse-shop.it\/de\/shop\/toepfe-pfannen\/schalldaempfer-und-kokotten\/le-creuset-runde-tiefe-gusseisen-cocotte-26-cm-glaenzendes-schwarz\/#breadcrumb\"},\"inLanguage\":\"de\",\"potentialAction\":[{\"@type\":\"ReadAction\",\"target\":[\"https:\/\/dev6.erresse-shop.it\/de\/shop\/toepfe-pfannen\/schalldaempfer-und-kokotten\/le-creuset-runde-tiefe-gusseisen-cocotte-26-cm-glaenzendes-schwarz\/\"]}]},{\"@type\":\"ImageObject\",\"inLanguage\":\"de\",\"@id\":\"https:\/\/dev6.erresse-shop.it\/de\/shop\/toepfe-pfannen\/schalldaempfer-und-kokotten\/le-creuset-runde-tiefe-gusseisen-cocotte-26-cm-glaenzendes-schwarz\/#primaryimage\",\"url\":\"https:\/\/i1.wp.com\/interpim.erresse-shop.it\/Import\/Prodotti\/le-creuset-cocotte-profonda-26-nero-lucido.webp?ssl=1\",\"contentUrl\":\"https:\/\/i1.wp.com\/interpim.erresse-shop.it\/Import\/Prodotti\/le-creuset-cocotte-profonda-26-nero-lucido.webp?ssl=1\"},{\"@type\":\"BreadcrumbList\",\"@id\":\"https:\/\/dev6.erresse-shop.it\/de\/shop\/toepfe-pfannen\/schalldaempfer-und-kokotten\/le-creuset-runde-tiefe-gusseisen-cocotte-26-cm-glaenzendes-schwarz\/#breadcrumb\",\"itemListElement\":[{\"@type\":\"ListItem\",\"position\":1,\"name\":\"Home\",\"item\":\"https:\/\/dev6.erresse-shop.it\/\"},{\"@type\":\"ListItem\",\"position\":2,\"name\":\"Shop\",\"item\":\"https:\/\/dev6.erresse-shop.it\/shop\/\"},{\"@type\":\"ListItem\",\"position\":3,\"name\":\"LE CREUSET Runde Tiefe Gusseisen Cocotte 26 cm Gl\u00e4nzendes Schwarz\"}]},{\"@type\":\"WebSite\",\"@id\":\"https:\/\/dev6.erresse-shop.it\/#website\",\"url\":\"https:\/\/dev6.erresse-shop.it\/\",\"name\":\"Erresse Shop\",\"description\":\"\",\"publisher\":{\"@id\":\"https:\/\/dev6.erresse-shop.it\/#organization\"},\"potentialAction\":[{\"@type\":\"SearchAction\",\"target\":{\"@type\":\"EntryPoint\",\"urlTemplate\":\"https:\/\/dev6.erresse-shop.it\/?s={search_term_string}\"},\"query-input\":{\"@type\":\"PropertyValueSpecification\",\"valueRequired\":true,\"valueName\":\"search_term_string\"}}],\"inLanguage\":\"de\"},{\"@type\":\"Organization\",\"@id\":\"https:\/\/dev6.erresse-shop.it\/#organization\",\"name\":\"Erresse Shop\",\"url\":\"https:\/\/dev6.erresse-shop.it\/\",\"logo\":{\"@type\":\"ImageObject\",\"inLanguage\":\"de\",\"@id\":\"https:\/\/dev6.erresse-shop.it\/#\/schema\/logo\/image\/\",\"url\":\"https:\/\/dev6.erresse-shop.it\/wp-content\/uploads\/2025\/01\/LOGO-ERRESSE-CLASSICO.svg\",\"contentUrl\":\"https:\/\/dev6.erresse-shop.it\/wp-content\/uploads\/2025\/01\/LOGO-ERRESSE-CLASSICO.svg\",\"caption\":\"Erresse Shop\"},\"image\":{\"@id\":\"https:\/\/dev6.erresse-shop.it\/#\/schema\/logo\/image\/\"}}]}<\/script>\n<!-- \/ Yoast SEO plugin. -->","yoast_head_json":{"title":"LE CREUSET Runde Tiefe Gusseisen Cocotte 26 cm Gl\u00e4nzendes Schwarz - dev6 Erresse","description":"Gro\u00dfz\u00fcgige Portionen f\u00fcr alle In dem Topf aus verglastem Gusseisen k\u00f6nnen Sie dank seiner hohen W\u00e4nde gro\u00dfz\u00fcgige Portionen zubereiten. Verwenden Sie ihn","robots":{"index":"noindex","follow":"follow","max-snippet":"max-snippet:-1","max-image-preview":"max-image-preview:large","max-video-preview":"max-video-preview:-1"},"og_locale":"de_DE","og_type":"article","og_title":"LE CREUSET Runde Tiefe Gusseisen Cocotte 26 cm Gl\u00e4nzendes Schwarz - dev6 Erresse","og_description":"Gro\u00dfz\u00fcgige Portionen f\u00fcr alle In dem Topf aus verglastem Gusseisen k\u00f6nnen Sie dank seiner hohen W\u00e4nde gro\u00dfz\u00fcgige Portionen zubereiten. Verwenden Sie ihn","og_url":"https:\/\/dev6.erresse-shop.it\/de\/shop\/toepfe-pfannen\/schalldaempfer-und-kokotten\/le-creuset-runde-tiefe-gusseisen-cocotte-26-cm-glaenzendes-schwarz\/","og_site_name":"dev6 Erresse","og_image":[{"url":"https:\/\/interpim.erresse-shop.it\/Import\/Prodotti\/le-creuset-cocotte-profonda-26-nero-lucido.webp","type":"","width":"","height":""},{"url":"https:\/\/interpim.erresse-shop.it\/Import\/Prodotti\/le-creuset-cocotte-profonda-26-nero-lucido.webp","width":1024,"height":1024,"type":"image\/jpeg"}],"twitter_card":"summary_large_image","twitter_image":"https:\/\/interpim.erresse-shop.it\/Import\/Prodotti\/le-creuset-cocotte-profonda-26-nero-lucido.webp","schema":{"@context":"https:\/\/schema.org","@graph":[{"@type":"WebPage","@id":"https:\/\/dev6.erresse-shop.it\/de\/shop\/toepfe-pfannen\/schalldaempfer-und-kokotten\/le-creuset-runde-tiefe-gusseisen-cocotte-26-cm-glaenzendes-schwarz\/","url":"https:\/\/dev6.erresse-shop.it\/de\/shop\/toepfe-pfannen\/schalldaempfer-und-kokotten\/le-creuset-runde-tiefe-gusseisen-cocotte-26-cm-glaenzendes-schwarz\/","name":"LE CREUSET Runde Tiefe Gusseisen Cocotte 26 cm Gl\u00e4nzendes Schwarz - dev6 Erresse","isPartOf":{"@id":"https:\/\/dev6.erresse-shop.it\/#website"},"primaryImageOfPage":{"@id":"https:\/\/dev6.erresse-shop.it\/de\/shop\/toepfe-pfannen\/schalldaempfer-und-kokotten\/le-creuset-runde-tiefe-gusseisen-cocotte-26-cm-glaenzendes-schwarz\/#primaryimage"},"image":{"@id":"https:\/\/dev6.erresse-shop.it\/de\/shop\/toepfe-pfannen\/schalldaempfer-und-kokotten\/le-creuset-runde-tiefe-gusseisen-cocotte-26-cm-glaenzendes-schwarz\/#primaryimage"},"thumbnailUrl":"https:\/\/i1.wp.com\/interpim.erresse-shop.it\/Import\/Prodotti\/le-creuset-cocotte-profonda-26-nero-lucido.webp?ssl=1","datePublished":"2026-04-04T07:16:13+00:00","description":"Gro\u00dfz\u00fcgige Portionen f\u00fcr alle In dem Topf aus verglastem Gusseisen k\u00f6nnen Sie dank seiner hohen W\u00e4nde gro\u00dfz\u00fcgige Portionen zubereiten. Verwenden Sie ihn","breadcrumb":{"@id":"https:\/\/dev6.erresse-shop.it\/de\/shop\/toepfe-pfannen\/schalldaempfer-und-kokotten\/le-creuset-runde-tiefe-gusseisen-cocotte-26-cm-glaenzendes-schwarz\/#breadcrumb"},"inLanguage":"de","potentialAction":[{"@type":"ReadAction","target":["https:\/\/dev6.erresse-shop.it\/de\/shop\/toepfe-pfannen\/schalldaempfer-und-kokotten\/le-creuset-runde-tiefe-gusseisen-cocotte-26-cm-glaenzendes-schwarz\/"]}]},{"@type":"ImageObject","inLanguage":"de","@id":"https:\/\/dev6.erresse-shop.it\/de\/shop\/toepfe-pfannen\/schalldaempfer-und-kokotten\/le-creuset-runde-tiefe-gusseisen-cocotte-26-cm-glaenzendes-schwarz\/#primaryimage","url":"https:\/\/i1.wp.com\/interpim.erresse-shop.it\/Import\/Prodotti\/le-creuset-cocotte-profonda-26-nero-lucido.webp?ssl=1","contentUrl":"https:\/\/i1.wp.com\/interpim.erresse-shop.it\/Import\/Prodotti\/le-creuset-cocotte-profonda-26-nero-lucido.webp?ssl=1"},{"@type":"BreadcrumbList","@id":"https:\/\/dev6.erresse-shop.it\/de\/shop\/toepfe-pfannen\/schalldaempfer-und-kokotten\/le-creuset-runde-tiefe-gusseisen-cocotte-26-cm-glaenzendes-schwarz\/#breadcrumb","itemListElement":[{"@type":"ListItem","position":1,"name":"Home","item":"https:\/\/dev6.erresse-shop.it\/"},{"@type":"ListItem","position":2,"name":"Shop","item":"https:\/\/dev6.erresse-shop.it\/shop\/"},{"@type":"ListItem","position":3,"name":"LE CREUSET Runde Tiefe Gusseisen Cocotte 26 cm Gl\u00e4nzendes Schwarz"}]},{"@type":"WebSite","@id":"https:\/\/dev6.erresse-shop.it\/#website","url":"https:\/\/dev6.erresse-shop.it\/","name":"Erresse Shop","description":"","publisher":{"@id":"https:\/\/dev6.erresse-shop.it\/#organization"},"potentialAction":[{"@type":"SearchAction","target":{"@type":"EntryPoint","urlTemplate":"https:\/\/dev6.erresse-shop.it\/?s={search_term_string}"},"query-input":{"@type":"PropertyValueSpecification","valueRequired":true,"valueName":"search_term_string"}}],"inLanguage":"de"},{"@type":"Organization","@id":"https:\/\/dev6.erresse-shop.it\/#organization","name":"Erresse Shop","url":"https:\/\/dev6.erresse-shop.it\/","logo":{"@type":"ImageObject","inLanguage":"de","@id":"https:\/\/dev6.erresse-shop.it\/#\/schema\/logo\/image\/","url":"https:\/\/dev6.erresse-shop.it\/wp-content\/uploads\/2025\/01\/LOGO-ERRESSE-CLASSICO.svg","contentUrl":"https:\/\/dev6.erresse-shop.it\/wp-content\/uploads\/2025\/01\/LOGO-ERRESSE-CLASSICO.svg","caption":"Erresse Shop"},"image":{"@id":"https:\/\/dev6.erresse-shop.it\/#\/schema\/logo\/image\/"}}]}},"df_price":279.95,"df_sale_price":279.95,"df_regular_price":395,"df_image_link":"https:\/\/i1.wp.com\/interpim.erresse-shop.it\/Import\/Prodotti\/le-creuset-cocotte-profonda-26-nero-lucido.webp?resize=300,300&ssl=1","fifu_image_url":"https:\/\/interpim.erresse-shop.it\/Import\/Prodotti\/le-creuset-cocotte-profonda-26-nero-lucido.webp","_links":{"self":[{"href":"https:\/\/dev6.erresse-shop.it\/de\/wp-json\/wp\/v2\/product\/51765","targetHints":{"allow":["GET"]}}],"collection":[{"href":"https:\/\/dev6.erresse-shop.it\/de\/wp-json\/wp\/v2\/product"}],"about":[{"href":"https:\/\/dev6.erresse-shop.it\/de\/wp-json\/wp\/v2\/types\/product"}],"wp:featuredmedia":[{"embeddable":true,"href":"https:\/\/dev6.erresse-shop.it\/de\/wp-json\/wp\/v2\/media\/6275797"}],"wp:attachment":[{"href":"https:\/\/dev6.erresse-shop.it\/de\/wp-json\/wp\/v2\/media?parent=51765"}],"wp:term":[{"taxonomy":"product_cat","embeddable":true,"href":"https:\/\/dev6.erresse-shop.it\/de\/wp-json\/wp\/v2\/product_cat?post=51765"},{"taxonomy":"product_tag","embeddable":true,"href":"https:\/\/dev6.erresse-shop.it\/de\/wp-json\/wp\/v2\/product_tag?post=51765"}],"curies":[{"name":"wp","href":"https:\/\/api.w.org\/{rel}","templated":true}]}}