{"id":51751,"date":"2026-04-12T13:00:11","date_gmt":"2026-04-12T11:00:11","guid":{"rendered":"https:\/\/dev6.erresse-shop.it\/shop\/unkategorisiert\/coravin-timeless-eleven-schwarz\/"},"modified":"2025-09-14T02:58:05","modified_gmt":"2025-09-14T00:58:05","slug":"coravin-timeless-eleven-schwarz","status":"publish","type":"product","link":"https:\/\/dev6.erresse-shop.it\/de\/shop\/tisch\/weinbar-korkenzieher-dekanter-eiskubel\/beluefter\/coravin-timeless-eleven-schwarz\/","title":{"rendered":"CORAVIN Timeless Eleven Schwarz"},"content":{"rendered":"<p>Timeless Eleven ist das erste automatische und vernetzte Weinlagersystem. Verbinden Sie sich mit der Coravin Moments App, um weitere Funktionen wie individuelle Ausgie\u00dfgeschwindigkeiten, Systemstatus\u00fcberpr\u00fcfungen und Erinnerungen an den Kapselwechsel zu erhalten. Der Timeless Eleven ist das Ergebnis der neuesten Entwicklungen auf dem Gebiet der Weintechnologie. Das Set enth\u00e4lt wichtige Zubeh\u00f6rteile, die f\u00fcr Sammler, Kenner und Technikexperten ideal sind.<\/p>\n<p>Was ist inbegriffen?<\/p>\n<p>Timeless Eleven Weinkonservierungssystem<br \/>\nDas Timeless Eleven Weinkonservierungssystem verf\u00fcgt \u00fcber eine automatische Tip-to-Pour-Aktivierung, Bluetooth-Verbindung und einen interaktiven LED-Bildschirm.<br \/>\nCoravin Pure\u2122 Argon-Kapseln<br \/>\nCoravin Pure\u2122-Kapseln enthalten reines Argongas und werden so hergestellt und gepr\u00fcft, dass sie ein H\u00f6chstma\u00df an Konservierung gew\u00e4hrleisten, ohne den Geschmack des Weins zu beeintr\u00e4chtigen.<br \/>\nZeitloser Bel\u00fcfter<br \/>\nDer Coravin-Bel\u00fcfter erzeugt w\u00e4hrend des Einschenkens kleine Weinstrahlen, die den Wein schnell bel\u00fcften und das gleiche Ergebnis wie bei einem 60-90-min\u00fctigen Dekantieren erzielen.<br \/>\nSchraubverschl\u00fcsse<br \/>\nDer Coravin-Schraubverschluss kann auf jede Flasche mit Schraubverschluss aufgesetzt und mit allen Coravin-Nadeln verwendet werden. Das selbstdichtende Silikon sch\u00fctzt den Wein bis zu drei Monate lang.<br \/>\nZeitlose Tragetasche<br \/>\nDer Coravin-Koffer verf\u00fcgt \u00fcber zwei Innentaschen zur Aufbewahrung der Coravin Pure\u2122-Kapseln oder des Coravin-Aerators.<br \/>\nWaschmittel<br \/>\nWenn die Timeless Eleven-Nadel verstopft ist, verwenden Sie dieses speziell entwickelte Werkzeug, um Korkpartikel zu entfernen.<br \/>\nFlaschendeckel<br \/>\nBesch\u00e4digte oder defekte Weinflaschen k\u00f6nnen unter dem Druck zerbrechen. Die Verwendung des Coravin-Flaschendeckels tr\u00e4gt dazu bei, die Verletzungsgefahr durch Glasbruch zu verringern.<\/p>\n<p>Eine neue Art, Wein auszuschenken<\/p>\n<p>einf\u00fcgen.<br \/>\nRichten Sie die SmartClamps\u2122 am Flaschenhals aus und dr\u00fccken Sie mit einer gleichm\u00e4\u00dfigen Bewegung fest auf den Griff.<\/p>\n<p>Kippen und gie\u00dfen<br \/>\nKippen Sie die Flasche, bis die T\u00fclle auf dem Glas liegt. Der Wein flie\u00dft dann automatisch aus.<\/p>\n<p>Verfolgung der Nutzung des Systems<br \/>\nLaden Sie die Coravin Moments App herunter und verbinden Sie Ihr Model Eleven System drahtlos, um Eins\u00e4tze, Gasverbrauch und mehr zu verfolgen.<\/p>\n<p>Automatisches Ausgie\u00dfen<br \/>\nSchenken Sie wie gewohnt ein, indem Sie das System und die Flasche einfach auf das Glas kippen. Das System gie\u00dft den Wein automatisch aus dem Auslauf ein.<\/p>\n<p>Einzelheiten zum Produkt<\/p>\n<p>Automatisches Ausgie\u00dfen<br \/>\nStecken Sie die Nadel in den Korken und kippen Sie die Flasche. Der Wein flie\u00dft automatisch aus.<br \/>\nLED-Farbanzeige<br \/>\nIntuitive Symbole zeigen Ihnen an, wann es Zeit ist, das System zu laden und wann Sie mit der Coravin Moments App verbunden sind.<\/p>\n<p>Coravin Moments-Anwendung<\/p>\n<p>Verbinden Sie sich mit der Coravin Moments App, um Gasstand, Batterieladung, Ausgie\u00dfgeschwindigkeit und mehr zu verwalten.<\/p>\n<p>\u00a0<\/p>\n","protected":false},"excerpt":{"rendered":"<p>Timeless Eleven ist das erste automatische und vernetzte Weinlagersystem. Verbinden Sie sich mit der Coravin Moments App, um weitere Funktionen wie individuelle Ausgie\u00dfgeschwindigkeiten, Systemstatus\u00fcberpr\u00fcfungen und Erinnerungen an den Kapselwechsel zu erhalten. Der Timeless Eleven ist das Ergebnis der neuesten Entwicklungen auf dem Gebiet der Weintechnologie. Das Set enth\u00e4lt wichtige Zubeh\u00f6rteile, die f\u00fcr Sammler, Kenner und [&hellip;]<\/p>\n","protected":false},"featured_media":6375656,"template":"","meta":{"_acf_changed":false},"product_cat":[12180,12103,12177],"product_tag":[],"class_list":{"0":"post-51751","1":"product","2":"type-product","3":"status-publish","4":"has-post-thumbnail","6":"product_cat-beluefter","7":"product_cat-tisch","8":"product_cat-weinbar-korkenzieher-dekanter-eiskubel","10":"first","11":"outofstock","12":"sale","13":"taxable","14":"shipping-taxable","15":"purchasable","16":"product-type-simple","swatches":"rey-swatches","show_selected":"","stretch_labels":"rey-swatches--stretch-labels"},"acf":[],"yoast_head":"<!-- This site is optimized with the Yoast SEO plugin v25.4 - https:\/\/yoast.com\/wordpress\/plugins\/seo\/ -->\n<title>CORAVIN Timeless Eleven Schwarz - dev6 Erresse<\/title>\n<meta name=\"description\" content=\"Timeless Eleven ist das erste automatische und vernetzte Weinlagersystem. Verbinden Sie sich mit der Coravin Moments App, um weitere Funktionen wie\" \/>\n<meta name=\"robots\" content=\"noindex, follow, max-snippet:-1, max-image-preview:large, max-video-preview:-1\" \/>\n<meta property=\"og:locale\" content=\"de_DE\" \/>\n<meta property=\"og:type\" content=\"article\" \/>\n<meta property=\"og:title\" content=\"CORAVIN Timeless Eleven Schwarz - dev6 Erresse\" \/>\n<meta property=\"og:description\" content=\"Timeless Eleven ist das erste automatische und vernetzte Weinlagersystem. Verbinden Sie sich mit der Coravin Moments App, um weitere Funktionen wie\" \/>\n<meta property=\"og:url\" content=\"https:\/\/dev6.erresse-shop.it\/de\/shop\/tisch\/weinbar-korkenzieher-dekanter-eiskubel\/beluefter\/coravin-timeless-eleven-schwarz\/\" \/>\n<meta property=\"og:site_name\" content=\"dev6 Erresse\" \/>\n<meta property=\"og:image\" content=\"https:\/\/interpim.erresse-shop.it\/Import\/Prodotti\/img_model-eleven_wine-collectors-pack.jpeg\" \/><meta property=\"og:image\" content=\"https:\/\/interpim.erresse-shop.it\/Import\/Prodotti\/img_model-eleven_wine-collectors-pack.jpeg\" \/>\n\t<meta property=\"og:image:width\" content=\"1024\" \/>\n\t<meta property=\"og:image:height\" content=\"1024\" \/>\n\t<meta property=\"og:image:type\" content=\"image\/jpeg\" \/>\n<meta name=\"twitter:card\" content=\"summary_large_image\" \/>\n<meta name=\"twitter:image\" content=\"https:\/\/interpim.erresse-shop.it\/Import\/Prodotti\/img_model-eleven_wine-collectors-pack.jpeg\" \/>\n<script type=\"application\/ld+json\" class=\"yoast-schema-graph\">{\"@context\":\"https:\/\/schema.org\",\"@graph\":[{\"@type\":\"WebPage\",\"@id\":\"https:\/\/dev6.erresse-shop.it\/de\/shop\/tisch\/weinbar-korkenzieher-dekanter-eiskubel\/beluefter\/coravin-timeless-eleven-schwarz\/\",\"url\":\"https:\/\/dev6.erresse-shop.it\/de\/shop\/tisch\/weinbar-korkenzieher-dekanter-eiskubel\/beluefter\/coravin-timeless-eleven-schwarz\/\",\"name\":\"CORAVIN Timeless Eleven Schwarz - dev6 Erresse\",\"isPartOf\":{\"@id\":\"https:\/\/dev6.erresse-shop.it\/#website\"},\"primaryImageOfPage\":{\"@id\":\"https:\/\/dev6.erresse-shop.it\/de\/shop\/tisch\/weinbar-korkenzieher-dekanter-eiskubel\/beluefter\/coravin-timeless-eleven-schwarz\/#primaryimage\"},\"image\":{\"@id\":\"https:\/\/dev6.erresse-shop.it\/de\/shop\/tisch\/weinbar-korkenzieher-dekanter-eiskubel\/beluefter\/coravin-timeless-eleven-schwarz\/#primaryimage\"},\"thumbnailUrl\":\"https:\/\/i1.wp.com\/interpim.erresse-shop.it\/Import\/Prodotti\/img_model-eleven_wine-collectors-pack.jpeg?ssl=1\",\"datePublished\":\"2026-04-12T11:00:11+00:00\",\"description\":\"Timeless Eleven ist das erste automatische und vernetzte Weinlagersystem. Verbinden Sie sich mit der Coravin Moments App, um weitere Funktionen wie\",\"breadcrumb\":{\"@id\":\"https:\/\/dev6.erresse-shop.it\/de\/shop\/tisch\/weinbar-korkenzieher-dekanter-eiskubel\/beluefter\/coravin-timeless-eleven-schwarz\/#breadcrumb\"},\"inLanguage\":\"de\",\"potentialAction\":[{\"@type\":\"ReadAction\",\"target\":[\"https:\/\/dev6.erresse-shop.it\/de\/shop\/tisch\/weinbar-korkenzieher-dekanter-eiskubel\/beluefter\/coravin-timeless-eleven-schwarz\/\"]}]},{\"@type\":\"ImageObject\",\"inLanguage\":\"de\",\"@id\":\"https:\/\/dev6.erresse-shop.it\/de\/shop\/tisch\/weinbar-korkenzieher-dekanter-eiskubel\/beluefter\/coravin-timeless-eleven-schwarz\/#primaryimage\",\"url\":\"https:\/\/i1.wp.com\/interpim.erresse-shop.it\/Import\/Prodotti\/img_model-eleven_wine-collectors-pack.jpeg?ssl=1\",\"contentUrl\":\"https:\/\/i1.wp.com\/interpim.erresse-shop.it\/Import\/Prodotti\/img_model-eleven_wine-collectors-pack.jpeg?ssl=1\"},{\"@type\":\"BreadcrumbList\",\"@id\":\"https:\/\/dev6.erresse-shop.it\/de\/shop\/tisch\/weinbar-korkenzieher-dekanter-eiskubel\/beluefter\/coravin-timeless-eleven-schwarz\/#breadcrumb\",\"itemListElement\":[{\"@type\":\"ListItem\",\"position\":1,\"name\":\"Home\",\"item\":\"https:\/\/dev6.erresse-shop.it\/\"},{\"@type\":\"ListItem\",\"position\":2,\"name\":\"Shop\",\"item\":\"https:\/\/dev6.erresse-shop.it\/shop\/\"},{\"@type\":\"ListItem\",\"position\":3,\"name\":\"CORAVIN Timeless Eleven Schwarz\"}]},{\"@type\":\"WebSite\",\"@id\":\"https:\/\/dev6.erresse-shop.it\/#website\",\"url\":\"https:\/\/dev6.erresse-shop.it\/\",\"name\":\"Erresse Shop\",\"description\":\"\",\"publisher\":{\"@id\":\"https:\/\/dev6.erresse-shop.it\/#organization\"},\"potentialAction\":[{\"@type\":\"SearchAction\",\"target\":{\"@type\":\"EntryPoint\",\"urlTemplate\":\"https:\/\/dev6.erresse-shop.it\/?s={search_term_string}\"},\"query-input\":{\"@type\":\"PropertyValueSpecification\",\"valueRequired\":true,\"valueName\":\"search_term_string\"}}],\"inLanguage\":\"de\"},{\"@type\":\"Organization\",\"@id\":\"https:\/\/dev6.erresse-shop.it\/#organization\",\"name\":\"Erresse Shop\",\"url\":\"https:\/\/dev6.erresse-shop.it\/\",\"logo\":{\"@type\":\"ImageObject\",\"inLanguage\":\"de\",\"@id\":\"https:\/\/dev6.erresse-shop.it\/#\/schema\/logo\/image\/\",\"url\":\"https:\/\/dev6.erresse-shop.it\/wp-content\/uploads\/2025\/01\/LOGO-ERRESSE-CLASSICO.svg\",\"contentUrl\":\"https:\/\/dev6.erresse-shop.it\/wp-content\/uploads\/2025\/01\/LOGO-ERRESSE-CLASSICO.svg\",\"caption\":\"Erresse Shop\"},\"image\":{\"@id\":\"https:\/\/dev6.erresse-shop.it\/#\/schema\/logo\/image\/\"}}]}<\/script>\n<!-- \/ Yoast SEO plugin. -->","yoast_head_json":{"title":"CORAVIN Timeless Eleven Schwarz - dev6 Erresse","description":"Timeless Eleven ist das erste automatische und vernetzte Weinlagersystem. Verbinden Sie sich mit der Coravin Moments App, um weitere Funktionen wie","robots":{"index":"noindex","follow":"follow","max-snippet":"max-snippet:-1","max-image-preview":"max-image-preview:large","max-video-preview":"max-video-preview:-1"},"og_locale":"de_DE","og_type":"article","og_title":"CORAVIN Timeless Eleven Schwarz - dev6 Erresse","og_description":"Timeless Eleven ist das erste automatische und vernetzte Weinlagersystem. Verbinden Sie sich mit der Coravin Moments App, um weitere Funktionen wie","og_url":"https:\/\/dev6.erresse-shop.it\/de\/shop\/tisch\/weinbar-korkenzieher-dekanter-eiskubel\/beluefter\/coravin-timeless-eleven-schwarz\/","og_site_name":"dev6 Erresse","og_image":[{"url":"https:\/\/interpim.erresse-shop.it\/Import\/Prodotti\/img_model-eleven_wine-collectors-pack.jpeg","type":"","width":"","height":""},{"url":"https:\/\/interpim.erresse-shop.it\/Import\/Prodotti\/img_model-eleven_wine-collectors-pack.jpeg","width":1024,"height":1024,"type":"image\/jpeg"}],"twitter_card":"summary_large_image","twitter_image":"https:\/\/interpim.erresse-shop.it\/Import\/Prodotti\/img_model-eleven_wine-collectors-pack.jpeg","schema":{"@context":"https:\/\/schema.org","@graph":[{"@type":"WebPage","@id":"https:\/\/dev6.erresse-shop.it\/de\/shop\/tisch\/weinbar-korkenzieher-dekanter-eiskubel\/beluefter\/coravin-timeless-eleven-schwarz\/","url":"https:\/\/dev6.erresse-shop.it\/de\/shop\/tisch\/weinbar-korkenzieher-dekanter-eiskubel\/beluefter\/coravin-timeless-eleven-schwarz\/","name":"CORAVIN Timeless Eleven Schwarz - dev6 Erresse","isPartOf":{"@id":"https:\/\/dev6.erresse-shop.it\/#website"},"primaryImageOfPage":{"@id":"https:\/\/dev6.erresse-shop.it\/de\/shop\/tisch\/weinbar-korkenzieher-dekanter-eiskubel\/beluefter\/coravin-timeless-eleven-schwarz\/#primaryimage"},"image":{"@id":"https:\/\/dev6.erresse-shop.it\/de\/shop\/tisch\/weinbar-korkenzieher-dekanter-eiskubel\/beluefter\/coravin-timeless-eleven-schwarz\/#primaryimage"},"thumbnailUrl":"https:\/\/i1.wp.com\/interpim.erresse-shop.it\/Import\/Prodotti\/img_model-eleven_wine-collectors-pack.jpeg?ssl=1","datePublished":"2026-04-12T11:00:11+00:00","description":"Timeless Eleven ist das erste automatische und vernetzte Weinlagersystem. Verbinden Sie sich mit der Coravin Moments App, um weitere Funktionen wie","breadcrumb":{"@id":"https:\/\/dev6.erresse-shop.it\/de\/shop\/tisch\/weinbar-korkenzieher-dekanter-eiskubel\/beluefter\/coravin-timeless-eleven-schwarz\/#breadcrumb"},"inLanguage":"de","potentialAction":[{"@type":"ReadAction","target":["https:\/\/dev6.erresse-shop.it\/de\/shop\/tisch\/weinbar-korkenzieher-dekanter-eiskubel\/beluefter\/coravin-timeless-eleven-schwarz\/"]}]},{"@type":"ImageObject","inLanguage":"de","@id":"https:\/\/dev6.erresse-shop.it\/de\/shop\/tisch\/weinbar-korkenzieher-dekanter-eiskubel\/beluefter\/coravin-timeless-eleven-schwarz\/#primaryimage","url":"https:\/\/i1.wp.com\/interpim.erresse-shop.it\/Import\/Prodotti\/img_model-eleven_wine-collectors-pack.jpeg?ssl=1","contentUrl":"https:\/\/i1.wp.com\/interpim.erresse-shop.it\/Import\/Prodotti\/img_model-eleven_wine-collectors-pack.jpeg?ssl=1"},{"@type":"BreadcrumbList","@id":"https:\/\/dev6.erresse-shop.it\/de\/shop\/tisch\/weinbar-korkenzieher-dekanter-eiskubel\/beluefter\/coravin-timeless-eleven-schwarz\/#breadcrumb","itemListElement":[{"@type":"ListItem","position":1,"name":"Home","item":"https:\/\/dev6.erresse-shop.it\/"},{"@type":"ListItem","position":2,"name":"Shop","item":"https:\/\/dev6.erresse-shop.it\/shop\/"},{"@type":"ListItem","position":3,"name":"CORAVIN Timeless Eleven Schwarz"}]},{"@type":"WebSite","@id":"https:\/\/dev6.erresse-shop.it\/#website","url":"https:\/\/dev6.erresse-shop.it\/","name":"Erresse Shop","description":"","publisher":{"@id":"https:\/\/dev6.erresse-shop.it\/#organization"},"potentialAction":[{"@type":"SearchAction","target":{"@type":"EntryPoint","urlTemplate":"https:\/\/dev6.erresse-shop.it\/?s={search_term_string}"},"query-input":{"@type":"PropertyValueSpecification","valueRequired":true,"valueName":"search_term_string"}}],"inLanguage":"de"},{"@type":"Organization","@id":"https:\/\/dev6.erresse-shop.it\/#organization","name":"Erresse Shop","url":"https:\/\/dev6.erresse-shop.it\/","logo":{"@type":"ImageObject","inLanguage":"de","@id":"https:\/\/dev6.erresse-shop.it\/#\/schema\/logo\/image\/","url":"https:\/\/dev6.erresse-shop.it\/wp-content\/uploads\/2025\/01\/LOGO-ERRESSE-CLASSICO.svg","contentUrl":"https:\/\/dev6.erresse-shop.it\/wp-content\/uploads\/2025\/01\/LOGO-ERRESSE-CLASSICO.svg","caption":"Erresse Shop"},"image":{"@id":"https:\/\/dev6.erresse-shop.it\/#\/schema\/logo\/image\/"}}]}},"df_price":529,"df_sale_price":529,"df_regular_price":599.9,"df_image_link":"https:\/\/i1.wp.com\/interpim.erresse-shop.it\/Import\/Prodotti\/img_model-eleven_wine-collectors-pack.jpeg?resize=300,300&ssl=1","fifu_image_url":"https:\/\/interpim.erresse-shop.it\/Import\/Prodotti\/img_model-eleven_wine-collectors-pack.jpeg","_links":{"self":[{"href":"https:\/\/dev6.erresse-shop.it\/de\/wp-json\/wp\/v2\/product\/51751","targetHints":{"allow":["GET"]}}],"collection":[{"href":"https:\/\/dev6.erresse-shop.it\/de\/wp-json\/wp\/v2\/product"}],"about":[{"href":"https:\/\/dev6.erresse-shop.it\/de\/wp-json\/wp\/v2\/types\/product"}],"wp:featuredmedia":[{"embeddable":true,"href":"https:\/\/dev6.erresse-shop.it\/de\/wp-json\/wp\/v2\/media\/6375656"}],"wp:attachment":[{"href":"https:\/\/dev6.erresse-shop.it\/de\/wp-json\/wp\/v2\/media?parent=51751"}],"wp:term":[{"taxonomy":"product_cat","embeddable":true,"href":"https:\/\/dev6.erresse-shop.it\/de\/wp-json\/wp\/v2\/product_cat?post=51751"},{"taxonomy":"product_tag","embeddable":true,"href":"https:\/\/dev6.erresse-shop.it\/de\/wp-json\/wp\/v2\/product_tag?post=51751"}],"curies":[{"name":"wp","href":"https:\/\/api.w.org\/{rel}","templated":true}]}}